{"id":37320,"date":"2025-09-16T16:27:29","date_gmt":"2025-09-16T15:27:29","guid":{"rendered":"https:\/\/www.haegergroup.com\/?post_type=product&#038;p=37320"},"modified":"2025-10-06T14:28:32","modified_gmt":"2025-10-06T13:28:32","slug":"fritadeira-eletrica-haeger-deep-go-3-litros","status":"publish","type":"product","link":"https:\/\/www.haegergroup.com\/pt-pt\/produto\/fritadeira-eletrica-haeger-deep-go-3-litros\/","title":{"rendered":"Fritadeira El\u00e9trica HAEGER Deep &#038; Go &#8211; 3 Litros"},"content":{"rendered":"<p><strong>Pot\u00eancia e precis\u00e3o para fritar como um chef<\/strong><br \/>\nCom 2000 W de pot\u00eancia e regulador de temperatura at\u00e9 190 \u00b0C, aquece rapidamente e mant\u00e9m o calor est\u00e1vel, garantindo frituras uniformes, desde batatas douradas a peixe ou frango estaladi\u00e7o.<\/p>\n<p><strong>Capacidade generosa de 3 litros<\/strong><br \/>\nPerfeita para preparar por\u00e7\u00f5es abundantes para toda a fam\u00edlia ou para receber amigos, sem necessidade de fritar em v\u00e1rias etapas.<\/p>\n<p><strong>Seguran\u00e7a sempre em primeiro lugar<\/strong><br \/>\nO sistema \u201cRESTART\u201d previne o sobreaquecimento, assegurando um uso seguro e fi\u00e1vel.<\/p>\n<p><strong>Constru\u00e7\u00e3o premium em a\u00e7o inoxid\u00e1vel<\/strong><br \/>\nTampa, corpo e cuba 100% em a\u00e7o inoxid\u00e1vel, para m\u00e1xima resist\u00eancia, durabilidade e um design moderno que combina com qualquer cozinha.<\/p>\n<p><strong>Limpeza f\u00e1cil e r\u00e1pida<\/strong><br \/>\nTodas as pe\u00e7as s\u00e3o remov\u00edveis, tampa, corpo e cuba s\u00e3o compat\u00edveis com m\u00e1quina de lavar loi\u00e7a, poupando tempo e esfor\u00e7o.<\/p>\n","protected":false},"excerpt":{"rendered":"<h2 class=\"fusion-responsive-typography-calculated\" data-fontsize=\"18\" data-lineheight=\"27px\">Fritadeira el\u00e9trica de 3 litros<br \/>\nModelo: DF-3SS.020A<\/h2>\n<ul>\n<li>Capacidade da cuba: 3 litros<\/li>\n<li>Sistema de seguran\u00e7a com bot\u00e3o reiniciar \u201cRESTART\u201d<\/li>\n<li>Tampa, corpo e cuba em a\u00e7o inoxid\u00e1vel<\/li>\n<li>Tampa, corpo e cuba totalmente lav\u00e1veis na m\u00e1quina de lavar loi\u00e7a<\/li>\n<li>Regula\u00e7\u00e3o de temperatura at\u00e9 190\u00b0C<\/li>\n<li>Pot\u00eancia: 2000 Watts<\/li>\n<\/ul>\n[fusion_button link=\"<a href=\"https:\/\/www.haegergroup.com\/pt-pt\/encontre-sua-loja\/\">https:\/\/www.haegergroup.com\/pt-pt\/encontre-sua-loja\/<\/a>\" text_transform=\"\" title=\"\" target=\"\" link_attributes=\"\" alignment=\"\" modal=\"\" hide_on_mobile=\"small-visibility,medium-visibility,large-visibility\" class=\"\" id=\"\" color=\"custom\" button_gradient_top_color=\"rgba(191,4,17,0)\" button_gradient_bottom_color=\"rgba(191,4,17,0)\" button_gradient_top_color_hover=\"#bf0411\" button_gradient_bottom_color_hover=\"#bf0411\" accent_color=\"#bf0411\" accent_hover_color=\"\" type=\"flat\" bevel_color=\"\" border_width=\"2\" size=\"medium\" stretch=\"default\" shape=\"pill\" icon=\"fa-angle-double-right fas\" icon_position=\"right\" icon_divider=\"no\" animation_type=\"\" animation_direction=\"left\" animation_speed=\"0.3\" animation_offset=\"\"]Onde Comprar[\/fusion_button]\n","protected":false},"featured_media":37345,"template":"","meta":[],"product_cat":[231,242],"product_tag":[],"class_list":{"0":"post-37320","1":"product","2":"type-product","3":"status-publish","4":"has-post-thumbnail","6":"product_cat-cozinha","7":"product_cat-fritadeiras","9":"first","10":"instock","11":"shipping-taxable","12":"product-type-simple"},"yoast_head":"<!-- This site is optimized with the Yoast SEO plugin v24.1 - https:\/\/yoast.com\/wordpress\/plugins\/seo\/ -->\n<title>Fritadeira El\u00e9trica HAEGER Deep &amp; Go - 3 Litros - HAEGER Home Appliances<\/title>\n<meta name=\"description\" content=\"Marca de Pequenos Eletrodom\u00e9sticos para a sua cozinha, cuidados pessoais, casa e climatiza\u00e7\u00e3o. A op\u00e7\u00e3o inteligente para a sua casa.\" \/>\n<meta name=\"robots\" content=\"index, follow, max-snippet:-1, max-image-preview:large, max-video-preview:-1\" \/>\n<link rel=\"canonical\" href=\"https:\/\/www.haegergroup.com\/pt-pt\/produto\/fritadeira-eletrica-haeger-deep-go-3-litros\/\" \/>\n<meta property=\"og:locale\" content=\"pt_PT\" \/>\n<meta property=\"og:type\" content=\"article\" \/>\n<meta property=\"og:title\" content=\"Fritadeira El\u00e9trica HAEGER Deep &amp; Go - 3 Litros - HAEGER Home Appliances\" \/>\n<meta property=\"og:description\" content=\"Marca de Pequenos Eletrodom\u00e9sticos para a sua cozinha, cuidados pessoais, casa e climatiza\u00e7\u00e3o. A op\u00e7\u00e3o inteligente para a sua casa.\" \/>\n<meta property=\"og:url\" content=\"https:\/\/www.haegergroup.com\/pt-pt\/produto\/fritadeira-eletrica-haeger-deep-go-3-litros\/\" \/>\n<meta property=\"og:site_name\" content=\"HAEGER Home Appliances\" \/>\n<meta property=\"article:modified_time\" content=\"2025-10-06T13:28:32+00:00\" \/>\n<meta property=\"og:image\" content=\"https:\/\/www.haegergroup.com\/wp-content\/uploads\/DF-3SS.020A_1-2.jpg\" \/>\n\t<meta property=\"og:image:width\" content=\"1200\" \/>\n\t<meta property=\"og:image:height\" content=\"1200\" \/>\n\t<meta property=\"og:image:type\" content=\"image\/jpeg\" \/>\n<meta name=\"twitter:card\" content=\"summary_large_image\" \/>\n<meta name=\"twitter:label1\" content=\"Tempo estimado de leitura\" \/>\n\t<meta name=\"twitter:data1\" content=\"1 minuto\" \/>\n<script type=\"application\/ld+json\" class=\"yoast-schema-graph\">{\"@context\":\"https:\/\/schema.org\",\"@graph\":[{\"@type\":\"WebPage\",\"@id\":\"https:\/\/www.haegergroup.com\/pt-pt\/produto\/fritadeira-eletrica-haeger-deep-go-3-litros\/\",\"url\":\"https:\/\/www.haegergroup.com\/pt-pt\/produto\/fritadeira-eletrica-haeger-deep-go-3-litros\/\",\"name\":\"Fritadeira El\u00e9trica HAEGER Deep & Go - 3 Litros - HAEGER Home Appliances\",\"isPartOf\":{\"@id\":\"https:\/\/www.haegergroup.com\/es\/#website\"},\"primaryImageOfPage\":{\"@id\":\"https:\/\/www.haegergroup.com\/pt-pt\/produto\/fritadeira-eletrica-haeger-deep-go-3-litros\/#primaryimage\"},\"image\":{\"@id\":\"https:\/\/www.haegergroup.com\/pt-pt\/produto\/fritadeira-eletrica-haeger-deep-go-3-litros\/#primaryimage\"},\"thumbnailUrl\":\"https:\/\/www.haegergroup.com\/wp-content\/uploads\/DF-3SS.020A_1-2.jpg\",\"datePublished\":\"2025-09-16T15:27:29+00:00\",\"dateModified\":\"2025-10-06T13:28:32+00:00\",\"description\":\"Marca de Pequenos Eletrodom\u00e9sticos para a sua cozinha, cuidados pessoais, casa e climatiza\u00e7\u00e3o. A op\u00e7\u00e3o inteligente para a sua casa.\",\"breadcrumb\":{\"@id\":\"https:\/\/www.haegergroup.com\/pt-pt\/produto\/fritadeira-eletrica-haeger-deep-go-3-litros\/#breadcrumb\"},\"inLanguage\":\"pt-PT\",\"potentialAction\":[{\"@type\":\"ReadAction\",\"target\":[\"https:\/\/www.haegergroup.com\/pt-pt\/produto\/fritadeira-eletrica-haeger-deep-go-3-litros\/\"]}]},{\"@type\":\"ImageObject\",\"inLanguage\":\"pt-PT\",\"@id\":\"https:\/\/www.haegergroup.com\/pt-pt\/produto\/fritadeira-eletrica-haeger-deep-go-3-litros\/#primaryimage\",\"url\":\"https:\/\/www.haegergroup.com\/wp-content\/uploads\/DF-3SS.020A_1-2.jpg\",\"contentUrl\":\"https:\/\/www.haegergroup.com\/wp-content\/uploads\/DF-3SS.020A_1-2.jpg\",\"width\":1200,\"height\":1200},{\"@type\":\"BreadcrumbList\",\"@id\":\"https:\/\/www.haegergroup.com\/pt-pt\/produto\/fritadeira-eletrica-haeger-deep-go-3-litros\/#breadcrumb\",\"itemListElement\":[{\"@type\":\"ListItem\",\"position\":1,\"name\":\"Portada\",\"item\":\"https:\/\/www.haegergroup.com\/pt-pt\/\"},{\"@type\":\"ListItem\",\"position\":2,\"name\":\"Productos\",\"item\":\"https:\/\/www.haegergroup.com\/es\/tienda\/\"},{\"@type\":\"ListItem\",\"position\":3,\"name\":\"Fritadeira El\u00e9trica HAEGER Deep &#038; Go &#8211; 3 Litros\"}]},{\"@type\":\"WebSite\",\"@id\":\"https:\/\/www.haegergroup.com\/es\/#website\",\"url\":\"https:\/\/www.haegergroup.com\/es\/\",\"name\":\"HAEGER Home Appliances\",\"description\":\"eletrodom\u00e9sticos\",\"publisher\":{\"@id\":\"https:\/\/www.haegergroup.com\/es\/#organization\"},\"potentialAction\":[{\"@type\":\"SearchAction\",\"target\":{\"@type\":\"EntryPoint\",\"urlTemplate\":\"https:\/\/www.haegergroup.com\/es\/?s={search_term_string}\"},\"query-input\":{\"@type\":\"PropertyValueSpecification\",\"valueRequired\":true,\"valueName\":\"search_term_string\"}}],\"inLanguage\":\"pt-PT\"},{\"@type\":\"Organization\",\"@id\":\"https:\/\/www.haegergroup.com\/es\/#organization\",\"name\":\"Haeger Electrodom\u00e9sticos\",\"url\":\"https:\/\/www.haegergroup.com\/es\/\",\"logo\":{\"@type\":\"ImageObject\",\"inLanguage\":\"pt-PT\",\"@id\":\"https:\/\/www.haegergroup.com\/es\/#\/schema\/logo\/image\/\",\"url\":\"https:\/\/www.haegergroup.com\/wp-content\/uploads\/2018\/05\/logo-web-220.png\",\"contentUrl\":\"https:\/\/www.haegergroup.com\/wp-content\/uploads\/2018\/05\/logo-web-220.png\",\"width\":220,\"height\":49,\"caption\":\"Haeger Electrodom\u00e9sticos\"},\"image\":{\"@id\":\"https:\/\/www.haegergroup.com\/es\/#\/schema\/logo\/image\/\"}}]}<\/script>\n<!-- \/ Yoast SEO plugin. -->","yoast_head_json":{"title":"Fritadeira El\u00e9trica HAEGER Deep & Go - 3 Litros - HAEGER Home Appliances","description":"Marca de Pequenos Eletrodom\u00e9sticos para a sua cozinha, cuidados pessoais, casa e climatiza\u00e7\u00e3o. A op\u00e7\u00e3o inteligente para a sua casa.","robots":{"index":"index","follow":"follow","max-snippet":"max-snippet:-1","max-image-preview":"max-image-preview:large","max-video-preview":"max-video-preview:-1"},"canonical":"https:\/\/www.haegergroup.com\/pt-pt\/produto\/fritadeira-eletrica-haeger-deep-go-3-litros\/","og_locale":"pt_PT","og_type":"article","og_title":"Fritadeira El\u00e9trica HAEGER Deep & Go - 3 Litros - HAEGER Home Appliances","og_description":"Marca de Pequenos Eletrodom\u00e9sticos para a sua cozinha, cuidados pessoais, casa e climatiza\u00e7\u00e3o. A op\u00e7\u00e3o inteligente para a sua casa.","og_url":"https:\/\/www.haegergroup.com\/pt-pt\/produto\/fritadeira-eletrica-haeger-deep-go-3-litros\/","og_site_name":"HAEGER Home Appliances","article_modified_time":"2025-10-06T13:28:32+00:00","og_image":[{"width":1200,"height":1200,"url":"https:\/\/www.haegergroup.com\/wp-content\/uploads\/DF-3SS.020A_1-2.jpg","type":"image\/jpeg"}],"twitter_card":"summary_large_image","twitter_misc":{"Tempo estimado de leitura":"1 minuto"},"schema":{"@context":"https:\/\/schema.org","@graph":[{"@type":"WebPage","@id":"https:\/\/www.haegergroup.com\/pt-pt\/produto\/fritadeira-eletrica-haeger-deep-go-3-litros\/","url":"https:\/\/www.haegergroup.com\/pt-pt\/produto\/fritadeira-eletrica-haeger-deep-go-3-litros\/","name":"Fritadeira El\u00e9trica HAEGER Deep & Go - 3 Litros - HAEGER Home Appliances","isPartOf":{"@id":"https:\/\/www.haegergroup.com\/es\/#website"},"primaryImageOfPage":{"@id":"https:\/\/www.haegergroup.com\/pt-pt\/produto\/fritadeira-eletrica-haeger-deep-go-3-litros\/#primaryimage"},"image":{"@id":"https:\/\/www.haegergroup.com\/pt-pt\/produto\/fritadeira-eletrica-haeger-deep-go-3-litros\/#primaryimage"},"thumbnailUrl":"https:\/\/www.haegergroup.com\/wp-content\/uploads\/DF-3SS.020A_1-2.jpg","datePublished":"2025-09-16T15:27:29+00:00","dateModified":"2025-10-06T13:28:32+00:00","description":"Marca de Pequenos Eletrodom\u00e9sticos para a sua cozinha, cuidados pessoais, casa e climatiza\u00e7\u00e3o. A op\u00e7\u00e3o inteligente para a sua casa.","breadcrumb":{"@id":"https:\/\/www.haegergroup.com\/pt-pt\/produto\/fritadeira-eletrica-haeger-deep-go-3-litros\/#breadcrumb"},"inLanguage":"pt-PT","potentialAction":[{"@type":"ReadAction","target":["https:\/\/www.haegergroup.com\/pt-pt\/produto\/fritadeira-eletrica-haeger-deep-go-3-litros\/"]}]},{"@type":"ImageObject","inLanguage":"pt-PT","@id":"https:\/\/www.haegergroup.com\/pt-pt\/produto\/fritadeira-eletrica-haeger-deep-go-3-litros\/#primaryimage","url":"https:\/\/www.haegergroup.com\/wp-content\/uploads\/DF-3SS.020A_1-2.jpg","contentUrl":"https:\/\/www.haegergroup.com\/wp-content\/uploads\/DF-3SS.020A_1-2.jpg","width":1200,"height":1200},{"@type":"BreadcrumbList","@id":"https:\/\/www.haegergroup.com\/pt-pt\/produto\/fritadeira-eletrica-haeger-deep-go-3-litros\/#breadcrumb","itemListElement":[{"@type":"ListItem","position":1,"name":"Portada","item":"https:\/\/www.haegergroup.com\/pt-pt\/"},{"@type":"ListItem","position":2,"name":"Productos","item":"https:\/\/www.haegergroup.com\/es\/tienda\/"},{"@type":"ListItem","position":3,"name":"Fritadeira El\u00e9trica HAEGER Deep &#038; Go &#8211; 3 Litros"}]},{"@type":"WebSite","@id":"https:\/\/www.haegergroup.com\/es\/#website","url":"https:\/\/www.haegergroup.com\/es\/","name":"HAEGER Home Appliances","description":"eletrodom\u00e9sticos","publisher":{"@id":"https:\/\/www.haegergroup.com\/es\/#organization"},"potentialAction":[{"@type":"SearchAction","target":{"@type":"EntryPoint","urlTemplate":"https:\/\/www.haegergroup.com\/es\/?s={search_term_string}"},"query-input":{"@type":"PropertyValueSpecification","valueRequired":true,"valueName":"search_term_string"}}],"inLanguage":"pt-PT"},{"@type":"Organization","@id":"https:\/\/www.haegergroup.com\/es\/#organization","name":"Haeger Electrodom\u00e9sticos","url":"https:\/\/www.haegergroup.com\/es\/","logo":{"@type":"ImageObject","inLanguage":"pt-PT","@id":"https:\/\/www.haegergroup.com\/es\/#\/schema\/logo\/image\/","url":"https:\/\/www.haegergroup.com\/wp-content\/uploads\/2018\/05\/logo-web-220.png","contentUrl":"https:\/\/www.haegergroup.com\/wp-content\/uploads\/2018\/05\/logo-web-220.png","width":220,"height":49,"caption":"Haeger Electrodom\u00e9sticos"},"image":{"@id":"https:\/\/www.haegergroup.com\/es\/#\/schema\/logo\/image\/"}}]}},"_links":{"self":[{"href":"https:\/\/www.haegergroup.com\/pt-pt\/wp-json\/wp\/v2\/product\/37320","targetHints":{"allow":["GET"]}}],"collection":[{"href":"https:\/\/www.haegergroup.com\/pt-pt\/wp-json\/wp\/v2\/product"}],"about":[{"href":"https:\/\/www.haegergroup.com\/pt-pt\/wp-json\/wp\/v2\/types\/product"}],"wp:featuredmedia":[{"embeddable":true,"href":"https:\/\/www.haegergroup.com\/pt-pt\/wp-json\/wp\/v2\/media\/37345"}],"wp:attachment":[{"href":"https:\/\/www.haegergroup.com\/pt-pt\/wp-json\/wp\/v2\/media?parent=37320"}],"wp:term":[{"taxonomy":"product_cat","embeddable":true,"href":"https:\/\/www.haegergroup.com\/pt-pt\/wp-json\/wp\/v2\/product_cat?post=37320"},{"taxonomy":"product_tag","embeddable":true,"href":"https:\/\/www.haegergroup.com\/pt-pt\/wp-json\/wp\/v2\/product_tag?post=37320"}],"curies":[{"name":"wp","href":"https:\/\/api.w.org\/{rel}","templated":true}]}}