{"id":37264,"date":"2025-09-15T16:46:51","date_gmt":"2025-09-15T15:46:51","guid":{"rendered":"https:\/\/www.haegergroup.com\/?post_type=product&#038;p=37264"},"modified":"2025-09-15T16:46:51","modified_gmt":"2025-09-15T15:46:51","slug":"maquina-de-espuma-de-leite-haeger-super-foam-600w","status":"publish","type":"product","link":"https:\/\/www.haegergroup.com\/pt-pt\/produto\/maquina-de-espuma-de-leite-haeger-super-foam-600w\/","title":{"rendered":"M\u00e1quina de Espuma de Leite HAEGER Super Foam &#8211; 600W"},"content":{"rendered":"<p>Com a m\u00e1quina de espuma de leite HAEGER Super Foam, \u00e9 poss\u00edvel transformar rapidamente o leite numa espuma cremosa, quente ou fria, ideal para cappuccinos, latte macchiatos, chocolates quentes ou qualquer outra bebida \u00e0 base de leite. Em apenas 100 segundos, obt\u00e9m uma espuma perfeita, leve e consistente.<\/p>\n<p>A Super Foam oferece uma experi\u00eancia vers\u00e1til com a sua fun\u00e7\u00e3o 3 em 1: espuma de leite quente, espuma fria ou apenas aquecimento, com temperaturas selecion\u00e1veis de 40\u00baC ou 50\u00baC. Com capacidade para 250 ml de espuma ou 500 ml para aquecer, \u00e9 perfeita tanto para uso individual como para preparar bebidas para pequenos grupos, garantindo sempre um resultado com textura profissional.<\/p>\n<p>A praticidade \u00e9 um dos seus maiores trunfos. O desligamento autom\u00e1tico assegura total seguran\u00e7a e evita desperd\u00edcios de energia. A base antiderrapante de 360\u00ba permite uma utiliza\u00e7\u00e3o confort\u00e1vel em qualquer posi\u00e7\u00e3o, enquanto o jarro sem fios oferece m\u00e1xima comodidade na hora de servir.<\/p>\n<p>Com um design moderno em a\u00e7o inoxid\u00e1vel e uma base elegante, a HAEGER Super Foam adiciona um toque de sofistica\u00e7\u00e3o \u00e0 cozinha. O jarro destac\u00e1vel, compat\u00edvel com m\u00e1quina de lavar loi\u00e7a, torna a limpeza r\u00e1pida e pr\u00e1tica.<\/p>\n<p>Com 600 Watts de pot\u00eancia, a HAEGER Super Foam alia rapidez, efici\u00eancia e resultados de n\u00edvel profissional, para que desfrute de bebidas cremosas e perfeitas, todos os dias.<\/p>\n","protected":false},"excerpt":{"rendered":"<h2 class=\"\" data-fontsize=\"18\" data-lineheight=\"27px\">M\u00e1quina de espuma de leite<br \/>\nModelo: MF-600.002A<\/h2>\n<ul>\n<li>3 em 1: Espumar leite quente, frio ou simplesmente aquecer 40\u00ba ou 50\u00ba<\/li>\n<li>Capacidade de espumar: 250 ml \/ Capacidade de aquecer: 500 ml<\/li>\n<li>Desligamento autom\u00e1tico<\/li>\n<li>Espuma fina e cremosa em apenas 100 segundos<\/li>\n<li>Lav\u00e1vel na m\u00e1quina de lavar loi\u00e7a<\/li>\n<li>Base antiderrapante 360\u00ba e jarro sem fios<\/li>\n<li>Pot\u00eancia: 600 Watts<\/li>\n<\/ul>\n[fusion_button link=\"<a href=\"https:\/\/www.haegergroup.com\/pt-pt\/encontre-sua-loja\/\">https:\/\/www.haegergroup.com\/pt-pt\/encontre-sua-loja\/<\/a>\" text_transform=\"\" title=\"\" target=\"\" link_attributes=\"\" alignment=\"\" modal=\"\" hide_on_mobile=\"small-visibility,medium-visibility,large-visibility\" class=\"\" id=\"\" color=\"custom\" button_gradient_top_color=\"rgba(191,4,17,0)\" button_gradient_bottom_color=\"rgba(191,4,17,0)\" button_gradient_top_color_hover=\"#bf0411\" button_gradient_bottom_color_hover=\"#bf0411\" accent_color=\"#bf0411\" accent_hover_color=\"\" type=\"flat\" bevel_color=\"\" border_width=\"2\" size=\"medium\" stretch=\"default\" shape=\"pill\" icon=\"fa-angle-double-right fas\" icon_position=\"right\" icon_divider=\"no\" animation_type=\"\" animation_direction=\"left\" animation_speed=\"0.3\" animation_offset=\"\"]Onde Comprar[\/fusion_button]\n","protected":false},"featured_media":37265,"template":"","meta":[],"product_cat":[735,215],"product_tag":[],"class_list":{"0":"post-37264","1":"product","2":"type-product","3":"status-publish","4":"has-post-thumbnail","6":"product_cat-maquina-de-espuma-de-leite","7":"product_cat-pequeno-almoco","9":"first","10":"instock","11":"shipping-taxable","12":"product-type-simple"},"yoast_head":"<!-- This site is optimized with the Yoast SEO plugin v24.1 - https:\/\/yoast.com\/wordpress\/plugins\/seo\/ -->\n<title>M\u00e1quina de Espuma de Leite HAEGER Super Foam - 600W - HAEGER Home Appliances<\/title>\n<meta name=\"description\" content=\"Marca de Pequenos Eletrodom\u00e9sticos para a sua cozinha, cuidados pessoais, casa e climatiza\u00e7\u00e3o. A op\u00e7\u00e3o inteligente para a sua casa.\" \/>\n<meta name=\"robots\" content=\"index, follow, max-snippet:-1, max-image-preview:large, max-video-preview:-1\" \/>\n<link rel=\"canonical\" href=\"https:\/\/www.haegergroup.com\/pt-pt\/produto\/maquina-de-espuma-de-leite-haeger-super-foam-600w\/\" \/>\n<meta property=\"og:locale\" content=\"pt_PT\" \/>\n<meta property=\"og:type\" content=\"article\" \/>\n<meta property=\"og:title\" content=\"M\u00e1quina de Espuma de Leite HAEGER Super Foam - 600W - HAEGER Home Appliances\" \/>\n<meta property=\"og:description\" content=\"Marca de Pequenos Eletrodom\u00e9sticos para a sua cozinha, cuidados pessoais, casa e climatiza\u00e7\u00e3o. A op\u00e7\u00e3o inteligente para a sua casa.\" \/>\n<meta property=\"og:url\" content=\"https:\/\/www.haegergroup.com\/pt-pt\/produto\/maquina-de-espuma-de-leite-haeger-super-foam-600w\/\" \/>\n<meta property=\"og:site_name\" content=\"HAEGER Home Appliances\" \/>\n<meta property=\"og:image\" content=\"https:\/\/www.haegergroup.com\/wp-content\/uploads\/MF-600.002A_1-1.jpg\" \/>\n\t<meta property=\"og:image:width\" content=\"1200\" \/>\n\t<meta property=\"og:image:height\" content=\"1200\" \/>\n\t<meta property=\"og:image:type\" content=\"image\/jpeg\" \/>\n<meta name=\"twitter:card\" content=\"summary_large_image\" \/>\n<meta name=\"twitter:label1\" content=\"Tempo estimado de leitura\" \/>\n\t<meta name=\"twitter:data1\" content=\"2 minutos\" \/>\n<script type=\"application\/ld+json\" class=\"yoast-schema-graph\">{\"@context\":\"https:\/\/schema.org\",\"@graph\":[{\"@type\":\"WebPage\",\"@id\":\"https:\/\/www.haegergroup.com\/pt-pt\/produto\/maquina-de-espuma-de-leite-haeger-super-foam-600w\/\",\"url\":\"https:\/\/www.haegergroup.com\/pt-pt\/produto\/maquina-de-espuma-de-leite-haeger-super-foam-600w\/\",\"name\":\"M\u00e1quina de Espuma de Leite HAEGER Super Foam - 600W - HAEGER Home Appliances\",\"isPartOf\":{\"@id\":\"https:\/\/www.haegergroup.com\/es\/#website\"},\"primaryImageOfPage\":{\"@id\":\"https:\/\/www.haegergroup.com\/pt-pt\/produto\/maquina-de-espuma-de-leite-haeger-super-foam-600w\/#primaryimage\"},\"image\":{\"@id\":\"https:\/\/www.haegergroup.com\/pt-pt\/produto\/maquina-de-espuma-de-leite-haeger-super-foam-600w\/#primaryimage\"},\"thumbnailUrl\":\"https:\/\/www.haegergroup.com\/wp-content\/uploads\/MF-600.002A_1-1.jpg\",\"datePublished\":\"2025-09-15T15:46:51+00:00\",\"dateModified\":\"2025-09-15T15:46:51+00:00\",\"description\":\"Marca de Pequenos Eletrodom\u00e9sticos para a sua cozinha, cuidados pessoais, casa e climatiza\u00e7\u00e3o. A op\u00e7\u00e3o inteligente para a sua casa.\",\"breadcrumb\":{\"@id\":\"https:\/\/www.haegergroup.com\/pt-pt\/produto\/maquina-de-espuma-de-leite-haeger-super-foam-600w\/#breadcrumb\"},\"inLanguage\":\"pt-PT\",\"potentialAction\":[{\"@type\":\"ReadAction\",\"target\":[\"https:\/\/www.haegergroup.com\/pt-pt\/produto\/maquina-de-espuma-de-leite-haeger-super-foam-600w\/\"]}]},{\"@type\":\"ImageObject\",\"inLanguage\":\"pt-PT\",\"@id\":\"https:\/\/www.haegergroup.com\/pt-pt\/produto\/maquina-de-espuma-de-leite-haeger-super-foam-600w\/#primaryimage\",\"url\":\"https:\/\/www.haegergroup.com\/wp-content\/uploads\/MF-600.002A_1-1.jpg\",\"contentUrl\":\"https:\/\/www.haegergroup.com\/wp-content\/uploads\/MF-600.002A_1-1.jpg\",\"width\":1200,\"height\":1200},{\"@type\":\"BreadcrumbList\",\"@id\":\"https:\/\/www.haegergroup.com\/pt-pt\/produto\/maquina-de-espuma-de-leite-haeger-super-foam-600w\/#breadcrumb\",\"itemListElement\":[{\"@type\":\"ListItem\",\"position\":1,\"name\":\"Portada\",\"item\":\"https:\/\/www.haegergroup.com\/pt-pt\/\"},{\"@type\":\"ListItem\",\"position\":2,\"name\":\"Productos\",\"item\":\"https:\/\/www.haegergroup.com\/es\/tienda\/\"},{\"@type\":\"ListItem\",\"position\":3,\"name\":\"M\u00e1quina de Espuma de Leite HAEGER Super Foam &#8211; 600W\"}]},{\"@type\":\"WebSite\",\"@id\":\"https:\/\/www.haegergroup.com\/es\/#website\",\"url\":\"https:\/\/www.haegergroup.com\/es\/\",\"name\":\"HAEGER Home Appliances\",\"description\":\"eletrodom\u00e9sticos\",\"publisher\":{\"@id\":\"https:\/\/www.haegergroup.com\/es\/#organization\"},\"potentialAction\":[{\"@type\":\"SearchAction\",\"target\":{\"@type\":\"EntryPoint\",\"urlTemplate\":\"https:\/\/www.haegergroup.com\/es\/?s={search_term_string}\"},\"query-input\":{\"@type\":\"PropertyValueSpecification\",\"valueRequired\":true,\"valueName\":\"search_term_string\"}}],\"inLanguage\":\"pt-PT\"},{\"@type\":\"Organization\",\"@id\":\"https:\/\/www.haegergroup.com\/es\/#organization\",\"name\":\"Haeger Electrodom\u00e9sticos\",\"url\":\"https:\/\/www.haegergroup.com\/es\/\",\"logo\":{\"@type\":\"ImageObject\",\"inLanguage\":\"pt-PT\",\"@id\":\"https:\/\/www.haegergroup.com\/es\/#\/schema\/logo\/image\/\",\"url\":\"https:\/\/www.haegergroup.com\/wp-content\/uploads\/2018\/05\/logo-web-220.png\",\"contentUrl\":\"https:\/\/www.haegergroup.com\/wp-content\/uploads\/2018\/05\/logo-web-220.png\",\"width\":220,\"height\":49,\"caption\":\"Haeger Electrodom\u00e9sticos\"},\"image\":{\"@id\":\"https:\/\/www.haegergroup.com\/es\/#\/schema\/logo\/image\/\"}}]}<\/script>\n<!-- \/ Yoast SEO plugin. -->","yoast_head_json":{"title":"M\u00e1quina de Espuma de Leite HAEGER Super Foam - 600W - HAEGER Home Appliances","description":"Marca de Pequenos Eletrodom\u00e9sticos para a sua cozinha, cuidados pessoais, casa e climatiza\u00e7\u00e3o. A op\u00e7\u00e3o inteligente para a sua casa.","robots":{"index":"index","follow":"follow","max-snippet":"max-snippet:-1","max-image-preview":"max-image-preview:large","max-video-preview":"max-video-preview:-1"},"canonical":"https:\/\/www.haegergroup.com\/pt-pt\/produto\/maquina-de-espuma-de-leite-haeger-super-foam-600w\/","og_locale":"pt_PT","og_type":"article","og_title":"M\u00e1quina de Espuma de Leite HAEGER Super Foam - 600W - HAEGER Home Appliances","og_description":"Marca de Pequenos Eletrodom\u00e9sticos para a sua cozinha, cuidados pessoais, casa e climatiza\u00e7\u00e3o. A op\u00e7\u00e3o inteligente para a sua casa.","og_url":"https:\/\/www.haegergroup.com\/pt-pt\/produto\/maquina-de-espuma-de-leite-haeger-super-foam-600w\/","og_site_name":"HAEGER Home Appliances","og_image":[{"width":1200,"height":1200,"url":"https:\/\/www.haegergroup.com\/wp-content\/uploads\/MF-600.002A_1-1.jpg","type":"image\/jpeg"}],"twitter_card":"summary_large_image","twitter_misc":{"Tempo estimado de leitura":"2 minutos"},"schema":{"@context":"https:\/\/schema.org","@graph":[{"@type":"WebPage","@id":"https:\/\/www.haegergroup.com\/pt-pt\/produto\/maquina-de-espuma-de-leite-haeger-super-foam-600w\/","url":"https:\/\/www.haegergroup.com\/pt-pt\/produto\/maquina-de-espuma-de-leite-haeger-super-foam-600w\/","name":"M\u00e1quina de Espuma de Leite HAEGER Super Foam - 600W - HAEGER Home Appliances","isPartOf":{"@id":"https:\/\/www.haegergroup.com\/es\/#website"},"primaryImageOfPage":{"@id":"https:\/\/www.haegergroup.com\/pt-pt\/produto\/maquina-de-espuma-de-leite-haeger-super-foam-600w\/#primaryimage"},"image":{"@id":"https:\/\/www.haegergroup.com\/pt-pt\/produto\/maquina-de-espuma-de-leite-haeger-super-foam-600w\/#primaryimage"},"thumbnailUrl":"https:\/\/www.haegergroup.com\/wp-content\/uploads\/MF-600.002A_1-1.jpg","datePublished":"2025-09-15T15:46:51+00:00","dateModified":"2025-09-15T15:46:51+00:00","description":"Marca de Pequenos Eletrodom\u00e9sticos para a sua cozinha, cuidados pessoais, casa e climatiza\u00e7\u00e3o. A op\u00e7\u00e3o inteligente para a sua casa.","breadcrumb":{"@id":"https:\/\/www.haegergroup.com\/pt-pt\/produto\/maquina-de-espuma-de-leite-haeger-super-foam-600w\/#breadcrumb"},"inLanguage":"pt-PT","potentialAction":[{"@type":"ReadAction","target":["https:\/\/www.haegergroup.com\/pt-pt\/produto\/maquina-de-espuma-de-leite-haeger-super-foam-600w\/"]}]},{"@type":"ImageObject","inLanguage":"pt-PT","@id":"https:\/\/www.haegergroup.com\/pt-pt\/produto\/maquina-de-espuma-de-leite-haeger-super-foam-600w\/#primaryimage","url":"https:\/\/www.haegergroup.com\/wp-content\/uploads\/MF-600.002A_1-1.jpg","contentUrl":"https:\/\/www.haegergroup.com\/wp-content\/uploads\/MF-600.002A_1-1.jpg","width":1200,"height":1200},{"@type":"BreadcrumbList","@id":"https:\/\/www.haegergroup.com\/pt-pt\/produto\/maquina-de-espuma-de-leite-haeger-super-foam-600w\/#breadcrumb","itemListElement":[{"@type":"ListItem","position":1,"name":"Portada","item":"https:\/\/www.haegergroup.com\/pt-pt\/"},{"@type":"ListItem","position":2,"name":"Productos","item":"https:\/\/www.haegergroup.com\/es\/tienda\/"},{"@type":"ListItem","position":3,"name":"M\u00e1quina de Espuma de Leite HAEGER Super Foam &#8211; 600W"}]},{"@type":"WebSite","@id":"https:\/\/www.haegergroup.com\/es\/#website","url":"https:\/\/www.haegergroup.com\/es\/","name":"HAEGER Home Appliances","description":"eletrodom\u00e9sticos","publisher":{"@id":"https:\/\/www.haegergroup.com\/es\/#organization"},"potentialAction":[{"@type":"SearchAction","target":{"@type":"EntryPoint","urlTemplate":"https:\/\/www.haegergroup.com\/es\/?s={search_term_string}"},"query-input":{"@type":"PropertyValueSpecification","valueRequired":true,"valueName":"search_term_string"}}],"inLanguage":"pt-PT"},{"@type":"Organization","@id":"https:\/\/www.haegergroup.com\/es\/#organization","name":"Haeger Electrodom\u00e9sticos","url":"https:\/\/www.haegergroup.com\/es\/","logo":{"@type":"ImageObject","inLanguage":"pt-PT","@id":"https:\/\/www.haegergroup.com\/es\/#\/schema\/logo\/image\/","url":"https:\/\/www.haegergroup.com\/wp-content\/uploads\/2018\/05\/logo-web-220.png","contentUrl":"https:\/\/www.haegergroup.com\/wp-content\/uploads\/2018\/05\/logo-web-220.png","width":220,"height":49,"caption":"Haeger Electrodom\u00e9sticos"},"image":{"@id":"https:\/\/www.haegergroup.com\/es\/#\/schema\/logo\/image\/"}}]}},"_links":{"self":[{"href":"https:\/\/www.haegergroup.com\/pt-pt\/wp-json\/wp\/v2\/product\/37264","targetHints":{"allow":["GET"]}}],"collection":[{"href":"https:\/\/www.haegergroup.com\/pt-pt\/wp-json\/wp\/v2\/product"}],"about":[{"href":"https:\/\/www.haegergroup.com\/pt-pt\/wp-json\/wp\/v2\/types\/product"}],"wp:featuredmedia":[{"embeddable":true,"href":"https:\/\/www.haegergroup.com\/pt-pt\/wp-json\/wp\/v2\/media\/37265"}],"wp:attachment":[{"href":"https:\/\/www.haegergroup.com\/pt-pt\/wp-json\/wp\/v2\/media?parent=37264"}],"wp:term":[{"taxonomy":"product_cat","embeddable":true,"href":"https:\/\/www.haegergroup.com\/pt-pt\/wp-json\/wp\/v2\/product_cat?post=37264"},{"taxonomy":"product_tag","embeddable":true,"href":"https:\/\/www.haegergroup.com\/pt-pt\/wp-json\/wp\/v2\/product_tag?post=37264"}],"curies":[{"name":"wp","href":"https:\/\/api.w.org\/{rel}","templated":true}]}}