{"id":37131,"date":"2025-06-05T15:30:17","date_gmt":"2025-06-05T14:30:17","guid":{"rendered":"https:\/\/www.haegergroup.com\/?post_type=product&#038;p=37131"},"modified":"2025-06-05T15:30:18","modified_gmt":"2025-06-05T14:30:18","slug":"panela-de-pressao-haeger-easy-cooker-2-in-1-8-litros","status":"publish","type":"product","link":"https:\/\/www.haegergroup.com\/pt-pt\/produto\/panela-de-pressao-haeger-easy-cooker-2-in-1-8-litros\/","title":{"rendered":"Panela de Press\u00e3o HAEGER Easy Cooker 2 in 1 &#8211; 8 Litros"},"content":{"rendered":"<p>Cozinhar de forma r\u00e1pida e segura \u00e9 simples com a panela de press\u00e3o HAEGER Easy Cooker 2 in 1. Com capacidade generosa de 8 litros, esta panela \u00e9 perfeita para preparar grandes por\u00e7\u00f5es de alimentos em menos tempo, preservando o sabor e os nutrientes dos ingredientes.<\/p>\n<p>A seguran\u00e7a \u00e9 uma prioridade com a HAEGER Easy Cooker 2 in 1. Este modelo vem equipado com 3 sistemas de seguran\u00e7a robustos: uma v\u00e1lvula girat\u00f3ria, uma v\u00e1lvula de seguran\u00e7a adicional e um bra\u00e7o met\u00e1lico, al\u00e9m de um pr\u00e1tico bot\u00e3o de fecho f\u00e1cil, que garante uma veda\u00e7\u00e3o perfeita antes de iniciar o cozimento. Al\u00e9m disso, a ma\u00e7aneta de abertura no topo facilita o manuseio e a opera\u00e7\u00e3o.<\/p>\n<p>Fabricada em a\u00e7o inoxid\u00e1vel de alta qualidade, tanto a tampa quanto o corpo da panela s\u00e3o extremamente dur\u00e1veis e resistentes ao calor. Para maior versatilidade, a panela inclui tamb\u00e9m uma tampa extra em vidro, ideal para monitorizar o cozimento sem perder calor. Compat\u00edvel com todos os tipos de fog\u00f5es \u2014 g\u00e1s, anel radiante, placa el\u00e9trica, vitrocer\u00e2mica e indu\u00e7\u00e3o, esta panela de press\u00e3o oferece total flexibilidade na cozinha.<\/p>\n<p>Todas as pe\u00e7as s\u00e3o lav\u00e1veis na m\u00e1quina de lavar loi\u00e7a, tornando a limpeza t\u00e3o f\u00e1cil quanto o pr\u00f3prio cozimento.<\/p>\n","protected":false},"excerpt":{"rendered":"<h2 class=\"fusion-responsive-typography-calculated\" data-fontsize=\"18\" data-lineheight=\"27px\">Panela de press\u00e3o 8 litros<br \/>\nModelo: PC-8SS.023A<\/h2>\n<ul>\n<li>Equipada com 3 Sistemas de Seguran\u00e7a: V\u00e1lvula girat\u00f3ria \/ V\u00e1lvula de seguran\u00e7a \/ Bra\u00e7o met\u00e1lico<\/li>\n<li>Tampa extra em vidro<\/li>\n<li>Ma\u00e7aneta de abertura no topo de abertura f\u00e1cil<\/li>\n<li>Tampa e corpo em a\u00e7o inoxid\u00e1vel de alta qualidade<\/li>\n<li>Indicado para uso em: G\u00e1s, Anel radiante, Placa el\u00e9trica, Vitrocer\u00e2mica e Indu\u00e7\u00e3o<\/li>\n<li>Di\u00e2metro da panela: 24 cm<\/li>\n<li>Capacidade: 8 litros<\/li>\n<\/ul>\n[fusion_button link=\"https:\/\/www.haegergroup.com\/pt-pt\/encontre-sua-loja\/\" text_transform=\"\" title=\"\" target=\"\" link_attributes=\"\" alignment=\"\" modal=\"\" hide_on_mobile=\"small-visibility,medium-visibility,large-visibility\" class=\"\" id=\"\" color=\"custom\" button_gradient_top_color=\"#bf0411\" button_gradient_bottom_color=\"#bf0411\" button_gradient_top_color_hover=\"#000000\" button_gradient_bottom_color_hover=\"#000000\" accent_color=\"#ffffff\" accent_hover_color=\"#ffffff\" type=\"flat\" bevel_color=\"\" border_width=\"2\" size=\"medium\" stretch=\"default\" shape=\"pill\" icon=\"fa-angle-double-right fas\" icon_position=\"right\" icon_divider=\"no\" animation_type=\"\" animation_direction=\"left\" animation_speed=\"0.3\" animation_offset=\"\"]Onde Comprar[\/fusion_button]\n","protected":false},"featured_media":37132,"template":"","meta":[],"product_cat":[231,246],"product_tag":[],"class_list":{"0":"post-37131","1":"product","2":"type-product","3":"status-publish","4":"has-post-thumbnail","6":"product_cat-cozinha","7":"product_cat-panelas-de-pressao","9":"first","10":"instock","11":"shipping-taxable","12":"product-type-simple"},"yoast_head":"<!-- This site is optimized with the Yoast SEO plugin v24.1 - https:\/\/yoast.com\/wordpress\/plugins\/seo\/ -->\n<title>Panela de Press\u00e3o HAEGER Easy Cooker 2 in 1 - 8 Litros - HAEGER Home Appliances<\/title>\n<meta name=\"description\" content=\"Marca de Pequenos Eletrodom\u00e9sticos para a sua cozinha, cuidados pessoais, casa e climatiza\u00e7\u00e3o. A op\u00e7\u00e3o inteligente para a sua casa.\" \/>\n<meta name=\"robots\" content=\"index, follow, max-snippet:-1, max-image-preview:large, max-video-preview:-1\" \/>\n<link rel=\"canonical\" href=\"https:\/\/www.haegergroup.com\/pt-pt\/produto\/panela-de-pressao-haeger-easy-cooker-2-in-1-8-litros\/\" \/>\n<meta property=\"og:locale\" content=\"pt_PT\" \/>\n<meta property=\"og:type\" content=\"article\" \/>\n<meta property=\"og:title\" content=\"Panela de Press\u00e3o HAEGER Easy Cooker 2 in 1 - 8 Litros - HAEGER Home Appliances\" \/>\n<meta property=\"og:description\" content=\"Marca de Pequenos Eletrodom\u00e9sticos para a sua cozinha, cuidados pessoais, casa e climatiza\u00e7\u00e3o. A op\u00e7\u00e3o inteligente para a sua casa.\" \/>\n<meta property=\"og:url\" content=\"https:\/\/www.haegergroup.com\/pt-pt\/produto\/panela-de-pressao-haeger-easy-cooker-2-in-1-8-litros\/\" \/>\n<meta property=\"og:site_name\" content=\"HAEGER Home Appliances\" \/>\n<meta property=\"article:modified_time\" content=\"2025-06-05T14:30:18+00:00\" \/>\n<meta property=\"og:image\" content=\"https:\/\/www.haegergroup.com\/wp-content\/uploads\/PC-8SS.023A_1-1.jpg\" \/>\n\t<meta property=\"og:image:width\" content=\"1200\" \/>\n\t<meta property=\"og:image:height\" content=\"1200\" \/>\n\t<meta property=\"og:image:type\" content=\"image\/jpeg\" \/>\n<meta name=\"twitter:card\" content=\"summary_large_image\" \/>\n<meta name=\"twitter:label1\" content=\"Tempo estimado de leitura\" \/>\n\t<meta name=\"twitter:data1\" content=\"2 minutos\" \/>\n<script type=\"application\/ld+json\" class=\"yoast-schema-graph\">{\"@context\":\"https:\/\/schema.org\",\"@graph\":[{\"@type\":\"WebPage\",\"@id\":\"https:\/\/www.haegergroup.com\/pt-pt\/produto\/panela-de-pressao-haeger-easy-cooker-2-in-1-8-litros\/\",\"url\":\"https:\/\/www.haegergroup.com\/pt-pt\/produto\/panela-de-pressao-haeger-easy-cooker-2-in-1-8-litros\/\",\"name\":\"Panela de Press\u00e3o HAEGER Easy Cooker 2 in 1 - 8 Litros - HAEGER Home Appliances\",\"isPartOf\":{\"@id\":\"https:\/\/www.haegergroup.com\/es\/#website\"},\"primaryImageOfPage\":{\"@id\":\"https:\/\/www.haegergroup.com\/pt-pt\/produto\/panela-de-pressao-haeger-easy-cooker-2-in-1-8-litros\/#primaryimage\"},\"image\":{\"@id\":\"https:\/\/www.haegergroup.com\/pt-pt\/produto\/panela-de-pressao-haeger-easy-cooker-2-in-1-8-litros\/#primaryimage\"},\"thumbnailUrl\":\"https:\/\/www.haegergroup.com\/wp-content\/uploads\/PC-8SS.023A_1-1.jpg\",\"datePublished\":\"2025-06-05T14:30:17+00:00\",\"dateModified\":\"2025-06-05T14:30:18+00:00\",\"description\":\"Marca de Pequenos Eletrodom\u00e9sticos para a sua cozinha, cuidados pessoais, casa e climatiza\u00e7\u00e3o. A op\u00e7\u00e3o inteligente para a sua casa.\",\"breadcrumb\":{\"@id\":\"https:\/\/www.haegergroup.com\/pt-pt\/produto\/panela-de-pressao-haeger-easy-cooker-2-in-1-8-litros\/#breadcrumb\"},\"inLanguage\":\"pt-PT\",\"potentialAction\":[{\"@type\":\"ReadAction\",\"target\":[\"https:\/\/www.haegergroup.com\/pt-pt\/produto\/panela-de-pressao-haeger-easy-cooker-2-in-1-8-litros\/\"]}]},{\"@type\":\"ImageObject\",\"inLanguage\":\"pt-PT\",\"@id\":\"https:\/\/www.haegergroup.com\/pt-pt\/produto\/panela-de-pressao-haeger-easy-cooker-2-in-1-8-litros\/#primaryimage\",\"url\":\"https:\/\/www.haegergroup.com\/wp-content\/uploads\/PC-8SS.023A_1-1.jpg\",\"contentUrl\":\"https:\/\/www.haegergroup.com\/wp-content\/uploads\/PC-8SS.023A_1-1.jpg\",\"width\":1200,\"height\":1200},{\"@type\":\"BreadcrumbList\",\"@id\":\"https:\/\/www.haegergroup.com\/pt-pt\/produto\/panela-de-pressao-haeger-easy-cooker-2-in-1-8-litros\/#breadcrumb\",\"itemListElement\":[{\"@type\":\"ListItem\",\"position\":1,\"name\":\"Portada\",\"item\":\"https:\/\/www.haegergroup.com\/pt-pt\/\"},{\"@type\":\"ListItem\",\"position\":2,\"name\":\"Productos\",\"item\":\"https:\/\/www.haegergroup.com\/es\/tienda\/\"},{\"@type\":\"ListItem\",\"position\":3,\"name\":\"Panela de Press\u00e3o HAEGER Easy Cooker 2 in 1 &#8211; 8 Litros\"}]},{\"@type\":\"WebSite\",\"@id\":\"https:\/\/www.haegergroup.com\/es\/#website\",\"url\":\"https:\/\/www.haegergroup.com\/es\/\",\"name\":\"HAEGER Home Appliances\",\"description\":\"eletrodom\u00e9sticos\",\"publisher\":{\"@id\":\"https:\/\/www.haegergroup.com\/es\/#organization\"},\"potentialAction\":[{\"@type\":\"SearchAction\",\"target\":{\"@type\":\"EntryPoint\",\"urlTemplate\":\"https:\/\/www.haegergroup.com\/es\/?s={search_term_string}\"},\"query-input\":{\"@type\":\"PropertyValueSpecification\",\"valueRequired\":true,\"valueName\":\"search_term_string\"}}],\"inLanguage\":\"pt-PT\"},{\"@type\":\"Organization\",\"@id\":\"https:\/\/www.haegergroup.com\/es\/#organization\",\"name\":\"Haeger Electrodom\u00e9sticos\",\"url\":\"https:\/\/www.haegergroup.com\/es\/\",\"logo\":{\"@type\":\"ImageObject\",\"inLanguage\":\"pt-PT\",\"@id\":\"https:\/\/www.haegergroup.com\/es\/#\/schema\/logo\/image\/\",\"url\":\"https:\/\/www.haegergroup.com\/wp-content\/uploads\/2018\/05\/logo-web-220.png\",\"contentUrl\":\"https:\/\/www.haegergroup.com\/wp-content\/uploads\/2018\/05\/logo-web-220.png\",\"width\":220,\"height\":49,\"caption\":\"Haeger Electrodom\u00e9sticos\"},\"image\":{\"@id\":\"https:\/\/www.haegergroup.com\/es\/#\/schema\/logo\/image\/\"}}]}<\/script>\n<!-- \/ Yoast SEO plugin. -->","yoast_head_json":{"title":"Panela de Press\u00e3o HAEGER Easy Cooker 2 in 1 - 8 Litros - HAEGER Home Appliances","description":"Marca de Pequenos Eletrodom\u00e9sticos para a sua cozinha, cuidados pessoais, casa e climatiza\u00e7\u00e3o. A op\u00e7\u00e3o inteligente para a sua casa.","robots":{"index":"index","follow":"follow","max-snippet":"max-snippet:-1","max-image-preview":"max-image-preview:large","max-video-preview":"max-video-preview:-1"},"canonical":"https:\/\/www.haegergroup.com\/pt-pt\/produto\/panela-de-pressao-haeger-easy-cooker-2-in-1-8-litros\/","og_locale":"pt_PT","og_type":"article","og_title":"Panela de Press\u00e3o HAEGER Easy Cooker 2 in 1 - 8 Litros - HAEGER Home Appliances","og_description":"Marca de Pequenos Eletrodom\u00e9sticos para a sua cozinha, cuidados pessoais, casa e climatiza\u00e7\u00e3o. A op\u00e7\u00e3o inteligente para a sua casa.","og_url":"https:\/\/www.haegergroup.com\/pt-pt\/produto\/panela-de-pressao-haeger-easy-cooker-2-in-1-8-litros\/","og_site_name":"HAEGER Home Appliances","article_modified_time":"2025-06-05T14:30:18+00:00","og_image":[{"width":1200,"height":1200,"url":"https:\/\/www.haegergroup.com\/wp-content\/uploads\/PC-8SS.023A_1-1.jpg","type":"image\/jpeg"}],"twitter_card":"summary_large_image","twitter_misc":{"Tempo estimado de leitura":"2 minutos"},"schema":{"@context":"https:\/\/schema.org","@graph":[{"@type":"WebPage","@id":"https:\/\/www.haegergroup.com\/pt-pt\/produto\/panela-de-pressao-haeger-easy-cooker-2-in-1-8-litros\/","url":"https:\/\/www.haegergroup.com\/pt-pt\/produto\/panela-de-pressao-haeger-easy-cooker-2-in-1-8-litros\/","name":"Panela de Press\u00e3o HAEGER Easy Cooker 2 in 1 - 8 Litros - HAEGER Home Appliances","isPartOf":{"@id":"https:\/\/www.haegergroup.com\/es\/#website"},"primaryImageOfPage":{"@id":"https:\/\/www.haegergroup.com\/pt-pt\/produto\/panela-de-pressao-haeger-easy-cooker-2-in-1-8-litros\/#primaryimage"},"image":{"@id":"https:\/\/www.haegergroup.com\/pt-pt\/produto\/panela-de-pressao-haeger-easy-cooker-2-in-1-8-litros\/#primaryimage"},"thumbnailUrl":"https:\/\/www.haegergroup.com\/wp-content\/uploads\/PC-8SS.023A_1-1.jpg","datePublished":"2025-06-05T14:30:17+00:00","dateModified":"2025-06-05T14:30:18+00:00","description":"Marca de Pequenos Eletrodom\u00e9sticos para a sua cozinha, cuidados pessoais, casa e climatiza\u00e7\u00e3o. A op\u00e7\u00e3o inteligente para a sua casa.","breadcrumb":{"@id":"https:\/\/www.haegergroup.com\/pt-pt\/produto\/panela-de-pressao-haeger-easy-cooker-2-in-1-8-litros\/#breadcrumb"},"inLanguage":"pt-PT","potentialAction":[{"@type":"ReadAction","target":["https:\/\/www.haegergroup.com\/pt-pt\/produto\/panela-de-pressao-haeger-easy-cooker-2-in-1-8-litros\/"]}]},{"@type":"ImageObject","inLanguage":"pt-PT","@id":"https:\/\/www.haegergroup.com\/pt-pt\/produto\/panela-de-pressao-haeger-easy-cooker-2-in-1-8-litros\/#primaryimage","url":"https:\/\/www.haegergroup.com\/wp-content\/uploads\/PC-8SS.023A_1-1.jpg","contentUrl":"https:\/\/www.haegergroup.com\/wp-content\/uploads\/PC-8SS.023A_1-1.jpg","width":1200,"height":1200},{"@type":"BreadcrumbList","@id":"https:\/\/www.haegergroup.com\/pt-pt\/produto\/panela-de-pressao-haeger-easy-cooker-2-in-1-8-litros\/#breadcrumb","itemListElement":[{"@type":"ListItem","position":1,"name":"Portada","item":"https:\/\/www.haegergroup.com\/pt-pt\/"},{"@type":"ListItem","position":2,"name":"Productos","item":"https:\/\/www.haegergroup.com\/es\/tienda\/"},{"@type":"ListItem","position":3,"name":"Panela de Press\u00e3o HAEGER Easy Cooker 2 in 1 &#8211; 8 Litros"}]},{"@type":"WebSite","@id":"https:\/\/www.haegergroup.com\/es\/#website","url":"https:\/\/www.haegergroup.com\/es\/","name":"HAEGER Home Appliances","description":"eletrodom\u00e9sticos","publisher":{"@id":"https:\/\/www.haegergroup.com\/es\/#organization"},"potentialAction":[{"@type":"SearchAction","target":{"@type":"EntryPoint","urlTemplate":"https:\/\/www.haegergroup.com\/es\/?s={search_term_string}"},"query-input":{"@type":"PropertyValueSpecification","valueRequired":true,"valueName":"search_term_string"}}],"inLanguage":"pt-PT"},{"@type":"Organization","@id":"https:\/\/www.haegergroup.com\/es\/#organization","name":"Haeger Electrodom\u00e9sticos","url":"https:\/\/www.haegergroup.com\/es\/","logo":{"@type":"ImageObject","inLanguage":"pt-PT","@id":"https:\/\/www.haegergroup.com\/es\/#\/schema\/logo\/image\/","url":"https:\/\/www.haegergroup.com\/wp-content\/uploads\/2018\/05\/logo-web-220.png","contentUrl":"https:\/\/www.haegergroup.com\/wp-content\/uploads\/2018\/05\/logo-web-220.png","width":220,"height":49,"caption":"Haeger Electrodom\u00e9sticos"},"image":{"@id":"https:\/\/www.haegergroup.com\/es\/#\/schema\/logo\/image\/"}}]}},"_links":{"self":[{"href":"https:\/\/www.haegergroup.com\/pt-pt\/wp-json\/wp\/v2\/product\/37131","targetHints":{"allow":["GET"]}}],"collection":[{"href":"https:\/\/www.haegergroup.com\/pt-pt\/wp-json\/wp\/v2\/product"}],"about":[{"href":"https:\/\/www.haegergroup.com\/pt-pt\/wp-json\/wp\/v2\/types\/product"}],"wp:featuredmedia":[{"embeddable":true,"href":"https:\/\/www.haegergroup.com\/pt-pt\/wp-json\/wp\/v2\/media\/37132"}],"wp:attachment":[{"href":"https:\/\/www.haegergroup.com\/pt-pt\/wp-json\/wp\/v2\/media?parent=37131"}],"wp:term":[{"taxonomy":"product_cat","embeddable":true,"href":"https:\/\/www.haegergroup.com\/pt-pt\/wp-json\/wp\/v2\/product_cat?post=37131"},{"taxonomy":"product_tag","embeddable":true,"href":"https:\/\/www.haegergroup.com\/pt-pt\/wp-json\/wp\/v2\/product_tag?post=37131"}],"curies":[{"name":"wp","href":"https:\/\/api.w.org\/{rel}","templated":true}]}}