{"id":36707,"date":"2024-11-12T11:27:40","date_gmt":"2024-11-12T11:27:40","guid":{"rendered":"https:\/\/www.haegergroup.com\/?post_type=product&#038;p=36707"},"modified":"2024-12-18T16:06:06","modified_gmt":"2024-12-18T16:06:06","slug":"balanca-digital-de-analise-corporal-haeger-inteliscale-180kg-100g-bluetooth-smart-app","status":"publish","type":"product","link":"https:\/\/www.haegergroup.com\/pt-pt\/produto\/balanca-digital-de-analise-corporal-haeger-inteliscale-180kg-100g-bluetooth-smart-app\/","title":{"rendered":"Balan\u00e7a Digital de An\u00e1lise Corporal HAEGER InteliScale &#8211; 180kg, 100g, Bluetooth, Smart App"},"content":{"rendered":"<p>A HAEGER InteliScale vai al\u00e9m de uma balan\u00e7a convencional, oferecendo uma an\u00e1lise detalhada da composi\u00e7\u00e3o corporal com um \u00fanico passo. Conectada ao smartphone via Bluetooth, permite monitorizar e armazenar dados essenciais sobre a sa\u00fade corporal diretamente no dispositivo, facilitando o acompanhamento do progresso ao longo do tempo. Compat\u00edvel com iOS e Android, permite aceder facilmente a m\u00e9tricas como gordura corporal, hidrata\u00e7\u00e3o, massa muscular, densidade \u00f3ssea, prote\u00edna e IMC atrav\u00e9s do aplicativo.<\/p>\n<p>Equipada com quatro el\u00e9trodos sens\u00edveis e tecnologia de precis\u00e3o \u201cStrain Gauge\u201d, a InteliScale assegura medi\u00e7\u00f5es exatas e fi\u00e1veis. O seu visor LCD de grandes dimens\u00f5es torna a leitura dos resultados instant\u00e2nea e clara, enquanto o design moderno adapta-se a qualquer ambiente. Suporta at\u00e9 180 kg e possui gradua\u00e7\u00e3o de 100 g, ideal para quem procura medi\u00e7\u00f5es precisas.<\/p>\n<p>A HAEGER InteliScale \u00e9 a escolha perfeita para acompanhar o seu progresso e definir metas de sa\u00fade de forma pr\u00e1tica e precisa.<\/p>\n","protected":false},"excerpt":{"rendered":"<h2>Balan\u00e7a Digital de An\u00e1lise Corporal 180kg<br \/>\nModelo: BS-DIG.014A<\/h2>\n<ul>\n<li>Balan\u00e7a de An\u00e1lise Corporal Bluetooth<\/li>\n<li>Conecta-se a dispositivos iOS e Android via Bluetooth<\/li>\n<li>Mede gordura corporal, hidrata\u00e7\u00e3o, m\u00fasculo, osso, prote\u00edna, IMC, etc.<\/li>\n<li>4 el\u00e9trodos altamente sens\u00edveis<\/li>\n<li>Tecnologia de precis\u00e3o \u201cStrain Gauge\u201d<\/li>\n<li>LCD de grandes dimens\u00f5es<\/li>\n<li>Capacidade: 180Kg\/397lb<\/li>\n<li>Gradua\u00e7\u00e3o: 100g\/0.2lb<\/li>\n<li>Ativa\u00e7\u00e3o por press\u00e3o, desligar autom\u00e1tico, indica\u00e7\u00e3o de erro<\/li>\n<li>Indica\u00e7\u00e3o De excesso de peso<\/li>\n<li>Funcionamento com 3 pilhas AAA<\/li>\n<li>Peso l\u00edquido: 1.4Kg<\/li>\n<\/ul>\n<p data-pm-slice=\"0 0 []\">[fusion_button link=\"<a href=\"https:\/\/www.haegergroup.com\/pt-pt\/encontre-sua-loja\/\">https:\/\/www.haegergroup.com\/pt-pt\/encontre-sua-loja\/<\/a>\" text_transform=\"\" title=\"\" target=\"\" link_attributes=\"\" alignment=\"\" modal=\"\" hide_on_mobile=\"small-visibility,medium-visibility,large-visibility\" class=\"\" id=\"\" color=\"custom\" button_gradient_top_color=\"rgba(191,4,17,0)\" button_gradient_bottom_color=\"rgba(191,4,17,0)\" button_gradient_top_color_hover=\"#bf0411\" button_gradient_bottom_color_hover=\"#bf0411\" accent_color=\"#bf0411\" accent_hover_color=\"\" type=\"flat\" bevel_color=\"\" border_width=\"2\" size=\"medium\" stretch=\"default\" shape=\"pill\" icon=\"fa-angle-double-right fas\" icon_position=\"right\" icon_divider=\"no\" animation_type=\"\" animation_direction=\"left\" animation_speed=\"0.3\" animation_offset=\"\"]Onde Comprar[\/fusion_button]<\/p>\n","protected":false},"featured_media":36708,"template":"","meta":[],"product_cat":[238,228],"product_tag":[],"class_list":{"0":"post-36707","1":"product","2":"type-product","3":"status-publish","4":"has-post-thumbnail","6":"product_cat-balancas-de-casa-de-banho","7":"product_cat-cuidados-pessoais","9":"first","10":"instock","11":"shipping-taxable","12":"product-type-simple"},"yoast_head":"<!-- This site is optimized with the Yoast SEO plugin v24.1 - https:\/\/yoast.com\/wordpress\/plugins\/seo\/ -->\n<title>Balan\u00e7a Digital de An\u00e1lise Corporal HAEGER InteliScale - 180kg, 100g, Bluetooth, Smart App - HAEGER Home Appliances<\/title>\n<meta name=\"description\" content=\"Marca de Pequenos Eletrodom\u00e9sticos para a sua cozinha, cuidados pessoais, casa e climatiza\u00e7\u00e3o. A op\u00e7\u00e3o inteligente para a sua casa.\" \/>\n<meta name=\"robots\" content=\"index, follow, max-snippet:-1, max-image-preview:large, max-video-preview:-1\" \/>\n<link rel=\"canonical\" href=\"https:\/\/www.haegergroup.com\/pt-pt\/produto\/balanca-digital-de-analise-corporal-haeger-inteliscale-180kg-100g-bluetooth-smart-app\/\" \/>\n<meta property=\"og:locale\" content=\"pt_PT\" \/>\n<meta property=\"og:type\" content=\"article\" \/>\n<meta property=\"og:title\" content=\"Balan\u00e7a Digital de An\u00e1lise Corporal HAEGER InteliScale - 180kg, 100g, Bluetooth, Smart App - HAEGER Home Appliances\" \/>\n<meta property=\"og:description\" content=\"Marca de Pequenos Eletrodom\u00e9sticos para a sua cozinha, cuidados pessoais, casa e climatiza\u00e7\u00e3o. A op\u00e7\u00e3o inteligente para a sua casa.\" \/>\n<meta property=\"og:url\" content=\"https:\/\/www.haegergroup.com\/pt-pt\/produto\/balanca-digital-de-analise-corporal-haeger-inteliscale-180kg-100g-bluetooth-smart-app\/\" \/>\n<meta property=\"og:site_name\" content=\"HAEGER Home Appliances\" \/>\n<meta property=\"article:modified_time\" content=\"2024-12-18T16:06:06+00:00\" \/>\n<meta property=\"og:image\" content=\"https:\/\/www.haegergroup.com\/wp-content\/uploads\/BS-DIG.014A_2-1.jpg\" \/>\n\t<meta property=\"og:image:width\" content=\"1200\" \/>\n\t<meta property=\"og:image:height\" content=\"1200\" \/>\n\t<meta property=\"og:image:type\" content=\"image\/jpeg\" \/>\n<meta name=\"twitter:card\" content=\"summary_large_image\" \/>\n<meta name=\"twitter:label1\" content=\"Tempo estimado de leitura\" \/>\n\t<meta name=\"twitter:data1\" content=\"2 minutos\" \/>\n<script type=\"application\/ld+json\" class=\"yoast-schema-graph\">{\"@context\":\"https:\/\/schema.org\",\"@graph\":[{\"@type\":\"WebPage\",\"@id\":\"https:\/\/www.haegergroup.com\/pt-pt\/produto\/balanca-digital-de-analise-corporal-haeger-inteliscale-180kg-100g-bluetooth-smart-app\/\",\"url\":\"https:\/\/www.haegergroup.com\/pt-pt\/produto\/balanca-digital-de-analise-corporal-haeger-inteliscale-180kg-100g-bluetooth-smart-app\/\",\"name\":\"Balan\u00e7a Digital de An\u00e1lise Corporal HAEGER InteliScale - 180kg, 100g, Bluetooth, Smart App - HAEGER Home Appliances\",\"isPartOf\":{\"@id\":\"https:\/\/www.haegergroup.com\/es\/#website\"},\"primaryImageOfPage\":{\"@id\":\"https:\/\/www.haegergroup.com\/pt-pt\/produto\/balanca-digital-de-analise-corporal-haeger-inteliscale-180kg-100g-bluetooth-smart-app\/#primaryimage\"},\"image\":{\"@id\":\"https:\/\/www.haegergroup.com\/pt-pt\/produto\/balanca-digital-de-analise-corporal-haeger-inteliscale-180kg-100g-bluetooth-smart-app\/#primaryimage\"},\"thumbnailUrl\":\"https:\/\/www.haegergroup.com\/wp-content\/uploads\/BS-DIG.014A_2-1.jpg\",\"datePublished\":\"2024-11-12T11:27:40+00:00\",\"dateModified\":\"2024-12-18T16:06:06+00:00\",\"description\":\"Marca de Pequenos Eletrodom\u00e9sticos para a sua cozinha, cuidados pessoais, casa e climatiza\u00e7\u00e3o. A op\u00e7\u00e3o inteligente para a sua casa.\",\"breadcrumb\":{\"@id\":\"https:\/\/www.haegergroup.com\/pt-pt\/produto\/balanca-digital-de-analise-corporal-haeger-inteliscale-180kg-100g-bluetooth-smart-app\/#breadcrumb\"},\"inLanguage\":\"pt-PT\",\"potentialAction\":[{\"@type\":\"ReadAction\",\"target\":[\"https:\/\/www.haegergroup.com\/pt-pt\/produto\/balanca-digital-de-analise-corporal-haeger-inteliscale-180kg-100g-bluetooth-smart-app\/\"]}]},{\"@type\":\"ImageObject\",\"inLanguage\":\"pt-PT\",\"@id\":\"https:\/\/www.haegergroup.com\/pt-pt\/produto\/balanca-digital-de-analise-corporal-haeger-inteliscale-180kg-100g-bluetooth-smart-app\/#primaryimage\",\"url\":\"https:\/\/www.haegergroup.com\/wp-content\/uploads\/BS-DIG.014A_2-1.jpg\",\"contentUrl\":\"https:\/\/www.haegergroup.com\/wp-content\/uploads\/BS-DIG.014A_2-1.jpg\",\"width\":1200,\"height\":1200},{\"@type\":\"BreadcrumbList\",\"@id\":\"https:\/\/www.haegergroup.com\/pt-pt\/produto\/balanca-digital-de-analise-corporal-haeger-inteliscale-180kg-100g-bluetooth-smart-app\/#breadcrumb\",\"itemListElement\":[{\"@type\":\"ListItem\",\"position\":1,\"name\":\"Portada\",\"item\":\"https:\/\/www.haegergroup.com\/pt-pt\/\"},{\"@type\":\"ListItem\",\"position\":2,\"name\":\"Produtos\",\"item\":\"https:\/\/www.haegergroup.com\/pt-pt\/shop\/\"},{\"@type\":\"ListItem\",\"position\":3,\"name\":\"Balan\u00e7a Digital de An\u00e1lise Corporal HAEGER InteliScale &#8211; 180kg, 100g, Bluetooth, Smart App\"}]},{\"@type\":\"WebSite\",\"@id\":\"https:\/\/www.haegergroup.com\/es\/#website\",\"url\":\"https:\/\/www.haegergroup.com\/es\/\",\"name\":\"HAEGER Home Appliances\",\"description\":\"eletrodom\u00e9sticos\",\"publisher\":{\"@id\":\"https:\/\/www.haegergroup.com\/es\/#organization\"},\"potentialAction\":[{\"@type\":\"SearchAction\",\"target\":{\"@type\":\"EntryPoint\",\"urlTemplate\":\"https:\/\/www.haegergroup.com\/es\/?s={search_term_string}\"},\"query-input\":{\"@type\":\"PropertyValueSpecification\",\"valueRequired\":true,\"valueName\":\"search_term_string\"}}],\"inLanguage\":\"pt-PT\"},{\"@type\":\"Organization\",\"@id\":\"https:\/\/www.haegergroup.com\/es\/#organization\",\"name\":\"Haeger Electrodom\u00e9sticos\",\"url\":\"https:\/\/www.haegergroup.com\/es\/\",\"logo\":{\"@type\":\"ImageObject\",\"inLanguage\":\"pt-PT\",\"@id\":\"https:\/\/www.haegergroup.com\/es\/#\/schema\/logo\/image\/\",\"url\":\"https:\/\/www.haegergroup.com\/wp-content\/uploads\/2018\/05\/logo-web-220.png\",\"contentUrl\":\"https:\/\/www.haegergroup.com\/wp-content\/uploads\/2018\/05\/logo-web-220.png\",\"width\":220,\"height\":49,\"caption\":\"Haeger Electrodom\u00e9sticos\"},\"image\":{\"@id\":\"https:\/\/www.haegergroup.com\/es\/#\/schema\/logo\/image\/\"}}]}<\/script>\n<!-- \/ Yoast SEO plugin. -->","yoast_head_json":{"title":"Balan\u00e7a Digital de An\u00e1lise Corporal HAEGER InteliScale - 180kg, 100g, Bluetooth, Smart App - HAEGER Home Appliances","description":"Marca de Pequenos Eletrodom\u00e9sticos para a sua cozinha, cuidados pessoais, casa e climatiza\u00e7\u00e3o. A op\u00e7\u00e3o inteligente para a sua casa.","robots":{"index":"index","follow":"follow","max-snippet":"max-snippet:-1","max-image-preview":"max-image-preview:large","max-video-preview":"max-video-preview:-1"},"canonical":"https:\/\/www.haegergroup.com\/pt-pt\/produto\/balanca-digital-de-analise-corporal-haeger-inteliscale-180kg-100g-bluetooth-smart-app\/","og_locale":"pt_PT","og_type":"article","og_title":"Balan\u00e7a Digital de An\u00e1lise Corporal HAEGER InteliScale - 180kg, 100g, Bluetooth, Smart App - HAEGER Home Appliances","og_description":"Marca de Pequenos Eletrodom\u00e9sticos para a sua cozinha, cuidados pessoais, casa e climatiza\u00e7\u00e3o. A op\u00e7\u00e3o inteligente para a sua casa.","og_url":"https:\/\/www.haegergroup.com\/pt-pt\/produto\/balanca-digital-de-analise-corporal-haeger-inteliscale-180kg-100g-bluetooth-smart-app\/","og_site_name":"HAEGER Home Appliances","article_modified_time":"2024-12-18T16:06:06+00:00","og_image":[{"width":1200,"height":1200,"url":"https:\/\/www.haegergroup.com\/wp-content\/uploads\/BS-DIG.014A_2-1.jpg","type":"image\/jpeg"}],"twitter_card":"summary_large_image","twitter_misc":{"Tempo estimado de leitura":"2 minutos"},"schema":{"@context":"https:\/\/schema.org","@graph":[{"@type":"WebPage","@id":"https:\/\/www.haegergroup.com\/pt-pt\/produto\/balanca-digital-de-analise-corporal-haeger-inteliscale-180kg-100g-bluetooth-smart-app\/","url":"https:\/\/www.haegergroup.com\/pt-pt\/produto\/balanca-digital-de-analise-corporal-haeger-inteliscale-180kg-100g-bluetooth-smart-app\/","name":"Balan\u00e7a Digital de An\u00e1lise Corporal HAEGER InteliScale - 180kg, 100g, Bluetooth, Smart App - HAEGER Home Appliances","isPartOf":{"@id":"https:\/\/www.haegergroup.com\/es\/#website"},"primaryImageOfPage":{"@id":"https:\/\/www.haegergroup.com\/pt-pt\/produto\/balanca-digital-de-analise-corporal-haeger-inteliscale-180kg-100g-bluetooth-smart-app\/#primaryimage"},"image":{"@id":"https:\/\/www.haegergroup.com\/pt-pt\/produto\/balanca-digital-de-analise-corporal-haeger-inteliscale-180kg-100g-bluetooth-smart-app\/#primaryimage"},"thumbnailUrl":"https:\/\/www.haegergroup.com\/wp-content\/uploads\/BS-DIG.014A_2-1.jpg","datePublished":"2024-11-12T11:27:40+00:00","dateModified":"2024-12-18T16:06:06+00:00","description":"Marca de Pequenos Eletrodom\u00e9sticos para a sua cozinha, cuidados pessoais, casa e climatiza\u00e7\u00e3o. A op\u00e7\u00e3o inteligente para a sua casa.","breadcrumb":{"@id":"https:\/\/www.haegergroup.com\/pt-pt\/produto\/balanca-digital-de-analise-corporal-haeger-inteliscale-180kg-100g-bluetooth-smart-app\/#breadcrumb"},"inLanguage":"pt-PT","potentialAction":[{"@type":"ReadAction","target":["https:\/\/www.haegergroup.com\/pt-pt\/produto\/balanca-digital-de-analise-corporal-haeger-inteliscale-180kg-100g-bluetooth-smart-app\/"]}]},{"@type":"ImageObject","inLanguage":"pt-PT","@id":"https:\/\/www.haegergroup.com\/pt-pt\/produto\/balanca-digital-de-analise-corporal-haeger-inteliscale-180kg-100g-bluetooth-smart-app\/#primaryimage","url":"https:\/\/www.haegergroup.com\/wp-content\/uploads\/BS-DIG.014A_2-1.jpg","contentUrl":"https:\/\/www.haegergroup.com\/wp-content\/uploads\/BS-DIG.014A_2-1.jpg","width":1200,"height":1200},{"@type":"BreadcrumbList","@id":"https:\/\/www.haegergroup.com\/pt-pt\/produto\/balanca-digital-de-analise-corporal-haeger-inteliscale-180kg-100g-bluetooth-smart-app\/#breadcrumb","itemListElement":[{"@type":"ListItem","position":1,"name":"Portada","item":"https:\/\/www.haegergroup.com\/pt-pt\/"},{"@type":"ListItem","position":2,"name":"Produtos","item":"https:\/\/www.haegergroup.com\/pt-pt\/shop\/"},{"@type":"ListItem","position":3,"name":"Balan\u00e7a Digital de An\u00e1lise Corporal HAEGER InteliScale &#8211; 180kg, 100g, Bluetooth, Smart App"}]},{"@type":"WebSite","@id":"https:\/\/www.haegergroup.com\/es\/#website","url":"https:\/\/www.haegergroup.com\/es\/","name":"HAEGER Home Appliances","description":"eletrodom\u00e9sticos","publisher":{"@id":"https:\/\/www.haegergroup.com\/es\/#organization"},"potentialAction":[{"@type":"SearchAction","target":{"@type":"EntryPoint","urlTemplate":"https:\/\/www.haegergroup.com\/es\/?s={search_term_string}"},"query-input":{"@type":"PropertyValueSpecification","valueRequired":true,"valueName":"search_term_string"}}],"inLanguage":"pt-PT"},{"@type":"Organization","@id":"https:\/\/www.haegergroup.com\/es\/#organization","name":"Haeger Electrodom\u00e9sticos","url":"https:\/\/www.haegergroup.com\/es\/","logo":{"@type":"ImageObject","inLanguage":"pt-PT","@id":"https:\/\/www.haegergroup.com\/es\/#\/schema\/logo\/image\/","url":"https:\/\/www.haegergroup.com\/wp-content\/uploads\/2018\/05\/logo-web-220.png","contentUrl":"https:\/\/www.haegergroup.com\/wp-content\/uploads\/2018\/05\/logo-web-220.png","width":220,"height":49,"caption":"Haeger Electrodom\u00e9sticos"},"image":{"@id":"https:\/\/www.haegergroup.com\/es\/#\/schema\/logo\/image\/"}}]}},"_links":{"self":[{"href":"https:\/\/www.haegergroup.com\/pt-pt\/wp-json\/wp\/v2\/product\/36707","targetHints":{"allow":["GET"]}}],"collection":[{"href":"https:\/\/www.haegergroup.com\/pt-pt\/wp-json\/wp\/v2\/product"}],"about":[{"href":"https:\/\/www.haegergroup.com\/pt-pt\/wp-json\/wp\/v2\/types\/product"}],"wp:featuredmedia":[{"embeddable":true,"href":"https:\/\/www.haegergroup.com\/pt-pt\/wp-json\/wp\/v2\/media\/36708"}],"wp:attachment":[{"href":"https:\/\/www.haegergroup.com\/pt-pt\/wp-json\/wp\/v2\/media?parent=36707"}],"wp:term":[{"taxonomy":"product_cat","embeddable":true,"href":"https:\/\/www.haegergroup.com\/pt-pt\/wp-json\/wp\/v2\/product_cat?post=36707"},{"taxonomy":"product_tag","embeddable":true,"href":"https:\/\/www.haegergroup.com\/pt-pt\/wp-json\/wp\/v2\/product_tag?post=36707"}],"curies":[{"name":"wp","href":"https:\/\/api.w.org\/{rel}","templated":true}]}}