{"id":36695,"date":"2024-11-08T17:46:07","date_gmt":"2024-11-08T17:46:07","guid":{"rendered":"https:\/\/www.haegergroup.com\/?post_type=product&#038;p=36695"},"modified":"2024-11-08T17:46:08","modified_gmt":"2024-11-08T17:46:08","slug":"fogao-a-gas-haeger-90x60-110l-classe-a-4-queimadores-1-wok-inox","status":"publish","type":"product","link":"https:\/\/www.haegergroup.com\/pt-pt\/produto\/fogao-a-gas-haeger-90x60-110l-classe-a-4-queimadores-1-wok-inox\/","title":{"rendered":"Fog\u00e3o a G\u00e1s HAEGER 90&#215;60 &#8211; 110L, Classe A, 4 Queimadores + 1 Wok, Inox"},"content":{"rendered":"<p>Apresentamos o fog\u00e3o a g\u00e1s HAEGER 90&#215;60, a combina\u00e7\u00e3o perfeita de desempenho e design elegante para elevar as suas habilidades culin\u00e1rias. Com mesa de trabalho e frente em a\u00e7o inoxid\u00e1vel, este aparelho n\u00e3o s\u00f3 se destaca visualmente, mas tamb\u00e9m garante durabilidade e facilidade de limpeza para enfrentar at\u00e9 os desafios culin\u00e1rios mais exigentes.<\/p>\n<p>Equipado com quatro queimadores principais e um queimador WOK de alto desempenho, todos com dispositivos de seguran\u00e7a e igni\u00e7\u00e3o autom\u00e1tica, este fog\u00e3o permite-lhe expressar a sua paix\u00e3o culin\u00e1ria sem preocupa\u00e7\u00f5es. Crie pratos com sabores intensos e texturas extraordin\u00e1rias, com a confian\u00e7a de que a seguran\u00e7a est\u00e1 sempre garantida. O forno a g\u00e1s destaca-se pela sua versatilidade, oferecendo um volume \u00fatil de 110 litros e luz interior, permitindo-lhe acompanhar o progresso das suas cria\u00e7\u00f5es em detalhe.<\/p>\n<p>A inova\u00e7\u00e3o e a conveni\u00eancia unem-se na grelha e na bandeja de recolha de molhos, tornando o seu processo culin\u00e1rio ainda mais vers\u00e1til e eficiente. A porta de vidro duplo remov\u00edvel facilita a limpeza ap\u00f3s cada refei\u00e7\u00e3o, garantindo que o seu fog\u00e3o e forno se mantenham impec\u00e1veis. Equipado com p\u00e9s ajust\u00e1veis, este fog\u00e3o adapta-se perfeitamente \u00e0 sua cozinha, oferecendo uma combina\u00e7\u00e3o de eleg\u00e2ncia e funcionalidade. Com dimens\u00f5es de L900 x P640 x A880 mm, proporciona um espa\u00e7o amplo para as suas aventuras culin\u00e1rias.<\/p>\n","protected":false},"excerpt":{"rendered":"<h2>Fog\u00e3o a G\u00e1s 90&#215;60<br \/>\nModelo: GC-SS9.020B<\/h2>\n<ul>\n<li>Classe energ\u00e9tica &#8211; A<\/li>\n<li>Categoria de g\u00e1s &#8211; II2H3+ (G30 &#8211; 30mbar)<\/li>\n<li>Mesa de trabalho e painel de controlo em INOX<\/li>\n<li>4 + 1 WOK queimadores com dispositivo de seguran\u00e7a<\/li>\n<li>Corpo cinza<\/li>\n<li>Forno a g\u00e1s com luz interior<\/li>\n<li>Volume \u00fatil do forno &#8211; 110L<\/li>\n<li>Consumo de energia modo convencional: 2,03kWh\/Ciclo<\/li>\n<li>Potencia calor\u00edfica total (entrada): 14,9 kW (Hs)<\/li>\n<li>Pot\u00eancia el\u00e9trica total: 15 W<\/li>\n<li>Consumo total: 1085 gr\/h<\/li>\n<li>Grelha e bandeja para recolha de molhos<\/li>\n<li>Porta com vidro duplo com vidro amov\u00edvel para f\u00e1cil limpeza<\/li>\n<li>Tampa em vidro &amp; P\u00e9s regul\u00e1veis<\/li>\n<li>Dimens\u00f5es: L900 x P640 x A880 (mm)<\/li>\n<li>Peso aprox.: 65 \u00b1 1 kg<\/li>\n<\/ul>\n<p>&nbsp;<\/p>\n<p data-pm-slice=\"0 0 []\">[fusion_button link=\"<a href=\"https:\/\/www.haegergroup.com\/pt-pt\/encontre-sua-loja\/\">https:\/\/www.haegergroup.com\/pt-pt\/encontre-sua-loja\/<\/a>\" text_transform=\"\" title=\"\" target=\"\" link_attributes=\"\" alignment=\"\" modal=\"\" hide_on_mobile=\"small-visibility,medium-visibility,large-visibility\" class=\"\" id=\"\" color=\"custom\" button_gradient_top_color=\"rgba(191,4,17,0)\" button_gradient_bottom_color=\"rgba(191,4,17,0)\" button_gradient_top_color_hover=\"#bf0411\" button_gradient_bottom_color_hover=\"#bf0411\" accent_color=\"#bf0411\" accent_hover_color=\"\" type=\"flat\" bevel_color=\"\" border_width=\"2\" size=\"medium\" stretch=\"default\" shape=\"pill\" icon=\"fa-angle-double-right fas\" icon_position=\"right\" icon_divider=\"no\" animation_type=\"\" animation_direction=\"left\" animation_speed=\"0.3\" animation_offset=\"\"]Onde Comprar[\/fusion_button]<\/p>\n","protected":false},"featured_media":36696,"template":"","meta":[],"product_cat":[231,244],"product_tag":[],"class_list":{"0":"post-36695","1":"product","2":"type-product","3":"status-publish","4":"has-post-thumbnail","6":"product_cat-cozinha","7":"product_cat-fogoes-a-gas","9":"first","10":"instock","11":"shipping-taxable","12":"product-type-simple"},"yoast_head":"<!-- This site is optimized with the Yoast SEO plugin v24.1 - https:\/\/yoast.com\/wordpress\/plugins\/seo\/ -->\n<title>Fog\u00e3o a G\u00e1s HAEGER 90x60 - 110L, Classe A, 4 Queimadores + 1 Wok, Inox - HAEGER Home Appliances<\/title>\n<meta name=\"description\" content=\"Marca de Pequenos Eletrodom\u00e9sticos para a sua cozinha, cuidados pessoais, casa e climatiza\u00e7\u00e3o. A op\u00e7\u00e3o inteligente para a sua casa.\" \/>\n<meta name=\"robots\" content=\"index, follow, max-snippet:-1, max-image-preview:large, max-video-preview:-1\" \/>\n<link rel=\"canonical\" href=\"https:\/\/www.haegergroup.com\/pt-pt\/produto\/fogao-a-gas-haeger-90x60-110l-classe-a-4-queimadores-1-wok-inox\/\" \/>\n<meta property=\"og:locale\" content=\"pt_PT\" \/>\n<meta property=\"og:type\" content=\"article\" \/>\n<meta property=\"og:title\" content=\"Fog\u00e3o a G\u00e1s HAEGER 90x60 - 110L, Classe A, 4 Queimadores + 1 Wok, Inox - HAEGER Home Appliances\" \/>\n<meta property=\"og:description\" content=\"Marca de Pequenos Eletrodom\u00e9sticos para a sua cozinha, cuidados pessoais, casa e climatiza\u00e7\u00e3o. A op\u00e7\u00e3o inteligente para a sua casa.\" \/>\n<meta property=\"og:url\" content=\"https:\/\/www.haegergroup.com\/pt-pt\/produto\/fogao-a-gas-haeger-90x60-110l-classe-a-4-queimadores-1-wok-inox\/\" \/>\n<meta property=\"og:site_name\" content=\"HAEGER Home Appliances\" \/>\n<meta property=\"article:modified_time\" content=\"2024-11-08T17:46:08+00:00\" \/>\n<meta property=\"og:image\" content=\"https:\/\/www.haegergroup.com\/wp-content\/uploads\/GC-SS9.020B_1-1.jpg\" \/>\n\t<meta property=\"og:image:width\" content=\"1200\" \/>\n\t<meta property=\"og:image:height\" content=\"1200\" \/>\n\t<meta property=\"og:image:type\" content=\"image\/jpeg\" \/>\n<meta name=\"twitter:card\" content=\"summary_large_image\" \/>\n<meta name=\"twitter:label1\" content=\"Tempo estimado de leitura\" \/>\n\t<meta name=\"twitter:data1\" content=\"2 minutos\" \/>\n<script type=\"application\/ld+json\" class=\"yoast-schema-graph\">{\"@context\":\"https:\/\/schema.org\",\"@graph\":[{\"@type\":\"WebPage\",\"@id\":\"https:\/\/www.haegergroup.com\/pt-pt\/produto\/fogao-a-gas-haeger-90x60-110l-classe-a-4-queimadores-1-wok-inox\/\",\"url\":\"https:\/\/www.haegergroup.com\/pt-pt\/produto\/fogao-a-gas-haeger-90x60-110l-classe-a-4-queimadores-1-wok-inox\/\",\"name\":\"Fog\u00e3o a G\u00e1s HAEGER 90x60 - 110L, Classe A, 4 Queimadores + 1 Wok, Inox - HAEGER Home Appliances\",\"isPartOf\":{\"@id\":\"https:\/\/www.haegergroup.com\/es\/#website\"},\"primaryImageOfPage\":{\"@id\":\"https:\/\/www.haegergroup.com\/pt-pt\/produto\/fogao-a-gas-haeger-90x60-110l-classe-a-4-queimadores-1-wok-inox\/#primaryimage\"},\"image\":{\"@id\":\"https:\/\/www.haegergroup.com\/pt-pt\/produto\/fogao-a-gas-haeger-90x60-110l-classe-a-4-queimadores-1-wok-inox\/#primaryimage\"},\"thumbnailUrl\":\"https:\/\/www.haegergroup.com\/wp-content\/uploads\/GC-SS9.020B_1-1.jpg\",\"datePublished\":\"2024-11-08T17:46:07+00:00\",\"dateModified\":\"2024-11-08T17:46:08+00:00\",\"description\":\"Marca de Pequenos Eletrodom\u00e9sticos para a sua cozinha, cuidados pessoais, casa e climatiza\u00e7\u00e3o. A op\u00e7\u00e3o inteligente para a sua casa.\",\"breadcrumb\":{\"@id\":\"https:\/\/www.haegergroup.com\/pt-pt\/produto\/fogao-a-gas-haeger-90x60-110l-classe-a-4-queimadores-1-wok-inox\/#breadcrumb\"},\"inLanguage\":\"pt-PT\",\"potentialAction\":[{\"@type\":\"ReadAction\",\"target\":[\"https:\/\/www.haegergroup.com\/pt-pt\/produto\/fogao-a-gas-haeger-90x60-110l-classe-a-4-queimadores-1-wok-inox\/\"]}]},{\"@type\":\"ImageObject\",\"inLanguage\":\"pt-PT\",\"@id\":\"https:\/\/www.haegergroup.com\/pt-pt\/produto\/fogao-a-gas-haeger-90x60-110l-classe-a-4-queimadores-1-wok-inox\/#primaryimage\",\"url\":\"https:\/\/www.haegergroup.com\/wp-content\/uploads\/GC-SS9.020B_1-1.jpg\",\"contentUrl\":\"https:\/\/www.haegergroup.com\/wp-content\/uploads\/GC-SS9.020B_1-1.jpg\",\"width\":1200,\"height\":1200},{\"@type\":\"BreadcrumbList\",\"@id\":\"https:\/\/www.haegergroup.com\/pt-pt\/produto\/fogao-a-gas-haeger-90x60-110l-classe-a-4-queimadores-1-wok-inox\/#breadcrumb\",\"itemListElement\":[{\"@type\":\"ListItem\",\"position\":1,\"name\":\"Portada\",\"item\":\"https:\/\/www.haegergroup.com\/pt-pt\/\"},{\"@type\":\"ListItem\",\"position\":2,\"name\":\"Productos\",\"item\":\"https:\/\/www.haegergroup.com\/es\/tienda\/\"},{\"@type\":\"ListItem\",\"position\":3,\"name\":\"Fog\u00e3o a G\u00e1s HAEGER 90&#215;60 &#8211; 110L, Classe A, 4 Queimadores + 1 Wok, Inox\"}]},{\"@type\":\"WebSite\",\"@id\":\"https:\/\/www.haegergroup.com\/es\/#website\",\"url\":\"https:\/\/www.haegergroup.com\/es\/\",\"name\":\"HAEGER Home Appliances\",\"description\":\"eletrodom\u00e9sticos\",\"publisher\":{\"@id\":\"https:\/\/www.haegergroup.com\/es\/#organization\"},\"potentialAction\":[{\"@type\":\"SearchAction\",\"target\":{\"@type\":\"EntryPoint\",\"urlTemplate\":\"https:\/\/www.haegergroup.com\/es\/?s={search_term_string}\"},\"query-input\":{\"@type\":\"PropertyValueSpecification\",\"valueRequired\":true,\"valueName\":\"search_term_string\"}}],\"inLanguage\":\"pt-PT\"},{\"@type\":\"Organization\",\"@id\":\"https:\/\/www.haegergroup.com\/es\/#organization\",\"name\":\"Haeger Electrodom\u00e9sticos\",\"url\":\"https:\/\/www.haegergroup.com\/es\/\",\"logo\":{\"@type\":\"ImageObject\",\"inLanguage\":\"pt-PT\",\"@id\":\"https:\/\/www.haegergroup.com\/es\/#\/schema\/logo\/image\/\",\"url\":\"https:\/\/www.haegergroup.com\/wp-content\/uploads\/2018\/05\/logo-web-220.png\",\"contentUrl\":\"https:\/\/www.haegergroup.com\/wp-content\/uploads\/2018\/05\/logo-web-220.png\",\"width\":220,\"height\":49,\"caption\":\"Haeger Electrodom\u00e9sticos\"},\"image\":{\"@id\":\"https:\/\/www.haegergroup.com\/es\/#\/schema\/logo\/image\/\"}}]}<\/script>\n<!-- \/ Yoast SEO plugin. -->","yoast_head_json":{"title":"Fog\u00e3o a G\u00e1s HAEGER 90x60 - 110L, Classe A, 4 Queimadores + 1 Wok, Inox - HAEGER Home Appliances","description":"Marca de Pequenos Eletrodom\u00e9sticos para a sua cozinha, cuidados pessoais, casa e climatiza\u00e7\u00e3o. A op\u00e7\u00e3o inteligente para a sua casa.","robots":{"index":"index","follow":"follow","max-snippet":"max-snippet:-1","max-image-preview":"max-image-preview:large","max-video-preview":"max-video-preview:-1"},"canonical":"https:\/\/www.haegergroup.com\/pt-pt\/produto\/fogao-a-gas-haeger-90x60-110l-classe-a-4-queimadores-1-wok-inox\/","og_locale":"pt_PT","og_type":"article","og_title":"Fog\u00e3o a G\u00e1s HAEGER 90x60 - 110L, Classe A, 4 Queimadores + 1 Wok, Inox - HAEGER Home Appliances","og_description":"Marca de Pequenos Eletrodom\u00e9sticos para a sua cozinha, cuidados pessoais, casa e climatiza\u00e7\u00e3o. A op\u00e7\u00e3o inteligente para a sua casa.","og_url":"https:\/\/www.haegergroup.com\/pt-pt\/produto\/fogao-a-gas-haeger-90x60-110l-classe-a-4-queimadores-1-wok-inox\/","og_site_name":"HAEGER Home Appliances","article_modified_time":"2024-11-08T17:46:08+00:00","og_image":[{"width":1200,"height":1200,"url":"https:\/\/www.haegergroup.com\/wp-content\/uploads\/GC-SS9.020B_1-1.jpg","type":"image\/jpeg"}],"twitter_card":"summary_large_image","twitter_misc":{"Tempo estimado de leitura":"2 minutos"},"schema":{"@context":"https:\/\/schema.org","@graph":[{"@type":"WebPage","@id":"https:\/\/www.haegergroup.com\/pt-pt\/produto\/fogao-a-gas-haeger-90x60-110l-classe-a-4-queimadores-1-wok-inox\/","url":"https:\/\/www.haegergroup.com\/pt-pt\/produto\/fogao-a-gas-haeger-90x60-110l-classe-a-4-queimadores-1-wok-inox\/","name":"Fog\u00e3o a G\u00e1s HAEGER 90x60 - 110L, Classe A, 4 Queimadores + 1 Wok, Inox - HAEGER Home Appliances","isPartOf":{"@id":"https:\/\/www.haegergroup.com\/es\/#website"},"primaryImageOfPage":{"@id":"https:\/\/www.haegergroup.com\/pt-pt\/produto\/fogao-a-gas-haeger-90x60-110l-classe-a-4-queimadores-1-wok-inox\/#primaryimage"},"image":{"@id":"https:\/\/www.haegergroup.com\/pt-pt\/produto\/fogao-a-gas-haeger-90x60-110l-classe-a-4-queimadores-1-wok-inox\/#primaryimage"},"thumbnailUrl":"https:\/\/www.haegergroup.com\/wp-content\/uploads\/GC-SS9.020B_1-1.jpg","datePublished":"2024-11-08T17:46:07+00:00","dateModified":"2024-11-08T17:46:08+00:00","description":"Marca de Pequenos Eletrodom\u00e9sticos para a sua cozinha, cuidados pessoais, casa e climatiza\u00e7\u00e3o. A op\u00e7\u00e3o inteligente para a sua casa.","breadcrumb":{"@id":"https:\/\/www.haegergroup.com\/pt-pt\/produto\/fogao-a-gas-haeger-90x60-110l-classe-a-4-queimadores-1-wok-inox\/#breadcrumb"},"inLanguage":"pt-PT","potentialAction":[{"@type":"ReadAction","target":["https:\/\/www.haegergroup.com\/pt-pt\/produto\/fogao-a-gas-haeger-90x60-110l-classe-a-4-queimadores-1-wok-inox\/"]}]},{"@type":"ImageObject","inLanguage":"pt-PT","@id":"https:\/\/www.haegergroup.com\/pt-pt\/produto\/fogao-a-gas-haeger-90x60-110l-classe-a-4-queimadores-1-wok-inox\/#primaryimage","url":"https:\/\/www.haegergroup.com\/wp-content\/uploads\/GC-SS9.020B_1-1.jpg","contentUrl":"https:\/\/www.haegergroup.com\/wp-content\/uploads\/GC-SS9.020B_1-1.jpg","width":1200,"height":1200},{"@type":"BreadcrumbList","@id":"https:\/\/www.haegergroup.com\/pt-pt\/produto\/fogao-a-gas-haeger-90x60-110l-classe-a-4-queimadores-1-wok-inox\/#breadcrumb","itemListElement":[{"@type":"ListItem","position":1,"name":"Portada","item":"https:\/\/www.haegergroup.com\/pt-pt\/"},{"@type":"ListItem","position":2,"name":"Productos","item":"https:\/\/www.haegergroup.com\/es\/tienda\/"},{"@type":"ListItem","position":3,"name":"Fog\u00e3o a G\u00e1s HAEGER 90&#215;60 &#8211; 110L, Classe A, 4 Queimadores + 1 Wok, Inox"}]},{"@type":"WebSite","@id":"https:\/\/www.haegergroup.com\/es\/#website","url":"https:\/\/www.haegergroup.com\/es\/","name":"HAEGER Home Appliances","description":"eletrodom\u00e9sticos","publisher":{"@id":"https:\/\/www.haegergroup.com\/es\/#organization"},"potentialAction":[{"@type":"SearchAction","target":{"@type":"EntryPoint","urlTemplate":"https:\/\/www.haegergroup.com\/es\/?s={search_term_string}"},"query-input":{"@type":"PropertyValueSpecification","valueRequired":true,"valueName":"search_term_string"}}],"inLanguage":"pt-PT"},{"@type":"Organization","@id":"https:\/\/www.haegergroup.com\/es\/#organization","name":"Haeger Electrodom\u00e9sticos","url":"https:\/\/www.haegergroup.com\/es\/","logo":{"@type":"ImageObject","inLanguage":"pt-PT","@id":"https:\/\/www.haegergroup.com\/es\/#\/schema\/logo\/image\/","url":"https:\/\/www.haegergroup.com\/wp-content\/uploads\/2018\/05\/logo-web-220.png","contentUrl":"https:\/\/www.haegergroup.com\/wp-content\/uploads\/2018\/05\/logo-web-220.png","width":220,"height":49,"caption":"Haeger Electrodom\u00e9sticos"},"image":{"@id":"https:\/\/www.haegergroup.com\/es\/#\/schema\/logo\/image\/"}}]}},"_links":{"self":[{"href":"https:\/\/www.haegergroup.com\/pt-pt\/wp-json\/wp\/v2\/product\/36695","targetHints":{"allow":["GET"]}}],"collection":[{"href":"https:\/\/www.haegergroup.com\/pt-pt\/wp-json\/wp\/v2\/product"}],"about":[{"href":"https:\/\/www.haegergroup.com\/pt-pt\/wp-json\/wp\/v2\/types\/product"}],"wp:featuredmedia":[{"embeddable":true,"href":"https:\/\/www.haegergroup.com\/pt-pt\/wp-json\/wp\/v2\/media\/36696"}],"wp:attachment":[{"href":"https:\/\/www.haegergroup.com\/pt-pt\/wp-json\/wp\/v2\/media?parent=36695"}],"wp:term":[{"taxonomy":"product_cat","embeddable":true,"href":"https:\/\/www.haegergroup.com\/pt-pt\/wp-json\/wp\/v2\/product_cat?post=36695"},{"taxonomy":"product_tag","embeddable":true,"href":"https:\/\/www.haegergroup.com\/pt-pt\/wp-json\/wp\/v2\/product_tag?post=36695"}],"curies":[{"name":"wp","href":"https:\/\/api.w.org\/{rel}","templated":true}]}}