{"id":36663,"date":"2024-10-17T16:24:29","date_gmt":"2024-10-17T15:24:29","guid":{"rendered":"https:\/\/www.haegergroup.com\/?post_type=product&#038;p=36663"},"modified":"2024-10-17T16:24:29","modified_gmt":"2024-10-17T15:24:29","slug":"aquecedor-digital-a-oleo-haeger-digital-xi-11-finos-2500w","status":"publish","type":"product","link":"https:\/\/www.haegergroup.com\/pt-pt\/produto\/aquecedor-digital-a-oleo-haeger-digital-xi-11-finos-2500w\/","title":{"rendered":"Aquecedor Digital a \u00d3leo HAEGER Digital XI &#8211; 11 Finos, 2500W"},"content":{"rendered":"<p>O aquecedor digital a \u00f3leo HAEGER Digital XI \u00e9 a escolha ideal para quem procura um aquecedor potente, vers\u00e1til e f\u00e1cil de usar. Com uma pot\u00eancia de 2500W e 11 finos com 4 canais de \u00f3leo, proporciona um aquecimento r\u00e1pido em qualquer ambiente, garantindo conforto em poucos minutos, especialmente nos dias mais frios de inverno.<\/p>\n<p>O seu ecr\u00e3 digital sens\u00edvel ao toque, facilita o controlo da temperatura e a programa\u00e7\u00e3o do temporizador, enquanto o telecomando permite realizar ajustes \u00e0 dist\u00e2ncia, garantindo uma utiliza\u00e7\u00e3o conveniente. O temporizador de 24 horas permite programar o funcionamento conforme a sua rotina, oferecendo praticidade e efici\u00eancia energ\u00e9tica.<\/p>\n<p>Para garantir a sua seguran\u00e7a, o aquecedor est\u00e1 equipado com um sistema de prote\u00e7\u00e3o contra superaquecimento e um interruptor que desliga automaticamente o aparelho em caso de queda. Al\u00e9m disso, as suas rodas permitem uma movimenta\u00e7\u00e3o f\u00e1cil entre diferentes divis\u00f5es, tornando-o extremamente pr\u00e1tico e vers\u00e1til.<\/p>\n<p>Este aquecedor a \u00f3leo foi submetido a testes de press\u00e3o para assegurar total seguran\u00e7a, sendo a escolha perfeita para quem valoriza conforto e seguran\u00e7a nos meses mais frios.<\/p>\n","protected":false},"excerpt":{"rendered":"<h2>Aquecedor Digital a \u00d3leo com 11 Finos<br \/>\nModelo: OH-011.009A<\/h2>\n<ul>\n<li>11 Finos com 4 canais de \u00f3leo<\/li>\n<li>Ecr\u00e3 digital sens\u00edvel ao toque<\/li>\n<li>Telecomando<\/li>\n<li>Temporizador de 24h<\/li>\n<li>Interruptor de seguran\u00e7a em caso de queda<\/li>\n<li>3 N\u00edveis de calor<\/li>\n<li>Termostato regul\u00e1vel<\/li>\n<li>Sistema de prote\u00e7\u00e3o contra superaquecimento<\/li>\n<li>Examinado em press\u00e3o para garantia de seguran\u00e7a<\/li>\n<li>Rodas de f\u00e1cil movimenta\u00e7\u00e3o<\/li>\n<li>Tamanho dos finos: 550 x 120 mm<\/li>\n<li>Pot\u00eancia: 2500 Watts<\/li>\n<\/ul>\n<p data-pm-slice=\"0 0 []\">[fusion_button link=\"<a href=\"https:\/\/www.haegergroup.com\/pt-pt\/encontre-sua-loja\/\">https:\/\/www.haegergroup.com\/pt-pt\/encontre-sua-loja\/<\/a>\" text_transform=\"\" title=\"\" target=\"\" link_attributes=\"\" alignment=\"\" modal=\"\" hide_on_mobile=\"small-visibility,medium-visibility,large-visibility\" class=\"\" id=\"\" color=\"custom\" button_gradient_top_color=\"rgba(191,4,17,0)\" button_gradient_bottom_color=\"rgba(191,4,17,0)\" button_gradient_top_color_hover=\"#bf0411\" button_gradient_bottom_color_hover=\"#bf0411\" accent_color=\"#bf0411\" accent_hover_color=\"\" type=\"flat\" bevel_color=\"\" border_width=\"2\" size=\"medium\" stretch=\"default\" shape=\"pill\" icon=\"fa-angle-double-right fas\" icon_position=\"right\" icon_divider=\"no\" animation_type=\"\" animation_direction=\"left\" animation_speed=\"0.3\" animation_offset=\"\"]Onde Comprar[\/fusion_button]<\/p>\n","protected":false},"featured_media":36667,"template":"","meta":[],"product_cat":[254,251],"product_tag":[],"class_list":{"0":"post-36663","1":"product","2":"type-product","3":"status-publish","4":"has-post-thumbnail","6":"product_cat-aquecedores","7":"product_cat-climatizacao","9":"first","10":"instock","11":"shipping-taxable","12":"product-type-simple"},"yoast_head":"<!-- This site is optimized with the Yoast SEO plugin v24.1 - https:\/\/yoast.com\/wordpress\/plugins\/seo\/ -->\n<title>Aquecedor Digital a \u00d3leo HAEGER Digital XI - 11 Finos, 2500W - HAEGER Home Appliances<\/title>\n<meta name=\"description\" content=\"Marca de Pequenos Eletrodom\u00e9sticos para a sua cozinha, cuidados pessoais, casa e climatiza\u00e7\u00e3o. A op\u00e7\u00e3o inteligente para a sua casa.\" \/>\n<meta name=\"robots\" content=\"index, follow, max-snippet:-1, max-image-preview:large, max-video-preview:-1\" \/>\n<link rel=\"canonical\" href=\"https:\/\/www.haegergroup.com\/pt-pt\/produto\/aquecedor-digital-a-oleo-haeger-digital-xi-11-finos-2500w\/\" \/>\n<meta property=\"og:locale\" content=\"pt_PT\" \/>\n<meta property=\"og:type\" content=\"article\" \/>\n<meta property=\"og:title\" content=\"Aquecedor Digital a \u00d3leo HAEGER Digital XI - 11 Finos, 2500W - HAEGER Home Appliances\" \/>\n<meta property=\"og:description\" content=\"Marca de Pequenos Eletrodom\u00e9sticos para a sua cozinha, cuidados pessoais, casa e climatiza\u00e7\u00e3o. A op\u00e7\u00e3o inteligente para a sua casa.\" \/>\n<meta property=\"og:url\" content=\"https:\/\/www.haegergroup.com\/pt-pt\/produto\/aquecedor-digital-a-oleo-haeger-digital-xi-11-finos-2500w\/\" \/>\n<meta property=\"og:site_name\" content=\"HAEGER Home Appliances\" \/>\n<meta property=\"og:image\" content=\"https:\/\/www.haegergroup.com\/wp-content\/uploads\/OH-011.009A_1-1.jpg\" \/>\n\t<meta property=\"og:image:width\" content=\"1200\" \/>\n\t<meta property=\"og:image:height\" content=\"1200\" \/>\n\t<meta property=\"og:image:type\" content=\"image\/jpeg\" \/>\n<meta name=\"twitter:card\" content=\"summary_large_image\" \/>\n<meta name=\"twitter:label1\" content=\"Tempo estimado de leitura\" \/>\n\t<meta name=\"twitter:data1\" content=\"1 minuto\" \/>\n<script type=\"application\/ld+json\" class=\"yoast-schema-graph\">{\"@context\":\"https:\/\/schema.org\",\"@graph\":[{\"@type\":\"WebPage\",\"@id\":\"https:\/\/www.haegergroup.com\/pt-pt\/produto\/aquecedor-digital-a-oleo-haeger-digital-xi-11-finos-2500w\/\",\"url\":\"https:\/\/www.haegergroup.com\/pt-pt\/produto\/aquecedor-digital-a-oleo-haeger-digital-xi-11-finos-2500w\/\",\"name\":\"Aquecedor Digital a \u00d3leo HAEGER Digital XI - 11 Finos, 2500W - HAEGER Home Appliances\",\"isPartOf\":{\"@id\":\"https:\/\/www.haegergroup.com\/es\/#website\"},\"primaryImageOfPage\":{\"@id\":\"https:\/\/www.haegergroup.com\/pt-pt\/produto\/aquecedor-digital-a-oleo-haeger-digital-xi-11-finos-2500w\/#primaryimage\"},\"image\":{\"@id\":\"https:\/\/www.haegergroup.com\/pt-pt\/produto\/aquecedor-digital-a-oleo-haeger-digital-xi-11-finos-2500w\/#primaryimage\"},\"thumbnailUrl\":\"https:\/\/www.haegergroup.com\/wp-content\/uploads\/OH-011.009A_1-1.jpg\",\"datePublished\":\"2024-10-17T15:24:29+00:00\",\"dateModified\":\"2024-10-17T15:24:29+00:00\",\"description\":\"Marca de Pequenos Eletrodom\u00e9sticos para a sua cozinha, cuidados pessoais, casa e climatiza\u00e7\u00e3o. A op\u00e7\u00e3o inteligente para a sua casa.\",\"breadcrumb\":{\"@id\":\"https:\/\/www.haegergroup.com\/pt-pt\/produto\/aquecedor-digital-a-oleo-haeger-digital-xi-11-finos-2500w\/#breadcrumb\"},\"inLanguage\":\"pt-PT\",\"potentialAction\":[{\"@type\":\"ReadAction\",\"target\":[\"https:\/\/www.haegergroup.com\/pt-pt\/produto\/aquecedor-digital-a-oleo-haeger-digital-xi-11-finos-2500w\/\"]}]},{\"@type\":\"ImageObject\",\"inLanguage\":\"pt-PT\",\"@id\":\"https:\/\/www.haegergroup.com\/pt-pt\/produto\/aquecedor-digital-a-oleo-haeger-digital-xi-11-finos-2500w\/#primaryimage\",\"url\":\"https:\/\/www.haegergroup.com\/wp-content\/uploads\/OH-011.009A_1-1.jpg\",\"contentUrl\":\"https:\/\/www.haegergroup.com\/wp-content\/uploads\/OH-011.009A_1-1.jpg\",\"width\":1200,\"height\":1200},{\"@type\":\"BreadcrumbList\",\"@id\":\"https:\/\/www.haegergroup.com\/pt-pt\/produto\/aquecedor-digital-a-oleo-haeger-digital-xi-11-finos-2500w\/#breadcrumb\",\"itemListElement\":[{\"@type\":\"ListItem\",\"position\":1,\"name\":\"Portada\",\"item\":\"https:\/\/www.haegergroup.com\/pt-pt\/\"},{\"@type\":\"ListItem\",\"position\":2,\"name\":\"Productos\",\"item\":\"https:\/\/www.haegergroup.com\/es\/tienda\/\"},{\"@type\":\"ListItem\",\"position\":3,\"name\":\"Aquecedor Digital a \u00d3leo HAEGER Digital XI &#8211; 11 Finos, 2500W\"}]},{\"@type\":\"WebSite\",\"@id\":\"https:\/\/www.haegergroup.com\/es\/#website\",\"url\":\"https:\/\/www.haegergroup.com\/es\/\",\"name\":\"HAEGER Home Appliances\",\"description\":\"eletrodom\u00e9sticos\",\"publisher\":{\"@id\":\"https:\/\/www.haegergroup.com\/es\/#organization\"},\"potentialAction\":[{\"@type\":\"SearchAction\",\"target\":{\"@type\":\"EntryPoint\",\"urlTemplate\":\"https:\/\/www.haegergroup.com\/es\/?s={search_term_string}\"},\"query-input\":{\"@type\":\"PropertyValueSpecification\",\"valueRequired\":true,\"valueName\":\"search_term_string\"}}],\"inLanguage\":\"pt-PT\"},{\"@type\":\"Organization\",\"@id\":\"https:\/\/www.haegergroup.com\/es\/#organization\",\"name\":\"Haeger Electrodom\u00e9sticos\",\"url\":\"https:\/\/www.haegergroup.com\/es\/\",\"logo\":{\"@type\":\"ImageObject\",\"inLanguage\":\"pt-PT\",\"@id\":\"https:\/\/www.haegergroup.com\/es\/#\/schema\/logo\/image\/\",\"url\":\"https:\/\/www.haegergroup.com\/wp-content\/uploads\/2018\/05\/logo-web-220.png\",\"contentUrl\":\"https:\/\/www.haegergroup.com\/wp-content\/uploads\/2018\/05\/logo-web-220.png\",\"width\":220,\"height\":49,\"caption\":\"Haeger Electrodom\u00e9sticos\"},\"image\":{\"@id\":\"https:\/\/www.haegergroup.com\/es\/#\/schema\/logo\/image\/\"}}]}<\/script>\n<!-- \/ Yoast SEO plugin. -->","yoast_head_json":{"title":"Aquecedor Digital a \u00d3leo HAEGER Digital XI - 11 Finos, 2500W - HAEGER Home Appliances","description":"Marca de Pequenos Eletrodom\u00e9sticos para a sua cozinha, cuidados pessoais, casa e climatiza\u00e7\u00e3o. A op\u00e7\u00e3o inteligente para a sua casa.","robots":{"index":"index","follow":"follow","max-snippet":"max-snippet:-1","max-image-preview":"max-image-preview:large","max-video-preview":"max-video-preview:-1"},"canonical":"https:\/\/www.haegergroup.com\/pt-pt\/produto\/aquecedor-digital-a-oleo-haeger-digital-xi-11-finos-2500w\/","og_locale":"pt_PT","og_type":"article","og_title":"Aquecedor Digital a \u00d3leo HAEGER Digital XI - 11 Finos, 2500W - HAEGER Home Appliances","og_description":"Marca de Pequenos Eletrodom\u00e9sticos para a sua cozinha, cuidados pessoais, casa e climatiza\u00e7\u00e3o. A op\u00e7\u00e3o inteligente para a sua casa.","og_url":"https:\/\/www.haegergroup.com\/pt-pt\/produto\/aquecedor-digital-a-oleo-haeger-digital-xi-11-finos-2500w\/","og_site_name":"HAEGER Home Appliances","og_image":[{"width":1200,"height":1200,"url":"https:\/\/www.haegergroup.com\/wp-content\/uploads\/OH-011.009A_1-1.jpg","type":"image\/jpeg"}],"twitter_card":"summary_large_image","twitter_misc":{"Tempo estimado de leitura":"1 minuto"},"schema":{"@context":"https:\/\/schema.org","@graph":[{"@type":"WebPage","@id":"https:\/\/www.haegergroup.com\/pt-pt\/produto\/aquecedor-digital-a-oleo-haeger-digital-xi-11-finos-2500w\/","url":"https:\/\/www.haegergroup.com\/pt-pt\/produto\/aquecedor-digital-a-oleo-haeger-digital-xi-11-finos-2500w\/","name":"Aquecedor Digital a \u00d3leo HAEGER Digital XI - 11 Finos, 2500W - HAEGER Home Appliances","isPartOf":{"@id":"https:\/\/www.haegergroup.com\/es\/#website"},"primaryImageOfPage":{"@id":"https:\/\/www.haegergroup.com\/pt-pt\/produto\/aquecedor-digital-a-oleo-haeger-digital-xi-11-finos-2500w\/#primaryimage"},"image":{"@id":"https:\/\/www.haegergroup.com\/pt-pt\/produto\/aquecedor-digital-a-oleo-haeger-digital-xi-11-finos-2500w\/#primaryimage"},"thumbnailUrl":"https:\/\/www.haegergroup.com\/wp-content\/uploads\/OH-011.009A_1-1.jpg","datePublished":"2024-10-17T15:24:29+00:00","dateModified":"2024-10-17T15:24:29+00:00","description":"Marca de Pequenos Eletrodom\u00e9sticos para a sua cozinha, cuidados pessoais, casa e climatiza\u00e7\u00e3o. A op\u00e7\u00e3o inteligente para a sua casa.","breadcrumb":{"@id":"https:\/\/www.haegergroup.com\/pt-pt\/produto\/aquecedor-digital-a-oleo-haeger-digital-xi-11-finos-2500w\/#breadcrumb"},"inLanguage":"pt-PT","potentialAction":[{"@type":"ReadAction","target":["https:\/\/www.haegergroup.com\/pt-pt\/produto\/aquecedor-digital-a-oleo-haeger-digital-xi-11-finos-2500w\/"]}]},{"@type":"ImageObject","inLanguage":"pt-PT","@id":"https:\/\/www.haegergroup.com\/pt-pt\/produto\/aquecedor-digital-a-oleo-haeger-digital-xi-11-finos-2500w\/#primaryimage","url":"https:\/\/www.haegergroup.com\/wp-content\/uploads\/OH-011.009A_1-1.jpg","contentUrl":"https:\/\/www.haegergroup.com\/wp-content\/uploads\/OH-011.009A_1-1.jpg","width":1200,"height":1200},{"@type":"BreadcrumbList","@id":"https:\/\/www.haegergroup.com\/pt-pt\/produto\/aquecedor-digital-a-oleo-haeger-digital-xi-11-finos-2500w\/#breadcrumb","itemListElement":[{"@type":"ListItem","position":1,"name":"Portada","item":"https:\/\/www.haegergroup.com\/pt-pt\/"},{"@type":"ListItem","position":2,"name":"Productos","item":"https:\/\/www.haegergroup.com\/es\/tienda\/"},{"@type":"ListItem","position":3,"name":"Aquecedor Digital a \u00d3leo HAEGER Digital XI &#8211; 11 Finos, 2500W"}]},{"@type":"WebSite","@id":"https:\/\/www.haegergroup.com\/es\/#website","url":"https:\/\/www.haegergroup.com\/es\/","name":"HAEGER Home Appliances","description":"eletrodom\u00e9sticos","publisher":{"@id":"https:\/\/www.haegergroup.com\/es\/#organization"},"potentialAction":[{"@type":"SearchAction","target":{"@type":"EntryPoint","urlTemplate":"https:\/\/www.haegergroup.com\/es\/?s={search_term_string}"},"query-input":{"@type":"PropertyValueSpecification","valueRequired":true,"valueName":"search_term_string"}}],"inLanguage":"pt-PT"},{"@type":"Organization","@id":"https:\/\/www.haegergroup.com\/es\/#organization","name":"Haeger Electrodom\u00e9sticos","url":"https:\/\/www.haegergroup.com\/es\/","logo":{"@type":"ImageObject","inLanguage":"pt-PT","@id":"https:\/\/www.haegergroup.com\/es\/#\/schema\/logo\/image\/","url":"https:\/\/www.haegergroup.com\/wp-content\/uploads\/2018\/05\/logo-web-220.png","contentUrl":"https:\/\/www.haegergroup.com\/wp-content\/uploads\/2018\/05\/logo-web-220.png","width":220,"height":49,"caption":"Haeger Electrodom\u00e9sticos"},"image":{"@id":"https:\/\/www.haegergroup.com\/es\/#\/schema\/logo\/image\/"}}]}},"_links":{"self":[{"href":"https:\/\/www.haegergroup.com\/pt-pt\/wp-json\/wp\/v2\/product\/36663","targetHints":{"allow":["GET"]}}],"collection":[{"href":"https:\/\/www.haegergroup.com\/pt-pt\/wp-json\/wp\/v2\/product"}],"about":[{"href":"https:\/\/www.haegergroup.com\/pt-pt\/wp-json\/wp\/v2\/types\/product"}],"wp:featuredmedia":[{"embeddable":true,"href":"https:\/\/www.haegergroup.com\/pt-pt\/wp-json\/wp\/v2\/media\/36667"}],"wp:attachment":[{"href":"https:\/\/www.haegergroup.com\/pt-pt\/wp-json\/wp\/v2\/media?parent=36663"}],"wp:term":[{"taxonomy":"product_cat","embeddable":true,"href":"https:\/\/www.haegergroup.com\/pt-pt\/wp-json\/wp\/v2\/product_cat?post=36663"},{"taxonomy":"product_tag","embeddable":true,"href":"https:\/\/www.haegergroup.com\/pt-pt\/wp-json\/wp\/v2\/product_tag?post=36663"}],"curies":[{"name":"wp","href":"https:\/\/api.w.org\/{rel}","templated":true}]}}