{"id":36409,"date":"2024-07-05T16:44:28","date_gmt":"2024-07-05T15:44:28","guid":{"rendered":"https:\/\/www.haegergroup.com\/?post_type=product&#038;p=36409"},"modified":"2024-07-19T16:25:33","modified_gmt":"2024-07-19T15:25:33","slug":"coluna-bluetooth-portatil-haeger-super-boom-autonomia-24-h-resistencia-a-salpicos-ipx5-luz-led","status":"publish","type":"product","link":"https:\/\/www.haegergroup.com\/pt-pt\/produto\/coluna-bluetooth-portatil-haeger-super-boom-autonomia-24-h-resistencia-a-salpicos-ipx5-luz-led\/","title":{"rendered":"Coluna Bluetooth Port\u00e1til HAEGER Super Boom &#8211; Autonomia 24 H"},"content":{"rendered":"<p><strong>Leve a festa para qualquer lugar com a Coluna Bluetooth HAEGER Super Boom!<\/strong><\/p>\n<p>Descubra a liberdade de levar a sua m\u00fasica para onde quiser com a coluna bluetooth port\u00e1til HAEGER Super Boom. Equipada com duas colunas de 3.5&#8243; (8.9 cm) e 20W cada, esta coluna proporciona um som potente e claro que pode encher qualquer espa\u00e7o. A resist\u00eancia a salpicos IPX5 permite-lhe levar a m\u00fasica para a praia, piscina ou qualquer atividade ao ar livre sem preocupa\u00e7\u00f5es.<\/p>\n<p>A fun\u00e7\u00e3o TWS (True Wireless Stereo) permite conectar duas colunas para uma experi\u00eancia de som est\u00e9reo verdadeiramente imersiva. Adicione a isso a fun\u00e7\u00e3o BASS BOOST para graves mais profundos e poderosos, e ter\u00e1 uma experi\u00eancia sonora completa.<\/p>\n<p>Com quatro modos de reprodu\u00e7\u00e3o &#8211; Bluetooth, Pen Drive USB, Cart\u00e3o TF e Entrada AUX &#8211; a HAEGER Super Boom oferece versatilidade e conveni\u00eancia. A ilumina\u00e7\u00e3o Full Colors RGB n\u00e3o s\u00f3 melhora a experi\u00eancia visual como tamb\u00e9m cria a atmosfera perfeita para qualquer ocasi\u00e3o.<\/p>\n<p>Com uma bateria de 7.4V &#8211; 4000mAh e autonomia m\u00e1xima de 24 horas, pode desfrutar de horas de m\u00fasica ininterrupta.<\/p>\n","protected":false},"excerpt":{"rendered":"<h2>Coluna Bluetooth Port\u00e1til<br \/>\nModelo: SP-40W.001A<\/h2>\n<ul>\n<li>Autonomia &#8211; 24 horas<\/li>\n<li>Coluna Bluetooth (3.5&#8243; &#8211; 2x 20W)<\/li>\n<li>Som potente e cristalino &gt;80dB<\/li>\n<li>Resist\u00eancia a salpicos IPX5, perfeito para a praia, piscina, barco e outras atividades ao ar livre<\/li>\n<li>Colunas de 3.5&#8243; (8.9cm)<\/li>\n<li>Ilumina\u00e7\u00e3o Full Colors<\/li>\n<li>Fun\u00e7\u00e3o TWS, permite uma verdadeira reprodu\u00e7\u00e3o sem fios com som est\u00e9reo duplamente melhorado<\/li>\n<li>Fun\u00e7\u00e3o BASS BOOST<\/li>\n<li>4 Modos de reprodu\u00e7\u00e3o: Bluetooth, USB Pen Drive, TF Card e AUX Input<\/li>\n<li>Intervalo de frequ\u00eancia: 80Hz &#8211; 12KHz<\/li>\n<li>Bateria 7.4V &#8211; 4000mAh<\/li>\n<li>Medidas: 37&#215;12,5&#215;13,5 cm<\/li>\n<\/ul>\n[fusion_button link=\"https:\/\/www.haegergroup.com\/pt-pt\/encontre-sua-loja\/\" text_transform=\"\" title=\"\" target=\"\" link_attributes=\"\" alignment=\"\" modal=\"\" hide_on_mobile=\"small-visibility,medium-visibility,large-visibility\" class=\"\" id=\"\" color=\"custom\" button_gradient_top_color=\"rgba(191,4,17,0)\" button_gradient_bottom_color=\"rgba(191,4,17,0)\" button_gradient_top_color_hover=\"#bf0411\" button_gradient_bottom_color_hover=\"#bf0411\" accent_color=\"#bf0411\" accent_hover_color=\"\" type=\"flat\" bevel_color=\"\" border_width=\"2\" size=\"medium\" stretch=\"default\" shape=\"pill\" icon=\"fa-angle-double-right fas\" icon_position=\"right\" icon_divider=\"no\" animation_type=\"\" animation_direction=\"left\" animation_speed=\"0.3\" animation_offset=\"\"]Onde Comprar[\/fusion_button]\n","protected":false},"featured_media":36408,"template":"","meta":[],"product_cat":[261,258,780],"product_tag":[],"class_list":{"0":"post-36409","1":"product","2":"type-product","3":"status-publish","4":"has-post-thumbnail","6":"product_cat-audio-pt","7":"product_cat-audio-tv-telecom-pt","8":"product_cat-colunas-bluetooth","10":"first","11":"instock","12":"shipping-taxable","13":"product-type-simple"},"yoast_head":"<!-- This site is optimized with the Yoast SEO plugin v24.1 - https:\/\/yoast.com\/wordpress\/plugins\/seo\/ -->\n<title>Coluna Bluetooth Port\u00e1til HAEGER Super Boom - Autonomia 24 H - HAEGER Home Appliances<\/title>\n<meta name=\"description\" content=\"Marca de Pequenos Eletrodom\u00e9sticos para a sua cozinha, cuidados pessoais, casa e climatiza\u00e7\u00e3o. A op\u00e7\u00e3o inteligente para a sua casa.\" \/>\n<meta name=\"robots\" content=\"index, follow, max-snippet:-1, max-image-preview:large, max-video-preview:-1\" \/>\n<link rel=\"canonical\" href=\"https:\/\/haegerstore.pt\/colunas-bluetooth-portateis\/1523-coluna-bluetooth-portatil-haeger-super-boom-autonomia-24-horas-resistencia-a-salpicos-ipx5-iluminacao-rgb.html\" \/>\n<meta property=\"og:locale\" content=\"pt_PT\" \/>\n<meta property=\"og:type\" content=\"article\" \/>\n<meta property=\"og:title\" content=\"Coluna Bluetooth Port\u00e1til HAEGER Super Boom - Autonomia 24 H - HAEGER Home Appliances\" \/>\n<meta property=\"og:description\" content=\"Marca de Pequenos Eletrodom\u00e9sticos para a sua cozinha, cuidados pessoais, casa e climatiza\u00e7\u00e3o. A op\u00e7\u00e3o inteligente para a sua casa.\" \/>\n<meta property=\"og:url\" content=\"https:\/\/haegerstore.pt\/colunas-bluetooth-portateis\/1523-coluna-bluetooth-portatil-haeger-super-boom-autonomia-24-horas-resistencia-a-salpicos-ipx5-iluminacao-rgb.html\" \/>\n<meta property=\"og:site_name\" content=\"HAEGER Home Appliances\" \/>\n<meta property=\"article:modified_time\" content=\"2024-07-19T15:25:33+00:00\" \/>\n<meta property=\"og:image\" content=\"https:\/\/www.haegergroup.com\/wp-content\/uploads\/SP-40W.001A_1-1.png\" \/>\n\t<meta property=\"og:image:width\" content=\"1200\" \/>\n\t<meta property=\"og:image:height\" content=\"1200\" \/>\n\t<meta property=\"og:image:type\" content=\"image\/png\" \/>\n<meta name=\"twitter:card\" content=\"summary_large_image\" \/>\n<meta name=\"twitter:label1\" content=\"Tempo estimado de leitura\" \/>\n\t<meta name=\"twitter:data1\" content=\"1 minuto\" \/>\n<script type=\"application\/ld+json\" class=\"yoast-schema-graph\">{\"@context\":\"https:\/\/schema.org\",\"@graph\":[{\"@type\":\"WebPage\",\"@id\":\"https:\/\/www.haegergroup.com\/pt-pt\/produto\/coluna-bluetooth-portatil-haeger-super-boom-autonomia-24-h-resistencia-a-salpicos-ipx5-luz-led\/\",\"url\":\"https:\/\/haegerstore.pt\/colunas-bluetooth-portateis\/1523-coluna-bluetooth-portatil-haeger-super-boom-autonomia-24-horas-resistencia-a-salpicos-ipx5-iluminacao-rgb.html\",\"name\":\"Coluna Bluetooth Port\u00e1til HAEGER Super Boom - Autonomia 24 H - HAEGER Home Appliances\",\"isPartOf\":{\"@id\":\"https:\/\/www.haegergroup.com\/es\/#website\"},\"primaryImageOfPage\":{\"@id\":\"https:\/\/haegerstore.pt\/colunas-bluetooth-portateis\/1523-coluna-bluetooth-portatil-haeger-super-boom-autonomia-24-horas-resistencia-a-salpicos-ipx5-iluminacao-rgb.html#primaryimage\"},\"image\":{\"@id\":\"https:\/\/haegerstore.pt\/colunas-bluetooth-portateis\/1523-coluna-bluetooth-portatil-haeger-super-boom-autonomia-24-horas-resistencia-a-salpicos-ipx5-iluminacao-rgb.html#primaryimage\"},\"thumbnailUrl\":\"https:\/\/www.haegergroup.com\/wp-content\/uploads\/SP-40W.001A_1-1.png\",\"datePublished\":\"2024-07-05T15:44:28+00:00\",\"dateModified\":\"2024-07-19T15:25:33+00:00\",\"description\":\"Marca de Pequenos Eletrodom\u00e9sticos para a sua cozinha, cuidados pessoais, casa e climatiza\u00e7\u00e3o. A op\u00e7\u00e3o inteligente para a sua casa.\",\"breadcrumb\":{\"@id\":\"https:\/\/haegerstore.pt\/colunas-bluetooth-portateis\/1523-coluna-bluetooth-portatil-haeger-super-boom-autonomia-24-horas-resistencia-a-salpicos-ipx5-iluminacao-rgb.html#breadcrumb\"},\"inLanguage\":\"pt-PT\",\"potentialAction\":[{\"@type\":\"ReadAction\",\"target\":[\"https:\/\/haegerstore.pt\/colunas-bluetooth-portateis\/1523-coluna-bluetooth-portatil-haeger-super-boom-autonomia-24-horas-resistencia-a-salpicos-ipx5-iluminacao-rgb.html\"]}]},{\"@type\":\"ImageObject\",\"inLanguage\":\"pt-PT\",\"@id\":\"https:\/\/haegerstore.pt\/colunas-bluetooth-portateis\/1523-coluna-bluetooth-portatil-haeger-super-boom-autonomia-24-horas-resistencia-a-salpicos-ipx5-iluminacao-rgb.html#primaryimage\",\"url\":\"https:\/\/www.haegergroup.com\/wp-content\/uploads\/SP-40W.001A_1-1.png\",\"contentUrl\":\"https:\/\/www.haegergroup.com\/wp-content\/uploads\/SP-40W.001A_1-1.png\",\"width\":1200,\"height\":1200},{\"@type\":\"BreadcrumbList\",\"@id\":\"https:\/\/haegerstore.pt\/colunas-bluetooth-portateis\/1523-coluna-bluetooth-portatil-haeger-super-boom-autonomia-24-horas-resistencia-a-salpicos-ipx5-iluminacao-rgb.html#breadcrumb\",\"itemListElement\":[{\"@type\":\"ListItem\",\"position\":1,\"name\":\"Portada\",\"item\":\"https:\/\/www.haegergroup.com\/pt-pt\/\"},{\"@type\":\"ListItem\",\"position\":2,\"name\":\"Productos\",\"item\":\"https:\/\/www.haegergroup.com\/es\/tienda\/\"},{\"@type\":\"ListItem\",\"position\":3,\"name\":\"Coluna Bluetooth Port\u00e1til HAEGER Super Boom &#8211; Autonomia 24 H\"}]},{\"@type\":\"WebSite\",\"@id\":\"https:\/\/www.haegergroup.com\/es\/#website\",\"url\":\"https:\/\/www.haegergroup.com\/es\/\",\"name\":\"HAEGER Home Appliances\",\"description\":\"eletrodom\u00e9sticos\",\"publisher\":{\"@id\":\"https:\/\/www.haegergroup.com\/es\/#organization\"},\"potentialAction\":[{\"@type\":\"SearchAction\",\"target\":{\"@type\":\"EntryPoint\",\"urlTemplate\":\"https:\/\/www.haegergroup.com\/es\/?s={search_term_string}\"},\"query-input\":{\"@type\":\"PropertyValueSpecification\",\"valueRequired\":true,\"valueName\":\"search_term_string\"}}],\"inLanguage\":\"pt-PT\"},{\"@type\":\"Organization\",\"@id\":\"https:\/\/www.haegergroup.com\/es\/#organization\",\"name\":\"Haeger Electrodom\u00e9sticos\",\"url\":\"https:\/\/www.haegergroup.com\/es\/\",\"logo\":{\"@type\":\"ImageObject\",\"inLanguage\":\"pt-PT\",\"@id\":\"https:\/\/www.haegergroup.com\/es\/#\/schema\/logo\/image\/\",\"url\":\"https:\/\/www.haegergroup.com\/wp-content\/uploads\/2018\/05\/logo-web-220.png\",\"contentUrl\":\"https:\/\/www.haegergroup.com\/wp-content\/uploads\/2018\/05\/logo-web-220.png\",\"width\":220,\"height\":49,\"caption\":\"Haeger Electrodom\u00e9sticos\"},\"image\":{\"@id\":\"https:\/\/www.haegergroup.com\/es\/#\/schema\/logo\/image\/\"}}]}<\/script>\n<!-- \/ Yoast SEO plugin. -->","yoast_head_json":{"title":"Coluna Bluetooth Port\u00e1til HAEGER Super Boom - Autonomia 24 H - HAEGER Home Appliances","description":"Marca de Pequenos Eletrodom\u00e9sticos para a sua cozinha, cuidados pessoais, casa e climatiza\u00e7\u00e3o. A op\u00e7\u00e3o inteligente para a sua casa.","robots":{"index":"index","follow":"follow","max-snippet":"max-snippet:-1","max-image-preview":"max-image-preview:large","max-video-preview":"max-video-preview:-1"},"canonical":"https:\/\/haegerstore.pt\/colunas-bluetooth-portateis\/1523-coluna-bluetooth-portatil-haeger-super-boom-autonomia-24-horas-resistencia-a-salpicos-ipx5-iluminacao-rgb.html","og_locale":"pt_PT","og_type":"article","og_title":"Coluna Bluetooth Port\u00e1til HAEGER Super Boom - Autonomia 24 H - HAEGER Home Appliances","og_description":"Marca de Pequenos Eletrodom\u00e9sticos para a sua cozinha, cuidados pessoais, casa e climatiza\u00e7\u00e3o. A op\u00e7\u00e3o inteligente para a sua casa.","og_url":"https:\/\/haegerstore.pt\/colunas-bluetooth-portateis\/1523-coluna-bluetooth-portatil-haeger-super-boom-autonomia-24-horas-resistencia-a-salpicos-ipx5-iluminacao-rgb.html","og_site_name":"HAEGER Home Appliances","article_modified_time":"2024-07-19T15:25:33+00:00","og_image":[{"width":1200,"height":1200,"url":"https:\/\/www.haegergroup.com\/wp-content\/uploads\/SP-40W.001A_1-1.png","type":"image\/png"}],"twitter_card":"summary_large_image","twitter_misc":{"Tempo estimado de leitura":"1 minuto"},"schema":{"@context":"https:\/\/schema.org","@graph":[{"@type":"WebPage","@id":"https:\/\/www.haegergroup.com\/pt-pt\/produto\/coluna-bluetooth-portatil-haeger-super-boom-autonomia-24-h-resistencia-a-salpicos-ipx5-luz-led\/","url":"https:\/\/haegerstore.pt\/colunas-bluetooth-portateis\/1523-coluna-bluetooth-portatil-haeger-super-boom-autonomia-24-horas-resistencia-a-salpicos-ipx5-iluminacao-rgb.html","name":"Coluna Bluetooth Port\u00e1til HAEGER Super Boom - Autonomia 24 H - HAEGER Home Appliances","isPartOf":{"@id":"https:\/\/www.haegergroup.com\/es\/#website"},"primaryImageOfPage":{"@id":"https:\/\/haegerstore.pt\/colunas-bluetooth-portateis\/1523-coluna-bluetooth-portatil-haeger-super-boom-autonomia-24-horas-resistencia-a-salpicos-ipx5-iluminacao-rgb.html#primaryimage"},"image":{"@id":"https:\/\/haegerstore.pt\/colunas-bluetooth-portateis\/1523-coluna-bluetooth-portatil-haeger-super-boom-autonomia-24-horas-resistencia-a-salpicos-ipx5-iluminacao-rgb.html#primaryimage"},"thumbnailUrl":"https:\/\/www.haegergroup.com\/wp-content\/uploads\/SP-40W.001A_1-1.png","datePublished":"2024-07-05T15:44:28+00:00","dateModified":"2024-07-19T15:25:33+00:00","description":"Marca de Pequenos Eletrodom\u00e9sticos para a sua cozinha, cuidados pessoais, casa e climatiza\u00e7\u00e3o. A op\u00e7\u00e3o inteligente para a sua casa.","breadcrumb":{"@id":"https:\/\/haegerstore.pt\/colunas-bluetooth-portateis\/1523-coluna-bluetooth-portatil-haeger-super-boom-autonomia-24-horas-resistencia-a-salpicos-ipx5-iluminacao-rgb.html#breadcrumb"},"inLanguage":"pt-PT","potentialAction":[{"@type":"ReadAction","target":["https:\/\/haegerstore.pt\/colunas-bluetooth-portateis\/1523-coluna-bluetooth-portatil-haeger-super-boom-autonomia-24-horas-resistencia-a-salpicos-ipx5-iluminacao-rgb.html"]}]},{"@type":"ImageObject","inLanguage":"pt-PT","@id":"https:\/\/haegerstore.pt\/colunas-bluetooth-portateis\/1523-coluna-bluetooth-portatil-haeger-super-boom-autonomia-24-horas-resistencia-a-salpicos-ipx5-iluminacao-rgb.html#primaryimage","url":"https:\/\/www.haegergroup.com\/wp-content\/uploads\/SP-40W.001A_1-1.png","contentUrl":"https:\/\/www.haegergroup.com\/wp-content\/uploads\/SP-40W.001A_1-1.png","width":1200,"height":1200},{"@type":"BreadcrumbList","@id":"https:\/\/haegerstore.pt\/colunas-bluetooth-portateis\/1523-coluna-bluetooth-portatil-haeger-super-boom-autonomia-24-horas-resistencia-a-salpicos-ipx5-iluminacao-rgb.html#breadcrumb","itemListElement":[{"@type":"ListItem","position":1,"name":"Portada","item":"https:\/\/www.haegergroup.com\/pt-pt\/"},{"@type":"ListItem","position":2,"name":"Productos","item":"https:\/\/www.haegergroup.com\/es\/tienda\/"},{"@type":"ListItem","position":3,"name":"Coluna Bluetooth Port\u00e1til HAEGER Super Boom &#8211; Autonomia 24 H"}]},{"@type":"WebSite","@id":"https:\/\/www.haegergroup.com\/es\/#website","url":"https:\/\/www.haegergroup.com\/es\/","name":"HAEGER Home Appliances","description":"eletrodom\u00e9sticos","publisher":{"@id":"https:\/\/www.haegergroup.com\/es\/#organization"},"potentialAction":[{"@type":"SearchAction","target":{"@type":"EntryPoint","urlTemplate":"https:\/\/www.haegergroup.com\/es\/?s={search_term_string}"},"query-input":{"@type":"PropertyValueSpecification","valueRequired":true,"valueName":"search_term_string"}}],"inLanguage":"pt-PT"},{"@type":"Organization","@id":"https:\/\/www.haegergroup.com\/es\/#organization","name":"Haeger Electrodom\u00e9sticos","url":"https:\/\/www.haegergroup.com\/es\/","logo":{"@type":"ImageObject","inLanguage":"pt-PT","@id":"https:\/\/www.haegergroup.com\/es\/#\/schema\/logo\/image\/","url":"https:\/\/www.haegergroup.com\/wp-content\/uploads\/2018\/05\/logo-web-220.png","contentUrl":"https:\/\/www.haegergroup.com\/wp-content\/uploads\/2018\/05\/logo-web-220.png","width":220,"height":49,"caption":"Haeger Electrodom\u00e9sticos"},"image":{"@id":"https:\/\/www.haegergroup.com\/es\/#\/schema\/logo\/image\/"}}]}},"_links":{"self":[{"href":"https:\/\/www.haegergroup.com\/pt-pt\/wp-json\/wp\/v2\/product\/36409","targetHints":{"allow":["GET"]}}],"collection":[{"href":"https:\/\/www.haegergroup.com\/pt-pt\/wp-json\/wp\/v2\/product"}],"about":[{"href":"https:\/\/www.haegergroup.com\/pt-pt\/wp-json\/wp\/v2\/types\/product"}],"wp:featuredmedia":[{"embeddable":true,"href":"https:\/\/www.haegergroup.com\/pt-pt\/wp-json\/wp\/v2\/media\/36408"}],"wp:attachment":[{"href":"https:\/\/www.haegergroup.com\/pt-pt\/wp-json\/wp\/v2\/media?parent=36409"}],"wp:term":[{"taxonomy":"product_cat","embeddable":true,"href":"https:\/\/www.haegergroup.com\/pt-pt\/wp-json\/wp\/v2\/product_cat?post=36409"},{"taxonomy":"product_tag","embeddable":true,"href":"https:\/\/www.haegergroup.com\/pt-pt\/wp-json\/wp\/v2\/product_tag?post=36409"}],"curies":[{"name":"wp","href":"https:\/\/api.w.org\/{rel}","templated":true}]}}