{"id":36292,"date":"2024-06-18T10:00:23","date_gmt":"2024-06-18T09:00:23","guid":{"rendered":"https:\/\/www.haegergroup.com\/?post_type=product&#038;p=36292"},"modified":"2024-06-18T10:00:24","modified_gmt":"2024-06-18T09:00:24","slug":"fogao-a-gas-haeger-60x60-64-l-4-zonas-branco","status":"publish","type":"product","link":"https:\/\/www.haegergroup.com\/pt-pt\/produto\/fogao-a-gas-haeger-60x60-64-l-4-zonas-branco\/","title":{"rendered":"Fog\u00e3o a G\u00e1s HAEGER 60\u00d760 &#8211; 64 L, 4 Zonas, Branco"},"content":{"rendered":"<p>O fog\u00e3o a g\u00e1s 60&#215;60 HAEGER combina tecnologia e um design robusto para proporcionar uma cozinha eficiente e segura. A mesa de trabalho em inox com vidro protetor de parede garante durabilidade e f\u00e1cil limpeza, enquanto os quatro queimadores com dispositivo de seguran\u00e7a oferecem versatilidade e prote\u00e7\u00e3o contra vazamentos de g\u00e1s. O forno a g\u00e1s, tamb\u00e9m equipado com dispositivo de seguran\u00e7a, possui um volume \u00fatil de 64 litros, ideal para assar grandes por\u00e7\u00f5es de alimentos de forma uniforme e eficaz.<\/p>\n<p>Al\u00e9m disso, o forno inclui uma grelha e uma bandeja para recolha de molhos, facilitando o preparo de receitas variadas. A porta do forno, com vidro duplo e vidro amov\u00edvel, permite uma limpeza simples e r\u00e1pida, enquanto os p\u00e9s regul\u00e1veis garantem estabilidade e adaptabilidade ao seu espa\u00e7o. O vidro protetor de parede anti-salpicos adiciona uma camada extra de prote\u00e7\u00e3o e facilidade de limpeza.<\/p>\n","protected":false},"excerpt":{"rendered":"<h2>Fog\u00e3o a G\u00e1s 60&#215;60 (Branco)<br \/>\nModelo: GC-SW6.003D<\/h2>\n<ul>\n<li>Mesa de trabalho em inox com vidro protetor de parede<\/li>\n<li>4 queimadores com dispositivo de seguran\u00e7a<\/li>\n<li>Forno a g\u00e1s com dispositivo de seguran\u00e7a<\/li>\n<li>Volume \u00fatil do forno &#8211; 64L<\/li>\n<li>Consumo de energia modo convencional: 5.72MJ (1.59kWh)\/Ciclo<\/li>\n<li>Grelha e bandeja para recolha de molhos<\/li>\n<li>Porta com vidro duplo com vidro amov\u00edvel para f\u00e1cil limpeza<\/li>\n<li>Vidro protetor de parede anti-salpicos<\/li>\n<li>P\u00e9s regul\u00e1veis<\/li>\n<li>Dimens\u00f5es: L600 x P600 x A850 (mm)<\/li>\n<\/ul>\n","protected":false},"featured_media":36293,"template":"","meta":[],"product_cat":[231,244],"product_tag":[],"class_list":{"0":"post-36292","1":"product","2":"type-product","3":"status-publish","4":"has-post-thumbnail","6":"product_cat-cozinha","7":"product_cat-fogoes-a-gas","9":"first","10":"instock","11":"shipping-taxable","12":"product-type-simple"},"yoast_head":"<!-- This site is optimized with the Yoast SEO plugin v24.1 - https:\/\/yoast.com\/wordpress\/plugins\/seo\/ -->\n<title>Fog\u00e3o a G\u00e1s HAEGER 60\u00d760 - 64 L, 4 Zonas, Branco - HAEGER Home Appliances<\/title>\n<meta name=\"description\" content=\"Marca de Pequenos Eletrodom\u00e9sticos para a sua cozinha, cuidados pessoais, casa e climatiza\u00e7\u00e3o. A op\u00e7\u00e3o inteligente para a sua casa.\" \/>\n<meta name=\"robots\" content=\"index, follow, max-snippet:-1, max-image-preview:large, max-video-preview:-1\" \/>\n<link rel=\"canonical\" href=\"https:\/\/www.haegergroup.com\/pt-pt\/produto\/fogao-a-gas-haeger-60x60-64-l-4-zonas-branco\/\" \/>\n<meta property=\"og:locale\" content=\"pt_PT\" \/>\n<meta property=\"og:type\" content=\"article\" \/>\n<meta property=\"og:title\" content=\"Fog\u00e3o a G\u00e1s HAEGER 60\u00d760 - 64 L, 4 Zonas, Branco - HAEGER Home Appliances\" \/>\n<meta property=\"og:description\" content=\"Marca de Pequenos Eletrodom\u00e9sticos para a sua cozinha, cuidados pessoais, casa e climatiza\u00e7\u00e3o. A op\u00e7\u00e3o inteligente para a sua casa.\" \/>\n<meta property=\"og:url\" content=\"https:\/\/www.haegergroup.com\/pt-pt\/produto\/fogao-a-gas-haeger-60x60-64-l-4-zonas-branco\/\" \/>\n<meta property=\"og:site_name\" content=\"HAEGER Home Appliances\" \/>\n<meta property=\"article:modified_time\" content=\"2024-06-18T09:00:24+00:00\" \/>\n<meta property=\"og:image\" content=\"https:\/\/www.haegergroup.com\/wp-content\/uploads\/GC-SW6.003D_1-1.jpg\" \/>\n\t<meta property=\"og:image:width\" content=\"1200\" \/>\n\t<meta property=\"og:image:height\" content=\"1200\" \/>\n\t<meta property=\"og:image:type\" content=\"image\/jpeg\" \/>\n<meta name=\"twitter:card\" content=\"summary_large_image\" \/>\n<meta name=\"twitter:label1\" content=\"Tempo estimado de leitura\" \/>\n\t<meta name=\"twitter:data1\" content=\"1 minuto\" \/>\n<script type=\"application\/ld+json\" class=\"yoast-schema-graph\">{\"@context\":\"https:\/\/schema.org\",\"@graph\":[{\"@type\":\"WebPage\",\"@id\":\"https:\/\/www.haegergroup.com\/pt-pt\/produto\/fogao-a-gas-haeger-60x60-64-l-4-zonas-branco\/\",\"url\":\"https:\/\/www.haegergroup.com\/pt-pt\/produto\/fogao-a-gas-haeger-60x60-64-l-4-zonas-branco\/\",\"name\":\"Fog\u00e3o a G\u00e1s HAEGER 60\u00d760 - 64 L, 4 Zonas, Branco - HAEGER Home Appliances\",\"isPartOf\":{\"@id\":\"https:\/\/www.haegergroup.com\/es\/#website\"},\"primaryImageOfPage\":{\"@id\":\"https:\/\/www.haegergroup.com\/pt-pt\/produto\/fogao-a-gas-haeger-60x60-64-l-4-zonas-branco\/#primaryimage\"},\"image\":{\"@id\":\"https:\/\/www.haegergroup.com\/pt-pt\/produto\/fogao-a-gas-haeger-60x60-64-l-4-zonas-branco\/#primaryimage\"},\"thumbnailUrl\":\"https:\/\/www.haegergroup.com\/wp-content\/uploads\/GC-SW6.003D_1-1.jpg\",\"datePublished\":\"2024-06-18T09:00:23+00:00\",\"dateModified\":\"2024-06-18T09:00:24+00:00\",\"description\":\"Marca de Pequenos Eletrodom\u00e9sticos para a sua cozinha, cuidados pessoais, casa e climatiza\u00e7\u00e3o. A op\u00e7\u00e3o inteligente para a sua casa.\",\"breadcrumb\":{\"@id\":\"https:\/\/www.haegergroup.com\/pt-pt\/produto\/fogao-a-gas-haeger-60x60-64-l-4-zonas-branco\/#breadcrumb\"},\"inLanguage\":\"pt-PT\",\"potentialAction\":[{\"@type\":\"ReadAction\",\"target\":[\"https:\/\/www.haegergroup.com\/pt-pt\/produto\/fogao-a-gas-haeger-60x60-64-l-4-zonas-branco\/\"]}]},{\"@type\":\"ImageObject\",\"inLanguage\":\"pt-PT\",\"@id\":\"https:\/\/www.haegergroup.com\/pt-pt\/produto\/fogao-a-gas-haeger-60x60-64-l-4-zonas-branco\/#primaryimage\",\"url\":\"https:\/\/www.haegergroup.com\/wp-content\/uploads\/GC-SW6.003D_1-1.jpg\",\"contentUrl\":\"https:\/\/www.haegergroup.com\/wp-content\/uploads\/GC-SW6.003D_1-1.jpg\",\"width\":1200,\"height\":1200,\"caption\":\"Fog\u00e3o a G\u00e1s HAEGER 60\u00d760 - 64 L, 4 Zonas, Branco\"},{\"@type\":\"BreadcrumbList\",\"@id\":\"https:\/\/www.haegergroup.com\/pt-pt\/produto\/fogao-a-gas-haeger-60x60-64-l-4-zonas-branco\/#breadcrumb\",\"itemListElement\":[{\"@type\":\"ListItem\",\"position\":1,\"name\":\"Portada\",\"item\":\"https:\/\/www.haegergroup.com\/pt-pt\/\"},{\"@type\":\"ListItem\",\"position\":2,\"name\":\"Productos\",\"item\":\"https:\/\/www.haegergroup.com\/es\/tienda\/\"},{\"@type\":\"ListItem\",\"position\":3,\"name\":\"Fog\u00e3o a G\u00e1s HAEGER 60\u00d760 &#8211; 64 L, 4 Zonas, Branco\"}]},{\"@type\":\"WebSite\",\"@id\":\"https:\/\/www.haegergroup.com\/es\/#website\",\"url\":\"https:\/\/www.haegergroup.com\/es\/\",\"name\":\"HAEGER Home Appliances\",\"description\":\"eletrodom\u00e9sticos\",\"publisher\":{\"@id\":\"https:\/\/www.haegergroup.com\/es\/#organization\"},\"potentialAction\":[{\"@type\":\"SearchAction\",\"target\":{\"@type\":\"EntryPoint\",\"urlTemplate\":\"https:\/\/www.haegergroup.com\/es\/?s={search_term_string}\"},\"query-input\":{\"@type\":\"PropertyValueSpecification\",\"valueRequired\":true,\"valueName\":\"search_term_string\"}}],\"inLanguage\":\"pt-PT\"},{\"@type\":\"Organization\",\"@id\":\"https:\/\/www.haegergroup.com\/es\/#organization\",\"name\":\"Haeger Electrodom\u00e9sticos\",\"url\":\"https:\/\/www.haegergroup.com\/es\/\",\"logo\":{\"@type\":\"ImageObject\",\"inLanguage\":\"pt-PT\",\"@id\":\"https:\/\/www.haegergroup.com\/es\/#\/schema\/logo\/image\/\",\"url\":\"https:\/\/www.haegergroup.com\/wp-content\/uploads\/2018\/05\/logo-web-220.png\",\"contentUrl\":\"https:\/\/www.haegergroup.com\/wp-content\/uploads\/2018\/05\/logo-web-220.png\",\"width\":220,\"height\":49,\"caption\":\"Haeger Electrodom\u00e9sticos\"},\"image\":{\"@id\":\"https:\/\/www.haegergroup.com\/es\/#\/schema\/logo\/image\/\"}}]}<\/script>\n<!-- \/ Yoast SEO plugin. -->","yoast_head_json":{"title":"Fog\u00e3o a G\u00e1s HAEGER 60\u00d760 - 64 L, 4 Zonas, Branco - HAEGER Home Appliances","description":"Marca de Pequenos Eletrodom\u00e9sticos para a sua cozinha, cuidados pessoais, casa e climatiza\u00e7\u00e3o. A op\u00e7\u00e3o inteligente para a sua casa.","robots":{"index":"index","follow":"follow","max-snippet":"max-snippet:-1","max-image-preview":"max-image-preview:large","max-video-preview":"max-video-preview:-1"},"canonical":"https:\/\/www.haegergroup.com\/pt-pt\/produto\/fogao-a-gas-haeger-60x60-64-l-4-zonas-branco\/","og_locale":"pt_PT","og_type":"article","og_title":"Fog\u00e3o a G\u00e1s HAEGER 60\u00d760 - 64 L, 4 Zonas, Branco - HAEGER Home Appliances","og_description":"Marca de Pequenos Eletrodom\u00e9sticos para a sua cozinha, cuidados pessoais, casa e climatiza\u00e7\u00e3o. A op\u00e7\u00e3o inteligente para a sua casa.","og_url":"https:\/\/www.haegergroup.com\/pt-pt\/produto\/fogao-a-gas-haeger-60x60-64-l-4-zonas-branco\/","og_site_name":"HAEGER Home Appliances","article_modified_time":"2024-06-18T09:00:24+00:00","og_image":[{"width":1200,"height":1200,"url":"https:\/\/www.haegergroup.com\/wp-content\/uploads\/GC-SW6.003D_1-1.jpg","type":"image\/jpeg"}],"twitter_card":"summary_large_image","twitter_misc":{"Tempo estimado de leitura":"1 minuto"},"schema":{"@context":"https:\/\/schema.org","@graph":[{"@type":"WebPage","@id":"https:\/\/www.haegergroup.com\/pt-pt\/produto\/fogao-a-gas-haeger-60x60-64-l-4-zonas-branco\/","url":"https:\/\/www.haegergroup.com\/pt-pt\/produto\/fogao-a-gas-haeger-60x60-64-l-4-zonas-branco\/","name":"Fog\u00e3o a G\u00e1s HAEGER 60\u00d760 - 64 L, 4 Zonas, Branco - HAEGER Home Appliances","isPartOf":{"@id":"https:\/\/www.haegergroup.com\/es\/#website"},"primaryImageOfPage":{"@id":"https:\/\/www.haegergroup.com\/pt-pt\/produto\/fogao-a-gas-haeger-60x60-64-l-4-zonas-branco\/#primaryimage"},"image":{"@id":"https:\/\/www.haegergroup.com\/pt-pt\/produto\/fogao-a-gas-haeger-60x60-64-l-4-zonas-branco\/#primaryimage"},"thumbnailUrl":"https:\/\/www.haegergroup.com\/wp-content\/uploads\/GC-SW6.003D_1-1.jpg","datePublished":"2024-06-18T09:00:23+00:00","dateModified":"2024-06-18T09:00:24+00:00","description":"Marca de Pequenos Eletrodom\u00e9sticos para a sua cozinha, cuidados pessoais, casa e climatiza\u00e7\u00e3o. A op\u00e7\u00e3o inteligente para a sua casa.","breadcrumb":{"@id":"https:\/\/www.haegergroup.com\/pt-pt\/produto\/fogao-a-gas-haeger-60x60-64-l-4-zonas-branco\/#breadcrumb"},"inLanguage":"pt-PT","potentialAction":[{"@type":"ReadAction","target":["https:\/\/www.haegergroup.com\/pt-pt\/produto\/fogao-a-gas-haeger-60x60-64-l-4-zonas-branco\/"]}]},{"@type":"ImageObject","inLanguage":"pt-PT","@id":"https:\/\/www.haegergroup.com\/pt-pt\/produto\/fogao-a-gas-haeger-60x60-64-l-4-zonas-branco\/#primaryimage","url":"https:\/\/www.haegergroup.com\/wp-content\/uploads\/GC-SW6.003D_1-1.jpg","contentUrl":"https:\/\/www.haegergroup.com\/wp-content\/uploads\/GC-SW6.003D_1-1.jpg","width":1200,"height":1200,"caption":"Fog\u00e3o a G\u00e1s HAEGER 60\u00d760 - 64 L, 4 Zonas, Branco"},{"@type":"BreadcrumbList","@id":"https:\/\/www.haegergroup.com\/pt-pt\/produto\/fogao-a-gas-haeger-60x60-64-l-4-zonas-branco\/#breadcrumb","itemListElement":[{"@type":"ListItem","position":1,"name":"Portada","item":"https:\/\/www.haegergroup.com\/pt-pt\/"},{"@type":"ListItem","position":2,"name":"Productos","item":"https:\/\/www.haegergroup.com\/es\/tienda\/"},{"@type":"ListItem","position":3,"name":"Fog\u00e3o a G\u00e1s HAEGER 60\u00d760 &#8211; 64 L, 4 Zonas, Branco"}]},{"@type":"WebSite","@id":"https:\/\/www.haegergroup.com\/es\/#website","url":"https:\/\/www.haegergroup.com\/es\/","name":"HAEGER Home Appliances","description":"eletrodom\u00e9sticos","publisher":{"@id":"https:\/\/www.haegergroup.com\/es\/#organization"},"potentialAction":[{"@type":"SearchAction","target":{"@type":"EntryPoint","urlTemplate":"https:\/\/www.haegergroup.com\/es\/?s={search_term_string}"},"query-input":{"@type":"PropertyValueSpecification","valueRequired":true,"valueName":"search_term_string"}}],"inLanguage":"pt-PT"},{"@type":"Organization","@id":"https:\/\/www.haegergroup.com\/es\/#organization","name":"Haeger Electrodom\u00e9sticos","url":"https:\/\/www.haegergroup.com\/es\/","logo":{"@type":"ImageObject","inLanguage":"pt-PT","@id":"https:\/\/www.haegergroup.com\/es\/#\/schema\/logo\/image\/","url":"https:\/\/www.haegergroup.com\/wp-content\/uploads\/2018\/05\/logo-web-220.png","contentUrl":"https:\/\/www.haegergroup.com\/wp-content\/uploads\/2018\/05\/logo-web-220.png","width":220,"height":49,"caption":"Haeger Electrodom\u00e9sticos"},"image":{"@id":"https:\/\/www.haegergroup.com\/es\/#\/schema\/logo\/image\/"}}]}},"_links":{"self":[{"href":"https:\/\/www.haegergroup.com\/pt-pt\/wp-json\/wp\/v2\/product\/36292","targetHints":{"allow":["GET"]}}],"collection":[{"href":"https:\/\/www.haegergroup.com\/pt-pt\/wp-json\/wp\/v2\/product"}],"about":[{"href":"https:\/\/www.haegergroup.com\/pt-pt\/wp-json\/wp\/v2\/types\/product"}],"wp:featuredmedia":[{"embeddable":true,"href":"https:\/\/www.haegergroup.com\/pt-pt\/wp-json\/wp\/v2\/media\/36293"}],"wp:attachment":[{"href":"https:\/\/www.haegergroup.com\/pt-pt\/wp-json\/wp\/v2\/media?parent=36292"}],"wp:term":[{"taxonomy":"product_cat","embeddable":true,"href":"https:\/\/www.haegergroup.com\/pt-pt\/wp-json\/wp\/v2\/product_cat?post=36292"},{"taxonomy":"product_tag","embeddable":true,"href":"https:\/\/www.haegergroup.com\/pt-pt\/wp-json\/wp\/v2\/product_tag?post=36292"}],"curies":[{"name":"wp","href":"https:\/\/api.w.org\/{rel}","templated":true}]}}