{"id":35330,"date":"2023-12-18T16:00:30","date_gmt":"2023-12-18T16:00:30","guid":{"rendered":"https:\/\/www.haegergroup.com\/?post_type=product&#038;p=35330"},"modified":"2023-12-18T16:00:31","modified_gmt":"2023-12-18T16:00:31","slug":"ferro-a-vapor-haeger-dark-river-2200w-vapor-60g-min-base-inox","status":"publish","type":"product","link":"https:\/\/www.haegergroup.com\/pt-pt\/produto\/ferro-a-vapor-haeger-dark-river-2200w-vapor-60g-min-base-inox\/","title":{"rendered":"Ferro a Vapor HAEGER Dark River &#8211; 2200W, Vapor 60g\/min, Base Inox"},"content":{"rendered":"<p>O ferro a vapor HAEGER Dark River \u00e9 o utens\u00edlio ideal para tratar da sua roupa com efici\u00eancia e comodidade. Com uma base em a\u00e7o inoxid\u00e1vel, desliza facilmente sobre v\u00e1rios tipos de tecidos.<\/p>\n<p>O sistema anti-calc\u00e1rio impede a acumula\u00e7\u00e3o de minerais, enquanto o sistema anti-pingos e auto limpeza asseguram que o ferro e as suas roupas permane\u00e7am livres de manchas de \u00e1gua.<\/p>\n<p>A temperatura ajust\u00e1vel permite definir o calor adequado para cada material, e a fun\u00e7\u00e3o de pulveriza\u00e7\u00e3o ajuda a humedecer os tecidos para eliminar vincos teimosos.<\/p>\n<p>Dotado de um vapor cont\u00ednuo de 30g\/min e um jato de super vapor de 60g\/min, \u00e9 suficientemente potente para enfrentar as rugas e dobras mais dif\u00edceis.<\/p>\n<p>O vapor vertical possibilita passar a roupa diretamente no cabide, e o dep\u00f3sito de \u00e1gua de 260 ml diminui a necessidade de recargas frequentes.<\/p>\n<p>O cabo girat\u00f3rio de 360\u00ba com 2,20m de comprimento proporcionam uma grande mobilidade e conforto durante a utiliza\u00e7\u00e3o.<\/p>\n","protected":false},"excerpt":{"rendered":"<h2>Ferro a vapor com base em Inox<br \/>\nModelo: SI-220.015A<\/h2>\n<ul>\n<li>Base em a\u00e7o INOX,<\/li>\n<li>Sistema anticalc\u00e1rio, anti pingo e autolimpeza<\/li>\n<li>Temperatura regul\u00e1vel<\/li>\n<li>Fun\u00e7\u00e3o pulverizador<\/li>\n<li>Vapor cont\u00ednuo: 30g\/min<\/li>\n<li>Jato super vapor: 60g\/min<\/li>\n<li>Vapor vertical,<\/li>\n<li>Tanque de \u00e1gua: 260 ml<\/li>\n<li>Cabo girat\u00f3rio 360\u00ba<\/li>\n<li>Comprimento do cabo: 2,20m<\/li>\n<\/ul>\n<p>&nbsp;<\/p>\n<p data-pm-slice=\"0 0 []\">[fusion_button link=\"<a href=\"https:\/\/www.haegergroup.com\/pt-pt\/encontre-sua-loja\/\">https:\/\/www.haegergroup.com\/pt-pt\/encontre-sua-loja\/<\/a>\" text_transform=\"\" title=\"\" target=\"\" link_attributes=\"\" alignment=\"\" modal=\"\" hide_on_mobile=\"small-visibility,medium-visibility,large-visibility\" class=\"\" id=\"\" color=\"custom\" button_gradient_top_color=\"rgba(191,4,17,0)\" button_gradient_bottom_color=\"rgba(191,4,17,0)\" button_gradient_top_color_hover=\"#bf0411\" button_gradient_bottom_color_hover=\"#bf0411\" accent_color=\"#bf0411\" accent_hover_color=\"\" type=\"flat\" bevel_color=\"\" border_width=\"2\" size=\"medium\" stretch=\"default\" shape=\"pill\" icon=\"fa-angle-double-right fas\" icon_position=\"right\" icon_divider=\"no\" animation_type=\"\" animation_direction=\"left\" animation_speed=\"0.3\" animation_offset=\"\"]Onde Comprar[\/fusion_button]<\/p>\n","protected":false},"featured_media":35331,"template":"","meta":[],"product_cat":[221,222],"product_tag":[],"class_list":{"0":"post-35330","1":"product","2":"type-product","3":"status-publish","4":"has-post-thumbnail","6":"product_cat-cuidados-do-lar","7":"product_cat-ferros-de-engomar","9":"first","10":"instock","11":"shipping-taxable","12":"product-type-simple"},"yoast_head":"<!-- This site is optimized with the Yoast SEO plugin v24.1 - https:\/\/yoast.com\/wordpress\/plugins\/seo\/ -->\n<title>Ferro a Vapor HAEGER Dark River - 2200W, Vapor 60g\/min, Base Inox - HAEGER Home Appliances<\/title>\n<meta name=\"description\" content=\"Marca de Pequenos Eletrodom\u00e9sticos para a sua cozinha, cuidados pessoais, casa e climatiza\u00e7\u00e3o. A op\u00e7\u00e3o inteligente para a sua casa.\" \/>\n<meta name=\"robots\" content=\"index, follow, max-snippet:-1, max-image-preview:large, max-video-preview:-1\" \/>\n<link rel=\"canonical\" href=\"https:\/\/www.haegergroup.com\/pt-pt\/produto\/ferro-a-vapor-haeger-dark-river-2200w-vapor-60g-min-base-inox\/\" \/>\n<meta property=\"og:locale\" content=\"pt_PT\" \/>\n<meta property=\"og:type\" content=\"article\" \/>\n<meta property=\"og:title\" content=\"Ferro a Vapor HAEGER Dark River - 2200W, Vapor 60g\/min, Base Inox - HAEGER Home Appliances\" \/>\n<meta property=\"og:description\" content=\"Marca de Pequenos Eletrodom\u00e9sticos para a sua cozinha, cuidados pessoais, casa e climatiza\u00e7\u00e3o. A op\u00e7\u00e3o inteligente para a sua casa.\" \/>\n<meta property=\"og:url\" content=\"https:\/\/www.haegergroup.com\/pt-pt\/produto\/ferro-a-vapor-haeger-dark-river-2200w-vapor-60g-min-base-inox\/\" \/>\n<meta property=\"og:site_name\" content=\"HAEGER Home Appliances\" \/>\n<meta property=\"article:modified_time\" content=\"2023-12-18T16:00:31+00:00\" \/>\n<meta property=\"og:image\" content=\"https:\/\/www.haegergroup.com\/wp-content\/uploads\/SI-220.015A_1-1.jpg\" \/>\n\t<meta property=\"og:image:width\" content=\"1200\" \/>\n\t<meta property=\"og:image:height\" content=\"1200\" \/>\n\t<meta property=\"og:image:type\" content=\"image\/jpeg\" \/>\n<meta name=\"twitter:card\" content=\"summary_large_image\" \/>\n<meta name=\"twitter:label1\" content=\"Tempo estimado de leitura\" \/>\n\t<meta name=\"twitter:data1\" content=\"1 minuto\" \/>\n<script type=\"application\/ld+json\" class=\"yoast-schema-graph\">{\"@context\":\"https:\/\/schema.org\",\"@graph\":[{\"@type\":\"WebPage\",\"@id\":\"https:\/\/www.haegergroup.com\/pt-pt\/produto\/ferro-a-vapor-haeger-dark-river-2200w-vapor-60g-min-base-inox\/\",\"url\":\"https:\/\/www.haegergroup.com\/pt-pt\/produto\/ferro-a-vapor-haeger-dark-river-2200w-vapor-60g-min-base-inox\/\",\"name\":\"Ferro a Vapor HAEGER Dark River - 2200W, Vapor 60g\/min, Base Inox - HAEGER Home Appliances\",\"isPartOf\":{\"@id\":\"https:\/\/www.haegergroup.com\/es\/#website\"},\"primaryImageOfPage\":{\"@id\":\"https:\/\/www.haegergroup.com\/pt-pt\/produto\/ferro-a-vapor-haeger-dark-river-2200w-vapor-60g-min-base-inox\/#primaryimage\"},\"image\":{\"@id\":\"https:\/\/www.haegergroup.com\/pt-pt\/produto\/ferro-a-vapor-haeger-dark-river-2200w-vapor-60g-min-base-inox\/#primaryimage\"},\"thumbnailUrl\":\"https:\/\/www.haegergroup.com\/wp-content\/uploads\/SI-220.015A_1-1.jpg\",\"datePublished\":\"2023-12-18T16:00:30+00:00\",\"dateModified\":\"2023-12-18T16:00:31+00:00\",\"description\":\"Marca de Pequenos Eletrodom\u00e9sticos para a sua cozinha, cuidados pessoais, casa e climatiza\u00e7\u00e3o. A op\u00e7\u00e3o inteligente para a sua casa.\",\"breadcrumb\":{\"@id\":\"https:\/\/www.haegergroup.com\/pt-pt\/produto\/ferro-a-vapor-haeger-dark-river-2200w-vapor-60g-min-base-inox\/#breadcrumb\"},\"inLanguage\":\"pt-PT\",\"potentialAction\":[{\"@type\":\"ReadAction\",\"target\":[\"https:\/\/www.haegergroup.com\/pt-pt\/produto\/ferro-a-vapor-haeger-dark-river-2200w-vapor-60g-min-base-inox\/\"]}]},{\"@type\":\"ImageObject\",\"inLanguage\":\"pt-PT\",\"@id\":\"https:\/\/www.haegergroup.com\/pt-pt\/produto\/ferro-a-vapor-haeger-dark-river-2200w-vapor-60g-min-base-inox\/#primaryimage\",\"url\":\"https:\/\/www.haegergroup.com\/wp-content\/uploads\/SI-220.015A_1-1.jpg\",\"contentUrl\":\"https:\/\/www.haegergroup.com\/wp-content\/uploads\/SI-220.015A_1-1.jpg\",\"width\":1200,\"height\":1200},{\"@type\":\"BreadcrumbList\",\"@id\":\"https:\/\/www.haegergroup.com\/pt-pt\/produto\/ferro-a-vapor-haeger-dark-river-2200w-vapor-60g-min-base-inox\/#breadcrumb\",\"itemListElement\":[{\"@type\":\"ListItem\",\"position\":1,\"name\":\"Portada\",\"item\":\"https:\/\/www.haegergroup.com\/pt-pt\/\"},{\"@type\":\"ListItem\",\"position\":2,\"name\":\"Productos\",\"item\":\"https:\/\/www.haegergroup.com\/es\/tienda\/\"},{\"@type\":\"ListItem\",\"position\":3,\"name\":\"Ferro a Vapor HAEGER Dark River &#8211; 2200W, Vapor 60g\/min, Base Inox\"}]},{\"@type\":\"WebSite\",\"@id\":\"https:\/\/www.haegergroup.com\/es\/#website\",\"url\":\"https:\/\/www.haegergroup.com\/es\/\",\"name\":\"HAEGER Home Appliances\",\"description\":\"eletrodom\u00e9sticos\",\"publisher\":{\"@id\":\"https:\/\/www.haegergroup.com\/es\/#organization\"},\"potentialAction\":[{\"@type\":\"SearchAction\",\"target\":{\"@type\":\"EntryPoint\",\"urlTemplate\":\"https:\/\/www.haegergroup.com\/es\/?s={search_term_string}\"},\"query-input\":{\"@type\":\"PropertyValueSpecification\",\"valueRequired\":true,\"valueName\":\"search_term_string\"}}],\"inLanguage\":\"pt-PT\"},{\"@type\":\"Organization\",\"@id\":\"https:\/\/www.haegergroup.com\/es\/#organization\",\"name\":\"Haeger Electrodom\u00e9sticos\",\"url\":\"https:\/\/www.haegergroup.com\/es\/\",\"logo\":{\"@type\":\"ImageObject\",\"inLanguage\":\"pt-PT\",\"@id\":\"https:\/\/www.haegergroup.com\/es\/#\/schema\/logo\/image\/\",\"url\":\"https:\/\/www.haegergroup.com\/wp-content\/uploads\/2018\/05\/logo-web-220.png\",\"contentUrl\":\"https:\/\/www.haegergroup.com\/wp-content\/uploads\/2018\/05\/logo-web-220.png\",\"width\":220,\"height\":49,\"caption\":\"Haeger Electrodom\u00e9sticos\"},\"image\":{\"@id\":\"https:\/\/www.haegergroup.com\/es\/#\/schema\/logo\/image\/\"}}]}<\/script>\n<!-- \/ Yoast SEO plugin. -->","yoast_head_json":{"title":"Ferro a Vapor HAEGER Dark River - 2200W, Vapor 60g\/min, Base Inox - HAEGER Home Appliances","description":"Marca de Pequenos Eletrodom\u00e9sticos para a sua cozinha, cuidados pessoais, casa e climatiza\u00e7\u00e3o. A op\u00e7\u00e3o inteligente para a sua casa.","robots":{"index":"index","follow":"follow","max-snippet":"max-snippet:-1","max-image-preview":"max-image-preview:large","max-video-preview":"max-video-preview:-1"},"canonical":"https:\/\/www.haegergroup.com\/pt-pt\/produto\/ferro-a-vapor-haeger-dark-river-2200w-vapor-60g-min-base-inox\/","og_locale":"pt_PT","og_type":"article","og_title":"Ferro a Vapor HAEGER Dark River - 2200W, Vapor 60g\/min, Base Inox - HAEGER Home Appliances","og_description":"Marca de Pequenos Eletrodom\u00e9sticos para a sua cozinha, cuidados pessoais, casa e climatiza\u00e7\u00e3o. A op\u00e7\u00e3o inteligente para a sua casa.","og_url":"https:\/\/www.haegergroup.com\/pt-pt\/produto\/ferro-a-vapor-haeger-dark-river-2200w-vapor-60g-min-base-inox\/","og_site_name":"HAEGER Home Appliances","article_modified_time":"2023-12-18T16:00:31+00:00","og_image":[{"width":1200,"height":1200,"url":"https:\/\/www.haegergroup.com\/wp-content\/uploads\/SI-220.015A_1-1.jpg","type":"image\/jpeg"}],"twitter_card":"summary_large_image","twitter_misc":{"Tempo estimado de leitura":"1 minuto"},"schema":{"@context":"https:\/\/schema.org","@graph":[{"@type":"WebPage","@id":"https:\/\/www.haegergroup.com\/pt-pt\/produto\/ferro-a-vapor-haeger-dark-river-2200w-vapor-60g-min-base-inox\/","url":"https:\/\/www.haegergroup.com\/pt-pt\/produto\/ferro-a-vapor-haeger-dark-river-2200w-vapor-60g-min-base-inox\/","name":"Ferro a Vapor HAEGER Dark River - 2200W, Vapor 60g\/min, Base Inox - HAEGER Home Appliances","isPartOf":{"@id":"https:\/\/www.haegergroup.com\/es\/#website"},"primaryImageOfPage":{"@id":"https:\/\/www.haegergroup.com\/pt-pt\/produto\/ferro-a-vapor-haeger-dark-river-2200w-vapor-60g-min-base-inox\/#primaryimage"},"image":{"@id":"https:\/\/www.haegergroup.com\/pt-pt\/produto\/ferro-a-vapor-haeger-dark-river-2200w-vapor-60g-min-base-inox\/#primaryimage"},"thumbnailUrl":"https:\/\/www.haegergroup.com\/wp-content\/uploads\/SI-220.015A_1-1.jpg","datePublished":"2023-12-18T16:00:30+00:00","dateModified":"2023-12-18T16:00:31+00:00","description":"Marca de Pequenos Eletrodom\u00e9sticos para a sua cozinha, cuidados pessoais, casa e climatiza\u00e7\u00e3o. A op\u00e7\u00e3o inteligente para a sua casa.","breadcrumb":{"@id":"https:\/\/www.haegergroup.com\/pt-pt\/produto\/ferro-a-vapor-haeger-dark-river-2200w-vapor-60g-min-base-inox\/#breadcrumb"},"inLanguage":"pt-PT","potentialAction":[{"@type":"ReadAction","target":["https:\/\/www.haegergroup.com\/pt-pt\/produto\/ferro-a-vapor-haeger-dark-river-2200w-vapor-60g-min-base-inox\/"]}]},{"@type":"ImageObject","inLanguage":"pt-PT","@id":"https:\/\/www.haegergroup.com\/pt-pt\/produto\/ferro-a-vapor-haeger-dark-river-2200w-vapor-60g-min-base-inox\/#primaryimage","url":"https:\/\/www.haegergroup.com\/wp-content\/uploads\/SI-220.015A_1-1.jpg","contentUrl":"https:\/\/www.haegergroup.com\/wp-content\/uploads\/SI-220.015A_1-1.jpg","width":1200,"height":1200},{"@type":"BreadcrumbList","@id":"https:\/\/www.haegergroup.com\/pt-pt\/produto\/ferro-a-vapor-haeger-dark-river-2200w-vapor-60g-min-base-inox\/#breadcrumb","itemListElement":[{"@type":"ListItem","position":1,"name":"Portada","item":"https:\/\/www.haegergroup.com\/pt-pt\/"},{"@type":"ListItem","position":2,"name":"Productos","item":"https:\/\/www.haegergroup.com\/es\/tienda\/"},{"@type":"ListItem","position":3,"name":"Ferro a Vapor HAEGER Dark River &#8211; 2200W, Vapor 60g\/min, Base Inox"}]},{"@type":"WebSite","@id":"https:\/\/www.haegergroup.com\/es\/#website","url":"https:\/\/www.haegergroup.com\/es\/","name":"HAEGER Home Appliances","description":"eletrodom\u00e9sticos","publisher":{"@id":"https:\/\/www.haegergroup.com\/es\/#organization"},"potentialAction":[{"@type":"SearchAction","target":{"@type":"EntryPoint","urlTemplate":"https:\/\/www.haegergroup.com\/es\/?s={search_term_string}"},"query-input":{"@type":"PropertyValueSpecification","valueRequired":true,"valueName":"search_term_string"}}],"inLanguage":"pt-PT"},{"@type":"Organization","@id":"https:\/\/www.haegergroup.com\/es\/#organization","name":"Haeger Electrodom\u00e9sticos","url":"https:\/\/www.haegergroup.com\/es\/","logo":{"@type":"ImageObject","inLanguage":"pt-PT","@id":"https:\/\/www.haegergroup.com\/es\/#\/schema\/logo\/image\/","url":"https:\/\/www.haegergroup.com\/wp-content\/uploads\/2018\/05\/logo-web-220.png","contentUrl":"https:\/\/www.haegergroup.com\/wp-content\/uploads\/2018\/05\/logo-web-220.png","width":220,"height":49,"caption":"Haeger Electrodom\u00e9sticos"},"image":{"@id":"https:\/\/www.haegergroup.com\/es\/#\/schema\/logo\/image\/"}}]}},"_links":{"self":[{"href":"https:\/\/www.haegergroup.com\/pt-pt\/wp-json\/wp\/v2\/product\/35330","targetHints":{"allow":["GET"]}}],"collection":[{"href":"https:\/\/www.haegergroup.com\/pt-pt\/wp-json\/wp\/v2\/product"}],"about":[{"href":"https:\/\/www.haegergroup.com\/pt-pt\/wp-json\/wp\/v2\/types\/product"}],"wp:featuredmedia":[{"embeddable":true,"href":"https:\/\/www.haegergroup.com\/pt-pt\/wp-json\/wp\/v2\/media\/35331"}],"wp:attachment":[{"href":"https:\/\/www.haegergroup.com\/pt-pt\/wp-json\/wp\/v2\/media?parent=35330"}],"wp:term":[{"taxonomy":"product_cat","embeddable":true,"href":"https:\/\/www.haegergroup.com\/pt-pt\/wp-json\/wp\/v2\/product_cat?post=35330"},{"taxonomy":"product_tag","embeddable":true,"href":"https:\/\/www.haegergroup.com\/pt-pt\/wp-json\/wp\/v2\/product_tag?post=35330"}],"curies":[{"name":"wp","href":"https:\/\/api.w.org\/{rel}","templated":true}]}}