{"id":35071,"date":"2023-11-02T16:47:42","date_gmt":"2023-11-02T16:47:42","guid":{"rendered":"https:\/\/www.haegergroup.com\/?post_type=product&#038;p=35071"},"modified":"2023-11-02T18:58:33","modified_gmt":"2023-11-02T18:58:33","slug":"fritadeira-sem-oleo-haeger-air-feast-digital-white-4-2l","status":"publish","type":"product","link":"https:\/\/www.haegergroup.com\/pt-pt\/produto\/fritadeira-sem-oleo-haeger-air-feast-digital-white-4-2l\/","title":{"rendered":"Fritadeira sem \u00d3leo HAEGER Air Feast Digital White- 4.2L"},"content":{"rendered":"<p>A fritadeira digital sem \u00f3leo HAEGER Air Feast Digital White \u00e9 a escolha perfeita para quem pretende cozinhar de forma saud\u00e1vel e pr\u00e1tica. Utiliza um sistema de circula\u00e7\u00e3o r\u00e1pida de ar e com capacidade total de 4,2L, pode preparar as suas receitas favoritas sem adicionar \u00f3leo, garantindo alimentos mais saud\u00e1veis e saborosos.<\/p>\n<p><strong>Controlo digital e temporizador<\/strong><\/p>\n<p>Tenha controlo total sobre o processo de cozedura com a fritadeira digital sem \u00f3leo HAEGER Air Feast Digital White. O temporizador de at\u00e9 60 minutos permite definir o tempo de confe\u00e7\u00e3o ideal para cada receita, e o controlo da temperatura de 80\u00b0C a 200\u00b0C garante que os alimentos sejam confecionados na temperatura correta.<\/p>\n<p><strong>Cozinha saud\u00e1vel e pr\u00e1tica<\/strong><\/p>\n<p>Com a fritadeira digital sem \u00f3leo HAEGER Air Feast Digital White, pode desfrutar de alimentos mais saud\u00e1veis sem abdicar do sabor. Al\u00e9m disso, a sua grande capacidade de alimentos permite-lhe preparar refei\u00e7\u00f5es para toda a fam\u00edlia, poupando tempo e a cozinhar de forma mais pr\u00e1tica.<\/p>\n","protected":false},"excerpt":{"rendered":"<h2>Fritadeira sem \u00d3leo Air Feast Digital White<br \/>\nModelo: AF-D42.007A<\/h2>\n<ul>\n<li>13 Programas para cozinhar a ar quente 360\u00ba<\/li>\n<li>Controle digital com tela sens\u00edvel ao toque<\/li>\n<li>Capacidade da cuba: 4.2L<\/li>\n<li>Capacidade do cesto: 3.7L<\/li>\n<li>Cuba lav\u00e1vel na m\u00e1quina de lavar loi\u00e7a<\/li>\n<li>Temporizador at\u00e9 60 minutos<\/li>\n<li>Regula\u00e7\u00e3o de temperatura de 80 \u00b0C at\u00e9 200 \u00b0C<\/li>\n<li>Sistema anti-aquecimento<\/li>\n<li>Paredes frias<\/li>\n<li>Pot\u00eancia: 1500W<\/li>\n<\/ul>\n<p data-pm-slice=\"0 0 []\">[fusion_button link=\"<a href=\"https:\/\/www.haegergroup.com\/pt-pt\/encontre-sua-loja\/\">https:\/\/www.haegergroup.com\/pt-pt\/encontre-sua-loja\/<\/a>\" text_transform=\"\" title=\"\" target=\"\" link_attributes=\"\" alignment=\"\" modal=\"\" hide_on_mobile=\"small-visibility,medium-visibility,large-visibility\" class=\"\" id=\"\" color=\"custom\" button_gradient_top_color=\"rgba(191,4,17,0)\" button_gradient_bottom_color=\"rgba(191,4,17,0)\" button_gradient_top_color_hover=\"#bf0411\" button_gradient_bottom_color_hover=\"#bf0411\" accent_color=\"#bf0411\" accent_hover_color=\"\" type=\"flat\" bevel_color=\"\" border_width=\"2\" size=\"medium\" stretch=\"default\" shape=\"pill\" icon=\"fa-angle-double-right fas\" icon_position=\"right\" icon_divider=\"no\" animation_type=\"\" animation_direction=\"left\" animation_speed=\"0.3\" animation_offset=\"\"]Onde Comprar[\/fusion_button]<\/p>\n","protected":false},"featured_media":35103,"template":"","meta":[],"product_cat":[231,242],"product_tag":[],"class_list":{"0":"post-35071","1":"product","2":"type-product","3":"status-publish","4":"has-post-thumbnail","6":"product_cat-cozinha","7":"product_cat-fritadeiras","9":"first","10":"instock","11":"shipping-taxable","12":"product-type-simple"},"yoast_head":"<!-- This site is optimized with the Yoast SEO plugin v24.1 - https:\/\/yoast.com\/wordpress\/plugins\/seo\/ -->\n<title>Fritadeira sem \u00d3leo HAEGER Air Feast Digital White- 4.2L - HAEGER Home Appliances<\/title>\n<meta name=\"description\" content=\"Marca de Pequenos Eletrodom\u00e9sticos para a sua cozinha, cuidados pessoais, casa e climatiza\u00e7\u00e3o. A op\u00e7\u00e3o inteligente para a sua casa.\" \/>\n<meta name=\"robots\" content=\"index, follow, max-snippet:-1, max-image-preview:large, max-video-preview:-1\" \/>\n<link rel=\"canonical\" href=\"https:\/\/www.haegergroup.com\/pt-pt\/produto\/fritadeira-sem-oleo-haeger-air-feast-digital-white-4-2l\/\" \/>\n<meta property=\"og:locale\" content=\"pt_PT\" \/>\n<meta property=\"og:type\" content=\"article\" \/>\n<meta property=\"og:title\" content=\"Fritadeira sem \u00d3leo HAEGER Air Feast Digital White- 4.2L - HAEGER Home Appliances\" \/>\n<meta property=\"og:description\" content=\"Marca de Pequenos Eletrodom\u00e9sticos para a sua cozinha, cuidados pessoais, casa e climatiza\u00e7\u00e3o. A op\u00e7\u00e3o inteligente para a sua casa.\" \/>\n<meta property=\"og:url\" content=\"https:\/\/www.haegergroup.com\/pt-pt\/produto\/fritadeira-sem-oleo-haeger-air-feast-digital-white-4-2l\/\" \/>\n<meta property=\"og:site_name\" content=\"HAEGER Home Appliances\" \/>\n<meta property=\"article:modified_time\" content=\"2023-11-02T18:58:33+00:00\" \/>\n<meta property=\"og:image\" content=\"https:\/\/www.haegergroup.com\/wp-content\/uploads\/3.7-L-3.png\" \/>\n\t<meta property=\"og:image:width\" content=\"1200\" \/>\n\t<meta property=\"og:image:height\" content=\"1200\" \/>\n\t<meta property=\"og:image:type\" content=\"image\/png\" \/>\n<meta name=\"twitter:card\" content=\"summary_large_image\" \/>\n<meta name=\"twitter:label1\" content=\"Tempo estimado de leitura\" \/>\n\t<meta name=\"twitter:data1\" content=\"1 minuto\" \/>\n<script type=\"application\/ld+json\" class=\"yoast-schema-graph\">{\"@context\":\"https:\/\/schema.org\",\"@graph\":[{\"@type\":\"WebPage\",\"@id\":\"https:\/\/www.haegergroup.com\/pt-pt\/produto\/fritadeira-sem-oleo-haeger-air-feast-digital-white-4-2l\/\",\"url\":\"https:\/\/www.haegergroup.com\/pt-pt\/produto\/fritadeira-sem-oleo-haeger-air-feast-digital-white-4-2l\/\",\"name\":\"Fritadeira sem \u00d3leo HAEGER Air Feast Digital White- 4.2L - HAEGER Home Appliances\",\"isPartOf\":{\"@id\":\"https:\/\/www.haegergroup.com\/es\/#website\"},\"primaryImageOfPage\":{\"@id\":\"https:\/\/www.haegergroup.com\/pt-pt\/produto\/fritadeira-sem-oleo-haeger-air-feast-digital-white-4-2l\/#primaryimage\"},\"image\":{\"@id\":\"https:\/\/www.haegergroup.com\/pt-pt\/produto\/fritadeira-sem-oleo-haeger-air-feast-digital-white-4-2l\/#primaryimage\"},\"thumbnailUrl\":\"https:\/\/www.haegergroup.com\/wp-content\/uploads\/3.7-L-3.png\",\"datePublished\":\"2023-11-02T16:47:42+00:00\",\"dateModified\":\"2023-11-02T18:58:33+00:00\",\"description\":\"Marca de Pequenos Eletrodom\u00e9sticos para a sua cozinha, cuidados pessoais, casa e climatiza\u00e7\u00e3o. A op\u00e7\u00e3o inteligente para a sua casa.\",\"breadcrumb\":{\"@id\":\"https:\/\/www.haegergroup.com\/pt-pt\/produto\/fritadeira-sem-oleo-haeger-air-feast-digital-white-4-2l\/#breadcrumb\"},\"inLanguage\":\"pt-PT\",\"potentialAction\":[{\"@type\":\"ReadAction\",\"target\":[\"https:\/\/www.haegergroup.com\/pt-pt\/produto\/fritadeira-sem-oleo-haeger-air-feast-digital-white-4-2l\/\"]}]},{\"@type\":\"ImageObject\",\"inLanguage\":\"pt-PT\",\"@id\":\"https:\/\/www.haegergroup.com\/pt-pt\/produto\/fritadeira-sem-oleo-haeger-air-feast-digital-white-4-2l\/#primaryimage\",\"url\":\"https:\/\/www.haegergroup.com\/wp-content\/uploads\/3.7-L-3.png\",\"contentUrl\":\"https:\/\/www.haegergroup.com\/wp-content\/uploads\/3.7-L-3.png\",\"width\":1200,\"height\":1200},{\"@type\":\"BreadcrumbList\",\"@id\":\"https:\/\/www.haegergroup.com\/pt-pt\/produto\/fritadeira-sem-oleo-haeger-air-feast-digital-white-4-2l\/#breadcrumb\",\"itemListElement\":[{\"@type\":\"ListItem\",\"position\":1,\"name\":\"Portada\",\"item\":\"https:\/\/www.haegergroup.com\/pt-pt\/\"},{\"@type\":\"ListItem\",\"position\":2,\"name\":\"Productos\",\"item\":\"https:\/\/www.haegergroup.com\/es\/tienda\/\"},{\"@type\":\"ListItem\",\"position\":3,\"name\":\"Fritadeira sem \u00d3leo HAEGER Air Feast Digital White- 4.2L\"}]},{\"@type\":\"WebSite\",\"@id\":\"https:\/\/www.haegergroup.com\/es\/#website\",\"url\":\"https:\/\/www.haegergroup.com\/es\/\",\"name\":\"HAEGER Home Appliances\",\"description\":\"eletrodom\u00e9sticos\",\"publisher\":{\"@id\":\"https:\/\/www.haegergroup.com\/es\/#organization\"},\"potentialAction\":[{\"@type\":\"SearchAction\",\"target\":{\"@type\":\"EntryPoint\",\"urlTemplate\":\"https:\/\/www.haegergroup.com\/es\/?s={search_term_string}\"},\"query-input\":{\"@type\":\"PropertyValueSpecification\",\"valueRequired\":true,\"valueName\":\"search_term_string\"}}],\"inLanguage\":\"pt-PT\"},{\"@type\":\"Organization\",\"@id\":\"https:\/\/www.haegergroup.com\/es\/#organization\",\"name\":\"Haeger Electrodom\u00e9sticos\",\"url\":\"https:\/\/www.haegergroup.com\/es\/\",\"logo\":{\"@type\":\"ImageObject\",\"inLanguage\":\"pt-PT\",\"@id\":\"https:\/\/www.haegergroup.com\/es\/#\/schema\/logo\/image\/\",\"url\":\"https:\/\/www.haegergroup.com\/wp-content\/uploads\/2018\/05\/logo-web-220.png\",\"contentUrl\":\"https:\/\/www.haegergroup.com\/wp-content\/uploads\/2018\/05\/logo-web-220.png\",\"width\":220,\"height\":49,\"caption\":\"Haeger Electrodom\u00e9sticos\"},\"image\":{\"@id\":\"https:\/\/www.haegergroup.com\/es\/#\/schema\/logo\/image\/\"}}]}<\/script>\n<!-- \/ Yoast SEO plugin. -->","yoast_head_json":{"title":"Fritadeira sem \u00d3leo HAEGER Air Feast Digital White- 4.2L - HAEGER Home Appliances","description":"Marca de Pequenos Eletrodom\u00e9sticos para a sua cozinha, cuidados pessoais, casa e climatiza\u00e7\u00e3o. A op\u00e7\u00e3o inteligente para a sua casa.","robots":{"index":"index","follow":"follow","max-snippet":"max-snippet:-1","max-image-preview":"max-image-preview:large","max-video-preview":"max-video-preview:-1"},"canonical":"https:\/\/www.haegergroup.com\/pt-pt\/produto\/fritadeira-sem-oleo-haeger-air-feast-digital-white-4-2l\/","og_locale":"pt_PT","og_type":"article","og_title":"Fritadeira sem \u00d3leo HAEGER Air Feast Digital White- 4.2L - HAEGER Home Appliances","og_description":"Marca de Pequenos Eletrodom\u00e9sticos para a sua cozinha, cuidados pessoais, casa e climatiza\u00e7\u00e3o. A op\u00e7\u00e3o inteligente para a sua casa.","og_url":"https:\/\/www.haegergroup.com\/pt-pt\/produto\/fritadeira-sem-oleo-haeger-air-feast-digital-white-4-2l\/","og_site_name":"HAEGER Home Appliances","article_modified_time":"2023-11-02T18:58:33+00:00","og_image":[{"width":1200,"height":1200,"url":"https:\/\/www.haegergroup.com\/wp-content\/uploads\/3.7-L-3.png","type":"image\/png"}],"twitter_card":"summary_large_image","twitter_misc":{"Tempo estimado de leitura":"1 minuto"},"schema":{"@context":"https:\/\/schema.org","@graph":[{"@type":"WebPage","@id":"https:\/\/www.haegergroup.com\/pt-pt\/produto\/fritadeira-sem-oleo-haeger-air-feast-digital-white-4-2l\/","url":"https:\/\/www.haegergroup.com\/pt-pt\/produto\/fritadeira-sem-oleo-haeger-air-feast-digital-white-4-2l\/","name":"Fritadeira sem \u00d3leo HAEGER Air Feast Digital White- 4.2L - HAEGER Home Appliances","isPartOf":{"@id":"https:\/\/www.haegergroup.com\/es\/#website"},"primaryImageOfPage":{"@id":"https:\/\/www.haegergroup.com\/pt-pt\/produto\/fritadeira-sem-oleo-haeger-air-feast-digital-white-4-2l\/#primaryimage"},"image":{"@id":"https:\/\/www.haegergroup.com\/pt-pt\/produto\/fritadeira-sem-oleo-haeger-air-feast-digital-white-4-2l\/#primaryimage"},"thumbnailUrl":"https:\/\/www.haegergroup.com\/wp-content\/uploads\/3.7-L-3.png","datePublished":"2023-11-02T16:47:42+00:00","dateModified":"2023-11-02T18:58:33+00:00","description":"Marca de Pequenos Eletrodom\u00e9sticos para a sua cozinha, cuidados pessoais, casa e climatiza\u00e7\u00e3o. A op\u00e7\u00e3o inteligente para a sua casa.","breadcrumb":{"@id":"https:\/\/www.haegergroup.com\/pt-pt\/produto\/fritadeira-sem-oleo-haeger-air-feast-digital-white-4-2l\/#breadcrumb"},"inLanguage":"pt-PT","potentialAction":[{"@type":"ReadAction","target":["https:\/\/www.haegergroup.com\/pt-pt\/produto\/fritadeira-sem-oleo-haeger-air-feast-digital-white-4-2l\/"]}]},{"@type":"ImageObject","inLanguage":"pt-PT","@id":"https:\/\/www.haegergroup.com\/pt-pt\/produto\/fritadeira-sem-oleo-haeger-air-feast-digital-white-4-2l\/#primaryimage","url":"https:\/\/www.haegergroup.com\/wp-content\/uploads\/3.7-L-3.png","contentUrl":"https:\/\/www.haegergroup.com\/wp-content\/uploads\/3.7-L-3.png","width":1200,"height":1200},{"@type":"BreadcrumbList","@id":"https:\/\/www.haegergroup.com\/pt-pt\/produto\/fritadeira-sem-oleo-haeger-air-feast-digital-white-4-2l\/#breadcrumb","itemListElement":[{"@type":"ListItem","position":1,"name":"Portada","item":"https:\/\/www.haegergroup.com\/pt-pt\/"},{"@type":"ListItem","position":2,"name":"Productos","item":"https:\/\/www.haegergroup.com\/es\/tienda\/"},{"@type":"ListItem","position":3,"name":"Fritadeira sem \u00d3leo HAEGER Air Feast Digital White- 4.2L"}]},{"@type":"WebSite","@id":"https:\/\/www.haegergroup.com\/es\/#website","url":"https:\/\/www.haegergroup.com\/es\/","name":"HAEGER Home Appliances","description":"eletrodom\u00e9sticos","publisher":{"@id":"https:\/\/www.haegergroup.com\/es\/#organization"},"potentialAction":[{"@type":"SearchAction","target":{"@type":"EntryPoint","urlTemplate":"https:\/\/www.haegergroup.com\/es\/?s={search_term_string}"},"query-input":{"@type":"PropertyValueSpecification","valueRequired":true,"valueName":"search_term_string"}}],"inLanguage":"pt-PT"},{"@type":"Organization","@id":"https:\/\/www.haegergroup.com\/es\/#organization","name":"Haeger Electrodom\u00e9sticos","url":"https:\/\/www.haegergroup.com\/es\/","logo":{"@type":"ImageObject","inLanguage":"pt-PT","@id":"https:\/\/www.haegergroup.com\/es\/#\/schema\/logo\/image\/","url":"https:\/\/www.haegergroup.com\/wp-content\/uploads\/2018\/05\/logo-web-220.png","contentUrl":"https:\/\/www.haegergroup.com\/wp-content\/uploads\/2018\/05\/logo-web-220.png","width":220,"height":49,"caption":"Haeger Electrodom\u00e9sticos"},"image":{"@id":"https:\/\/www.haegergroup.com\/es\/#\/schema\/logo\/image\/"}}]}},"_links":{"self":[{"href":"https:\/\/www.haegergroup.com\/pt-pt\/wp-json\/wp\/v2\/product\/35071","targetHints":{"allow":["GET"]}}],"collection":[{"href":"https:\/\/www.haegergroup.com\/pt-pt\/wp-json\/wp\/v2\/product"}],"about":[{"href":"https:\/\/www.haegergroup.com\/pt-pt\/wp-json\/wp\/v2\/types\/product"}],"wp:featuredmedia":[{"embeddable":true,"href":"https:\/\/www.haegergroup.com\/pt-pt\/wp-json\/wp\/v2\/media\/35103"}],"wp:attachment":[{"href":"https:\/\/www.haegergroup.com\/pt-pt\/wp-json\/wp\/v2\/media?parent=35071"}],"wp:term":[{"taxonomy":"product_cat","embeddable":true,"href":"https:\/\/www.haegergroup.com\/pt-pt\/wp-json\/wp\/v2\/product_cat?post=35071"},{"taxonomy":"product_tag","embeddable":true,"href":"https:\/\/www.haegergroup.com\/pt-pt\/wp-json\/wp\/v2\/product_tag?post=35071"}],"curies":[{"name":"wp","href":"https:\/\/api.w.org\/{rel}","templated":true}]}}