{"id":35009,"date":"2023-10-25T12:38:56","date_gmt":"2023-10-25T11:38:56","guid":{"rendered":"https:\/\/www.haegergroup.com\/?post_type=product&#038;p=35009"},"modified":"2023-11-13T18:24:13","modified_gmt":"2023-11-13T18:24:13","slug":"liquidificadora-haeger-sports-inox-350w-copo-tritan-600ml-garrafa-termica-em-inox","status":"publish","type":"product","link":"https:\/\/www.haegergroup.com\/pt-pt\/produto\/liquidificadora-haeger-sports-inox-350w-copo-tritan-600ml-garrafa-termica-em-inox\/","title":{"rendered":"Liquidificadora HAEGER Sports Inox &#8211; 350W, Copo TRITAN 600ml, Garrafa T\u00e9rmica em INOX"},"content":{"rendered":"<h2>Estilo, pot\u00eancia e praticidade<\/h2>\n<p>A liquidificadora HAEGER Sports Inox oferece uma experi\u00eancia inovadora na prepara\u00e7\u00e3o de bebidas.<\/p>\n<p>O copo de TRITAN, material Premium extra resistente, tem capacidade para at\u00e9 600ml, e a tampa desportiva \u00e9 livre de BPA, garantindo seguran\u00e7a e durabilidade. Al\u00e9m disso, o copo t\u00e9rmico em INOX de 600ml mant\u00e9m as suas bebidas na temperatura ideal por muito mais tempo.<\/p>\n<p>Equipado com 350W de pot\u00eancia e l\u00e2minas em a\u00e7o inoxid\u00e1vel, esta liquidificadora \u00e9 eficiente e vers\u00e1til, consegue preparar sumos, batidos e outras bebidas com muita facilidade.<\/p>\n","protected":false},"excerpt":{"rendered":"<h2>Liquidificadora com dois copos<br \/>\nModelos: LQ-350.008A<\/h2>\n<ul>\n<li>Copo em TRITAN com tampa de desporto 600 ML<\/li>\n<li>Material Premium, extra resistentee sem BPA<\/li>\n<li>Copo TERMO em INOX 600ML (mant\u00e9m a temperatura da bebida)<\/li>\n<li>Conjunto de 4 l\u00e2minas em a\u00e7o INOX<\/li>\n<li>P\u00e9s antiderrapantes<\/li>\n<li>Pot\u00eancia: 350W<\/li>\n<\/ul>\n<p data-pm-slice=\"1 1 []\">[fusion_button link=\"<a href=\"https:\/\/www.haegergroup.com\/pt-pt\/encontre-sua-loja\/\">https:\/\/www.haegergroup.com\/pt-pt\/encontre-sua-loja\/<\/a>\" text_transform=\"\" title=\"\" target=\"\" link_attributes=\"\" alignment=\"\" modal=\"\" hide_on_mobile=\"small-visibility,medium-visibility,large-visibility\" class=\"\" id=\"\" color=\"custom\" button_gradient_top_color=\"rgba(191,4,17,0)\" button_gradient_bottom_color=\"rgba(191,4,17,0)\" button_gradient_top_color_hover=\"#bf0411\" button_gradient_bottom_color_hover=\"#bf0411\" accent_color=\"#bf0411\" accent_hover_color=\"\" type=\"flat\" bevel_color=\"\" border_width=\"2\" size=\"medium\" stretch=\"default\" shape=\"pill\" icon=\"fa-angle-double-right fas\" icon_position=\"right\" icon_divider=\"no\" animation_type=\"\" animation_direction=\"left\" animation_speed=\"0.3\" animation_offset=\"\"]Onde Comprar[\/fusion_button]<\/p>\n","protected":false},"featured_media":35105,"template":"","meta":[],"product_cat":[210,206],"product_tag":[],"class_list":{"0":"post-35009","1":"product","2":"type-product","3":"status-publish","4":"has-post-thumbnail","6":"product_cat-liquidificadoras","7":"product_cat-preparacao-de-alimentos","9":"first","10":"instock","11":"shipping-taxable","12":"product-type-simple"},"yoast_head":"<!-- This site is optimized with the Yoast SEO plugin v24.1 - https:\/\/yoast.com\/wordpress\/plugins\/seo\/ -->\n<title>Liquidificadora HAEGER Sports Inox - 350W, Copo TRITAN 600ml, Garrafa T\u00e9rmica em INOX - HAEGER Home Appliances<\/title>\n<meta name=\"description\" content=\"Marca de Pequenos Eletrodom\u00e9sticos para a sua cozinha, cuidados pessoais, casa e climatiza\u00e7\u00e3o. A op\u00e7\u00e3o inteligente para a sua casa.\" \/>\n<meta name=\"robots\" content=\"index, follow, max-snippet:-1, max-image-preview:large, max-video-preview:-1\" \/>\n<link rel=\"canonical\" href=\"https:\/\/haegerstore.pt\/liquidificadoras\/1391-liquidificadora-haeger-sports-inox-350w-copo-tritan-600ml-garrafa-termica-em-inox-.html\" \/>\n<meta property=\"og:locale\" content=\"pt_PT\" \/>\n<meta property=\"og:type\" content=\"article\" \/>\n<meta property=\"og:title\" content=\"Liquidificadora HAEGER Sports Inox - 350W, Copo TRITAN 600ml, Garrafa T\u00e9rmica em INOX - HAEGER Home Appliances\" \/>\n<meta property=\"og:description\" content=\"Marca de Pequenos Eletrodom\u00e9sticos para a sua cozinha, cuidados pessoais, casa e climatiza\u00e7\u00e3o. A op\u00e7\u00e3o inteligente para a sua casa.\" \/>\n<meta property=\"og:url\" content=\"https:\/\/haegerstore.pt\/liquidificadoras\/1391-liquidificadora-haeger-sports-inox-350w-copo-tritan-600ml-garrafa-termica-em-inox-.html\" \/>\n<meta property=\"og:site_name\" content=\"HAEGER Home Appliances\" \/>\n<meta property=\"article:modified_time\" content=\"2023-11-13T18:24:13+00:00\" \/>\n<meta property=\"og:image\" content=\"https:\/\/www.haegergroup.com\/wp-content\/uploads\/LQ-350.008A_1.jpg\" \/>\n\t<meta property=\"og:image:width\" content=\"1200\" \/>\n\t<meta property=\"og:image:height\" content=\"1200\" \/>\n\t<meta property=\"og:image:type\" content=\"image\/jpeg\" \/>\n<meta name=\"twitter:card\" content=\"summary_large_image\" \/>\n<meta name=\"twitter:label1\" content=\"Tempo estimado de leitura\" \/>\n\t<meta name=\"twitter:data1\" content=\"1 minuto\" \/>\n<script type=\"application\/ld+json\" class=\"yoast-schema-graph\">{\"@context\":\"https:\/\/schema.org\",\"@graph\":[{\"@type\":\"WebPage\",\"@id\":\"https:\/\/www.haegergroup.com\/pt-pt\/produto\/liquidificadora-haeger-sports-inox-350w-copo-tritan-600ml-garrafa-termica-em-inox\/\",\"url\":\"https:\/\/haegerstore.pt\/liquidificadoras\/1391-liquidificadora-haeger-sports-inox-350w-copo-tritan-600ml-garrafa-termica-em-inox-.html\",\"name\":\"Liquidificadora HAEGER Sports Inox - 350W, Copo TRITAN 600ml, Garrafa T\u00e9rmica em INOX - HAEGER Home Appliances\",\"isPartOf\":{\"@id\":\"https:\/\/www.haegergroup.com\/es\/#website\"},\"primaryImageOfPage\":{\"@id\":\"https:\/\/haegerstore.pt\/liquidificadoras\/1391-liquidificadora-haeger-sports-inox-350w-copo-tritan-600ml-garrafa-termica-em-inox-.html#primaryimage\"},\"image\":{\"@id\":\"https:\/\/haegerstore.pt\/liquidificadoras\/1391-liquidificadora-haeger-sports-inox-350w-copo-tritan-600ml-garrafa-termica-em-inox-.html#primaryimage\"},\"thumbnailUrl\":\"https:\/\/www.haegergroup.com\/wp-content\/uploads\/LQ-350.008A_1.jpg\",\"datePublished\":\"2023-10-25T11:38:56+00:00\",\"dateModified\":\"2023-11-13T18:24:13+00:00\",\"description\":\"Marca de Pequenos Eletrodom\u00e9sticos para a sua cozinha, cuidados pessoais, casa e climatiza\u00e7\u00e3o. A op\u00e7\u00e3o inteligente para a sua casa.\",\"breadcrumb\":{\"@id\":\"https:\/\/haegerstore.pt\/liquidificadoras\/1391-liquidificadora-haeger-sports-inox-350w-copo-tritan-600ml-garrafa-termica-em-inox-.html#breadcrumb\"},\"inLanguage\":\"pt-PT\",\"potentialAction\":[{\"@type\":\"ReadAction\",\"target\":[\"https:\/\/haegerstore.pt\/liquidificadoras\/1391-liquidificadora-haeger-sports-inox-350w-copo-tritan-600ml-garrafa-termica-em-inox-.html\"]}]},{\"@type\":\"ImageObject\",\"inLanguage\":\"pt-PT\",\"@id\":\"https:\/\/haegerstore.pt\/liquidificadoras\/1391-liquidificadora-haeger-sports-inox-350w-copo-tritan-600ml-garrafa-termica-em-inox-.html#primaryimage\",\"url\":\"https:\/\/www.haegergroup.com\/wp-content\/uploads\/LQ-350.008A_1.jpg\",\"contentUrl\":\"https:\/\/www.haegergroup.com\/wp-content\/uploads\/LQ-350.008A_1.jpg\",\"width\":1200,\"height\":1200},{\"@type\":\"BreadcrumbList\",\"@id\":\"https:\/\/haegerstore.pt\/liquidificadoras\/1391-liquidificadora-haeger-sports-inox-350w-copo-tritan-600ml-garrafa-termica-em-inox-.html#breadcrumb\",\"itemListElement\":[{\"@type\":\"ListItem\",\"position\":1,\"name\":\"Portada\",\"item\":\"https:\/\/www.haegergroup.com\/pt-pt\/\"},{\"@type\":\"ListItem\",\"position\":2,\"name\":\"Productos\",\"item\":\"https:\/\/www.haegergroup.com\/es\/tienda\/\"},{\"@type\":\"ListItem\",\"position\":3,\"name\":\"Liquidificadora HAEGER Sports Inox &#8211; 350W, Copo TRITAN 600ml, Garrafa T\u00e9rmica em INOX\"}]},{\"@type\":\"WebSite\",\"@id\":\"https:\/\/www.haegergroup.com\/es\/#website\",\"url\":\"https:\/\/www.haegergroup.com\/es\/\",\"name\":\"HAEGER Home Appliances\",\"description\":\"eletrodom\u00e9sticos\",\"publisher\":{\"@id\":\"https:\/\/www.haegergroup.com\/es\/#organization\"},\"potentialAction\":[{\"@type\":\"SearchAction\",\"target\":{\"@type\":\"EntryPoint\",\"urlTemplate\":\"https:\/\/www.haegergroup.com\/es\/?s={search_term_string}\"},\"query-input\":{\"@type\":\"PropertyValueSpecification\",\"valueRequired\":true,\"valueName\":\"search_term_string\"}}],\"inLanguage\":\"pt-PT\"},{\"@type\":\"Organization\",\"@id\":\"https:\/\/www.haegergroup.com\/es\/#organization\",\"name\":\"Haeger Electrodom\u00e9sticos\",\"url\":\"https:\/\/www.haegergroup.com\/es\/\",\"logo\":{\"@type\":\"ImageObject\",\"inLanguage\":\"pt-PT\",\"@id\":\"https:\/\/www.haegergroup.com\/es\/#\/schema\/logo\/image\/\",\"url\":\"https:\/\/www.haegergroup.com\/wp-content\/uploads\/2018\/05\/logo-web-220.png\",\"contentUrl\":\"https:\/\/www.haegergroup.com\/wp-content\/uploads\/2018\/05\/logo-web-220.png\",\"width\":220,\"height\":49,\"caption\":\"Haeger Electrodom\u00e9sticos\"},\"image\":{\"@id\":\"https:\/\/www.haegergroup.com\/es\/#\/schema\/logo\/image\/\"}}]}<\/script>\n<!-- \/ Yoast SEO plugin. -->","yoast_head_json":{"title":"Liquidificadora HAEGER Sports Inox - 350W, Copo TRITAN 600ml, Garrafa T\u00e9rmica em INOX - HAEGER Home Appliances","description":"Marca de Pequenos Eletrodom\u00e9sticos para a sua cozinha, cuidados pessoais, casa e climatiza\u00e7\u00e3o. A op\u00e7\u00e3o inteligente para a sua casa.","robots":{"index":"index","follow":"follow","max-snippet":"max-snippet:-1","max-image-preview":"max-image-preview:large","max-video-preview":"max-video-preview:-1"},"canonical":"https:\/\/haegerstore.pt\/liquidificadoras\/1391-liquidificadora-haeger-sports-inox-350w-copo-tritan-600ml-garrafa-termica-em-inox-.html","og_locale":"pt_PT","og_type":"article","og_title":"Liquidificadora HAEGER Sports Inox - 350W, Copo TRITAN 600ml, Garrafa T\u00e9rmica em INOX - HAEGER Home Appliances","og_description":"Marca de Pequenos Eletrodom\u00e9sticos para a sua cozinha, cuidados pessoais, casa e climatiza\u00e7\u00e3o. A op\u00e7\u00e3o inteligente para a sua casa.","og_url":"https:\/\/haegerstore.pt\/liquidificadoras\/1391-liquidificadora-haeger-sports-inox-350w-copo-tritan-600ml-garrafa-termica-em-inox-.html","og_site_name":"HAEGER Home Appliances","article_modified_time":"2023-11-13T18:24:13+00:00","og_image":[{"width":1200,"height":1200,"url":"https:\/\/www.haegergroup.com\/wp-content\/uploads\/LQ-350.008A_1.jpg","type":"image\/jpeg"}],"twitter_card":"summary_large_image","twitter_misc":{"Tempo estimado de leitura":"1 minuto"},"schema":{"@context":"https:\/\/schema.org","@graph":[{"@type":"WebPage","@id":"https:\/\/www.haegergroup.com\/pt-pt\/produto\/liquidificadora-haeger-sports-inox-350w-copo-tritan-600ml-garrafa-termica-em-inox\/","url":"https:\/\/haegerstore.pt\/liquidificadoras\/1391-liquidificadora-haeger-sports-inox-350w-copo-tritan-600ml-garrafa-termica-em-inox-.html","name":"Liquidificadora HAEGER Sports Inox - 350W, Copo TRITAN 600ml, Garrafa T\u00e9rmica em INOX - HAEGER Home Appliances","isPartOf":{"@id":"https:\/\/www.haegergroup.com\/es\/#website"},"primaryImageOfPage":{"@id":"https:\/\/haegerstore.pt\/liquidificadoras\/1391-liquidificadora-haeger-sports-inox-350w-copo-tritan-600ml-garrafa-termica-em-inox-.html#primaryimage"},"image":{"@id":"https:\/\/haegerstore.pt\/liquidificadoras\/1391-liquidificadora-haeger-sports-inox-350w-copo-tritan-600ml-garrafa-termica-em-inox-.html#primaryimage"},"thumbnailUrl":"https:\/\/www.haegergroup.com\/wp-content\/uploads\/LQ-350.008A_1.jpg","datePublished":"2023-10-25T11:38:56+00:00","dateModified":"2023-11-13T18:24:13+00:00","description":"Marca de Pequenos Eletrodom\u00e9sticos para a sua cozinha, cuidados pessoais, casa e climatiza\u00e7\u00e3o. A op\u00e7\u00e3o inteligente para a sua casa.","breadcrumb":{"@id":"https:\/\/haegerstore.pt\/liquidificadoras\/1391-liquidificadora-haeger-sports-inox-350w-copo-tritan-600ml-garrafa-termica-em-inox-.html#breadcrumb"},"inLanguage":"pt-PT","potentialAction":[{"@type":"ReadAction","target":["https:\/\/haegerstore.pt\/liquidificadoras\/1391-liquidificadora-haeger-sports-inox-350w-copo-tritan-600ml-garrafa-termica-em-inox-.html"]}]},{"@type":"ImageObject","inLanguage":"pt-PT","@id":"https:\/\/haegerstore.pt\/liquidificadoras\/1391-liquidificadora-haeger-sports-inox-350w-copo-tritan-600ml-garrafa-termica-em-inox-.html#primaryimage","url":"https:\/\/www.haegergroup.com\/wp-content\/uploads\/LQ-350.008A_1.jpg","contentUrl":"https:\/\/www.haegergroup.com\/wp-content\/uploads\/LQ-350.008A_1.jpg","width":1200,"height":1200},{"@type":"BreadcrumbList","@id":"https:\/\/haegerstore.pt\/liquidificadoras\/1391-liquidificadora-haeger-sports-inox-350w-copo-tritan-600ml-garrafa-termica-em-inox-.html#breadcrumb","itemListElement":[{"@type":"ListItem","position":1,"name":"Portada","item":"https:\/\/www.haegergroup.com\/pt-pt\/"},{"@type":"ListItem","position":2,"name":"Productos","item":"https:\/\/www.haegergroup.com\/es\/tienda\/"},{"@type":"ListItem","position":3,"name":"Liquidificadora HAEGER Sports Inox &#8211; 350W, Copo TRITAN 600ml, Garrafa T\u00e9rmica em INOX"}]},{"@type":"WebSite","@id":"https:\/\/www.haegergroup.com\/es\/#website","url":"https:\/\/www.haegergroup.com\/es\/","name":"HAEGER Home Appliances","description":"eletrodom\u00e9sticos","publisher":{"@id":"https:\/\/www.haegergroup.com\/es\/#organization"},"potentialAction":[{"@type":"SearchAction","target":{"@type":"EntryPoint","urlTemplate":"https:\/\/www.haegergroup.com\/es\/?s={search_term_string}"},"query-input":{"@type":"PropertyValueSpecification","valueRequired":true,"valueName":"search_term_string"}}],"inLanguage":"pt-PT"},{"@type":"Organization","@id":"https:\/\/www.haegergroup.com\/es\/#organization","name":"Haeger Electrodom\u00e9sticos","url":"https:\/\/www.haegergroup.com\/es\/","logo":{"@type":"ImageObject","inLanguage":"pt-PT","@id":"https:\/\/www.haegergroup.com\/es\/#\/schema\/logo\/image\/","url":"https:\/\/www.haegergroup.com\/wp-content\/uploads\/2018\/05\/logo-web-220.png","contentUrl":"https:\/\/www.haegergroup.com\/wp-content\/uploads\/2018\/05\/logo-web-220.png","width":220,"height":49,"caption":"Haeger Electrodom\u00e9sticos"},"image":{"@id":"https:\/\/www.haegergroup.com\/es\/#\/schema\/logo\/image\/"}}]}},"_links":{"self":[{"href":"https:\/\/www.haegergroup.com\/pt-pt\/wp-json\/wp\/v2\/product\/35009","targetHints":{"allow":["GET"]}}],"collection":[{"href":"https:\/\/www.haegergroup.com\/pt-pt\/wp-json\/wp\/v2\/product"}],"about":[{"href":"https:\/\/www.haegergroup.com\/pt-pt\/wp-json\/wp\/v2\/types\/product"}],"wp:featuredmedia":[{"embeddable":true,"href":"https:\/\/www.haegergroup.com\/pt-pt\/wp-json\/wp\/v2\/media\/35105"}],"wp:attachment":[{"href":"https:\/\/www.haegergroup.com\/pt-pt\/wp-json\/wp\/v2\/media?parent=35009"}],"wp:term":[{"taxonomy":"product_cat","embeddable":true,"href":"https:\/\/www.haegergroup.com\/pt-pt\/wp-json\/wp\/v2\/product_cat?post=35009"},{"taxonomy":"product_tag","embeddable":true,"href":"https:\/\/www.haegergroup.com\/pt-pt\/wp-json\/wp\/v2\/product_tag?post=35009"}],"curies":[{"name":"wp","href":"https:\/\/api.w.org\/{rel}","templated":true}]}}