{"id":34462,"date":"2023-04-05T14:47:17","date_gmt":"2023-04-05T13:47:17","guid":{"rendered":"https:\/\/www.haegergroup.com\/?post_type=product&#038;p=34462"},"modified":"2023-04-05T14:52:34","modified_gmt":"2023-04-05T13:52:34","slug":"varinha-magica-haeger-doce-plus-400w-com-conjunto-de-acessorios","status":"publish","type":"product","link":"https:\/\/www.haegergroup.com\/pt-pt\/produto\/varinha-magica-haeger-doce-plus-400w-com-conjunto-de-acessorios\/","title":{"rendered":"Varinha M\u00e1gica HAEGER DOCE PLUS &#8211; 400W com conjunto de acess\u00f3rios"},"content":{"rendered":"<p>A varinha m\u00e1gica HAEGER DOCE PLUS \u00e9 o equipamento perfeito para quem procura agilidade e praticabilidade na cozinha. Com 400W de pot\u00eancia, esta varinha m\u00e1gica consegue moer, misturar e bater os alimentos com facilidade, garantindo um resultado uniforme e saboroso nas suas receitas. Al\u00e9m disso, tem um copo com capacidade de 600 ml, um picador de alimentos e uma batedeira, para a prepara\u00e7\u00e3o de v\u00e1rias receitas de forma eficiente. O seu p\u00e9 desmont\u00e1vel em a\u00e7o inoxid\u00e1vel garante durabilidade e higiene na prepara\u00e7\u00e3o dos seus alimentos. Para garantir mais agilidade na prepara\u00e7\u00e3o, a HAEGER DOCE PLUS Magic Wand possui uma fun\u00e7\u00e3o turbo, que permite uma moagem mais r\u00e1pida e eficiente.<\/p>\n<p><strong>Caracter\u00edsticas<\/strong><\/p>\n<ul>\n<li>Motor DC 400W<\/li>\n<li>2 interruptores de toque f\u00e1cil e suave<\/li>\n<li>Fun\u00e7\u00e3o Turbo<\/li>\n<li>P\u00e9 desmont\u00e1vel 22,5 cm para f\u00e1cil limpeza<\/li>\n<li>L\u00e2mina em a\u00e7o Inoxid\u00e1vel de grandes dimens\u00f5es 5 cm<\/li>\n<\/ul>\n","protected":false},"excerpt":{"rendered":"<div>Com 400W de pot\u00eancia, a varinha m\u00e1gica HAEGER DOCE PLUS \u00e9 o equipamento perfeito para quem procura praticabilidade e efici\u00eancia na cozinha. Copo com capacidade de 600 ml, picadora de alimentos, batedeira e fun\u00e7\u00e3o turbo, \u00e9 a escolha certa para triturar, misturar e bater os alimentos com facilidade.<\/div>\n","protected":false},"featured_media":34463,"template":"","meta":[],"product_cat":[206,204],"product_tag":[],"class_list":{"0":"post-34462","1":"product","2":"type-product","3":"status-publish","4":"has-post-thumbnail","6":"product_cat-preparacao-de-alimentos","7":"product_cat-varinhas-magicas","9":"first","10":"instock","11":"shipping-taxable","12":"product-type-simple"},"yoast_head":"<!-- This site is optimized with the Yoast SEO plugin v24.1 - https:\/\/yoast.com\/wordpress\/plugins\/seo\/ -->\n<title>Varinha M\u00e1gica HAEGER DOCE PLUS - 400W com conjunto de acess\u00f3rios - HAEGER Home Appliances<\/title>\n<meta name=\"description\" content=\"Marca de Pequenos Eletrodom\u00e9sticos para a sua cozinha, cuidados pessoais, casa e climatiza\u00e7\u00e3o. A op\u00e7\u00e3o inteligente para a sua casa.\" \/>\n<meta name=\"robots\" content=\"index, follow, max-snippet:-1, max-image-preview:large, max-video-preview:-1\" \/>\n<link rel=\"canonical\" href=\"https:\/\/www.haegergroup.com\/pt-pt\/produto\/varinha-magica-haeger-doce-plus-400w-com-conjunto-de-acessorios\/\" \/>\n<meta property=\"og:locale\" content=\"pt_PT\" \/>\n<meta property=\"og:type\" content=\"article\" \/>\n<meta property=\"og:title\" content=\"Varinha M\u00e1gica HAEGER DOCE PLUS - 400W com conjunto de acess\u00f3rios - HAEGER Home Appliances\" \/>\n<meta property=\"og:description\" content=\"Marca de Pequenos Eletrodom\u00e9sticos para a sua cozinha, cuidados pessoais, casa e climatiza\u00e7\u00e3o. A op\u00e7\u00e3o inteligente para a sua casa.\" \/>\n<meta property=\"og:url\" content=\"https:\/\/www.haegergroup.com\/pt-pt\/produto\/varinha-magica-haeger-doce-plus-400w-com-conjunto-de-acessorios\/\" \/>\n<meta property=\"og:site_name\" content=\"HAEGER Home Appliances\" \/>\n<meta property=\"article:modified_time\" content=\"2023-04-05T13:52:34+00:00\" \/>\n<meta property=\"og:image\" content=\"https:\/\/www.haegergroup.com\/wp-content\/uploads\/HB-400.012A_1-1.png\" \/>\n\t<meta property=\"og:image:width\" content=\"1000\" \/>\n\t<meta property=\"og:image:height\" content=\"1000\" \/>\n\t<meta property=\"og:image:type\" content=\"image\/png\" \/>\n<meta name=\"twitter:card\" content=\"summary_large_image\" \/>\n<meta name=\"twitter:label1\" content=\"Tempo estimado de leitura\" \/>\n\t<meta name=\"twitter:data1\" content=\"1 minuto\" \/>\n<script type=\"application\/ld+json\" class=\"yoast-schema-graph\">{\"@context\":\"https:\/\/schema.org\",\"@graph\":[{\"@type\":\"WebPage\",\"@id\":\"https:\/\/www.haegergroup.com\/pt-pt\/produto\/varinha-magica-haeger-doce-plus-400w-com-conjunto-de-acessorios\/\",\"url\":\"https:\/\/www.haegergroup.com\/pt-pt\/produto\/varinha-magica-haeger-doce-plus-400w-com-conjunto-de-acessorios\/\",\"name\":\"Varinha M\u00e1gica HAEGER DOCE PLUS - 400W com conjunto de acess\u00f3rios - HAEGER Home Appliances\",\"isPartOf\":{\"@id\":\"https:\/\/www.haegergroup.com\/es\/#website\"},\"primaryImageOfPage\":{\"@id\":\"https:\/\/www.haegergroup.com\/pt-pt\/produto\/varinha-magica-haeger-doce-plus-400w-com-conjunto-de-acessorios\/#primaryimage\"},\"image\":{\"@id\":\"https:\/\/www.haegergroup.com\/pt-pt\/produto\/varinha-magica-haeger-doce-plus-400w-com-conjunto-de-acessorios\/#primaryimage\"},\"thumbnailUrl\":\"https:\/\/www.haegergroup.com\/wp-content\/uploads\/HB-400.012A_1-1.png\",\"datePublished\":\"2023-04-05T13:47:17+00:00\",\"dateModified\":\"2023-04-05T13:52:34+00:00\",\"description\":\"Marca de Pequenos Eletrodom\u00e9sticos para a sua cozinha, cuidados pessoais, casa e climatiza\u00e7\u00e3o. A op\u00e7\u00e3o inteligente para a sua casa.\",\"breadcrumb\":{\"@id\":\"https:\/\/www.haegergroup.com\/pt-pt\/produto\/varinha-magica-haeger-doce-plus-400w-com-conjunto-de-acessorios\/#breadcrumb\"},\"inLanguage\":\"pt-PT\",\"potentialAction\":[{\"@type\":\"ReadAction\",\"target\":[\"https:\/\/www.haegergroup.com\/pt-pt\/produto\/varinha-magica-haeger-doce-plus-400w-com-conjunto-de-acessorios\/\"]}]},{\"@type\":\"ImageObject\",\"inLanguage\":\"pt-PT\",\"@id\":\"https:\/\/www.haegergroup.com\/pt-pt\/produto\/varinha-magica-haeger-doce-plus-400w-com-conjunto-de-acessorios\/#primaryimage\",\"url\":\"https:\/\/www.haegergroup.com\/wp-content\/uploads\/HB-400.012A_1-1.png\",\"contentUrl\":\"https:\/\/www.haegergroup.com\/wp-content\/uploads\/HB-400.012A_1-1.png\",\"width\":1000,\"height\":1000,\"caption\":\"Varinha M\u00e1gica HAEGER DOCE PLUS\"},{\"@type\":\"BreadcrumbList\",\"@id\":\"https:\/\/www.haegergroup.com\/pt-pt\/produto\/varinha-magica-haeger-doce-plus-400w-com-conjunto-de-acessorios\/#breadcrumb\",\"itemListElement\":[{\"@type\":\"ListItem\",\"position\":1,\"name\":\"Portada\",\"item\":\"https:\/\/www.haegergroup.com\/pt-pt\/\"},{\"@type\":\"ListItem\",\"position\":2,\"name\":\"Productos\",\"item\":\"https:\/\/www.haegergroup.com\/es\/tienda\/\"},{\"@type\":\"ListItem\",\"position\":3,\"name\":\"Varinha M\u00e1gica HAEGER DOCE PLUS &#8211; 400W com conjunto de acess\u00f3rios\"}]},{\"@type\":\"WebSite\",\"@id\":\"https:\/\/www.haegergroup.com\/es\/#website\",\"url\":\"https:\/\/www.haegergroup.com\/es\/\",\"name\":\"HAEGER Home Appliances\",\"description\":\"eletrodom\u00e9sticos\",\"publisher\":{\"@id\":\"https:\/\/www.haegergroup.com\/es\/#organization\"},\"potentialAction\":[{\"@type\":\"SearchAction\",\"target\":{\"@type\":\"EntryPoint\",\"urlTemplate\":\"https:\/\/www.haegergroup.com\/es\/?s={search_term_string}\"},\"query-input\":{\"@type\":\"PropertyValueSpecification\",\"valueRequired\":true,\"valueName\":\"search_term_string\"}}],\"inLanguage\":\"pt-PT\"},{\"@type\":\"Organization\",\"@id\":\"https:\/\/www.haegergroup.com\/es\/#organization\",\"name\":\"Haeger Electrodom\u00e9sticos\",\"url\":\"https:\/\/www.haegergroup.com\/es\/\",\"logo\":{\"@type\":\"ImageObject\",\"inLanguage\":\"pt-PT\",\"@id\":\"https:\/\/www.haegergroup.com\/es\/#\/schema\/logo\/image\/\",\"url\":\"https:\/\/www.haegergroup.com\/wp-content\/uploads\/2018\/05\/logo-web-220.png\",\"contentUrl\":\"https:\/\/www.haegergroup.com\/wp-content\/uploads\/2018\/05\/logo-web-220.png\",\"width\":220,\"height\":49,\"caption\":\"Haeger Electrodom\u00e9sticos\"},\"image\":{\"@id\":\"https:\/\/www.haegergroup.com\/es\/#\/schema\/logo\/image\/\"}}]}<\/script>\n<!-- \/ Yoast SEO plugin. -->","yoast_head_json":{"title":"Varinha M\u00e1gica HAEGER DOCE PLUS - 400W com conjunto de acess\u00f3rios - HAEGER Home Appliances","description":"Marca de Pequenos Eletrodom\u00e9sticos para a sua cozinha, cuidados pessoais, casa e climatiza\u00e7\u00e3o. A op\u00e7\u00e3o inteligente para a sua casa.","robots":{"index":"index","follow":"follow","max-snippet":"max-snippet:-1","max-image-preview":"max-image-preview:large","max-video-preview":"max-video-preview:-1"},"canonical":"https:\/\/www.haegergroup.com\/pt-pt\/produto\/varinha-magica-haeger-doce-plus-400w-com-conjunto-de-acessorios\/","og_locale":"pt_PT","og_type":"article","og_title":"Varinha M\u00e1gica HAEGER DOCE PLUS - 400W com conjunto de acess\u00f3rios - HAEGER Home Appliances","og_description":"Marca de Pequenos Eletrodom\u00e9sticos para a sua cozinha, cuidados pessoais, casa e climatiza\u00e7\u00e3o. A op\u00e7\u00e3o inteligente para a sua casa.","og_url":"https:\/\/www.haegergroup.com\/pt-pt\/produto\/varinha-magica-haeger-doce-plus-400w-com-conjunto-de-acessorios\/","og_site_name":"HAEGER Home Appliances","article_modified_time":"2023-04-05T13:52:34+00:00","og_image":[{"width":1000,"height":1000,"url":"https:\/\/www.haegergroup.com\/wp-content\/uploads\/HB-400.012A_1-1.png","type":"image\/png"}],"twitter_card":"summary_large_image","twitter_misc":{"Tempo estimado de leitura":"1 minuto"},"schema":{"@context":"https:\/\/schema.org","@graph":[{"@type":"WebPage","@id":"https:\/\/www.haegergroup.com\/pt-pt\/produto\/varinha-magica-haeger-doce-plus-400w-com-conjunto-de-acessorios\/","url":"https:\/\/www.haegergroup.com\/pt-pt\/produto\/varinha-magica-haeger-doce-plus-400w-com-conjunto-de-acessorios\/","name":"Varinha M\u00e1gica HAEGER DOCE PLUS - 400W com conjunto de acess\u00f3rios - HAEGER Home Appliances","isPartOf":{"@id":"https:\/\/www.haegergroup.com\/es\/#website"},"primaryImageOfPage":{"@id":"https:\/\/www.haegergroup.com\/pt-pt\/produto\/varinha-magica-haeger-doce-plus-400w-com-conjunto-de-acessorios\/#primaryimage"},"image":{"@id":"https:\/\/www.haegergroup.com\/pt-pt\/produto\/varinha-magica-haeger-doce-plus-400w-com-conjunto-de-acessorios\/#primaryimage"},"thumbnailUrl":"https:\/\/www.haegergroup.com\/wp-content\/uploads\/HB-400.012A_1-1.png","datePublished":"2023-04-05T13:47:17+00:00","dateModified":"2023-04-05T13:52:34+00:00","description":"Marca de Pequenos Eletrodom\u00e9sticos para a sua cozinha, cuidados pessoais, casa e climatiza\u00e7\u00e3o. A op\u00e7\u00e3o inteligente para a sua casa.","breadcrumb":{"@id":"https:\/\/www.haegergroup.com\/pt-pt\/produto\/varinha-magica-haeger-doce-plus-400w-com-conjunto-de-acessorios\/#breadcrumb"},"inLanguage":"pt-PT","potentialAction":[{"@type":"ReadAction","target":["https:\/\/www.haegergroup.com\/pt-pt\/produto\/varinha-magica-haeger-doce-plus-400w-com-conjunto-de-acessorios\/"]}]},{"@type":"ImageObject","inLanguage":"pt-PT","@id":"https:\/\/www.haegergroup.com\/pt-pt\/produto\/varinha-magica-haeger-doce-plus-400w-com-conjunto-de-acessorios\/#primaryimage","url":"https:\/\/www.haegergroup.com\/wp-content\/uploads\/HB-400.012A_1-1.png","contentUrl":"https:\/\/www.haegergroup.com\/wp-content\/uploads\/HB-400.012A_1-1.png","width":1000,"height":1000,"caption":"Varinha M\u00e1gica HAEGER DOCE PLUS"},{"@type":"BreadcrumbList","@id":"https:\/\/www.haegergroup.com\/pt-pt\/produto\/varinha-magica-haeger-doce-plus-400w-com-conjunto-de-acessorios\/#breadcrumb","itemListElement":[{"@type":"ListItem","position":1,"name":"Portada","item":"https:\/\/www.haegergroup.com\/pt-pt\/"},{"@type":"ListItem","position":2,"name":"Productos","item":"https:\/\/www.haegergroup.com\/es\/tienda\/"},{"@type":"ListItem","position":3,"name":"Varinha M\u00e1gica HAEGER DOCE PLUS &#8211; 400W com conjunto de acess\u00f3rios"}]},{"@type":"WebSite","@id":"https:\/\/www.haegergroup.com\/es\/#website","url":"https:\/\/www.haegergroup.com\/es\/","name":"HAEGER Home Appliances","description":"eletrodom\u00e9sticos","publisher":{"@id":"https:\/\/www.haegergroup.com\/es\/#organization"},"potentialAction":[{"@type":"SearchAction","target":{"@type":"EntryPoint","urlTemplate":"https:\/\/www.haegergroup.com\/es\/?s={search_term_string}"},"query-input":{"@type":"PropertyValueSpecification","valueRequired":true,"valueName":"search_term_string"}}],"inLanguage":"pt-PT"},{"@type":"Organization","@id":"https:\/\/www.haegergroup.com\/es\/#organization","name":"Haeger Electrodom\u00e9sticos","url":"https:\/\/www.haegergroup.com\/es\/","logo":{"@type":"ImageObject","inLanguage":"pt-PT","@id":"https:\/\/www.haegergroup.com\/es\/#\/schema\/logo\/image\/","url":"https:\/\/www.haegergroup.com\/wp-content\/uploads\/2018\/05\/logo-web-220.png","contentUrl":"https:\/\/www.haegergroup.com\/wp-content\/uploads\/2018\/05\/logo-web-220.png","width":220,"height":49,"caption":"Haeger Electrodom\u00e9sticos"},"image":{"@id":"https:\/\/www.haegergroup.com\/es\/#\/schema\/logo\/image\/"}}]}},"_links":{"self":[{"href":"https:\/\/www.haegergroup.com\/pt-pt\/wp-json\/wp\/v2\/product\/34462","targetHints":{"allow":["GET"]}}],"collection":[{"href":"https:\/\/www.haegergroup.com\/pt-pt\/wp-json\/wp\/v2\/product"}],"about":[{"href":"https:\/\/www.haegergroup.com\/pt-pt\/wp-json\/wp\/v2\/types\/product"}],"wp:featuredmedia":[{"embeddable":true,"href":"https:\/\/www.haegergroup.com\/pt-pt\/wp-json\/wp\/v2\/media\/34463"}],"wp:attachment":[{"href":"https:\/\/www.haegergroup.com\/pt-pt\/wp-json\/wp\/v2\/media?parent=34462"}],"wp:term":[{"taxonomy":"product_cat","embeddable":true,"href":"https:\/\/www.haegergroup.com\/pt-pt\/wp-json\/wp\/v2\/product_cat?post=34462"},{"taxonomy":"product_tag","embeddable":true,"href":"https:\/\/www.haegergroup.com\/pt-pt\/wp-json\/wp\/v2\/product_tag?post=34462"}],"curies":[{"name":"wp","href":"https:\/\/api.w.org\/{rel}","templated":true}]}}