{"id":33786,"date":"2023-01-12T18:11:13","date_gmt":"2023-01-12T18:11:13","guid":{"rendered":"https:\/\/www.haegergroup.com\/?post_type=product&#038;p=33786"},"modified":"2023-02-01T14:44:06","modified_gmt":"2023-02-01T14:44:06","slug":"toalheiro-eletrico-haeger-family-warm-grey-80x60-cm-cinzento-300-w","status":"publish","type":"product","link":"https:\/\/www.haegergroup.com\/pt-pt\/produto\/toalheiro-eletrico-haeger-family-warm-grey-80x60-cm-cinzento-300-w\/","title":{"rendered":"Toalheiro El\u00e9trico HAEGER Family Warm Grey 80&#215;60 cm, Cinzento, 300 W"},"content":{"rendered":"","protected":false},"excerpt":{"rendered":"<h2>Toalheiro El\u00e9trico HAEGER Family Warm Grey 80&#215;60 cm, Cinzento, 300 W<br \/>\nModelo: TW-30G.003A<\/h2>\n<ul>\n<li>Cinzento<\/li>\n<li>13 Barras de aquecimento<\/li>\n<li>Bot\u00e3o ON\/OFF<\/li>\n<li>Medidas 800 x 600mm<\/li>\n<li>Aquecimento com l\u00edquido para um resultado uniforme<\/li>\n<li>Consumo de energia: 300 Watts<\/li>\n<li>Ideal para uso em casas de banho \u00e0 sua prote\u00e7\u00e3o com certifica\u00e7\u00e3o IPX4 que resiste aos salpicos de \u00e1gua.<\/li>\n<\/ul>\n","protected":false},"featured_media":33796,"template":"","meta":[],"product_cat":[251,766],"product_tag":[],"class_list":{"0":"post-33786","1":"product","2":"type-product","3":"status-publish","4":"has-post-thumbnail","6":"product_cat-climatizacao","7":"product_cat-toalheiros-eletricos","9":"first","10":"instock","11":"shipping-taxable","12":"product-type-simple"},"yoast_head":"<!-- This site is optimized with the Yoast SEO plugin v24.1 - https:\/\/yoast.com\/wordpress\/plugins\/seo\/ -->\n<title>Toalheiro El\u00e9trico HAEGER Family Warm Grey 80x60 cm, Cinzento, 300 W - HAEGER Home Appliances<\/title>\n<meta name=\"description\" content=\"Marca de Pequenos Eletrodom\u00e9sticos para a sua cozinha, cuidados pessoais, casa e climatiza\u00e7\u00e3o. A op\u00e7\u00e3o inteligente para a sua casa.\" \/>\n<meta name=\"robots\" content=\"index, follow, max-snippet:-1, max-image-preview:large, max-video-preview:-1\" \/>\n<link rel=\"canonical\" href=\"https:\/\/www.haegergroup.com\/pt-pt\/produto\/toalheiro-eletrico-haeger-family-warm-grey-80x60-cm-cinzento-300-w\/\" \/>\n<meta property=\"og:locale\" content=\"pt_PT\" \/>\n<meta property=\"og:type\" content=\"article\" \/>\n<meta property=\"og:title\" content=\"Toalheiro El\u00e9trico HAEGER Family Warm Grey 80x60 cm, Cinzento, 300 W - HAEGER Home Appliances\" \/>\n<meta property=\"og:description\" content=\"Marca de Pequenos Eletrodom\u00e9sticos para a sua cozinha, cuidados pessoais, casa e climatiza\u00e7\u00e3o. A op\u00e7\u00e3o inteligente para a sua casa.\" \/>\n<meta property=\"og:url\" content=\"https:\/\/www.haegergroup.com\/pt-pt\/produto\/toalheiro-eletrico-haeger-family-warm-grey-80x60-cm-cinzento-300-w\/\" \/>\n<meta property=\"og:site_name\" content=\"HAEGER Home Appliances\" \/>\n<meta property=\"article:modified_time\" content=\"2023-02-01T14:44:06+00:00\" \/>\n<meta property=\"og:image\" content=\"https:\/\/www.haegergroup.com\/wp-content\/uploads\/TW-30G.003A_1-1.jpg\" \/>\n\t<meta property=\"og:image:width\" content=\"1200\" \/>\n\t<meta property=\"og:image:height\" content=\"1200\" \/>\n\t<meta property=\"og:image:type\" content=\"image\/jpeg\" \/>\n<meta name=\"twitter:card\" content=\"summary_large_image\" \/>\n<script type=\"application\/ld+json\" class=\"yoast-schema-graph\">{\"@context\":\"https:\/\/schema.org\",\"@graph\":[{\"@type\":\"WebPage\",\"@id\":\"https:\/\/www.haegergroup.com\/pt-pt\/produto\/toalheiro-eletrico-haeger-family-warm-grey-80x60-cm-cinzento-300-w\/\",\"url\":\"https:\/\/www.haegergroup.com\/pt-pt\/produto\/toalheiro-eletrico-haeger-family-warm-grey-80x60-cm-cinzento-300-w\/\",\"name\":\"Toalheiro El\u00e9trico HAEGER Family Warm Grey 80x60 cm, Cinzento, 300 W - HAEGER Home Appliances\",\"isPartOf\":{\"@id\":\"https:\/\/www.haegergroup.com\/es\/#website\"},\"primaryImageOfPage\":{\"@id\":\"https:\/\/www.haegergroup.com\/pt-pt\/produto\/toalheiro-eletrico-haeger-family-warm-grey-80x60-cm-cinzento-300-w\/#primaryimage\"},\"image\":{\"@id\":\"https:\/\/www.haegergroup.com\/pt-pt\/produto\/toalheiro-eletrico-haeger-family-warm-grey-80x60-cm-cinzento-300-w\/#primaryimage\"},\"thumbnailUrl\":\"https:\/\/www.haegergroup.com\/wp-content\/uploads\/TW-30G.003A_1-1.jpg\",\"datePublished\":\"2023-01-12T18:11:13+00:00\",\"dateModified\":\"2023-02-01T14:44:06+00:00\",\"description\":\"Marca de Pequenos Eletrodom\u00e9sticos para a sua cozinha, cuidados pessoais, casa e climatiza\u00e7\u00e3o. A op\u00e7\u00e3o inteligente para a sua casa.\",\"breadcrumb\":{\"@id\":\"https:\/\/www.haegergroup.com\/pt-pt\/produto\/toalheiro-eletrico-haeger-family-warm-grey-80x60-cm-cinzento-300-w\/#breadcrumb\"},\"inLanguage\":\"pt-PT\",\"potentialAction\":[{\"@type\":\"ReadAction\",\"target\":[\"https:\/\/www.haegergroup.com\/pt-pt\/produto\/toalheiro-eletrico-haeger-family-warm-grey-80x60-cm-cinzento-300-w\/\"]}]},{\"@type\":\"ImageObject\",\"inLanguage\":\"pt-PT\",\"@id\":\"https:\/\/www.haegergroup.com\/pt-pt\/produto\/toalheiro-eletrico-haeger-family-warm-grey-80x60-cm-cinzento-300-w\/#primaryimage\",\"url\":\"https:\/\/www.haegergroup.com\/wp-content\/uploads\/TW-30G.003A_1-1.jpg\",\"contentUrl\":\"https:\/\/www.haegergroup.com\/wp-content\/uploads\/TW-30G.003A_1-1.jpg\",\"width\":1200,\"height\":1200},{\"@type\":\"BreadcrumbList\",\"@id\":\"https:\/\/www.haegergroup.com\/pt-pt\/produto\/toalheiro-eletrico-haeger-family-warm-grey-80x60-cm-cinzento-300-w\/#breadcrumb\",\"itemListElement\":[{\"@type\":\"ListItem\",\"position\":1,\"name\":\"Portada\",\"item\":\"https:\/\/www.haegergroup.com\/pt-pt\/\"},{\"@type\":\"ListItem\",\"position\":2,\"name\":\"Productos\",\"item\":\"https:\/\/www.haegergroup.com\/es\/tienda\/\"},{\"@type\":\"ListItem\",\"position\":3,\"name\":\"Toalheiro El\u00e9trico HAEGER Family Warm Grey 80&#215;60 cm, Cinzento, 300 W\"}]},{\"@type\":\"WebSite\",\"@id\":\"https:\/\/www.haegergroup.com\/es\/#website\",\"url\":\"https:\/\/www.haegergroup.com\/es\/\",\"name\":\"HAEGER Home Appliances\",\"description\":\"eletrodom\u00e9sticos\",\"publisher\":{\"@id\":\"https:\/\/www.haegergroup.com\/es\/#organization\"},\"potentialAction\":[{\"@type\":\"SearchAction\",\"target\":{\"@type\":\"EntryPoint\",\"urlTemplate\":\"https:\/\/www.haegergroup.com\/es\/?s={search_term_string}\"},\"query-input\":{\"@type\":\"PropertyValueSpecification\",\"valueRequired\":true,\"valueName\":\"search_term_string\"}}],\"inLanguage\":\"pt-PT\"},{\"@type\":\"Organization\",\"@id\":\"https:\/\/www.haegergroup.com\/es\/#organization\",\"name\":\"Haeger Electrodom\u00e9sticos\",\"url\":\"https:\/\/www.haegergroup.com\/es\/\",\"logo\":{\"@type\":\"ImageObject\",\"inLanguage\":\"pt-PT\",\"@id\":\"https:\/\/www.haegergroup.com\/es\/#\/schema\/logo\/image\/\",\"url\":\"https:\/\/www.haegergroup.com\/wp-content\/uploads\/2018\/05\/logo-web-220.png\",\"contentUrl\":\"https:\/\/www.haegergroup.com\/wp-content\/uploads\/2018\/05\/logo-web-220.png\",\"width\":220,\"height\":49,\"caption\":\"Haeger Electrodom\u00e9sticos\"},\"image\":{\"@id\":\"https:\/\/www.haegergroup.com\/es\/#\/schema\/logo\/image\/\"}}]}<\/script>\n<!-- \/ Yoast SEO plugin. -->","yoast_head_json":{"title":"Toalheiro El\u00e9trico HAEGER Family Warm Grey 80x60 cm, Cinzento, 300 W - HAEGER Home Appliances","description":"Marca de Pequenos Eletrodom\u00e9sticos para a sua cozinha, cuidados pessoais, casa e climatiza\u00e7\u00e3o. A op\u00e7\u00e3o inteligente para a sua casa.","robots":{"index":"index","follow":"follow","max-snippet":"max-snippet:-1","max-image-preview":"max-image-preview:large","max-video-preview":"max-video-preview:-1"},"canonical":"https:\/\/www.haegergroup.com\/pt-pt\/produto\/toalheiro-eletrico-haeger-family-warm-grey-80x60-cm-cinzento-300-w\/","og_locale":"pt_PT","og_type":"article","og_title":"Toalheiro El\u00e9trico HAEGER Family Warm Grey 80x60 cm, Cinzento, 300 W - HAEGER Home Appliances","og_description":"Marca de Pequenos Eletrodom\u00e9sticos para a sua cozinha, cuidados pessoais, casa e climatiza\u00e7\u00e3o. A op\u00e7\u00e3o inteligente para a sua casa.","og_url":"https:\/\/www.haegergroup.com\/pt-pt\/produto\/toalheiro-eletrico-haeger-family-warm-grey-80x60-cm-cinzento-300-w\/","og_site_name":"HAEGER Home Appliances","article_modified_time":"2023-02-01T14:44:06+00:00","og_image":[{"width":1200,"height":1200,"url":"https:\/\/www.haegergroup.com\/wp-content\/uploads\/TW-30G.003A_1-1.jpg","type":"image\/jpeg"}],"twitter_card":"summary_large_image","schema":{"@context":"https:\/\/schema.org","@graph":[{"@type":"WebPage","@id":"https:\/\/www.haegergroup.com\/pt-pt\/produto\/toalheiro-eletrico-haeger-family-warm-grey-80x60-cm-cinzento-300-w\/","url":"https:\/\/www.haegergroup.com\/pt-pt\/produto\/toalheiro-eletrico-haeger-family-warm-grey-80x60-cm-cinzento-300-w\/","name":"Toalheiro El\u00e9trico HAEGER Family Warm Grey 80x60 cm, Cinzento, 300 W - HAEGER Home Appliances","isPartOf":{"@id":"https:\/\/www.haegergroup.com\/es\/#website"},"primaryImageOfPage":{"@id":"https:\/\/www.haegergroup.com\/pt-pt\/produto\/toalheiro-eletrico-haeger-family-warm-grey-80x60-cm-cinzento-300-w\/#primaryimage"},"image":{"@id":"https:\/\/www.haegergroup.com\/pt-pt\/produto\/toalheiro-eletrico-haeger-family-warm-grey-80x60-cm-cinzento-300-w\/#primaryimage"},"thumbnailUrl":"https:\/\/www.haegergroup.com\/wp-content\/uploads\/TW-30G.003A_1-1.jpg","datePublished":"2023-01-12T18:11:13+00:00","dateModified":"2023-02-01T14:44:06+00:00","description":"Marca de Pequenos Eletrodom\u00e9sticos para a sua cozinha, cuidados pessoais, casa e climatiza\u00e7\u00e3o. A op\u00e7\u00e3o inteligente para a sua casa.","breadcrumb":{"@id":"https:\/\/www.haegergroup.com\/pt-pt\/produto\/toalheiro-eletrico-haeger-family-warm-grey-80x60-cm-cinzento-300-w\/#breadcrumb"},"inLanguage":"pt-PT","potentialAction":[{"@type":"ReadAction","target":["https:\/\/www.haegergroup.com\/pt-pt\/produto\/toalheiro-eletrico-haeger-family-warm-grey-80x60-cm-cinzento-300-w\/"]}]},{"@type":"ImageObject","inLanguage":"pt-PT","@id":"https:\/\/www.haegergroup.com\/pt-pt\/produto\/toalheiro-eletrico-haeger-family-warm-grey-80x60-cm-cinzento-300-w\/#primaryimage","url":"https:\/\/www.haegergroup.com\/wp-content\/uploads\/TW-30G.003A_1-1.jpg","contentUrl":"https:\/\/www.haegergroup.com\/wp-content\/uploads\/TW-30G.003A_1-1.jpg","width":1200,"height":1200},{"@type":"BreadcrumbList","@id":"https:\/\/www.haegergroup.com\/pt-pt\/produto\/toalheiro-eletrico-haeger-family-warm-grey-80x60-cm-cinzento-300-w\/#breadcrumb","itemListElement":[{"@type":"ListItem","position":1,"name":"Portada","item":"https:\/\/www.haegergroup.com\/pt-pt\/"},{"@type":"ListItem","position":2,"name":"Productos","item":"https:\/\/www.haegergroup.com\/es\/tienda\/"},{"@type":"ListItem","position":3,"name":"Toalheiro El\u00e9trico HAEGER Family Warm Grey 80&#215;60 cm, Cinzento, 300 W"}]},{"@type":"WebSite","@id":"https:\/\/www.haegergroup.com\/es\/#website","url":"https:\/\/www.haegergroup.com\/es\/","name":"HAEGER Home Appliances","description":"eletrodom\u00e9sticos","publisher":{"@id":"https:\/\/www.haegergroup.com\/es\/#organization"},"potentialAction":[{"@type":"SearchAction","target":{"@type":"EntryPoint","urlTemplate":"https:\/\/www.haegergroup.com\/es\/?s={search_term_string}"},"query-input":{"@type":"PropertyValueSpecification","valueRequired":true,"valueName":"search_term_string"}}],"inLanguage":"pt-PT"},{"@type":"Organization","@id":"https:\/\/www.haegergroup.com\/es\/#organization","name":"Haeger Electrodom\u00e9sticos","url":"https:\/\/www.haegergroup.com\/es\/","logo":{"@type":"ImageObject","inLanguage":"pt-PT","@id":"https:\/\/www.haegergroup.com\/es\/#\/schema\/logo\/image\/","url":"https:\/\/www.haegergroup.com\/wp-content\/uploads\/2018\/05\/logo-web-220.png","contentUrl":"https:\/\/www.haegergroup.com\/wp-content\/uploads\/2018\/05\/logo-web-220.png","width":220,"height":49,"caption":"Haeger Electrodom\u00e9sticos"},"image":{"@id":"https:\/\/www.haegergroup.com\/es\/#\/schema\/logo\/image\/"}}]}},"_links":{"self":[{"href":"https:\/\/www.haegergroup.com\/pt-pt\/wp-json\/wp\/v2\/product\/33786","targetHints":{"allow":["GET"]}}],"collection":[{"href":"https:\/\/www.haegergroup.com\/pt-pt\/wp-json\/wp\/v2\/product"}],"about":[{"href":"https:\/\/www.haegergroup.com\/pt-pt\/wp-json\/wp\/v2\/types\/product"}],"wp:featuredmedia":[{"embeddable":true,"href":"https:\/\/www.haegergroup.com\/pt-pt\/wp-json\/wp\/v2\/media\/33796"}],"wp:attachment":[{"href":"https:\/\/www.haegergroup.com\/pt-pt\/wp-json\/wp\/v2\/media?parent=33786"}],"wp:term":[{"taxonomy":"product_cat","embeddable":true,"href":"https:\/\/www.haegergroup.com\/pt-pt\/wp-json\/wp\/v2\/product_cat?post=33786"},{"taxonomy":"product_tag","embeddable":true,"href":"https:\/\/www.haegergroup.com\/pt-pt\/wp-json\/wp\/v2\/product_tag?post=33786"}],"curies":[{"name":"wp","href":"https:\/\/api.w.org\/{rel}","templated":true}]}}