{"id":33467,"date":"2022-09-26T00:10:44","date_gmt":"2022-09-25T23:10:44","guid":{"rendered":"https:\/\/www.haegergroup.com\/?post_type=product&#038;p=33467"},"modified":"2022-09-26T00:10:44","modified_gmt":"2022-09-25T23:10:44","slug":"aquecedor-de-mica-haeger-top-mica-white-1500w","status":"publish","type":"product","link":"https:\/\/www.haegergroup.com\/pt-pt\/produto\/aquecedor-de-mica-haeger-top-mica-white-1500w\/","title":{"rendered":"Aquecedor de Mica HAEGER Top Mica White 1500W"},"content":{"rendered":"","protected":false},"excerpt":{"rendered":"<h1>Aquecedor El\u00e9trico a Mica<br \/>\nModelo: MH-15W.006A<\/h1>\n<ul>\n<li>Bot\u00e3o de sele\u00e7\u00e3o (On\/Off, Modo de aquecimento)<\/li>\n<li>2 Configura\u00e7\u00f5es de calor &#8211; Quente 750 Watts &#8211; Muito quente 1500 Watts<\/li>\n<li>Econ\u00f3mico<\/li>\n<li>Termostato regul\u00e1vel<\/li>\n<li>Pot\u00eancia m\u00e1xima: 1500 Watts<\/li>\n<li>Prote\u00e7\u00e3o anti-aquecimento<\/li>\n<li>Tecnologia Micat\u00e9rmica<\/li>\n<\/ul>\n","protected":false},"featured_media":33468,"template":"","meta":[],"product_cat":[254],"product_tag":[756],"class_list":{"0":"post-33467","1":"product","2":"type-product","3":"status-publish","4":"has-post-thumbnail","6":"product_cat-aquecedores","7":"product_tag-aquecedor-de-mica","9":"first","10":"instock","11":"shipping-taxable","12":"product-type-simple"},"yoast_head":"<!-- This site is optimized with the Yoast SEO plugin v24.1 - https:\/\/yoast.com\/wordpress\/plugins\/seo\/ -->\n<title>Aquecedor de Mica HAEGER Top Mica White 1500W - HAEGER Home Appliances<\/title>\n<meta name=\"description\" content=\"Aquecedor de mica HAEGER Top Mica, com 1500W de pot\u00eancia, r\u00e1pido aquecimento, este aquecedor de mica \u00e9 ideal para \u00e1reas com cerca de 15 m2 a 20 m2.\" \/>\n<meta name=\"robots\" content=\"index, follow, max-snippet:-1, max-image-preview:large, max-video-preview:-1\" \/>\n<link rel=\"canonical\" href=\"https:\/\/www.haegergroup.com\/pt-pt\/produto\/aquecedor-de-mica-haeger-top-mica-white-1500w\/\" \/>\n<meta property=\"og:locale\" content=\"pt_PT\" \/>\n<meta property=\"og:type\" content=\"article\" \/>\n<meta property=\"og:title\" content=\"Aquecedor de Mica HAEGER Top Mica White 1500W - HAEGER Home Appliances\" \/>\n<meta property=\"og:description\" content=\"Aquecedor de mica HAEGER Top Mica, com 1500W de pot\u00eancia, r\u00e1pido aquecimento, este aquecedor de mica \u00e9 ideal para \u00e1reas com cerca de 15 m2 a 20 m2.\" \/>\n<meta property=\"og:url\" content=\"https:\/\/www.haegergroup.com\/pt-pt\/produto\/aquecedor-de-mica-haeger-top-mica-white-1500w\/\" \/>\n<meta property=\"og:site_name\" content=\"HAEGER Home Appliances\" \/>\n<meta property=\"og:image\" content=\"https:\/\/www.haegergroup.com\/wp-content\/uploads\/MH-15W.006A_1-1.jpg\" \/>\n\t<meta property=\"og:image:width\" content=\"1200\" \/>\n\t<meta property=\"og:image:height\" content=\"1200\" \/>\n\t<meta property=\"og:image:type\" content=\"image\/jpeg\" \/>\n<meta name=\"twitter:card\" content=\"summary_large_image\" \/>\n<script type=\"application\/ld+json\" class=\"yoast-schema-graph\">{\"@context\":\"https:\/\/schema.org\",\"@graph\":[{\"@type\":\"WebPage\",\"@id\":\"https:\/\/www.haegergroup.com\/pt-pt\/produto\/aquecedor-de-mica-haeger-top-mica-white-1500w\/\",\"url\":\"https:\/\/www.haegergroup.com\/pt-pt\/produto\/aquecedor-de-mica-haeger-top-mica-white-1500w\/\",\"name\":\"Aquecedor de Mica HAEGER Top Mica White 1500W - HAEGER Home Appliances\",\"isPartOf\":{\"@id\":\"https:\/\/www.haegergroup.com\/es\/#website\"},\"primaryImageOfPage\":{\"@id\":\"https:\/\/www.haegergroup.com\/pt-pt\/produto\/aquecedor-de-mica-haeger-top-mica-white-1500w\/#primaryimage\"},\"image\":{\"@id\":\"https:\/\/www.haegergroup.com\/pt-pt\/produto\/aquecedor-de-mica-haeger-top-mica-white-1500w\/#primaryimage\"},\"thumbnailUrl\":\"https:\/\/www.haegergroup.com\/wp-content\/uploads\/MH-15W.006A_1-1.jpg\",\"datePublished\":\"2022-09-25T23:10:44+00:00\",\"dateModified\":\"2022-09-25T23:10:44+00:00\",\"description\":\"Aquecedor de mica HAEGER Top Mica, com 1500W de pot\u00eancia, r\u00e1pido aquecimento, este aquecedor de mica \u00e9 ideal para \u00e1reas com cerca de 15 m2 a 20 m2.\",\"breadcrumb\":{\"@id\":\"https:\/\/www.haegergroup.com\/pt-pt\/produto\/aquecedor-de-mica-haeger-top-mica-white-1500w\/#breadcrumb\"},\"inLanguage\":\"pt-PT\",\"potentialAction\":[{\"@type\":\"ReadAction\",\"target\":[\"https:\/\/www.haegergroup.com\/pt-pt\/produto\/aquecedor-de-mica-haeger-top-mica-white-1500w\/\"]}]},{\"@type\":\"ImageObject\",\"inLanguage\":\"pt-PT\",\"@id\":\"https:\/\/www.haegergroup.com\/pt-pt\/produto\/aquecedor-de-mica-haeger-top-mica-white-1500w\/#primaryimage\",\"url\":\"https:\/\/www.haegergroup.com\/wp-content\/uploads\/MH-15W.006A_1-1.jpg\",\"contentUrl\":\"https:\/\/www.haegergroup.com\/wp-content\/uploads\/MH-15W.006A_1-1.jpg\",\"width\":1200,\"height\":1200,\"caption\":\"Aquecedor de Mica HAEGER Top Mica White 1500W\"},{\"@type\":\"BreadcrumbList\",\"@id\":\"https:\/\/www.haegergroup.com\/pt-pt\/produto\/aquecedor-de-mica-haeger-top-mica-white-1500w\/#breadcrumb\",\"itemListElement\":[{\"@type\":\"ListItem\",\"position\":1,\"name\":\"Portada\",\"item\":\"https:\/\/www.haegergroup.com\/pt-pt\/\"},{\"@type\":\"ListItem\",\"position\":2,\"name\":\"Productos\",\"item\":\"https:\/\/www.haegergroup.com\/es\/tienda\/\"},{\"@type\":\"ListItem\",\"position\":3,\"name\":\"Aquecedor de Mica HAEGER Top Mica White 1500W\"}]},{\"@type\":\"WebSite\",\"@id\":\"https:\/\/www.haegergroup.com\/es\/#website\",\"url\":\"https:\/\/www.haegergroup.com\/es\/\",\"name\":\"HAEGER Home Appliances\",\"description\":\"eletrodom\u00e9sticos\",\"publisher\":{\"@id\":\"https:\/\/www.haegergroup.com\/es\/#organization\"},\"potentialAction\":[{\"@type\":\"SearchAction\",\"target\":{\"@type\":\"EntryPoint\",\"urlTemplate\":\"https:\/\/www.haegergroup.com\/es\/?s={search_term_string}\"},\"query-input\":{\"@type\":\"PropertyValueSpecification\",\"valueRequired\":true,\"valueName\":\"search_term_string\"}}],\"inLanguage\":\"pt-PT\"},{\"@type\":\"Organization\",\"@id\":\"https:\/\/www.haegergroup.com\/es\/#organization\",\"name\":\"Haeger Electrodom\u00e9sticos\",\"url\":\"https:\/\/www.haegergroup.com\/es\/\",\"logo\":{\"@type\":\"ImageObject\",\"inLanguage\":\"pt-PT\",\"@id\":\"https:\/\/www.haegergroup.com\/es\/#\/schema\/logo\/image\/\",\"url\":\"https:\/\/www.haegergroup.com\/wp-content\/uploads\/2018\/05\/logo-web-220.png\",\"contentUrl\":\"https:\/\/www.haegergroup.com\/wp-content\/uploads\/2018\/05\/logo-web-220.png\",\"width\":220,\"height\":49,\"caption\":\"Haeger Electrodom\u00e9sticos\"},\"image\":{\"@id\":\"https:\/\/www.haegergroup.com\/es\/#\/schema\/logo\/image\/\"}}]}<\/script>\n<!-- \/ Yoast SEO plugin. -->","yoast_head_json":{"title":"Aquecedor de Mica HAEGER Top Mica White 1500W - HAEGER Home Appliances","description":"Aquecedor de mica HAEGER Top Mica, com 1500W de pot\u00eancia, r\u00e1pido aquecimento, este aquecedor de mica \u00e9 ideal para \u00e1reas com cerca de 15 m2 a 20 m2.","robots":{"index":"index","follow":"follow","max-snippet":"max-snippet:-1","max-image-preview":"max-image-preview:large","max-video-preview":"max-video-preview:-1"},"canonical":"https:\/\/www.haegergroup.com\/pt-pt\/produto\/aquecedor-de-mica-haeger-top-mica-white-1500w\/","og_locale":"pt_PT","og_type":"article","og_title":"Aquecedor de Mica HAEGER Top Mica White 1500W - HAEGER Home Appliances","og_description":"Aquecedor de mica HAEGER Top Mica, com 1500W de pot\u00eancia, r\u00e1pido aquecimento, este aquecedor de mica \u00e9 ideal para \u00e1reas com cerca de 15 m2 a 20 m2.","og_url":"https:\/\/www.haegergroup.com\/pt-pt\/produto\/aquecedor-de-mica-haeger-top-mica-white-1500w\/","og_site_name":"HAEGER Home Appliances","og_image":[{"width":1200,"height":1200,"url":"https:\/\/www.haegergroup.com\/wp-content\/uploads\/MH-15W.006A_1-1.jpg","type":"image\/jpeg"}],"twitter_card":"summary_large_image","schema":{"@context":"https:\/\/schema.org","@graph":[{"@type":"WebPage","@id":"https:\/\/www.haegergroup.com\/pt-pt\/produto\/aquecedor-de-mica-haeger-top-mica-white-1500w\/","url":"https:\/\/www.haegergroup.com\/pt-pt\/produto\/aquecedor-de-mica-haeger-top-mica-white-1500w\/","name":"Aquecedor de Mica HAEGER Top Mica White 1500W - HAEGER Home Appliances","isPartOf":{"@id":"https:\/\/www.haegergroup.com\/es\/#website"},"primaryImageOfPage":{"@id":"https:\/\/www.haegergroup.com\/pt-pt\/produto\/aquecedor-de-mica-haeger-top-mica-white-1500w\/#primaryimage"},"image":{"@id":"https:\/\/www.haegergroup.com\/pt-pt\/produto\/aquecedor-de-mica-haeger-top-mica-white-1500w\/#primaryimage"},"thumbnailUrl":"https:\/\/www.haegergroup.com\/wp-content\/uploads\/MH-15W.006A_1-1.jpg","datePublished":"2022-09-25T23:10:44+00:00","dateModified":"2022-09-25T23:10:44+00:00","description":"Aquecedor de mica HAEGER Top Mica, com 1500W de pot\u00eancia, r\u00e1pido aquecimento, este aquecedor de mica \u00e9 ideal para \u00e1reas com cerca de 15 m2 a 20 m2.","breadcrumb":{"@id":"https:\/\/www.haegergroup.com\/pt-pt\/produto\/aquecedor-de-mica-haeger-top-mica-white-1500w\/#breadcrumb"},"inLanguage":"pt-PT","potentialAction":[{"@type":"ReadAction","target":["https:\/\/www.haegergroup.com\/pt-pt\/produto\/aquecedor-de-mica-haeger-top-mica-white-1500w\/"]}]},{"@type":"ImageObject","inLanguage":"pt-PT","@id":"https:\/\/www.haegergroup.com\/pt-pt\/produto\/aquecedor-de-mica-haeger-top-mica-white-1500w\/#primaryimage","url":"https:\/\/www.haegergroup.com\/wp-content\/uploads\/MH-15W.006A_1-1.jpg","contentUrl":"https:\/\/www.haegergroup.com\/wp-content\/uploads\/MH-15W.006A_1-1.jpg","width":1200,"height":1200,"caption":"Aquecedor de Mica HAEGER Top Mica White 1500W"},{"@type":"BreadcrumbList","@id":"https:\/\/www.haegergroup.com\/pt-pt\/produto\/aquecedor-de-mica-haeger-top-mica-white-1500w\/#breadcrumb","itemListElement":[{"@type":"ListItem","position":1,"name":"Portada","item":"https:\/\/www.haegergroup.com\/pt-pt\/"},{"@type":"ListItem","position":2,"name":"Productos","item":"https:\/\/www.haegergroup.com\/es\/tienda\/"},{"@type":"ListItem","position":3,"name":"Aquecedor de Mica HAEGER Top Mica White 1500W"}]},{"@type":"WebSite","@id":"https:\/\/www.haegergroup.com\/es\/#website","url":"https:\/\/www.haegergroup.com\/es\/","name":"HAEGER Home Appliances","description":"eletrodom\u00e9sticos","publisher":{"@id":"https:\/\/www.haegergroup.com\/es\/#organization"},"potentialAction":[{"@type":"SearchAction","target":{"@type":"EntryPoint","urlTemplate":"https:\/\/www.haegergroup.com\/es\/?s={search_term_string}"},"query-input":{"@type":"PropertyValueSpecification","valueRequired":true,"valueName":"search_term_string"}}],"inLanguage":"pt-PT"},{"@type":"Organization","@id":"https:\/\/www.haegergroup.com\/es\/#organization","name":"Haeger Electrodom\u00e9sticos","url":"https:\/\/www.haegergroup.com\/es\/","logo":{"@type":"ImageObject","inLanguage":"pt-PT","@id":"https:\/\/www.haegergroup.com\/es\/#\/schema\/logo\/image\/","url":"https:\/\/www.haegergroup.com\/wp-content\/uploads\/2018\/05\/logo-web-220.png","contentUrl":"https:\/\/www.haegergroup.com\/wp-content\/uploads\/2018\/05\/logo-web-220.png","width":220,"height":49,"caption":"Haeger Electrodom\u00e9sticos"},"image":{"@id":"https:\/\/www.haegergroup.com\/es\/#\/schema\/logo\/image\/"}}]}},"_links":{"self":[{"href":"https:\/\/www.haegergroup.com\/pt-pt\/wp-json\/wp\/v2\/product\/33467","targetHints":{"allow":["GET"]}}],"collection":[{"href":"https:\/\/www.haegergroup.com\/pt-pt\/wp-json\/wp\/v2\/product"}],"about":[{"href":"https:\/\/www.haegergroup.com\/pt-pt\/wp-json\/wp\/v2\/types\/product"}],"wp:featuredmedia":[{"embeddable":true,"href":"https:\/\/www.haegergroup.com\/pt-pt\/wp-json\/wp\/v2\/media\/33468"}],"wp:attachment":[{"href":"https:\/\/www.haegergroup.com\/pt-pt\/wp-json\/wp\/v2\/media?parent=33467"}],"wp:term":[{"taxonomy":"product_cat","embeddable":true,"href":"https:\/\/www.haegergroup.com\/pt-pt\/wp-json\/wp\/v2\/product_cat?post=33467"},{"taxonomy":"product_tag","embeddable":true,"href":"https:\/\/www.haegergroup.com\/pt-pt\/wp-json\/wp\/v2\/product_tag?post=33467"}],"curies":[{"name":"wp","href":"https:\/\/api.w.org\/{rel}","templated":true}]}}