{"id":32679,"date":"2021-11-12T11:54:41","date_gmt":"2021-11-12T11:54:41","guid":{"rendered":"https:\/\/www.haegergroup.com\/?post_type=product&#038;p=32679"},"modified":"2022-05-12T16:43:35","modified_gmt":"2022-05-12T15:43:35","slug":"jarro-de-agua-com-filtro-haeger-bright-waters-24l","status":"publish","type":"product","link":"https:\/\/www.haegergroup.com\/pt-pt\/produto\/jarro-de-agua-com-filtro-haeger-bright-waters-24l\/","title":{"rendered":"Jarro de \u00e1gua com filtro HAEGER BRIGHT WATERS &#8211; 2,4L"},"content":{"rendered":"","protected":false},"excerpt":{"rendered":"<h2>Jarro de \u00e1gua com filtro HAEGER BRIGHT WATERS &#8211; 2,4L<\/h2>\n<h2>WJ-24W.004A<\/h2>\n<ul>\n<li>Compat\u00edvel com filtros de outras marcas (BRITA MAXTRA<sup>TM<\/sup>, BRITA MAXTRA+<sup>TM<\/sup>, LAICA BI-flux<sup>TM<\/sup>, BOSCH TASSIMO<sup>TM<\/sup>, BWT MG<sup>TM<\/sup>)<\/li>\n<li>Indicador manual de substitui\u00e7\u00e3o do filtro<\/li>\n<li>Remove impurezas da \u00e1gua da torneira<\/li>\n<li>Sistema de filtra\u00e7\u00e3o de quatro etapas<\/li>\n<li>Totalmente testado dentro dos regulamentos da UE pela TUV<\/li>\n<li>Indicador manual de substitui\u00e7\u00e3o do filtro<\/li>\n<li>Filtro de carv\u00e3o ativado (1 inclu\u00eddo)<\/li>\n<li>Jarro com filtro de \u00e1gua com 4 n\u00edveis de filtragem:<br \/>\n1. MICRO REDE- Elimina as part\u00edculas suspensas<br \/>\n2. ION-Exchange Resin \u2013 Remove metais pesados (cobre, c\u00e1dmio, chumbo, alum\u00ednio, etc) e o calc\u00e1rio, mantendo o c\u00e1lcio, magn\u00e9sio e os minerais.<br \/>\n3. Carv\u00e3o Ativado \u2013 Remove 98% do cloro, odores e sabores desagrad\u00e1veis. Remove ainda pesticidas, inseticidas, poluentes residuais, evita o desenvolvimento de bact\u00e9rias e melhora o sabor da \u00e1gua.<br \/>\n4. MICRO REDE \u2013 Proporciona uma filtra\u00e7\u00e3o final.<\/li>\n<\/ul>\n[fusion_button link=\"https:\/\/www.haegergroup.com\/pt-pt\/encontre-sua-loja\/\" text_transform=\"\" title=\"\" target=\"\" link_attributes=\"\" alignment=\"\" modal=\"\" hide_on_mobile=\"small-visibility,medium-visibility,large-visibility\" class=\"\" id=\"\" color=\"custom\" button_gradient_top_color=\"rgba(191,4,17,0)\" button_gradient_bottom_color=\"rgba(191,4,17,0)\" button_gradient_top_color_hover=\"#bf0411\" button_gradient_bottom_color_hover=\"#bf0411\" accent_color=\"#bf0411\" accent_hover_color=\"\" type=\"flat\" bevel_color=\"\" border_width=\"2\" size=\"medium\" stretch=\"default\" shape=\"pill\" icon=\"fa-angle-double-right fas\" icon_position=\"right\" icon_divider=\"no\" animation_type=\"\" animation_direction=\"left\" animation_speed=\"0.3\" animation_offset=\"\"]Onde Comprar[\/fusion_button]\n","protected":false},"featured_media":32682,"template":"","meta":[],"product_cat":[247,205],"product_tag":[600,599,601],"class_list":{"0":"post-32679","1":"product","2":"type-product","3":"status-publish","4":"has-post-thumbnail","6":"product_cat-jarros-purificadores-de-agua","7":"product_cat-pequenos-aparelhos","8":"product_tag-agua-pt-pt","9":"product_tag-jarra-pt-pt","10":"product_tag-purificadora-pt-pt","12":"first","13":"instock","14":"product-type-simple"},"yoast_head":"<!-- This site is optimized with the Yoast SEO plugin v24.1 - https:\/\/yoast.com\/wordpress\/plugins\/seo\/ -->\n<title>Jarro de \u00e1gua com filtro HAEGER BRIGHT WATERS - 2,4L - HAEGER Home Appliances<\/title>\n<meta name=\"description\" content=\"Marca de Pequenos Eletrodom\u00e9sticos para a sua cozinha, cuidados pessoais, casa e climatiza\u00e7\u00e3o. A op\u00e7\u00e3o inteligente para a sua casa.\" \/>\n<meta name=\"robots\" content=\"index, follow, max-snippet:-1, max-image-preview:large, max-video-preview:-1\" \/>\n<link rel=\"canonical\" href=\"https:\/\/www.haegergroup.com\/pt-pt\/produto\/jarro-de-agua-com-filtro-haeger-bright-waters-24l\/\" \/>\n<meta property=\"og:locale\" content=\"pt_PT\" \/>\n<meta property=\"og:type\" content=\"article\" \/>\n<meta property=\"og:title\" content=\"Jarro de \u00e1gua com filtro HAEGER BRIGHT WATERS - 2,4L - HAEGER Home Appliances\" \/>\n<meta property=\"og:description\" content=\"Marca de Pequenos Eletrodom\u00e9sticos para a sua cozinha, cuidados pessoais, casa e climatiza\u00e7\u00e3o. A op\u00e7\u00e3o inteligente para a sua casa.\" \/>\n<meta property=\"og:url\" content=\"https:\/\/www.haegergroup.com\/pt-pt\/produto\/jarro-de-agua-com-filtro-haeger-bright-waters-24l\/\" \/>\n<meta property=\"og:site_name\" content=\"HAEGER Home Appliances\" \/>\n<meta property=\"article:modified_time\" content=\"2022-05-12T15:43:35+00:00\" \/>\n<meta property=\"og:image\" content=\"https:\/\/www.haegergroup.com\/wp-content\/uploads\/WJ-24W.004A_1.jpg\" \/>\n\t<meta property=\"og:image:width\" content=\"1200\" \/>\n\t<meta property=\"og:image:height\" content=\"1200\" \/>\n\t<meta property=\"og:image:type\" content=\"image\/jpeg\" \/>\n<meta name=\"twitter:card\" content=\"summary_large_image\" \/>\n<script type=\"application\/ld+json\" class=\"yoast-schema-graph\">{\"@context\":\"https:\/\/schema.org\",\"@graph\":[{\"@type\":\"WebPage\",\"@id\":\"https:\/\/www.haegergroup.com\/pt-pt\/produto\/jarro-de-agua-com-filtro-haeger-bright-waters-24l\/\",\"url\":\"https:\/\/www.haegergroup.com\/pt-pt\/produto\/jarro-de-agua-com-filtro-haeger-bright-waters-24l\/\",\"name\":\"Jarro de \u00e1gua com filtro HAEGER BRIGHT WATERS - 2,4L - HAEGER Home Appliances\",\"isPartOf\":{\"@id\":\"https:\/\/www.haegergroup.com\/es\/#website\"},\"primaryImageOfPage\":{\"@id\":\"https:\/\/www.haegergroup.com\/pt-pt\/produto\/jarro-de-agua-com-filtro-haeger-bright-waters-24l\/#primaryimage\"},\"image\":{\"@id\":\"https:\/\/www.haegergroup.com\/pt-pt\/produto\/jarro-de-agua-com-filtro-haeger-bright-waters-24l\/#primaryimage\"},\"thumbnailUrl\":\"https:\/\/www.haegergroup.com\/wp-content\/uploads\/WJ-24W.004A_1.jpg\",\"datePublished\":\"2021-11-12T11:54:41+00:00\",\"dateModified\":\"2022-05-12T15:43:35+00:00\",\"description\":\"Marca de Pequenos Eletrodom\u00e9sticos para a sua cozinha, cuidados pessoais, casa e climatiza\u00e7\u00e3o. A op\u00e7\u00e3o inteligente para a sua casa.\",\"breadcrumb\":{\"@id\":\"https:\/\/www.haegergroup.com\/pt-pt\/produto\/jarro-de-agua-com-filtro-haeger-bright-waters-24l\/#breadcrumb\"},\"inLanguage\":\"pt-PT\",\"potentialAction\":[{\"@type\":\"ReadAction\",\"target\":[\"https:\/\/www.haegergroup.com\/pt-pt\/produto\/jarro-de-agua-com-filtro-haeger-bright-waters-24l\/\"]}]},{\"@type\":\"ImageObject\",\"inLanguage\":\"pt-PT\",\"@id\":\"https:\/\/www.haegergroup.com\/pt-pt\/produto\/jarro-de-agua-com-filtro-haeger-bright-waters-24l\/#primaryimage\",\"url\":\"https:\/\/www.haegergroup.com\/wp-content\/uploads\/WJ-24W.004A_1.jpg\",\"contentUrl\":\"https:\/\/www.haegergroup.com\/wp-content\/uploads\/WJ-24W.004A_1.jpg\",\"width\":1200,\"height\":1200},{\"@type\":\"BreadcrumbList\",\"@id\":\"https:\/\/www.haegergroup.com\/pt-pt\/produto\/jarro-de-agua-com-filtro-haeger-bright-waters-24l\/#breadcrumb\",\"itemListElement\":[{\"@type\":\"ListItem\",\"position\":1,\"name\":\"Portada\",\"item\":\"https:\/\/www.haegergroup.com\/pt-pt\/\"},{\"@type\":\"ListItem\",\"position\":2,\"name\":\"Productos\",\"item\":\"https:\/\/www.haegergroup.com\/es\/tienda\/\"},{\"@type\":\"ListItem\",\"position\":3,\"name\":\"Jarro de \u00e1gua com filtro HAEGER BRIGHT WATERS &#8211; 2,4L\"}]},{\"@type\":\"WebSite\",\"@id\":\"https:\/\/www.haegergroup.com\/es\/#website\",\"url\":\"https:\/\/www.haegergroup.com\/es\/\",\"name\":\"HAEGER Home Appliances\",\"description\":\"eletrodom\u00e9sticos\",\"publisher\":{\"@id\":\"https:\/\/www.haegergroup.com\/es\/#organization\"},\"potentialAction\":[{\"@type\":\"SearchAction\",\"target\":{\"@type\":\"EntryPoint\",\"urlTemplate\":\"https:\/\/www.haegergroup.com\/es\/?s={search_term_string}\"},\"query-input\":{\"@type\":\"PropertyValueSpecification\",\"valueRequired\":true,\"valueName\":\"search_term_string\"}}],\"inLanguage\":\"pt-PT\"},{\"@type\":\"Organization\",\"@id\":\"https:\/\/www.haegergroup.com\/es\/#organization\",\"name\":\"Haeger Electrodom\u00e9sticos\",\"url\":\"https:\/\/www.haegergroup.com\/es\/\",\"logo\":{\"@type\":\"ImageObject\",\"inLanguage\":\"pt-PT\",\"@id\":\"https:\/\/www.haegergroup.com\/es\/#\/schema\/logo\/image\/\",\"url\":\"https:\/\/www.haegergroup.com\/wp-content\/uploads\/2018\/05\/logo-web-220.png\",\"contentUrl\":\"https:\/\/www.haegergroup.com\/wp-content\/uploads\/2018\/05\/logo-web-220.png\",\"width\":220,\"height\":49,\"caption\":\"Haeger Electrodom\u00e9sticos\"},\"image\":{\"@id\":\"https:\/\/www.haegergroup.com\/es\/#\/schema\/logo\/image\/\"}}]}<\/script>\n<!-- \/ Yoast SEO plugin. -->","yoast_head_json":{"title":"Jarro de \u00e1gua com filtro HAEGER BRIGHT WATERS - 2,4L - HAEGER Home Appliances","description":"Marca de Pequenos Eletrodom\u00e9sticos para a sua cozinha, cuidados pessoais, casa e climatiza\u00e7\u00e3o. A op\u00e7\u00e3o inteligente para a sua casa.","robots":{"index":"index","follow":"follow","max-snippet":"max-snippet:-1","max-image-preview":"max-image-preview:large","max-video-preview":"max-video-preview:-1"},"canonical":"https:\/\/www.haegergroup.com\/pt-pt\/produto\/jarro-de-agua-com-filtro-haeger-bright-waters-24l\/","og_locale":"pt_PT","og_type":"article","og_title":"Jarro de \u00e1gua com filtro HAEGER BRIGHT WATERS - 2,4L - HAEGER Home Appliances","og_description":"Marca de Pequenos Eletrodom\u00e9sticos para a sua cozinha, cuidados pessoais, casa e climatiza\u00e7\u00e3o. A op\u00e7\u00e3o inteligente para a sua casa.","og_url":"https:\/\/www.haegergroup.com\/pt-pt\/produto\/jarro-de-agua-com-filtro-haeger-bright-waters-24l\/","og_site_name":"HAEGER Home Appliances","article_modified_time":"2022-05-12T15:43:35+00:00","og_image":[{"width":1200,"height":1200,"url":"https:\/\/www.haegergroup.com\/wp-content\/uploads\/WJ-24W.004A_1.jpg","type":"image\/jpeg"}],"twitter_card":"summary_large_image","schema":{"@context":"https:\/\/schema.org","@graph":[{"@type":"WebPage","@id":"https:\/\/www.haegergroup.com\/pt-pt\/produto\/jarro-de-agua-com-filtro-haeger-bright-waters-24l\/","url":"https:\/\/www.haegergroup.com\/pt-pt\/produto\/jarro-de-agua-com-filtro-haeger-bright-waters-24l\/","name":"Jarro de \u00e1gua com filtro HAEGER BRIGHT WATERS - 2,4L - HAEGER Home Appliances","isPartOf":{"@id":"https:\/\/www.haegergroup.com\/es\/#website"},"primaryImageOfPage":{"@id":"https:\/\/www.haegergroup.com\/pt-pt\/produto\/jarro-de-agua-com-filtro-haeger-bright-waters-24l\/#primaryimage"},"image":{"@id":"https:\/\/www.haegergroup.com\/pt-pt\/produto\/jarro-de-agua-com-filtro-haeger-bright-waters-24l\/#primaryimage"},"thumbnailUrl":"https:\/\/www.haegergroup.com\/wp-content\/uploads\/WJ-24W.004A_1.jpg","datePublished":"2021-11-12T11:54:41+00:00","dateModified":"2022-05-12T15:43:35+00:00","description":"Marca de Pequenos Eletrodom\u00e9sticos para a sua cozinha, cuidados pessoais, casa e climatiza\u00e7\u00e3o. A op\u00e7\u00e3o inteligente para a sua casa.","breadcrumb":{"@id":"https:\/\/www.haegergroup.com\/pt-pt\/produto\/jarro-de-agua-com-filtro-haeger-bright-waters-24l\/#breadcrumb"},"inLanguage":"pt-PT","potentialAction":[{"@type":"ReadAction","target":["https:\/\/www.haegergroup.com\/pt-pt\/produto\/jarro-de-agua-com-filtro-haeger-bright-waters-24l\/"]}]},{"@type":"ImageObject","inLanguage":"pt-PT","@id":"https:\/\/www.haegergroup.com\/pt-pt\/produto\/jarro-de-agua-com-filtro-haeger-bright-waters-24l\/#primaryimage","url":"https:\/\/www.haegergroup.com\/wp-content\/uploads\/WJ-24W.004A_1.jpg","contentUrl":"https:\/\/www.haegergroup.com\/wp-content\/uploads\/WJ-24W.004A_1.jpg","width":1200,"height":1200},{"@type":"BreadcrumbList","@id":"https:\/\/www.haegergroup.com\/pt-pt\/produto\/jarro-de-agua-com-filtro-haeger-bright-waters-24l\/#breadcrumb","itemListElement":[{"@type":"ListItem","position":1,"name":"Portada","item":"https:\/\/www.haegergroup.com\/pt-pt\/"},{"@type":"ListItem","position":2,"name":"Productos","item":"https:\/\/www.haegergroup.com\/es\/tienda\/"},{"@type":"ListItem","position":3,"name":"Jarro de \u00e1gua com filtro HAEGER BRIGHT WATERS &#8211; 2,4L"}]},{"@type":"WebSite","@id":"https:\/\/www.haegergroup.com\/es\/#website","url":"https:\/\/www.haegergroup.com\/es\/","name":"HAEGER Home Appliances","description":"eletrodom\u00e9sticos","publisher":{"@id":"https:\/\/www.haegergroup.com\/es\/#organization"},"potentialAction":[{"@type":"SearchAction","target":{"@type":"EntryPoint","urlTemplate":"https:\/\/www.haegergroup.com\/es\/?s={search_term_string}"},"query-input":{"@type":"PropertyValueSpecification","valueRequired":true,"valueName":"search_term_string"}}],"inLanguage":"pt-PT"},{"@type":"Organization","@id":"https:\/\/www.haegergroup.com\/es\/#organization","name":"Haeger Electrodom\u00e9sticos","url":"https:\/\/www.haegergroup.com\/es\/","logo":{"@type":"ImageObject","inLanguage":"pt-PT","@id":"https:\/\/www.haegergroup.com\/es\/#\/schema\/logo\/image\/","url":"https:\/\/www.haegergroup.com\/wp-content\/uploads\/2018\/05\/logo-web-220.png","contentUrl":"https:\/\/www.haegergroup.com\/wp-content\/uploads\/2018\/05\/logo-web-220.png","width":220,"height":49,"caption":"Haeger Electrodom\u00e9sticos"},"image":{"@id":"https:\/\/www.haegergroup.com\/es\/#\/schema\/logo\/image\/"}}]}},"_links":{"self":[{"href":"https:\/\/www.haegergroup.com\/pt-pt\/wp-json\/wp\/v2\/product\/32679","targetHints":{"allow":["GET"]}}],"collection":[{"href":"https:\/\/www.haegergroup.com\/pt-pt\/wp-json\/wp\/v2\/product"}],"about":[{"href":"https:\/\/www.haegergroup.com\/pt-pt\/wp-json\/wp\/v2\/types\/product"}],"wp:featuredmedia":[{"embeddable":true,"href":"https:\/\/www.haegergroup.com\/pt-pt\/wp-json\/wp\/v2\/media\/32682"}],"wp:attachment":[{"href":"https:\/\/www.haegergroup.com\/pt-pt\/wp-json\/wp\/v2\/media?parent=32679"}],"wp:term":[{"taxonomy":"product_cat","embeddable":true,"href":"https:\/\/www.haegergroup.com\/pt-pt\/wp-json\/wp\/v2\/product_cat?post=32679"},{"taxonomy":"product_tag","embeddable":true,"href":"https:\/\/www.haegergroup.com\/pt-pt\/wp-json\/wp\/v2\/product_tag?post=32679"}],"curies":[{"name":"wp","href":"https:\/\/api.w.org\/{rel}","templated":true}]}}