{"id":37776,"date":"2026-01-28T15:01:52","date_gmt":"2026-01-28T15:23:07","guid":{"rendered":"https:\/\/www.haegergroup.com\/?post_type=product&#038;p=37776"},"modified":"2026-01-28T15:28:23","modified_gmt":"2026-01-28T15:28:23","slug":"lavadora-haeger-prestige-wash-1400-10-kg-1400-rpm-classe-a-bldc-inverter-motor","status":"publish","type":"product","link":"https:\/\/www.haegergroup.com\/es\/producto\/lavadora-haeger-prestige-wash-1400-10-kg-1400-rpm-classe-a-bldc-inverter-motor\/","title":{"rendered":"Lavadora HAEGER Prestige Wash 1400 \u2013 10 kg, 1400 rpm, Classe A, BLDC Inverter Motor"},"content":{"rendered":"","protected":false},"excerpt":{"rendered":"<h2>Lavadora 10 Kg<br \/>\nModelo: WM-10K.006A<\/h2>\n<p>\u2022 Capacidad nominal de lavado: 10 kg.<br \/>\n\u2022 Motor BLDC Inverter.<br \/>\n\u2022 Pantalla digital con 12 programas.<br \/>\n\u2022 Clase de eficiencia energ\u00e9tica: A.<br \/>\n\u2022 Consumo de energ\u00eda en kWh por cada 100 ciclos: 51,4.<br \/>\n\u2022 Consumo de agua en litros por ciclo: 51<br \/>\n\u2022 Velocidad de centrifugado: 1400 rpm<br \/>\n\u2022 Programa de vapor<br \/>\n\u2022 Potencia nominal de entrada de lavado: 200 W<br \/>\n\u2022 Potencia nominal de entrada de centrifugado: 500 W<br \/>\n\u2022 Grado de impermeabilidad: IPX4<br \/>\n\u2022 Ruido ac\u00fastico a\u00e9reo: 76 dB<br \/>\n\u2022 Potencia nominal de entrada de calentamiento: 1800 W &#8211; 1950 W (m\u00e1x.)<br \/>\n\u2022 Voltaje nominal: CA 220-240 V<br \/>\n\u2022 Frecuencia nominal: 50 Hz<\/p>\n","protected":false},"featured_media":37774,"template":"","meta":[],"product_cat":[791,178],"product_tag":[],"class_list":{"0":"post-37776","1":"product","2":"type-product","3":"status-publish","4":"has-post-thumbnail","6":"product_cat-lavadoras","7":"product_cat-hogar","9":"first","10":"instock","11":"shipping-taxable","12":"product-type-simple"},"yoast_head":"<!-- This site is optimized with the Yoast SEO plugin v24.1 - https:\/\/yoast.com\/wordpress\/plugins\/seo\/ -->\n<title>Lavadora HAEGER Prestige Wash 1400 \u2013 10 kg, 1400 rpm, Classe A, BLDC Inverter Motor - H\u00c6GER Eletrodom\u00e9sticos<\/title>\n<meta name=\"description\" content=\"Marca de Pequenos Eletrodom\u00e9sticos para a sua cozinha, cuidados pessoais, casa e climatiza\u00e7\u00e3o. A op\u00e7\u00e3o inteligente para a sua casa.\" \/>\n<meta name=\"robots\" content=\"index, follow, max-snippet:-1, max-image-preview:large, max-video-preview:-1\" \/>\n<link rel=\"canonical\" href=\"https:\/\/www.haegergroup.com\/es\/producto\/lavadora-haeger-prestige-wash-1400-10-kg-1400-rpm-classe-a-bldc-inverter-motor\/\" \/>\n<meta property=\"og:locale\" content=\"es_ES\" \/>\n<meta property=\"og:type\" content=\"article\" \/>\n<meta property=\"og:title\" content=\"Lavadora HAEGER Prestige Wash 1400 \u2013 10 kg, 1400 rpm, Classe A, BLDC Inverter Motor - H\u00c6GER Eletrodom\u00e9sticos\" \/>\n<meta property=\"og:description\" content=\"Marca de Pequenos Eletrodom\u00e9sticos para a sua cozinha, cuidados pessoais, casa e climatiza\u00e7\u00e3o. A op\u00e7\u00e3o inteligente para a sua casa.\" \/>\n<meta property=\"og:url\" content=\"https:\/\/www.haegergroup.com\/es\/producto\/lavadora-haeger-prestige-wash-1400-10-kg-1400-rpm-classe-a-bldc-inverter-motor\/\" \/>\n<meta property=\"og:site_name\" content=\"H\u00c6GER Eletrodom\u00e9sticos\" \/>\n<meta property=\"article:modified_time\" content=\"2026-01-28T15:28:23+00:00\" \/>\n<meta property=\"og:image\" content=\"https:\/\/www.haegergroup.com\/wp-content\/uploads\/WM-10K.006A_1-1.png\" \/>\n\t<meta property=\"og:image:width\" content=\"1200\" \/>\n\t<meta property=\"og:image:height\" content=\"1200\" \/>\n\t<meta property=\"og:image:type\" content=\"image\/png\" \/>\n<meta name=\"twitter:card\" content=\"summary_large_image\" \/>\n<meta name=\"twitter:label1\" content=\"Tiempo de lectura\" \/>\n\t<meta name=\"twitter:data1\" content=\"1 minuto\" \/>\n<script type=\"application\/ld+json\" class=\"yoast-schema-graph\">{\"@context\":\"https:\/\/schema.org\",\"@graph\":[{\"@type\":\"WebPage\",\"@id\":\"https:\/\/www.haegergroup.com\/es\/producto\/lavadora-haeger-prestige-wash-1400-10-kg-1400-rpm-classe-a-bldc-inverter-motor\/\",\"url\":\"https:\/\/www.haegergroup.com\/es\/producto\/lavadora-haeger-prestige-wash-1400-10-kg-1400-rpm-classe-a-bldc-inverter-motor\/\",\"name\":\"Lavadora HAEGER Prestige Wash 1400 \u2013 10 kg, 1400 rpm, Classe A, BLDC Inverter Motor - H\u00c6GER Eletrodom\u00e9sticos\",\"isPartOf\":{\"@id\":\"https:\/\/www.haegergroup.com\/es\/#website\"},\"primaryImageOfPage\":{\"@id\":\"https:\/\/www.haegergroup.com\/es\/producto\/lavadora-haeger-prestige-wash-1400-10-kg-1400-rpm-classe-a-bldc-inverter-motor\/#primaryimage\"},\"image\":{\"@id\":\"https:\/\/www.haegergroup.com\/es\/producto\/lavadora-haeger-prestige-wash-1400-10-kg-1400-rpm-classe-a-bldc-inverter-motor\/#primaryimage\"},\"thumbnailUrl\":\"https:\/\/www.haegergroup.com\/wp-content\/uploads\/WM-10K.006A_1-1.png\",\"datePublished\":\"2026-01-28T15:23:07+00:00\",\"dateModified\":\"2026-01-28T15:28:23+00:00\",\"description\":\"Marca de Pequenos Eletrodom\u00e9sticos para a sua cozinha, cuidados pessoais, casa e climatiza\u00e7\u00e3o. A op\u00e7\u00e3o inteligente para a sua casa.\",\"breadcrumb\":{\"@id\":\"https:\/\/www.haegergroup.com\/es\/producto\/lavadora-haeger-prestige-wash-1400-10-kg-1400-rpm-classe-a-bldc-inverter-motor\/#breadcrumb\"},\"inLanguage\":\"es\",\"potentialAction\":[{\"@type\":\"ReadAction\",\"target\":[\"https:\/\/www.haegergroup.com\/es\/producto\/lavadora-haeger-prestige-wash-1400-10-kg-1400-rpm-classe-a-bldc-inverter-motor\/\"]}]},{\"@type\":\"ImageObject\",\"inLanguage\":\"es\",\"@id\":\"https:\/\/www.haegergroup.com\/es\/producto\/lavadora-haeger-prestige-wash-1400-10-kg-1400-rpm-classe-a-bldc-inverter-motor\/#primaryimage\",\"url\":\"https:\/\/www.haegergroup.com\/wp-content\/uploads\/WM-10K.006A_1-1.png\",\"contentUrl\":\"https:\/\/www.haegergroup.com\/wp-content\/uploads\/WM-10K.006A_1-1.png\",\"width\":1200,\"height\":1200},{\"@type\":\"BreadcrumbList\",\"@id\":\"https:\/\/www.haegergroup.com\/es\/producto\/lavadora-haeger-prestige-wash-1400-10-kg-1400-rpm-classe-a-bldc-inverter-motor\/#breadcrumb\",\"itemListElement\":[{\"@type\":\"ListItem\",\"position\":1,\"name\":\"Portada\",\"item\":\"https:\/\/www.haegergroup.com\/es\/\"},{\"@type\":\"ListItem\",\"position\":2,\"name\":\"Productos\",\"item\":\"https:\/\/www.haegergroup.com\/es\/tienda\/\"},{\"@type\":\"ListItem\",\"position\":3,\"name\":\"Lavadora HAEGER Prestige Wash 1400 \u2013 10 kg, 1400 rpm, Classe A, BLDC Inverter Motor\"}]},{\"@type\":\"WebSite\",\"@id\":\"https:\/\/www.haegergroup.com\/es\/#website\",\"url\":\"https:\/\/www.haegergroup.com\/es\/\",\"name\":\"H\u00c6GER Eletrodom\u00e9sticos\",\"description\":\"A escolha inteligente\",\"publisher\":{\"@id\":\"https:\/\/www.haegergroup.com\/es\/#organization\"},\"potentialAction\":[{\"@type\":\"SearchAction\",\"target\":{\"@type\":\"EntryPoint\",\"urlTemplate\":\"https:\/\/www.haegergroup.com\/es\/?s={search_term_string}\"},\"query-input\":{\"@type\":\"PropertyValueSpecification\",\"valueRequired\":true,\"valueName\":\"search_term_string\"}}],\"inLanguage\":\"es\"},{\"@type\":\"Organization\",\"@id\":\"https:\/\/www.haegergroup.com\/es\/#organization\",\"name\":\"Haeger Electrodom\u00e9sticos\",\"url\":\"https:\/\/www.haegergroup.com\/es\/\",\"logo\":{\"@type\":\"ImageObject\",\"inLanguage\":\"es\",\"@id\":\"https:\/\/www.haegergroup.com\/es\/#\/schema\/logo\/image\/\",\"url\":\"https:\/\/www.haegergroup.com\/wp-content\/uploads\/2018\/05\/logo-web-220.png\",\"contentUrl\":\"https:\/\/www.haegergroup.com\/wp-content\/uploads\/2018\/05\/logo-web-220.png\",\"width\":220,\"height\":49,\"caption\":\"Haeger Electrodom\u00e9sticos\"},\"image\":{\"@id\":\"https:\/\/www.haegergroup.com\/es\/#\/schema\/logo\/image\/\"}}]}<\/script>\n<!-- \/ Yoast SEO plugin. -->","yoast_head_json":{"title":"Lavadora HAEGER Prestige Wash 1400 \u2013 10 kg, 1400 rpm, Classe A, BLDC Inverter Motor - H\u00c6GER Eletrodom\u00e9sticos","description":"Marca de Pequenos Eletrodom\u00e9sticos para a sua cozinha, cuidados pessoais, casa e climatiza\u00e7\u00e3o. A op\u00e7\u00e3o inteligente para a sua casa.","robots":{"index":"index","follow":"follow","max-snippet":"max-snippet:-1","max-image-preview":"max-image-preview:large","max-video-preview":"max-video-preview:-1"},"canonical":"https:\/\/www.haegergroup.com\/es\/producto\/lavadora-haeger-prestige-wash-1400-10-kg-1400-rpm-classe-a-bldc-inverter-motor\/","og_locale":"es_ES","og_type":"article","og_title":"Lavadora HAEGER Prestige Wash 1400 \u2013 10 kg, 1400 rpm, Classe A, BLDC Inverter Motor - H\u00c6GER Eletrodom\u00e9sticos","og_description":"Marca de Pequenos Eletrodom\u00e9sticos para a sua cozinha, cuidados pessoais, casa e climatiza\u00e7\u00e3o. A op\u00e7\u00e3o inteligente para a sua casa.","og_url":"https:\/\/www.haegergroup.com\/es\/producto\/lavadora-haeger-prestige-wash-1400-10-kg-1400-rpm-classe-a-bldc-inverter-motor\/","og_site_name":"H\u00c6GER Eletrodom\u00e9sticos","article_modified_time":"2026-01-28T15:28:23+00:00","og_image":[{"width":1200,"height":1200,"url":"https:\/\/www.haegergroup.com\/wp-content\/uploads\/WM-10K.006A_1-1.png","type":"image\/png"}],"twitter_card":"summary_large_image","twitter_misc":{"Tiempo de lectura":"1 minuto"},"schema":{"@context":"https:\/\/schema.org","@graph":[{"@type":"WebPage","@id":"https:\/\/www.haegergroup.com\/es\/producto\/lavadora-haeger-prestige-wash-1400-10-kg-1400-rpm-classe-a-bldc-inverter-motor\/","url":"https:\/\/www.haegergroup.com\/es\/producto\/lavadora-haeger-prestige-wash-1400-10-kg-1400-rpm-classe-a-bldc-inverter-motor\/","name":"Lavadora HAEGER Prestige Wash 1400 \u2013 10 kg, 1400 rpm, Classe A, BLDC Inverter Motor - H\u00c6GER Eletrodom\u00e9sticos","isPartOf":{"@id":"https:\/\/www.haegergroup.com\/es\/#website"},"primaryImageOfPage":{"@id":"https:\/\/www.haegergroup.com\/es\/producto\/lavadora-haeger-prestige-wash-1400-10-kg-1400-rpm-classe-a-bldc-inverter-motor\/#primaryimage"},"image":{"@id":"https:\/\/www.haegergroup.com\/es\/producto\/lavadora-haeger-prestige-wash-1400-10-kg-1400-rpm-classe-a-bldc-inverter-motor\/#primaryimage"},"thumbnailUrl":"https:\/\/www.haegergroup.com\/wp-content\/uploads\/WM-10K.006A_1-1.png","datePublished":"2026-01-28T15:23:07+00:00","dateModified":"2026-01-28T15:28:23+00:00","description":"Marca de Pequenos Eletrodom\u00e9sticos para a sua cozinha, cuidados pessoais, casa e climatiza\u00e7\u00e3o. A op\u00e7\u00e3o inteligente para a sua casa.","breadcrumb":{"@id":"https:\/\/www.haegergroup.com\/es\/producto\/lavadora-haeger-prestige-wash-1400-10-kg-1400-rpm-classe-a-bldc-inverter-motor\/#breadcrumb"},"inLanguage":"es","potentialAction":[{"@type":"ReadAction","target":["https:\/\/www.haegergroup.com\/es\/producto\/lavadora-haeger-prestige-wash-1400-10-kg-1400-rpm-classe-a-bldc-inverter-motor\/"]}]},{"@type":"ImageObject","inLanguage":"es","@id":"https:\/\/www.haegergroup.com\/es\/producto\/lavadora-haeger-prestige-wash-1400-10-kg-1400-rpm-classe-a-bldc-inverter-motor\/#primaryimage","url":"https:\/\/www.haegergroup.com\/wp-content\/uploads\/WM-10K.006A_1-1.png","contentUrl":"https:\/\/www.haegergroup.com\/wp-content\/uploads\/WM-10K.006A_1-1.png","width":1200,"height":1200},{"@type":"BreadcrumbList","@id":"https:\/\/www.haegergroup.com\/es\/producto\/lavadora-haeger-prestige-wash-1400-10-kg-1400-rpm-classe-a-bldc-inverter-motor\/#breadcrumb","itemListElement":[{"@type":"ListItem","position":1,"name":"Portada","item":"https:\/\/www.haegergroup.com\/es\/"},{"@type":"ListItem","position":2,"name":"Productos","item":"https:\/\/www.haegergroup.com\/es\/tienda\/"},{"@type":"ListItem","position":3,"name":"Lavadora HAEGER Prestige Wash 1400 \u2013 10 kg, 1400 rpm, Classe A, BLDC Inverter Motor"}]},{"@type":"WebSite","@id":"https:\/\/www.haegergroup.com\/es\/#website","url":"https:\/\/www.haegergroup.com\/es\/","name":"H\u00c6GER Eletrodom\u00e9sticos","description":"A escolha inteligente","publisher":{"@id":"https:\/\/www.haegergroup.com\/es\/#organization"},"potentialAction":[{"@type":"SearchAction","target":{"@type":"EntryPoint","urlTemplate":"https:\/\/www.haegergroup.com\/es\/?s={search_term_string}"},"query-input":{"@type":"PropertyValueSpecification","valueRequired":true,"valueName":"search_term_string"}}],"inLanguage":"es"},{"@type":"Organization","@id":"https:\/\/www.haegergroup.com\/es\/#organization","name":"Haeger Electrodom\u00e9sticos","url":"https:\/\/www.haegergroup.com\/es\/","logo":{"@type":"ImageObject","inLanguage":"es","@id":"https:\/\/www.haegergroup.com\/es\/#\/schema\/logo\/image\/","url":"https:\/\/www.haegergroup.com\/wp-content\/uploads\/2018\/05\/logo-web-220.png","contentUrl":"https:\/\/www.haegergroup.com\/wp-content\/uploads\/2018\/05\/logo-web-220.png","width":220,"height":49,"caption":"Haeger Electrodom\u00e9sticos"},"image":{"@id":"https:\/\/www.haegergroup.com\/es\/#\/schema\/logo\/image\/"}}]}},"_links":{"self":[{"href":"https:\/\/www.haegergroup.com\/es\/wp-json\/wp\/v2\/product\/37776","targetHints":{"allow":["GET"]}}],"collection":[{"href":"https:\/\/www.haegergroup.com\/es\/wp-json\/wp\/v2\/product"}],"about":[{"href":"https:\/\/www.haegergroup.com\/es\/wp-json\/wp\/v2\/types\/product"}],"wp:featuredmedia":[{"embeddable":true,"href":"https:\/\/www.haegergroup.com\/es\/wp-json\/wp\/v2\/media\/37774"}],"wp:attachment":[{"href":"https:\/\/www.haegergroup.com\/es\/wp-json\/wp\/v2\/media?parent=37776"}],"wp:term":[{"taxonomy":"product_cat","embeddable":true,"href":"https:\/\/www.haegergroup.com\/es\/wp-json\/wp\/v2\/product_cat?post=37776"},{"taxonomy":"product_tag","embeddable":true,"href":"https:\/\/www.haegergroup.com\/es\/wp-json\/wp\/v2\/product_tag?post=37776"}],"curies":[{"name":"wp","href":"https:\/\/api.w.org\/{rel}","templated":true}]}}