{"id":37529,"date":"2025-11-06T10:43:30","date_gmt":"2025-11-06T11:36:29","guid":{"rendered":"https:\/\/www.haegergroup.com\/?post_type=product&#038;p=37529"},"modified":"2025-11-06T11:36:29","modified_gmt":"2025-11-06T11:36:29","slug":"deshumidificador-digital-haeger-d-force-20-20-l-dia-345-w-35-m2","status":"publish","type":"product","link":"https:\/\/www.haegergroup.com\/es\/producto\/deshumidificador-digital-haeger-d-force-20-20-l-dia-345-w-35-m2\/","title":{"rendered":"Deshumidificador Digital HAEGER D-Force 20 &#8211; 20 L\/d\u00eda, 345 W, 35 m2"},"content":{"rendered":"<p><strong>Deshumidificaci\u00f3n eficiente: 20 l\/24 h.<\/strong><br \/>\nCon una capacidad de extracci\u00f3n de 20 litros al d\u00eda, el HAEGER D-Force 20 mantiene el aire seco y saludable, incluso en d\u00edas con mucha humedad. Ideal para habitaciones de hasta 35 m\u00b2, como dormitorios, salones, oficinas o lavaderos.<\/p>\n<p><strong>Control digital con pantalla LED.<\/strong><br \/>\nLa pantalla electr\u00f3nica le permite ajustar f\u00e1cilmente el nivel de humedad deseado y controlar el porcentaje actual. Todo de forma precisa, intuitiva y sencilla.<\/p>\n<p><strong>Temporizador de 1 a 24 horas: uso personalizado.<\/strong><br \/>\nPrograme el tiempo de funcionamiento seg\u00fan su rutina. El D-Force 20 se adapta a sus necesidades, garantizando eficiencia y ahorro energ\u00e9tico.<\/p>\n<p><strong>Gas R290 ecol\u00f3gico: respetuoso con el medio ambiente.<\/strong><br \/>\nUtiliza un refrigerante ecol\u00f3gico que no da\u00f1a la capa de ozono, lo que reduce el impacto medioambiental y garantiza el m\u00e1ximo rendimiento.<\/p>\n<p><strong>Dep\u00f3sito de 2,5 litros con alerta autom\u00e1tica.<\/strong><br \/>\nEl sistema de apagado autom\u00e1tico evita el desbordamiento cuando el dep\u00f3sito alcanza su capacidad m\u00e1xima.<br \/>\nPara mayor comodidad, puede optar por el drenaje continuo utilizando la manguera suministrada.<\/p>\n<p><strong>Silencioso y discreto: &lt;43 dB.<\/strong><br \/>\nSu funcionamiento silencioso garantiza un confort total, lo que lo hace ideal para su uso nocturno o en entornos de trabajo.<\/p>\n<p><strong>F\u00e1cil movilidad y rendimiento inteligente.<\/strong><br \/>\nEquipado con asas y ruedas integradas, es f\u00e1cil de mover entre habitaciones. Incluye una funci\u00f3n de descongelaci\u00f3n autom\u00e1tica con luz indicadora, lo que garantiza un rendimiento constante incluso a bajas temperaturas.<\/p>\n<p><strong>Bajo consumo energ\u00e9tico (345 W).<\/strong><br \/>\nSu eficiencia energ\u00e9tica garantiza el ahorro sin comprometer el rendimiento.<\/p>\n","protected":false},"excerpt":{"rendered":"<h2>Deshumidificador Digital<br \/>\nModelo: DE-D20.014A<\/h2>\n<p>\u2022 Capacidad de deshumidificaci\u00f3n: 20 litros &#8211; 24 h<br \/>\n\u2022 \u00c1rea recomendada: &lt; 35 m2<br \/>\n\u2022 3 modos de funcionamiento: modo deshumidificaci\u00f3n, modo deshumidificaci\u00f3n continua, modo secado de ropa.<br \/>\n\u2022 Control electr\u00f3nico con pantalla LED<br \/>\n\u2022 Pantalla digital con indicador de porcentaje de humedad<br \/>\n\u2022 Asas y ruedas para facilitar el desplazamiento<br \/>\n\u2022 Gas verde, no da\u00f1a la capa de ozono<br \/>\n\u2022 Temporizador: 1 &#8211; 24 h<br \/>\n\u2022 Indicador de dep\u00f3sito lleno con sistema de apagado autom\u00e1tico<br \/>\n\u2022 Descongelaci\u00f3n autom\u00e1tica con indicador luminoso<br \/>\n\u2022 Capacidad del dep\u00f3sito: 2,5 litros<br \/>\n\u2022 Nivel de ruido: &lt; 43 dB<br \/>\n\u2022 Ruedas para facilitar el desplazamiento<br \/>\n\u2022 Drenaje continuo (con manguera de 1 metro)<br \/>\n\u2022 Consumo de energ\u00eda: 345 vatios<br \/>\n\u2022 Dimensiones: 320 x 225 x 490mm<\/p>\n","protected":false},"featured_media":37508,"template":"","meta":[],"product_cat":[146,150],"product_tag":[],"class_list":{"0":"post-37529","1":"product","2":"type-product","3":"status-publish","4":"has-post-thumbnail","6":"product_cat-climatizacion","7":"product_cat-deshumidificadores","9":"first","10":"instock","11":"shipping-taxable","12":"product-type-simple"},"yoast_head":"<!-- This site is optimized with the Yoast SEO plugin v24.1 - https:\/\/yoast.com\/wordpress\/plugins\/seo\/ -->\n<title>Deshumidificador Digital HAEGER D-Force 20 - 20 L\/d\u00eda, 345 W, 35 m2 - H\u00c6GER Eletrodom\u00e9sticos<\/title>\n<meta name=\"description\" content=\"Marca de Pequenos Eletrodom\u00e9sticos para a sua cozinha, cuidados pessoais, casa e climatiza\u00e7\u00e3o. A op\u00e7\u00e3o inteligente para a sua casa.\" \/>\n<meta name=\"robots\" content=\"index, follow, max-snippet:-1, max-image-preview:large, max-video-preview:-1\" \/>\n<link rel=\"canonical\" href=\"https:\/\/www.haegergroup.com\/es\/producto\/deshumidificador-digital-haeger-d-force-20-20-l-dia-345-w-35-m2\/\" \/>\n<meta property=\"og:locale\" content=\"es_ES\" \/>\n<meta property=\"og:type\" content=\"article\" \/>\n<meta property=\"og:title\" content=\"Deshumidificador Digital HAEGER D-Force 20 - 20 L\/d\u00eda, 345 W, 35 m2 - H\u00c6GER Eletrodom\u00e9sticos\" \/>\n<meta property=\"og:description\" content=\"Marca de Pequenos Eletrodom\u00e9sticos para a sua cozinha, cuidados pessoais, casa e climatiza\u00e7\u00e3o. A op\u00e7\u00e3o inteligente para a sua casa.\" \/>\n<meta property=\"og:url\" content=\"https:\/\/www.haegergroup.com\/es\/producto\/deshumidificador-digital-haeger-d-force-20-20-l-dia-345-w-35-m2\/\" \/>\n<meta property=\"og:site_name\" content=\"H\u00c6GER Eletrodom\u00e9sticos\" \/>\n<meta property=\"og:image\" content=\"https:\/\/www.haegergroup.com\/wp-content\/uploads\/DE-D20.014A_1-1.jpg\" \/>\n\t<meta property=\"og:image:width\" content=\"1200\" \/>\n\t<meta property=\"og:image:height\" content=\"1200\" \/>\n\t<meta property=\"og:image:type\" content=\"image\/jpeg\" \/>\n<meta name=\"twitter:card\" content=\"summary_large_image\" \/>\n<meta name=\"twitter:label1\" content=\"Tiempo de lectura\" \/>\n\t<meta name=\"twitter:data1\" content=\"2 minutos\" \/>\n<script type=\"application\/ld+json\" class=\"yoast-schema-graph\">{\"@context\":\"https:\/\/schema.org\",\"@graph\":[{\"@type\":\"WebPage\",\"@id\":\"https:\/\/www.haegergroup.com\/es\/producto\/deshumidificador-digital-haeger-d-force-20-20-l-dia-345-w-35-m2\/\",\"url\":\"https:\/\/www.haegergroup.com\/es\/producto\/deshumidificador-digital-haeger-d-force-20-20-l-dia-345-w-35-m2\/\",\"name\":\"Deshumidificador Digital HAEGER D-Force 20 - 20 L\/d\u00eda, 345 W, 35 m2 - H\u00c6GER Eletrodom\u00e9sticos\",\"isPartOf\":{\"@id\":\"https:\/\/www.haegergroup.com\/es\/#website\"},\"primaryImageOfPage\":{\"@id\":\"https:\/\/www.haegergroup.com\/es\/producto\/deshumidificador-digital-haeger-d-force-20-20-l-dia-345-w-35-m2\/#primaryimage\"},\"image\":{\"@id\":\"https:\/\/www.haegergroup.com\/es\/producto\/deshumidificador-digital-haeger-d-force-20-20-l-dia-345-w-35-m2\/#primaryimage\"},\"thumbnailUrl\":\"https:\/\/www.haegergroup.com\/wp-content\/uploads\/DE-D20.014A_1-1.jpg\",\"datePublished\":\"2025-11-06T11:36:29+00:00\",\"dateModified\":\"2025-11-06T11:36:29+00:00\",\"description\":\"Marca de Pequenos Eletrodom\u00e9sticos para a sua cozinha, cuidados pessoais, casa e climatiza\u00e7\u00e3o. A op\u00e7\u00e3o inteligente para a sua casa.\",\"breadcrumb\":{\"@id\":\"https:\/\/www.haegergroup.com\/es\/producto\/deshumidificador-digital-haeger-d-force-20-20-l-dia-345-w-35-m2\/#breadcrumb\"},\"inLanguage\":\"es\",\"potentialAction\":[{\"@type\":\"ReadAction\",\"target\":[\"https:\/\/www.haegergroup.com\/es\/producto\/deshumidificador-digital-haeger-d-force-20-20-l-dia-345-w-35-m2\/\"]}]},{\"@type\":\"ImageObject\",\"inLanguage\":\"es\",\"@id\":\"https:\/\/www.haegergroup.com\/es\/producto\/deshumidificador-digital-haeger-d-force-20-20-l-dia-345-w-35-m2\/#primaryimage\",\"url\":\"https:\/\/www.haegergroup.com\/wp-content\/uploads\/DE-D20.014A_1-1.jpg\",\"contentUrl\":\"https:\/\/www.haegergroup.com\/wp-content\/uploads\/DE-D20.014A_1-1.jpg\",\"width\":1200,\"height\":1200},{\"@type\":\"BreadcrumbList\",\"@id\":\"https:\/\/www.haegergroup.com\/es\/producto\/deshumidificador-digital-haeger-d-force-20-20-l-dia-345-w-35-m2\/#breadcrumb\",\"itemListElement\":[{\"@type\":\"ListItem\",\"position\":1,\"name\":\"Portada\",\"item\":\"https:\/\/www.haegergroup.com\/es\/\"},{\"@type\":\"ListItem\",\"position\":2,\"name\":\"Produtos\",\"item\":\"https:\/\/www.haegergroup.com\/pt-pt\/shop\/\"},{\"@type\":\"ListItem\",\"position\":3,\"name\":\"Deshumidificador Digital HAEGER D-Force 20 &#8211; 20 L\/d\u00eda, 345 W, 35 m2\"}]},{\"@type\":\"WebSite\",\"@id\":\"https:\/\/www.haegergroup.com\/es\/#website\",\"url\":\"https:\/\/www.haegergroup.com\/es\/\",\"name\":\"H\u00c6GER Eletrodom\u00e9sticos\",\"description\":\"A escolha inteligente\",\"publisher\":{\"@id\":\"https:\/\/www.haegergroup.com\/es\/#organization\"},\"potentialAction\":[{\"@type\":\"SearchAction\",\"target\":{\"@type\":\"EntryPoint\",\"urlTemplate\":\"https:\/\/www.haegergroup.com\/es\/?s={search_term_string}\"},\"query-input\":{\"@type\":\"PropertyValueSpecification\",\"valueRequired\":true,\"valueName\":\"search_term_string\"}}],\"inLanguage\":\"es\"},{\"@type\":\"Organization\",\"@id\":\"https:\/\/www.haegergroup.com\/es\/#organization\",\"name\":\"Haeger Electrodom\u00e9sticos\",\"url\":\"https:\/\/www.haegergroup.com\/es\/\",\"logo\":{\"@type\":\"ImageObject\",\"inLanguage\":\"es\",\"@id\":\"https:\/\/www.haegergroup.com\/es\/#\/schema\/logo\/image\/\",\"url\":\"https:\/\/www.haegergroup.com\/wp-content\/uploads\/2018\/05\/logo-web-220.png\",\"contentUrl\":\"https:\/\/www.haegergroup.com\/wp-content\/uploads\/2018\/05\/logo-web-220.png\",\"width\":220,\"height\":49,\"caption\":\"Haeger Electrodom\u00e9sticos\"},\"image\":{\"@id\":\"https:\/\/www.haegergroup.com\/es\/#\/schema\/logo\/image\/\"}}]}<\/script>\n<!-- \/ Yoast SEO plugin. -->","yoast_head_json":{"title":"Deshumidificador Digital HAEGER D-Force 20 - 20 L\/d\u00eda, 345 W, 35 m2 - H\u00c6GER Eletrodom\u00e9sticos","description":"Marca de Pequenos Eletrodom\u00e9sticos para a sua cozinha, cuidados pessoais, casa e climatiza\u00e7\u00e3o. A op\u00e7\u00e3o inteligente para a sua casa.","robots":{"index":"index","follow":"follow","max-snippet":"max-snippet:-1","max-image-preview":"max-image-preview:large","max-video-preview":"max-video-preview:-1"},"canonical":"https:\/\/www.haegergroup.com\/es\/producto\/deshumidificador-digital-haeger-d-force-20-20-l-dia-345-w-35-m2\/","og_locale":"es_ES","og_type":"article","og_title":"Deshumidificador Digital HAEGER D-Force 20 - 20 L\/d\u00eda, 345 W, 35 m2 - H\u00c6GER Eletrodom\u00e9sticos","og_description":"Marca de Pequenos Eletrodom\u00e9sticos para a sua cozinha, cuidados pessoais, casa e climatiza\u00e7\u00e3o. A op\u00e7\u00e3o inteligente para a sua casa.","og_url":"https:\/\/www.haegergroup.com\/es\/producto\/deshumidificador-digital-haeger-d-force-20-20-l-dia-345-w-35-m2\/","og_site_name":"H\u00c6GER Eletrodom\u00e9sticos","og_image":[{"width":1200,"height":1200,"url":"https:\/\/www.haegergroup.com\/wp-content\/uploads\/DE-D20.014A_1-1.jpg","type":"image\/jpeg"}],"twitter_card":"summary_large_image","twitter_misc":{"Tiempo de lectura":"2 minutos"},"schema":{"@context":"https:\/\/schema.org","@graph":[{"@type":"WebPage","@id":"https:\/\/www.haegergroup.com\/es\/producto\/deshumidificador-digital-haeger-d-force-20-20-l-dia-345-w-35-m2\/","url":"https:\/\/www.haegergroup.com\/es\/producto\/deshumidificador-digital-haeger-d-force-20-20-l-dia-345-w-35-m2\/","name":"Deshumidificador Digital HAEGER D-Force 20 - 20 L\/d\u00eda, 345 W, 35 m2 - H\u00c6GER Eletrodom\u00e9sticos","isPartOf":{"@id":"https:\/\/www.haegergroup.com\/es\/#website"},"primaryImageOfPage":{"@id":"https:\/\/www.haegergroup.com\/es\/producto\/deshumidificador-digital-haeger-d-force-20-20-l-dia-345-w-35-m2\/#primaryimage"},"image":{"@id":"https:\/\/www.haegergroup.com\/es\/producto\/deshumidificador-digital-haeger-d-force-20-20-l-dia-345-w-35-m2\/#primaryimage"},"thumbnailUrl":"https:\/\/www.haegergroup.com\/wp-content\/uploads\/DE-D20.014A_1-1.jpg","datePublished":"2025-11-06T11:36:29+00:00","dateModified":"2025-11-06T11:36:29+00:00","description":"Marca de Pequenos Eletrodom\u00e9sticos para a sua cozinha, cuidados pessoais, casa e climatiza\u00e7\u00e3o. A op\u00e7\u00e3o inteligente para a sua casa.","breadcrumb":{"@id":"https:\/\/www.haegergroup.com\/es\/producto\/deshumidificador-digital-haeger-d-force-20-20-l-dia-345-w-35-m2\/#breadcrumb"},"inLanguage":"es","potentialAction":[{"@type":"ReadAction","target":["https:\/\/www.haegergroup.com\/es\/producto\/deshumidificador-digital-haeger-d-force-20-20-l-dia-345-w-35-m2\/"]}]},{"@type":"ImageObject","inLanguage":"es","@id":"https:\/\/www.haegergroup.com\/es\/producto\/deshumidificador-digital-haeger-d-force-20-20-l-dia-345-w-35-m2\/#primaryimage","url":"https:\/\/www.haegergroup.com\/wp-content\/uploads\/DE-D20.014A_1-1.jpg","contentUrl":"https:\/\/www.haegergroup.com\/wp-content\/uploads\/DE-D20.014A_1-1.jpg","width":1200,"height":1200},{"@type":"BreadcrumbList","@id":"https:\/\/www.haegergroup.com\/es\/producto\/deshumidificador-digital-haeger-d-force-20-20-l-dia-345-w-35-m2\/#breadcrumb","itemListElement":[{"@type":"ListItem","position":1,"name":"Portada","item":"https:\/\/www.haegergroup.com\/es\/"},{"@type":"ListItem","position":2,"name":"Produtos","item":"https:\/\/www.haegergroup.com\/pt-pt\/shop\/"},{"@type":"ListItem","position":3,"name":"Deshumidificador Digital HAEGER D-Force 20 &#8211; 20 L\/d\u00eda, 345 W, 35 m2"}]},{"@type":"WebSite","@id":"https:\/\/www.haegergroup.com\/es\/#website","url":"https:\/\/www.haegergroup.com\/es\/","name":"H\u00c6GER Eletrodom\u00e9sticos","description":"A escolha inteligente","publisher":{"@id":"https:\/\/www.haegergroup.com\/es\/#organization"},"potentialAction":[{"@type":"SearchAction","target":{"@type":"EntryPoint","urlTemplate":"https:\/\/www.haegergroup.com\/es\/?s={search_term_string}"},"query-input":{"@type":"PropertyValueSpecification","valueRequired":true,"valueName":"search_term_string"}}],"inLanguage":"es"},{"@type":"Organization","@id":"https:\/\/www.haegergroup.com\/es\/#organization","name":"Haeger Electrodom\u00e9sticos","url":"https:\/\/www.haegergroup.com\/es\/","logo":{"@type":"ImageObject","inLanguage":"es","@id":"https:\/\/www.haegergroup.com\/es\/#\/schema\/logo\/image\/","url":"https:\/\/www.haegergroup.com\/wp-content\/uploads\/2018\/05\/logo-web-220.png","contentUrl":"https:\/\/www.haegergroup.com\/wp-content\/uploads\/2018\/05\/logo-web-220.png","width":220,"height":49,"caption":"Haeger Electrodom\u00e9sticos"},"image":{"@id":"https:\/\/www.haegergroup.com\/es\/#\/schema\/logo\/image\/"}}]}},"_links":{"self":[{"href":"https:\/\/www.haegergroup.com\/es\/wp-json\/wp\/v2\/product\/37529","targetHints":{"allow":["GET"]}}],"collection":[{"href":"https:\/\/www.haegergroup.com\/es\/wp-json\/wp\/v2\/product"}],"about":[{"href":"https:\/\/www.haegergroup.com\/es\/wp-json\/wp\/v2\/types\/product"}],"wp:featuredmedia":[{"embeddable":true,"href":"https:\/\/www.haegergroup.com\/es\/wp-json\/wp\/v2\/media\/37508"}],"wp:attachment":[{"href":"https:\/\/www.haegergroup.com\/es\/wp-json\/wp\/v2\/media?parent=37529"}],"wp:term":[{"taxonomy":"product_cat","embeddable":true,"href":"https:\/\/www.haegergroup.com\/es\/wp-json\/wp\/v2\/product_cat?post=37529"},{"taxonomy":"product_tag","embeddable":true,"href":"https:\/\/www.haegergroup.com\/es\/wp-json\/wp\/v2\/product_tag?post=37529"}],"curies":[{"name":"wp","href":"https:\/\/api.w.org\/{rel}","templated":true}]}}