{"id":37330,"date":"2025-09-16T16:27:29","date_gmt":"2025-10-03T16:25:15","guid":{"rendered":"https:\/\/www.haegergroup.com\/?post_type=product&#038;p=37330"},"modified":"2025-10-03T17:25:15","modified_gmt":"2025-10-03T16:25:15","slug":"freidora-electrica-haeger-deep-go-3-litros-2000w","status":"publish","type":"product","link":"https:\/\/www.haegergroup.com\/es\/producto\/freidora-electrica-haeger-deep-go-3-litros-2000w\/","title":{"rendered":"Freidora El\u00e9ctrica HAEGER Deep &#038; Go &#8211; 3 Litros, 2000W"},"content":{"rendered":"<p><strong>Potencia y precisi\u00f3n para fre\u00edr como un chef.<\/strong><br \/>\nCon 2000 W de potencia y un regulador de temperatura de hasta 190 \u00b0C, se calienta r\u00e1pidamente y mantiene el calor estable, lo que garantiza frituras uniformes, desde patatas doradas hasta pescado o pollo crujiente.<\/p>\n<p><strong>Generosa capacidad de 3 litros.<\/strong><br \/>\nPerfecta para preparar raciones abundantes para toda la familia o para recibir a amigos, sin necesidad de fre\u00edr en varias tandas.<\/p>\n<p><strong>La seguridad siempre es lo primero.<\/strong><br \/>\nEl sistema \u00abRESTART\u00bb evita el sobrecalentamiento, garantizando un uso seguro y fiable.<\/p>\n<p><strong>Fabricaci\u00f3n de acero inoxidable de primera calidad.<\/strong><br \/>\nTapa, cuerpo y cubeta 100 % de acero inoxidable, para una m\u00e1xima resistencia, durabilidad y un dise\u00f1o moderno que combina con cualquier cocina.<\/p>\n<p><strong>Limpieza f\u00e1cil y r\u00e1pida<\/strong><br \/>\nTodas las piezas son extra\u00edbles, la tapa, el cuerpo y la cubeta son aptos para el lavavajillas, lo que ahorra tiempo y esfuerzo.<\/p>\n<p>M\u00e1s sabor, menos complicaciones, \u00a1disfruta de frituras perfectas siempre que quieras!<\/p>\n","protected":false},"excerpt":{"rendered":"<h2>Freidora El\u00e9ctrica 3 litros<br \/>\nModelo: DF-3SS.020A<\/h2>\n<p>\u2022 Capacidad de la cuba: 3 litros<br \/>\n\u2022 Sistema de seguridad con bot\u00f3n de reinicio \u00abRESTART\u00bb<br \/>\n\u2022 Tapa, cuerpo y cuba de acero inoxidable<br \/>\n\u2022 Tapa, cuerpo y cuba totalmente lavables en el lavavajillas<br \/>\n\u2022 Regulaci\u00f3n de temperatura hasta 190 \u00b0C<br \/>\n\u2022 Potencia: 2000 vatios<\/p>\n","protected":false},"featured_media":37347,"template":"","meta":[],"product_cat":[168,172],"product_tag":[],"class_list":{"0":"post-37330","1":"product","2":"type-product","3":"status-publish","4":"has-post-thumbnail","6":"product_cat-cocina","7":"product_cat-freidoras","9":"first","10":"instock","11":"shipping-taxable","12":"product-type-simple"},"yoast_head":"<!-- This site is optimized with the Yoast SEO plugin v24.1 - https:\/\/yoast.com\/wordpress\/plugins\/seo\/ -->\n<title>Freidora El\u00e9ctrica HAEGER Deep &amp; Go - 3 Litros, 2000W - H\u00c6GER Eletrodom\u00e9sticos<\/title>\n<meta name=\"description\" content=\"Marca de Pequenos Eletrodom\u00e9sticos para a sua cozinha, cuidados pessoais, casa e climatiza\u00e7\u00e3o. A op\u00e7\u00e3o inteligente para a sua casa.\" \/>\n<meta name=\"robots\" content=\"index, follow, max-snippet:-1, max-image-preview:large, max-video-preview:-1\" \/>\n<link rel=\"canonical\" href=\"https:\/\/www.haegergroup.com\/es\/producto\/freidora-electrica-haeger-deep-go-3-litros-2000w\/\" \/>\n<meta property=\"og:locale\" content=\"es_ES\" \/>\n<meta property=\"og:type\" content=\"article\" \/>\n<meta property=\"og:title\" content=\"Freidora El\u00e9ctrica HAEGER Deep &amp; Go - 3 Litros, 2000W - H\u00c6GER Eletrodom\u00e9sticos\" \/>\n<meta property=\"og:description\" content=\"Marca de Pequenos Eletrodom\u00e9sticos para a sua cozinha, cuidados pessoais, casa e climatiza\u00e7\u00e3o. A op\u00e7\u00e3o inteligente para a sua casa.\" \/>\n<meta property=\"og:url\" content=\"https:\/\/www.haegergroup.com\/es\/producto\/freidora-electrica-haeger-deep-go-3-litros-2000w\/\" \/>\n<meta property=\"og:site_name\" content=\"H\u00c6GER Eletrodom\u00e9sticos\" \/>\n<meta property=\"og:image\" content=\"https:\/\/www.haegergroup.com\/wp-content\/uploads\/DF-3SS.020A_1-2.jpg\" \/>\n\t<meta property=\"og:image:width\" content=\"1200\" \/>\n\t<meta property=\"og:image:height\" content=\"1200\" \/>\n\t<meta property=\"og:image:type\" content=\"image\/jpeg\" \/>\n<meta name=\"twitter:card\" content=\"summary_large_image\" \/>\n<meta name=\"twitter:label1\" content=\"Tiempo de lectura\" \/>\n\t<meta name=\"twitter:data1\" content=\"1 minuto\" \/>\n<script type=\"application\/ld+json\" class=\"yoast-schema-graph\">{\"@context\":\"https:\/\/schema.org\",\"@graph\":[{\"@type\":\"WebPage\",\"@id\":\"https:\/\/www.haegergroup.com\/es\/producto\/freidora-electrica-haeger-deep-go-3-litros-2000w\/\",\"url\":\"https:\/\/www.haegergroup.com\/es\/producto\/freidora-electrica-haeger-deep-go-3-litros-2000w\/\",\"name\":\"Freidora El\u00e9ctrica HAEGER Deep & Go - 3 Litros, 2000W - H\u00c6GER Eletrodom\u00e9sticos\",\"isPartOf\":{\"@id\":\"https:\/\/www.haegergroup.com\/es\/#website\"},\"primaryImageOfPage\":{\"@id\":\"https:\/\/www.haegergroup.com\/es\/producto\/freidora-electrica-haeger-deep-go-3-litros-2000w\/#primaryimage\"},\"image\":{\"@id\":\"https:\/\/www.haegergroup.com\/es\/producto\/freidora-electrica-haeger-deep-go-3-litros-2000w\/#primaryimage\"},\"thumbnailUrl\":\"https:\/\/www.haegergroup.com\/wp-content\/uploads\/DF-3SS.020A_1-2.jpg\",\"datePublished\":\"2025-10-03T16:25:15+00:00\",\"dateModified\":\"2025-10-03T16:25:15+00:00\",\"description\":\"Marca de Pequenos Eletrodom\u00e9sticos para a sua cozinha, cuidados pessoais, casa e climatiza\u00e7\u00e3o. A op\u00e7\u00e3o inteligente para a sua casa.\",\"breadcrumb\":{\"@id\":\"https:\/\/www.haegergroup.com\/es\/producto\/freidora-electrica-haeger-deep-go-3-litros-2000w\/#breadcrumb\"},\"inLanguage\":\"es\",\"potentialAction\":[{\"@type\":\"ReadAction\",\"target\":[\"https:\/\/www.haegergroup.com\/es\/producto\/freidora-electrica-haeger-deep-go-3-litros-2000w\/\"]}]},{\"@type\":\"ImageObject\",\"inLanguage\":\"es\",\"@id\":\"https:\/\/www.haegergroup.com\/es\/producto\/freidora-electrica-haeger-deep-go-3-litros-2000w\/#primaryimage\",\"url\":\"https:\/\/www.haegergroup.com\/wp-content\/uploads\/DF-3SS.020A_1-2.jpg\",\"contentUrl\":\"https:\/\/www.haegergroup.com\/wp-content\/uploads\/DF-3SS.020A_1-2.jpg\",\"width\":1200,\"height\":1200},{\"@type\":\"BreadcrumbList\",\"@id\":\"https:\/\/www.haegergroup.com\/es\/producto\/freidora-electrica-haeger-deep-go-3-litros-2000w\/#breadcrumb\",\"itemListElement\":[{\"@type\":\"ListItem\",\"position\":1,\"name\":\"Portada\",\"item\":\"https:\/\/www.haegergroup.com\/es\/\"},{\"@type\":\"ListItem\",\"position\":2,\"name\":\"Productos\",\"item\":\"https:\/\/www.haegergroup.com\/es\/tienda\/\"},{\"@type\":\"ListItem\",\"position\":3,\"name\":\"Freidora El\u00e9ctrica HAEGER Deep &#038; Go &#8211; 3 Litros, 2000W\"}]},{\"@type\":\"WebSite\",\"@id\":\"https:\/\/www.haegergroup.com\/es\/#website\",\"url\":\"https:\/\/www.haegergroup.com\/es\/\",\"name\":\"H\u00c6GER Eletrodom\u00e9sticos\",\"description\":\"A escolha inteligente\",\"publisher\":{\"@id\":\"https:\/\/www.haegergroup.com\/es\/#organization\"},\"potentialAction\":[{\"@type\":\"SearchAction\",\"target\":{\"@type\":\"EntryPoint\",\"urlTemplate\":\"https:\/\/www.haegergroup.com\/es\/?s={search_term_string}\"},\"query-input\":{\"@type\":\"PropertyValueSpecification\",\"valueRequired\":true,\"valueName\":\"search_term_string\"}}],\"inLanguage\":\"es\"},{\"@type\":\"Organization\",\"@id\":\"https:\/\/www.haegergroup.com\/es\/#organization\",\"name\":\"Haeger Electrodom\u00e9sticos\",\"url\":\"https:\/\/www.haegergroup.com\/es\/\",\"logo\":{\"@type\":\"ImageObject\",\"inLanguage\":\"es\",\"@id\":\"https:\/\/www.haegergroup.com\/es\/#\/schema\/logo\/image\/\",\"url\":\"https:\/\/www.haegergroup.com\/wp-content\/uploads\/2018\/05\/logo-web-220.png\",\"contentUrl\":\"https:\/\/www.haegergroup.com\/wp-content\/uploads\/2018\/05\/logo-web-220.png\",\"width\":220,\"height\":49,\"caption\":\"Haeger Electrodom\u00e9sticos\"},\"image\":{\"@id\":\"https:\/\/www.haegergroup.com\/es\/#\/schema\/logo\/image\/\"}}]}<\/script>\n<!-- \/ Yoast SEO plugin. -->","yoast_head_json":{"title":"Freidora El\u00e9ctrica HAEGER Deep & Go - 3 Litros, 2000W - H\u00c6GER Eletrodom\u00e9sticos","description":"Marca de Pequenos Eletrodom\u00e9sticos para a sua cozinha, cuidados pessoais, casa e climatiza\u00e7\u00e3o. A op\u00e7\u00e3o inteligente para a sua casa.","robots":{"index":"index","follow":"follow","max-snippet":"max-snippet:-1","max-image-preview":"max-image-preview:large","max-video-preview":"max-video-preview:-1"},"canonical":"https:\/\/www.haegergroup.com\/es\/producto\/freidora-electrica-haeger-deep-go-3-litros-2000w\/","og_locale":"es_ES","og_type":"article","og_title":"Freidora El\u00e9ctrica HAEGER Deep & Go - 3 Litros, 2000W - H\u00c6GER Eletrodom\u00e9sticos","og_description":"Marca de Pequenos Eletrodom\u00e9sticos para a sua cozinha, cuidados pessoais, casa e climatiza\u00e7\u00e3o. A op\u00e7\u00e3o inteligente para a sua casa.","og_url":"https:\/\/www.haegergroup.com\/es\/producto\/freidora-electrica-haeger-deep-go-3-litros-2000w\/","og_site_name":"H\u00c6GER Eletrodom\u00e9sticos","og_image":[{"width":1200,"height":1200,"url":"https:\/\/www.haegergroup.com\/wp-content\/uploads\/DF-3SS.020A_1-2.jpg","type":"image\/jpeg"}],"twitter_card":"summary_large_image","twitter_misc":{"Tiempo de lectura":"1 minuto"},"schema":{"@context":"https:\/\/schema.org","@graph":[{"@type":"WebPage","@id":"https:\/\/www.haegergroup.com\/es\/producto\/freidora-electrica-haeger-deep-go-3-litros-2000w\/","url":"https:\/\/www.haegergroup.com\/es\/producto\/freidora-electrica-haeger-deep-go-3-litros-2000w\/","name":"Freidora El\u00e9ctrica HAEGER Deep & Go - 3 Litros, 2000W - H\u00c6GER Eletrodom\u00e9sticos","isPartOf":{"@id":"https:\/\/www.haegergroup.com\/es\/#website"},"primaryImageOfPage":{"@id":"https:\/\/www.haegergroup.com\/es\/producto\/freidora-electrica-haeger-deep-go-3-litros-2000w\/#primaryimage"},"image":{"@id":"https:\/\/www.haegergroup.com\/es\/producto\/freidora-electrica-haeger-deep-go-3-litros-2000w\/#primaryimage"},"thumbnailUrl":"https:\/\/www.haegergroup.com\/wp-content\/uploads\/DF-3SS.020A_1-2.jpg","datePublished":"2025-10-03T16:25:15+00:00","dateModified":"2025-10-03T16:25:15+00:00","description":"Marca de Pequenos Eletrodom\u00e9sticos para a sua cozinha, cuidados pessoais, casa e climatiza\u00e7\u00e3o. A op\u00e7\u00e3o inteligente para a sua casa.","breadcrumb":{"@id":"https:\/\/www.haegergroup.com\/es\/producto\/freidora-electrica-haeger-deep-go-3-litros-2000w\/#breadcrumb"},"inLanguage":"es","potentialAction":[{"@type":"ReadAction","target":["https:\/\/www.haegergroup.com\/es\/producto\/freidora-electrica-haeger-deep-go-3-litros-2000w\/"]}]},{"@type":"ImageObject","inLanguage":"es","@id":"https:\/\/www.haegergroup.com\/es\/producto\/freidora-electrica-haeger-deep-go-3-litros-2000w\/#primaryimage","url":"https:\/\/www.haegergroup.com\/wp-content\/uploads\/DF-3SS.020A_1-2.jpg","contentUrl":"https:\/\/www.haegergroup.com\/wp-content\/uploads\/DF-3SS.020A_1-2.jpg","width":1200,"height":1200},{"@type":"BreadcrumbList","@id":"https:\/\/www.haegergroup.com\/es\/producto\/freidora-electrica-haeger-deep-go-3-litros-2000w\/#breadcrumb","itemListElement":[{"@type":"ListItem","position":1,"name":"Portada","item":"https:\/\/www.haegergroup.com\/es\/"},{"@type":"ListItem","position":2,"name":"Productos","item":"https:\/\/www.haegergroup.com\/es\/tienda\/"},{"@type":"ListItem","position":3,"name":"Freidora El\u00e9ctrica HAEGER Deep &#038; Go &#8211; 3 Litros, 2000W"}]},{"@type":"WebSite","@id":"https:\/\/www.haegergroup.com\/es\/#website","url":"https:\/\/www.haegergroup.com\/es\/","name":"H\u00c6GER Eletrodom\u00e9sticos","description":"A escolha inteligente","publisher":{"@id":"https:\/\/www.haegergroup.com\/es\/#organization"},"potentialAction":[{"@type":"SearchAction","target":{"@type":"EntryPoint","urlTemplate":"https:\/\/www.haegergroup.com\/es\/?s={search_term_string}"},"query-input":{"@type":"PropertyValueSpecification","valueRequired":true,"valueName":"search_term_string"}}],"inLanguage":"es"},{"@type":"Organization","@id":"https:\/\/www.haegergroup.com\/es\/#organization","name":"Haeger Electrodom\u00e9sticos","url":"https:\/\/www.haegergroup.com\/es\/","logo":{"@type":"ImageObject","inLanguage":"es","@id":"https:\/\/www.haegergroup.com\/es\/#\/schema\/logo\/image\/","url":"https:\/\/www.haegergroup.com\/wp-content\/uploads\/2018\/05\/logo-web-220.png","contentUrl":"https:\/\/www.haegergroup.com\/wp-content\/uploads\/2018\/05\/logo-web-220.png","width":220,"height":49,"caption":"Haeger Electrodom\u00e9sticos"},"image":{"@id":"https:\/\/www.haegergroup.com\/es\/#\/schema\/logo\/image\/"}}]}},"_links":{"self":[{"href":"https:\/\/www.haegergroup.com\/es\/wp-json\/wp\/v2\/product\/37330","targetHints":{"allow":["GET"]}}],"collection":[{"href":"https:\/\/www.haegergroup.com\/es\/wp-json\/wp\/v2\/product"}],"about":[{"href":"https:\/\/www.haegergroup.com\/es\/wp-json\/wp\/v2\/types\/product"}],"wp:featuredmedia":[{"embeddable":true,"href":"https:\/\/www.haegergroup.com\/es\/wp-json\/wp\/v2\/media\/37347"}],"wp:attachment":[{"href":"https:\/\/www.haegergroup.com\/es\/wp-json\/wp\/v2\/media?parent=37330"}],"wp:term":[{"taxonomy":"product_cat","embeddable":true,"href":"https:\/\/www.haegergroup.com\/es\/wp-json\/wp\/v2\/product_cat?post=37330"},{"taxonomy":"product_tag","embeddable":true,"href":"https:\/\/www.haegergroup.com\/es\/wp-json\/wp\/v2\/product_tag?post=37330"}],"curies":[{"name":"wp","href":"https:\/\/api.w.org\/{rel}","templated":true}]}}