{"id":37280,"date":"2025-09-15T16:46:51","date_gmt":"2025-09-15T15:56:28","guid":{"rendered":"https:\/\/www.haegergroup.com\/?post_type=product&#038;p=37280"},"modified":"2025-09-15T16:56:28","modified_gmt":"2025-09-15T15:56:28","slug":"maquina-de-espuma-de-leche-haeger-super-foam-600-w","status":"publish","type":"product","link":"https:\/\/www.haegergroup.com\/es\/producto\/maquina-de-espuma-de-leche-haeger-super-foam-600-w\/","title":{"rendered":"M\u00e1quina de Espuma de Leche HAEGER Super Foam &#8211; 600 W"},"content":{"rendered":"<p>Con la m\u00e1quina de espuma de leche HAEGER Super Foam, es posible transformar r\u00e1pidamente la leche en una espuma cremosa, caliente o fr\u00eda, ideal para capuchinos, latte macchiatos, chocolates calientes o cualquier otra bebida a base de leche. En solo 100 segundos, obtendr\u00e1 una espuma perfecta, ligera y consistente.<\/p>\n<p>La Super Foam ofrece una experiencia vers\u00e1til con su funci\u00f3n 3 en 1: espuma de leche caliente, espuma fr\u00eda o solo calentamiento, con temperaturas seleccionables de 40 \u00baC o 50 \u00baC. Con una capacidad de 250 ml de espuma o 500 ml para calentar, es perfecta tanto para uso individual como para preparar bebidas para grupos peque\u00f1os, garantizando siempre un resultado con textura profesional.<\/p>\n<p>La practicidad es una de sus mayores ventajas. El apagado autom\u00e1tico garantiza una seguridad total y evita el desperdicio de energ\u00eda. La base antideslizante de 360\u00ba permite un uso c\u00f3modo en cualquier posici\u00f3n, mientras que la jarra inal\u00e1mbrica ofrece la m\u00e1xima comodidad a la hora de servir.<\/p>\n<p>Con un dise\u00f1o moderno en acero inoxidable y una base elegante, la HAEGER Super Foam a\u00f1ade un toque de sofisticaci\u00f3n a la cocina. La jarra desmontable, apta para el lavavajillas, hace que la limpieza sea r\u00e1pida y pr\u00e1ctica.<\/p>\n<p>Con 600 vatios de potencia, HAEGER Super Foam combina rapidez, eficiencia y resultados de nivel profesional para que disfrutes de bebidas cremosas y perfectas todos los d\u00edas.<\/p>\n","protected":false},"excerpt":{"rendered":"<h2 class=\"fusion-responsive-typography-calculated\" data-fontsize=\"18\" data-lineheight=\"27px\">M\u00e1quina de espuma de leche<br \/>\nModelo: MF-600.002A<\/h2>\n<ul>\n<li>3 en 1: espumar leche caliente, fr\u00eda o simplemente calentar a 40\u00ba o 50\u00ba<\/li>\n<li>Capacidad para espumar: 250 ml \/ Capacidad para calentar: 500 ml<\/li>\n<li>Apagado autom\u00e1tico<\/li>\n<li>Espuma fina y cremosa en solo 100 segundos<\/li>\n<li>Lavable en el lavavajillas<\/li>\n<li>Base antideslizante de 360\u00ba y jarra sin cables<\/li>\n<li>Potencia: 600 vatios<\/li>\n<\/ul>\n","protected":false},"featured_media":37267,"template":"","meta":[],"product_cat":[751,158],"product_tag":[],"class_list":{"0":"post-37280","1":"product","2":"type-product","3":"status-publish","4":"has-post-thumbnail","6":"product_cat-espumador-de-leche","7":"product_cat-desayuno","9":"first","10":"instock","11":"shipping-taxable","12":"product-type-simple"},"yoast_head":"<!-- This site is optimized with the Yoast SEO plugin v24.1 - https:\/\/yoast.com\/wordpress\/plugins\/seo\/ -->\n<title>M\u00e1quina de Espuma de Leche HAEGER Super Foam - 600 W - H\u00c6GER Eletrodom\u00e9sticos<\/title>\n<meta name=\"description\" content=\"Marca de Pequenos Eletrodom\u00e9sticos para a sua cozinha, cuidados pessoais, casa e climatiza\u00e7\u00e3o. A op\u00e7\u00e3o inteligente para a sua casa.\" \/>\n<meta name=\"robots\" content=\"index, follow, max-snippet:-1, max-image-preview:large, max-video-preview:-1\" \/>\n<link rel=\"canonical\" href=\"https:\/\/www.haegergroup.com\/es\/producto\/maquina-de-espuma-de-leche-haeger-super-foam-600-w\/\" \/>\n<meta property=\"og:locale\" content=\"es_ES\" \/>\n<meta property=\"og:type\" content=\"article\" \/>\n<meta property=\"og:title\" content=\"M\u00e1quina de Espuma de Leche HAEGER Super Foam - 600 W - H\u00c6GER Eletrodom\u00e9sticos\" \/>\n<meta property=\"og:description\" content=\"Marca de Pequenos Eletrodom\u00e9sticos para a sua cozinha, cuidados pessoais, casa e climatiza\u00e7\u00e3o. A op\u00e7\u00e3o inteligente para a sua casa.\" \/>\n<meta property=\"og:url\" content=\"https:\/\/www.haegergroup.com\/es\/producto\/maquina-de-espuma-de-leche-haeger-super-foam-600-w\/\" \/>\n<meta property=\"og:site_name\" content=\"H\u00c6GER Eletrodom\u00e9sticos\" \/>\n<meta property=\"og:image\" content=\"https:\/\/www.haegergroup.com\/wp-content\/uploads\/MF-600.002A_1-1.jpg\" \/>\n\t<meta property=\"og:image:width\" content=\"1200\" \/>\n\t<meta property=\"og:image:height\" content=\"1200\" \/>\n\t<meta property=\"og:image:type\" content=\"image\/jpeg\" \/>\n<meta name=\"twitter:card\" content=\"summary_large_image\" \/>\n<meta name=\"twitter:label1\" content=\"Tiempo de lectura\" \/>\n\t<meta name=\"twitter:data1\" content=\"2 minutos\" \/>\n<script type=\"application\/ld+json\" class=\"yoast-schema-graph\">{\"@context\":\"https:\/\/schema.org\",\"@graph\":[{\"@type\":\"WebPage\",\"@id\":\"https:\/\/www.haegergroup.com\/es\/producto\/maquina-de-espuma-de-leche-haeger-super-foam-600-w\/\",\"url\":\"https:\/\/www.haegergroup.com\/es\/producto\/maquina-de-espuma-de-leche-haeger-super-foam-600-w\/\",\"name\":\"M\u00e1quina de Espuma de Leche HAEGER Super Foam - 600 W - H\u00c6GER Eletrodom\u00e9sticos\",\"isPartOf\":{\"@id\":\"https:\/\/www.haegergroup.com\/es\/#website\"},\"primaryImageOfPage\":{\"@id\":\"https:\/\/www.haegergroup.com\/es\/producto\/maquina-de-espuma-de-leche-haeger-super-foam-600-w\/#primaryimage\"},\"image\":{\"@id\":\"https:\/\/www.haegergroup.com\/es\/producto\/maquina-de-espuma-de-leche-haeger-super-foam-600-w\/#primaryimage\"},\"thumbnailUrl\":\"https:\/\/www.haegergroup.com\/wp-content\/uploads\/MF-600.002A_1-1.jpg\",\"datePublished\":\"2025-09-15T15:56:28+00:00\",\"dateModified\":\"2025-09-15T15:56:28+00:00\",\"description\":\"Marca de Pequenos Eletrodom\u00e9sticos para a sua cozinha, cuidados pessoais, casa e climatiza\u00e7\u00e3o. A op\u00e7\u00e3o inteligente para a sua casa.\",\"breadcrumb\":{\"@id\":\"https:\/\/www.haegergroup.com\/es\/producto\/maquina-de-espuma-de-leche-haeger-super-foam-600-w\/#breadcrumb\"},\"inLanguage\":\"es\",\"potentialAction\":[{\"@type\":\"ReadAction\",\"target\":[\"https:\/\/www.haegergroup.com\/es\/producto\/maquina-de-espuma-de-leche-haeger-super-foam-600-w\/\"]}]},{\"@type\":\"ImageObject\",\"inLanguage\":\"es\",\"@id\":\"https:\/\/www.haegergroup.com\/es\/producto\/maquina-de-espuma-de-leche-haeger-super-foam-600-w\/#primaryimage\",\"url\":\"https:\/\/www.haegergroup.com\/wp-content\/uploads\/MF-600.002A_1-1.jpg\",\"contentUrl\":\"https:\/\/www.haegergroup.com\/wp-content\/uploads\/MF-600.002A_1-1.jpg\",\"width\":1200,\"height\":1200},{\"@type\":\"BreadcrumbList\",\"@id\":\"https:\/\/www.haegergroup.com\/es\/producto\/maquina-de-espuma-de-leche-haeger-super-foam-600-w\/#breadcrumb\",\"itemListElement\":[{\"@type\":\"ListItem\",\"position\":1,\"name\":\"Portada\",\"item\":\"https:\/\/www.haegergroup.com\/es\/\"},{\"@type\":\"ListItem\",\"position\":2,\"name\":\"Productos\",\"item\":\"https:\/\/www.haegergroup.com\/es\/tienda\/\"},{\"@type\":\"ListItem\",\"position\":3,\"name\":\"M\u00e1quina de Espuma de Leche HAEGER Super Foam &#8211; 600 W\"}]},{\"@type\":\"WebSite\",\"@id\":\"https:\/\/www.haegergroup.com\/es\/#website\",\"url\":\"https:\/\/www.haegergroup.com\/es\/\",\"name\":\"H\u00c6GER Eletrodom\u00e9sticos\",\"description\":\"A escolha inteligente\",\"publisher\":{\"@id\":\"https:\/\/www.haegergroup.com\/es\/#organization\"},\"potentialAction\":[{\"@type\":\"SearchAction\",\"target\":{\"@type\":\"EntryPoint\",\"urlTemplate\":\"https:\/\/www.haegergroup.com\/es\/?s={search_term_string}\"},\"query-input\":{\"@type\":\"PropertyValueSpecification\",\"valueRequired\":true,\"valueName\":\"search_term_string\"}}],\"inLanguage\":\"es\"},{\"@type\":\"Organization\",\"@id\":\"https:\/\/www.haegergroup.com\/es\/#organization\",\"name\":\"Haeger Electrodom\u00e9sticos\",\"url\":\"https:\/\/www.haegergroup.com\/es\/\",\"logo\":{\"@type\":\"ImageObject\",\"inLanguage\":\"es\",\"@id\":\"https:\/\/www.haegergroup.com\/es\/#\/schema\/logo\/image\/\",\"url\":\"https:\/\/www.haegergroup.com\/wp-content\/uploads\/2018\/05\/logo-web-220.png\",\"contentUrl\":\"https:\/\/www.haegergroup.com\/wp-content\/uploads\/2018\/05\/logo-web-220.png\",\"width\":220,\"height\":49,\"caption\":\"Haeger Electrodom\u00e9sticos\"},\"image\":{\"@id\":\"https:\/\/www.haegergroup.com\/es\/#\/schema\/logo\/image\/\"}}]}<\/script>\n<!-- \/ Yoast SEO plugin. -->","yoast_head_json":{"title":"M\u00e1quina de Espuma de Leche HAEGER Super Foam - 600 W - H\u00c6GER Eletrodom\u00e9sticos","description":"Marca de Pequenos Eletrodom\u00e9sticos para a sua cozinha, cuidados pessoais, casa e climatiza\u00e7\u00e3o. A op\u00e7\u00e3o inteligente para a sua casa.","robots":{"index":"index","follow":"follow","max-snippet":"max-snippet:-1","max-image-preview":"max-image-preview:large","max-video-preview":"max-video-preview:-1"},"canonical":"https:\/\/www.haegergroup.com\/es\/producto\/maquina-de-espuma-de-leche-haeger-super-foam-600-w\/","og_locale":"es_ES","og_type":"article","og_title":"M\u00e1quina de Espuma de Leche HAEGER Super Foam - 600 W - H\u00c6GER Eletrodom\u00e9sticos","og_description":"Marca de Pequenos Eletrodom\u00e9sticos para a sua cozinha, cuidados pessoais, casa e climatiza\u00e7\u00e3o. A op\u00e7\u00e3o inteligente para a sua casa.","og_url":"https:\/\/www.haegergroup.com\/es\/producto\/maquina-de-espuma-de-leche-haeger-super-foam-600-w\/","og_site_name":"H\u00c6GER Eletrodom\u00e9sticos","og_image":[{"width":1200,"height":1200,"url":"https:\/\/www.haegergroup.com\/wp-content\/uploads\/MF-600.002A_1-1.jpg","type":"image\/jpeg"}],"twitter_card":"summary_large_image","twitter_misc":{"Tiempo de lectura":"2 minutos"},"schema":{"@context":"https:\/\/schema.org","@graph":[{"@type":"WebPage","@id":"https:\/\/www.haegergroup.com\/es\/producto\/maquina-de-espuma-de-leche-haeger-super-foam-600-w\/","url":"https:\/\/www.haegergroup.com\/es\/producto\/maquina-de-espuma-de-leche-haeger-super-foam-600-w\/","name":"M\u00e1quina de Espuma de Leche HAEGER Super Foam - 600 W - H\u00c6GER Eletrodom\u00e9sticos","isPartOf":{"@id":"https:\/\/www.haegergroup.com\/es\/#website"},"primaryImageOfPage":{"@id":"https:\/\/www.haegergroup.com\/es\/producto\/maquina-de-espuma-de-leche-haeger-super-foam-600-w\/#primaryimage"},"image":{"@id":"https:\/\/www.haegergroup.com\/es\/producto\/maquina-de-espuma-de-leche-haeger-super-foam-600-w\/#primaryimage"},"thumbnailUrl":"https:\/\/www.haegergroup.com\/wp-content\/uploads\/MF-600.002A_1-1.jpg","datePublished":"2025-09-15T15:56:28+00:00","dateModified":"2025-09-15T15:56:28+00:00","description":"Marca de Pequenos Eletrodom\u00e9sticos para a sua cozinha, cuidados pessoais, casa e climatiza\u00e7\u00e3o. A op\u00e7\u00e3o inteligente para a sua casa.","breadcrumb":{"@id":"https:\/\/www.haegergroup.com\/es\/producto\/maquina-de-espuma-de-leche-haeger-super-foam-600-w\/#breadcrumb"},"inLanguage":"es","potentialAction":[{"@type":"ReadAction","target":["https:\/\/www.haegergroup.com\/es\/producto\/maquina-de-espuma-de-leche-haeger-super-foam-600-w\/"]}]},{"@type":"ImageObject","inLanguage":"es","@id":"https:\/\/www.haegergroup.com\/es\/producto\/maquina-de-espuma-de-leche-haeger-super-foam-600-w\/#primaryimage","url":"https:\/\/www.haegergroup.com\/wp-content\/uploads\/MF-600.002A_1-1.jpg","contentUrl":"https:\/\/www.haegergroup.com\/wp-content\/uploads\/MF-600.002A_1-1.jpg","width":1200,"height":1200},{"@type":"BreadcrumbList","@id":"https:\/\/www.haegergroup.com\/es\/producto\/maquina-de-espuma-de-leche-haeger-super-foam-600-w\/#breadcrumb","itemListElement":[{"@type":"ListItem","position":1,"name":"Portada","item":"https:\/\/www.haegergroup.com\/es\/"},{"@type":"ListItem","position":2,"name":"Productos","item":"https:\/\/www.haegergroup.com\/es\/tienda\/"},{"@type":"ListItem","position":3,"name":"M\u00e1quina de Espuma de Leche HAEGER Super Foam &#8211; 600 W"}]},{"@type":"WebSite","@id":"https:\/\/www.haegergroup.com\/es\/#website","url":"https:\/\/www.haegergroup.com\/es\/","name":"H\u00c6GER Eletrodom\u00e9sticos","description":"A escolha inteligente","publisher":{"@id":"https:\/\/www.haegergroup.com\/es\/#organization"},"potentialAction":[{"@type":"SearchAction","target":{"@type":"EntryPoint","urlTemplate":"https:\/\/www.haegergroup.com\/es\/?s={search_term_string}"},"query-input":{"@type":"PropertyValueSpecification","valueRequired":true,"valueName":"search_term_string"}}],"inLanguage":"es"},{"@type":"Organization","@id":"https:\/\/www.haegergroup.com\/es\/#organization","name":"Haeger Electrodom\u00e9sticos","url":"https:\/\/www.haegergroup.com\/es\/","logo":{"@type":"ImageObject","inLanguage":"es","@id":"https:\/\/www.haegergroup.com\/es\/#\/schema\/logo\/image\/","url":"https:\/\/www.haegergroup.com\/wp-content\/uploads\/2018\/05\/logo-web-220.png","contentUrl":"https:\/\/www.haegergroup.com\/wp-content\/uploads\/2018\/05\/logo-web-220.png","width":220,"height":49,"caption":"Haeger Electrodom\u00e9sticos"},"image":{"@id":"https:\/\/www.haegergroup.com\/es\/#\/schema\/logo\/image\/"}}]}},"_links":{"self":[{"href":"https:\/\/www.haegergroup.com\/es\/wp-json\/wp\/v2\/product\/37280","targetHints":{"allow":["GET"]}}],"collection":[{"href":"https:\/\/www.haegergroup.com\/es\/wp-json\/wp\/v2\/product"}],"about":[{"href":"https:\/\/www.haegergroup.com\/es\/wp-json\/wp\/v2\/types\/product"}],"wp:featuredmedia":[{"embeddable":true,"href":"https:\/\/www.haegergroup.com\/es\/wp-json\/wp\/v2\/media\/37267"}],"wp:attachment":[{"href":"https:\/\/www.haegergroup.com\/es\/wp-json\/wp\/v2\/media?parent=37280"}],"wp:term":[{"taxonomy":"product_cat","embeddable":true,"href":"https:\/\/www.haegergroup.com\/es\/wp-json\/wp\/v2\/product_cat?post=37280"},{"taxonomy":"product_tag","embeddable":true,"href":"https:\/\/www.haegergroup.com\/es\/wp-json\/wp\/v2\/product_tag?post=37280"}],"curies":[{"name":"wp","href":"https:\/\/api.w.org\/{rel}","templated":true}]}}