{"id":37224,"date":"2025-07-11T22:16:51","date_gmt":"2025-07-11T21:49:28","guid":{"rendered":"https:\/\/www.haegergroup.com\/?post_type=product&#038;p=37224"},"modified":"2025-07-11T22:49:28","modified_gmt":"2025-07-11T21:49:28","slug":"cafetera-espresso-automatica-haeger-caffe-crema-19-bar-12-l-digital-1350-w","status":"publish","type":"product","link":"https:\/\/www.haegergroup.com\/es\/producto\/cafetera-espresso-automatica-haeger-caffe-crema-19-bar-12-l-digital-1350-w\/","title":{"rendered":"Cafetera Espresso Autom\u00e1tica HAEGER Caff\u00e8 Crema \u2013 19 Bar, 1,2\u00a0L, Digital, 1350\u00a0W"},"content":{"rendered":"<p>Disfruta de un caf\u00e9 de excelencia con la HAEGER Caff\u00e8 Crema, la cafetera espresso autom\u00e1tica que transformar\u00e1 tu rutina. Con 1350?W de potencia y una bomba de presi\u00f3n de 19 bares, garantiza una extracci\u00f3n precisa de todo el sabor y aroma del grano, ofreciendo bebidas intensas y cremosas en cualquier momento del d\u00eda.<\/p>\n<p>El molino autom\u00e1tico con capacidad para 130?g permite ajustar el grosor de la molienda seg\u00fan tus preferencias, ofreciendo un control total sobre el perfil del caf\u00e9. A trav\u00e9s de la pantalla t\u00e1ctil intuitiva, puedes seleccionar f\u00e1cilmente entre espresso, caf\u00e9 largo, agua caliente o activar la funci\u00f3n de vapor, ideal tanto para calentar l\u00edquidos como para crear una espuma de leche cremosa, perfecta para cappuccinos. La temperatura del agua caliente es ajustable hasta 95?\u00b0C, siendo tambi\u00e9n apta para la preparaci\u00f3n de t\u00e9s.<\/p>\n<p>El sistema de calentamiento r\u00e1pido asegura una preparaci\u00f3n \u00e1gil, sin esperas: en solo unos segundos, la cafetera alcanza la temperatura ideal para la extracci\u00f3n del caf\u00e9, funcionando de forma inmediata y eficiente. Adem\u00e1s, mantiene el calor de manera estable durante todo el proceso, garantizando una calidad constante en cada taza.<\/p>\n<p>El dep\u00f3sito de agua extra\u00edble, con capacidad de 1,2 litros, proporciona mayor autonom\u00eda entre recargas y facilita la limpieza, siendo perfecto tanto para uso individual como para servir a varias personas sin interrupciones. Su acoplamiento intuitivo y capacidad generosa hacen que su manejo diario sea a\u00fan m\u00e1s pr\u00e1ctico.<\/p>\n<p>Con un dise\u00f1o moderno y compacto, la HAEGER Caff\u00e8 Crema combina funcionalidad y elegancia. El acabado premium en acero cepillado, junto con paneles en negro brillante, le da un aspecto sofisticado, mientras que las l\u00edneas rectas y la interfaz t\u00e1ctil aseguran un uso simple e intuitivo. Es el toque final perfecto para convertir cualquier espacio en una aut\u00e9ntica experiencia de caf\u00e9 de calidad profesional.<\/p>\n","protected":false},"excerpt":{"rendered":"<h2>\u00a0Cafetera Espresso Autom\u00e1tica<br \/>\nModelo: CM-AUT.012A<\/h2>\n<ul>\n<li>Bomba de agua de alta presi\u00f3n de 19 bares<\/li>\n<li>Molinillo autom\u00e1tico de caf\u00e9 de 130g con tama\u00f1o de molienda ajustable<\/li>\n<li>Funcionamiento mediante pantalla t\u00e1ctil<\/li>\n<li>Sistema de calentamiento r\u00e1pido<\/li>\n<li>Funci\u00f3n de vapor para calentar l\u00edquidos y espumar leche para cappuccino<\/li>\n<li>Caf\u00e9 espresso o largo<\/li>\n<li>Funci\u00f3n de agua caliente<\/li>\n<li>Temperatura del agua caliente ajustable hasta 95\u00b0C<\/li>\n<li>Gran dep\u00f3sito de agua extra\u00edble de 1,2L<\/li>\n<li>Potencia: 1350W<\/li>\n<\/ul>\n","protected":false},"featured_media":37210,"template":"","meta":[],"product_cat":[158,166],"product_tag":[],"class_list":{"0":"post-37224","1":"product","2":"type-product","3":"status-publish","4":"has-post-thumbnail","6":"product_cat-desayuno","7":"product_cat-cafeteras","9":"first","10":"instock","11":"shipping-taxable","12":"product-type-simple"},"yoast_head":"<!-- This site is optimized with the Yoast SEO plugin v24.1 - https:\/\/yoast.com\/wordpress\/plugins\/seo\/ -->\n<title>Cafetera Espresso Autom\u00e1tica HAEGER Caff\u00e8 Crema \u2013 19 Bar, 1,2\u00a0L, Digital, 1350\u00a0W - H\u00c6GER Eletrodom\u00e9sticos<\/title>\n<meta name=\"description\" content=\"Marca de Pequenos Eletrodom\u00e9sticos para a sua cozinha, cuidados pessoais, casa e climatiza\u00e7\u00e3o. A op\u00e7\u00e3o inteligente para a sua casa.\" \/>\n<meta name=\"robots\" content=\"index, follow, max-snippet:-1, max-image-preview:large, max-video-preview:-1\" \/>\n<link rel=\"canonical\" href=\"https:\/\/www.haegergroup.com\/es\/producto\/cafetera-espresso-automatica-haeger-caffe-crema-19-bar-12-l-digital-1350-w\/\" \/>\n<meta property=\"og:locale\" content=\"es_ES\" \/>\n<meta property=\"og:type\" content=\"article\" \/>\n<meta property=\"og:title\" content=\"Cafetera Espresso Autom\u00e1tica HAEGER Caff\u00e8 Crema \u2013 19 Bar, 1,2\u00a0L, Digital, 1350\u00a0W - H\u00c6GER Eletrodom\u00e9sticos\" \/>\n<meta property=\"og:description\" content=\"Marca de Pequenos Eletrodom\u00e9sticos para a sua cozinha, cuidados pessoais, casa e climatiza\u00e7\u00e3o. A op\u00e7\u00e3o inteligente para a sua casa.\" \/>\n<meta property=\"og:url\" content=\"https:\/\/www.haegergroup.com\/es\/producto\/cafetera-espresso-automatica-haeger-caffe-crema-19-bar-12-l-digital-1350-w\/\" \/>\n<meta property=\"og:site_name\" content=\"H\u00c6GER Eletrodom\u00e9sticos\" \/>\n<meta property=\"og:image\" content=\"https:\/\/www.haegergroup.com\/wp-content\/uploads\/CM-AUT.012A_1-1.jpg\" \/>\n\t<meta property=\"og:image:width\" content=\"1200\" \/>\n\t<meta property=\"og:image:height\" content=\"1200\" \/>\n\t<meta property=\"og:image:type\" content=\"image\/jpeg\" \/>\n<meta name=\"twitter:card\" content=\"summary_large_image\" \/>\n<meta name=\"twitter:label1\" content=\"Tiempo de lectura\" \/>\n\t<meta name=\"twitter:data1\" content=\"2 minutos\" \/>\n<script type=\"application\/ld+json\" class=\"yoast-schema-graph\">{\"@context\":\"https:\/\/schema.org\",\"@graph\":[{\"@type\":\"WebPage\",\"@id\":\"https:\/\/www.haegergroup.com\/es\/producto\/cafetera-espresso-automatica-haeger-caffe-crema-19-bar-12-l-digital-1350-w\/\",\"url\":\"https:\/\/www.haegergroup.com\/es\/producto\/cafetera-espresso-automatica-haeger-caffe-crema-19-bar-12-l-digital-1350-w\/\",\"name\":\"Cafetera Espresso Autom\u00e1tica HAEGER Caff\u00e8 Crema \u2013 19 Bar, 1,2\u00a0L, Digital, 1350\u00a0W - H\u00c6GER Eletrodom\u00e9sticos\",\"isPartOf\":{\"@id\":\"https:\/\/www.haegergroup.com\/es\/#website\"},\"primaryImageOfPage\":{\"@id\":\"https:\/\/www.haegergroup.com\/es\/producto\/cafetera-espresso-automatica-haeger-caffe-crema-19-bar-12-l-digital-1350-w\/#primaryimage\"},\"image\":{\"@id\":\"https:\/\/www.haegergroup.com\/es\/producto\/cafetera-espresso-automatica-haeger-caffe-crema-19-bar-12-l-digital-1350-w\/#primaryimage\"},\"thumbnailUrl\":\"https:\/\/www.haegergroup.com\/wp-content\/uploads\/CM-AUT.012A_1-1.jpg\",\"datePublished\":\"2025-07-11T21:49:28+00:00\",\"dateModified\":\"2025-07-11T21:49:28+00:00\",\"description\":\"Marca de Pequenos Eletrodom\u00e9sticos para a sua cozinha, cuidados pessoais, casa e climatiza\u00e7\u00e3o. A op\u00e7\u00e3o inteligente para a sua casa.\",\"breadcrumb\":{\"@id\":\"https:\/\/www.haegergroup.com\/es\/producto\/cafetera-espresso-automatica-haeger-caffe-crema-19-bar-12-l-digital-1350-w\/#breadcrumb\"},\"inLanguage\":\"es\",\"potentialAction\":[{\"@type\":\"ReadAction\",\"target\":[\"https:\/\/www.haegergroup.com\/es\/producto\/cafetera-espresso-automatica-haeger-caffe-crema-19-bar-12-l-digital-1350-w\/\"]}]},{\"@type\":\"ImageObject\",\"inLanguage\":\"es\",\"@id\":\"https:\/\/www.haegergroup.com\/es\/producto\/cafetera-espresso-automatica-haeger-caffe-crema-19-bar-12-l-digital-1350-w\/#primaryimage\",\"url\":\"https:\/\/www.haegergroup.com\/wp-content\/uploads\/CM-AUT.012A_1-1.jpg\",\"contentUrl\":\"https:\/\/www.haegergroup.com\/wp-content\/uploads\/CM-AUT.012A_1-1.jpg\",\"width\":1200,\"height\":1200},{\"@type\":\"BreadcrumbList\",\"@id\":\"https:\/\/www.haegergroup.com\/es\/producto\/cafetera-espresso-automatica-haeger-caffe-crema-19-bar-12-l-digital-1350-w\/#breadcrumb\",\"itemListElement\":[{\"@type\":\"ListItem\",\"position\":1,\"name\":\"Portada\",\"item\":\"https:\/\/www.haegergroup.com\/es\/\"},{\"@type\":\"ListItem\",\"position\":2,\"name\":\"Productos\",\"item\":\"https:\/\/www.haegergroup.com\/es\/tienda\/\"},{\"@type\":\"ListItem\",\"position\":3,\"name\":\"Cafetera Espresso Autom\u00e1tica HAEGER Caff\u00e8 Crema \u2013 19 Bar, 1,2\u00a0L, Digital, 1350\u00a0W\"}]},{\"@type\":\"WebSite\",\"@id\":\"https:\/\/www.haegergroup.com\/es\/#website\",\"url\":\"https:\/\/www.haegergroup.com\/es\/\",\"name\":\"H\u00c6GER Eletrodom\u00e9sticos\",\"description\":\"A escolha inteligente\",\"publisher\":{\"@id\":\"https:\/\/www.haegergroup.com\/es\/#organization\"},\"potentialAction\":[{\"@type\":\"SearchAction\",\"target\":{\"@type\":\"EntryPoint\",\"urlTemplate\":\"https:\/\/www.haegergroup.com\/es\/?s={search_term_string}\"},\"query-input\":{\"@type\":\"PropertyValueSpecification\",\"valueRequired\":true,\"valueName\":\"search_term_string\"}}],\"inLanguage\":\"es\"},{\"@type\":\"Organization\",\"@id\":\"https:\/\/www.haegergroup.com\/es\/#organization\",\"name\":\"Haeger Electrodom\u00e9sticos\",\"url\":\"https:\/\/www.haegergroup.com\/es\/\",\"logo\":{\"@type\":\"ImageObject\",\"inLanguage\":\"es\",\"@id\":\"https:\/\/www.haegergroup.com\/es\/#\/schema\/logo\/image\/\",\"url\":\"https:\/\/www.haegergroup.com\/wp-content\/uploads\/2018\/05\/logo-web-220.png\",\"contentUrl\":\"https:\/\/www.haegergroup.com\/wp-content\/uploads\/2018\/05\/logo-web-220.png\",\"width\":220,\"height\":49,\"caption\":\"Haeger Electrodom\u00e9sticos\"},\"image\":{\"@id\":\"https:\/\/www.haegergroup.com\/es\/#\/schema\/logo\/image\/\"}}]}<\/script>\n<!-- \/ Yoast SEO plugin. -->","yoast_head_json":{"title":"Cafetera Espresso Autom\u00e1tica HAEGER Caff\u00e8 Crema \u2013 19 Bar, 1,2\u00a0L, Digital, 1350\u00a0W - H\u00c6GER Eletrodom\u00e9sticos","description":"Marca de Pequenos Eletrodom\u00e9sticos para a sua cozinha, cuidados pessoais, casa e climatiza\u00e7\u00e3o. A op\u00e7\u00e3o inteligente para a sua casa.","robots":{"index":"index","follow":"follow","max-snippet":"max-snippet:-1","max-image-preview":"max-image-preview:large","max-video-preview":"max-video-preview:-1"},"canonical":"https:\/\/www.haegergroup.com\/es\/producto\/cafetera-espresso-automatica-haeger-caffe-crema-19-bar-12-l-digital-1350-w\/","og_locale":"es_ES","og_type":"article","og_title":"Cafetera Espresso Autom\u00e1tica HAEGER Caff\u00e8 Crema \u2013 19 Bar, 1,2\u00a0L, Digital, 1350\u00a0W - H\u00c6GER Eletrodom\u00e9sticos","og_description":"Marca de Pequenos Eletrodom\u00e9sticos para a sua cozinha, cuidados pessoais, casa e climatiza\u00e7\u00e3o. A op\u00e7\u00e3o inteligente para a sua casa.","og_url":"https:\/\/www.haegergroup.com\/es\/producto\/cafetera-espresso-automatica-haeger-caffe-crema-19-bar-12-l-digital-1350-w\/","og_site_name":"H\u00c6GER Eletrodom\u00e9sticos","og_image":[{"width":1200,"height":1200,"url":"https:\/\/www.haegergroup.com\/wp-content\/uploads\/CM-AUT.012A_1-1.jpg","type":"image\/jpeg"}],"twitter_card":"summary_large_image","twitter_misc":{"Tiempo de lectura":"2 minutos"},"schema":{"@context":"https:\/\/schema.org","@graph":[{"@type":"WebPage","@id":"https:\/\/www.haegergroup.com\/es\/producto\/cafetera-espresso-automatica-haeger-caffe-crema-19-bar-12-l-digital-1350-w\/","url":"https:\/\/www.haegergroup.com\/es\/producto\/cafetera-espresso-automatica-haeger-caffe-crema-19-bar-12-l-digital-1350-w\/","name":"Cafetera Espresso Autom\u00e1tica HAEGER Caff\u00e8 Crema \u2013 19 Bar, 1,2\u00a0L, Digital, 1350\u00a0W - H\u00c6GER Eletrodom\u00e9sticos","isPartOf":{"@id":"https:\/\/www.haegergroup.com\/es\/#website"},"primaryImageOfPage":{"@id":"https:\/\/www.haegergroup.com\/es\/producto\/cafetera-espresso-automatica-haeger-caffe-crema-19-bar-12-l-digital-1350-w\/#primaryimage"},"image":{"@id":"https:\/\/www.haegergroup.com\/es\/producto\/cafetera-espresso-automatica-haeger-caffe-crema-19-bar-12-l-digital-1350-w\/#primaryimage"},"thumbnailUrl":"https:\/\/www.haegergroup.com\/wp-content\/uploads\/CM-AUT.012A_1-1.jpg","datePublished":"2025-07-11T21:49:28+00:00","dateModified":"2025-07-11T21:49:28+00:00","description":"Marca de Pequenos Eletrodom\u00e9sticos para a sua cozinha, cuidados pessoais, casa e climatiza\u00e7\u00e3o. A op\u00e7\u00e3o inteligente para a sua casa.","breadcrumb":{"@id":"https:\/\/www.haegergroup.com\/es\/producto\/cafetera-espresso-automatica-haeger-caffe-crema-19-bar-12-l-digital-1350-w\/#breadcrumb"},"inLanguage":"es","potentialAction":[{"@type":"ReadAction","target":["https:\/\/www.haegergroup.com\/es\/producto\/cafetera-espresso-automatica-haeger-caffe-crema-19-bar-12-l-digital-1350-w\/"]}]},{"@type":"ImageObject","inLanguage":"es","@id":"https:\/\/www.haegergroup.com\/es\/producto\/cafetera-espresso-automatica-haeger-caffe-crema-19-bar-12-l-digital-1350-w\/#primaryimage","url":"https:\/\/www.haegergroup.com\/wp-content\/uploads\/CM-AUT.012A_1-1.jpg","contentUrl":"https:\/\/www.haegergroup.com\/wp-content\/uploads\/CM-AUT.012A_1-1.jpg","width":1200,"height":1200},{"@type":"BreadcrumbList","@id":"https:\/\/www.haegergroup.com\/es\/producto\/cafetera-espresso-automatica-haeger-caffe-crema-19-bar-12-l-digital-1350-w\/#breadcrumb","itemListElement":[{"@type":"ListItem","position":1,"name":"Portada","item":"https:\/\/www.haegergroup.com\/es\/"},{"@type":"ListItem","position":2,"name":"Productos","item":"https:\/\/www.haegergroup.com\/es\/tienda\/"},{"@type":"ListItem","position":3,"name":"Cafetera Espresso Autom\u00e1tica HAEGER Caff\u00e8 Crema \u2013 19 Bar, 1,2\u00a0L, Digital, 1350\u00a0W"}]},{"@type":"WebSite","@id":"https:\/\/www.haegergroup.com\/es\/#website","url":"https:\/\/www.haegergroup.com\/es\/","name":"H\u00c6GER Eletrodom\u00e9sticos","description":"A escolha inteligente","publisher":{"@id":"https:\/\/www.haegergroup.com\/es\/#organization"},"potentialAction":[{"@type":"SearchAction","target":{"@type":"EntryPoint","urlTemplate":"https:\/\/www.haegergroup.com\/es\/?s={search_term_string}"},"query-input":{"@type":"PropertyValueSpecification","valueRequired":true,"valueName":"search_term_string"}}],"inLanguage":"es"},{"@type":"Organization","@id":"https:\/\/www.haegergroup.com\/es\/#organization","name":"Haeger Electrodom\u00e9sticos","url":"https:\/\/www.haegergroup.com\/es\/","logo":{"@type":"ImageObject","inLanguage":"es","@id":"https:\/\/www.haegergroup.com\/es\/#\/schema\/logo\/image\/","url":"https:\/\/www.haegergroup.com\/wp-content\/uploads\/2018\/05\/logo-web-220.png","contentUrl":"https:\/\/www.haegergroup.com\/wp-content\/uploads\/2018\/05\/logo-web-220.png","width":220,"height":49,"caption":"Haeger Electrodom\u00e9sticos"},"image":{"@id":"https:\/\/www.haegergroup.com\/es\/#\/schema\/logo\/image\/"}}]}},"_links":{"self":[{"href":"https:\/\/www.haegergroup.com\/es\/wp-json\/wp\/v2\/product\/37224","targetHints":{"allow":["GET"]}}],"collection":[{"href":"https:\/\/www.haegergroup.com\/es\/wp-json\/wp\/v2\/product"}],"about":[{"href":"https:\/\/www.haegergroup.com\/es\/wp-json\/wp\/v2\/types\/product"}],"wp:featuredmedia":[{"embeddable":true,"href":"https:\/\/www.haegergroup.com\/es\/wp-json\/wp\/v2\/media\/37210"}],"wp:attachment":[{"href":"https:\/\/www.haegergroup.com\/es\/wp-json\/wp\/v2\/media?parent=37224"}],"wp:term":[{"taxonomy":"product_cat","embeddable":true,"href":"https:\/\/www.haegergroup.com\/es\/wp-json\/wp\/v2\/product_cat?post=37224"},{"taxonomy":"product_tag","embeddable":true,"href":"https:\/\/www.haegergroup.com\/es\/wp-json\/wp\/v2\/product_tag?post=37224"}],"curies":[{"name":"wp","href":"https:\/\/api.w.org\/{rel}","templated":true}]}}