{"id":37147,"date":"2025-06-05T15:30:17","date_gmt":"2025-06-05T14:54:10","guid":{"rendered":"https:\/\/www.haegergroup.com\/?post_type=product&#038;p=37147"},"modified":"2025-06-05T15:54:11","modified_gmt":"2025-06-05T14:54:11","slug":"olla-a-presion-haeger-easy-cooker-2-en-1-8-litros","status":"publish","type":"product","link":"https:\/\/www.haegergroup.com\/es\/producto\/olla-a-presion-haeger-easy-cooker-2-en-1-8-litros\/","title":{"rendered":"Olla a Presi\u00f3n HAEGER Easy Cooker 2 en 1 \u2013 8 Litros"},"content":{"rendered":"<p>Cocinar de forma r\u00e1pida y segura es sencillo con la olla a presi\u00f3n HAEGER Easy Cooker 2 in 1. Con una generosa capacidad de 8 litros, esta olla es perfecta para preparar grandes porciones de comida en menos tiempo, conservando el sabor y los nutrientes de los ingredientes.<\/p>\n<p>La seguridad es una prioridad con la Olla F\u00e1cil HAEGER. Este modelo viene equipado con 3 robustos sistemas de seguridad: una v\u00e1lvula giratoria, una v\u00e1lvula de seguridad adicional y un brazo met\u00e1lico, as\u00ed como un pr\u00e1ctico bot\u00f3n de cierre f\u00e1cil, que garantiza un sellado perfecto antes de empezar a cocinar. Adem\u00e1s, el asa de apertura situada en la parte superior facilita su manejo y funcionamiento.<\/p>\n<p>Fabricadas en acero inoxidable de alta calidad, tanto la tapa como el cuerpo de la olla son extremadamente duraderos y resistentes al calor. Para mayor versatilidad, la sart\u00e9n tambi\u00e9n incluye una tapa de cristal adicional, ideal para controlar la cocci\u00f3n sin perder calor. Compatible con todo tipo de placas -gas, anillo radiante, placa el\u00e9ctrica, vitrocer\u00e1mica e inducci\u00f3n-, esta olla a presi\u00f3n ofrece una flexibilidad total en la cocina.<\/p>\n<p>Todas las piezas se pueden lavar en el lavavajillas, por lo que la limpieza es tan f\u00e1cil como cocinar.<\/p>\n","protected":false},"excerpt":{"rendered":"<h2 class=\"fusion-responsive-typography-calculated\" data-fontsize=\"18\" data-lineheight=\"27px\">Olla a presi\u00f3n 8 litros<br \/>\nModelo: PC-8SS.023A<\/h2>\n<p>&nbsp;<\/p>\n<ul>\n<li>Equipado con 3 sistemas de seguridad:<\/li>\n<li>V\u00e1lvula rotativa<\/li>\n<li>V\u00e1lvula de seguridad<\/li>\n<li>Brazo met\u00e1lico<\/li>\n<li>Tapa de cristal extra<\/li>\n<li>Asa superior de f\u00e1cil apertura<\/li>\n<li>Tapa y cuerpo de acero inoxidable de alta calidad<\/li>\n<li>Apta para su uso en: Gas, Anillo radiante, Placa el\u00e9ctrica, Vitrocer\u00e1mica e Inducci\u00f3n<\/li>\n<li>Di\u00e1metro de la sart\u00e9n: 240 mm<\/li>\n<li>Capacidad: 8 litros<\/li>\n<\/ul>\n","protected":false},"featured_media":37134,"template":"","meta":[],"product_cat":[168,176],"product_tag":[],"class_list":{"0":"post-37147","1":"product","2":"type-product","3":"status-publish","4":"has-post-thumbnail","6":"product_cat-cocina","7":"product_cat-ollas-de-presion","9":"first","10":"instock","11":"shipping-taxable","12":"product-type-simple"},"yoast_head":"<!-- This site is optimized with the Yoast SEO plugin v24.1 - https:\/\/yoast.com\/wordpress\/plugins\/seo\/ -->\n<title>Olla a Presi\u00f3n HAEGER Easy Cooker 2 en 1 \u2013 8 Litros - H\u00c6GER Eletrodom\u00e9sticos<\/title>\n<meta name=\"description\" content=\"Marca de Pequenos Eletrodom\u00e9sticos para a sua cozinha, cuidados pessoais, casa e climatiza\u00e7\u00e3o. A op\u00e7\u00e3o inteligente para a sua casa.\" \/>\n<meta name=\"robots\" content=\"index, follow, max-snippet:-1, max-image-preview:large, max-video-preview:-1\" \/>\n<link rel=\"canonical\" href=\"https:\/\/www.haegergroup.com\/es\/producto\/olla-a-presion-haeger-easy-cooker-2-en-1-8-litros\/\" \/>\n<meta property=\"og:locale\" content=\"es_ES\" \/>\n<meta property=\"og:type\" content=\"article\" \/>\n<meta property=\"og:title\" content=\"Olla a Presi\u00f3n HAEGER Easy Cooker 2 en 1 \u2013 8 Litros - H\u00c6GER Eletrodom\u00e9sticos\" \/>\n<meta property=\"og:description\" content=\"Marca de Pequenos Eletrodom\u00e9sticos para a sua cozinha, cuidados pessoais, casa e climatiza\u00e7\u00e3o. A op\u00e7\u00e3o inteligente para a sua casa.\" \/>\n<meta property=\"og:url\" content=\"https:\/\/www.haegergroup.com\/es\/producto\/olla-a-presion-haeger-easy-cooker-2-en-1-8-litros\/\" \/>\n<meta property=\"og:site_name\" content=\"H\u00c6GER Eletrodom\u00e9sticos\" \/>\n<meta property=\"article:modified_time\" content=\"2025-06-05T14:54:11+00:00\" \/>\n<meta property=\"og:image\" content=\"https:\/\/www.haegergroup.com\/wp-content\/uploads\/PC-8SS.023A_1-1.jpg\" \/>\n\t<meta property=\"og:image:width\" content=\"1200\" \/>\n\t<meta property=\"og:image:height\" content=\"1200\" \/>\n\t<meta property=\"og:image:type\" content=\"image\/jpeg\" \/>\n<meta name=\"twitter:card\" content=\"summary_large_image\" \/>\n<meta name=\"twitter:label1\" content=\"Tiempo de lectura\" \/>\n\t<meta name=\"twitter:data1\" content=\"2 minutos\" \/>\n<script type=\"application\/ld+json\" class=\"yoast-schema-graph\">{\"@context\":\"https:\/\/schema.org\",\"@graph\":[{\"@type\":\"WebPage\",\"@id\":\"https:\/\/www.haegergroup.com\/es\/producto\/olla-a-presion-haeger-easy-cooker-2-en-1-8-litros\/\",\"url\":\"https:\/\/www.haegergroup.com\/es\/producto\/olla-a-presion-haeger-easy-cooker-2-en-1-8-litros\/\",\"name\":\"Olla a Presi\u00f3n HAEGER Easy Cooker 2 en 1 \u2013 8 Litros - H\u00c6GER Eletrodom\u00e9sticos\",\"isPartOf\":{\"@id\":\"https:\/\/www.haegergroup.com\/es\/#website\"},\"primaryImageOfPage\":{\"@id\":\"https:\/\/www.haegergroup.com\/es\/producto\/olla-a-presion-haeger-easy-cooker-2-en-1-8-litros\/#primaryimage\"},\"image\":{\"@id\":\"https:\/\/www.haegergroup.com\/es\/producto\/olla-a-presion-haeger-easy-cooker-2-en-1-8-litros\/#primaryimage\"},\"thumbnailUrl\":\"https:\/\/www.haegergroup.com\/wp-content\/uploads\/PC-8SS.023A_1-1.jpg\",\"datePublished\":\"2025-06-05T14:54:10+00:00\",\"dateModified\":\"2025-06-05T14:54:11+00:00\",\"description\":\"Marca de Pequenos Eletrodom\u00e9sticos para a sua cozinha, cuidados pessoais, casa e climatiza\u00e7\u00e3o. A op\u00e7\u00e3o inteligente para a sua casa.\",\"breadcrumb\":{\"@id\":\"https:\/\/www.haegergroup.com\/es\/producto\/olla-a-presion-haeger-easy-cooker-2-en-1-8-litros\/#breadcrumb\"},\"inLanguage\":\"es\",\"potentialAction\":[{\"@type\":\"ReadAction\",\"target\":[\"https:\/\/www.haegergroup.com\/es\/producto\/olla-a-presion-haeger-easy-cooker-2-en-1-8-litros\/\"]}]},{\"@type\":\"ImageObject\",\"inLanguage\":\"es\",\"@id\":\"https:\/\/www.haegergroup.com\/es\/producto\/olla-a-presion-haeger-easy-cooker-2-en-1-8-litros\/#primaryimage\",\"url\":\"https:\/\/www.haegergroup.com\/wp-content\/uploads\/PC-8SS.023A_1-1.jpg\",\"contentUrl\":\"https:\/\/www.haegergroup.com\/wp-content\/uploads\/PC-8SS.023A_1-1.jpg\",\"width\":1200,\"height\":1200},{\"@type\":\"BreadcrumbList\",\"@id\":\"https:\/\/www.haegergroup.com\/es\/producto\/olla-a-presion-haeger-easy-cooker-2-en-1-8-litros\/#breadcrumb\",\"itemListElement\":[{\"@type\":\"ListItem\",\"position\":1,\"name\":\"Portada\",\"item\":\"https:\/\/www.haegergroup.com\/es\/\"},{\"@type\":\"ListItem\",\"position\":2,\"name\":\"Productos\",\"item\":\"https:\/\/www.haegergroup.com\/es\/tienda\/\"},{\"@type\":\"ListItem\",\"position\":3,\"name\":\"Olla a Presi\u00f3n HAEGER Easy Cooker 2 en 1 \u2013 8 Litros\"}]},{\"@type\":\"WebSite\",\"@id\":\"https:\/\/www.haegergroup.com\/es\/#website\",\"url\":\"https:\/\/www.haegergroup.com\/es\/\",\"name\":\"H\u00c6GER Eletrodom\u00e9sticos\",\"description\":\"A escolha inteligente\",\"publisher\":{\"@id\":\"https:\/\/www.haegergroup.com\/es\/#organization\"},\"potentialAction\":[{\"@type\":\"SearchAction\",\"target\":{\"@type\":\"EntryPoint\",\"urlTemplate\":\"https:\/\/www.haegergroup.com\/es\/?s={search_term_string}\"},\"query-input\":{\"@type\":\"PropertyValueSpecification\",\"valueRequired\":true,\"valueName\":\"search_term_string\"}}],\"inLanguage\":\"es\"},{\"@type\":\"Organization\",\"@id\":\"https:\/\/www.haegergroup.com\/es\/#organization\",\"name\":\"Haeger Electrodom\u00e9sticos\",\"url\":\"https:\/\/www.haegergroup.com\/es\/\",\"logo\":{\"@type\":\"ImageObject\",\"inLanguage\":\"es\",\"@id\":\"https:\/\/www.haegergroup.com\/es\/#\/schema\/logo\/image\/\",\"url\":\"https:\/\/www.haegergroup.com\/wp-content\/uploads\/2018\/05\/logo-web-220.png\",\"contentUrl\":\"https:\/\/www.haegergroup.com\/wp-content\/uploads\/2018\/05\/logo-web-220.png\",\"width\":220,\"height\":49,\"caption\":\"Haeger Electrodom\u00e9sticos\"},\"image\":{\"@id\":\"https:\/\/www.haegergroup.com\/es\/#\/schema\/logo\/image\/\"}}]}<\/script>\n<!-- \/ Yoast SEO plugin. -->","yoast_head_json":{"title":"Olla a Presi\u00f3n HAEGER Easy Cooker 2 en 1 \u2013 8 Litros - H\u00c6GER Eletrodom\u00e9sticos","description":"Marca de Pequenos Eletrodom\u00e9sticos para a sua cozinha, cuidados pessoais, casa e climatiza\u00e7\u00e3o. A op\u00e7\u00e3o inteligente para a sua casa.","robots":{"index":"index","follow":"follow","max-snippet":"max-snippet:-1","max-image-preview":"max-image-preview:large","max-video-preview":"max-video-preview:-1"},"canonical":"https:\/\/www.haegergroup.com\/es\/producto\/olla-a-presion-haeger-easy-cooker-2-en-1-8-litros\/","og_locale":"es_ES","og_type":"article","og_title":"Olla a Presi\u00f3n HAEGER Easy Cooker 2 en 1 \u2013 8 Litros - H\u00c6GER Eletrodom\u00e9sticos","og_description":"Marca de Pequenos Eletrodom\u00e9sticos para a sua cozinha, cuidados pessoais, casa e climatiza\u00e7\u00e3o. A op\u00e7\u00e3o inteligente para a sua casa.","og_url":"https:\/\/www.haegergroup.com\/es\/producto\/olla-a-presion-haeger-easy-cooker-2-en-1-8-litros\/","og_site_name":"H\u00c6GER Eletrodom\u00e9sticos","article_modified_time":"2025-06-05T14:54:11+00:00","og_image":[{"width":1200,"height":1200,"url":"https:\/\/www.haegergroup.com\/wp-content\/uploads\/PC-8SS.023A_1-1.jpg","type":"image\/jpeg"}],"twitter_card":"summary_large_image","twitter_misc":{"Tiempo de lectura":"2 minutos"},"schema":{"@context":"https:\/\/schema.org","@graph":[{"@type":"WebPage","@id":"https:\/\/www.haegergroup.com\/es\/producto\/olla-a-presion-haeger-easy-cooker-2-en-1-8-litros\/","url":"https:\/\/www.haegergroup.com\/es\/producto\/olla-a-presion-haeger-easy-cooker-2-en-1-8-litros\/","name":"Olla a Presi\u00f3n HAEGER Easy Cooker 2 en 1 \u2013 8 Litros - H\u00c6GER Eletrodom\u00e9sticos","isPartOf":{"@id":"https:\/\/www.haegergroup.com\/es\/#website"},"primaryImageOfPage":{"@id":"https:\/\/www.haegergroup.com\/es\/producto\/olla-a-presion-haeger-easy-cooker-2-en-1-8-litros\/#primaryimage"},"image":{"@id":"https:\/\/www.haegergroup.com\/es\/producto\/olla-a-presion-haeger-easy-cooker-2-en-1-8-litros\/#primaryimage"},"thumbnailUrl":"https:\/\/www.haegergroup.com\/wp-content\/uploads\/PC-8SS.023A_1-1.jpg","datePublished":"2025-06-05T14:54:10+00:00","dateModified":"2025-06-05T14:54:11+00:00","description":"Marca de Pequenos Eletrodom\u00e9sticos para a sua cozinha, cuidados pessoais, casa e climatiza\u00e7\u00e3o. A op\u00e7\u00e3o inteligente para a sua casa.","breadcrumb":{"@id":"https:\/\/www.haegergroup.com\/es\/producto\/olla-a-presion-haeger-easy-cooker-2-en-1-8-litros\/#breadcrumb"},"inLanguage":"es","potentialAction":[{"@type":"ReadAction","target":["https:\/\/www.haegergroup.com\/es\/producto\/olla-a-presion-haeger-easy-cooker-2-en-1-8-litros\/"]}]},{"@type":"ImageObject","inLanguage":"es","@id":"https:\/\/www.haegergroup.com\/es\/producto\/olla-a-presion-haeger-easy-cooker-2-en-1-8-litros\/#primaryimage","url":"https:\/\/www.haegergroup.com\/wp-content\/uploads\/PC-8SS.023A_1-1.jpg","contentUrl":"https:\/\/www.haegergroup.com\/wp-content\/uploads\/PC-8SS.023A_1-1.jpg","width":1200,"height":1200},{"@type":"BreadcrumbList","@id":"https:\/\/www.haegergroup.com\/es\/producto\/olla-a-presion-haeger-easy-cooker-2-en-1-8-litros\/#breadcrumb","itemListElement":[{"@type":"ListItem","position":1,"name":"Portada","item":"https:\/\/www.haegergroup.com\/es\/"},{"@type":"ListItem","position":2,"name":"Productos","item":"https:\/\/www.haegergroup.com\/es\/tienda\/"},{"@type":"ListItem","position":3,"name":"Olla a Presi\u00f3n HAEGER Easy Cooker 2 en 1 \u2013 8 Litros"}]},{"@type":"WebSite","@id":"https:\/\/www.haegergroup.com\/es\/#website","url":"https:\/\/www.haegergroup.com\/es\/","name":"H\u00c6GER Eletrodom\u00e9sticos","description":"A escolha inteligente","publisher":{"@id":"https:\/\/www.haegergroup.com\/es\/#organization"},"potentialAction":[{"@type":"SearchAction","target":{"@type":"EntryPoint","urlTemplate":"https:\/\/www.haegergroup.com\/es\/?s={search_term_string}"},"query-input":{"@type":"PropertyValueSpecification","valueRequired":true,"valueName":"search_term_string"}}],"inLanguage":"es"},{"@type":"Organization","@id":"https:\/\/www.haegergroup.com\/es\/#organization","name":"Haeger Electrodom\u00e9sticos","url":"https:\/\/www.haegergroup.com\/es\/","logo":{"@type":"ImageObject","inLanguage":"es","@id":"https:\/\/www.haegergroup.com\/es\/#\/schema\/logo\/image\/","url":"https:\/\/www.haegergroup.com\/wp-content\/uploads\/2018\/05\/logo-web-220.png","contentUrl":"https:\/\/www.haegergroup.com\/wp-content\/uploads\/2018\/05\/logo-web-220.png","width":220,"height":49,"caption":"Haeger Electrodom\u00e9sticos"},"image":{"@id":"https:\/\/www.haegergroup.com\/es\/#\/schema\/logo\/image\/"}}]}},"_links":{"self":[{"href":"https:\/\/www.haegergroup.com\/es\/wp-json\/wp\/v2\/product\/37147","targetHints":{"allow":["GET"]}}],"collection":[{"href":"https:\/\/www.haegergroup.com\/es\/wp-json\/wp\/v2\/product"}],"about":[{"href":"https:\/\/www.haegergroup.com\/es\/wp-json\/wp\/v2\/types\/product"}],"wp:featuredmedia":[{"embeddable":true,"href":"https:\/\/www.haegergroup.com\/es\/wp-json\/wp\/v2\/media\/37134"}],"wp:attachment":[{"href":"https:\/\/www.haegergroup.com\/es\/wp-json\/wp\/v2\/media?parent=37147"}],"wp:term":[{"taxonomy":"product_cat","embeddable":true,"href":"https:\/\/www.haegergroup.com\/es\/wp-json\/wp\/v2\/product_cat?post=37147"},{"taxonomy":"product_tag","embeddable":true,"href":"https:\/\/www.haegergroup.com\/es\/wp-json\/wp\/v2\/product_tag?post=37147"}],"curies":[{"name":"wp","href":"https:\/\/api.w.org\/{rel}","templated":true}]}}