{"id":37124,"date":"2025-06-02T17:50:38","date_gmt":"2025-06-02T17:24:46","guid":{"rendered":"https:\/\/www.haegergroup.com\/?post_type=product&#038;p=37124"},"modified":"2025-06-03T14:39:51","modified_gmt":"2025-06-03T13:39:51","slug":"secador-de-pelo-haeger-turbo-dryer-2000w","status":"publish","type":"product","link":"https:\/\/www.haegergroup.com\/es\/producto\/secador-de-pelo-haeger-turbo-dryer-2000w\/","title":{"rendered":"Secador de Pelo HAEGER Turbo Dryer &#8211; 2000W"},"content":{"rendered":"<p>El Secador Turbo 2000 de HAEGER es la elecci\u00f3n ideal para quienes buscan un secado r\u00e1pido y eficaz con control total de la temperatura. Equipado con un motor de corriente continua de 2000 vatios, garantiza un alto rendimiento, perfecto para el uso diario con resultados dignos de un sal\u00f3n de belleza.<\/p>\n<p>Con dos velocidades y tres niveles de temperatura, se adapta a diferentes tipos de cabello y estilos, desde mechones finos hasta peinados voluminosos. Dise\u00f1ada para una m\u00e1xima durabilidad, incorpora el sistema anti-calentamiento \u00abNon-Stop\u00bb, que protege el equipo de sobrecargas t\u00e9rmicas, garantizando una mayor longevidad y permitiendo sesiones prolongadas de uso ininterrumpido.<\/p>\n<p>La cubierta del filtro extra\u00edble facilita su limpieza y ayuda a mantener un alto rendimiento en todo momento. Para una mayor versatilidad, el secador incluye dos accesorios indispensables: un concentrador de aire, ideal para alisar y dar acabado con cepillo, y un difusor, perfecto para resaltar los rizos y aportar volumen de forma uniforme y natural.<\/p>\n<p>Con un dise\u00f1o moderno y funcional, el secador HAEGER Turbo Dryer 2000 combina potencia, resistencia y estilo para ofrecer resultados profesionales, todos los d\u00edas.<\/p>\n","protected":false},"excerpt":{"rendered":"<h2>Secador de Pelo<br \/>\nModelo: HD-200.015A<\/h2>\n<ul>\n<li>Motor de CC de 2000 vatios<\/li>\n<li>2 velocidades y 3 niveles de temperatura<\/li>\n<li>Sistema anti-calentamiento Non-Stop<\/li>\n<li>Cubierta del filtro extra\u00edble<\/li>\n<li>Accesorios:<br \/>\n&#8211; Concentrador<br \/>\n&#8211; Difusor<\/li>\n<\/ul>\n","protected":false},"featured_media":37120,"template":"","meta":[],"product_cat":[184,185],"product_tag":[],"class_list":{"0":"post-37124","1":"product","2":"type-product","3":"status-publish","4":"has-post-thumbnail","6":"product_cat-cuidado-personal","7":"product_cat-secadores-de-pelo","9":"first","10":"instock","11":"shipping-taxable","12":"product-type-simple"},"yoast_head":"<!-- This site is optimized with the Yoast SEO plugin v24.1 - https:\/\/yoast.com\/wordpress\/plugins\/seo\/ -->\n<title>Secador de Pelo HAEGER Turbo Dryer - 2000W - H\u00c6GER Eletrodom\u00e9sticos<\/title>\n<meta name=\"description\" content=\"Marca de Pequenos Eletrodom\u00e9sticos para a sua cozinha, cuidados pessoais, casa e climatiza\u00e7\u00e3o. A op\u00e7\u00e3o inteligente para a sua casa.\" \/>\n<meta name=\"robots\" content=\"index, follow, max-snippet:-1, max-image-preview:large, max-video-preview:-1\" \/>\n<link rel=\"canonical\" href=\"https:\/\/www.haegergroup.com\/es\/producto\/secador-de-pelo-haeger-turbo-dryer-2000w\/\" \/>\n<meta property=\"og:locale\" content=\"es_ES\" \/>\n<meta property=\"og:type\" content=\"article\" \/>\n<meta property=\"og:title\" content=\"Secador de Pelo HAEGER Turbo Dryer - 2000W - H\u00c6GER Eletrodom\u00e9sticos\" \/>\n<meta property=\"og:description\" content=\"Marca de Pequenos Eletrodom\u00e9sticos para a sua cozinha, cuidados pessoais, casa e climatiza\u00e7\u00e3o. A op\u00e7\u00e3o inteligente para a sua casa.\" \/>\n<meta property=\"og:url\" content=\"https:\/\/www.haegergroup.com\/es\/producto\/secador-de-pelo-haeger-turbo-dryer-2000w\/\" \/>\n<meta property=\"og:site_name\" content=\"H\u00c6GER Eletrodom\u00e9sticos\" \/>\n<meta property=\"article:modified_time\" content=\"2025-06-03T13:39:51+00:00\" \/>\n<meta property=\"og:image\" content=\"https:\/\/www.haegergroup.com\/wp-content\/uploads\/HD-200.015A_1-1-scaled.jpg\" \/>\n\t<meta property=\"og:image:width\" content=\"2560\" \/>\n\t<meta property=\"og:image:height\" content=\"2479\" \/>\n\t<meta property=\"og:image:type\" content=\"image\/jpeg\" \/>\n<meta name=\"twitter:card\" content=\"summary_large_image\" \/>\n<meta name=\"twitter:label1\" content=\"Tiempo de lectura\" \/>\n\t<meta name=\"twitter:data1\" content=\"2 minutos\" \/>\n<script type=\"application\/ld+json\" class=\"yoast-schema-graph\">{\"@context\":\"https:\/\/schema.org\",\"@graph\":[{\"@type\":\"WebPage\",\"@id\":\"https:\/\/www.haegergroup.com\/es\/producto\/secador-de-pelo-haeger-turbo-dryer-2000w\/\",\"url\":\"https:\/\/www.haegergroup.com\/es\/producto\/secador-de-pelo-haeger-turbo-dryer-2000w\/\",\"name\":\"Secador de Pelo HAEGER Turbo Dryer - 2000W - H\u00c6GER Eletrodom\u00e9sticos\",\"isPartOf\":{\"@id\":\"https:\/\/www.haegergroup.com\/es\/#website\"},\"primaryImageOfPage\":{\"@id\":\"https:\/\/www.haegergroup.com\/es\/producto\/secador-de-pelo-haeger-turbo-dryer-2000w\/#primaryimage\"},\"image\":{\"@id\":\"https:\/\/www.haegergroup.com\/es\/producto\/secador-de-pelo-haeger-turbo-dryer-2000w\/#primaryimage\"},\"thumbnailUrl\":\"https:\/\/www.haegergroup.com\/wp-content\/uploads\/HD-200.015A_1-1-scaled.jpg\",\"datePublished\":\"2025-06-02T17:24:46+00:00\",\"dateModified\":\"2025-06-03T13:39:51+00:00\",\"description\":\"Marca de Pequenos Eletrodom\u00e9sticos para a sua cozinha, cuidados pessoais, casa e climatiza\u00e7\u00e3o. A op\u00e7\u00e3o inteligente para a sua casa.\",\"breadcrumb\":{\"@id\":\"https:\/\/www.haegergroup.com\/es\/producto\/secador-de-pelo-haeger-turbo-dryer-2000w\/#breadcrumb\"},\"inLanguage\":\"es\",\"potentialAction\":[{\"@type\":\"ReadAction\",\"target\":[\"https:\/\/www.haegergroup.com\/es\/producto\/secador-de-pelo-haeger-turbo-dryer-2000w\/\"]}]},{\"@type\":\"ImageObject\",\"inLanguage\":\"es\",\"@id\":\"https:\/\/www.haegergroup.com\/es\/producto\/secador-de-pelo-haeger-turbo-dryer-2000w\/#primaryimage\",\"url\":\"https:\/\/www.haegergroup.com\/wp-content\/uploads\/HD-200.015A_1-1-scaled.jpg\",\"contentUrl\":\"https:\/\/www.haegergroup.com\/wp-content\/uploads\/HD-200.015A_1-1-scaled.jpg\",\"width\":2560,\"height\":2479,\"caption\":\"Secador de Cabelo HAEGER Turbo Dryer - 2000W\"},{\"@type\":\"BreadcrumbList\",\"@id\":\"https:\/\/www.haegergroup.com\/es\/producto\/secador-de-pelo-haeger-turbo-dryer-2000w\/#breadcrumb\",\"itemListElement\":[{\"@type\":\"ListItem\",\"position\":1,\"name\":\"Portada\",\"item\":\"https:\/\/www.haegergroup.com\/es\/\"},{\"@type\":\"ListItem\",\"position\":2,\"name\":\"Productos\",\"item\":\"https:\/\/www.haegergroup.com\/es\/tienda\/\"},{\"@type\":\"ListItem\",\"position\":3,\"name\":\"Secador de Pelo HAEGER Turbo Dryer &#8211; 2000W\"}]},{\"@type\":\"WebSite\",\"@id\":\"https:\/\/www.haegergroup.com\/es\/#website\",\"url\":\"https:\/\/www.haegergroup.com\/es\/\",\"name\":\"H\u00c6GER Eletrodom\u00e9sticos\",\"description\":\"A escolha inteligente\",\"publisher\":{\"@id\":\"https:\/\/www.haegergroup.com\/es\/#organization\"},\"potentialAction\":[{\"@type\":\"SearchAction\",\"target\":{\"@type\":\"EntryPoint\",\"urlTemplate\":\"https:\/\/www.haegergroup.com\/es\/?s={search_term_string}\"},\"query-input\":{\"@type\":\"PropertyValueSpecification\",\"valueRequired\":true,\"valueName\":\"search_term_string\"}}],\"inLanguage\":\"es\"},{\"@type\":\"Organization\",\"@id\":\"https:\/\/www.haegergroup.com\/es\/#organization\",\"name\":\"Haeger Electrodom\u00e9sticos\",\"url\":\"https:\/\/www.haegergroup.com\/es\/\",\"logo\":{\"@type\":\"ImageObject\",\"inLanguage\":\"es\",\"@id\":\"https:\/\/www.haegergroup.com\/es\/#\/schema\/logo\/image\/\",\"url\":\"https:\/\/www.haegergroup.com\/wp-content\/uploads\/2018\/05\/logo-web-220.png\",\"contentUrl\":\"https:\/\/www.haegergroup.com\/wp-content\/uploads\/2018\/05\/logo-web-220.png\",\"width\":220,\"height\":49,\"caption\":\"Haeger Electrodom\u00e9sticos\"},\"image\":{\"@id\":\"https:\/\/www.haegergroup.com\/es\/#\/schema\/logo\/image\/\"}}]}<\/script>\n<!-- \/ Yoast SEO plugin. -->","yoast_head_json":{"title":"Secador de Pelo HAEGER Turbo Dryer - 2000W - H\u00c6GER Eletrodom\u00e9sticos","description":"Marca de Pequenos Eletrodom\u00e9sticos para a sua cozinha, cuidados pessoais, casa e climatiza\u00e7\u00e3o. A op\u00e7\u00e3o inteligente para a sua casa.","robots":{"index":"index","follow":"follow","max-snippet":"max-snippet:-1","max-image-preview":"max-image-preview:large","max-video-preview":"max-video-preview:-1"},"canonical":"https:\/\/www.haegergroup.com\/es\/producto\/secador-de-pelo-haeger-turbo-dryer-2000w\/","og_locale":"es_ES","og_type":"article","og_title":"Secador de Pelo HAEGER Turbo Dryer - 2000W - H\u00c6GER Eletrodom\u00e9sticos","og_description":"Marca de Pequenos Eletrodom\u00e9sticos para a sua cozinha, cuidados pessoais, casa e climatiza\u00e7\u00e3o. A op\u00e7\u00e3o inteligente para a sua casa.","og_url":"https:\/\/www.haegergroup.com\/es\/producto\/secador-de-pelo-haeger-turbo-dryer-2000w\/","og_site_name":"H\u00c6GER Eletrodom\u00e9sticos","article_modified_time":"2025-06-03T13:39:51+00:00","og_image":[{"width":2560,"height":2479,"url":"https:\/\/www.haegergroup.com\/wp-content\/uploads\/HD-200.015A_1-1-scaled.jpg","type":"image\/jpeg"}],"twitter_card":"summary_large_image","twitter_misc":{"Tiempo de lectura":"2 minutos"},"schema":{"@context":"https:\/\/schema.org","@graph":[{"@type":"WebPage","@id":"https:\/\/www.haegergroup.com\/es\/producto\/secador-de-pelo-haeger-turbo-dryer-2000w\/","url":"https:\/\/www.haegergroup.com\/es\/producto\/secador-de-pelo-haeger-turbo-dryer-2000w\/","name":"Secador de Pelo HAEGER Turbo Dryer - 2000W - H\u00c6GER Eletrodom\u00e9sticos","isPartOf":{"@id":"https:\/\/www.haegergroup.com\/es\/#website"},"primaryImageOfPage":{"@id":"https:\/\/www.haegergroup.com\/es\/producto\/secador-de-pelo-haeger-turbo-dryer-2000w\/#primaryimage"},"image":{"@id":"https:\/\/www.haegergroup.com\/es\/producto\/secador-de-pelo-haeger-turbo-dryer-2000w\/#primaryimage"},"thumbnailUrl":"https:\/\/www.haegergroup.com\/wp-content\/uploads\/HD-200.015A_1-1-scaled.jpg","datePublished":"2025-06-02T17:24:46+00:00","dateModified":"2025-06-03T13:39:51+00:00","description":"Marca de Pequenos Eletrodom\u00e9sticos para a sua cozinha, cuidados pessoais, casa e climatiza\u00e7\u00e3o. A op\u00e7\u00e3o inteligente para a sua casa.","breadcrumb":{"@id":"https:\/\/www.haegergroup.com\/es\/producto\/secador-de-pelo-haeger-turbo-dryer-2000w\/#breadcrumb"},"inLanguage":"es","potentialAction":[{"@type":"ReadAction","target":["https:\/\/www.haegergroup.com\/es\/producto\/secador-de-pelo-haeger-turbo-dryer-2000w\/"]}]},{"@type":"ImageObject","inLanguage":"es","@id":"https:\/\/www.haegergroup.com\/es\/producto\/secador-de-pelo-haeger-turbo-dryer-2000w\/#primaryimage","url":"https:\/\/www.haegergroup.com\/wp-content\/uploads\/HD-200.015A_1-1-scaled.jpg","contentUrl":"https:\/\/www.haegergroup.com\/wp-content\/uploads\/HD-200.015A_1-1-scaled.jpg","width":2560,"height":2479,"caption":"Secador de Cabelo HAEGER Turbo Dryer - 2000W"},{"@type":"BreadcrumbList","@id":"https:\/\/www.haegergroup.com\/es\/producto\/secador-de-pelo-haeger-turbo-dryer-2000w\/#breadcrumb","itemListElement":[{"@type":"ListItem","position":1,"name":"Portada","item":"https:\/\/www.haegergroup.com\/es\/"},{"@type":"ListItem","position":2,"name":"Productos","item":"https:\/\/www.haegergroup.com\/es\/tienda\/"},{"@type":"ListItem","position":3,"name":"Secador de Pelo HAEGER Turbo Dryer &#8211; 2000W"}]},{"@type":"WebSite","@id":"https:\/\/www.haegergroup.com\/es\/#website","url":"https:\/\/www.haegergroup.com\/es\/","name":"H\u00c6GER Eletrodom\u00e9sticos","description":"A escolha inteligente","publisher":{"@id":"https:\/\/www.haegergroup.com\/es\/#organization"},"potentialAction":[{"@type":"SearchAction","target":{"@type":"EntryPoint","urlTemplate":"https:\/\/www.haegergroup.com\/es\/?s={search_term_string}"},"query-input":{"@type":"PropertyValueSpecification","valueRequired":true,"valueName":"search_term_string"}}],"inLanguage":"es"},{"@type":"Organization","@id":"https:\/\/www.haegergroup.com\/es\/#organization","name":"Haeger Electrodom\u00e9sticos","url":"https:\/\/www.haegergroup.com\/es\/","logo":{"@type":"ImageObject","inLanguage":"es","@id":"https:\/\/www.haegergroup.com\/es\/#\/schema\/logo\/image\/","url":"https:\/\/www.haegergroup.com\/wp-content\/uploads\/2018\/05\/logo-web-220.png","contentUrl":"https:\/\/www.haegergroup.com\/wp-content\/uploads\/2018\/05\/logo-web-220.png","width":220,"height":49,"caption":"Haeger Electrodom\u00e9sticos"},"image":{"@id":"https:\/\/www.haegergroup.com\/es\/#\/schema\/logo\/image\/"}}]}},"_links":{"self":[{"href":"https:\/\/www.haegergroup.com\/es\/wp-json\/wp\/v2\/product\/37124","targetHints":{"allow":["GET"]}}],"collection":[{"href":"https:\/\/www.haegergroup.com\/es\/wp-json\/wp\/v2\/product"}],"about":[{"href":"https:\/\/www.haegergroup.com\/es\/wp-json\/wp\/v2\/types\/product"}],"wp:featuredmedia":[{"embeddable":true,"href":"https:\/\/www.haegergroup.com\/es\/wp-json\/wp\/v2\/media\/37120"}],"wp:attachment":[{"href":"https:\/\/www.haegergroup.com\/es\/wp-json\/wp\/v2\/media?parent=37124"}],"wp:term":[{"taxonomy":"product_cat","embeddable":true,"href":"https:\/\/www.haegergroup.com\/es\/wp-json\/wp\/v2\/product_cat?post=37124"},{"taxonomy":"product_tag","embeddable":true,"href":"https:\/\/www.haegergroup.com\/es\/wp-json\/wp\/v2\/product_tag?post=37124"}],"curies":[{"name":"wp","href":"https:\/\/api.w.org\/{rel}","templated":true}]}}