{"id":36815,"date":"2025-01-07T18:30:18","date_gmt":"2025-01-08T11:52:04","guid":{"rendered":"https:\/\/www.haegergroup.com\/?post_type=product&#038;p=36815"},"modified":"2025-01-08T11:52:04","modified_gmt":"2025-01-08T11:52:04","slug":"manta-electrica-haeger-cosy-winter-100w-162cm-x-122cm","status":"publish","type":"product","link":"https:\/\/www.haegergroup.com\/es\/producto\/manta-electrica-haeger-cosy-winter-100w-162cm-x-122cm\/","title":{"rendered":"Manta El\u00e9ctrica HAEGER Cosy Winter &#8211; 100W, 162cm x 122cm"},"content":{"rendered":"<p>HAEGER Cosy Winter es la elecci\u00f3n ideal para hacer frente al fr\u00edo de forma eficaz y confortable. Fabricado en suave micropolar de 240 g, proporciona un tacto suave que garantiza el m\u00e1ximo bienestar. Con 9 niveles de temperatura ajustables, permite un control f\u00e1cil y preciso de la calefacci\u00f3n, adapt\u00e1ndose perfectamente a sus necesidades.<\/p>\n<p>El mando extra\u00edble con pantalla LED proporciona una interfaz intuitiva, que permite ajustar f\u00e1cilmente la temperatura y programar el temporizador hasta 12 horas, garantizando noches tranquilas y seguras. La manta tiene dos caras en diferentes colores (crema y marr\u00f3n), lo que le permite elegir el aspecto que mejor se adapte a su entorno. Para mayor practicidad, es lavable a m\u00e1quina, lo que garantiza una higiene perfecta y una larga durabilidad.<\/p>\n<p>Con unas dimensiones ideales de 162 cm x 122 cm, la manta es perfecta tanto para uso individual como compartido. Su eficiente consumo de energ\u00eda de s\u00f3lo 100 vatios la convierte en una soluci\u00f3n econ\u00f3mica para mantener el confort t\u00e9rmico.<\/p>\n","protected":false},"excerpt":{"rendered":"<h2>Manta el\u00e9ctrica de 100W<br \/>\nModelo: EB-162.001A<\/h2>\n<ul>\n<li>Mando desmontable con pantalla LED<\/li>\n<li>Lavable a m\u00e1quina<\/li>\n<li>9 niveles de temperatura<\/li>\n<li>Temporizador 12h<\/li>\n<li>Laterales de diferentes colores: Crema y marr\u00f3n<\/li>\n<li>Protecci\u00f3n autom\u00e1tica contra sobrecalentamiento<\/li>\n<li>Material: Micro polar 240g<\/li>\n<li>Dimensiones: 162cm x 122cm<\/li>\n<li>Consumo: 100 vatios<\/li>\n<\/ul>\n","protected":false},"featured_media":36813,"template":"","meta":[],"product_cat":[146,149],"product_tag":[],"class_list":{"0":"post-36815","1":"product","2":"type-product","3":"status-publish","4":"has-post-thumbnail","6":"product_cat-climatizacion","7":"product_cat-calientacamas-electricos","9":"first","10":"instock","11":"shipping-taxable","12":"product-type-simple"},"yoast_head":"<!-- This site is optimized with the Yoast SEO plugin v24.1 - https:\/\/yoast.com\/wordpress\/plugins\/seo\/ -->\n<title>Manta El\u00e9ctrica HAEGER Cosy Winter - 100W, 162cm x 122cm - H\u00c6GER Eletrodom\u00e9sticos<\/title>\n<meta name=\"description\" content=\"Marca de Pequenos Eletrodom\u00e9sticos para a sua cozinha, cuidados pessoais, casa e climatiza\u00e7\u00e3o. A op\u00e7\u00e3o inteligente para a sua casa.\" \/>\n<meta name=\"robots\" content=\"index, follow, max-snippet:-1, max-image-preview:large, max-video-preview:-1\" \/>\n<link rel=\"canonical\" href=\"https:\/\/www.haegergroup.com\/es\/producto\/manta-electrica-haeger-cosy-winter-100w-162cm-x-122cm\/\" \/>\n<meta property=\"og:locale\" content=\"es_ES\" \/>\n<meta property=\"og:type\" content=\"article\" \/>\n<meta property=\"og:title\" content=\"Manta El\u00e9ctrica HAEGER Cosy Winter - 100W, 162cm x 122cm - H\u00c6GER Eletrodom\u00e9sticos\" \/>\n<meta property=\"og:description\" content=\"Marca de Pequenos Eletrodom\u00e9sticos para a sua cozinha, cuidados pessoais, casa e climatiza\u00e7\u00e3o. A op\u00e7\u00e3o inteligente para a sua casa.\" \/>\n<meta property=\"og:url\" content=\"https:\/\/www.haegergroup.com\/es\/producto\/manta-electrica-haeger-cosy-winter-100w-162cm-x-122cm\/\" \/>\n<meta property=\"og:site_name\" content=\"H\u00c6GER Eletrodom\u00e9sticos\" \/>\n<meta property=\"og:image\" content=\"https:\/\/www.haegergroup.com\/wp-content\/uploads\/EB-162.001A_1-1.jpg\" \/>\n\t<meta property=\"og:image:width\" content=\"1200\" \/>\n\t<meta property=\"og:image:height\" content=\"1200\" \/>\n\t<meta property=\"og:image:type\" content=\"image\/jpeg\" \/>\n<meta name=\"twitter:card\" content=\"summary_large_image\" \/>\n<meta name=\"twitter:label1\" content=\"Tiempo de lectura\" \/>\n\t<meta name=\"twitter:data1\" content=\"1 minuto\" \/>\n<script type=\"application\/ld+json\" class=\"yoast-schema-graph\">{\"@context\":\"https:\/\/schema.org\",\"@graph\":[{\"@type\":\"WebPage\",\"@id\":\"https:\/\/www.haegergroup.com\/es\/producto\/manta-electrica-haeger-cosy-winter-100w-162cm-x-122cm\/\",\"url\":\"https:\/\/www.haegergroup.com\/es\/producto\/manta-electrica-haeger-cosy-winter-100w-162cm-x-122cm\/\",\"name\":\"Manta El\u00e9ctrica HAEGER Cosy Winter - 100W, 162cm x 122cm - H\u00c6GER Eletrodom\u00e9sticos\",\"isPartOf\":{\"@id\":\"https:\/\/www.haegergroup.com\/es\/#website\"},\"primaryImageOfPage\":{\"@id\":\"https:\/\/www.haegergroup.com\/es\/producto\/manta-electrica-haeger-cosy-winter-100w-162cm-x-122cm\/#primaryimage\"},\"image\":{\"@id\":\"https:\/\/www.haegergroup.com\/es\/producto\/manta-electrica-haeger-cosy-winter-100w-162cm-x-122cm\/#primaryimage\"},\"thumbnailUrl\":\"https:\/\/www.haegergroup.com\/wp-content\/uploads\/EB-162.001A_1-1.jpg\",\"datePublished\":\"2025-01-08T11:52:04+00:00\",\"dateModified\":\"2025-01-08T11:52:04+00:00\",\"description\":\"Marca de Pequenos Eletrodom\u00e9sticos para a sua cozinha, cuidados pessoais, casa e climatiza\u00e7\u00e3o. A op\u00e7\u00e3o inteligente para a sua casa.\",\"breadcrumb\":{\"@id\":\"https:\/\/www.haegergroup.com\/es\/producto\/manta-electrica-haeger-cosy-winter-100w-162cm-x-122cm\/#breadcrumb\"},\"inLanguage\":\"es\",\"potentialAction\":[{\"@type\":\"ReadAction\",\"target\":[\"https:\/\/www.haegergroup.com\/es\/producto\/manta-electrica-haeger-cosy-winter-100w-162cm-x-122cm\/\"]}]},{\"@type\":\"ImageObject\",\"inLanguage\":\"es\",\"@id\":\"https:\/\/www.haegergroup.com\/es\/producto\/manta-electrica-haeger-cosy-winter-100w-162cm-x-122cm\/#primaryimage\",\"url\":\"https:\/\/www.haegergroup.com\/wp-content\/uploads\/EB-162.001A_1-1.jpg\",\"contentUrl\":\"https:\/\/www.haegergroup.com\/wp-content\/uploads\/EB-162.001A_1-1.jpg\",\"width\":1200,\"height\":1200},{\"@type\":\"BreadcrumbList\",\"@id\":\"https:\/\/www.haegergroup.com\/es\/producto\/manta-electrica-haeger-cosy-winter-100w-162cm-x-122cm\/#breadcrumb\",\"itemListElement\":[{\"@type\":\"ListItem\",\"position\":1,\"name\":\"Portada\",\"item\":\"https:\/\/www.haegergroup.com\/es\/\"},{\"@type\":\"ListItem\",\"position\":2,\"name\":\"Productos\",\"item\":\"https:\/\/www.haegergroup.com\/es\/tienda\/\"},{\"@type\":\"ListItem\",\"position\":3,\"name\":\"Manta El\u00e9ctrica HAEGER Cosy Winter &#8211; 100W, 162cm x 122cm\"}]},{\"@type\":\"WebSite\",\"@id\":\"https:\/\/www.haegergroup.com\/es\/#website\",\"url\":\"https:\/\/www.haegergroup.com\/es\/\",\"name\":\"H\u00c6GER Eletrodom\u00e9sticos\",\"description\":\"A escolha inteligente\",\"publisher\":{\"@id\":\"https:\/\/www.haegergroup.com\/es\/#organization\"},\"potentialAction\":[{\"@type\":\"SearchAction\",\"target\":{\"@type\":\"EntryPoint\",\"urlTemplate\":\"https:\/\/www.haegergroup.com\/es\/?s={search_term_string}\"},\"query-input\":{\"@type\":\"PropertyValueSpecification\",\"valueRequired\":true,\"valueName\":\"search_term_string\"}}],\"inLanguage\":\"es\"},{\"@type\":\"Organization\",\"@id\":\"https:\/\/www.haegergroup.com\/es\/#organization\",\"name\":\"Haeger Electrodom\u00e9sticos\",\"url\":\"https:\/\/www.haegergroup.com\/es\/\",\"logo\":{\"@type\":\"ImageObject\",\"inLanguage\":\"es\",\"@id\":\"https:\/\/www.haegergroup.com\/es\/#\/schema\/logo\/image\/\",\"url\":\"https:\/\/www.haegergroup.com\/wp-content\/uploads\/2018\/05\/logo-web-220.png\",\"contentUrl\":\"https:\/\/www.haegergroup.com\/wp-content\/uploads\/2018\/05\/logo-web-220.png\",\"width\":220,\"height\":49,\"caption\":\"Haeger Electrodom\u00e9sticos\"},\"image\":{\"@id\":\"https:\/\/www.haegergroup.com\/es\/#\/schema\/logo\/image\/\"}}]}<\/script>\n<!-- \/ Yoast SEO plugin. -->","yoast_head_json":{"title":"Manta El\u00e9ctrica HAEGER Cosy Winter - 100W, 162cm x 122cm - H\u00c6GER Eletrodom\u00e9sticos","description":"Marca de Pequenos Eletrodom\u00e9sticos para a sua cozinha, cuidados pessoais, casa e climatiza\u00e7\u00e3o. A op\u00e7\u00e3o inteligente para a sua casa.","robots":{"index":"index","follow":"follow","max-snippet":"max-snippet:-1","max-image-preview":"max-image-preview:large","max-video-preview":"max-video-preview:-1"},"canonical":"https:\/\/www.haegergroup.com\/es\/producto\/manta-electrica-haeger-cosy-winter-100w-162cm-x-122cm\/","og_locale":"es_ES","og_type":"article","og_title":"Manta El\u00e9ctrica HAEGER Cosy Winter - 100W, 162cm x 122cm - H\u00c6GER Eletrodom\u00e9sticos","og_description":"Marca de Pequenos Eletrodom\u00e9sticos para a sua cozinha, cuidados pessoais, casa e climatiza\u00e7\u00e3o. A op\u00e7\u00e3o inteligente para a sua casa.","og_url":"https:\/\/www.haegergroup.com\/es\/producto\/manta-electrica-haeger-cosy-winter-100w-162cm-x-122cm\/","og_site_name":"H\u00c6GER Eletrodom\u00e9sticos","og_image":[{"width":1200,"height":1200,"url":"https:\/\/www.haegergroup.com\/wp-content\/uploads\/EB-162.001A_1-1.jpg","type":"image\/jpeg"}],"twitter_card":"summary_large_image","twitter_misc":{"Tiempo de lectura":"1 minuto"},"schema":{"@context":"https:\/\/schema.org","@graph":[{"@type":"WebPage","@id":"https:\/\/www.haegergroup.com\/es\/producto\/manta-electrica-haeger-cosy-winter-100w-162cm-x-122cm\/","url":"https:\/\/www.haegergroup.com\/es\/producto\/manta-electrica-haeger-cosy-winter-100w-162cm-x-122cm\/","name":"Manta El\u00e9ctrica HAEGER Cosy Winter - 100W, 162cm x 122cm - H\u00c6GER Eletrodom\u00e9sticos","isPartOf":{"@id":"https:\/\/www.haegergroup.com\/es\/#website"},"primaryImageOfPage":{"@id":"https:\/\/www.haegergroup.com\/es\/producto\/manta-electrica-haeger-cosy-winter-100w-162cm-x-122cm\/#primaryimage"},"image":{"@id":"https:\/\/www.haegergroup.com\/es\/producto\/manta-electrica-haeger-cosy-winter-100w-162cm-x-122cm\/#primaryimage"},"thumbnailUrl":"https:\/\/www.haegergroup.com\/wp-content\/uploads\/EB-162.001A_1-1.jpg","datePublished":"2025-01-08T11:52:04+00:00","dateModified":"2025-01-08T11:52:04+00:00","description":"Marca de Pequenos Eletrodom\u00e9sticos para a sua cozinha, cuidados pessoais, casa e climatiza\u00e7\u00e3o. A op\u00e7\u00e3o inteligente para a sua casa.","breadcrumb":{"@id":"https:\/\/www.haegergroup.com\/es\/producto\/manta-electrica-haeger-cosy-winter-100w-162cm-x-122cm\/#breadcrumb"},"inLanguage":"es","potentialAction":[{"@type":"ReadAction","target":["https:\/\/www.haegergroup.com\/es\/producto\/manta-electrica-haeger-cosy-winter-100w-162cm-x-122cm\/"]}]},{"@type":"ImageObject","inLanguage":"es","@id":"https:\/\/www.haegergroup.com\/es\/producto\/manta-electrica-haeger-cosy-winter-100w-162cm-x-122cm\/#primaryimage","url":"https:\/\/www.haegergroup.com\/wp-content\/uploads\/EB-162.001A_1-1.jpg","contentUrl":"https:\/\/www.haegergroup.com\/wp-content\/uploads\/EB-162.001A_1-1.jpg","width":1200,"height":1200},{"@type":"BreadcrumbList","@id":"https:\/\/www.haegergroup.com\/es\/producto\/manta-electrica-haeger-cosy-winter-100w-162cm-x-122cm\/#breadcrumb","itemListElement":[{"@type":"ListItem","position":1,"name":"Portada","item":"https:\/\/www.haegergroup.com\/es\/"},{"@type":"ListItem","position":2,"name":"Productos","item":"https:\/\/www.haegergroup.com\/es\/tienda\/"},{"@type":"ListItem","position":3,"name":"Manta El\u00e9ctrica HAEGER Cosy Winter &#8211; 100W, 162cm x 122cm"}]},{"@type":"WebSite","@id":"https:\/\/www.haegergroup.com\/es\/#website","url":"https:\/\/www.haegergroup.com\/es\/","name":"H\u00c6GER Eletrodom\u00e9sticos","description":"A escolha inteligente","publisher":{"@id":"https:\/\/www.haegergroup.com\/es\/#organization"},"potentialAction":[{"@type":"SearchAction","target":{"@type":"EntryPoint","urlTemplate":"https:\/\/www.haegergroup.com\/es\/?s={search_term_string}"},"query-input":{"@type":"PropertyValueSpecification","valueRequired":true,"valueName":"search_term_string"}}],"inLanguage":"es"},{"@type":"Organization","@id":"https:\/\/www.haegergroup.com\/es\/#organization","name":"Haeger Electrodom\u00e9sticos","url":"https:\/\/www.haegergroup.com\/es\/","logo":{"@type":"ImageObject","inLanguage":"es","@id":"https:\/\/www.haegergroup.com\/es\/#\/schema\/logo\/image\/","url":"https:\/\/www.haegergroup.com\/wp-content\/uploads\/2018\/05\/logo-web-220.png","contentUrl":"https:\/\/www.haegergroup.com\/wp-content\/uploads\/2018\/05\/logo-web-220.png","width":220,"height":49,"caption":"Haeger Electrodom\u00e9sticos"},"image":{"@id":"https:\/\/www.haegergroup.com\/es\/#\/schema\/logo\/image\/"}}]}},"_links":{"self":[{"href":"https:\/\/www.haegergroup.com\/es\/wp-json\/wp\/v2\/product\/36815","targetHints":{"allow":["GET"]}}],"collection":[{"href":"https:\/\/www.haegergroup.com\/es\/wp-json\/wp\/v2\/product"}],"about":[{"href":"https:\/\/www.haegergroup.com\/es\/wp-json\/wp\/v2\/types\/product"}],"wp:featuredmedia":[{"embeddable":true,"href":"https:\/\/www.haegergroup.com\/es\/wp-json\/wp\/v2\/media\/36813"}],"wp:attachment":[{"href":"https:\/\/www.haegergroup.com\/es\/wp-json\/wp\/v2\/media?parent=36815"}],"wp:term":[{"taxonomy":"product_cat","embeddable":true,"href":"https:\/\/www.haegergroup.com\/es\/wp-json\/wp\/v2\/product_cat?post=36815"},{"taxonomy":"product_tag","embeddable":true,"href":"https:\/\/www.haegergroup.com\/es\/wp-json\/wp\/v2\/product_tag?post=36815"}],"curies":[{"name":"wp","href":"https:\/\/api.w.org\/{rel}","templated":true}]}}