{"id":36684,"date":"2024-10-17T16:24:29","date_gmt":"2024-11-08T16:05:51","guid":{"rendered":"https:\/\/www.haegergroup.com\/?post_type=product&#038;p=36684"},"modified":"2024-11-08T16:05:51","modified_gmt":"2024-11-08T16:05:51","slug":"radiador-de-aceite-digital-xi-de-haeger-11-elementos-2500-w-mando-a-distancia","status":"publish","type":"product","link":"https:\/\/www.haegergroup.com\/es\/producto\/radiador-de-aceite-digital-xi-de-haeger-11-elementos-2500-w-mando-a-distancia\/","title":{"rendered":"Radiador de Aceite Digital XI de HAEGER &#8211; 11 elementos, 2500 W, Mando a distancia"},"content":{"rendered":"<p>El radiador de gas\u00f3leo digital HAEGER Digital XI es la elecci\u00f3n ideal para quien busca un calefactor potente, vers\u00e1til y f\u00e1cil de usar. Con una potencia de 2500W y 11 finos 4 canales de aceite, proporciona un r\u00e1pido calentamiento en cualquier estancia, garantizando el confort en pocos minutos, especialmente en los d\u00edas m\u00e1s fr\u00edos del invierno.<\/p>\n<p>Su pantalla digital t\u00e1ctil facilita el control de la temperatura y la programaci\u00f3n del temporizador, mientras que el mando a distancia permite realizar ajustes a distancia, garantizando un uso c\u00f3modo. El temporizador de 24 horas le permite programar el funcionamiento seg\u00fan su rutina, ofreciendo practicidad y eficiencia energ\u00e9tica.<\/p>\n<p>Para garantizar su seguridad, el calefactor est\u00e1 equipado con un sistema de protecci\u00f3n contra el sobrecalentamiento y un interruptor que apaga autom\u00e1ticamente el aparato en caso de ca\u00edda. Adem\u00e1s, sus ruedas permiten trasladarlo f\u00e1cilmente de una habitaci\u00f3n a otra, por lo que resulta muy pr\u00e1ctico y vers\u00e1til.<\/p>\n<p>Este calefactor de aceite ha sido sometido a pruebas de presi\u00f3n para garantizar su total seguridad, lo que lo convierte en la elecci\u00f3n perfecta para quienes valoran el confort y la seguridad en los meses m\u00e1s fr\u00edos.<\/p>\n","protected":false},"excerpt":{"rendered":"<h2>Radiador de aceite con 11 elementos<br \/>\nModelo: OH-011.009A<\/h2>\n<ul>\n<li>11 multas con 4 canales de aceite<\/li>\n<li>Pantalla t\u00e1ctil digital<\/li>\n<li>Mando a distancia<\/li>\n<li>Temporizador de 24 horas<\/li>\n<li>Interruptor de seguridad en caso de ca\u00edda<\/li>\n<li>3 niveles de calor<\/li>\n<li>Termostato regulable<\/li>\n<li>Sistema de protecci\u00f3n contra sobrecalentamiento<\/li>\n<li>Pruebas de presi\u00f3n para mayor seguridad<\/li>\n<li>Ruedas f\u00e1ciles de mover<\/li>\n<li>Tama\u00f1o m\u00e1s fino: 550 x 120mm<\/li>\n<li>Potencia: 2500 vatios<\/li>\n<\/ul>\n","protected":false},"featured_media":36669,"template":"","meta":[],"product_cat":[146,148],"product_tag":[],"class_list":{"0":"post-36684","1":"product","2":"type-product","3":"status-publish","4":"has-post-thumbnail","6":"product_cat-climatizacion","7":"product_cat-calefaccion","9":"first","10":"instock","11":"shipping-taxable","12":"product-type-simple"},"yoast_head":"<!-- This site is optimized with the Yoast SEO plugin v24.1 - https:\/\/yoast.com\/wordpress\/plugins\/seo\/ -->\n<title>Radiador de Aceite Digital XI de HAEGER - 11 elementos, 2500 W, Mando a distancia - H\u00c6GER Eletrodom\u00e9sticos<\/title>\n<meta name=\"description\" content=\"Marca de Pequenos Eletrodom\u00e9sticos para a sua cozinha, cuidados pessoais, casa e climatiza\u00e7\u00e3o. A op\u00e7\u00e3o inteligente para a sua casa.\" \/>\n<meta name=\"robots\" content=\"index, follow, max-snippet:-1, max-image-preview:large, max-video-preview:-1\" \/>\n<link rel=\"canonical\" href=\"https:\/\/www.haegergroup.com\/es\/producto\/radiador-de-aceite-digital-xi-de-haeger-11-elementos-2500-w-mando-a-distancia\/\" \/>\n<meta property=\"og:locale\" content=\"es_ES\" \/>\n<meta property=\"og:type\" content=\"article\" \/>\n<meta property=\"og:title\" content=\"Radiador de Aceite Digital XI de HAEGER - 11 elementos, 2500 W, Mando a distancia - H\u00c6GER Eletrodom\u00e9sticos\" \/>\n<meta property=\"og:description\" content=\"Marca de Pequenos Eletrodom\u00e9sticos para a sua cozinha, cuidados pessoais, casa e climatiza\u00e7\u00e3o. A op\u00e7\u00e3o inteligente para a sua casa.\" \/>\n<meta property=\"og:url\" content=\"https:\/\/www.haegergroup.com\/es\/producto\/radiador-de-aceite-digital-xi-de-haeger-11-elementos-2500-w-mando-a-distancia\/\" \/>\n<meta property=\"og:site_name\" content=\"H\u00c6GER Eletrodom\u00e9sticos\" \/>\n<meta property=\"og:image\" content=\"https:\/\/www.haegergroup.com\/wp-content\/uploads\/OH-011.009A_1-1.jpg\" \/>\n\t<meta property=\"og:image:width\" content=\"1200\" \/>\n\t<meta property=\"og:image:height\" content=\"1200\" \/>\n\t<meta property=\"og:image:type\" content=\"image\/jpeg\" \/>\n<meta name=\"twitter:card\" content=\"summary_large_image\" \/>\n<meta name=\"twitter:label1\" content=\"Tiempo de lectura\" \/>\n\t<meta name=\"twitter:data1\" content=\"2 minutos\" \/>\n<script type=\"application\/ld+json\" class=\"yoast-schema-graph\">{\"@context\":\"https:\/\/schema.org\",\"@graph\":[{\"@type\":\"WebPage\",\"@id\":\"https:\/\/www.haegergroup.com\/es\/producto\/radiador-de-aceite-digital-xi-de-haeger-11-elementos-2500-w-mando-a-distancia\/\",\"url\":\"https:\/\/www.haegergroup.com\/es\/producto\/radiador-de-aceite-digital-xi-de-haeger-11-elementos-2500-w-mando-a-distancia\/\",\"name\":\"Radiador de Aceite Digital XI de HAEGER - 11 elementos, 2500 W, Mando a distancia - H\u00c6GER Eletrodom\u00e9sticos\",\"isPartOf\":{\"@id\":\"https:\/\/www.haegergroup.com\/es\/#website\"},\"primaryImageOfPage\":{\"@id\":\"https:\/\/www.haegergroup.com\/es\/producto\/radiador-de-aceite-digital-xi-de-haeger-11-elementos-2500-w-mando-a-distancia\/#primaryimage\"},\"image\":{\"@id\":\"https:\/\/www.haegergroup.com\/es\/producto\/radiador-de-aceite-digital-xi-de-haeger-11-elementos-2500-w-mando-a-distancia\/#primaryimage\"},\"thumbnailUrl\":\"https:\/\/www.haegergroup.com\/wp-content\/uploads\/OH-011.009A_1-1.jpg\",\"datePublished\":\"2024-11-08T16:05:51+00:00\",\"dateModified\":\"2024-11-08T16:05:51+00:00\",\"description\":\"Marca de Pequenos Eletrodom\u00e9sticos para a sua cozinha, cuidados pessoais, casa e climatiza\u00e7\u00e3o. A op\u00e7\u00e3o inteligente para a sua casa.\",\"breadcrumb\":{\"@id\":\"https:\/\/www.haegergroup.com\/es\/producto\/radiador-de-aceite-digital-xi-de-haeger-11-elementos-2500-w-mando-a-distancia\/#breadcrumb\"},\"inLanguage\":\"es\",\"potentialAction\":[{\"@type\":\"ReadAction\",\"target\":[\"https:\/\/www.haegergroup.com\/es\/producto\/radiador-de-aceite-digital-xi-de-haeger-11-elementos-2500-w-mando-a-distancia\/\"]}]},{\"@type\":\"ImageObject\",\"inLanguage\":\"es\",\"@id\":\"https:\/\/www.haegergroup.com\/es\/producto\/radiador-de-aceite-digital-xi-de-haeger-11-elementos-2500-w-mando-a-distancia\/#primaryimage\",\"url\":\"https:\/\/www.haegergroup.com\/wp-content\/uploads\/OH-011.009A_1-1.jpg\",\"contentUrl\":\"https:\/\/www.haegergroup.com\/wp-content\/uploads\/OH-011.009A_1-1.jpg\",\"width\":1200,\"height\":1200},{\"@type\":\"BreadcrumbList\",\"@id\":\"https:\/\/www.haegergroup.com\/es\/producto\/radiador-de-aceite-digital-xi-de-haeger-11-elementos-2500-w-mando-a-distancia\/#breadcrumb\",\"itemListElement\":[{\"@type\":\"ListItem\",\"position\":1,\"name\":\"Portada\",\"item\":\"https:\/\/www.haegergroup.com\/es\/\"},{\"@type\":\"ListItem\",\"position\":2,\"name\":\"Productos\",\"item\":\"https:\/\/www.haegergroup.com\/es\/tienda\/\"},{\"@type\":\"ListItem\",\"position\":3,\"name\":\"Radiador de Aceite Digital XI de HAEGER &#8211; 11 elementos, 2500 W, Mando a distancia\"}]},{\"@type\":\"WebSite\",\"@id\":\"https:\/\/www.haegergroup.com\/es\/#website\",\"url\":\"https:\/\/www.haegergroup.com\/es\/\",\"name\":\"H\u00c6GER Eletrodom\u00e9sticos\",\"description\":\"A escolha inteligente\",\"publisher\":{\"@id\":\"https:\/\/www.haegergroup.com\/es\/#organization\"},\"potentialAction\":[{\"@type\":\"SearchAction\",\"target\":{\"@type\":\"EntryPoint\",\"urlTemplate\":\"https:\/\/www.haegergroup.com\/es\/?s={search_term_string}\"},\"query-input\":{\"@type\":\"PropertyValueSpecification\",\"valueRequired\":true,\"valueName\":\"search_term_string\"}}],\"inLanguage\":\"es\"},{\"@type\":\"Organization\",\"@id\":\"https:\/\/www.haegergroup.com\/es\/#organization\",\"name\":\"Haeger Electrodom\u00e9sticos\",\"url\":\"https:\/\/www.haegergroup.com\/es\/\",\"logo\":{\"@type\":\"ImageObject\",\"inLanguage\":\"es\",\"@id\":\"https:\/\/www.haegergroup.com\/es\/#\/schema\/logo\/image\/\",\"url\":\"https:\/\/www.haegergroup.com\/wp-content\/uploads\/2018\/05\/logo-web-220.png\",\"contentUrl\":\"https:\/\/www.haegergroup.com\/wp-content\/uploads\/2018\/05\/logo-web-220.png\",\"width\":220,\"height\":49,\"caption\":\"Haeger Electrodom\u00e9sticos\"},\"image\":{\"@id\":\"https:\/\/www.haegergroup.com\/es\/#\/schema\/logo\/image\/\"}}]}<\/script>\n<!-- \/ Yoast SEO plugin. -->","yoast_head_json":{"title":"Radiador de Aceite Digital XI de HAEGER - 11 elementos, 2500 W, Mando a distancia - H\u00c6GER Eletrodom\u00e9sticos","description":"Marca de Pequenos Eletrodom\u00e9sticos para a sua cozinha, cuidados pessoais, casa e climatiza\u00e7\u00e3o. A op\u00e7\u00e3o inteligente para a sua casa.","robots":{"index":"index","follow":"follow","max-snippet":"max-snippet:-1","max-image-preview":"max-image-preview:large","max-video-preview":"max-video-preview:-1"},"canonical":"https:\/\/www.haegergroup.com\/es\/producto\/radiador-de-aceite-digital-xi-de-haeger-11-elementos-2500-w-mando-a-distancia\/","og_locale":"es_ES","og_type":"article","og_title":"Radiador de Aceite Digital XI de HAEGER - 11 elementos, 2500 W, Mando a distancia - H\u00c6GER Eletrodom\u00e9sticos","og_description":"Marca de Pequenos Eletrodom\u00e9sticos para a sua cozinha, cuidados pessoais, casa e climatiza\u00e7\u00e3o. A op\u00e7\u00e3o inteligente para a sua casa.","og_url":"https:\/\/www.haegergroup.com\/es\/producto\/radiador-de-aceite-digital-xi-de-haeger-11-elementos-2500-w-mando-a-distancia\/","og_site_name":"H\u00c6GER Eletrodom\u00e9sticos","og_image":[{"width":1200,"height":1200,"url":"https:\/\/www.haegergroup.com\/wp-content\/uploads\/OH-011.009A_1-1.jpg","type":"image\/jpeg"}],"twitter_card":"summary_large_image","twitter_misc":{"Tiempo de lectura":"2 minutos"},"schema":{"@context":"https:\/\/schema.org","@graph":[{"@type":"WebPage","@id":"https:\/\/www.haegergroup.com\/es\/producto\/radiador-de-aceite-digital-xi-de-haeger-11-elementos-2500-w-mando-a-distancia\/","url":"https:\/\/www.haegergroup.com\/es\/producto\/radiador-de-aceite-digital-xi-de-haeger-11-elementos-2500-w-mando-a-distancia\/","name":"Radiador de Aceite Digital XI de HAEGER - 11 elementos, 2500 W, Mando a distancia - H\u00c6GER Eletrodom\u00e9sticos","isPartOf":{"@id":"https:\/\/www.haegergroup.com\/es\/#website"},"primaryImageOfPage":{"@id":"https:\/\/www.haegergroup.com\/es\/producto\/radiador-de-aceite-digital-xi-de-haeger-11-elementos-2500-w-mando-a-distancia\/#primaryimage"},"image":{"@id":"https:\/\/www.haegergroup.com\/es\/producto\/radiador-de-aceite-digital-xi-de-haeger-11-elementos-2500-w-mando-a-distancia\/#primaryimage"},"thumbnailUrl":"https:\/\/www.haegergroup.com\/wp-content\/uploads\/OH-011.009A_1-1.jpg","datePublished":"2024-11-08T16:05:51+00:00","dateModified":"2024-11-08T16:05:51+00:00","description":"Marca de Pequenos Eletrodom\u00e9sticos para a sua cozinha, cuidados pessoais, casa e climatiza\u00e7\u00e3o. A op\u00e7\u00e3o inteligente para a sua casa.","breadcrumb":{"@id":"https:\/\/www.haegergroup.com\/es\/producto\/radiador-de-aceite-digital-xi-de-haeger-11-elementos-2500-w-mando-a-distancia\/#breadcrumb"},"inLanguage":"es","potentialAction":[{"@type":"ReadAction","target":["https:\/\/www.haegergroup.com\/es\/producto\/radiador-de-aceite-digital-xi-de-haeger-11-elementos-2500-w-mando-a-distancia\/"]}]},{"@type":"ImageObject","inLanguage":"es","@id":"https:\/\/www.haegergroup.com\/es\/producto\/radiador-de-aceite-digital-xi-de-haeger-11-elementos-2500-w-mando-a-distancia\/#primaryimage","url":"https:\/\/www.haegergroup.com\/wp-content\/uploads\/OH-011.009A_1-1.jpg","contentUrl":"https:\/\/www.haegergroup.com\/wp-content\/uploads\/OH-011.009A_1-1.jpg","width":1200,"height":1200},{"@type":"BreadcrumbList","@id":"https:\/\/www.haegergroup.com\/es\/producto\/radiador-de-aceite-digital-xi-de-haeger-11-elementos-2500-w-mando-a-distancia\/#breadcrumb","itemListElement":[{"@type":"ListItem","position":1,"name":"Portada","item":"https:\/\/www.haegergroup.com\/es\/"},{"@type":"ListItem","position":2,"name":"Productos","item":"https:\/\/www.haegergroup.com\/es\/tienda\/"},{"@type":"ListItem","position":3,"name":"Radiador de Aceite Digital XI de HAEGER &#8211; 11 elementos, 2500 W, Mando a distancia"}]},{"@type":"WebSite","@id":"https:\/\/www.haegergroup.com\/es\/#website","url":"https:\/\/www.haegergroup.com\/es\/","name":"H\u00c6GER Eletrodom\u00e9sticos","description":"A escolha inteligente","publisher":{"@id":"https:\/\/www.haegergroup.com\/es\/#organization"},"potentialAction":[{"@type":"SearchAction","target":{"@type":"EntryPoint","urlTemplate":"https:\/\/www.haegergroup.com\/es\/?s={search_term_string}"},"query-input":{"@type":"PropertyValueSpecification","valueRequired":true,"valueName":"search_term_string"}}],"inLanguage":"es"},{"@type":"Organization","@id":"https:\/\/www.haegergroup.com\/es\/#organization","name":"Haeger Electrodom\u00e9sticos","url":"https:\/\/www.haegergroup.com\/es\/","logo":{"@type":"ImageObject","inLanguage":"es","@id":"https:\/\/www.haegergroup.com\/es\/#\/schema\/logo\/image\/","url":"https:\/\/www.haegergroup.com\/wp-content\/uploads\/2018\/05\/logo-web-220.png","contentUrl":"https:\/\/www.haegergroup.com\/wp-content\/uploads\/2018\/05\/logo-web-220.png","width":220,"height":49,"caption":"Haeger Electrodom\u00e9sticos"},"image":{"@id":"https:\/\/www.haegergroup.com\/es\/#\/schema\/logo\/image\/"}}]}},"_links":{"self":[{"href":"https:\/\/www.haegergroup.com\/es\/wp-json\/wp\/v2\/product\/36684","targetHints":{"allow":["GET"]}}],"collection":[{"href":"https:\/\/www.haegergroup.com\/es\/wp-json\/wp\/v2\/product"}],"about":[{"href":"https:\/\/www.haegergroup.com\/es\/wp-json\/wp\/v2\/types\/product"}],"wp:featuredmedia":[{"embeddable":true,"href":"https:\/\/www.haegergroup.com\/es\/wp-json\/wp\/v2\/media\/36669"}],"wp:attachment":[{"href":"https:\/\/www.haegergroup.com\/es\/wp-json\/wp\/v2\/media?parent=36684"}],"wp:term":[{"taxonomy":"product_cat","embeddable":true,"href":"https:\/\/www.haegergroup.com\/es\/wp-json\/wp\/v2\/product_cat?post=36684"},{"taxonomy":"product_tag","embeddable":true,"href":"https:\/\/www.haegergroup.com\/es\/wp-json\/wp\/v2\/product_tag?post=36684"}],"curies":[{"name":"wp","href":"https:\/\/api.w.org\/{rel}","templated":true}]}}