{"id":36680,"date":"2024-08-14T12:07:10","date_gmt":"2024-11-07T17:59:13","guid":{"rendered":"https:\/\/www.haegergroup.com\/?post_type=product&#038;p=36680"},"modified":"2024-11-07T17:59:14","modified_gmt":"2024-11-07T17:59:14","slug":"cocina-a-gas-haeger-double-cook-2-quemadores-2","status":"publish","type":"product","link":"https:\/\/www.haegergroup.com\/es\/producto\/cocina-a-gas-haeger-double-cook-2-quemadores-2\/","title":{"rendered":"Cocina a Gas HAEGER Double Cook &#8211; 2 Quemadores"},"content":{"rendered":"<p>Esta cocina de gas tiene dos quemadores que permiten el uso simult\u00e1neo, proporcionando una preparaci\u00f3n de comidas m\u00e1s r\u00e1pida y eficiente. La superficie esmaltada facilita la limpieza, mientras que los quemadores de aluminio ofrecen resistencia a la corrosi\u00f3n, garantizando un producto duradero y de alta calidad.<\/p>\n<p>Las asas decorativas de acero inoxidable a\u00f1aden un toque de elegancia a la vez que garantizan un manejo c\u00f3modo. La cocina de gas tambi\u00e9n dispone de pies antideslizantes, que garantizan la estabilidad y la seguridad durante el uso. Son especialmente \u00fatiles cuando se utiliza la olla en superficies irregulares, como en acampadas o fiestas al aire libre. La tapa protectora es un pr\u00e1ctico complemento que protege los quemadores cuando la cocina no est\u00e1 en uso y puede utilizarse como cortavientos durante la cocci\u00f3n al aire libre, ayudando a mantener la llama estable y eficiente.<\/p>\n<p>Con unas dimensiones de 600 x 330 x 125 mm y en color gris, esta cocina de gas compacta y elegante se adapta perfectamente a cualquier entorno, ya sea en casa, de acampada o en cocinas al aire libre.<\/p>\n","protected":false},"excerpt":{"rendered":"<h2>Cocina a Gas de 2 quemadores<br \/>\nModelo: GC-02E.022A<\/h2>\n<ul>\n<li>Superficie esmaltada de f\u00e1cil limpieza<\/li>\n<li>Quemadores de aluminio resistentes a la corrosi\u00f3n<\/li>\n<li>Asas decoradas de acero inoxidable<\/li>\n<li>Permite el uso simult\u00e1neo de todos los quemadores<\/li>\n<li>Dimensiones: W580 x D295 x H115 (mm)<\/li>\n<\/ul>\n","protected":false},"featured_media":36527,"template":"","meta":[],"product_cat":[765,168],"product_tag":[],"class_list":{"0":"post-36680","1":"product","2":"type-product","3":"status-publish","4":"has-post-thumbnail","6":"product_cat-hornillas-de-gas","7":"product_cat-cocina","9":"first","10":"instock","11":"shipping-taxable","12":"product-type-simple"},"yoast_head":"<!-- This site is optimized with the Yoast SEO plugin v24.1 - https:\/\/yoast.com\/wordpress\/plugins\/seo\/ -->\n<title>Cocina a Gas HAEGER Double Cook - 2 Quemadores - H\u00c6GER Eletrodom\u00e9sticos<\/title>\n<meta name=\"description\" content=\"Marca de Pequenos Eletrodom\u00e9sticos para a sua cozinha, cuidados pessoais, casa e climatiza\u00e7\u00e3o. A op\u00e7\u00e3o inteligente para a sua casa.\" \/>\n<meta name=\"robots\" content=\"index, follow, max-snippet:-1, max-image-preview:large, max-video-preview:-1\" \/>\n<link rel=\"canonical\" href=\"https:\/\/www.haegergroup.com\/es\/producto\/cocina-a-gas-haeger-double-cook-2-quemadores-2\/\" \/>\n<meta property=\"og:locale\" content=\"es_ES\" \/>\n<meta property=\"og:type\" content=\"article\" \/>\n<meta property=\"og:title\" content=\"Cocina a Gas HAEGER Double Cook - 2 Quemadores - H\u00c6GER Eletrodom\u00e9sticos\" \/>\n<meta property=\"og:description\" content=\"Marca de Pequenos Eletrodom\u00e9sticos para a sua cozinha, cuidados pessoais, casa e climatiza\u00e7\u00e3o. A op\u00e7\u00e3o inteligente para a sua casa.\" \/>\n<meta property=\"og:url\" content=\"https:\/\/www.haegergroup.com\/es\/producto\/cocina-a-gas-haeger-double-cook-2-quemadores-2\/\" \/>\n<meta property=\"og:site_name\" content=\"H\u00c6GER Eletrodom\u00e9sticos\" \/>\n<meta property=\"article:modified_time\" content=\"2024-11-07T17:59:14+00:00\" \/>\n<meta property=\"og:image\" content=\"https:\/\/www.haegergroup.com\/wp-content\/uploads\/GC-02E.022A_1-1.png\" \/>\n\t<meta property=\"og:image:width\" content=\"1200\" \/>\n\t<meta property=\"og:image:height\" content=\"1200\" \/>\n\t<meta property=\"og:image:type\" content=\"image\/png\" \/>\n<meta name=\"twitter:card\" content=\"summary_large_image\" \/>\n<meta name=\"twitter:label1\" content=\"Tiempo de lectura\" \/>\n\t<meta name=\"twitter:data1\" content=\"1 minuto\" \/>\n<script type=\"application\/ld+json\" class=\"yoast-schema-graph\">{\"@context\":\"https:\/\/schema.org\",\"@graph\":[{\"@type\":\"WebPage\",\"@id\":\"https:\/\/www.haegergroup.com\/es\/producto\/cocina-a-gas-haeger-double-cook-2-quemadores-2\/\",\"url\":\"https:\/\/www.haegergroup.com\/es\/producto\/cocina-a-gas-haeger-double-cook-2-quemadores-2\/\",\"name\":\"Cocina a Gas HAEGER Double Cook - 2 Quemadores - H\u00c6GER Eletrodom\u00e9sticos\",\"isPartOf\":{\"@id\":\"https:\/\/www.haegergroup.com\/es\/#website\"},\"primaryImageOfPage\":{\"@id\":\"https:\/\/www.haegergroup.com\/es\/producto\/cocina-a-gas-haeger-double-cook-2-quemadores-2\/#primaryimage\"},\"image\":{\"@id\":\"https:\/\/www.haegergroup.com\/es\/producto\/cocina-a-gas-haeger-double-cook-2-quemadores-2\/#primaryimage\"},\"thumbnailUrl\":\"https:\/\/www.haegergroup.com\/wp-content\/uploads\/GC-02E.022A_1-1.png\",\"datePublished\":\"2024-11-07T17:59:13+00:00\",\"dateModified\":\"2024-11-07T17:59:14+00:00\",\"description\":\"Marca de Pequenos Eletrodom\u00e9sticos para a sua cozinha, cuidados pessoais, casa e climatiza\u00e7\u00e3o. A op\u00e7\u00e3o inteligente para a sua casa.\",\"breadcrumb\":{\"@id\":\"https:\/\/www.haegergroup.com\/es\/producto\/cocina-a-gas-haeger-double-cook-2-quemadores-2\/#breadcrumb\"},\"inLanguage\":\"es\",\"potentialAction\":[{\"@type\":\"ReadAction\",\"target\":[\"https:\/\/www.haegergroup.com\/es\/producto\/cocina-a-gas-haeger-double-cook-2-quemadores-2\/\"]}]},{\"@type\":\"ImageObject\",\"inLanguage\":\"es\",\"@id\":\"https:\/\/www.haegergroup.com\/es\/producto\/cocina-a-gas-haeger-double-cook-2-quemadores-2\/#primaryimage\",\"url\":\"https:\/\/www.haegergroup.com\/wp-content\/uploads\/GC-02E.022A_1-1.png\",\"contentUrl\":\"https:\/\/www.haegergroup.com\/wp-content\/uploads\/GC-02E.022A_1-1.png\",\"width\":1200,\"height\":1200},{\"@type\":\"BreadcrumbList\",\"@id\":\"https:\/\/www.haegergroup.com\/es\/producto\/cocina-a-gas-haeger-double-cook-2-quemadores-2\/#breadcrumb\",\"itemListElement\":[{\"@type\":\"ListItem\",\"position\":1,\"name\":\"Portada\",\"item\":\"https:\/\/www.haegergroup.com\/es\/\"},{\"@type\":\"ListItem\",\"position\":2,\"name\":\"Productos\",\"item\":\"https:\/\/www.haegergroup.com\/es\/tienda\/\"},{\"@type\":\"ListItem\",\"position\":3,\"name\":\"Cocina a Gas HAEGER Double Cook &#8211; 2 Quemadores\"}]},{\"@type\":\"WebSite\",\"@id\":\"https:\/\/www.haegergroup.com\/es\/#website\",\"url\":\"https:\/\/www.haegergroup.com\/es\/\",\"name\":\"H\u00c6GER Eletrodom\u00e9sticos\",\"description\":\"A escolha inteligente\",\"publisher\":{\"@id\":\"https:\/\/www.haegergroup.com\/es\/#organization\"},\"potentialAction\":[{\"@type\":\"SearchAction\",\"target\":{\"@type\":\"EntryPoint\",\"urlTemplate\":\"https:\/\/www.haegergroup.com\/es\/?s={search_term_string}\"},\"query-input\":{\"@type\":\"PropertyValueSpecification\",\"valueRequired\":true,\"valueName\":\"search_term_string\"}}],\"inLanguage\":\"es\"},{\"@type\":\"Organization\",\"@id\":\"https:\/\/www.haegergroup.com\/es\/#organization\",\"name\":\"Haeger Electrodom\u00e9sticos\",\"url\":\"https:\/\/www.haegergroup.com\/es\/\",\"logo\":{\"@type\":\"ImageObject\",\"inLanguage\":\"es\",\"@id\":\"https:\/\/www.haegergroup.com\/es\/#\/schema\/logo\/image\/\",\"url\":\"https:\/\/www.haegergroup.com\/wp-content\/uploads\/2018\/05\/logo-web-220.png\",\"contentUrl\":\"https:\/\/www.haegergroup.com\/wp-content\/uploads\/2018\/05\/logo-web-220.png\",\"width\":220,\"height\":49,\"caption\":\"Haeger Electrodom\u00e9sticos\"},\"image\":{\"@id\":\"https:\/\/www.haegergroup.com\/es\/#\/schema\/logo\/image\/\"}}]}<\/script>\n<!-- \/ Yoast SEO plugin. -->","yoast_head_json":{"title":"Cocina a Gas HAEGER Double Cook - 2 Quemadores - H\u00c6GER Eletrodom\u00e9sticos","description":"Marca de Pequenos Eletrodom\u00e9sticos para a sua cozinha, cuidados pessoais, casa e climatiza\u00e7\u00e3o. A op\u00e7\u00e3o inteligente para a sua casa.","robots":{"index":"index","follow":"follow","max-snippet":"max-snippet:-1","max-image-preview":"max-image-preview:large","max-video-preview":"max-video-preview:-1"},"canonical":"https:\/\/www.haegergroup.com\/es\/producto\/cocina-a-gas-haeger-double-cook-2-quemadores-2\/","og_locale":"es_ES","og_type":"article","og_title":"Cocina a Gas HAEGER Double Cook - 2 Quemadores - H\u00c6GER Eletrodom\u00e9sticos","og_description":"Marca de Pequenos Eletrodom\u00e9sticos para a sua cozinha, cuidados pessoais, casa e climatiza\u00e7\u00e3o. A op\u00e7\u00e3o inteligente para a sua casa.","og_url":"https:\/\/www.haegergroup.com\/es\/producto\/cocina-a-gas-haeger-double-cook-2-quemadores-2\/","og_site_name":"H\u00c6GER Eletrodom\u00e9sticos","article_modified_time":"2024-11-07T17:59:14+00:00","og_image":[{"width":1200,"height":1200,"url":"https:\/\/www.haegergroup.com\/wp-content\/uploads\/GC-02E.022A_1-1.png","type":"image\/png"}],"twitter_card":"summary_large_image","twitter_misc":{"Tiempo de lectura":"1 minuto"},"schema":{"@context":"https:\/\/schema.org","@graph":[{"@type":"WebPage","@id":"https:\/\/www.haegergroup.com\/es\/producto\/cocina-a-gas-haeger-double-cook-2-quemadores-2\/","url":"https:\/\/www.haegergroup.com\/es\/producto\/cocina-a-gas-haeger-double-cook-2-quemadores-2\/","name":"Cocina a Gas HAEGER Double Cook - 2 Quemadores - H\u00c6GER Eletrodom\u00e9sticos","isPartOf":{"@id":"https:\/\/www.haegergroup.com\/es\/#website"},"primaryImageOfPage":{"@id":"https:\/\/www.haegergroup.com\/es\/producto\/cocina-a-gas-haeger-double-cook-2-quemadores-2\/#primaryimage"},"image":{"@id":"https:\/\/www.haegergroup.com\/es\/producto\/cocina-a-gas-haeger-double-cook-2-quemadores-2\/#primaryimage"},"thumbnailUrl":"https:\/\/www.haegergroup.com\/wp-content\/uploads\/GC-02E.022A_1-1.png","datePublished":"2024-11-07T17:59:13+00:00","dateModified":"2024-11-07T17:59:14+00:00","description":"Marca de Pequenos Eletrodom\u00e9sticos para a sua cozinha, cuidados pessoais, casa e climatiza\u00e7\u00e3o. A op\u00e7\u00e3o inteligente para a sua casa.","breadcrumb":{"@id":"https:\/\/www.haegergroup.com\/es\/producto\/cocina-a-gas-haeger-double-cook-2-quemadores-2\/#breadcrumb"},"inLanguage":"es","potentialAction":[{"@type":"ReadAction","target":["https:\/\/www.haegergroup.com\/es\/producto\/cocina-a-gas-haeger-double-cook-2-quemadores-2\/"]}]},{"@type":"ImageObject","inLanguage":"es","@id":"https:\/\/www.haegergroup.com\/es\/producto\/cocina-a-gas-haeger-double-cook-2-quemadores-2\/#primaryimage","url":"https:\/\/www.haegergroup.com\/wp-content\/uploads\/GC-02E.022A_1-1.png","contentUrl":"https:\/\/www.haegergroup.com\/wp-content\/uploads\/GC-02E.022A_1-1.png","width":1200,"height":1200},{"@type":"BreadcrumbList","@id":"https:\/\/www.haegergroup.com\/es\/producto\/cocina-a-gas-haeger-double-cook-2-quemadores-2\/#breadcrumb","itemListElement":[{"@type":"ListItem","position":1,"name":"Portada","item":"https:\/\/www.haegergroup.com\/es\/"},{"@type":"ListItem","position":2,"name":"Productos","item":"https:\/\/www.haegergroup.com\/es\/tienda\/"},{"@type":"ListItem","position":3,"name":"Cocina a Gas HAEGER Double Cook &#8211; 2 Quemadores"}]},{"@type":"WebSite","@id":"https:\/\/www.haegergroup.com\/es\/#website","url":"https:\/\/www.haegergroup.com\/es\/","name":"H\u00c6GER Eletrodom\u00e9sticos","description":"A escolha inteligente","publisher":{"@id":"https:\/\/www.haegergroup.com\/es\/#organization"},"potentialAction":[{"@type":"SearchAction","target":{"@type":"EntryPoint","urlTemplate":"https:\/\/www.haegergroup.com\/es\/?s={search_term_string}"},"query-input":{"@type":"PropertyValueSpecification","valueRequired":true,"valueName":"search_term_string"}}],"inLanguage":"es"},{"@type":"Organization","@id":"https:\/\/www.haegergroup.com\/es\/#organization","name":"Haeger Electrodom\u00e9sticos","url":"https:\/\/www.haegergroup.com\/es\/","logo":{"@type":"ImageObject","inLanguage":"es","@id":"https:\/\/www.haegergroup.com\/es\/#\/schema\/logo\/image\/","url":"https:\/\/www.haegergroup.com\/wp-content\/uploads\/2018\/05\/logo-web-220.png","contentUrl":"https:\/\/www.haegergroup.com\/wp-content\/uploads\/2018\/05\/logo-web-220.png","width":220,"height":49,"caption":"Haeger Electrodom\u00e9sticos"},"image":{"@id":"https:\/\/www.haegergroup.com\/es\/#\/schema\/logo\/image\/"}}]}},"_links":{"self":[{"href":"https:\/\/www.haegergroup.com\/es\/wp-json\/wp\/v2\/product\/36680","targetHints":{"allow":["GET"]}}],"collection":[{"href":"https:\/\/www.haegergroup.com\/es\/wp-json\/wp\/v2\/product"}],"about":[{"href":"https:\/\/www.haegergroup.com\/es\/wp-json\/wp\/v2\/types\/product"}],"wp:featuredmedia":[{"embeddable":true,"href":"https:\/\/www.haegergroup.com\/es\/wp-json\/wp\/v2\/media\/36527"}],"wp:attachment":[{"href":"https:\/\/www.haegergroup.com\/es\/wp-json\/wp\/v2\/media?parent=36680"}],"wp:term":[{"taxonomy":"product_cat","embeddable":true,"href":"https:\/\/www.haegergroup.com\/es\/wp-json\/wp\/v2\/product_cat?post=36680"},{"taxonomy":"product_tag","embeddable":true,"href":"https:\/\/www.haegergroup.com\/es\/wp-json\/wp\/v2\/product_tag?post=36680"}],"curies":[{"name":"wp","href":"https:\/\/api.w.org\/{rel}","templated":true}]}}