{"id":36661,"date":"2024-09-25T17:41:28","date_gmt":"2024-10-15T15:47:28","guid":{"rendered":"https:\/\/www.haegergroup.com\/?post_type=product&#038;p=36661"},"modified":"2026-01-27T13:00:19","modified_gmt":"2026-01-27T13:00:19","slug":"freidora-digital-sin-aceite-haeger-super-cook-10l-10-l-2-cubetas","status":"publish","type":"product","link":"https:\/\/www.haegergroup.com\/es\/producto\/freidora-digital-sin-aceite-haeger-super-cook-10l-10-l-2-cubetas\/","title":{"rendered":"Freidora Digital sin Aceite HAEGER Super Cook 10L &#8211; 10 L, 2 Cubetas"},"content":{"rendered":"<p>Con la freidora digital sin aceite HAEGER Super Cook 10L, sus comidas alcanzar\u00e1n un nuevo nivel. Gracias a los 10 programas de cocci\u00f3n y a la tecnolog\u00eda de aire caliente 360\u00ba, podr\u00e1 preparar desde crujientes patatas hasta suculentas carnes, sin necesidad de a\u00f1adir aceite. El control digital con pantalla t\u00e1ctil facilita enormemente el ajuste del tiempo y la temperatura, permiti\u00e9ndole regular la temperatura entre 80\u00ba y 200\u00ba, ideal para diferentes tipos de alimentos.<\/p>\n<p>Adem\u00e1s de su generosa capacidad de 10 litros, con dos cubetas de 5 litros cada una, podr\u00e1 preparar grandes raciones o cocinar dos platos simult\u00e1neamente. Las cubetas extra\u00edbles son aptas para el lavavajillas, lo que ahorra tiempo y esfuerzo a la hora de limpiarlas. La ventana de visualizaci\u00f3n, con iluminaci\u00f3n LED en el interior, ofrece un control total sobre la cocci\u00f3n, permiti\u00e9ndole supervisar el progreso sin abrir la tapa y sin perder calor.<\/p>\n<p>Con una potencia de 2.600 vatios, esta freidora garantiza una preparaci\u00f3n r\u00e1pida, mientras que el temporizador de 60 minutos evita el riesgo de quemar los alimentos al apagarse autom\u00e1ticamente cuando se alcanza el tiempo.<\/p>\n","protected":false},"excerpt":{"rendered":"<h2>Freidora Digital sin Aceite 10L<br \/>\nModelo: AF-D10.010B<\/h2>\n<ul>\n<li>10 programas para cocinar con aire caliente 360<\/li>\n<li>Control digital y pantalla t\u00e1ctil<\/li>\n<li>Capacidad de la cuba: 10 litros (5+5 litros)<\/li>\n<li>Cubetas aptas para lavavajillas<\/li>\n<li>Funciones: Acabado Sincronizado y Doble Cocci\u00f3n<\/li>\n<li>Temporizador de 60 minutos con apagado autom\u00e1tico<\/li>\n<li>Ventana de visualizaci\u00f3n<\/li>\n<li>Luz LED en el interior<\/li>\n<li>Control digital de la temperatura<\/li>\n<\/ul>\n","protected":false},"featured_media":37611,"template":"","meta":[],"product_cat":[168,172],"product_tag":[],"class_list":{"0":"post-36661","1":"product","2":"type-product","3":"status-publish","4":"has-post-thumbnail","6":"product_cat-cocina","7":"product_cat-freidoras","9":"first","10":"instock","11":"shipping-taxable","12":"product-type-simple"},"yoast_head":"<!-- This site is optimized with the Yoast SEO plugin v24.1 - https:\/\/yoast.com\/wordpress\/plugins\/seo\/ -->\n<title>Freidora Digital sin Aceite HAEGER Super Cook 10L - 10 L, 2 Cubetas - H\u00c6GER Eletrodom\u00e9sticos<\/title>\n<meta name=\"description\" content=\"Marca de Pequenos Eletrodom\u00e9sticos para a sua cozinha, cuidados pessoais, casa e climatiza\u00e7\u00e3o. A op\u00e7\u00e3o inteligente para a sua casa.\" \/>\n<meta name=\"robots\" content=\"index, follow, max-snippet:-1, max-image-preview:large, max-video-preview:-1\" \/>\n<link rel=\"canonical\" href=\"https:\/\/www.haegergroup.com\/es\/producto\/freidora-digital-sin-aceite-haeger-super-cook-10l-10-l-2-cubetas\/\" \/>\n<meta property=\"og:locale\" content=\"es_ES\" \/>\n<meta property=\"og:type\" content=\"article\" \/>\n<meta property=\"og:title\" content=\"Freidora Digital sin Aceite HAEGER Super Cook 10L - 10 L, 2 Cubetas - H\u00c6GER Eletrodom\u00e9sticos\" \/>\n<meta property=\"og:description\" content=\"Marca de Pequenos Eletrodom\u00e9sticos para a sua cozinha, cuidados pessoais, casa e climatiza\u00e7\u00e3o. A op\u00e7\u00e3o inteligente para a sua casa.\" \/>\n<meta property=\"og:url\" content=\"https:\/\/www.haegergroup.com\/es\/producto\/freidora-digital-sin-aceite-haeger-super-cook-10l-10-l-2-cubetas\/\" \/>\n<meta property=\"og:site_name\" content=\"H\u00c6GER Eletrodom\u00e9sticos\" \/>\n<meta property=\"article:modified_time\" content=\"2026-01-27T13:00:19+00:00\" \/>\n<meta property=\"og:image\" content=\"https:\/\/www.haegergroup.com\/wp-content\/uploads\/AF-D10.010B_1.jpg\" \/>\n\t<meta property=\"og:image:width\" content=\"1200\" \/>\n\t<meta property=\"og:image:height\" content=\"1200\" \/>\n\t<meta property=\"og:image:type\" content=\"image\/jpeg\" \/>\n<meta name=\"twitter:card\" content=\"summary_large_image\" \/>\n<meta name=\"twitter:label1\" content=\"Tiempo de lectura\" \/>\n\t<meta name=\"twitter:data1\" content=\"2 minutos\" \/>\n<script type=\"application\/ld+json\" class=\"yoast-schema-graph\">{\"@context\":\"https:\/\/schema.org\",\"@graph\":[{\"@type\":\"WebPage\",\"@id\":\"https:\/\/www.haegergroup.com\/es\/producto\/freidora-digital-sin-aceite-haeger-super-cook-10l-10-l-2-cubetas\/\",\"url\":\"https:\/\/www.haegergroup.com\/es\/producto\/freidora-digital-sin-aceite-haeger-super-cook-10l-10-l-2-cubetas\/\",\"name\":\"Freidora Digital sin Aceite HAEGER Super Cook 10L - 10 L, 2 Cubetas - H\u00c6GER Eletrodom\u00e9sticos\",\"isPartOf\":{\"@id\":\"https:\/\/www.haegergroup.com\/es\/#website\"},\"primaryImageOfPage\":{\"@id\":\"https:\/\/www.haegergroup.com\/es\/producto\/freidora-digital-sin-aceite-haeger-super-cook-10l-10-l-2-cubetas\/#primaryimage\"},\"image\":{\"@id\":\"https:\/\/www.haegergroup.com\/es\/producto\/freidora-digital-sin-aceite-haeger-super-cook-10l-10-l-2-cubetas\/#primaryimage\"},\"thumbnailUrl\":\"https:\/\/www.haegergroup.com\/wp-content\/uploads\/AF-D10.010B_1.jpg\",\"datePublished\":\"2024-10-15T15:47:28+00:00\",\"dateModified\":\"2026-01-27T13:00:19+00:00\",\"description\":\"Marca de Pequenos Eletrodom\u00e9sticos para a sua cozinha, cuidados pessoais, casa e climatiza\u00e7\u00e3o. A op\u00e7\u00e3o inteligente para a sua casa.\",\"breadcrumb\":{\"@id\":\"https:\/\/www.haegergroup.com\/es\/producto\/freidora-digital-sin-aceite-haeger-super-cook-10l-10-l-2-cubetas\/#breadcrumb\"},\"inLanguage\":\"es\",\"potentialAction\":[{\"@type\":\"ReadAction\",\"target\":[\"https:\/\/www.haegergroup.com\/es\/producto\/freidora-digital-sin-aceite-haeger-super-cook-10l-10-l-2-cubetas\/\"]}]},{\"@type\":\"ImageObject\",\"inLanguage\":\"es\",\"@id\":\"https:\/\/www.haegergroup.com\/es\/producto\/freidora-digital-sin-aceite-haeger-super-cook-10l-10-l-2-cubetas\/#primaryimage\",\"url\":\"https:\/\/www.haegergroup.com\/wp-content\/uploads\/AF-D10.010B_1.jpg\",\"contentUrl\":\"https:\/\/www.haegergroup.com\/wp-content\/uploads\/AF-D10.010B_1.jpg\",\"width\":1200,\"height\":1200},{\"@type\":\"BreadcrumbList\",\"@id\":\"https:\/\/www.haegergroup.com\/es\/producto\/freidora-digital-sin-aceite-haeger-super-cook-10l-10-l-2-cubetas\/#breadcrumb\",\"itemListElement\":[{\"@type\":\"ListItem\",\"position\":1,\"name\":\"Portada\",\"item\":\"https:\/\/www.haegergroup.com\/es\/\"},{\"@type\":\"ListItem\",\"position\":2,\"name\":\"Productos\",\"item\":\"https:\/\/www.haegergroup.com\/es\/tienda\/\"},{\"@type\":\"ListItem\",\"position\":3,\"name\":\"Freidora Digital sin Aceite HAEGER Super Cook 10L &#8211; 10 L, 2 Cubetas\"}]},{\"@type\":\"WebSite\",\"@id\":\"https:\/\/www.haegergroup.com\/es\/#website\",\"url\":\"https:\/\/www.haegergroup.com\/es\/\",\"name\":\"H\u00c6GER Eletrodom\u00e9sticos\",\"description\":\"A escolha inteligente\",\"publisher\":{\"@id\":\"https:\/\/www.haegergroup.com\/es\/#organization\"},\"potentialAction\":[{\"@type\":\"SearchAction\",\"target\":{\"@type\":\"EntryPoint\",\"urlTemplate\":\"https:\/\/www.haegergroup.com\/es\/?s={search_term_string}\"},\"query-input\":{\"@type\":\"PropertyValueSpecification\",\"valueRequired\":true,\"valueName\":\"search_term_string\"}}],\"inLanguage\":\"es\"},{\"@type\":\"Organization\",\"@id\":\"https:\/\/www.haegergroup.com\/es\/#organization\",\"name\":\"Haeger Electrodom\u00e9sticos\",\"url\":\"https:\/\/www.haegergroup.com\/es\/\",\"logo\":{\"@type\":\"ImageObject\",\"inLanguage\":\"es\",\"@id\":\"https:\/\/www.haegergroup.com\/es\/#\/schema\/logo\/image\/\",\"url\":\"https:\/\/www.haegergroup.com\/wp-content\/uploads\/2018\/05\/logo-web-220.png\",\"contentUrl\":\"https:\/\/www.haegergroup.com\/wp-content\/uploads\/2018\/05\/logo-web-220.png\",\"width\":220,\"height\":49,\"caption\":\"Haeger Electrodom\u00e9sticos\"},\"image\":{\"@id\":\"https:\/\/www.haegergroup.com\/es\/#\/schema\/logo\/image\/\"}}]}<\/script>\n<!-- \/ Yoast SEO plugin. -->","yoast_head_json":{"title":"Freidora Digital sin Aceite HAEGER Super Cook 10L - 10 L, 2 Cubetas - H\u00c6GER Eletrodom\u00e9sticos","description":"Marca de Pequenos Eletrodom\u00e9sticos para a sua cozinha, cuidados pessoais, casa e climatiza\u00e7\u00e3o. A op\u00e7\u00e3o inteligente para a sua casa.","robots":{"index":"index","follow":"follow","max-snippet":"max-snippet:-1","max-image-preview":"max-image-preview:large","max-video-preview":"max-video-preview:-1"},"canonical":"https:\/\/www.haegergroup.com\/es\/producto\/freidora-digital-sin-aceite-haeger-super-cook-10l-10-l-2-cubetas\/","og_locale":"es_ES","og_type":"article","og_title":"Freidora Digital sin Aceite HAEGER Super Cook 10L - 10 L, 2 Cubetas - H\u00c6GER Eletrodom\u00e9sticos","og_description":"Marca de Pequenos Eletrodom\u00e9sticos para a sua cozinha, cuidados pessoais, casa e climatiza\u00e7\u00e3o. A op\u00e7\u00e3o inteligente para a sua casa.","og_url":"https:\/\/www.haegergroup.com\/es\/producto\/freidora-digital-sin-aceite-haeger-super-cook-10l-10-l-2-cubetas\/","og_site_name":"H\u00c6GER Eletrodom\u00e9sticos","article_modified_time":"2026-01-27T13:00:19+00:00","og_image":[{"width":1200,"height":1200,"url":"https:\/\/www.haegergroup.com\/wp-content\/uploads\/AF-D10.010B_1.jpg","type":"image\/jpeg"}],"twitter_card":"summary_large_image","twitter_misc":{"Tiempo de lectura":"2 minutos"},"schema":{"@context":"https:\/\/schema.org","@graph":[{"@type":"WebPage","@id":"https:\/\/www.haegergroup.com\/es\/producto\/freidora-digital-sin-aceite-haeger-super-cook-10l-10-l-2-cubetas\/","url":"https:\/\/www.haegergroup.com\/es\/producto\/freidora-digital-sin-aceite-haeger-super-cook-10l-10-l-2-cubetas\/","name":"Freidora Digital sin Aceite HAEGER Super Cook 10L - 10 L, 2 Cubetas - H\u00c6GER Eletrodom\u00e9sticos","isPartOf":{"@id":"https:\/\/www.haegergroup.com\/es\/#website"},"primaryImageOfPage":{"@id":"https:\/\/www.haegergroup.com\/es\/producto\/freidora-digital-sin-aceite-haeger-super-cook-10l-10-l-2-cubetas\/#primaryimage"},"image":{"@id":"https:\/\/www.haegergroup.com\/es\/producto\/freidora-digital-sin-aceite-haeger-super-cook-10l-10-l-2-cubetas\/#primaryimage"},"thumbnailUrl":"https:\/\/www.haegergroup.com\/wp-content\/uploads\/AF-D10.010B_1.jpg","datePublished":"2024-10-15T15:47:28+00:00","dateModified":"2026-01-27T13:00:19+00:00","description":"Marca de Pequenos Eletrodom\u00e9sticos para a sua cozinha, cuidados pessoais, casa e climatiza\u00e7\u00e3o. A op\u00e7\u00e3o inteligente para a sua casa.","breadcrumb":{"@id":"https:\/\/www.haegergroup.com\/es\/producto\/freidora-digital-sin-aceite-haeger-super-cook-10l-10-l-2-cubetas\/#breadcrumb"},"inLanguage":"es","potentialAction":[{"@type":"ReadAction","target":["https:\/\/www.haegergroup.com\/es\/producto\/freidora-digital-sin-aceite-haeger-super-cook-10l-10-l-2-cubetas\/"]}]},{"@type":"ImageObject","inLanguage":"es","@id":"https:\/\/www.haegergroup.com\/es\/producto\/freidora-digital-sin-aceite-haeger-super-cook-10l-10-l-2-cubetas\/#primaryimage","url":"https:\/\/www.haegergroup.com\/wp-content\/uploads\/AF-D10.010B_1.jpg","contentUrl":"https:\/\/www.haegergroup.com\/wp-content\/uploads\/AF-D10.010B_1.jpg","width":1200,"height":1200},{"@type":"BreadcrumbList","@id":"https:\/\/www.haegergroup.com\/es\/producto\/freidora-digital-sin-aceite-haeger-super-cook-10l-10-l-2-cubetas\/#breadcrumb","itemListElement":[{"@type":"ListItem","position":1,"name":"Portada","item":"https:\/\/www.haegergroup.com\/es\/"},{"@type":"ListItem","position":2,"name":"Productos","item":"https:\/\/www.haegergroup.com\/es\/tienda\/"},{"@type":"ListItem","position":3,"name":"Freidora Digital sin Aceite HAEGER Super Cook 10L &#8211; 10 L, 2 Cubetas"}]},{"@type":"WebSite","@id":"https:\/\/www.haegergroup.com\/es\/#website","url":"https:\/\/www.haegergroup.com\/es\/","name":"H\u00c6GER Eletrodom\u00e9sticos","description":"A escolha inteligente","publisher":{"@id":"https:\/\/www.haegergroup.com\/es\/#organization"},"potentialAction":[{"@type":"SearchAction","target":{"@type":"EntryPoint","urlTemplate":"https:\/\/www.haegergroup.com\/es\/?s={search_term_string}"},"query-input":{"@type":"PropertyValueSpecification","valueRequired":true,"valueName":"search_term_string"}}],"inLanguage":"es"},{"@type":"Organization","@id":"https:\/\/www.haegergroup.com\/es\/#organization","name":"Haeger Electrodom\u00e9sticos","url":"https:\/\/www.haegergroup.com\/es\/","logo":{"@type":"ImageObject","inLanguage":"es","@id":"https:\/\/www.haegergroup.com\/es\/#\/schema\/logo\/image\/","url":"https:\/\/www.haegergroup.com\/wp-content\/uploads\/2018\/05\/logo-web-220.png","contentUrl":"https:\/\/www.haegergroup.com\/wp-content\/uploads\/2018\/05\/logo-web-220.png","width":220,"height":49,"caption":"Haeger Electrodom\u00e9sticos"},"image":{"@id":"https:\/\/www.haegergroup.com\/es\/#\/schema\/logo\/image\/"}}]}},"_links":{"self":[{"href":"https:\/\/www.haegergroup.com\/es\/wp-json\/wp\/v2\/product\/36661","targetHints":{"allow":["GET"]}}],"collection":[{"href":"https:\/\/www.haegergroup.com\/es\/wp-json\/wp\/v2\/product"}],"about":[{"href":"https:\/\/www.haegergroup.com\/es\/wp-json\/wp\/v2\/types\/product"}],"wp:featuredmedia":[{"embeddable":true,"href":"https:\/\/www.haegergroup.com\/es\/wp-json\/wp\/v2\/media\/37611"}],"wp:attachment":[{"href":"https:\/\/www.haegergroup.com\/es\/wp-json\/wp\/v2\/media?parent=36661"}],"wp:term":[{"taxonomy":"product_cat","embeddable":true,"href":"https:\/\/www.haegergroup.com\/es\/wp-json\/wp\/v2\/product_cat?post=36661"},{"taxonomy":"product_tag","embeddable":true,"href":"https:\/\/www.haegergroup.com\/es\/wp-json\/wp\/v2\/product_tag?post=36661"}],"curies":[{"name":"wp","href":"https:\/\/api.w.org\/{rel}","templated":true}]}}