{"id":36464,"date":"2024-07-22T17:01:24","date_gmt":"2024-07-22T16:14:45","guid":{"rendered":"https:\/\/www.haegergroup.com\/?post_type=product&#038;p=36464"},"modified":"2024-07-22T17:14:46","modified_gmt":"2024-07-22T16:14:46","slug":"arcon-congelador-horizontal-haeger-south-pole-200-198l-clase-e","status":"publish","type":"product","link":"https:\/\/www.haegergroup.com\/es\/producto\/arcon-congelador-horizontal-haeger-south-pole-200-198l-clase-e\/","title":{"rendered":"Arc\u00f3n Congelador Horizontal HAEGER South Pole 200 &#8211; 198L, Clase E"},"content":{"rendered":"<p>El arc\u00f3n congelador HAEGER South Pole 200 combina eficiencia y practicidad. Su dise\u00f1o compacto, con dimensiones de 845 x 905 x 545 mm, le permite encajar en diversos espacios sin comprometer la capacidad de almacenamiento. Con una capacidad bruta de 200 litros y una capacidad \u00fatil de 198 litros, ofrece espacio suficiente para almacenar grandes cantidades de alimentos.<\/p>\n<p>Funcionando con una corriente nominal de 1,25 A y utilizando gas refrigerante R600a, este frigor\u00edfico es econ\u00f3mico y respetuoso con el medio ambiente. El aislamiento de ciclopentano garantiza una excelente conservaci\u00f3n de la temperatura interna. El nivel de potencia ac\u00fastica es inferior a 40 dB(A), lo que garantiza un funcionamiento silencioso.<\/p>\n<p>El congelador tiene una capacidad de congelaci\u00f3n de 10 kg\/24 h, lo que permite congelar r\u00e1pidamente grandes cantidades de alimentos. La clase clim\u00e1tica SN-N-ST (+10\u00baC a +38\u00baC) garantiza un funcionamiento eficaz en diversas condiciones de temperatura ambiente.<\/p>\n<p>Con un consumo anual de energ\u00eda de 250 kWh, este congelador es una opci\u00f3n econ\u00f3mica para cualquier familia.<\/p>\n","protected":false},"excerpt":{"rendered":"<h2>Arc\u00f3n Congelador Horizontal<br \/>\nModelo: CF-200.019A<\/h2>\n<ul>\n<li>Corriente nominal: 1,25A<\/li>\n<li>Clase de eficiencia energ\u00e9tica &#8211; E<\/li>\n<li>Nivel de potencia ac\u00fastica &lt; 40 dB(A)<\/li>\n<li>Gas refrigerante &#8211; Cantidad: R600a &#8211; 56g<\/li>\n<li>Gas aislante: Ciclopentano<\/li>\n<li>Capacidad bruta: 200 litros<\/li>\n<li>Capacidad \u00fatil: 198L<\/li>\n<li>Capacidad de congelaci\u00f3n: 10kg\/24h<\/li>\n<li>Clase clim\u00e1tica: SN-N-ST (+10\u00baC a +38\u00baC)<\/li>\n<li>Consumo de energ\u00eda: 250 kWh\/a\u00f1o<\/li>\n<li>Peso bruto \/ neto: 33kgs \/ 29kg<\/li>\n<\/ul>\n","protected":false},"featured_media":36460,"template":"","meta":[],"product_cat":[197,200],"product_tag":[],"class_list":{"0":"post-36464","1":"product","2":"type-product","3":"status-publish","4":"has-post-thumbnail","6":"product_cat-frio","7":"product_cat-congeladores","9":"first","10":"instock","11":"shipping-taxable","12":"product-type-simple"},"yoast_head":"<!-- This site is optimized with the Yoast SEO plugin v24.1 - https:\/\/yoast.com\/wordpress\/plugins\/seo\/ -->\n<title>Arc\u00f3n Congelador Horizontal HAEGER South Pole 200 - 198L, Clase E - H\u00c6GER Eletrodom\u00e9sticos<\/title>\n<meta name=\"description\" content=\"Marca de Pequenos Eletrodom\u00e9sticos para a sua cozinha, cuidados pessoais, casa e climatiza\u00e7\u00e3o. A op\u00e7\u00e3o inteligente para a sua casa.\" \/>\n<meta name=\"robots\" content=\"index, follow, max-snippet:-1, max-image-preview:large, max-video-preview:-1\" \/>\n<link rel=\"canonical\" href=\"https:\/\/www.haegergroup.com\/es\/producto\/arcon-congelador-horizontal-haeger-south-pole-200-198l-clase-e\/\" \/>\n<meta property=\"og:locale\" content=\"es_ES\" \/>\n<meta property=\"og:type\" content=\"article\" \/>\n<meta property=\"og:title\" content=\"Arc\u00f3n Congelador Horizontal HAEGER South Pole 200 - 198L, Clase E - H\u00c6GER Eletrodom\u00e9sticos\" \/>\n<meta property=\"og:description\" content=\"Marca de Pequenos Eletrodom\u00e9sticos para a sua cozinha, cuidados pessoais, casa e climatiza\u00e7\u00e3o. A op\u00e7\u00e3o inteligente para a sua casa.\" \/>\n<meta property=\"og:url\" content=\"https:\/\/www.haegergroup.com\/es\/producto\/arcon-congelador-horizontal-haeger-south-pole-200-198l-clase-e\/\" \/>\n<meta property=\"og:site_name\" content=\"H\u00c6GER Eletrodom\u00e9sticos\" \/>\n<meta property=\"article:modified_time\" content=\"2024-07-22T16:14:46+00:00\" \/>\n<meta property=\"og:image\" content=\"https:\/\/www.haegergroup.com\/wp-content\/uploads\/CF-200.019A_2-1.jpg\" \/>\n\t<meta property=\"og:image:width\" content=\"1200\" \/>\n\t<meta property=\"og:image:height\" content=\"1200\" \/>\n\t<meta property=\"og:image:type\" content=\"image\/jpeg\" \/>\n<meta name=\"twitter:card\" content=\"summary_large_image\" \/>\n<meta name=\"twitter:label1\" content=\"Tiempo de lectura\" \/>\n\t<meta name=\"twitter:data1\" content=\"1 minuto\" \/>\n<script type=\"application\/ld+json\" class=\"yoast-schema-graph\">{\"@context\":\"https:\/\/schema.org\",\"@graph\":[{\"@type\":\"WebPage\",\"@id\":\"https:\/\/www.haegergroup.com\/es\/producto\/arcon-congelador-horizontal-haeger-south-pole-200-198l-clase-e\/\",\"url\":\"https:\/\/www.haegergroup.com\/es\/producto\/arcon-congelador-horizontal-haeger-south-pole-200-198l-clase-e\/\",\"name\":\"Arc\u00f3n Congelador Horizontal HAEGER South Pole 200 - 198L, Clase E - H\u00c6GER Eletrodom\u00e9sticos\",\"isPartOf\":{\"@id\":\"https:\/\/www.haegergroup.com\/es\/#website\"},\"primaryImageOfPage\":{\"@id\":\"https:\/\/www.haegergroup.com\/es\/producto\/arcon-congelador-horizontal-haeger-south-pole-200-198l-clase-e\/#primaryimage\"},\"image\":{\"@id\":\"https:\/\/www.haegergroup.com\/es\/producto\/arcon-congelador-horizontal-haeger-south-pole-200-198l-clase-e\/#primaryimage\"},\"thumbnailUrl\":\"https:\/\/www.haegergroup.com\/wp-content\/uploads\/CF-200.019A_2-1.jpg\",\"datePublished\":\"2024-07-22T16:14:45+00:00\",\"dateModified\":\"2024-07-22T16:14:46+00:00\",\"description\":\"Marca de Pequenos Eletrodom\u00e9sticos para a sua cozinha, cuidados pessoais, casa e climatiza\u00e7\u00e3o. A op\u00e7\u00e3o inteligente para a sua casa.\",\"breadcrumb\":{\"@id\":\"https:\/\/www.haegergroup.com\/es\/producto\/arcon-congelador-horizontal-haeger-south-pole-200-198l-clase-e\/#breadcrumb\"},\"inLanguage\":\"es\",\"potentialAction\":[{\"@type\":\"ReadAction\",\"target\":[\"https:\/\/www.haegergroup.com\/es\/producto\/arcon-congelador-horizontal-haeger-south-pole-200-198l-clase-e\/\"]}]},{\"@type\":\"ImageObject\",\"inLanguage\":\"es\",\"@id\":\"https:\/\/www.haegergroup.com\/es\/producto\/arcon-congelador-horizontal-haeger-south-pole-200-198l-clase-e\/#primaryimage\",\"url\":\"https:\/\/www.haegergroup.com\/wp-content\/uploads\/CF-200.019A_2-1.jpg\",\"contentUrl\":\"https:\/\/www.haegergroup.com\/wp-content\/uploads\/CF-200.019A_2-1.jpg\",\"width\":1200,\"height\":1200},{\"@type\":\"BreadcrumbList\",\"@id\":\"https:\/\/www.haegergroup.com\/es\/producto\/arcon-congelador-horizontal-haeger-south-pole-200-198l-clase-e\/#breadcrumb\",\"itemListElement\":[{\"@type\":\"ListItem\",\"position\":1,\"name\":\"Portada\",\"item\":\"https:\/\/www.haegergroup.com\/es\/\"},{\"@type\":\"ListItem\",\"position\":2,\"name\":\"Productos\",\"item\":\"https:\/\/www.haegergroup.com\/es\/tienda\/\"},{\"@type\":\"ListItem\",\"position\":3,\"name\":\"Arc\u00f3n Congelador Horizontal HAEGER South Pole 200 &#8211; 198L, Clase E\"}]},{\"@type\":\"WebSite\",\"@id\":\"https:\/\/www.haegergroup.com\/es\/#website\",\"url\":\"https:\/\/www.haegergroup.com\/es\/\",\"name\":\"H\u00c6GER Eletrodom\u00e9sticos\",\"description\":\"A escolha inteligente\",\"publisher\":{\"@id\":\"https:\/\/www.haegergroup.com\/es\/#organization\"},\"potentialAction\":[{\"@type\":\"SearchAction\",\"target\":{\"@type\":\"EntryPoint\",\"urlTemplate\":\"https:\/\/www.haegergroup.com\/es\/?s={search_term_string}\"},\"query-input\":{\"@type\":\"PropertyValueSpecification\",\"valueRequired\":true,\"valueName\":\"search_term_string\"}}],\"inLanguage\":\"es\"},{\"@type\":\"Organization\",\"@id\":\"https:\/\/www.haegergroup.com\/es\/#organization\",\"name\":\"Haeger Electrodom\u00e9sticos\",\"url\":\"https:\/\/www.haegergroup.com\/es\/\",\"logo\":{\"@type\":\"ImageObject\",\"inLanguage\":\"es\",\"@id\":\"https:\/\/www.haegergroup.com\/es\/#\/schema\/logo\/image\/\",\"url\":\"https:\/\/www.haegergroup.com\/wp-content\/uploads\/2018\/05\/logo-web-220.png\",\"contentUrl\":\"https:\/\/www.haegergroup.com\/wp-content\/uploads\/2018\/05\/logo-web-220.png\",\"width\":220,\"height\":49,\"caption\":\"Haeger Electrodom\u00e9sticos\"},\"image\":{\"@id\":\"https:\/\/www.haegergroup.com\/es\/#\/schema\/logo\/image\/\"}}]}<\/script>\n<!-- \/ Yoast SEO plugin. -->","yoast_head_json":{"title":"Arc\u00f3n Congelador Horizontal HAEGER South Pole 200 - 198L, Clase E - H\u00c6GER Eletrodom\u00e9sticos","description":"Marca de Pequenos Eletrodom\u00e9sticos para a sua cozinha, cuidados pessoais, casa e climatiza\u00e7\u00e3o. A op\u00e7\u00e3o inteligente para a sua casa.","robots":{"index":"index","follow":"follow","max-snippet":"max-snippet:-1","max-image-preview":"max-image-preview:large","max-video-preview":"max-video-preview:-1"},"canonical":"https:\/\/www.haegergroup.com\/es\/producto\/arcon-congelador-horizontal-haeger-south-pole-200-198l-clase-e\/","og_locale":"es_ES","og_type":"article","og_title":"Arc\u00f3n Congelador Horizontal HAEGER South Pole 200 - 198L, Clase E - H\u00c6GER Eletrodom\u00e9sticos","og_description":"Marca de Pequenos Eletrodom\u00e9sticos para a sua cozinha, cuidados pessoais, casa e climatiza\u00e7\u00e3o. A op\u00e7\u00e3o inteligente para a sua casa.","og_url":"https:\/\/www.haegergroup.com\/es\/producto\/arcon-congelador-horizontal-haeger-south-pole-200-198l-clase-e\/","og_site_name":"H\u00c6GER Eletrodom\u00e9sticos","article_modified_time":"2024-07-22T16:14:46+00:00","og_image":[{"width":1200,"height":1200,"url":"https:\/\/www.haegergroup.com\/wp-content\/uploads\/CF-200.019A_2-1.jpg","type":"image\/jpeg"}],"twitter_card":"summary_large_image","twitter_misc":{"Tiempo de lectura":"1 minuto"},"schema":{"@context":"https:\/\/schema.org","@graph":[{"@type":"WebPage","@id":"https:\/\/www.haegergroup.com\/es\/producto\/arcon-congelador-horizontal-haeger-south-pole-200-198l-clase-e\/","url":"https:\/\/www.haegergroup.com\/es\/producto\/arcon-congelador-horizontal-haeger-south-pole-200-198l-clase-e\/","name":"Arc\u00f3n Congelador Horizontal HAEGER South Pole 200 - 198L, Clase E - H\u00c6GER Eletrodom\u00e9sticos","isPartOf":{"@id":"https:\/\/www.haegergroup.com\/es\/#website"},"primaryImageOfPage":{"@id":"https:\/\/www.haegergroup.com\/es\/producto\/arcon-congelador-horizontal-haeger-south-pole-200-198l-clase-e\/#primaryimage"},"image":{"@id":"https:\/\/www.haegergroup.com\/es\/producto\/arcon-congelador-horizontal-haeger-south-pole-200-198l-clase-e\/#primaryimage"},"thumbnailUrl":"https:\/\/www.haegergroup.com\/wp-content\/uploads\/CF-200.019A_2-1.jpg","datePublished":"2024-07-22T16:14:45+00:00","dateModified":"2024-07-22T16:14:46+00:00","description":"Marca de Pequenos Eletrodom\u00e9sticos para a sua cozinha, cuidados pessoais, casa e climatiza\u00e7\u00e3o. A op\u00e7\u00e3o inteligente para a sua casa.","breadcrumb":{"@id":"https:\/\/www.haegergroup.com\/es\/producto\/arcon-congelador-horizontal-haeger-south-pole-200-198l-clase-e\/#breadcrumb"},"inLanguage":"es","potentialAction":[{"@type":"ReadAction","target":["https:\/\/www.haegergroup.com\/es\/producto\/arcon-congelador-horizontal-haeger-south-pole-200-198l-clase-e\/"]}]},{"@type":"ImageObject","inLanguage":"es","@id":"https:\/\/www.haegergroup.com\/es\/producto\/arcon-congelador-horizontal-haeger-south-pole-200-198l-clase-e\/#primaryimage","url":"https:\/\/www.haegergroup.com\/wp-content\/uploads\/CF-200.019A_2-1.jpg","contentUrl":"https:\/\/www.haegergroup.com\/wp-content\/uploads\/CF-200.019A_2-1.jpg","width":1200,"height":1200},{"@type":"BreadcrumbList","@id":"https:\/\/www.haegergroup.com\/es\/producto\/arcon-congelador-horizontal-haeger-south-pole-200-198l-clase-e\/#breadcrumb","itemListElement":[{"@type":"ListItem","position":1,"name":"Portada","item":"https:\/\/www.haegergroup.com\/es\/"},{"@type":"ListItem","position":2,"name":"Productos","item":"https:\/\/www.haegergroup.com\/es\/tienda\/"},{"@type":"ListItem","position":3,"name":"Arc\u00f3n Congelador Horizontal HAEGER South Pole 200 &#8211; 198L, Clase E"}]},{"@type":"WebSite","@id":"https:\/\/www.haegergroup.com\/es\/#website","url":"https:\/\/www.haegergroup.com\/es\/","name":"H\u00c6GER Eletrodom\u00e9sticos","description":"A escolha inteligente","publisher":{"@id":"https:\/\/www.haegergroup.com\/es\/#organization"},"potentialAction":[{"@type":"SearchAction","target":{"@type":"EntryPoint","urlTemplate":"https:\/\/www.haegergroup.com\/es\/?s={search_term_string}"},"query-input":{"@type":"PropertyValueSpecification","valueRequired":true,"valueName":"search_term_string"}}],"inLanguage":"es"},{"@type":"Organization","@id":"https:\/\/www.haegergroup.com\/es\/#organization","name":"Haeger Electrodom\u00e9sticos","url":"https:\/\/www.haegergroup.com\/es\/","logo":{"@type":"ImageObject","inLanguage":"es","@id":"https:\/\/www.haegergroup.com\/es\/#\/schema\/logo\/image\/","url":"https:\/\/www.haegergroup.com\/wp-content\/uploads\/2018\/05\/logo-web-220.png","contentUrl":"https:\/\/www.haegergroup.com\/wp-content\/uploads\/2018\/05\/logo-web-220.png","width":220,"height":49,"caption":"Haeger Electrodom\u00e9sticos"},"image":{"@id":"https:\/\/www.haegergroup.com\/es\/#\/schema\/logo\/image\/"}}]}},"_links":{"self":[{"href":"https:\/\/www.haegergroup.com\/es\/wp-json\/wp\/v2\/product\/36464","targetHints":{"allow":["GET"]}}],"collection":[{"href":"https:\/\/www.haegergroup.com\/es\/wp-json\/wp\/v2\/product"}],"about":[{"href":"https:\/\/www.haegergroup.com\/es\/wp-json\/wp\/v2\/types\/product"}],"wp:featuredmedia":[{"embeddable":true,"href":"https:\/\/www.haegergroup.com\/es\/wp-json\/wp\/v2\/media\/36460"}],"wp:attachment":[{"href":"https:\/\/www.haegergroup.com\/es\/wp-json\/wp\/v2\/media?parent=36464"}],"wp:term":[{"taxonomy":"product_cat","embeddable":true,"href":"https:\/\/www.haegergroup.com\/es\/wp-json\/wp\/v2\/product_cat?post=36464"},{"taxonomy":"product_tag","embeddable":true,"href":"https:\/\/www.haegergroup.com\/es\/wp-json\/wp\/v2\/product_tag?post=36464"}],"curies":[{"name":"wp","href":"https:\/\/api.w.org\/{rel}","templated":true}]}}