{"id":36448,"date":"2024-07-05T17:36:52","date_gmt":"2024-07-19T16:08:32","guid":{"rendered":"https:\/\/www.haegergroup.com\/?post_type=product&#038;p=36448"},"modified":"2024-07-19T17:09:29","modified_gmt":"2024-07-19T16:09:29","slug":"altavoz-bluetooth-portatil-haeger-cool-boom-29h-bateria-ipx5","status":"publish","type":"product","link":"https:\/\/www.haegergroup.com\/es\/producto\/altavoz-bluetooth-portatil-haeger-cool-boom-29h-bateria-ipx5\/","title":{"rendered":"Altavoz Bluetooth Port\u00e1til HAEGER Cool Boom &#8211; 29H Bater\u00eda, IPX5"},"content":{"rendered":"<p><strong>El altavoz perfecto para fiestas al aire libre: HAEGER Cool Boom<\/strong><\/p>\n<p>Descubre la libertad de llevar tu m\u00fasica donde quieras con el altavoz Bluetooth port\u00e1til HAEGER Cool Boom. Este altavoz ofrece un sonido de alta calidad con m\u00e1s de 80 dB de claridad de sonido, gracias a sus altavoces de 7,6 cm (3&#8243;) y una potencia total de 40 W. Tanto si est\u00e1s animando una fiesta como relaj\u00e1ndote al aire libre, Cool Boom garantiza un sonido envolvente y lleno de vida.<\/p>\n<p>La resistencia a salpicaduras con certificaci\u00f3n IPX5 hace que este altavoz sea ideal para usar al aire libre, lo que le permite disfrutar de su m\u00fasica en la playa, la piscina o el barco sin preocupaciones. Adem\u00e1s, la iluminaci\u00f3n Full Colors crea un ambiente vibrante y divertido, sincroniz\u00e1ndose con tus canciones favoritas.<\/p>\n<p>Con cuatro modos de reproducci\u00f3n (Bluetooth, Pen Drive USB, tarjeta TF y entrada AUX), Cool Boom ofrece versatilidad y facilidad de uso. La funci\u00f3n TWS (True Wireless Stereo) permite emparejar dos altavoces para disfrutar de una experiencia de sonido est\u00e9reo doblemente mejorada, mientras que la funci\u00f3n BASS BOOST intensifica los graves para una experiencia de sonido plena y rica.<\/p>\n<p>Con una autonom\u00eda de hasta 29 horas y mando a distancia, Cool Boom es perfecto para prolongar la diversi\u00f3n sin interrupciones.<\/p>\n","protected":false},"excerpt":{"rendered":"<h2>Altavoz Bluetooth Port\u00e1til<br \/>\nModelo: SP-40W.002A<\/h2>\n<ul>\n<li>\u00a0Altavoces (3&#8243; &#8211; 2x 20W)<\/li>\n<li>Autonom\u00eda m\u00e1xima de hasta 29 horas<\/li>\n<li>Mando a distancia<\/li>\n<li>Sonido potente y cristalino &gt;80dB<\/li>\n<li>IPX5 a prueba de salpicaduras, perfecto para la playa, piscina, barco y otras actividades al aire libre<\/li>\n<li>Altavoces de 3&#8243; (7,6 cm)<\/li>\n<li>Iluminaci\u00f3n a todo color<\/li>\n<li>4 modos de reproducci\u00f3n: Bluetooth, USB Pen Drive, tarjeta TF y entrada AUX<\/li>\n<li>Funci\u00f3n TWS, que permite una verdadera reproducci\u00f3n inal\u00e1mbrica con un sonido est\u00e9reo doblemente mejorado<\/li>\n<li>Funci\u00f3n BASS BOOST<\/li>\n<li>Gama de frecuencias: 80 Hz &#8211; 12 kHz<\/li>\n<li>Bater\u00eda de 7,4 V y 4000 mAh<\/li>\n<\/ul>\n","protected":false},"featured_media":36427,"template":"","meta":[],"product_cat":[782,131,132],"product_tag":[],"class_list":{"0":"post-36448","1":"product","2":"type-product","3":"status-publish","4":"has-post-thumbnail","6":"product_cat-altavoz-portatil","7":"product_cat-audio-tv-telecom","8":"product_cat-audio","10":"first","11":"instock","12":"shipping-taxable","13":"product-type-simple"},"yoast_head":"<!-- This site is optimized with the Yoast SEO plugin v24.1 - https:\/\/yoast.com\/wordpress\/plugins\/seo\/ -->\n<title>Altavoz Bluetooth Port\u00e1til HAEGER Cool Boom - 29H Bater\u00eda, IPX5 - H\u00c6GER Eletrodom\u00e9sticos<\/title>\n<meta name=\"description\" content=\"Marca de Pequenos Eletrodom\u00e9sticos para a sua cozinha, cuidados pessoais, casa e climatiza\u00e7\u00e3o. A op\u00e7\u00e3o inteligente para a sua casa.\" \/>\n<meta name=\"robots\" content=\"index, follow, max-snippet:-1, max-image-preview:large, max-video-preview:-1\" \/>\n<link rel=\"canonical\" href=\"https:\/\/www.haegergroup.com\/es\/producto\/altavoz-bluetooth-portatil-haeger-cool-boom-29h-bateria-ipx5\/\" \/>\n<meta property=\"og:locale\" content=\"es_ES\" \/>\n<meta property=\"og:type\" content=\"article\" \/>\n<meta property=\"og:title\" content=\"Altavoz Bluetooth Port\u00e1til HAEGER Cool Boom - 29H Bater\u00eda, IPX5 - H\u00c6GER Eletrodom\u00e9sticos\" \/>\n<meta property=\"og:description\" content=\"Marca de Pequenos Eletrodom\u00e9sticos para a sua cozinha, cuidados pessoais, casa e climatiza\u00e7\u00e3o. A op\u00e7\u00e3o inteligente para a sua casa.\" \/>\n<meta property=\"og:url\" content=\"https:\/\/www.haegergroup.com\/es\/producto\/altavoz-bluetooth-portatil-haeger-cool-boom-29h-bateria-ipx5\/\" \/>\n<meta property=\"og:site_name\" content=\"H\u00c6GER Eletrodom\u00e9sticos\" \/>\n<meta property=\"article:modified_time\" content=\"2024-07-19T16:09:29+00:00\" \/>\n<meta property=\"og:image\" content=\"https:\/\/www.haegergroup.com\/wp-content\/uploads\/SP-40W.002A_1-2.jpg\" \/>\n\t<meta property=\"og:image:width\" content=\"1200\" \/>\n\t<meta property=\"og:image:height\" content=\"1200\" \/>\n\t<meta property=\"og:image:type\" content=\"image\/jpeg\" \/>\n<meta name=\"twitter:card\" content=\"summary_large_image\" \/>\n<meta name=\"twitter:label1\" content=\"Tiempo de lectura\" \/>\n\t<meta name=\"twitter:data1\" content=\"2 minutos\" \/>\n<script type=\"application\/ld+json\" class=\"yoast-schema-graph\">{\"@context\":\"https:\/\/schema.org\",\"@graph\":[{\"@type\":\"WebPage\",\"@id\":\"https:\/\/www.haegergroup.com\/es\/producto\/altavoz-bluetooth-portatil-haeger-cool-boom-29h-bateria-ipx5\/\",\"url\":\"https:\/\/www.haegergroup.com\/es\/producto\/altavoz-bluetooth-portatil-haeger-cool-boom-29h-bateria-ipx5\/\",\"name\":\"Altavoz Bluetooth Port\u00e1til HAEGER Cool Boom - 29H Bater\u00eda, IPX5 - H\u00c6GER Eletrodom\u00e9sticos\",\"isPartOf\":{\"@id\":\"https:\/\/www.haegergroup.com\/es\/#website\"},\"primaryImageOfPage\":{\"@id\":\"https:\/\/www.haegergroup.com\/es\/producto\/altavoz-bluetooth-portatil-haeger-cool-boom-29h-bateria-ipx5\/#primaryimage\"},\"image\":{\"@id\":\"https:\/\/www.haegergroup.com\/es\/producto\/altavoz-bluetooth-portatil-haeger-cool-boom-29h-bateria-ipx5\/#primaryimage\"},\"thumbnailUrl\":\"https:\/\/www.haegergroup.com\/wp-content\/uploads\/SP-40W.002A_1-2.jpg\",\"datePublished\":\"2024-07-19T16:08:32+00:00\",\"dateModified\":\"2024-07-19T16:09:29+00:00\",\"description\":\"Marca de Pequenos Eletrodom\u00e9sticos para a sua cozinha, cuidados pessoais, casa e climatiza\u00e7\u00e3o. A op\u00e7\u00e3o inteligente para a sua casa.\",\"breadcrumb\":{\"@id\":\"https:\/\/www.haegergroup.com\/es\/producto\/altavoz-bluetooth-portatil-haeger-cool-boom-29h-bateria-ipx5\/#breadcrumb\"},\"inLanguage\":\"es\",\"potentialAction\":[{\"@type\":\"ReadAction\",\"target\":[\"https:\/\/www.haegergroup.com\/es\/producto\/altavoz-bluetooth-portatil-haeger-cool-boom-29h-bateria-ipx5\/\"]}]},{\"@type\":\"ImageObject\",\"inLanguage\":\"es\",\"@id\":\"https:\/\/www.haegergroup.com\/es\/producto\/altavoz-bluetooth-portatil-haeger-cool-boom-29h-bateria-ipx5\/#primaryimage\",\"url\":\"https:\/\/www.haegergroup.com\/wp-content\/uploads\/SP-40W.002A_1-2.jpg\",\"contentUrl\":\"https:\/\/www.haegergroup.com\/wp-content\/uploads\/SP-40W.002A_1-2.jpg\",\"width\":1200,\"height\":1200},{\"@type\":\"BreadcrumbList\",\"@id\":\"https:\/\/www.haegergroup.com\/es\/producto\/altavoz-bluetooth-portatil-haeger-cool-boom-29h-bateria-ipx5\/#breadcrumb\",\"itemListElement\":[{\"@type\":\"ListItem\",\"position\":1,\"name\":\"Portada\",\"item\":\"https:\/\/www.haegergroup.com\/es\/\"},{\"@type\":\"ListItem\",\"position\":2,\"name\":\"Productos\",\"item\":\"https:\/\/www.haegergroup.com\/es\/tienda\/\"},{\"@type\":\"ListItem\",\"position\":3,\"name\":\"Altavoz Bluetooth Port\u00e1til HAEGER Cool Boom &#8211; 29H Bater\u00eda, IPX5\"}]},{\"@type\":\"WebSite\",\"@id\":\"https:\/\/www.haegergroup.com\/es\/#website\",\"url\":\"https:\/\/www.haegergroup.com\/es\/\",\"name\":\"H\u00c6GER Eletrodom\u00e9sticos\",\"description\":\"A escolha inteligente\",\"publisher\":{\"@id\":\"https:\/\/www.haegergroup.com\/es\/#organization\"},\"potentialAction\":[{\"@type\":\"SearchAction\",\"target\":{\"@type\":\"EntryPoint\",\"urlTemplate\":\"https:\/\/www.haegergroup.com\/es\/?s={search_term_string}\"},\"query-input\":{\"@type\":\"PropertyValueSpecification\",\"valueRequired\":true,\"valueName\":\"search_term_string\"}}],\"inLanguage\":\"es\"},{\"@type\":\"Organization\",\"@id\":\"https:\/\/www.haegergroup.com\/es\/#organization\",\"name\":\"Haeger Electrodom\u00e9sticos\",\"url\":\"https:\/\/www.haegergroup.com\/es\/\",\"logo\":{\"@type\":\"ImageObject\",\"inLanguage\":\"es\",\"@id\":\"https:\/\/www.haegergroup.com\/es\/#\/schema\/logo\/image\/\",\"url\":\"https:\/\/www.haegergroup.com\/wp-content\/uploads\/2018\/05\/logo-web-220.png\",\"contentUrl\":\"https:\/\/www.haegergroup.com\/wp-content\/uploads\/2018\/05\/logo-web-220.png\",\"width\":220,\"height\":49,\"caption\":\"Haeger Electrodom\u00e9sticos\"},\"image\":{\"@id\":\"https:\/\/www.haegergroup.com\/es\/#\/schema\/logo\/image\/\"}}]}<\/script>\n<!-- \/ Yoast SEO plugin. -->","yoast_head_json":{"title":"Altavoz Bluetooth Port\u00e1til HAEGER Cool Boom - 29H Bater\u00eda, IPX5 - H\u00c6GER Eletrodom\u00e9sticos","description":"Marca de Pequenos Eletrodom\u00e9sticos para a sua cozinha, cuidados pessoais, casa e climatiza\u00e7\u00e3o. A op\u00e7\u00e3o inteligente para a sua casa.","robots":{"index":"index","follow":"follow","max-snippet":"max-snippet:-1","max-image-preview":"max-image-preview:large","max-video-preview":"max-video-preview:-1"},"canonical":"https:\/\/www.haegergroup.com\/es\/producto\/altavoz-bluetooth-portatil-haeger-cool-boom-29h-bateria-ipx5\/","og_locale":"es_ES","og_type":"article","og_title":"Altavoz Bluetooth Port\u00e1til HAEGER Cool Boom - 29H Bater\u00eda, IPX5 - H\u00c6GER Eletrodom\u00e9sticos","og_description":"Marca de Pequenos Eletrodom\u00e9sticos para a sua cozinha, cuidados pessoais, casa e climatiza\u00e7\u00e3o. A op\u00e7\u00e3o inteligente para a sua casa.","og_url":"https:\/\/www.haegergroup.com\/es\/producto\/altavoz-bluetooth-portatil-haeger-cool-boom-29h-bateria-ipx5\/","og_site_name":"H\u00c6GER Eletrodom\u00e9sticos","article_modified_time":"2024-07-19T16:09:29+00:00","og_image":[{"width":1200,"height":1200,"url":"https:\/\/www.haegergroup.com\/wp-content\/uploads\/SP-40W.002A_1-2.jpg","type":"image\/jpeg"}],"twitter_card":"summary_large_image","twitter_misc":{"Tiempo de lectura":"2 minutos"},"schema":{"@context":"https:\/\/schema.org","@graph":[{"@type":"WebPage","@id":"https:\/\/www.haegergroup.com\/es\/producto\/altavoz-bluetooth-portatil-haeger-cool-boom-29h-bateria-ipx5\/","url":"https:\/\/www.haegergroup.com\/es\/producto\/altavoz-bluetooth-portatil-haeger-cool-boom-29h-bateria-ipx5\/","name":"Altavoz Bluetooth Port\u00e1til HAEGER Cool Boom - 29H Bater\u00eda, IPX5 - H\u00c6GER Eletrodom\u00e9sticos","isPartOf":{"@id":"https:\/\/www.haegergroup.com\/es\/#website"},"primaryImageOfPage":{"@id":"https:\/\/www.haegergroup.com\/es\/producto\/altavoz-bluetooth-portatil-haeger-cool-boom-29h-bateria-ipx5\/#primaryimage"},"image":{"@id":"https:\/\/www.haegergroup.com\/es\/producto\/altavoz-bluetooth-portatil-haeger-cool-boom-29h-bateria-ipx5\/#primaryimage"},"thumbnailUrl":"https:\/\/www.haegergroup.com\/wp-content\/uploads\/SP-40W.002A_1-2.jpg","datePublished":"2024-07-19T16:08:32+00:00","dateModified":"2024-07-19T16:09:29+00:00","description":"Marca de Pequenos Eletrodom\u00e9sticos para a sua cozinha, cuidados pessoais, casa e climatiza\u00e7\u00e3o. A op\u00e7\u00e3o inteligente para a sua casa.","breadcrumb":{"@id":"https:\/\/www.haegergroup.com\/es\/producto\/altavoz-bluetooth-portatil-haeger-cool-boom-29h-bateria-ipx5\/#breadcrumb"},"inLanguage":"es","potentialAction":[{"@type":"ReadAction","target":["https:\/\/www.haegergroup.com\/es\/producto\/altavoz-bluetooth-portatil-haeger-cool-boom-29h-bateria-ipx5\/"]}]},{"@type":"ImageObject","inLanguage":"es","@id":"https:\/\/www.haegergroup.com\/es\/producto\/altavoz-bluetooth-portatil-haeger-cool-boom-29h-bateria-ipx5\/#primaryimage","url":"https:\/\/www.haegergroup.com\/wp-content\/uploads\/SP-40W.002A_1-2.jpg","contentUrl":"https:\/\/www.haegergroup.com\/wp-content\/uploads\/SP-40W.002A_1-2.jpg","width":1200,"height":1200},{"@type":"BreadcrumbList","@id":"https:\/\/www.haegergroup.com\/es\/producto\/altavoz-bluetooth-portatil-haeger-cool-boom-29h-bateria-ipx5\/#breadcrumb","itemListElement":[{"@type":"ListItem","position":1,"name":"Portada","item":"https:\/\/www.haegergroup.com\/es\/"},{"@type":"ListItem","position":2,"name":"Productos","item":"https:\/\/www.haegergroup.com\/es\/tienda\/"},{"@type":"ListItem","position":3,"name":"Altavoz Bluetooth Port\u00e1til HAEGER Cool Boom &#8211; 29H Bater\u00eda, IPX5"}]},{"@type":"WebSite","@id":"https:\/\/www.haegergroup.com\/es\/#website","url":"https:\/\/www.haegergroup.com\/es\/","name":"H\u00c6GER Eletrodom\u00e9sticos","description":"A escolha inteligente","publisher":{"@id":"https:\/\/www.haegergroup.com\/es\/#organization"},"potentialAction":[{"@type":"SearchAction","target":{"@type":"EntryPoint","urlTemplate":"https:\/\/www.haegergroup.com\/es\/?s={search_term_string}"},"query-input":{"@type":"PropertyValueSpecification","valueRequired":true,"valueName":"search_term_string"}}],"inLanguage":"es"},{"@type":"Organization","@id":"https:\/\/www.haegergroup.com\/es\/#organization","name":"Haeger Electrodom\u00e9sticos","url":"https:\/\/www.haegergroup.com\/es\/","logo":{"@type":"ImageObject","inLanguage":"es","@id":"https:\/\/www.haegergroup.com\/es\/#\/schema\/logo\/image\/","url":"https:\/\/www.haegergroup.com\/wp-content\/uploads\/2018\/05\/logo-web-220.png","contentUrl":"https:\/\/www.haegergroup.com\/wp-content\/uploads\/2018\/05\/logo-web-220.png","width":220,"height":49,"caption":"Haeger Electrodom\u00e9sticos"},"image":{"@id":"https:\/\/www.haegergroup.com\/es\/#\/schema\/logo\/image\/"}}]}},"_links":{"self":[{"href":"https:\/\/www.haegergroup.com\/es\/wp-json\/wp\/v2\/product\/36448","targetHints":{"allow":["GET"]}}],"collection":[{"href":"https:\/\/www.haegergroup.com\/es\/wp-json\/wp\/v2\/product"}],"about":[{"href":"https:\/\/www.haegergroup.com\/es\/wp-json\/wp\/v2\/types\/product"}],"wp:featuredmedia":[{"embeddable":true,"href":"https:\/\/www.haegergroup.com\/es\/wp-json\/wp\/v2\/media\/36427"}],"wp:attachment":[{"href":"https:\/\/www.haegergroup.com\/es\/wp-json\/wp\/v2\/media?parent=36448"}],"wp:term":[{"taxonomy":"product_cat","embeddable":true,"href":"https:\/\/www.haegergroup.com\/es\/wp-json\/wp\/v2\/product_cat?post=36448"},{"taxonomy":"product_tag","embeddable":true,"href":"https:\/\/www.haegergroup.com\/es\/wp-json\/wp\/v2\/product_tag?post=36448"}],"curies":[{"name":"wp","href":"https:\/\/api.w.org\/{rel}","templated":true}]}}