{"id":36422,"date":"2024-07-05T16:44:28","date_gmt":"2024-07-05T15:49:19","guid":{"rendered":"https:\/\/www.haegergroup.com\/?post_type=product&#038;p=36422"},"modified":"2024-07-19T16:41:52","modified_gmt":"2024-07-19T15:41:52","slug":"altavoz-bluetooth-portatil-haeger-super-boom-autonomia-24h","status":"publish","type":"product","link":"https:\/\/www.haegergroup.com\/es\/producto\/altavoz-bluetooth-portatil-haeger-super-boom-autonomia-24h\/","title":{"rendered":"Altavoz Bluetooth Port\u00e1til HAEGER Super Boom &#8211; Autonom\u00eda 24H"},"content":{"rendered":"<p><strong>\u00a1Ll\u00e9vate la fiesta a cualquier parte con el altavoz Bluetooth HAEGER Super Boom!<\/strong><\/p>\n<p>Experimenta la libertad del sonido en cualquier lugar con el altavoz Bluetooth port\u00e1til HAEGER Super Boom. Equipado con dos altavoces de 8,9 cm (3,5&#8243;) y 20 W cada uno, este altavoz ofrece un sonido potente y claro capaz de llenar cualquier habitaci\u00f3n. La resistencia a salpicaduras IPX5 te permite llevarte la m\u00fasica a la playa, la piscina o cualquier actividad al aire libre sin preocupaciones.<\/p>\n<p>La funci\u00f3n TWS (True Wireless Stereo) te permite conectar dos altavoces para disfrutar de una experiencia de sonido est\u00e9reo realmente envolvente. Si a eso le a\u00f1adimos la funci\u00f3n BASS BOOST para unos graves m\u00e1s profundos y potentes, la experiencia sonora es completa.<\/p>\n<p>Con cuatro modos de reproducci\u00f3n (Bluetooth, memoria USB, tarjeta TF y entrada AUX), el HAEGER Super Boom ofrece versatilidad y comodidad. La iluminaci\u00f3n Full Colours RGB no s\u00f3lo mejora la experiencia visual, sino que tambi\u00e9n crea el ambiente perfecto para cualquier ocasi\u00f3n. Y con una bater\u00eda de 7,4 V &#8211; 4000 mAh, podr\u00e1s disfrutar de horas de m\u00fasica ininterrumpida.<\/p>\n","protected":false},"excerpt":{"rendered":"<h2>Altavoz Bluetooth Port\u00e1til<br \/>\nModelo: SP-40W.001A<\/h2>\n<ul>\n<li>Autonom\u00eda &#8211; 24 horas<\/li>\n<li>Altavoz Bluetooth (3,5&#8243; &#8211; 2x 20W)<\/li>\n<li>Sonido potente y cristalino &gt;80dB<\/li>\n<li>IPX5 a prueba de salpicaduras, perfecto para la playa, piscina, barco y otras actividades al aire libre<\/li>\n<li>Altavoces de 3,5&#8243; (8,9 cm)<\/li>\n<li>Iluminaci\u00f3n a todo color<\/li>\n<li>Funci\u00f3n TWS, permite una verdadera reproducci\u00f3n inal\u00e1mbrica con sonido est\u00e9reo doblemente mejorado<\/li>\n<li>Funci\u00f3n BASS BOOST<\/li>\n<li>4 modos de reproducci\u00f3n: Bluetooth, USB Pen Drive, tarjeta TF y entrada AUX<\/li>\n<li>Gama de frecuencias: 80 Hz &#8211; 12 kHz<\/li>\n<li>Bater\u00eda de 7,4 V y 4000 mAh<\/li>\n<li>Medidas: 37&#215;12,5&#215;13,5 cm<\/li>\n<\/ul>\n","protected":false},"featured_media":36406,"template":"","meta":[],"product_cat":[782,131,132],"product_tag":[],"class_list":{"0":"post-36422","1":"product","2":"type-product","3":"status-publish","4":"has-post-thumbnail","6":"product_cat-altavoz-portatil","7":"product_cat-audio-tv-telecom","8":"product_cat-audio","10":"first","11":"instock","12":"shipping-taxable","13":"product-type-simple"},"yoast_head":"<!-- This site is optimized with the Yoast SEO plugin v24.1 - https:\/\/yoast.com\/wordpress\/plugins\/seo\/ -->\n<title>Altavoz Bluetooth Port\u00e1til HAEGER Super Boom - Autonom\u00eda 24H - H\u00c6GER Eletrodom\u00e9sticos<\/title>\n<meta name=\"description\" content=\"Marca de Pequenos Eletrodom\u00e9sticos para a sua cozinha, cuidados pessoais, casa e climatiza\u00e7\u00e3o. A op\u00e7\u00e3o inteligente para a sua casa.\" \/>\n<meta name=\"robots\" content=\"index, follow, max-snippet:-1, max-image-preview:large, max-video-preview:-1\" \/>\n<link rel=\"canonical\" href=\"https:\/\/www.haegergroup.com\/es\/producto\/altavoz-bluetooth-portatil-haeger-super-boom-autonomia-24h\/\" \/>\n<meta property=\"og:locale\" content=\"es_ES\" \/>\n<meta property=\"og:type\" content=\"article\" \/>\n<meta property=\"og:title\" content=\"Altavoz Bluetooth Port\u00e1til HAEGER Super Boom - Autonom\u00eda 24H - H\u00c6GER Eletrodom\u00e9sticos\" \/>\n<meta property=\"og:description\" content=\"Marca de Pequenos Eletrodom\u00e9sticos para a sua cozinha, cuidados pessoais, casa e climatiza\u00e7\u00e3o. A op\u00e7\u00e3o inteligente para a sua casa.\" \/>\n<meta property=\"og:url\" content=\"https:\/\/www.haegergroup.com\/es\/producto\/altavoz-bluetooth-portatil-haeger-super-boom-autonomia-24h\/\" \/>\n<meta property=\"og:site_name\" content=\"H\u00c6GER Eletrodom\u00e9sticos\" \/>\n<meta property=\"article:modified_time\" content=\"2024-07-19T15:41:52+00:00\" \/>\n<meta property=\"og:image\" content=\"https:\/\/www.haegergroup.com\/wp-content\/uploads\/SP-40W.001A_1-1.png\" \/>\n\t<meta property=\"og:image:width\" content=\"1200\" \/>\n\t<meta property=\"og:image:height\" content=\"1200\" \/>\n\t<meta property=\"og:image:type\" content=\"image\/png\" \/>\n<meta name=\"twitter:card\" content=\"summary_large_image\" \/>\n<meta name=\"twitter:label1\" content=\"Tiempo de lectura\" \/>\n\t<meta name=\"twitter:data1\" content=\"1 minuto\" \/>\n<script type=\"application\/ld+json\" class=\"yoast-schema-graph\">{\"@context\":\"https:\/\/schema.org\",\"@graph\":[{\"@type\":\"WebPage\",\"@id\":\"https:\/\/www.haegergroup.com\/es\/producto\/altavoz-bluetooth-portatil-haeger-super-boom-autonomia-24h\/\",\"url\":\"https:\/\/www.haegergroup.com\/es\/producto\/altavoz-bluetooth-portatil-haeger-super-boom-autonomia-24h\/\",\"name\":\"Altavoz Bluetooth Port\u00e1til HAEGER Super Boom - Autonom\u00eda 24H - H\u00c6GER Eletrodom\u00e9sticos\",\"isPartOf\":{\"@id\":\"https:\/\/www.haegergroup.com\/es\/#website\"},\"primaryImageOfPage\":{\"@id\":\"https:\/\/www.haegergroup.com\/es\/producto\/altavoz-bluetooth-portatil-haeger-super-boom-autonomia-24h\/#primaryimage\"},\"image\":{\"@id\":\"https:\/\/www.haegergroup.com\/es\/producto\/altavoz-bluetooth-portatil-haeger-super-boom-autonomia-24h\/#primaryimage\"},\"thumbnailUrl\":\"https:\/\/www.haegergroup.com\/wp-content\/uploads\/SP-40W.001A_1-1.png\",\"datePublished\":\"2024-07-05T15:49:19+00:00\",\"dateModified\":\"2024-07-19T15:41:52+00:00\",\"description\":\"Marca de Pequenos Eletrodom\u00e9sticos para a sua cozinha, cuidados pessoais, casa e climatiza\u00e7\u00e3o. A op\u00e7\u00e3o inteligente para a sua casa.\",\"breadcrumb\":{\"@id\":\"https:\/\/www.haegergroup.com\/es\/producto\/altavoz-bluetooth-portatil-haeger-super-boom-autonomia-24h\/#breadcrumb\"},\"inLanguage\":\"es\",\"potentialAction\":[{\"@type\":\"ReadAction\",\"target\":[\"https:\/\/www.haegergroup.com\/es\/producto\/altavoz-bluetooth-portatil-haeger-super-boom-autonomia-24h\/\"]}]},{\"@type\":\"ImageObject\",\"inLanguage\":\"es\",\"@id\":\"https:\/\/www.haegergroup.com\/es\/producto\/altavoz-bluetooth-portatil-haeger-super-boom-autonomia-24h\/#primaryimage\",\"url\":\"https:\/\/www.haegergroup.com\/wp-content\/uploads\/SP-40W.001A_1-1.png\",\"contentUrl\":\"https:\/\/www.haegergroup.com\/wp-content\/uploads\/SP-40W.001A_1-1.png\",\"width\":1200,\"height\":1200},{\"@type\":\"BreadcrumbList\",\"@id\":\"https:\/\/www.haegergroup.com\/es\/producto\/altavoz-bluetooth-portatil-haeger-super-boom-autonomia-24h\/#breadcrumb\",\"itemListElement\":[{\"@type\":\"ListItem\",\"position\":1,\"name\":\"Portada\",\"item\":\"https:\/\/www.haegergroup.com\/es\/\"},{\"@type\":\"ListItem\",\"position\":2,\"name\":\"Productos\",\"item\":\"https:\/\/www.haegergroup.com\/es\/tienda\/\"},{\"@type\":\"ListItem\",\"position\":3,\"name\":\"Altavoz Bluetooth Port\u00e1til HAEGER Super Boom &#8211; Autonom\u00eda 24H\"}]},{\"@type\":\"WebSite\",\"@id\":\"https:\/\/www.haegergroup.com\/es\/#website\",\"url\":\"https:\/\/www.haegergroup.com\/es\/\",\"name\":\"H\u00c6GER Eletrodom\u00e9sticos\",\"description\":\"A escolha inteligente\",\"publisher\":{\"@id\":\"https:\/\/www.haegergroup.com\/es\/#organization\"},\"potentialAction\":[{\"@type\":\"SearchAction\",\"target\":{\"@type\":\"EntryPoint\",\"urlTemplate\":\"https:\/\/www.haegergroup.com\/es\/?s={search_term_string}\"},\"query-input\":{\"@type\":\"PropertyValueSpecification\",\"valueRequired\":true,\"valueName\":\"search_term_string\"}}],\"inLanguage\":\"es\"},{\"@type\":\"Organization\",\"@id\":\"https:\/\/www.haegergroup.com\/es\/#organization\",\"name\":\"Haeger Electrodom\u00e9sticos\",\"url\":\"https:\/\/www.haegergroup.com\/es\/\",\"logo\":{\"@type\":\"ImageObject\",\"inLanguage\":\"es\",\"@id\":\"https:\/\/www.haegergroup.com\/es\/#\/schema\/logo\/image\/\",\"url\":\"https:\/\/www.haegergroup.com\/wp-content\/uploads\/2018\/05\/logo-web-220.png\",\"contentUrl\":\"https:\/\/www.haegergroup.com\/wp-content\/uploads\/2018\/05\/logo-web-220.png\",\"width\":220,\"height\":49,\"caption\":\"Haeger Electrodom\u00e9sticos\"},\"image\":{\"@id\":\"https:\/\/www.haegergroup.com\/es\/#\/schema\/logo\/image\/\"}}]}<\/script>\n<!-- \/ Yoast SEO plugin. -->","yoast_head_json":{"title":"Altavoz Bluetooth Port\u00e1til HAEGER Super Boom - Autonom\u00eda 24H - H\u00c6GER Eletrodom\u00e9sticos","description":"Marca de Pequenos Eletrodom\u00e9sticos para a sua cozinha, cuidados pessoais, casa e climatiza\u00e7\u00e3o. A op\u00e7\u00e3o inteligente para a sua casa.","robots":{"index":"index","follow":"follow","max-snippet":"max-snippet:-1","max-image-preview":"max-image-preview:large","max-video-preview":"max-video-preview:-1"},"canonical":"https:\/\/www.haegergroup.com\/es\/producto\/altavoz-bluetooth-portatil-haeger-super-boom-autonomia-24h\/","og_locale":"es_ES","og_type":"article","og_title":"Altavoz Bluetooth Port\u00e1til HAEGER Super Boom - Autonom\u00eda 24H - H\u00c6GER Eletrodom\u00e9sticos","og_description":"Marca de Pequenos Eletrodom\u00e9sticos para a sua cozinha, cuidados pessoais, casa e climatiza\u00e7\u00e3o. A op\u00e7\u00e3o inteligente para a sua casa.","og_url":"https:\/\/www.haegergroup.com\/es\/producto\/altavoz-bluetooth-portatil-haeger-super-boom-autonomia-24h\/","og_site_name":"H\u00c6GER Eletrodom\u00e9sticos","article_modified_time":"2024-07-19T15:41:52+00:00","og_image":[{"width":1200,"height":1200,"url":"https:\/\/www.haegergroup.com\/wp-content\/uploads\/SP-40W.001A_1-1.png","type":"image\/png"}],"twitter_card":"summary_large_image","twitter_misc":{"Tiempo de lectura":"1 minuto"},"schema":{"@context":"https:\/\/schema.org","@graph":[{"@type":"WebPage","@id":"https:\/\/www.haegergroup.com\/es\/producto\/altavoz-bluetooth-portatil-haeger-super-boom-autonomia-24h\/","url":"https:\/\/www.haegergroup.com\/es\/producto\/altavoz-bluetooth-portatil-haeger-super-boom-autonomia-24h\/","name":"Altavoz Bluetooth Port\u00e1til HAEGER Super Boom - Autonom\u00eda 24H - H\u00c6GER Eletrodom\u00e9sticos","isPartOf":{"@id":"https:\/\/www.haegergroup.com\/es\/#website"},"primaryImageOfPage":{"@id":"https:\/\/www.haegergroup.com\/es\/producto\/altavoz-bluetooth-portatil-haeger-super-boom-autonomia-24h\/#primaryimage"},"image":{"@id":"https:\/\/www.haegergroup.com\/es\/producto\/altavoz-bluetooth-portatil-haeger-super-boom-autonomia-24h\/#primaryimage"},"thumbnailUrl":"https:\/\/www.haegergroup.com\/wp-content\/uploads\/SP-40W.001A_1-1.png","datePublished":"2024-07-05T15:49:19+00:00","dateModified":"2024-07-19T15:41:52+00:00","description":"Marca de Pequenos Eletrodom\u00e9sticos para a sua cozinha, cuidados pessoais, casa e climatiza\u00e7\u00e3o. A op\u00e7\u00e3o inteligente para a sua casa.","breadcrumb":{"@id":"https:\/\/www.haegergroup.com\/es\/producto\/altavoz-bluetooth-portatil-haeger-super-boom-autonomia-24h\/#breadcrumb"},"inLanguage":"es","potentialAction":[{"@type":"ReadAction","target":["https:\/\/www.haegergroup.com\/es\/producto\/altavoz-bluetooth-portatil-haeger-super-boom-autonomia-24h\/"]}]},{"@type":"ImageObject","inLanguage":"es","@id":"https:\/\/www.haegergroup.com\/es\/producto\/altavoz-bluetooth-portatil-haeger-super-boom-autonomia-24h\/#primaryimage","url":"https:\/\/www.haegergroup.com\/wp-content\/uploads\/SP-40W.001A_1-1.png","contentUrl":"https:\/\/www.haegergroup.com\/wp-content\/uploads\/SP-40W.001A_1-1.png","width":1200,"height":1200},{"@type":"BreadcrumbList","@id":"https:\/\/www.haegergroup.com\/es\/producto\/altavoz-bluetooth-portatil-haeger-super-boom-autonomia-24h\/#breadcrumb","itemListElement":[{"@type":"ListItem","position":1,"name":"Portada","item":"https:\/\/www.haegergroup.com\/es\/"},{"@type":"ListItem","position":2,"name":"Productos","item":"https:\/\/www.haegergroup.com\/es\/tienda\/"},{"@type":"ListItem","position":3,"name":"Altavoz Bluetooth Port\u00e1til HAEGER Super Boom &#8211; Autonom\u00eda 24H"}]},{"@type":"WebSite","@id":"https:\/\/www.haegergroup.com\/es\/#website","url":"https:\/\/www.haegergroup.com\/es\/","name":"H\u00c6GER Eletrodom\u00e9sticos","description":"A escolha inteligente","publisher":{"@id":"https:\/\/www.haegergroup.com\/es\/#organization"},"potentialAction":[{"@type":"SearchAction","target":{"@type":"EntryPoint","urlTemplate":"https:\/\/www.haegergroup.com\/es\/?s={search_term_string}"},"query-input":{"@type":"PropertyValueSpecification","valueRequired":true,"valueName":"search_term_string"}}],"inLanguage":"es"},{"@type":"Organization","@id":"https:\/\/www.haegergroup.com\/es\/#organization","name":"Haeger Electrodom\u00e9sticos","url":"https:\/\/www.haegergroup.com\/es\/","logo":{"@type":"ImageObject","inLanguage":"es","@id":"https:\/\/www.haegergroup.com\/es\/#\/schema\/logo\/image\/","url":"https:\/\/www.haegergroup.com\/wp-content\/uploads\/2018\/05\/logo-web-220.png","contentUrl":"https:\/\/www.haegergroup.com\/wp-content\/uploads\/2018\/05\/logo-web-220.png","width":220,"height":49,"caption":"Haeger Electrodom\u00e9sticos"},"image":{"@id":"https:\/\/www.haegergroup.com\/es\/#\/schema\/logo\/image\/"}}]}},"_links":{"self":[{"href":"https:\/\/www.haegergroup.com\/es\/wp-json\/wp\/v2\/product\/36422","targetHints":{"allow":["GET"]}}],"collection":[{"href":"https:\/\/www.haegergroup.com\/es\/wp-json\/wp\/v2\/product"}],"about":[{"href":"https:\/\/www.haegergroup.com\/es\/wp-json\/wp\/v2\/types\/product"}],"wp:featuredmedia":[{"embeddable":true,"href":"https:\/\/www.haegergroup.com\/es\/wp-json\/wp\/v2\/media\/36406"}],"wp:attachment":[{"href":"https:\/\/www.haegergroup.com\/es\/wp-json\/wp\/v2\/media?parent=36422"}],"wp:term":[{"taxonomy":"product_cat","embeddable":true,"href":"https:\/\/www.haegergroup.com\/es\/wp-json\/wp\/v2\/product_cat?post=36422"},{"taxonomy":"product_tag","embeddable":true,"href":"https:\/\/www.haegergroup.com\/es\/wp-json\/wp\/v2\/product_tag?post=36422"}],"curies":[{"name":"wp","href":"https:\/\/api.w.org\/{rel}","templated":true}]}}