{"id":36302,"date":"2024-06-18T10:52:09","date_gmt":"2024-06-18T09:58:40","guid":{"rendered":"https:\/\/www.haegergroup.com\/?post_type=product&#038;p=36302"},"modified":"2024-06-18T10:58:41","modified_gmt":"2024-06-18T09:58:41","slug":"cocina-de-gas-con-horno-electrico-haeger-60x60-64-l-4-zonas-acero-inoxidable-gris","status":"publish","type":"product","link":"https:\/\/www.haegergroup.com\/es\/producto\/cocina-de-gas-con-horno-electrico-haeger-60x60-64-l-4-zonas-acero-inoxidable-gris\/","title":{"rendered":"Cocina de Gas con Horno El\u00e9ctrico HAEGER 60\u00d760 &#8211; 64 L, 4 Zonas, Acero Inoxidable\/Gris"},"content":{"rendered":"<p>La cocina de gas HAEGER 60&#215;60 con horno el\u00e9ctrico est\u00e1 dise\u00f1ada para ofrecer versatilidad y eficiencia. La superficie de trabajo de acero inoxidable con cristal protector de pared garantiza durabilidad y f\u00e1cil limpieza, mientras que los cuatro quemadores con dispositivo de seguridad proporcionan versatilidad a la hora de preparar una gran variedad de recetas.<\/p>\n<p>El horno el\u00e9ctrico, con un volumen \u00fatil de 64 litros, est\u00e1 equipado con convecci\u00f3n, grill y luz interior, permitiendo hornear, gratinar y cocinar con precisi\u00f3n y practicidad. El consumo de energ\u00eda es eficiente, con 5,07 MJ (1,41 kWh) por ciclo en modo convencional. Incluye grill y bandeja recoge salsas, facilitando la preparaci\u00f3n y limpieza.<\/p>\n<p>La puerta del horno tiene doble acristalamiento y cristal extra\u00edble, proporcionando un mejor aislamiento t\u00e9rmico y facilitando la limpieza. Adem\u00e1s, el cristal protector de pared antisalpicaduras mantiene su cocina limpia y organizada. Los pies regulables garantizan estabilidad y adaptabilidad a cualquier espacio.<\/p>\n","protected":false},"excerpt":{"rendered":"<h2>Cocina de Gas 60&#215;60 con Horno El\u00e9ctrico<br \/>\nModelo: GC-SS6.009B<\/h2>\n<ul>\n<li>Superficie de trabajo de acero inoxidable con cristal protector de pared<\/li>\n<li>4 quemadores con dispositivo de seguridad<\/li>\n<li>Volumen \u00fatil del horno: 64 litros<\/li>\n<li>Consumo de energ\u00eda en modo convencional: 5,07MJ (1,41kWh)\/Ciclo<\/li>\n<li>Horno el\u00e9ctrico con convecci\u00f3n, grill y luz interior<\/li>\n<li>Grill y bandeja para recoger salsas<\/li>\n<li>Puerta de doble acristalamiento con cristal extra\u00edble para facilitar la limpieza<\/li>\n<li>Cristal de protecci\u00f3n antisalpicaduras<\/li>\n<li>Pies ajustables<\/li>\n<li>Dimensiones: An 600 x Pr 600 x Al 850 (mm)<\/li>\n<\/ul>\n","protected":false},"featured_media":36301,"template":"","meta":[],"product_cat":[168,174],"product_tag":[],"class_list":{"0":"post-36302","1":"product","2":"type-product","3":"status-publish","4":"has-post-thumbnail","6":"product_cat-cocina","7":"product_cat-cocinas-de-gas","9":"first","10":"instock","11":"shipping-taxable","12":"product-type-simple"},"yoast_head":"<!-- This site is optimized with the Yoast SEO plugin v24.1 - https:\/\/yoast.com\/wordpress\/plugins\/seo\/ -->\n<title>Cocina de Gas con Horno El\u00e9ctrico HAEGER 60\u00d760 - 64 L, 4 Zonas, Acero Inoxidable\/Gris - H\u00c6GER Eletrodom\u00e9sticos<\/title>\n<meta name=\"description\" content=\"Marca de Pequenos Eletrodom\u00e9sticos para a sua cozinha, cuidados pessoais, casa e climatiza\u00e7\u00e3o. A op\u00e7\u00e3o inteligente para a sua casa.\" \/>\n<meta name=\"robots\" content=\"index, follow, max-snippet:-1, max-image-preview:large, max-video-preview:-1\" \/>\n<link rel=\"canonical\" href=\"https:\/\/www.haegergroup.com\/es\/producto\/cocina-de-gas-con-horno-electrico-haeger-60x60-64-l-4-zonas-acero-inoxidable-gris\/\" \/>\n<meta property=\"og:locale\" content=\"es_ES\" \/>\n<meta property=\"og:type\" content=\"article\" \/>\n<meta property=\"og:title\" content=\"Cocina de Gas con Horno El\u00e9ctrico HAEGER 60\u00d760 - 64 L, 4 Zonas, Acero Inoxidable\/Gris - H\u00c6GER Eletrodom\u00e9sticos\" \/>\n<meta property=\"og:description\" content=\"Marca de Pequenos Eletrodom\u00e9sticos para a sua cozinha, cuidados pessoais, casa e climatiza\u00e7\u00e3o. A op\u00e7\u00e3o inteligente para a sua casa.\" \/>\n<meta property=\"og:url\" content=\"https:\/\/www.haegergroup.com\/es\/producto\/cocina-de-gas-con-horno-electrico-haeger-60x60-64-l-4-zonas-acero-inoxidable-gris\/\" \/>\n<meta property=\"og:site_name\" content=\"H\u00c6GER Eletrodom\u00e9sticos\" \/>\n<meta property=\"article:modified_time\" content=\"2024-06-18T09:58:41+00:00\" \/>\n<meta property=\"og:image\" content=\"https:\/\/www.haegergroup.com\/wp-content\/uploads\/GC-SS6.009B_1-1.jpg\" \/>\n\t<meta property=\"og:image:width\" content=\"1200\" \/>\n\t<meta property=\"og:image:height\" content=\"1200\" \/>\n\t<meta property=\"og:image:type\" content=\"image\/jpeg\" \/>\n<meta name=\"twitter:card\" content=\"summary_large_image\" \/>\n<meta name=\"twitter:label1\" content=\"Tiempo de lectura\" \/>\n\t<meta name=\"twitter:data1\" content=\"1 minuto\" \/>\n<script type=\"application\/ld+json\" class=\"yoast-schema-graph\">{\"@context\":\"https:\/\/schema.org\",\"@graph\":[{\"@type\":\"WebPage\",\"@id\":\"https:\/\/www.haegergroup.com\/es\/producto\/cocina-de-gas-con-horno-electrico-haeger-60x60-64-l-4-zonas-acero-inoxidable-gris\/\",\"url\":\"https:\/\/www.haegergroup.com\/es\/producto\/cocina-de-gas-con-horno-electrico-haeger-60x60-64-l-4-zonas-acero-inoxidable-gris\/\",\"name\":\"Cocina de Gas con Horno El\u00e9ctrico HAEGER 60\u00d760 - 64 L, 4 Zonas, Acero Inoxidable\/Gris - H\u00c6GER Eletrodom\u00e9sticos\",\"isPartOf\":{\"@id\":\"https:\/\/www.haegergroup.com\/es\/#website\"},\"primaryImageOfPage\":{\"@id\":\"https:\/\/www.haegergroup.com\/es\/producto\/cocina-de-gas-con-horno-electrico-haeger-60x60-64-l-4-zonas-acero-inoxidable-gris\/#primaryimage\"},\"image\":{\"@id\":\"https:\/\/www.haegergroup.com\/es\/producto\/cocina-de-gas-con-horno-electrico-haeger-60x60-64-l-4-zonas-acero-inoxidable-gris\/#primaryimage\"},\"thumbnailUrl\":\"https:\/\/www.haegergroup.com\/wp-content\/uploads\/GC-SS6.009B_1-1.jpg\",\"datePublished\":\"2024-06-18T09:58:40+00:00\",\"dateModified\":\"2024-06-18T09:58:41+00:00\",\"description\":\"Marca de Pequenos Eletrodom\u00e9sticos para a sua cozinha, cuidados pessoais, casa e climatiza\u00e7\u00e3o. A op\u00e7\u00e3o inteligente para a sua casa.\",\"breadcrumb\":{\"@id\":\"https:\/\/www.haegergroup.com\/es\/producto\/cocina-de-gas-con-horno-electrico-haeger-60x60-64-l-4-zonas-acero-inoxidable-gris\/#breadcrumb\"},\"inLanguage\":\"es\",\"potentialAction\":[{\"@type\":\"ReadAction\",\"target\":[\"https:\/\/www.haegergroup.com\/es\/producto\/cocina-de-gas-con-horno-electrico-haeger-60x60-64-l-4-zonas-acero-inoxidable-gris\/\"]}]},{\"@type\":\"ImageObject\",\"inLanguage\":\"es\",\"@id\":\"https:\/\/www.haegergroup.com\/es\/producto\/cocina-de-gas-con-horno-electrico-haeger-60x60-64-l-4-zonas-acero-inoxidable-gris\/#primaryimage\",\"url\":\"https:\/\/www.haegergroup.com\/wp-content\/uploads\/GC-SS6.009B_1-1.jpg\",\"contentUrl\":\"https:\/\/www.haegergroup.com\/wp-content\/uploads\/GC-SS6.009B_1-1.jpg\",\"width\":1200,\"height\":1200,\"caption\":\"fog\u00e3o a g\u00e1s com forno el\u00e9trico HAEGER 60x60\"},{\"@type\":\"BreadcrumbList\",\"@id\":\"https:\/\/www.haegergroup.com\/es\/producto\/cocina-de-gas-con-horno-electrico-haeger-60x60-64-l-4-zonas-acero-inoxidable-gris\/#breadcrumb\",\"itemListElement\":[{\"@type\":\"ListItem\",\"position\":1,\"name\":\"Portada\",\"item\":\"https:\/\/www.haegergroup.com\/es\/\"},{\"@type\":\"ListItem\",\"position\":2,\"name\":\"Productos\",\"item\":\"https:\/\/www.haegergroup.com\/es\/tienda\/\"},{\"@type\":\"ListItem\",\"position\":3,\"name\":\"Cocina de Gas con Horno El\u00e9ctrico HAEGER 60\u00d760 &#8211; 64 L, 4 Zonas, Acero Inoxidable\/Gris\"}]},{\"@type\":\"WebSite\",\"@id\":\"https:\/\/www.haegergroup.com\/es\/#website\",\"url\":\"https:\/\/www.haegergroup.com\/es\/\",\"name\":\"H\u00c6GER Eletrodom\u00e9sticos\",\"description\":\"A escolha inteligente\",\"publisher\":{\"@id\":\"https:\/\/www.haegergroup.com\/es\/#organization\"},\"potentialAction\":[{\"@type\":\"SearchAction\",\"target\":{\"@type\":\"EntryPoint\",\"urlTemplate\":\"https:\/\/www.haegergroup.com\/es\/?s={search_term_string}\"},\"query-input\":{\"@type\":\"PropertyValueSpecification\",\"valueRequired\":true,\"valueName\":\"search_term_string\"}}],\"inLanguage\":\"es\"},{\"@type\":\"Organization\",\"@id\":\"https:\/\/www.haegergroup.com\/es\/#organization\",\"name\":\"Haeger Electrodom\u00e9sticos\",\"url\":\"https:\/\/www.haegergroup.com\/es\/\",\"logo\":{\"@type\":\"ImageObject\",\"inLanguage\":\"es\",\"@id\":\"https:\/\/www.haegergroup.com\/es\/#\/schema\/logo\/image\/\",\"url\":\"https:\/\/www.haegergroup.com\/wp-content\/uploads\/2018\/05\/logo-web-220.png\",\"contentUrl\":\"https:\/\/www.haegergroup.com\/wp-content\/uploads\/2018\/05\/logo-web-220.png\",\"width\":220,\"height\":49,\"caption\":\"Haeger Electrodom\u00e9sticos\"},\"image\":{\"@id\":\"https:\/\/www.haegergroup.com\/es\/#\/schema\/logo\/image\/\"}}]}<\/script>\n<!-- \/ Yoast SEO plugin. -->","yoast_head_json":{"title":"Cocina de Gas con Horno El\u00e9ctrico HAEGER 60\u00d760 - 64 L, 4 Zonas, Acero Inoxidable\/Gris - H\u00c6GER Eletrodom\u00e9sticos","description":"Marca de Pequenos Eletrodom\u00e9sticos para a sua cozinha, cuidados pessoais, casa e climatiza\u00e7\u00e3o. A op\u00e7\u00e3o inteligente para a sua casa.","robots":{"index":"index","follow":"follow","max-snippet":"max-snippet:-1","max-image-preview":"max-image-preview:large","max-video-preview":"max-video-preview:-1"},"canonical":"https:\/\/www.haegergroup.com\/es\/producto\/cocina-de-gas-con-horno-electrico-haeger-60x60-64-l-4-zonas-acero-inoxidable-gris\/","og_locale":"es_ES","og_type":"article","og_title":"Cocina de Gas con Horno El\u00e9ctrico HAEGER 60\u00d760 - 64 L, 4 Zonas, Acero Inoxidable\/Gris - H\u00c6GER Eletrodom\u00e9sticos","og_description":"Marca de Pequenos Eletrodom\u00e9sticos para a sua cozinha, cuidados pessoais, casa e climatiza\u00e7\u00e3o. A op\u00e7\u00e3o inteligente para a sua casa.","og_url":"https:\/\/www.haegergroup.com\/es\/producto\/cocina-de-gas-con-horno-electrico-haeger-60x60-64-l-4-zonas-acero-inoxidable-gris\/","og_site_name":"H\u00c6GER Eletrodom\u00e9sticos","article_modified_time":"2024-06-18T09:58:41+00:00","og_image":[{"width":1200,"height":1200,"url":"https:\/\/www.haegergroup.com\/wp-content\/uploads\/GC-SS6.009B_1-1.jpg","type":"image\/jpeg"}],"twitter_card":"summary_large_image","twitter_misc":{"Tiempo de lectura":"1 minuto"},"schema":{"@context":"https:\/\/schema.org","@graph":[{"@type":"WebPage","@id":"https:\/\/www.haegergroup.com\/es\/producto\/cocina-de-gas-con-horno-electrico-haeger-60x60-64-l-4-zonas-acero-inoxidable-gris\/","url":"https:\/\/www.haegergroup.com\/es\/producto\/cocina-de-gas-con-horno-electrico-haeger-60x60-64-l-4-zonas-acero-inoxidable-gris\/","name":"Cocina de Gas con Horno El\u00e9ctrico HAEGER 60\u00d760 - 64 L, 4 Zonas, Acero Inoxidable\/Gris - H\u00c6GER Eletrodom\u00e9sticos","isPartOf":{"@id":"https:\/\/www.haegergroup.com\/es\/#website"},"primaryImageOfPage":{"@id":"https:\/\/www.haegergroup.com\/es\/producto\/cocina-de-gas-con-horno-electrico-haeger-60x60-64-l-4-zonas-acero-inoxidable-gris\/#primaryimage"},"image":{"@id":"https:\/\/www.haegergroup.com\/es\/producto\/cocina-de-gas-con-horno-electrico-haeger-60x60-64-l-4-zonas-acero-inoxidable-gris\/#primaryimage"},"thumbnailUrl":"https:\/\/www.haegergroup.com\/wp-content\/uploads\/GC-SS6.009B_1-1.jpg","datePublished":"2024-06-18T09:58:40+00:00","dateModified":"2024-06-18T09:58:41+00:00","description":"Marca de Pequenos Eletrodom\u00e9sticos para a sua cozinha, cuidados pessoais, casa e climatiza\u00e7\u00e3o. A op\u00e7\u00e3o inteligente para a sua casa.","breadcrumb":{"@id":"https:\/\/www.haegergroup.com\/es\/producto\/cocina-de-gas-con-horno-electrico-haeger-60x60-64-l-4-zonas-acero-inoxidable-gris\/#breadcrumb"},"inLanguage":"es","potentialAction":[{"@type":"ReadAction","target":["https:\/\/www.haegergroup.com\/es\/producto\/cocina-de-gas-con-horno-electrico-haeger-60x60-64-l-4-zonas-acero-inoxidable-gris\/"]}]},{"@type":"ImageObject","inLanguage":"es","@id":"https:\/\/www.haegergroup.com\/es\/producto\/cocina-de-gas-con-horno-electrico-haeger-60x60-64-l-4-zonas-acero-inoxidable-gris\/#primaryimage","url":"https:\/\/www.haegergroup.com\/wp-content\/uploads\/GC-SS6.009B_1-1.jpg","contentUrl":"https:\/\/www.haegergroup.com\/wp-content\/uploads\/GC-SS6.009B_1-1.jpg","width":1200,"height":1200,"caption":"fog\u00e3o a g\u00e1s com forno el\u00e9trico HAEGER 60x60"},{"@type":"BreadcrumbList","@id":"https:\/\/www.haegergroup.com\/es\/producto\/cocina-de-gas-con-horno-electrico-haeger-60x60-64-l-4-zonas-acero-inoxidable-gris\/#breadcrumb","itemListElement":[{"@type":"ListItem","position":1,"name":"Portada","item":"https:\/\/www.haegergroup.com\/es\/"},{"@type":"ListItem","position":2,"name":"Productos","item":"https:\/\/www.haegergroup.com\/es\/tienda\/"},{"@type":"ListItem","position":3,"name":"Cocina de Gas con Horno El\u00e9ctrico HAEGER 60\u00d760 &#8211; 64 L, 4 Zonas, Acero Inoxidable\/Gris"}]},{"@type":"WebSite","@id":"https:\/\/www.haegergroup.com\/es\/#website","url":"https:\/\/www.haegergroup.com\/es\/","name":"H\u00c6GER Eletrodom\u00e9sticos","description":"A escolha inteligente","publisher":{"@id":"https:\/\/www.haegergroup.com\/es\/#organization"},"potentialAction":[{"@type":"SearchAction","target":{"@type":"EntryPoint","urlTemplate":"https:\/\/www.haegergroup.com\/es\/?s={search_term_string}"},"query-input":{"@type":"PropertyValueSpecification","valueRequired":true,"valueName":"search_term_string"}}],"inLanguage":"es"},{"@type":"Organization","@id":"https:\/\/www.haegergroup.com\/es\/#organization","name":"Haeger Electrodom\u00e9sticos","url":"https:\/\/www.haegergroup.com\/es\/","logo":{"@type":"ImageObject","inLanguage":"es","@id":"https:\/\/www.haegergroup.com\/es\/#\/schema\/logo\/image\/","url":"https:\/\/www.haegergroup.com\/wp-content\/uploads\/2018\/05\/logo-web-220.png","contentUrl":"https:\/\/www.haegergroup.com\/wp-content\/uploads\/2018\/05\/logo-web-220.png","width":220,"height":49,"caption":"Haeger Electrodom\u00e9sticos"},"image":{"@id":"https:\/\/www.haegergroup.com\/es\/#\/schema\/logo\/image\/"}}]}},"_links":{"self":[{"href":"https:\/\/www.haegergroup.com\/es\/wp-json\/wp\/v2\/product\/36302","targetHints":{"allow":["GET"]}}],"collection":[{"href":"https:\/\/www.haegergroup.com\/es\/wp-json\/wp\/v2\/product"}],"about":[{"href":"https:\/\/www.haegergroup.com\/es\/wp-json\/wp\/v2\/types\/product"}],"wp:featuredmedia":[{"embeddable":true,"href":"https:\/\/www.haegergroup.com\/es\/wp-json\/wp\/v2\/media\/36301"}],"wp:attachment":[{"href":"https:\/\/www.haegergroup.com\/es\/wp-json\/wp\/v2\/media?parent=36302"}],"wp:term":[{"taxonomy":"product_cat","embeddable":true,"href":"https:\/\/www.haegergroup.com\/es\/wp-json\/wp\/v2\/product_cat?post=36302"},{"taxonomy":"product_tag","embeddable":true,"href":"https:\/\/www.haegergroup.com\/es\/wp-json\/wp\/v2\/product_tag?post=36302"}],"curies":[{"name":"wp","href":"https:\/\/api.w.org\/{rel}","templated":true}]}}