{"id":36287,"date":"2024-06-17T17:50:15","date_gmt":"2024-06-17T17:11:07","guid":{"rendered":"https:\/\/www.haegergroup.com\/?post_type=product&#038;p=36287"},"modified":"2024-06-17T18:11:07","modified_gmt":"2024-06-17T17:11:07","slug":"cocina-de-gas-haeger-50x50-46-litros-4-zonas-blanco","status":"publish","type":"product","link":"https:\/\/www.haegergroup.com\/es\/producto\/cocina-de-gas-haeger-50x50-46-litros-4-zonas-blanco\/","title":{"rendered":"Cocina de Gas HAEGER 50\u00d750 \u2013 46 Litros, 4 Zonas, Blanco"},"content":{"rendered":"<p>La cocina de gas HAEGER 50\u00d750 combina tecnolog\u00eda y un dise\u00f1o robusto para cocinar de forma eficiente y segura. La superficie de trabajo de acero inoxidable con cristal protector de pared garantiza durabilidad y f\u00e1cil limpieza, mientras que los cuatro quemadores con dispositivo de seguridad ofrecen versatilidad y protecci\u00f3n contra fugas de gas.<\/p>\n<p>El horno de gas, tambi\u00e9n equipado con dispositivo de seguridad, tiene un volumen \u00fatil de 46 litros, ideal para asar, gratinar y cocinar una gran variedad de platos. El consumo de energ\u00eda es eficiente, con 5,07 MJ (1,41 kWh) por ciclo en modo convencional. Incluye un grill y una bandeja para recoger salsas, facilitando la preparaci\u00f3n y la limpieza.<\/p>\n<p>La puerta del horno est\u00e1 fabricada con doble acristalamiento, proporcionando un mejor aislamiento t\u00e9rmico y seguridad, as\u00ed como un acristalamiento protector antisalpicaduras que mantiene limpia su cocina. Los pies ajustables garantizan que la cocina se adapte perfectamente a su espacio.<\/p>\n","protected":false},"excerpt":{"rendered":"<h2>Cocina de Gas 50&#215;50 (Blanco)<br \/>\nModelo: GC-SW5.005D<\/h2>\n<ul>\n<li>Mesa de trabajo de acero inoxidable con protector de pared de cristal<\/li>\n<li>4 quemadores con dispositivo de seguridad<\/li>\n<li>Horno de gas con dispositivo de seguridad<\/li>\n<li>Volumen \u00fatil del horno: 46 litros<\/li>\n<li>Consumo de energ\u00eda en modo convencional: 5,07MJ (1,41kWh)\/ciclo<\/li>\n<li>Grill y bandeja para recoger salsas<\/li>\n<li>Puerta de doble cristal<\/li>\n<li>Cristal de protecci\u00f3n antisalpicaduras<\/li>\n<li>Pies ajustables<\/li>\n<li>Dimensiones: An 500 x Pr 500 x Al 850 (mm)<\/li>\n<\/ul>\n","protected":false},"featured_media":36285,"template":"","meta":[],"product_cat":[168,174],"product_tag":[],"class_list":{"0":"post-36287","1":"product","2":"type-product","3":"status-publish","4":"has-post-thumbnail","6":"product_cat-cocina","7":"product_cat-cocinas-de-gas","9":"first","10":"instock","11":"shipping-taxable","12":"product-type-simple"},"yoast_head":"<!-- This site is optimized with the Yoast SEO plugin v24.1 - https:\/\/yoast.com\/wordpress\/plugins\/seo\/ -->\n<title>Cocina de Gas HAEGER 50\u00d750 \u2013 46 Litros, 4 Zonas, Blanco - H\u00c6GER Eletrodom\u00e9sticos<\/title>\n<meta name=\"description\" content=\"Marca de Pequenos Eletrodom\u00e9sticos para a sua cozinha, cuidados pessoais, casa e climatiza\u00e7\u00e3o. A op\u00e7\u00e3o inteligente para a sua casa.\" \/>\n<meta name=\"robots\" content=\"index, follow, max-snippet:-1, max-image-preview:large, max-video-preview:-1\" \/>\n<link rel=\"canonical\" href=\"https:\/\/www.haegergroup.com\/es\/producto\/cocina-de-gas-haeger-50x50-46-litros-4-zonas-blanco\/\" \/>\n<meta property=\"og:locale\" content=\"es_ES\" \/>\n<meta property=\"og:type\" content=\"article\" \/>\n<meta property=\"og:title\" content=\"Cocina de Gas HAEGER 50\u00d750 \u2013 46 Litros, 4 Zonas, Blanco - H\u00c6GER Eletrodom\u00e9sticos\" \/>\n<meta property=\"og:description\" content=\"Marca de Pequenos Eletrodom\u00e9sticos para a sua cozinha, cuidados pessoais, casa e climatiza\u00e7\u00e3o. A op\u00e7\u00e3o inteligente para a sua casa.\" \/>\n<meta property=\"og:url\" content=\"https:\/\/www.haegergroup.com\/es\/producto\/cocina-de-gas-haeger-50x50-46-litros-4-zonas-blanco\/\" \/>\n<meta property=\"og:site_name\" content=\"H\u00c6GER Eletrodom\u00e9sticos\" \/>\n<meta property=\"og:image\" content=\"https:\/\/www.haegergroup.com\/wp-content\/uploads\/GC-SW5.005D_1-1.jpg\" \/>\n\t<meta property=\"og:image:width\" content=\"1200\" \/>\n\t<meta property=\"og:image:height\" content=\"1200\" \/>\n\t<meta property=\"og:image:type\" content=\"image\/jpeg\" \/>\n<meta name=\"twitter:card\" content=\"summary_large_image\" \/>\n<meta name=\"twitter:label1\" content=\"Tiempo de lectura\" \/>\n\t<meta name=\"twitter:data1\" content=\"1 minuto\" \/>\n<script type=\"application\/ld+json\" class=\"yoast-schema-graph\">{\"@context\":\"https:\/\/schema.org\",\"@graph\":[{\"@type\":\"WebPage\",\"@id\":\"https:\/\/www.haegergroup.com\/es\/producto\/cocina-de-gas-haeger-50x50-46-litros-4-zonas-blanco\/\",\"url\":\"https:\/\/www.haegergroup.com\/es\/producto\/cocina-de-gas-haeger-50x50-46-litros-4-zonas-blanco\/\",\"name\":\"Cocina de Gas HAEGER 50\u00d750 \u2013 46 Litros, 4 Zonas, Blanco - H\u00c6GER Eletrodom\u00e9sticos\",\"isPartOf\":{\"@id\":\"https:\/\/www.haegergroup.com\/es\/#website\"},\"primaryImageOfPage\":{\"@id\":\"https:\/\/www.haegergroup.com\/es\/producto\/cocina-de-gas-haeger-50x50-46-litros-4-zonas-blanco\/#primaryimage\"},\"image\":{\"@id\":\"https:\/\/www.haegergroup.com\/es\/producto\/cocina-de-gas-haeger-50x50-46-litros-4-zonas-blanco\/#primaryimage\"},\"thumbnailUrl\":\"https:\/\/www.haegergroup.com\/wp-content\/uploads\/GC-SW5.005D_1-1.jpg\",\"datePublished\":\"2024-06-17T17:11:07+00:00\",\"dateModified\":\"2024-06-17T17:11:07+00:00\",\"description\":\"Marca de Pequenos Eletrodom\u00e9sticos para a sua cozinha, cuidados pessoais, casa e climatiza\u00e7\u00e3o. A op\u00e7\u00e3o inteligente para a sua casa.\",\"breadcrumb\":{\"@id\":\"https:\/\/www.haegergroup.com\/es\/producto\/cocina-de-gas-haeger-50x50-46-litros-4-zonas-blanco\/#breadcrumb\"},\"inLanguage\":\"es\",\"potentialAction\":[{\"@type\":\"ReadAction\",\"target\":[\"https:\/\/www.haegergroup.com\/es\/producto\/cocina-de-gas-haeger-50x50-46-litros-4-zonas-blanco\/\"]}]},{\"@type\":\"ImageObject\",\"inLanguage\":\"es\",\"@id\":\"https:\/\/www.haegergroup.com\/es\/producto\/cocina-de-gas-haeger-50x50-46-litros-4-zonas-blanco\/#primaryimage\",\"url\":\"https:\/\/www.haegergroup.com\/wp-content\/uploads\/GC-SW5.005D_1-1.jpg\",\"contentUrl\":\"https:\/\/www.haegergroup.com\/wp-content\/uploads\/GC-SW5.005D_1-1.jpg\",\"width\":1200,\"height\":1200,\"caption\":\"fog\u00e3o a g\u00e1s 50x50 HAEGER em branco\"},{\"@type\":\"BreadcrumbList\",\"@id\":\"https:\/\/www.haegergroup.com\/es\/producto\/cocina-de-gas-haeger-50x50-46-litros-4-zonas-blanco\/#breadcrumb\",\"itemListElement\":[{\"@type\":\"ListItem\",\"position\":1,\"name\":\"Portada\",\"item\":\"https:\/\/www.haegergroup.com\/es\/\"},{\"@type\":\"ListItem\",\"position\":2,\"name\":\"Productos\",\"item\":\"https:\/\/www.haegergroup.com\/es\/tienda\/\"},{\"@type\":\"ListItem\",\"position\":3,\"name\":\"Cocina de Gas HAEGER 50\u00d750 \u2013 46 Litros, 4 Zonas, Blanco\"}]},{\"@type\":\"WebSite\",\"@id\":\"https:\/\/www.haegergroup.com\/es\/#website\",\"url\":\"https:\/\/www.haegergroup.com\/es\/\",\"name\":\"H\u00c6GER Eletrodom\u00e9sticos\",\"description\":\"A escolha inteligente\",\"publisher\":{\"@id\":\"https:\/\/www.haegergroup.com\/es\/#organization\"},\"potentialAction\":[{\"@type\":\"SearchAction\",\"target\":{\"@type\":\"EntryPoint\",\"urlTemplate\":\"https:\/\/www.haegergroup.com\/es\/?s={search_term_string}\"},\"query-input\":{\"@type\":\"PropertyValueSpecification\",\"valueRequired\":true,\"valueName\":\"search_term_string\"}}],\"inLanguage\":\"es\"},{\"@type\":\"Organization\",\"@id\":\"https:\/\/www.haegergroup.com\/es\/#organization\",\"name\":\"Haeger Electrodom\u00e9sticos\",\"url\":\"https:\/\/www.haegergroup.com\/es\/\",\"logo\":{\"@type\":\"ImageObject\",\"inLanguage\":\"es\",\"@id\":\"https:\/\/www.haegergroup.com\/es\/#\/schema\/logo\/image\/\",\"url\":\"https:\/\/www.haegergroup.com\/wp-content\/uploads\/2018\/05\/logo-web-220.png\",\"contentUrl\":\"https:\/\/www.haegergroup.com\/wp-content\/uploads\/2018\/05\/logo-web-220.png\",\"width\":220,\"height\":49,\"caption\":\"Haeger Electrodom\u00e9sticos\"},\"image\":{\"@id\":\"https:\/\/www.haegergroup.com\/es\/#\/schema\/logo\/image\/\"}}]}<\/script>\n<!-- \/ Yoast SEO plugin. -->","yoast_head_json":{"title":"Cocina de Gas HAEGER 50\u00d750 \u2013 46 Litros, 4 Zonas, Blanco - H\u00c6GER Eletrodom\u00e9sticos","description":"Marca de Pequenos Eletrodom\u00e9sticos para a sua cozinha, cuidados pessoais, casa e climatiza\u00e7\u00e3o. A op\u00e7\u00e3o inteligente para a sua casa.","robots":{"index":"index","follow":"follow","max-snippet":"max-snippet:-1","max-image-preview":"max-image-preview:large","max-video-preview":"max-video-preview:-1"},"canonical":"https:\/\/www.haegergroup.com\/es\/producto\/cocina-de-gas-haeger-50x50-46-litros-4-zonas-blanco\/","og_locale":"es_ES","og_type":"article","og_title":"Cocina de Gas HAEGER 50\u00d750 \u2013 46 Litros, 4 Zonas, Blanco - H\u00c6GER Eletrodom\u00e9sticos","og_description":"Marca de Pequenos Eletrodom\u00e9sticos para a sua cozinha, cuidados pessoais, casa e climatiza\u00e7\u00e3o. A op\u00e7\u00e3o inteligente para a sua casa.","og_url":"https:\/\/www.haegergroup.com\/es\/producto\/cocina-de-gas-haeger-50x50-46-litros-4-zonas-blanco\/","og_site_name":"H\u00c6GER Eletrodom\u00e9sticos","og_image":[{"width":1200,"height":1200,"url":"https:\/\/www.haegergroup.com\/wp-content\/uploads\/GC-SW5.005D_1-1.jpg","type":"image\/jpeg"}],"twitter_card":"summary_large_image","twitter_misc":{"Tiempo de lectura":"1 minuto"},"schema":{"@context":"https:\/\/schema.org","@graph":[{"@type":"WebPage","@id":"https:\/\/www.haegergroup.com\/es\/producto\/cocina-de-gas-haeger-50x50-46-litros-4-zonas-blanco\/","url":"https:\/\/www.haegergroup.com\/es\/producto\/cocina-de-gas-haeger-50x50-46-litros-4-zonas-blanco\/","name":"Cocina de Gas HAEGER 50\u00d750 \u2013 46 Litros, 4 Zonas, Blanco - H\u00c6GER Eletrodom\u00e9sticos","isPartOf":{"@id":"https:\/\/www.haegergroup.com\/es\/#website"},"primaryImageOfPage":{"@id":"https:\/\/www.haegergroup.com\/es\/producto\/cocina-de-gas-haeger-50x50-46-litros-4-zonas-blanco\/#primaryimage"},"image":{"@id":"https:\/\/www.haegergroup.com\/es\/producto\/cocina-de-gas-haeger-50x50-46-litros-4-zonas-blanco\/#primaryimage"},"thumbnailUrl":"https:\/\/www.haegergroup.com\/wp-content\/uploads\/GC-SW5.005D_1-1.jpg","datePublished":"2024-06-17T17:11:07+00:00","dateModified":"2024-06-17T17:11:07+00:00","description":"Marca de Pequenos Eletrodom\u00e9sticos para a sua cozinha, cuidados pessoais, casa e climatiza\u00e7\u00e3o. A op\u00e7\u00e3o inteligente para a sua casa.","breadcrumb":{"@id":"https:\/\/www.haegergroup.com\/es\/producto\/cocina-de-gas-haeger-50x50-46-litros-4-zonas-blanco\/#breadcrumb"},"inLanguage":"es","potentialAction":[{"@type":"ReadAction","target":["https:\/\/www.haegergroup.com\/es\/producto\/cocina-de-gas-haeger-50x50-46-litros-4-zonas-blanco\/"]}]},{"@type":"ImageObject","inLanguage":"es","@id":"https:\/\/www.haegergroup.com\/es\/producto\/cocina-de-gas-haeger-50x50-46-litros-4-zonas-blanco\/#primaryimage","url":"https:\/\/www.haegergroup.com\/wp-content\/uploads\/GC-SW5.005D_1-1.jpg","contentUrl":"https:\/\/www.haegergroup.com\/wp-content\/uploads\/GC-SW5.005D_1-1.jpg","width":1200,"height":1200,"caption":"fog\u00e3o a g\u00e1s 50x50 HAEGER em branco"},{"@type":"BreadcrumbList","@id":"https:\/\/www.haegergroup.com\/es\/producto\/cocina-de-gas-haeger-50x50-46-litros-4-zonas-blanco\/#breadcrumb","itemListElement":[{"@type":"ListItem","position":1,"name":"Portada","item":"https:\/\/www.haegergroup.com\/es\/"},{"@type":"ListItem","position":2,"name":"Productos","item":"https:\/\/www.haegergroup.com\/es\/tienda\/"},{"@type":"ListItem","position":3,"name":"Cocina de Gas HAEGER 50\u00d750 \u2013 46 Litros, 4 Zonas, Blanco"}]},{"@type":"WebSite","@id":"https:\/\/www.haegergroup.com\/es\/#website","url":"https:\/\/www.haegergroup.com\/es\/","name":"H\u00c6GER Eletrodom\u00e9sticos","description":"A escolha inteligente","publisher":{"@id":"https:\/\/www.haegergroup.com\/es\/#organization"},"potentialAction":[{"@type":"SearchAction","target":{"@type":"EntryPoint","urlTemplate":"https:\/\/www.haegergroup.com\/es\/?s={search_term_string}"},"query-input":{"@type":"PropertyValueSpecification","valueRequired":true,"valueName":"search_term_string"}}],"inLanguage":"es"},{"@type":"Organization","@id":"https:\/\/www.haegergroup.com\/es\/#organization","name":"Haeger Electrodom\u00e9sticos","url":"https:\/\/www.haegergroup.com\/es\/","logo":{"@type":"ImageObject","inLanguage":"es","@id":"https:\/\/www.haegergroup.com\/es\/#\/schema\/logo\/image\/","url":"https:\/\/www.haegergroup.com\/wp-content\/uploads\/2018\/05\/logo-web-220.png","contentUrl":"https:\/\/www.haegergroup.com\/wp-content\/uploads\/2018\/05\/logo-web-220.png","width":220,"height":49,"caption":"Haeger Electrodom\u00e9sticos"},"image":{"@id":"https:\/\/www.haegergroup.com\/es\/#\/schema\/logo\/image\/"}}]}},"_links":{"self":[{"href":"https:\/\/www.haegergroup.com\/es\/wp-json\/wp\/v2\/product\/36287","targetHints":{"allow":["GET"]}}],"collection":[{"href":"https:\/\/www.haegergroup.com\/es\/wp-json\/wp\/v2\/product"}],"about":[{"href":"https:\/\/www.haegergroup.com\/es\/wp-json\/wp\/v2\/types\/product"}],"wp:featuredmedia":[{"embeddable":true,"href":"https:\/\/www.haegergroup.com\/es\/wp-json\/wp\/v2\/media\/36285"}],"wp:attachment":[{"href":"https:\/\/www.haegergroup.com\/es\/wp-json\/wp\/v2\/media?parent=36287"}],"wp:term":[{"taxonomy":"product_cat","embeddable":true,"href":"https:\/\/www.haegergroup.com\/es\/wp-json\/wp\/v2\/product_cat?post=36287"},{"taxonomy":"product_tag","embeddable":true,"href":"https:\/\/www.haegergroup.com\/es\/wp-json\/wp\/v2\/product_tag?post=36287"}],"curies":[{"name":"wp","href":"https:\/\/api.w.org\/{rel}","templated":true}]}}