{"id":36178,"date":"2024-05-13T13:01:28","date_gmt":"2024-05-13T16:27:39","guid":{"rendered":"https:\/\/www.haegergroup.com\/?post_type=product&#038;p=36178"},"modified":"2024-05-13T17:27:40","modified_gmt":"2024-05-13T16:27:40","slug":"frigorifico-con-congelador-haeger-north-pole-260-244l-blanco-classe-e","status":"publish","type":"product","link":"https:\/\/www.haegergroup.com\/es\/producto\/frigorifico-con-congelador-haeger-north-pole-260-244l-blanco-classe-e\/","title":{"rendered":"Frigor\u00edfico con Congelador HAEGER North Pole 260 \u2013 244L, Blanco, Classe E"},"content":{"rendered":"<p>Frigor\u00edfico de 2 puertas con congelador, capacidad \u00fatil total de 244 litros, con una capacidad de frigor\u00edfico de 187 L y una capacidad de congelador de 57 L.<br \/>\nDimensiones (An x Pr x Al): 540m x 555mm x 1715mm y clase energ\u00e9tica E.<\/p>\n","protected":false},"excerpt":{"rendered":"<h2>Frigor\u00edfico de duas portas North Pole 260<br \/>\nModelo:RE-26W.032A<\/h2>\n<ul>\n<li>Tipo: Instala\u00e7\u00e3o livre \/ Congelador superior<\/li>\n<li>Classe de efici\u00eancia energ\u00e9tica: E<\/li>\n<li>Pot\u00eancia da L\u00e2mpada 10 W<\/li>\n<li>Classe clim\u00e1tica: N\/ST<\/li>\n<li>Consumo anual de energia: 195 kWh<\/li>\n<li>Capacidade: 244 litros<\/li>\n<li>Frigorifico: 187 litros<\/li>\n<li>Congelador: 57 litros<\/li>\n<li>Refrigerante: R600a (57g)<\/li>\n<li>Capacidade do congelador: 3.9 kg\/24h<\/li>\n<li>Tipo de descongelamento Manual<\/li>\n<li>Classe Clim\u00e1tica N\/ST (+16 \u00baC a +38 \u00baC)<\/li>\n<li>Emiss\u00e3o de ruido: 41 dB<\/li>\n<li>Classifica\u00e7\u00e3o por Estrelas: 4 estrelas<\/li>\n<li>Dimens\u00f5es (L x P x A): 545mm x 585mm x 1750mm<\/li>\n<li>Peso : 46 kg<\/li>\n<\/ul>\n","protected":false},"featured_media":36175,"template":"","meta":[],"product_cat":[197,198],"product_tag":[],"class_list":{"0":"post-36178","1":"product","2":"type-product","3":"status-publish","4":"has-post-thumbnail","6":"product_cat-frio","7":"product_cat-frigorificos","9":"first","10":"instock","11":"shipping-taxable","12":"product-type-simple"},"yoast_head":"<!-- This site is optimized with the Yoast SEO plugin v24.1 - https:\/\/yoast.com\/wordpress\/plugins\/seo\/ -->\n<title>Frigor\u00edfico con Congelador HAEGER North Pole 260 \u2013 244L, Blanco, Classe E - H\u00c6GER Eletrodom\u00e9sticos<\/title>\n<meta name=\"description\" content=\"Marca de Pequenos Eletrodom\u00e9sticos para a sua cozinha, cuidados pessoais, casa e climatiza\u00e7\u00e3o. A op\u00e7\u00e3o inteligente para a sua casa.\" \/>\n<meta name=\"robots\" content=\"index, follow, max-snippet:-1, max-image-preview:large, max-video-preview:-1\" \/>\n<link rel=\"canonical\" href=\"https:\/\/www.haegergroup.com\/es\/producto\/frigorifico-con-congelador-haeger-north-pole-260-244l-blanco-classe-e\/\" \/>\n<meta property=\"og:locale\" content=\"es_ES\" \/>\n<meta property=\"og:type\" content=\"article\" \/>\n<meta property=\"og:title\" content=\"Frigor\u00edfico con Congelador HAEGER North Pole 260 \u2013 244L, Blanco, Classe E - H\u00c6GER Eletrodom\u00e9sticos\" \/>\n<meta property=\"og:description\" content=\"Marca de Pequenos Eletrodom\u00e9sticos para a sua cozinha, cuidados pessoais, casa e climatiza\u00e7\u00e3o. A op\u00e7\u00e3o inteligente para a sua casa.\" \/>\n<meta property=\"og:url\" content=\"https:\/\/www.haegergroup.com\/es\/producto\/frigorifico-con-congelador-haeger-north-pole-260-244l-blanco-classe-e\/\" \/>\n<meta property=\"og:site_name\" content=\"H\u00c6GER Eletrodom\u00e9sticos\" \/>\n<meta property=\"article:modified_time\" content=\"2024-05-13T16:27:40+00:00\" \/>\n<meta property=\"og:image\" content=\"https:\/\/www.haegergroup.com\/wp-content\/uploads\/RE-26W.032A_1-1.jpg\" \/>\n\t<meta property=\"og:image:width\" content=\"1200\" \/>\n\t<meta property=\"og:image:height\" content=\"1200\" \/>\n\t<meta property=\"og:image:type\" content=\"image\/jpeg\" \/>\n<meta name=\"twitter:card\" content=\"summary_large_image\" \/>\n<meta name=\"twitter:label1\" content=\"Tiempo de lectura\" \/>\n\t<meta name=\"twitter:data1\" content=\"1 minuto\" \/>\n<script type=\"application\/ld+json\" class=\"yoast-schema-graph\">{\"@context\":\"https:\/\/schema.org\",\"@graph\":[{\"@type\":\"WebPage\",\"@id\":\"https:\/\/www.haegergroup.com\/es\/producto\/frigorifico-con-congelador-haeger-north-pole-260-244l-blanco-classe-e\/\",\"url\":\"https:\/\/www.haegergroup.com\/es\/producto\/frigorifico-con-congelador-haeger-north-pole-260-244l-blanco-classe-e\/\",\"name\":\"Frigor\u00edfico con Congelador HAEGER North Pole 260 \u2013 244L, Blanco, Classe E - H\u00c6GER Eletrodom\u00e9sticos\",\"isPartOf\":{\"@id\":\"https:\/\/www.haegergroup.com\/es\/#website\"},\"primaryImageOfPage\":{\"@id\":\"https:\/\/www.haegergroup.com\/es\/producto\/frigorifico-con-congelador-haeger-north-pole-260-244l-blanco-classe-e\/#primaryimage\"},\"image\":{\"@id\":\"https:\/\/www.haegergroup.com\/es\/producto\/frigorifico-con-congelador-haeger-north-pole-260-244l-blanco-classe-e\/#primaryimage\"},\"thumbnailUrl\":\"https:\/\/www.haegergroup.com\/wp-content\/uploads\/RE-26W.032A_1-1.jpg\",\"datePublished\":\"2024-05-13T16:27:39+00:00\",\"dateModified\":\"2024-05-13T16:27:40+00:00\",\"description\":\"Marca de Pequenos Eletrodom\u00e9sticos para a sua cozinha, cuidados pessoais, casa e climatiza\u00e7\u00e3o. A op\u00e7\u00e3o inteligente para a sua casa.\",\"breadcrumb\":{\"@id\":\"https:\/\/www.haegergroup.com\/es\/producto\/frigorifico-con-congelador-haeger-north-pole-260-244l-blanco-classe-e\/#breadcrumb\"},\"inLanguage\":\"es\",\"potentialAction\":[{\"@type\":\"ReadAction\",\"target\":[\"https:\/\/www.haegergroup.com\/es\/producto\/frigorifico-con-congelador-haeger-north-pole-260-244l-blanco-classe-e\/\"]}]},{\"@type\":\"ImageObject\",\"inLanguage\":\"es\",\"@id\":\"https:\/\/www.haegergroup.com\/es\/producto\/frigorifico-con-congelador-haeger-north-pole-260-244l-blanco-classe-e\/#primaryimage\",\"url\":\"https:\/\/www.haegergroup.com\/wp-content\/uploads\/RE-26W.032A_1-1.jpg\",\"contentUrl\":\"https:\/\/www.haegergroup.com\/wp-content\/uploads\/RE-26W.032A_1-1.jpg\",\"width\":1200,\"height\":1200},{\"@type\":\"BreadcrumbList\",\"@id\":\"https:\/\/www.haegergroup.com\/es\/producto\/frigorifico-con-congelador-haeger-north-pole-260-244l-blanco-classe-e\/#breadcrumb\",\"itemListElement\":[{\"@type\":\"ListItem\",\"position\":1,\"name\":\"Portada\",\"item\":\"https:\/\/www.haegergroup.com\/es\/\"},{\"@type\":\"ListItem\",\"position\":2,\"name\":\"Productos\",\"item\":\"https:\/\/www.haegergroup.com\/es\/tienda\/\"},{\"@type\":\"ListItem\",\"position\":3,\"name\":\"Frigor\u00edfico con Congelador HAEGER North Pole 260 \u2013 244L, Blanco, Classe E\"}]},{\"@type\":\"WebSite\",\"@id\":\"https:\/\/www.haegergroup.com\/es\/#website\",\"url\":\"https:\/\/www.haegergroup.com\/es\/\",\"name\":\"H\u00c6GER Eletrodom\u00e9sticos\",\"description\":\"A escolha inteligente\",\"publisher\":{\"@id\":\"https:\/\/www.haegergroup.com\/es\/#organization\"},\"potentialAction\":[{\"@type\":\"SearchAction\",\"target\":{\"@type\":\"EntryPoint\",\"urlTemplate\":\"https:\/\/www.haegergroup.com\/es\/?s={search_term_string}\"},\"query-input\":{\"@type\":\"PropertyValueSpecification\",\"valueRequired\":true,\"valueName\":\"search_term_string\"}}],\"inLanguage\":\"es\"},{\"@type\":\"Organization\",\"@id\":\"https:\/\/www.haegergroup.com\/es\/#organization\",\"name\":\"Haeger Electrodom\u00e9sticos\",\"url\":\"https:\/\/www.haegergroup.com\/es\/\",\"logo\":{\"@type\":\"ImageObject\",\"inLanguage\":\"es\",\"@id\":\"https:\/\/www.haegergroup.com\/es\/#\/schema\/logo\/image\/\",\"url\":\"https:\/\/www.haegergroup.com\/wp-content\/uploads\/2018\/05\/logo-web-220.png\",\"contentUrl\":\"https:\/\/www.haegergroup.com\/wp-content\/uploads\/2018\/05\/logo-web-220.png\",\"width\":220,\"height\":49,\"caption\":\"Haeger Electrodom\u00e9sticos\"},\"image\":{\"@id\":\"https:\/\/www.haegergroup.com\/es\/#\/schema\/logo\/image\/\"}}]}<\/script>\n<!-- \/ Yoast SEO plugin. -->","yoast_head_json":{"title":"Frigor\u00edfico con Congelador HAEGER North Pole 260 \u2013 244L, Blanco, Classe E - H\u00c6GER Eletrodom\u00e9sticos","description":"Marca de Pequenos Eletrodom\u00e9sticos para a sua cozinha, cuidados pessoais, casa e climatiza\u00e7\u00e3o. A op\u00e7\u00e3o inteligente para a sua casa.","robots":{"index":"index","follow":"follow","max-snippet":"max-snippet:-1","max-image-preview":"max-image-preview:large","max-video-preview":"max-video-preview:-1"},"canonical":"https:\/\/www.haegergroup.com\/es\/producto\/frigorifico-con-congelador-haeger-north-pole-260-244l-blanco-classe-e\/","og_locale":"es_ES","og_type":"article","og_title":"Frigor\u00edfico con Congelador HAEGER North Pole 260 \u2013 244L, Blanco, Classe E - H\u00c6GER Eletrodom\u00e9sticos","og_description":"Marca de Pequenos Eletrodom\u00e9sticos para a sua cozinha, cuidados pessoais, casa e climatiza\u00e7\u00e3o. A op\u00e7\u00e3o inteligente para a sua casa.","og_url":"https:\/\/www.haegergroup.com\/es\/producto\/frigorifico-con-congelador-haeger-north-pole-260-244l-blanco-classe-e\/","og_site_name":"H\u00c6GER Eletrodom\u00e9sticos","article_modified_time":"2024-05-13T16:27:40+00:00","og_image":[{"width":1200,"height":1200,"url":"https:\/\/www.haegergroup.com\/wp-content\/uploads\/RE-26W.032A_1-1.jpg","type":"image\/jpeg"}],"twitter_card":"summary_large_image","twitter_misc":{"Tiempo de lectura":"1 minuto"},"schema":{"@context":"https:\/\/schema.org","@graph":[{"@type":"WebPage","@id":"https:\/\/www.haegergroup.com\/es\/producto\/frigorifico-con-congelador-haeger-north-pole-260-244l-blanco-classe-e\/","url":"https:\/\/www.haegergroup.com\/es\/producto\/frigorifico-con-congelador-haeger-north-pole-260-244l-blanco-classe-e\/","name":"Frigor\u00edfico con Congelador HAEGER North Pole 260 \u2013 244L, Blanco, Classe E - H\u00c6GER Eletrodom\u00e9sticos","isPartOf":{"@id":"https:\/\/www.haegergroup.com\/es\/#website"},"primaryImageOfPage":{"@id":"https:\/\/www.haegergroup.com\/es\/producto\/frigorifico-con-congelador-haeger-north-pole-260-244l-blanco-classe-e\/#primaryimage"},"image":{"@id":"https:\/\/www.haegergroup.com\/es\/producto\/frigorifico-con-congelador-haeger-north-pole-260-244l-blanco-classe-e\/#primaryimage"},"thumbnailUrl":"https:\/\/www.haegergroup.com\/wp-content\/uploads\/RE-26W.032A_1-1.jpg","datePublished":"2024-05-13T16:27:39+00:00","dateModified":"2024-05-13T16:27:40+00:00","description":"Marca de Pequenos Eletrodom\u00e9sticos para a sua cozinha, cuidados pessoais, casa e climatiza\u00e7\u00e3o. A op\u00e7\u00e3o inteligente para a sua casa.","breadcrumb":{"@id":"https:\/\/www.haegergroup.com\/es\/producto\/frigorifico-con-congelador-haeger-north-pole-260-244l-blanco-classe-e\/#breadcrumb"},"inLanguage":"es","potentialAction":[{"@type":"ReadAction","target":["https:\/\/www.haegergroup.com\/es\/producto\/frigorifico-con-congelador-haeger-north-pole-260-244l-blanco-classe-e\/"]}]},{"@type":"ImageObject","inLanguage":"es","@id":"https:\/\/www.haegergroup.com\/es\/producto\/frigorifico-con-congelador-haeger-north-pole-260-244l-blanco-classe-e\/#primaryimage","url":"https:\/\/www.haegergroup.com\/wp-content\/uploads\/RE-26W.032A_1-1.jpg","contentUrl":"https:\/\/www.haegergroup.com\/wp-content\/uploads\/RE-26W.032A_1-1.jpg","width":1200,"height":1200},{"@type":"BreadcrumbList","@id":"https:\/\/www.haegergroup.com\/es\/producto\/frigorifico-con-congelador-haeger-north-pole-260-244l-blanco-classe-e\/#breadcrumb","itemListElement":[{"@type":"ListItem","position":1,"name":"Portada","item":"https:\/\/www.haegergroup.com\/es\/"},{"@type":"ListItem","position":2,"name":"Productos","item":"https:\/\/www.haegergroup.com\/es\/tienda\/"},{"@type":"ListItem","position":3,"name":"Frigor\u00edfico con Congelador HAEGER North Pole 260 \u2013 244L, Blanco, Classe E"}]},{"@type":"WebSite","@id":"https:\/\/www.haegergroup.com\/es\/#website","url":"https:\/\/www.haegergroup.com\/es\/","name":"H\u00c6GER Eletrodom\u00e9sticos","description":"A escolha inteligente","publisher":{"@id":"https:\/\/www.haegergroup.com\/es\/#organization"},"potentialAction":[{"@type":"SearchAction","target":{"@type":"EntryPoint","urlTemplate":"https:\/\/www.haegergroup.com\/es\/?s={search_term_string}"},"query-input":{"@type":"PropertyValueSpecification","valueRequired":true,"valueName":"search_term_string"}}],"inLanguage":"es"},{"@type":"Organization","@id":"https:\/\/www.haegergroup.com\/es\/#organization","name":"Haeger Electrodom\u00e9sticos","url":"https:\/\/www.haegergroup.com\/es\/","logo":{"@type":"ImageObject","inLanguage":"es","@id":"https:\/\/www.haegergroup.com\/es\/#\/schema\/logo\/image\/","url":"https:\/\/www.haegergroup.com\/wp-content\/uploads\/2018\/05\/logo-web-220.png","contentUrl":"https:\/\/www.haegergroup.com\/wp-content\/uploads\/2018\/05\/logo-web-220.png","width":220,"height":49,"caption":"Haeger Electrodom\u00e9sticos"},"image":{"@id":"https:\/\/www.haegergroup.com\/es\/#\/schema\/logo\/image\/"}}]}},"_links":{"self":[{"href":"https:\/\/www.haegergroup.com\/es\/wp-json\/wp\/v2\/product\/36178","targetHints":{"allow":["GET"]}}],"collection":[{"href":"https:\/\/www.haegergroup.com\/es\/wp-json\/wp\/v2\/product"}],"about":[{"href":"https:\/\/www.haegergroup.com\/es\/wp-json\/wp\/v2\/types\/product"}],"wp:featuredmedia":[{"embeddable":true,"href":"https:\/\/www.haegergroup.com\/es\/wp-json\/wp\/v2\/media\/36175"}],"wp:attachment":[{"href":"https:\/\/www.haegergroup.com\/es\/wp-json\/wp\/v2\/media?parent=36178"}],"wp:term":[{"taxonomy":"product_cat","embeddable":true,"href":"https:\/\/www.haegergroup.com\/es\/wp-json\/wp\/v2\/product_cat?post=36178"},{"taxonomy":"product_tag","embeddable":true,"href":"https:\/\/www.haegergroup.com\/es\/wp-json\/wp\/v2\/product_tag?post=36178"}],"curies":[{"name":"wp","href":"https:\/\/api.w.org\/{rel}","templated":true}]}}