{"id":36161,"date":"2024-04-16T17:51:51","date_gmt":"2024-04-17T10:15:34","guid":{"rendered":"https:\/\/www.haegergroup.com\/?post_type=product&#038;p=36161"},"modified":"2024-04-17T11:15:34","modified_gmt":"2024-04-17T10:15:34","slug":"afeitadora-haeger-g-man-ultra-90-min-de-bateria-seca-y-humeda","status":"publish","type":"product","link":"https:\/\/www.haegergroup.com\/es\/producto\/afeitadora-haeger-g-man-ultra-90-min-de-bateria-seca-y-humeda\/","title":{"rendered":"Afeitadora HAEGER G-Man Ultra &#8211; 90 Min de bater\u00eda, Seca y H\u00fameda"},"content":{"rendered":"<p><strong>Renueva tu rutina de cuidado personal con nuestra avanzada afeitadora de 3 cuchillas.<\/strong><\/p>\n<p>Dise\u00f1ado para el hombre moderno, este dispositivo combina tecnolog\u00eda punta y dise\u00f1o ergon\u00f3mico para garantizar un afeitado suave y preciso. Equipada con tres cuchillas ultrafinas autoafilables y dos anillos de corte flotantes, cada pasada atrapa m\u00e1s vello, minimizando la necesidad de pasadas repetidas y reduciendo la irritaci\u00f3n de la piel.<\/p>\n<p><strong>La versatilidad es la clave<\/strong><\/p>\n<p>Tanto para un retoque r\u00e1pido en seco como para un cuidado m\u00e1s elaborado con espuma o gel, esta m\u00e1quina es totalmente resistente al agua (IPX6), por lo que es perfecta para usar en la ducha. La cuchilla recortadora integrada es ideal para detallar el vello y las patillas, a\u00f1adiendo definici\u00f3n exactamente donde se necesita.<\/p>\n<p><strong>Rendimiento excepcional<\/strong><\/p>\n<p>Las cuchillas de precisi\u00f3n ultrafinas y autoafilables cortan m\u00e1s cerca, capturando incluso el vello m\u00e1s fino. Esta m\u00e1quina proporciona hasta 90 minutos de uso continuo.<br \/>\nLa pantalla LED integrada proporciona informaci\u00f3n precisa sobre el estado de la bater\u00eda, mientras que el interruptor ON\/OFF garantiza un control absoluto.<\/p>\n<p><strong>Mantenimiento sin complicaciones<\/strong><\/p>\n<p>Incluye un cepillo de limpieza para mantener el aparato en excelentes condiciones despu\u00e9s de cada uso.<\/p>\n","protected":false},"excerpt":{"rendered":"<h2>Afeitadora &#8211; Resistente al agua IPX6<br \/>\nModelo: SM-3CB.005A<\/h2>\n<ul>\n<li>3 cuchillas con sistema de flotaci\u00f3n individual (cabezal, base y cuchillas)<\/li>\n<li>3 cuchillas autoafilables de precisi\u00f3n ultra fina (cabezal, base y cuchillas)<\/li>\n<li>Pantalla LED<\/li>\n<li>Cuchilla para cortar el pelo<\/li>\n<li>Uso en seco y h\u00famedo<\/li>\n<li>Resistencia al agua: IPX6<\/li>\n<li>Interruptor ON\/OFF<\/li>\n<li>Indicador de carga<\/li>\n<li>Cepillo de limpieza<\/li>\n<li>Tiempo de funcionamiento: 90 minutos<\/li>\n<li>Tiempo de carga: 90 minutos<\/li>\n<li>Accesorios: funda protectora y cepillo<\/li>\n<\/ul>\n","protected":false},"featured_media":36152,"template":"","meta":[],"product_cat":[184,190],"product_tag":[],"class_list":{"0":"post-36161","1":"product","2":"type-product","3":"status-publish","4":"has-post-thumbnail","6":"product_cat-cuidado-personal","7":"product_cat-maquinas-afeitadoras","9":"first","10":"instock","11":"shipping-taxable","12":"product-type-simple"},"yoast_head":"<!-- This site is optimized with the Yoast SEO plugin v24.1 - https:\/\/yoast.com\/wordpress\/plugins\/seo\/ -->\n<title>Afeitadora HAEGER G-Man Ultra - 90 Min de bater\u00eda, Seca y H\u00fameda - H\u00c6GER Eletrodom\u00e9sticos<\/title>\n<meta name=\"description\" content=\"Marca de Pequenos Eletrodom\u00e9sticos para a sua cozinha, cuidados pessoais, casa e climatiza\u00e7\u00e3o. A op\u00e7\u00e3o inteligente para a sua casa.\" \/>\n<meta name=\"robots\" content=\"index, follow, max-snippet:-1, max-image-preview:large, max-video-preview:-1\" \/>\n<link rel=\"canonical\" href=\"https:\/\/www.haegergroup.com\/es\/producto\/afeitadora-haeger-g-man-ultra-90-min-de-bateria-seca-y-humeda\/\" \/>\n<meta property=\"og:locale\" content=\"es_ES\" \/>\n<meta property=\"og:type\" content=\"article\" \/>\n<meta property=\"og:title\" content=\"Afeitadora HAEGER G-Man Ultra - 90 Min de bater\u00eda, Seca y H\u00fameda - H\u00c6GER Eletrodom\u00e9sticos\" \/>\n<meta property=\"og:description\" content=\"Marca de Pequenos Eletrodom\u00e9sticos para a sua cozinha, cuidados pessoais, casa e climatiza\u00e7\u00e3o. A op\u00e7\u00e3o inteligente para a sua casa.\" \/>\n<meta property=\"og:url\" content=\"https:\/\/www.haegergroup.com\/es\/producto\/afeitadora-haeger-g-man-ultra-90-min-de-bateria-seca-y-humeda\/\" \/>\n<meta property=\"og:site_name\" content=\"H\u00c6GER Eletrodom\u00e9sticos\" \/>\n<meta property=\"og:image\" content=\"https:\/\/www.haegergroup.com\/wp-content\/uploads\/SM-3CB.005A_1-1.jpg\" \/>\n\t<meta property=\"og:image:width\" content=\"1200\" \/>\n\t<meta property=\"og:image:height\" content=\"1200\" \/>\n\t<meta property=\"og:image:type\" content=\"image\/jpeg\" \/>\n<meta name=\"twitter:card\" content=\"summary_large_image\" \/>\n<meta name=\"twitter:label1\" content=\"Tiempo de lectura\" \/>\n\t<meta name=\"twitter:data1\" content=\"2 minutos\" \/>\n<script type=\"application\/ld+json\" class=\"yoast-schema-graph\">{\"@context\":\"https:\/\/schema.org\",\"@graph\":[{\"@type\":\"WebPage\",\"@id\":\"https:\/\/www.haegergroup.com\/es\/producto\/afeitadora-haeger-g-man-ultra-90-min-de-bateria-seca-y-humeda\/\",\"url\":\"https:\/\/www.haegergroup.com\/es\/producto\/afeitadora-haeger-g-man-ultra-90-min-de-bateria-seca-y-humeda\/\",\"name\":\"Afeitadora HAEGER G-Man Ultra - 90 Min de bater\u00eda, Seca y H\u00fameda - H\u00c6GER Eletrodom\u00e9sticos\",\"isPartOf\":{\"@id\":\"https:\/\/www.haegergroup.com\/es\/#website\"},\"primaryImageOfPage\":{\"@id\":\"https:\/\/www.haegergroup.com\/es\/producto\/afeitadora-haeger-g-man-ultra-90-min-de-bateria-seca-y-humeda\/#primaryimage\"},\"image\":{\"@id\":\"https:\/\/www.haegergroup.com\/es\/producto\/afeitadora-haeger-g-man-ultra-90-min-de-bateria-seca-y-humeda\/#primaryimage\"},\"thumbnailUrl\":\"https:\/\/www.haegergroup.com\/wp-content\/uploads\/SM-3CB.005A_1-1.jpg\",\"datePublished\":\"2024-04-17T10:15:34+00:00\",\"dateModified\":\"2024-04-17T10:15:34+00:00\",\"description\":\"Marca de Pequenos Eletrodom\u00e9sticos para a sua cozinha, cuidados pessoais, casa e climatiza\u00e7\u00e3o. A op\u00e7\u00e3o inteligente para a sua casa.\",\"breadcrumb\":{\"@id\":\"https:\/\/www.haegergroup.com\/es\/producto\/afeitadora-haeger-g-man-ultra-90-min-de-bateria-seca-y-humeda\/#breadcrumb\"},\"inLanguage\":\"es\",\"potentialAction\":[{\"@type\":\"ReadAction\",\"target\":[\"https:\/\/www.haegergroup.com\/es\/producto\/afeitadora-haeger-g-man-ultra-90-min-de-bateria-seca-y-humeda\/\"]}]},{\"@type\":\"ImageObject\",\"inLanguage\":\"es\",\"@id\":\"https:\/\/www.haegergroup.com\/es\/producto\/afeitadora-haeger-g-man-ultra-90-min-de-bateria-seca-y-humeda\/#primaryimage\",\"url\":\"https:\/\/www.haegergroup.com\/wp-content\/uploads\/SM-3CB.005A_1-1.jpg\",\"contentUrl\":\"https:\/\/www.haegergroup.com\/wp-content\/uploads\/SM-3CB.005A_1-1.jpg\",\"width\":1200,\"height\":1200},{\"@type\":\"BreadcrumbList\",\"@id\":\"https:\/\/www.haegergroup.com\/es\/producto\/afeitadora-haeger-g-man-ultra-90-min-de-bateria-seca-y-humeda\/#breadcrumb\",\"itemListElement\":[{\"@type\":\"ListItem\",\"position\":1,\"name\":\"Portada\",\"item\":\"https:\/\/www.haegergroup.com\/es\/\"},{\"@type\":\"ListItem\",\"position\":2,\"name\":\"Productos\",\"item\":\"https:\/\/www.haegergroup.com\/es\/tienda\/\"},{\"@type\":\"ListItem\",\"position\":3,\"name\":\"Afeitadora HAEGER G-Man Ultra &#8211; 90 Min de bater\u00eda, Seca y H\u00fameda\"}]},{\"@type\":\"WebSite\",\"@id\":\"https:\/\/www.haegergroup.com\/es\/#website\",\"url\":\"https:\/\/www.haegergroup.com\/es\/\",\"name\":\"H\u00c6GER Eletrodom\u00e9sticos\",\"description\":\"A escolha inteligente\",\"publisher\":{\"@id\":\"https:\/\/www.haegergroup.com\/es\/#organization\"},\"potentialAction\":[{\"@type\":\"SearchAction\",\"target\":{\"@type\":\"EntryPoint\",\"urlTemplate\":\"https:\/\/www.haegergroup.com\/es\/?s={search_term_string}\"},\"query-input\":{\"@type\":\"PropertyValueSpecification\",\"valueRequired\":true,\"valueName\":\"search_term_string\"}}],\"inLanguage\":\"es\"},{\"@type\":\"Organization\",\"@id\":\"https:\/\/www.haegergroup.com\/es\/#organization\",\"name\":\"Haeger Electrodom\u00e9sticos\",\"url\":\"https:\/\/www.haegergroup.com\/es\/\",\"logo\":{\"@type\":\"ImageObject\",\"inLanguage\":\"es\",\"@id\":\"https:\/\/www.haegergroup.com\/es\/#\/schema\/logo\/image\/\",\"url\":\"https:\/\/www.haegergroup.com\/wp-content\/uploads\/2018\/05\/logo-web-220.png\",\"contentUrl\":\"https:\/\/www.haegergroup.com\/wp-content\/uploads\/2018\/05\/logo-web-220.png\",\"width\":220,\"height\":49,\"caption\":\"Haeger Electrodom\u00e9sticos\"},\"image\":{\"@id\":\"https:\/\/www.haegergroup.com\/es\/#\/schema\/logo\/image\/\"}}]}<\/script>\n<!-- \/ Yoast SEO plugin. -->","yoast_head_json":{"title":"Afeitadora HAEGER G-Man Ultra - 90 Min de bater\u00eda, Seca y H\u00fameda - H\u00c6GER Eletrodom\u00e9sticos","description":"Marca de Pequenos Eletrodom\u00e9sticos para a sua cozinha, cuidados pessoais, casa e climatiza\u00e7\u00e3o. A op\u00e7\u00e3o inteligente para a sua casa.","robots":{"index":"index","follow":"follow","max-snippet":"max-snippet:-1","max-image-preview":"max-image-preview:large","max-video-preview":"max-video-preview:-1"},"canonical":"https:\/\/www.haegergroup.com\/es\/producto\/afeitadora-haeger-g-man-ultra-90-min-de-bateria-seca-y-humeda\/","og_locale":"es_ES","og_type":"article","og_title":"Afeitadora HAEGER G-Man Ultra - 90 Min de bater\u00eda, Seca y H\u00fameda - H\u00c6GER Eletrodom\u00e9sticos","og_description":"Marca de Pequenos Eletrodom\u00e9sticos para a sua cozinha, cuidados pessoais, casa e climatiza\u00e7\u00e3o. A op\u00e7\u00e3o inteligente para a sua casa.","og_url":"https:\/\/www.haegergroup.com\/es\/producto\/afeitadora-haeger-g-man-ultra-90-min-de-bateria-seca-y-humeda\/","og_site_name":"H\u00c6GER Eletrodom\u00e9sticos","og_image":[{"width":1200,"height":1200,"url":"https:\/\/www.haegergroup.com\/wp-content\/uploads\/SM-3CB.005A_1-1.jpg","type":"image\/jpeg"}],"twitter_card":"summary_large_image","twitter_misc":{"Tiempo de lectura":"2 minutos"},"schema":{"@context":"https:\/\/schema.org","@graph":[{"@type":"WebPage","@id":"https:\/\/www.haegergroup.com\/es\/producto\/afeitadora-haeger-g-man-ultra-90-min-de-bateria-seca-y-humeda\/","url":"https:\/\/www.haegergroup.com\/es\/producto\/afeitadora-haeger-g-man-ultra-90-min-de-bateria-seca-y-humeda\/","name":"Afeitadora HAEGER G-Man Ultra - 90 Min de bater\u00eda, Seca y H\u00fameda - H\u00c6GER Eletrodom\u00e9sticos","isPartOf":{"@id":"https:\/\/www.haegergroup.com\/es\/#website"},"primaryImageOfPage":{"@id":"https:\/\/www.haegergroup.com\/es\/producto\/afeitadora-haeger-g-man-ultra-90-min-de-bateria-seca-y-humeda\/#primaryimage"},"image":{"@id":"https:\/\/www.haegergroup.com\/es\/producto\/afeitadora-haeger-g-man-ultra-90-min-de-bateria-seca-y-humeda\/#primaryimage"},"thumbnailUrl":"https:\/\/www.haegergroup.com\/wp-content\/uploads\/SM-3CB.005A_1-1.jpg","datePublished":"2024-04-17T10:15:34+00:00","dateModified":"2024-04-17T10:15:34+00:00","description":"Marca de Pequenos Eletrodom\u00e9sticos para a sua cozinha, cuidados pessoais, casa e climatiza\u00e7\u00e3o. A op\u00e7\u00e3o inteligente para a sua casa.","breadcrumb":{"@id":"https:\/\/www.haegergroup.com\/es\/producto\/afeitadora-haeger-g-man-ultra-90-min-de-bateria-seca-y-humeda\/#breadcrumb"},"inLanguage":"es","potentialAction":[{"@type":"ReadAction","target":["https:\/\/www.haegergroup.com\/es\/producto\/afeitadora-haeger-g-man-ultra-90-min-de-bateria-seca-y-humeda\/"]}]},{"@type":"ImageObject","inLanguage":"es","@id":"https:\/\/www.haegergroup.com\/es\/producto\/afeitadora-haeger-g-man-ultra-90-min-de-bateria-seca-y-humeda\/#primaryimage","url":"https:\/\/www.haegergroup.com\/wp-content\/uploads\/SM-3CB.005A_1-1.jpg","contentUrl":"https:\/\/www.haegergroup.com\/wp-content\/uploads\/SM-3CB.005A_1-1.jpg","width":1200,"height":1200},{"@type":"BreadcrumbList","@id":"https:\/\/www.haegergroup.com\/es\/producto\/afeitadora-haeger-g-man-ultra-90-min-de-bateria-seca-y-humeda\/#breadcrumb","itemListElement":[{"@type":"ListItem","position":1,"name":"Portada","item":"https:\/\/www.haegergroup.com\/es\/"},{"@type":"ListItem","position":2,"name":"Productos","item":"https:\/\/www.haegergroup.com\/es\/tienda\/"},{"@type":"ListItem","position":3,"name":"Afeitadora HAEGER G-Man Ultra &#8211; 90 Min de bater\u00eda, Seca y H\u00fameda"}]},{"@type":"WebSite","@id":"https:\/\/www.haegergroup.com\/es\/#website","url":"https:\/\/www.haegergroup.com\/es\/","name":"H\u00c6GER Eletrodom\u00e9sticos","description":"A escolha inteligente","publisher":{"@id":"https:\/\/www.haegergroup.com\/es\/#organization"},"potentialAction":[{"@type":"SearchAction","target":{"@type":"EntryPoint","urlTemplate":"https:\/\/www.haegergroup.com\/es\/?s={search_term_string}"},"query-input":{"@type":"PropertyValueSpecification","valueRequired":true,"valueName":"search_term_string"}}],"inLanguage":"es"},{"@type":"Organization","@id":"https:\/\/www.haegergroup.com\/es\/#organization","name":"Haeger Electrodom\u00e9sticos","url":"https:\/\/www.haegergroup.com\/es\/","logo":{"@type":"ImageObject","inLanguage":"es","@id":"https:\/\/www.haegergroup.com\/es\/#\/schema\/logo\/image\/","url":"https:\/\/www.haegergroup.com\/wp-content\/uploads\/2018\/05\/logo-web-220.png","contentUrl":"https:\/\/www.haegergroup.com\/wp-content\/uploads\/2018\/05\/logo-web-220.png","width":220,"height":49,"caption":"Haeger Electrodom\u00e9sticos"},"image":{"@id":"https:\/\/www.haegergroup.com\/es\/#\/schema\/logo\/image\/"}}]}},"_links":{"self":[{"href":"https:\/\/www.haegergroup.com\/es\/wp-json\/wp\/v2\/product\/36161","targetHints":{"allow":["GET"]}}],"collection":[{"href":"https:\/\/www.haegergroup.com\/es\/wp-json\/wp\/v2\/product"}],"about":[{"href":"https:\/\/www.haegergroup.com\/es\/wp-json\/wp\/v2\/types\/product"}],"wp:featuredmedia":[{"embeddable":true,"href":"https:\/\/www.haegergroup.com\/es\/wp-json\/wp\/v2\/media\/36152"}],"wp:attachment":[{"href":"https:\/\/www.haegergroup.com\/es\/wp-json\/wp\/v2\/media?parent=36161"}],"wp:term":[{"taxonomy":"product_cat","embeddable":true,"href":"https:\/\/www.haegergroup.com\/es\/wp-json\/wp\/v2\/product_cat?post=36161"},{"taxonomy":"product_tag","embeddable":true,"href":"https:\/\/www.haegergroup.com\/es\/wp-json\/wp\/v2\/product_tag?post=36161"}],"curies":[{"name":"wp","href":"https:\/\/api.w.org\/{rel}","templated":true}]}}