{"id":36089,"date":"2024-04-11T16:39:19","date_gmt":"2024-04-11T16:01:49","guid":{"rendered":"https:\/\/www.haegergroup.com\/?post_type=product&#038;p=36089"},"modified":"2024-04-11T17:01:49","modified_gmt":"2024-04-11T16:01:49","slug":"frigorifico-combi-haeger-north-pole-270-combi-d-260-l-clase-e-gris-dispensador-de-agua","status":"publish","type":"product","link":"https:\/\/www.haegergroup.com\/es\/producto\/frigorifico-combi-haeger-north-pole-270-combi-d-260-l-clase-e-gris-dispensador-de-agua\/","title":{"rendered":"Frigor\u00edfico Combi HAEGER North Pole 270 Combi-D &#8211; 260 L, Clase E, Gris, Dispensador de Agua"},"content":{"rendered":"<p>Frigor\u00edfico combi HAEGER North Pole 270 Combi-D en acero inoxidable, con una capacidad total de 260 litros, con 189 L de capacidad de frigor\u00edfico y 71 L de capacidad de congelador. Cuenta con un dispensador de agua de 2 litros, dimensiones (ancho x fondo x alto): 550 mm x 560 m x 1800 mm, descongelaci\u00f3n manual y clase energ\u00e9tica E.<br \/>\nUno de los aspectos m\u00e1s destacados de este frigor\u00edfico es el dispensador de agua integrado. Basta con pulsar un bot\u00f3n para disfrutar de agua fresca siempre que lo desee.<\/p>\n","protected":false},"excerpt":{"rendered":"<h2>Frigor\u00edfico combi de 260 litros con dispensador de agua<br \/>\nModelo:CR-27S.020A<\/h2>\n<ul>\n<li>Dispensador de agua &#8211; 2 litros<\/li>\n<li>Categor\u00eda &#8211; 7 (Frigor\u00edfico-Congelador)<\/li>\n<li>Clase de eficiencia energ\u00e9tica &#8211; E<\/li>\n<li>Consumo anual de energ\u00eda &#8211; 210 kWh\/a\u00f1o<\/li>\n<li>Capacidad total: 260 L<\/li>\n<li>Capacidad para alimentos frescos &#8211; 189 L<\/li>\n<li>Capacidad para alimentos congelados &#8211; 71 L<\/li>\n<li>Clasificaci\u00f3n STAR &#8211; 4 Estrellas<\/li>\n<li>Capacidad de congelaci\u00f3n &#8211; 3,2 kg\/24h,<\/li>\n<li>Clase clim\u00e1tica &#8211; N\/ST (+16 grados Celsius &#8211; +38 grados Celsius)<\/li>\n<li>Nivel de ruido &#8211; 40 dB(A)<\/li>\n<li>Peso &#8211; 50 kg<\/li>\n<li>Dimensiones totales (Al x An x Pr): 1800 x 550 x 560 (mm)<\/li>\n<\/ul>\n","protected":false},"featured_media":36079,"template":"","meta":[],"product_cat":[197,199],"product_tag":[],"class_list":{"0":"post-36089","1":"product","2":"type-product","3":"status-publish","4":"has-post-thumbnail","6":"product_cat-frio","7":"product_cat-combinados","9":"first","10":"instock","11":"shipping-taxable","12":"product-type-simple"},"yoast_head":"<!-- This site is optimized with the Yoast SEO plugin v24.1 - https:\/\/yoast.com\/wordpress\/plugins\/seo\/ -->\n<title>Frigor\u00edfico Combi HAEGER North Pole 270 Combi-D - 260 L, Clase E, Gris, Dispensador de Agua - H\u00c6GER Eletrodom\u00e9sticos<\/title>\n<meta name=\"description\" content=\"Marca de Pequenos Eletrodom\u00e9sticos para a sua cozinha, cuidados pessoais, casa e climatiza\u00e7\u00e3o. A op\u00e7\u00e3o inteligente para a sua casa.\" \/>\n<meta name=\"robots\" content=\"index, follow, max-snippet:-1, max-image-preview:large, max-video-preview:-1\" \/>\n<link rel=\"canonical\" href=\"https:\/\/www.haegergroup.com\/es\/producto\/frigorifico-combi-haeger-north-pole-270-combi-d-260-l-clase-e-gris-dispensador-de-agua\/\" \/>\n<meta property=\"og:locale\" content=\"es_ES\" \/>\n<meta property=\"og:type\" content=\"article\" \/>\n<meta property=\"og:title\" content=\"Frigor\u00edfico Combi HAEGER North Pole 270 Combi-D - 260 L, Clase E, Gris, Dispensador de Agua - H\u00c6GER Eletrodom\u00e9sticos\" \/>\n<meta property=\"og:description\" content=\"Marca de Pequenos Eletrodom\u00e9sticos para a sua cozinha, cuidados pessoais, casa e climatiza\u00e7\u00e3o. A op\u00e7\u00e3o inteligente para a sua casa.\" \/>\n<meta property=\"og:url\" content=\"https:\/\/www.haegergroup.com\/es\/producto\/frigorifico-combi-haeger-north-pole-270-combi-d-260-l-clase-e-gris-dispensador-de-agua\/\" \/>\n<meta property=\"og:site_name\" content=\"H\u00c6GER Eletrodom\u00e9sticos\" \/>\n<meta property=\"og:image\" content=\"https:\/\/www.haegergroup.com\/wp-content\/uploads\/CR-27S.020A_1-1.jpg\" \/>\n\t<meta property=\"og:image:width\" content=\"1200\" \/>\n\t<meta property=\"og:image:height\" content=\"1200\" \/>\n\t<meta property=\"og:image:type\" content=\"image\/jpeg\" \/>\n<meta name=\"twitter:card\" content=\"summary_large_image\" \/>\n<meta name=\"twitter:label1\" content=\"Tiempo de lectura\" \/>\n\t<meta name=\"twitter:data1\" content=\"1 minuto\" \/>\n<script type=\"application\/ld+json\" class=\"yoast-schema-graph\">{\"@context\":\"https:\/\/schema.org\",\"@graph\":[{\"@type\":\"WebPage\",\"@id\":\"https:\/\/www.haegergroup.com\/es\/producto\/frigorifico-combi-haeger-north-pole-270-combi-d-260-l-clase-e-gris-dispensador-de-agua\/\",\"url\":\"https:\/\/www.haegergroup.com\/es\/producto\/frigorifico-combi-haeger-north-pole-270-combi-d-260-l-clase-e-gris-dispensador-de-agua\/\",\"name\":\"Frigor\u00edfico Combi HAEGER North Pole 270 Combi-D - 260 L, Clase E, Gris, Dispensador de Agua - H\u00c6GER Eletrodom\u00e9sticos\",\"isPartOf\":{\"@id\":\"https:\/\/www.haegergroup.com\/es\/#website\"},\"primaryImageOfPage\":{\"@id\":\"https:\/\/www.haegergroup.com\/es\/producto\/frigorifico-combi-haeger-north-pole-270-combi-d-260-l-clase-e-gris-dispensador-de-agua\/#primaryimage\"},\"image\":{\"@id\":\"https:\/\/www.haegergroup.com\/es\/producto\/frigorifico-combi-haeger-north-pole-270-combi-d-260-l-clase-e-gris-dispensador-de-agua\/#primaryimage\"},\"thumbnailUrl\":\"https:\/\/www.haegergroup.com\/wp-content\/uploads\/CR-27S.020A_1-1.jpg\",\"datePublished\":\"2024-04-11T16:01:49+00:00\",\"dateModified\":\"2024-04-11T16:01:49+00:00\",\"description\":\"Marca de Pequenos Eletrodom\u00e9sticos para a sua cozinha, cuidados pessoais, casa e climatiza\u00e7\u00e3o. A op\u00e7\u00e3o inteligente para a sua casa.\",\"breadcrumb\":{\"@id\":\"https:\/\/www.haegergroup.com\/es\/producto\/frigorifico-combi-haeger-north-pole-270-combi-d-260-l-clase-e-gris-dispensador-de-agua\/#breadcrumb\"},\"inLanguage\":\"es\",\"potentialAction\":[{\"@type\":\"ReadAction\",\"target\":[\"https:\/\/www.haegergroup.com\/es\/producto\/frigorifico-combi-haeger-north-pole-270-combi-d-260-l-clase-e-gris-dispensador-de-agua\/\"]}]},{\"@type\":\"ImageObject\",\"inLanguage\":\"es\",\"@id\":\"https:\/\/www.haegergroup.com\/es\/producto\/frigorifico-combi-haeger-north-pole-270-combi-d-260-l-clase-e-gris-dispensador-de-agua\/#primaryimage\",\"url\":\"https:\/\/www.haegergroup.com\/wp-content\/uploads\/CR-27S.020A_1-1.jpg\",\"contentUrl\":\"https:\/\/www.haegergroup.com\/wp-content\/uploads\/CR-27S.020A_1-1.jpg\",\"width\":1200,\"height\":1200},{\"@type\":\"BreadcrumbList\",\"@id\":\"https:\/\/www.haegergroup.com\/es\/producto\/frigorifico-combi-haeger-north-pole-270-combi-d-260-l-clase-e-gris-dispensador-de-agua\/#breadcrumb\",\"itemListElement\":[{\"@type\":\"ListItem\",\"position\":1,\"name\":\"Portada\",\"item\":\"https:\/\/www.haegergroup.com\/es\/\"},{\"@type\":\"ListItem\",\"position\":2,\"name\":\"Productos\",\"item\":\"https:\/\/www.haegergroup.com\/es\/tienda\/\"},{\"@type\":\"ListItem\",\"position\":3,\"name\":\"Frigor\u00edfico Combi HAEGER North Pole 270 Combi-D &#8211; 260 L, Clase E, Gris, Dispensador de Agua\"}]},{\"@type\":\"WebSite\",\"@id\":\"https:\/\/www.haegergroup.com\/es\/#website\",\"url\":\"https:\/\/www.haegergroup.com\/es\/\",\"name\":\"H\u00c6GER Eletrodom\u00e9sticos\",\"description\":\"A escolha inteligente\",\"publisher\":{\"@id\":\"https:\/\/www.haegergroup.com\/es\/#organization\"},\"potentialAction\":[{\"@type\":\"SearchAction\",\"target\":{\"@type\":\"EntryPoint\",\"urlTemplate\":\"https:\/\/www.haegergroup.com\/es\/?s={search_term_string}\"},\"query-input\":{\"@type\":\"PropertyValueSpecification\",\"valueRequired\":true,\"valueName\":\"search_term_string\"}}],\"inLanguage\":\"es\"},{\"@type\":\"Organization\",\"@id\":\"https:\/\/www.haegergroup.com\/es\/#organization\",\"name\":\"Haeger Electrodom\u00e9sticos\",\"url\":\"https:\/\/www.haegergroup.com\/es\/\",\"logo\":{\"@type\":\"ImageObject\",\"inLanguage\":\"es\",\"@id\":\"https:\/\/www.haegergroup.com\/es\/#\/schema\/logo\/image\/\",\"url\":\"https:\/\/www.haegergroup.com\/wp-content\/uploads\/2018\/05\/logo-web-220.png\",\"contentUrl\":\"https:\/\/www.haegergroup.com\/wp-content\/uploads\/2018\/05\/logo-web-220.png\",\"width\":220,\"height\":49,\"caption\":\"Haeger Electrodom\u00e9sticos\"},\"image\":{\"@id\":\"https:\/\/www.haegergroup.com\/es\/#\/schema\/logo\/image\/\"}}]}<\/script>\n<!-- \/ Yoast SEO plugin. -->","yoast_head_json":{"title":"Frigor\u00edfico Combi HAEGER North Pole 270 Combi-D - 260 L, Clase E, Gris, Dispensador de Agua - H\u00c6GER Eletrodom\u00e9sticos","description":"Marca de Pequenos Eletrodom\u00e9sticos para a sua cozinha, cuidados pessoais, casa e climatiza\u00e7\u00e3o. A op\u00e7\u00e3o inteligente para a sua casa.","robots":{"index":"index","follow":"follow","max-snippet":"max-snippet:-1","max-image-preview":"max-image-preview:large","max-video-preview":"max-video-preview:-1"},"canonical":"https:\/\/www.haegergroup.com\/es\/producto\/frigorifico-combi-haeger-north-pole-270-combi-d-260-l-clase-e-gris-dispensador-de-agua\/","og_locale":"es_ES","og_type":"article","og_title":"Frigor\u00edfico Combi HAEGER North Pole 270 Combi-D - 260 L, Clase E, Gris, Dispensador de Agua - H\u00c6GER Eletrodom\u00e9sticos","og_description":"Marca de Pequenos Eletrodom\u00e9sticos para a sua cozinha, cuidados pessoais, casa e climatiza\u00e7\u00e3o. A op\u00e7\u00e3o inteligente para a sua casa.","og_url":"https:\/\/www.haegergroup.com\/es\/producto\/frigorifico-combi-haeger-north-pole-270-combi-d-260-l-clase-e-gris-dispensador-de-agua\/","og_site_name":"H\u00c6GER Eletrodom\u00e9sticos","og_image":[{"width":1200,"height":1200,"url":"https:\/\/www.haegergroup.com\/wp-content\/uploads\/CR-27S.020A_1-1.jpg","type":"image\/jpeg"}],"twitter_card":"summary_large_image","twitter_misc":{"Tiempo de lectura":"1 minuto"},"schema":{"@context":"https:\/\/schema.org","@graph":[{"@type":"WebPage","@id":"https:\/\/www.haegergroup.com\/es\/producto\/frigorifico-combi-haeger-north-pole-270-combi-d-260-l-clase-e-gris-dispensador-de-agua\/","url":"https:\/\/www.haegergroup.com\/es\/producto\/frigorifico-combi-haeger-north-pole-270-combi-d-260-l-clase-e-gris-dispensador-de-agua\/","name":"Frigor\u00edfico Combi HAEGER North Pole 270 Combi-D - 260 L, Clase E, Gris, Dispensador de Agua - H\u00c6GER Eletrodom\u00e9sticos","isPartOf":{"@id":"https:\/\/www.haegergroup.com\/es\/#website"},"primaryImageOfPage":{"@id":"https:\/\/www.haegergroup.com\/es\/producto\/frigorifico-combi-haeger-north-pole-270-combi-d-260-l-clase-e-gris-dispensador-de-agua\/#primaryimage"},"image":{"@id":"https:\/\/www.haegergroup.com\/es\/producto\/frigorifico-combi-haeger-north-pole-270-combi-d-260-l-clase-e-gris-dispensador-de-agua\/#primaryimage"},"thumbnailUrl":"https:\/\/www.haegergroup.com\/wp-content\/uploads\/CR-27S.020A_1-1.jpg","datePublished":"2024-04-11T16:01:49+00:00","dateModified":"2024-04-11T16:01:49+00:00","description":"Marca de Pequenos Eletrodom\u00e9sticos para a sua cozinha, cuidados pessoais, casa e climatiza\u00e7\u00e3o. A op\u00e7\u00e3o inteligente para a sua casa.","breadcrumb":{"@id":"https:\/\/www.haegergroup.com\/es\/producto\/frigorifico-combi-haeger-north-pole-270-combi-d-260-l-clase-e-gris-dispensador-de-agua\/#breadcrumb"},"inLanguage":"es","potentialAction":[{"@type":"ReadAction","target":["https:\/\/www.haegergroup.com\/es\/producto\/frigorifico-combi-haeger-north-pole-270-combi-d-260-l-clase-e-gris-dispensador-de-agua\/"]}]},{"@type":"ImageObject","inLanguage":"es","@id":"https:\/\/www.haegergroup.com\/es\/producto\/frigorifico-combi-haeger-north-pole-270-combi-d-260-l-clase-e-gris-dispensador-de-agua\/#primaryimage","url":"https:\/\/www.haegergroup.com\/wp-content\/uploads\/CR-27S.020A_1-1.jpg","contentUrl":"https:\/\/www.haegergroup.com\/wp-content\/uploads\/CR-27S.020A_1-1.jpg","width":1200,"height":1200},{"@type":"BreadcrumbList","@id":"https:\/\/www.haegergroup.com\/es\/producto\/frigorifico-combi-haeger-north-pole-270-combi-d-260-l-clase-e-gris-dispensador-de-agua\/#breadcrumb","itemListElement":[{"@type":"ListItem","position":1,"name":"Portada","item":"https:\/\/www.haegergroup.com\/es\/"},{"@type":"ListItem","position":2,"name":"Productos","item":"https:\/\/www.haegergroup.com\/es\/tienda\/"},{"@type":"ListItem","position":3,"name":"Frigor\u00edfico Combi HAEGER North Pole 270 Combi-D &#8211; 260 L, Clase E, Gris, Dispensador de Agua"}]},{"@type":"WebSite","@id":"https:\/\/www.haegergroup.com\/es\/#website","url":"https:\/\/www.haegergroup.com\/es\/","name":"H\u00c6GER Eletrodom\u00e9sticos","description":"A escolha inteligente","publisher":{"@id":"https:\/\/www.haegergroup.com\/es\/#organization"},"potentialAction":[{"@type":"SearchAction","target":{"@type":"EntryPoint","urlTemplate":"https:\/\/www.haegergroup.com\/es\/?s={search_term_string}"},"query-input":{"@type":"PropertyValueSpecification","valueRequired":true,"valueName":"search_term_string"}}],"inLanguage":"es"},{"@type":"Organization","@id":"https:\/\/www.haegergroup.com\/es\/#organization","name":"Haeger Electrodom\u00e9sticos","url":"https:\/\/www.haegergroup.com\/es\/","logo":{"@type":"ImageObject","inLanguage":"es","@id":"https:\/\/www.haegergroup.com\/es\/#\/schema\/logo\/image\/","url":"https:\/\/www.haegergroup.com\/wp-content\/uploads\/2018\/05\/logo-web-220.png","contentUrl":"https:\/\/www.haegergroup.com\/wp-content\/uploads\/2018\/05\/logo-web-220.png","width":220,"height":49,"caption":"Haeger Electrodom\u00e9sticos"},"image":{"@id":"https:\/\/www.haegergroup.com\/es\/#\/schema\/logo\/image\/"}}]}},"_links":{"self":[{"href":"https:\/\/www.haegergroup.com\/es\/wp-json\/wp\/v2\/product\/36089","targetHints":{"allow":["GET"]}}],"collection":[{"href":"https:\/\/www.haegergroup.com\/es\/wp-json\/wp\/v2\/product"}],"about":[{"href":"https:\/\/www.haegergroup.com\/es\/wp-json\/wp\/v2\/types\/product"}],"wp:featuredmedia":[{"embeddable":true,"href":"https:\/\/www.haegergroup.com\/es\/wp-json\/wp\/v2\/media\/36079"}],"wp:attachment":[{"href":"https:\/\/www.haegergroup.com\/es\/wp-json\/wp\/v2\/media?parent=36089"}],"wp:term":[{"taxonomy":"product_cat","embeddable":true,"href":"https:\/\/www.haegergroup.com\/es\/wp-json\/wp\/v2\/product_cat?post=36089"},{"taxonomy":"product_tag","embeddable":true,"href":"https:\/\/www.haegergroup.com\/es\/wp-json\/wp\/v2\/product_tag?post=36089"}],"curies":[{"name":"wp","href":"https:\/\/api.w.org\/{rel}","templated":true}]}}