{"id":36031,"date":"2024-04-11T12:03:49","date_gmt":"2024-04-11T11:13:46","guid":{"rendered":"https:\/\/www.haegergroup.com\/?post_type=product&#038;p=36031"},"modified":"2024-04-11T12:13:47","modified_gmt":"2024-04-11T11:13:47","slug":"frigorifico-combi-haeger-320-combi-315l-clase-e-gris","status":"publish","type":"product","link":"https:\/\/www.haegergroup.com\/es\/producto\/frigorifico-combi-haeger-320-combi-315l-clase-e-gris\/","title":{"rendered":"Frigor\u00edfico Combi HAEGER 320 Combi &#8211; 315L, Clase E, Gris"},"content":{"rendered":"<p>Frigor\u00edfico combi congelador HAEGER 320, capacidad total de 315 litros en color gris, con una capacidad de frigor\u00edfico de 219 L y una capacidad de congelador de 96 L. Dimensiones (An x Pr x Al): 600m x 605mm x 1858mm, descongelaci\u00f3n manual y clase energ\u00e9tica E.<\/p>\n","protected":false},"excerpt":{"rendered":"<h2>Frigor\u00edfico combi 315 litros<br \/>\nModelo: CR-32S.017A<\/h2>\n<ul>\n<li>Categor\u00eda &#8211; 7 (Frigor\u00edfico-Congelador)<\/li>\n<li>Clase de eficiencia energ\u00e9tica &#8211; E<\/li>\n<li>Consumo anual de energ\u00eda &#8211; 234 kWh\/a\u00f1o<\/li>\n<li>Capacidad total: 315 litros<\/li>\n<li>Capacidad para alimentos frescos &#8211; 219 L<\/li>\n<li>Capacidad para alimentos congelados &#8211; 96 L<\/li>\n<li>Clasificaci\u00f3n STAR &#8211; 4 estrellas<\/li>\n<li>Capacidad de congelaci\u00f3n &#8211; 4,4 kg\/24h,<\/li>\n<li>Clase clim\u00e1tica &#8211; N\/ST (+16 grados Celsius &#8211; +38 grados Celsius)<\/li>\n<li>Nivel de ruido &#8211; 40 dB(A)<\/li>\n<li>Peso neto \/ Peso bruto: 58 kg \/ 64 kg<\/li>\n<li>Dimensiones (AnxPrxAl): 600 x 605 x 1858 mm<\/li>\n<\/ul>\n","protected":false},"featured_media":36018,"template":"","meta":[],"product_cat":[197,199],"product_tag":[],"class_list":{"0":"post-36031","1":"product","2":"type-product","3":"status-publish","4":"has-post-thumbnail","6":"product_cat-frio","7":"product_cat-combinados","9":"first","10":"instock","11":"shipping-taxable","12":"product-type-simple"},"yoast_head":"<!-- This site is optimized with the Yoast SEO plugin v24.1 - https:\/\/yoast.com\/wordpress\/plugins\/seo\/ -->\n<title>Frigor\u00edfico Combi HAEGER 320 Combi - 315L, Clase E, Gris - H\u00c6GER Eletrodom\u00e9sticos<\/title>\n<meta name=\"description\" content=\"Marca de Pequenos Eletrodom\u00e9sticos para a sua cozinha, cuidados pessoais, casa e climatiza\u00e7\u00e3o. A op\u00e7\u00e3o inteligente para a sua casa.\" \/>\n<meta name=\"robots\" content=\"index, follow, max-snippet:-1, max-image-preview:large, max-video-preview:-1\" \/>\n<link rel=\"canonical\" href=\"https:\/\/www.haegergroup.com\/es\/producto\/frigorifico-combi-haeger-320-combi-315l-clase-e-gris\/\" \/>\n<meta property=\"og:locale\" content=\"es_ES\" \/>\n<meta property=\"og:type\" content=\"article\" \/>\n<meta property=\"og:title\" content=\"Frigor\u00edfico Combi HAEGER 320 Combi - 315L, Clase E, Gris - H\u00c6GER Eletrodom\u00e9sticos\" \/>\n<meta property=\"og:description\" content=\"Marca de Pequenos Eletrodom\u00e9sticos para a sua cozinha, cuidados pessoais, casa e climatiza\u00e7\u00e3o. A op\u00e7\u00e3o inteligente para a sua casa.\" \/>\n<meta property=\"og:url\" content=\"https:\/\/www.haegergroup.com\/es\/producto\/frigorifico-combi-haeger-320-combi-315l-clase-e-gris\/\" \/>\n<meta property=\"og:site_name\" content=\"H\u00c6GER Eletrodom\u00e9sticos\" \/>\n<meta property=\"article:modified_time\" content=\"2024-04-11T11:13:47+00:00\" \/>\n<meta property=\"og:image\" content=\"https:\/\/www.haegergroup.com\/wp-content\/uploads\/CR-32S.017A_1-1.jpg\" \/>\n\t<meta property=\"og:image:width\" content=\"1200\" \/>\n\t<meta property=\"og:image:height\" content=\"1200\" \/>\n\t<meta property=\"og:image:type\" content=\"image\/jpeg\" \/>\n<meta name=\"twitter:card\" content=\"summary_large_image\" \/>\n<meta name=\"twitter:label1\" content=\"Tiempo de lectura\" \/>\n\t<meta name=\"twitter:data1\" content=\"1 minuto\" \/>\n<script type=\"application\/ld+json\" class=\"yoast-schema-graph\">{\"@context\":\"https:\/\/schema.org\",\"@graph\":[{\"@type\":\"WebPage\",\"@id\":\"https:\/\/www.haegergroup.com\/es\/producto\/frigorifico-combi-haeger-320-combi-315l-clase-e-gris\/\",\"url\":\"https:\/\/www.haegergroup.com\/es\/producto\/frigorifico-combi-haeger-320-combi-315l-clase-e-gris\/\",\"name\":\"Frigor\u00edfico Combi HAEGER 320 Combi - 315L, Clase E, Gris - H\u00c6GER Eletrodom\u00e9sticos\",\"isPartOf\":{\"@id\":\"https:\/\/www.haegergroup.com\/es\/#website\"},\"primaryImageOfPage\":{\"@id\":\"https:\/\/www.haegergroup.com\/es\/producto\/frigorifico-combi-haeger-320-combi-315l-clase-e-gris\/#primaryimage\"},\"image\":{\"@id\":\"https:\/\/www.haegergroup.com\/es\/producto\/frigorifico-combi-haeger-320-combi-315l-clase-e-gris\/#primaryimage\"},\"thumbnailUrl\":\"https:\/\/www.haegergroup.com\/wp-content\/uploads\/CR-32S.017A_1-1.jpg\",\"datePublished\":\"2024-04-11T11:13:46+00:00\",\"dateModified\":\"2024-04-11T11:13:47+00:00\",\"description\":\"Marca de Pequenos Eletrodom\u00e9sticos para a sua cozinha, cuidados pessoais, casa e climatiza\u00e7\u00e3o. A op\u00e7\u00e3o inteligente para a sua casa.\",\"breadcrumb\":{\"@id\":\"https:\/\/www.haegergroup.com\/es\/producto\/frigorifico-combi-haeger-320-combi-315l-clase-e-gris\/#breadcrumb\"},\"inLanguage\":\"es\",\"potentialAction\":[{\"@type\":\"ReadAction\",\"target\":[\"https:\/\/www.haegergroup.com\/es\/producto\/frigorifico-combi-haeger-320-combi-315l-clase-e-gris\/\"]}]},{\"@type\":\"ImageObject\",\"inLanguage\":\"es\",\"@id\":\"https:\/\/www.haegergroup.com\/es\/producto\/frigorifico-combi-haeger-320-combi-315l-clase-e-gris\/#primaryimage\",\"url\":\"https:\/\/www.haegergroup.com\/wp-content\/uploads\/CR-32S.017A_1-1.jpg\",\"contentUrl\":\"https:\/\/www.haegergroup.com\/wp-content\/uploads\/CR-32S.017A_1-1.jpg\",\"width\":1200,\"height\":1200},{\"@type\":\"BreadcrumbList\",\"@id\":\"https:\/\/www.haegergroup.com\/es\/producto\/frigorifico-combi-haeger-320-combi-315l-clase-e-gris\/#breadcrumb\",\"itemListElement\":[{\"@type\":\"ListItem\",\"position\":1,\"name\":\"Portada\",\"item\":\"https:\/\/www.haegergroup.com\/es\/\"},{\"@type\":\"ListItem\",\"position\":2,\"name\":\"Productos\",\"item\":\"https:\/\/www.haegergroup.com\/es\/tienda\/\"},{\"@type\":\"ListItem\",\"position\":3,\"name\":\"Frigor\u00edfico Combi HAEGER 320 Combi &#8211; 315L, Clase E, Gris\"}]},{\"@type\":\"WebSite\",\"@id\":\"https:\/\/www.haegergroup.com\/es\/#website\",\"url\":\"https:\/\/www.haegergroup.com\/es\/\",\"name\":\"H\u00c6GER Eletrodom\u00e9sticos\",\"description\":\"A escolha inteligente\",\"publisher\":{\"@id\":\"https:\/\/www.haegergroup.com\/es\/#organization\"},\"potentialAction\":[{\"@type\":\"SearchAction\",\"target\":{\"@type\":\"EntryPoint\",\"urlTemplate\":\"https:\/\/www.haegergroup.com\/es\/?s={search_term_string}\"},\"query-input\":{\"@type\":\"PropertyValueSpecification\",\"valueRequired\":true,\"valueName\":\"search_term_string\"}}],\"inLanguage\":\"es\"},{\"@type\":\"Organization\",\"@id\":\"https:\/\/www.haegergroup.com\/es\/#organization\",\"name\":\"Haeger Electrodom\u00e9sticos\",\"url\":\"https:\/\/www.haegergroup.com\/es\/\",\"logo\":{\"@type\":\"ImageObject\",\"inLanguage\":\"es\",\"@id\":\"https:\/\/www.haegergroup.com\/es\/#\/schema\/logo\/image\/\",\"url\":\"https:\/\/www.haegergroup.com\/wp-content\/uploads\/2018\/05\/logo-web-220.png\",\"contentUrl\":\"https:\/\/www.haegergroup.com\/wp-content\/uploads\/2018\/05\/logo-web-220.png\",\"width\":220,\"height\":49,\"caption\":\"Haeger Electrodom\u00e9sticos\"},\"image\":{\"@id\":\"https:\/\/www.haegergroup.com\/es\/#\/schema\/logo\/image\/\"}}]}<\/script>\n<!-- \/ Yoast SEO plugin. -->","yoast_head_json":{"title":"Frigor\u00edfico Combi HAEGER 320 Combi - 315L, Clase E, Gris - H\u00c6GER Eletrodom\u00e9sticos","description":"Marca de Pequenos Eletrodom\u00e9sticos para a sua cozinha, cuidados pessoais, casa e climatiza\u00e7\u00e3o. A op\u00e7\u00e3o inteligente para a sua casa.","robots":{"index":"index","follow":"follow","max-snippet":"max-snippet:-1","max-image-preview":"max-image-preview:large","max-video-preview":"max-video-preview:-1"},"canonical":"https:\/\/www.haegergroup.com\/es\/producto\/frigorifico-combi-haeger-320-combi-315l-clase-e-gris\/","og_locale":"es_ES","og_type":"article","og_title":"Frigor\u00edfico Combi HAEGER 320 Combi - 315L, Clase E, Gris - H\u00c6GER Eletrodom\u00e9sticos","og_description":"Marca de Pequenos Eletrodom\u00e9sticos para a sua cozinha, cuidados pessoais, casa e climatiza\u00e7\u00e3o. A op\u00e7\u00e3o inteligente para a sua casa.","og_url":"https:\/\/www.haegergroup.com\/es\/producto\/frigorifico-combi-haeger-320-combi-315l-clase-e-gris\/","og_site_name":"H\u00c6GER Eletrodom\u00e9sticos","article_modified_time":"2024-04-11T11:13:47+00:00","og_image":[{"width":1200,"height":1200,"url":"https:\/\/www.haegergroup.com\/wp-content\/uploads\/CR-32S.017A_1-1.jpg","type":"image\/jpeg"}],"twitter_card":"summary_large_image","twitter_misc":{"Tiempo de lectura":"1 minuto"},"schema":{"@context":"https:\/\/schema.org","@graph":[{"@type":"WebPage","@id":"https:\/\/www.haegergroup.com\/es\/producto\/frigorifico-combi-haeger-320-combi-315l-clase-e-gris\/","url":"https:\/\/www.haegergroup.com\/es\/producto\/frigorifico-combi-haeger-320-combi-315l-clase-e-gris\/","name":"Frigor\u00edfico Combi HAEGER 320 Combi - 315L, Clase E, Gris - H\u00c6GER Eletrodom\u00e9sticos","isPartOf":{"@id":"https:\/\/www.haegergroup.com\/es\/#website"},"primaryImageOfPage":{"@id":"https:\/\/www.haegergroup.com\/es\/producto\/frigorifico-combi-haeger-320-combi-315l-clase-e-gris\/#primaryimage"},"image":{"@id":"https:\/\/www.haegergroup.com\/es\/producto\/frigorifico-combi-haeger-320-combi-315l-clase-e-gris\/#primaryimage"},"thumbnailUrl":"https:\/\/www.haegergroup.com\/wp-content\/uploads\/CR-32S.017A_1-1.jpg","datePublished":"2024-04-11T11:13:46+00:00","dateModified":"2024-04-11T11:13:47+00:00","description":"Marca de Pequenos Eletrodom\u00e9sticos para a sua cozinha, cuidados pessoais, casa e climatiza\u00e7\u00e3o. A op\u00e7\u00e3o inteligente para a sua casa.","breadcrumb":{"@id":"https:\/\/www.haegergroup.com\/es\/producto\/frigorifico-combi-haeger-320-combi-315l-clase-e-gris\/#breadcrumb"},"inLanguage":"es","potentialAction":[{"@type":"ReadAction","target":["https:\/\/www.haegergroup.com\/es\/producto\/frigorifico-combi-haeger-320-combi-315l-clase-e-gris\/"]}]},{"@type":"ImageObject","inLanguage":"es","@id":"https:\/\/www.haegergroup.com\/es\/producto\/frigorifico-combi-haeger-320-combi-315l-clase-e-gris\/#primaryimage","url":"https:\/\/www.haegergroup.com\/wp-content\/uploads\/CR-32S.017A_1-1.jpg","contentUrl":"https:\/\/www.haegergroup.com\/wp-content\/uploads\/CR-32S.017A_1-1.jpg","width":1200,"height":1200},{"@type":"BreadcrumbList","@id":"https:\/\/www.haegergroup.com\/es\/producto\/frigorifico-combi-haeger-320-combi-315l-clase-e-gris\/#breadcrumb","itemListElement":[{"@type":"ListItem","position":1,"name":"Portada","item":"https:\/\/www.haegergroup.com\/es\/"},{"@type":"ListItem","position":2,"name":"Productos","item":"https:\/\/www.haegergroup.com\/es\/tienda\/"},{"@type":"ListItem","position":3,"name":"Frigor\u00edfico Combi HAEGER 320 Combi &#8211; 315L, Clase E, Gris"}]},{"@type":"WebSite","@id":"https:\/\/www.haegergroup.com\/es\/#website","url":"https:\/\/www.haegergroup.com\/es\/","name":"H\u00c6GER Eletrodom\u00e9sticos","description":"A escolha inteligente","publisher":{"@id":"https:\/\/www.haegergroup.com\/es\/#organization"},"potentialAction":[{"@type":"SearchAction","target":{"@type":"EntryPoint","urlTemplate":"https:\/\/www.haegergroup.com\/es\/?s={search_term_string}"},"query-input":{"@type":"PropertyValueSpecification","valueRequired":true,"valueName":"search_term_string"}}],"inLanguage":"es"},{"@type":"Organization","@id":"https:\/\/www.haegergroup.com\/es\/#organization","name":"Haeger Electrodom\u00e9sticos","url":"https:\/\/www.haegergroup.com\/es\/","logo":{"@type":"ImageObject","inLanguage":"es","@id":"https:\/\/www.haegergroup.com\/es\/#\/schema\/logo\/image\/","url":"https:\/\/www.haegergroup.com\/wp-content\/uploads\/2018\/05\/logo-web-220.png","contentUrl":"https:\/\/www.haegergroup.com\/wp-content\/uploads\/2018\/05\/logo-web-220.png","width":220,"height":49,"caption":"Haeger Electrodom\u00e9sticos"},"image":{"@id":"https:\/\/www.haegergroup.com\/es\/#\/schema\/logo\/image\/"}}]}},"_links":{"self":[{"href":"https:\/\/www.haegergroup.com\/es\/wp-json\/wp\/v2\/product\/36031","targetHints":{"allow":["GET"]}}],"collection":[{"href":"https:\/\/www.haegergroup.com\/es\/wp-json\/wp\/v2\/product"}],"about":[{"href":"https:\/\/www.haegergroup.com\/es\/wp-json\/wp\/v2\/types\/product"}],"wp:featuredmedia":[{"embeddable":true,"href":"https:\/\/www.haegergroup.com\/es\/wp-json\/wp\/v2\/media\/36018"}],"wp:attachment":[{"href":"https:\/\/www.haegergroup.com\/es\/wp-json\/wp\/v2\/media?parent=36031"}],"wp:term":[{"taxonomy":"product_cat","embeddable":true,"href":"https:\/\/www.haegergroup.com\/es\/wp-json\/wp\/v2\/product_cat?post=36031"},{"taxonomy":"product_tag","embeddable":true,"href":"https:\/\/www.haegergroup.com\/es\/wp-json\/wp\/v2\/product_tag?post=36031"}],"curies":[{"name":"wp","href":"https:\/\/api.w.org\/{rel}","templated":true}]}}