{"id":35967,"date":"2024-04-03T16:38:48","date_gmt":"2024-04-03T16:12:17","guid":{"rendered":"https:\/\/www.haegergroup.com\/?post_type=product&#038;p=35967"},"modified":"2024-04-03T17:12:18","modified_gmt":"2024-04-03T16:12:18","slug":"frigorifico-haeger-north-pole-90d-90l-clase-e-blanco","status":"publish","type":"product","link":"https:\/\/www.haegergroup.com\/es\/producto\/frigorifico-haeger-north-pole-90d-90l-clase-e-blanco\/","title":{"rendered":"Frigor\u00edfico HAEGER North Pole 90D &#8211; 90L, Clase E, Blanco"},"content":{"rendered":"<p>El frigor\u00edfico congelador HAEGER North Pole 90L es de color blanco, tiene una capacidad de hasta 91 litros, clase energ\u00e9tica E, ruido: &lt;41 dB y un peso bruto de 21kg. Sus dimensiones son (ancho x fondo x alto) 470mm x 440mm x 830mm.<\/p>\n","protected":false},"excerpt":{"rendered":"<h2>Frigor\u00edfico HAEGER North Pole 90D<br \/>\nModelo: RE-90W.030A<\/h2>\n<ul>\n<li>Alimentaci\u00f3n el\u00e9ctrica\/Clase de protecci\u00f3n 220-240 V~ 50Hz \/ I<\/li>\n<li>Corriente nominal 0,7A<\/li>\n<li>Gas refrigerante \/ Cantidad R600a \/ 21g<\/li>\n<li>Gas aislante C5H10<\/li>\n<li>Clase de eficiencia energ\u00e9tica E<\/li>\n<li>\u00cdndice de eficiencia energ\u00e9tica (IEE) 99<\/li>\n<li>Consumo de energ\u00eda anual 85kWh\/annum)<\/li>\n<li>Volumen total 91 L<\/li>\n<li>Alimentos frescos 91 L<\/li>\n<li>Tipo de descongelaci\u00f3n Manual<\/li>\n<li>Clase clim\u00e1tica N\/ST (+16 \u00baC a +38 \u00baC)<\/li>\n<li>Emisi\u00f3n de ruido a\u00e9reo [dB (A) re 1pW] 41 dB<\/li>\n<li>Emisi\u00f3n de ruido a\u00e9reo clase C<\/li>\n<li>Peso neto\/peso bruto 19g\/21kg<\/li>\n<li>Dimensiones totales (An x Pr x Al) 470mm x 440mm x 830mm<\/li>\n<\/ul>\n","protected":false},"featured_media":35965,"template":"","meta":[],"product_cat":[197,198],"product_tag":[],"class_list":{"0":"post-35967","1":"product","2":"type-product","3":"status-publish","4":"has-post-thumbnail","6":"product_cat-frio","7":"product_cat-frigorificos","9":"first","10":"instock","11":"shipping-taxable","12":"product-type-simple"},"yoast_head":"<!-- This site is optimized with the Yoast SEO plugin v24.1 - https:\/\/yoast.com\/wordpress\/plugins\/seo\/ -->\n<title>Frigor\u00edfico HAEGER North Pole 90D - 90L, Clase E, Blanco - H\u00c6GER Eletrodom\u00e9sticos<\/title>\n<meta name=\"description\" content=\"Marca de Pequenos Eletrodom\u00e9sticos para a sua cozinha, cuidados pessoais, casa e climatiza\u00e7\u00e3o. A op\u00e7\u00e3o inteligente para a sua casa.\" \/>\n<meta name=\"robots\" content=\"index, follow, max-snippet:-1, max-image-preview:large, max-video-preview:-1\" \/>\n<link rel=\"canonical\" href=\"https:\/\/www.haegergroup.com\/es\/producto\/frigorifico-haeger-north-pole-90d-90l-clase-e-blanco\/\" \/>\n<meta property=\"og:locale\" content=\"es_ES\" \/>\n<meta property=\"og:type\" content=\"article\" \/>\n<meta property=\"og:title\" content=\"Frigor\u00edfico HAEGER North Pole 90D - 90L, Clase E, Blanco - H\u00c6GER Eletrodom\u00e9sticos\" \/>\n<meta property=\"og:description\" content=\"Marca de Pequenos Eletrodom\u00e9sticos para a sua cozinha, cuidados pessoais, casa e climatiza\u00e7\u00e3o. A op\u00e7\u00e3o inteligente para a sua casa.\" \/>\n<meta property=\"og:url\" content=\"https:\/\/www.haegergroup.com\/es\/producto\/frigorifico-haeger-north-pole-90d-90l-clase-e-blanco\/\" \/>\n<meta property=\"og:site_name\" content=\"H\u00c6GER Eletrodom\u00e9sticos\" \/>\n<meta property=\"article:modified_time\" content=\"2024-04-03T16:12:18+00:00\" \/>\n<meta property=\"og:image\" content=\"https:\/\/www.haegergroup.com\/wp-content\/uploads\/RE-90W.030A_1-1.jpg\" \/>\n\t<meta property=\"og:image:width\" content=\"1200\" \/>\n\t<meta property=\"og:image:height\" content=\"1200\" \/>\n\t<meta property=\"og:image:type\" content=\"image\/jpeg\" \/>\n<meta name=\"twitter:card\" content=\"summary_large_image\" \/>\n<meta name=\"twitter:label1\" content=\"Tiempo de lectura\" \/>\n\t<meta name=\"twitter:data1\" content=\"1 minuto\" \/>\n<script type=\"application\/ld+json\" class=\"yoast-schema-graph\">{\"@context\":\"https:\/\/schema.org\",\"@graph\":[{\"@type\":\"WebPage\",\"@id\":\"https:\/\/www.haegergroup.com\/es\/producto\/frigorifico-haeger-north-pole-90d-90l-clase-e-blanco\/\",\"url\":\"https:\/\/www.haegergroup.com\/es\/producto\/frigorifico-haeger-north-pole-90d-90l-clase-e-blanco\/\",\"name\":\"Frigor\u00edfico HAEGER North Pole 90D - 90L, Clase E, Blanco - H\u00c6GER Eletrodom\u00e9sticos\",\"isPartOf\":{\"@id\":\"https:\/\/www.haegergroup.com\/es\/#website\"},\"primaryImageOfPage\":{\"@id\":\"https:\/\/www.haegergroup.com\/es\/producto\/frigorifico-haeger-north-pole-90d-90l-clase-e-blanco\/#primaryimage\"},\"image\":{\"@id\":\"https:\/\/www.haegergroup.com\/es\/producto\/frigorifico-haeger-north-pole-90d-90l-clase-e-blanco\/#primaryimage\"},\"thumbnailUrl\":\"https:\/\/www.haegergroup.com\/wp-content\/uploads\/RE-90W.030A_1-1.jpg\",\"datePublished\":\"2024-04-03T16:12:17+00:00\",\"dateModified\":\"2024-04-03T16:12:18+00:00\",\"description\":\"Marca de Pequenos Eletrodom\u00e9sticos para a sua cozinha, cuidados pessoais, casa e climatiza\u00e7\u00e3o. A op\u00e7\u00e3o inteligente para a sua casa.\",\"breadcrumb\":{\"@id\":\"https:\/\/www.haegergroup.com\/es\/producto\/frigorifico-haeger-north-pole-90d-90l-clase-e-blanco\/#breadcrumb\"},\"inLanguage\":\"es\",\"potentialAction\":[{\"@type\":\"ReadAction\",\"target\":[\"https:\/\/www.haegergroup.com\/es\/producto\/frigorifico-haeger-north-pole-90d-90l-clase-e-blanco\/\"]}]},{\"@type\":\"ImageObject\",\"inLanguage\":\"es\",\"@id\":\"https:\/\/www.haegergroup.com\/es\/producto\/frigorifico-haeger-north-pole-90d-90l-clase-e-blanco\/#primaryimage\",\"url\":\"https:\/\/www.haegergroup.com\/wp-content\/uploads\/RE-90W.030A_1-1.jpg\",\"contentUrl\":\"https:\/\/www.haegergroup.com\/wp-content\/uploads\/RE-90W.030A_1-1.jpg\",\"width\":1200,\"height\":1200},{\"@type\":\"BreadcrumbList\",\"@id\":\"https:\/\/www.haegergroup.com\/es\/producto\/frigorifico-haeger-north-pole-90d-90l-clase-e-blanco\/#breadcrumb\",\"itemListElement\":[{\"@type\":\"ListItem\",\"position\":1,\"name\":\"Portada\",\"item\":\"https:\/\/www.haegergroup.com\/es\/\"},{\"@type\":\"ListItem\",\"position\":2,\"name\":\"Productos\",\"item\":\"https:\/\/www.haegergroup.com\/es\/tienda\/\"},{\"@type\":\"ListItem\",\"position\":3,\"name\":\"Frigor\u00edfico HAEGER North Pole 90D &#8211; 90L, Clase E, Blanco\"}]},{\"@type\":\"WebSite\",\"@id\":\"https:\/\/www.haegergroup.com\/es\/#website\",\"url\":\"https:\/\/www.haegergroup.com\/es\/\",\"name\":\"H\u00c6GER Eletrodom\u00e9sticos\",\"description\":\"A escolha inteligente\",\"publisher\":{\"@id\":\"https:\/\/www.haegergroup.com\/es\/#organization\"},\"potentialAction\":[{\"@type\":\"SearchAction\",\"target\":{\"@type\":\"EntryPoint\",\"urlTemplate\":\"https:\/\/www.haegergroup.com\/es\/?s={search_term_string}\"},\"query-input\":{\"@type\":\"PropertyValueSpecification\",\"valueRequired\":true,\"valueName\":\"search_term_string\"}}],\"inLanguage\":\"es\"},{\"@type\":\"Organization\",\"@id\":\"https:\/\/www.haegergroup.com\/es\/#organization\",\"name\":\"Haeger Electrodom\u00e9sticos\",\"url\":\"https:\/\/www.haegergroup.com\/es\/\",\"logo\":{\"@type\":\"ImageObject\",\"inLanguage\":\"es\",\"@id\":\"https:\/\/www.haegergroup.com\/es\/#\/schema\/logo\/image\/\",\"url\":\"https:\/\/www.haegergroup.com\/wp-content\/uploads\/2018\/05\/logo-web-220.png\",\"contentUrl\":\"https:\/\/www.haegergroup.com\/wp-content\/uploads\/2018\/05\/logo-web-220.png\",\"width\":220,\"height\":49,\"caption\":\"Haeger Electrodom\u00e9sticos\"},\"image\":{\"@id\":\"https:\/\/www.haegergroup.com\/es\/#\/schema\/logo\/image\/\"}}]}<\/script>\n<!-- \/ Yoast SEO plugin. -->","yoast_head_json":{"title":"Frigor\u00edfico HAEGER North Pole 90D - 90L, Clase E, Blanco - H\u00c6GER Eletrodom\u00e9sticos","description":"Marca de Pequenos Eletrodom\u00e9sticos para a sua cozinha, cuidados pessoais, casa e climatiza\u00e7\u00e3o. A op\u00e7\u00e3o inteligente para a sua casa.","robots":{"index":"index","follow":"follow","max-snippet":"max-snippet:-1","max-image-preview":"max-image-preview:large","max-video-preview":"max-video-preview:-1"},"canonical":"https:\/\/www.haegergroup.com\/es\/producto\/frigorifico-haeger-north-pole-90d-90l-clase-e-blanco\/","og_locale":"es_ES","og_type":"article","og_title":"Frigor\u00edfico HAEGER North Pole 90D - 90L, Clase E, Blanco - H\u00c6GER Eletrodom\u00e9sticos","og_description":"Marca de Pequenos Eletrodom\u00e9sticos para a sua cozinha, cuidados pessoais, casa e climatiza\u00e7\u00e3o. A op\u00e7\u00e3o inteligente para a sua casa.","og_url":"https:\/\/www.haegergroup.com\/es\/producto\/frigorifico-haeger-north-pole-90d-90l-clase-e-blanco\/","og_site_name":"H\u00c6GER Eletrodom\u00e9sticos","article_modified_time":"2024-04-03T16:12:18+00:00","og_image":[{"width":1200,"height":1200,"url":"https:\/\/www.haegergroup.com\/wp-content\/uploads\/RE-90W.030A_1-1.jpg","type":"image\/jpeg"}],"twitter_card":"summary_large_image","twitter_misc":{"Tiempo de lectura":"1 minuto"},"schema":{"@context":"https:\/\/schema.org","@graph":[{"@type":"WebPage","@id":"https:\/\/www.haegergroup.com\/es\/producto\/frigorifico-haeger-north-pole-90d-90l-clase-e-blanco\/","url":"https:\/\/www.haegergroup.com\/es\/producto\/frigorifico-haeger-north-pole-90d-90l-clase-e-blanco\/","name":"Frigor\u00edfico HAEGER North Pole 90D - 90L, Clase E, Blanco - H\u00c6GER Eletrodom\u00e9sticos","isPartOf":{"@id":"https:\/\/www.haegergroup.com\/es\/#website"},"primaryImageOfPage":{"@id":"https:\/\/www.haegergroup.com\/es\/producto\/frigorifico-haeger-north-pole-90d-90l-clase-e-blanco\/#primaryimage"},"image":{"@id":"https:\/\/www.haegergroup.com\/es\/producto\/frigorifico-haeger-north-pole-90d-90l-clase-e-blanco\/#primaryimage"},"thumbnailUrl":"https:\/\/www.haegergroup.com\/wp-content\/uploads\/RE-90W.030A_1-1.jpg","datePublished":"2024-04-03T16:12:17+00:00","dateModified":"2024-04-03T16:12:18+00:00","description":"Marca de Pequenos Eletrodom\u00e9sticos para a sua cozinha, cuidados pessoais, casa e climatiza\u00e7\u00e3o. A op\u00e7\u00e3o inteligente para a sua casa.","breadcrumb":{"@id":"https:\/\/www.haegergroup.com\/es\/producto\/frigorifico-haeger-north-pole-90d-90l-clase-e-blanco\/#breadcrumb"},"inLanguage":"es","potentialAction":[{"@type":"ReadAction","target":["https:\/\/www.haegergroup.com\/es\/producto\/frigorifico-haeger-north-pole-90d-90l-clase-e-blanco\/"]}]},{"@type":"ImageObject","inLanguage":"es","@id":"https:\/\/www.haegergroup.com\/es\/producto\/frigorifico-haeger-north-pole-90d-90l-clase-e-blanco\/#primaryimage","url":"https:\/\/www.haegergroup.com\/wp-content\/uploads\/RE-90W.030A_1-1.jpg","contentUrl":"https:\/\/www.haegergroup.com\/wp-content\/uploads\/RE-90W.030A_1-1.jpg","width":1200,"height":1200},{"@type":"BreadcrumbList","@id":"https:\/\/www.haegergroup.com\/es\/producto\/frigorifico-haeger-north-pole-90d-90l-clase-e-blanco\/#breadcrumb","itemListElement":[{"@type":"ListItem","position":1,"name":"Portada","item":"https:\/\/www.haegergroup.com\/es\/"},{"@type":"ListItem","position":2,"name":"Productos","item":"https:\/\/www.haegergroup.com\/es\/tienda\/"},{"@type":"ListItem","position":3,"name":"Frigor\u00edfico HAEGER North Pole 90D &#8211; 90L, Clase E, Blanco"}]},{"@type":"WebSite","@id":"https:\/\/www.haegergroup.com\/es\/#website","url":"https:\/\/www.haegergroup.com\/es\/","name":"H\u00c6GER Eletrodom\u00e9sticos","description":"A escolha inteligente","publisher":{"@id":"https:\/\/www.haegergroup.com\/es\/#organization"},"potentialAction":[{"@type":"SearchAction","target":{"@type":"EntryPoint","urlTemplate":"https:\/\/www.haegergroup.com\/es\/?s={search_term_string}"},"query-input":{"@type":"PropertyValueSpecification","valueRequired":true,"valueName":"search_term_string"}}],"inLanguage":"es"},{"@type":"Organization","@id":"https:\/\/www.haegergroup.com\/es\/#organization","name":"Haeger Electrodom\u00e9sticos","url":"https:\/\/www.haegergroup.com\/es\/","logo":{"@type":"ImageObject","inLanguage":"es","@id":"https:\/\/www.haegergroup.com\/es\/#\/schema\/logo\/image\/","url":"https:\/\/www.haegergroup.com\/wp-content\/uploads\/2018\/05\/logo-web-220.png","contentUrl":"https:\/\/www.haegergroup.com\/wp-content\/uploads\/2018\/05\/logo-web-220.png","width":220,"height":49,"caption":"Haeger Electrodom\u00e9sticos"},"image":{"@id":"https:\/\/www.haegergroup.com\/es\/#\/schema\/logo\/image\/"}}]}},"_links":{"self":[{"href":"https:\/\/www.haegergroup.com\/es\/wp-json\/wp\/v2\/product\/35967","targetHints":{"allow":["GET"]}}],"collection":[{"href":"https:\/\/www.haegergroup.com\/es\/wp-json\/wp\/v2\/product"}],"about":[{"href":"https:\/\/www.haegergroup.com\/es\/wp-json\/wp\/v2\/types\/product"}],"wp:featuredmedia":[{"embeddable":true,"href":"https:\/\/www.haegergroup.com\/es\/wp-json\/wp\/v2\/media\/35965"}],"wp:attachment":[{"href":"https:\/\/www.haegergroup.com\/es\/wp-json\/wp\/v2\/media?parent=35967"}],"wp:term":[{"taxonomy":"product_cat","embeddable":true,"href":"https:\/\/www.haegergroup.com\/es\/wp-json\/wp\/v2\/product_cat?post=35967"},{"taxonomy":"product_tag","embeddable":true,"href":"https:\/\/www.haegergroup.com\/es\/wp-json\/wp\/v2\/product_tag?post=35967"}],"curies":[{"name":"wp","href":"https:\/\/api.w.org\/{rel}","templated":true}]}}