{"id":35918,"date":"2024-03-14T12:24:25","date_gmt":"2024-03-14T12:37:48","guid":{"rendered":"https:\/\/www.haegergroup.com\/?post_type=product&#038;p=35918"},"modified":"2024-07-19T17:06:33","modified_gmt":"2024-07-19T16:06:33","slug":"altavoz-bluetooth-portatil-haeger-light-boom-3h-de-autonomia-ipx5-microfono-iluminacion-rgb","status":"publish","type":"product","link":"https:\/\/www.haegergroup.com\/es\/producto\/altavoz-bluetooth-portatil-haeger-light-boom-3h-de-autonomia-ipx5-microfono-iluminacion-rgb\/","title":{"rendered":"Altavoz Bluetooth Port\u00e1til HAEGER Light Boom &#8211; 3h de Autonom\u00eda, IPX5"},"content":{"rendered":"<p>Disfruta de un sonido potente y cristalino en cualquier lugar con nuestro altavoz Bluetooth port\u00e1til. Resistente a salpicaduras con clasificaci\u00f3n IPX5, es ideal para actividades al aire libre. Ofrece iluminaci\u00f3n RGB, 3 modos de reproducci\u00f3n y una funci\u00f3n TWS para mejorar el sonido est\u00e9reo. Equipado con Bluetooth A2DP y un micr\u00f3fono manos libres, es perfecto para satisfacer sus necesidades de audio. Compacto y con una autonom\u00eda de hasta 3 horas.<\/p>\n","protected":false},"excerpt":{"rendered":"<h2>Altavoz Bluetooth port\u00e1til (2&#8243; &#8211; 10W)<br \/>\nModelo: SP-10W.003A<\/h2>\n<ul>\n<li>Sonido potente y cristalino<\/li>\n<li>IPX5 a prueba de salpicaduras, perfecto para la playa, piscina, barco y otras actividades al aire libre<\/li>\n<li>Altavoces de 2&#8243; (5,08 cm)<\/li>\n<li>Iluminaci\u00f3n RGB (3 modos)<\/li>\n<li>3 modos de reproducci\u00f3n: Bluetooth, USB Pen Drive y entrada AUX<\/li>\n<li>Funci\u00f3n TWS, permite una verdadera reproducci\u00f3n inal\u00e1mbrica con sonido est\u00e9reo doblemente mejorado<\/li>\n<li>Bluetooth A2DP, transmite m\u00fasica de forma inal\u00e1mbrica desde cualquier dispositivo compatible con Bluetooth<\/li>\n<li>Micr\u00f3fono manos libres para responder f\u00e1cilmente a las llamadas<\/li>\n<li>Rango de frecuencia: 80Hz &#8211; 16KHz<\/li>\n<li>Tiempo de carga: 3,5h<\/li>\n<li>Autonom\u00eda m\u00e1xima: 3h<\/li>\n<li>Bater\u00eda de 3,7 V y 2000 mAh<\/li>\n<li>Dimensiones: An. 242 x Pr. 92 x Al. 92 mm<\/li>\n<\/ul>\n","protected":false},"featured_media":35910,"template":"","meta":[],"product_cat":[782,131],"product_tag":[],"class_list":{"0":"post-35918","1":"product","2":"type-product","3":"status-publish","4":"has-post-thumbnail","6":"product_cat-altavoz-portatil","7":"product_cat-audio-tv-telecom","9":"first","10":"instock","11":"shipping-taxable","12":"product-type-simple"},"yoast_head":"<!-- This site is optimized with the Yoast SEO plugin v24.1 - https:\/\/yoast.com\/wordpress\/plugins\/seo\/ -->\n<title>Altavoz Bluetooth Port\u00e1til HAEGER Light Boom - 3h de Autonom\u00eda, IPX5 - H\u00c6GER Eletrodom\u00e9sticos<\/title>\n<meta name=\"description\" content=\"Marca de Pequenos Eletrodom\u00e9sticos para a sua cozinha, cuidados pessoais, casa e climatiza\u00e7\u00e3o. A op\u00e7\u00e3o inteligente para a sua casa.\" \/>\n<meta name=\"robots\" content=\"index, follow, max-snippet:-1, max-image-preview:large, max-video-preview:-1\" \/>\n<link rel=\"canonical\" href=\"https:\/\/www.haegergroup.com\/es\/producto\/altavoz-bluetooth-portatil-haeger-light-boom-3h-de-autonomia-ipx5-microfono-iluminacion-rgb\/\" \/>\n<meta property=\"og:locale\" content=\"es_ES\" \/>\n<meta property=\"og:type\" content=\"article\" \/>\n<meta property=\"og:title\" content=\"Altavoz Bluetooth Port\u00e1til HAEGER Light Boom - 3h de Autonom\u00eda, IPX5 - H\u00c6GER Eletrodom\u00e9sticos\" \/>\n<meta property=\"og:description\" content=\"Marca de Pequenos Eletrodom\u00e9sticos para a sua cozinha, cuidados pessoais, casa e climatiza\u00e7\u00e3o. A op\u00e7\u00e3o inteligente para a sua casa.\" \/>\n<meta property=\"og:url\" content=\"https:\/\/www.haegergroup.com\/es\/producto\/altavoz-bluetooth-portatil-haeger-light-boom-3h-de-autonomia-ipx5-microfono-iluminacion-rgb\/\" \/>\n<meta property=\"og:site_name\" content=\"H\u00c6GER Eletrodom\u00e9sticos\" \/>\n<meta property=\"article:modified_time\" content=\"2024-07-19T16:06:33+00:00\" \/>\n<meta property=\"og:image\" content=\"https:\/\/www.haegergroup.com\/wp-content\/uploads\/SP-10W.003A_1-1.jpg\" \/>\n\t<meta property=\"og:image:width\" content=\"1200\" \/>\n\t<meta property=\"og:image:height\" content=\"1200\" \/>\n\t<meta property=\"og:image:type\" content=\"image\/jpeg\" \/>\n<meta name=\"twitter:card\" content=\"summary_large_image\" \/>\n<meta name=\"twitter:label1\" content=\"Tiempo de lectura\" \/>\n\t<meta name=\"twitter:data1\" content=\"1 minuto\" \/>\n<script type=\"application\/ld+json\" class=\"yoast-schema-graph\">{\"@context\":\"https:\/\/schema.org\",\"@graph\":[{\"@type\":\"WebPage\",\"@id\":\"https:\/\/www.haegergroup.com\/es\/producto\/altavoz-bluetooth-portatil-haeger-light-boom-3h-de-autonomia-ipx5-microfono-iluminacion-rgb\/\",\"url\":\"https:\/\/www.haegergroup.com\/es\/producto\/altavoz-bluetooth-portatil-haeger-light-boom-3h-de-autonomia-ipx5-microfono-iluminacion-rgb\/\",\"name\":\"Altavoz Bluetooth Port\u00e1til HAEGER Light Boom - 3h de Autonom\u00eda, IPX5 - H\u00c6GER Eletrodom\u00e9sticos\",\"isPartOf\":{\"@id\":\"https:\/\/www.haegergroup.com\/es\/#website\"},\"primaryImageOfPage\":{\"@id\":\"https:\/\/www.haegergroup.com\/es\/producto\/altavoz-bluetooth-portatil-haeger-light-boom-3h-de-autonomia-ipx5-microfono-iluminacion-rgb\/#primaryimage\"},\"image\":{\"@id\":\"https:\/\/www.haegergroup.com\/es\/producto\/altavoz-bluetooth-portatil-haeger-light-boom-3h-de-autonomia-ipx5-microfono-iluminacion-rgb\/#primaryimage\"},\"thumbnailUrl\":\"https:\/\/www.haegergroup.com\/wp-content\/uploads\/SP-10W.003A_1-1.jpg\",\"datePublished\":\"2024-03-14T12:37:48+00:00\",\"dateModified\":\"2024-07-19T16:06:33+00:00\",\"description\":\"Marca de Pequenos Eletrodom\u00e9sticos para a sua cozinha, cuidados pessoais, casa e climatiza\u00e7\u00e3o. A op\u00e7\u00e3o inteligente para a sua casa.\",\"breadcrumb\":{\"@id\":\"https:\/\/www.haegergroup.com\/es\/producto\/altavoz-bluetooth-portatil-haeger-light-boom-3h-de-autonomia-ipx5-microfono-iluminacion-rgb\/#breadcrumb\"},\"inLanguage\":\"es\",\"potentialAction\":[{\"@type\":\"ReadAction\",\"target\":[\"https:\/\/www.haegergroup.com\/es\/producto\/altavoz-bluetooth-portatil-haeger-light-boom-3h-de-autonomia-ipx5-microfono-iluminacion-rgb\/\"]}]},{\"@type\":\"ImageObject\",\"inLanguage\":\"es\",\"@id\":\"https:\/\/www.haegergroup.com\/es\/producto\/altavoz-bluetooth-portatil-haeger-light-boom-3h-de-autonomia-ipx5-microfono-iluminacion-rgb\/#primaryimage\",\"url\":\"https:\/\/www.haegergroup.com\/wp-content\/uploads\/SP-10W.003A_1-1.jpg\",\"contentUrl\":\"https:\/\/www.haegergroup.com\/wp-content\/uploads\/SP-10W.003A_1-1.jpg\",\"width\":1200,\"height\":1200},{\"@type\":\"BreadcrumbList\",\"@id\":\"https:\/\/www.haegergroup.com\/es\/producto\/altavoz-bluetooth-portatil-haeger-light-boom-3h-de-autonomia-ipx5-microfono-iluminacion-rgb\/#breadcrumb\",\"itemListElement\":[{\"@type\":\"ListItem\",\"position\":1,\"name\":\"Portada\",\"item\":\"https:\/\/www.haegergroup.com\/es\/\"},{\"@type\":\"ListItem\",\"position\":2,\"name\":\"Produtos\",\"item\":\"https:\/\/www.haegergroup.com\/pt-pt\/shop\/\"},{\"@type\":\"ListItem\",\"position\":3,\"name\":\"Altavoz Bluetooth Port\u00e1til HAEGER Light Boom &#8211; 3h de Autonom\u00eda, IPX5\"}]},{\"@type\":\"WebSite\",\"@id\":\"https:\/\/www.haegergroup.com\/es\/#website\",\"url\":\"https:\/\/www.haegergroup.com\/es\/\",\"name\":\"H\u00c6GER Eletrodom\u00e9sticos\",\"description\":\"A escolha inteligente\",\"publisher\":{\"@id\":\"https:\/\/www.haegergroup.com\/es\/#organization\"},\"potentialAction\":[{\"@type\":\"SearchAction\",\"target\":{\"@type\":\"EntryPoint\",\"urlTemplate\":\"https:\/\/www.haegergroup.com\/es\/?s={search_term_string}\"},\"query-input\":{\"@type\":\"PropertyValueSpecification\",\"valueRequired\":true,\"valueName\":\"search_term_string\"}}],\"inLanguage\":\"es\"},{\"@type\":\"Organization\",\"@id\":\"https:\/\/www.haegergroup.com\/es\/#organization\",\"name\":\"Haeger Electrodom\u00e9sticos\",\"url\":\"https:\/\/www.haegergroup.com\/es\/\",\"logo\":{\"@type\":\"ImageObject\",\"inLanguage\":\"es\",\"@id\":\"https:\/\/www.haegergroup.com\/es\/#\/schema\/logo\/image\/\",\"url\":\"https:\/\/www.haegergroup.com\/wp-content\/uploads\/2018\/05\/logo-web-220.png\",\"contentUrl\":\"https:\/\/www.haegergroup.com\/wp-content\/uploads\/2018\/05\/logo-web-220.png\",\"width\":220,\"height\":49,\"caption\":\"Haeger Electrodom\u00e9sticos\"},\"image\":{\"@id\":\"https:\/\/www.haegergroup.com\/es\/#\/schema\/logo\/image\/\"}}]}<\/script>\n<!-- \/ Yoast SEO plugin. -->","yoast_head_json":{"title":"Altavoz Bluetooth Port\u00e1til HAEGER Light Boom - 3h de Autonom\u00eda, IPX5 - H\u00c6GER Eletrodom\u00e9sticos","description":"Marca de Pequenos Eletrodom\u00e9sticos para a sua cozinha, cuidados pessoais, casa e climatiza\u00e7\u00e3o. A op\u00e7\u00e3o inteligente para a sua casa.","robots":{"index":"index","follow":"follow","max-snippet":"max-snippet:-1","max-image-preview":"max-image-preview:large","max-video-preview":"max-video-preview:-1"},"canonical":"https:\/\/www.haegergroup.com\/es\/producto\/altavoz-bluetooth-portatil-haeger-light-boom-3h-de-autonomia-ipx5-microfono-iluminacion-rgb\/","og_locale":"es_ES","og_type":"article","og_title":"Altavoz Bluetooth Port\u00e1til HAEGER Light Boom - 3h de Autonom\u00eda, IPX5 - H\u00c6GER Eletrodom\u00e9sticos","og_description":"Marca de Pequenos Eletrodom\u00e9sticos para a sua cozinha, cuidados pessoais, casa e climatiza\u00e7\u00e3o. A op\u00e7\u00e3o inteligente para a sua casa.","og_url":"https:\/\/www.haegergroup.com\/es\/producto\/altavoz-bluetooth-portatil-haeger-light-boom-3h-de-autonomia-ipx5-microfono-iluminacion-rgb\/","og_site_name":"H\u00c6GER Eletrodom\u00e9sticos","article_modified_time":"2024-07-19T16:06:33+00:00","og_image":[{"width":1200,"height":1200,"url":"https:\/\/www.haegergroup.com\/wp-content\/uploads\/SP-10W.003A_1-1.jpg","type":"image\/jpeg"}],"twitter_card":"summary_large_image","twitter_misc":{"Tiempo de lectura":"1 minuto"},"schema":{"@context":"https:\/\/schema.org","@graph":[{"@type":"WebPage","@id":"https:\/\/www.haegergroup.com\/es\/producto\/altavoz-bluetooth-portatil-haeger-light-boom-3h-de-autonomia-ipx5-microfono-iluminacion-rgb\/","url":"https:\/\/www.haegergroup.com\/es\/producto\/altavoz-bluetooth-portatil-haeger-light-boom-3h-de-autonomia-ipx5-microfono-iluminacion-rgb\/","name":"Altavoz Bluetooth Port\u00e1til HAEGER Light Boom - 3h de Autonom\u00eda, IPX5 - H\u00c6GER Eletrodom\u00e9sticos","isPartOf":{"@id":"https:\/\/www.haegergroup.com\/es\/#website"},"primaryImageOfPage":{"@id":"https:\/\/www.haegergroup.com\/es\/producto\/altavoz-bluetooth-portatil-haeger-light-boom-3h-de-autonomia-ipx5-microfono-iluminacion-rgb\/#primaryimage"},"image":{"@id":"https:\/\/www.haegergroup.com\/es\/producto\/altavoz-bluetooth-portatil-haeger-light-boom-3h-de-autonomia-ipx5-microfono-iluminacion-rgb\/#primaryimage"},"thumbnailUrl":"https:\/\/www.haegergroup.com\/wp-content\/uploads\/SP-10W.003A_1-1.jpg","datePublished":"2024-03-14T12:37:48+00:00","dateModified":"2024-07-19T16:06:33+00:00","description":"Marca de Pequenos Eletrodom\u00e9sticos para a sua cozinha, cuidados pessoais, casa e climatiza\u00e7\u00e3o. A op\u00e7\u00e3o inteligente para a sua casa.","breadcrumb":{"@id":"https:\/\/www.haegergroup.com\/es\/producto\/altavoz-bluetooth-portatil-haeger-light-boom-3h-de-autonomia-ipx5-microfono-iluminacion-rgb\/#breadcrumb"},"inLanguage":"es","potentialAction":[{"@type":"ReadAction","target":["https:\/\/www.haegergroup.com\/es\/producto\/altavoz-bluetooth-portatil-haeger-light-boom-3h-de-autonomia-ipx5-microfono-iluminacion-rgb\/"]}]},{"@type":"ImageObject","inLanguage":"es","@id":"https:\/\/www.haegergroup.com\/es\/producto\/altavoz-bluetooth-portatil-haeger-light-boom-3h-de-autonomia-ipx5-microfono-iluminacion-rgb\/#primaryimage","url":"https:\/\/www.haegergroup.com\/wp-content\/uploads\/SP-10W.003A_1-1.jpg","contentUrl":"https:\/\/www.haegergroup.com\/wp-content\/uploads\/SP-10W.003A_1-1.jpg","width":1200,"height":1200},{"@type":"BreadcrumbList","@id":"https:\/\/www.haegergroup.com\/es\/producto\/altavoz-bluetooth-portatil-haeger-light-boom-3h-de-autonomia-ipx5-microfono-iluminacion-rgb\/#breadcrumb","itemListElement":[{"@type":"ListItem","position":1,"name":"Portada","item":"https:\/\/www.haegergroup.com\/es\/"},{"@type":"ListItem","position":2,"name":"Produtos","item":"https:\/\/www.haegergroup.com\/pt-pt\/shop\/"},{"@type":"ListItem","position":3,"name":"Altavoz Bluetooth Port\u00e1til HAEGER Light Boom &#8211; 3h de Autonom\u00eda, IPX5"}]},{"@type":"WebSite","@id":"https:\/\/www.haegergroup.com\/es\/#website","url":"https:\/\/www.haegergroup.com\/es\/","name":"H\u00c6GER Eletrodom\u00e9sticos","description":"A escolha inteligente","publisher":{"@id":"https:\/\/www.haegergroup.com\/es\/#organization"},"potentialAction":[{"@type":"SearchAction","target":{"@type":"EntryPoint","urlTemplate":"https:\/\/www.haegergroup.com\/es\/?s={search_term_string}"},"query-input":{"@type":"PropertyValueSpecification","valueRequired":true,"valueName":"search_term_string"}}],"inLanguage":"es"},{"@type":"Organization","@id":"https:\/\/www.haegergroup.com\/es\/#organization","name":"Haeger Electrodom\u00e9sticos","url":"https:\/\/www.haegergroup.com\/es\/","logo":{"@type":"ImageObject","inLanguage":"es","@id":"https:\/\/www.haegergroup.com\/es\/#\/schema\/logo\/image\/","url":"https:\/\/www.haegergroup.com\/wp-content\/uploads\/2018\/05\/logo-web-220.png","contentUrl":"https:\/\/www.haegergroup.com\/wp-content\/uploads\/2018\/05\/logo-web-220.png","width":220,"height":49,"caption":"Haeger Electrodom\u00e9sticos"},"image":{"@id":"https:\/\/www.haegergroup.com\/es\/#\/schema\/logo\/image\/"}}]}},"_links":{"self":[{"href":"https:\/\/www.haegergroup.com\/es\/wp-json\/wp\/v2\/product\/35918","targetHints":{"allow":["GET"]}}],"collection":[{"href":"https:\/\/www.haegergroup.com\/es\/wp-json\/wp\/v2\/product"}],"about":[{"href":"https:\/\/www.haegergroup.com\/es\/wp-json\/wp\/v2\/types\/product"}],"wp:featuredmedia":[{"embeddable":true,"href":"https:\/\/www.haegergroup.com\/es\/wp-json\/wp\/v2\/media\/35910"}],"wp:attachment":[{"href":"https:\/\/www.haegergroup.com\/es\/wp-json\/wp\/v2\/media?parent=35918"}],"wp:term":[{"taxonomy":"product_cat","embeddable":true,"href":"https:\/\/www.haegergroup.com\/es\/wp-json\/wp\/v2\/product_cat?post=35918"},{"taxonomy":"product_tag","embeddable":true,"href":"https:\/\/www.haegergroup.com\/es\/wp-json\/wp\/v2\/product_tag?post=35918"}],"curies":[{"name":"wp","href":"https:\/\/api.w.org\/{rel}","templated":true}]}}