{"id":35895,"date":"2024-03-11T11:52:46","date_gmt":"2024-03-11T11:55:20","guid":{"rendered":"https:\/\/www.haegergroup.com\/?post_type=product&#038;p=35895"},"modified":"2024-03-11T12:05:21","modified_gmt":"2024-03-11T12:05:21","slug":"ventilador-digital-con-humidificador-haeger-black-mist-ii-70w-3-velocidades-mando-a-distancia","status":"publish","type":"product","link":"https:\/\/www.haegergroup.com\/es\/producto\/ventilador-digital-con-humidificador-haeger-black-mist-ii-70w-3-velocidades-mando-a-distancia\/","title":{"rendered":"Ventilador Digital con Humidificador HAEGER Black Mist II &#8211; 70W, 3 Velocidades, Mando a Distancia"},"content":{"rendered":"<p>Con un impresionante di\u00e1metro de 45 cm, este ventilador garantiza una circulaci\u00f3n eficaz del aire en cualquier espacio. Su motor de cobre de gran durabilidad ofrece un rendimiento fiable y duradero.<\/p>\n<p>El dep\u00f3sito de 2 litros integrado en el humidificador proporciona una bruma refrescante que ayuda a combatir el aire seco y mejora la calidad del aire, creando un ambiente m\u00e1s saludable y confortable.<\/p>\n<p>La funci\u00f3n de oscilaci\u00f3n de 90\u00b0 distribuye el aire uniformemente por toda la zona, mientras que el funcionamiento silencioso le permite disfrutar de un ambiente tranquilo y sin molestias.<\/p>\n<p>El mando a distancia y el panel de control digital le permiten ajustar f\u00e1cilmente las 3 velocidades y los 3 modos disponibles (Normal, Natural y Sleep). Adem\u00e1s, el temporizador de 9 horas le permite programar el funcionamiento del ventilador seg\u00fan sus preferencias.<\/p>\n<p>La base con ruedas facilita el traslado del ventilador de un lugar a otro, para que pueda disfrutar de un ambiente fresco y confortable en cualquier rinc\u00f3n de su casa u oficina.<\/p>\n<p>Con una potencia de 70 vatios, este ventilador digital con humidificador es una elecci\u00f3n inteligente para quienes buscan comodidad y practicidad en un solo aparato.<\/p>\n","protected":false},"excerpt":{"rendered":"<h2>Ventilador digital con humidificador<br \/>\nModelo: HF-18R.002A<\/h2>\n<ul>\n<li>Mando a distancia<\/li>\n<li>Temporizador de 9 horas<\/li>\n<li>Panel de control digital<\/li>\n<li>Base con ruedas para un mejor desplazamiento<\/li>\n<li>Di\u00e1metro del ventilador: 45 cm<\/li>\n<li>Motor 100% cobre de alta durabilidad<\/li>\n<li>3 velocidades<\/li>\n<li>3 Modos (Normal \/ Natural \/ Sleep)<\/li>\n<li>Funci\u00f3n de oscilaci\u00f3n de 90<\/li>\n<li>Funcionamiento extra silencioso<\/li>\n<li>Dep\u00f3sito de 2 litros<\/li>\n<li>Potencia: 70 vatios<\/li>\n<\/ul>\n","protected":false},"featured_media":35940,"template":"","meta":[],"product_cat":[146,147],"product_tag":[],"class_list":{"0":"post-35895","1":"product","2":"type-product","3":"status-publish","4":"has-post-thumbnail","6":"product_cat-climatizacion","7":"product_cat-ventiladores","9":"first","10":"instock","11":"shipping-taxable","12":"product-type-simple"},"yoast_head":"<!-- This site is optimized with the Yoast SEO plugin v24.1 - https:\/\/yoast.com\/wordpress\/plugins\/seo\/ -->\n<title>Ventilador Digital con Humidificador HAEGER Black Mist II - 70W, 3 Velocidades, Mando a Distancia - H\u00c6GER Eletrodom\u00e9sticos<\/title>\n<meta name=\"description\" content=\"Marca de Pequenos Eletrodom\u00e9sticos para a sua cozinha, cuidados pessoais, casa e climatiza\u00e7\u00e3o. A op\u00e7\u00e3o inteligente para a sua casa.\" \/>\n<meta name=\"robots\" content=\"index, follow, max-snippet:-1, max-image-preview:large, max-video-preview:-1\" \/>\n<link rel=\"canonical\" href=\"https:\/\/www.haegergroup.com\/es\/producto\/ventilador-digital-con-humidificador-haeger-black-mist-ii-70w-3-velocidades-mando-a-distancia\/\" \/>\n<meta property=\"og:locale\" content=\"es_ES\" \/>\n<meta property=\"og:type\" content=\"article\" \/>\n<meta property=\"og:title\" content=\"Ventilador Digital con Humidificador HAEGER Black Mist II - 70W, 3 Velocidades, Mando a Distancia - H\u00c6GER Eletrodom\u00e9sticos\" \/>\n<meta property=\"og:description\" content=\"Marca de Pequenos Eletrodom\u00e9sticos para a sua cozinha, cuidados pessoais, casa e climatiza\u00e7\u00e3o. A op\u00e7\u00e3o inteligente para a sua casa.\" \/>\n<meta property=\"og:url\" content=\"https:\/\/www.haegergroup.com\/es\/producto\/ventilador-digital-con-humidificador-haeger-black-mist-ii-70w-3-velocidades-mando-a-distancia\/\" \/>\n<meta property=\"og:site_name\" content=\"H\u00c6GER Eletrodom\u00e9sticos\" \/>\n<meta property=\"article:modified_time\" content=\"2024-03-11T12:05:21+00:00\" \/>\n<meta property=\"og:image\" content=\"https:\/\/www.haegergroup.com\/wp-content\/uploads\/HF-18R.002A_1-1.jpg\" \/>\n\t<meta property=\"og:image:width\" content=\"1200\" \/>\n\t<meta property=\"og:image:height\" content=\"1200\" \/>\n\t<meta property=\"og:image:type\" content=\"image\/jpeg\" \/>\n<meta name=\"twitter:card\" content=\"summary_large_image\" \/>\n<meta name=\"twitter:label1\" content=\"Tiempo de lectura\" \/>\n\t<meta name=\"twitter:data1\" content=\"2 minutos\" \/>\n<script type=\"application\/ld+json\" class=\"yoast-schema-graph\">{\"@context\":\"https:\/\/schema.org\",\"@graph\":[{\"@type\":\"WebPage\",\"@id\":\"https:\/\/www.haegergroup.com\/es\/producto\/ventilador-digital-con-humidificador-haeger-black-mist-ii-70w-3-velocidades-mando-a-distancia\/\",\"url\":\"https:\/\/www.haegergroup.com\/es\/producto\/ventilador-digital-con-humidificador-haeger-black-mist-ii-70w-3-velocidades-mando-a-distancia\/\",\"name\":\"Ventilador Digital con Humidificador HAEGER Black Mist II - 70W, 3 Velocidades, Mando a Distancia - H\u00c6GER Eletrodom\u00e9sticos\",\"isPartOf\":{\"@id\":\"https:\/\/www.haegergroup.com\/es\/#website\"},\"primaryImageOfPage\":{\"@id\":\"https:\/\/www.haegergroup.com\/es\/producto\/ventilador-digital-con-humidificador-haeger-black-mist-ii-70w-3-velocidades-mando-a-distancia\/#primaryimage\"},\"image\":{\"@id\":\"https:\/\/www.haegergroup.com\/es\/producto\/ventilador-digital-con-humidificador-haeger-black-mist-ii-70w-3-velocidades-mando-a-distancia\/#primaryimage\"},\"thumbnailUrl\":\"https:\/\/www.haegergroup.com\/wp-content\/uploads\/HF-18R.002A_1-2.jpg\",\"datePublished\":\"2024-03-11T11:55:20+00:00\",\"dateModified\":\"2024-03-11T12:05:21+00:00\",\"description\":\"Marca de Pequenos Eletrodom\u00e9sticos para a sua cozinha, cuidados pessoais, casa e climatiza\u00e7\u00e3o. A op\u00e7\u00e3o inteligente para a sua casa.\",\"breadcrumb\":{\"@id\":\"https:\/\/www.haegergroup.com\/es\/producto\/ventilador-digital-con-humidificador-haeger-black-mist-ii-70w-3-velocidades-mando-a-distancia\/#breadcrumb\"},\"inLanguage\":\"es\",\"potentialAction\":[{\"@type\":\"ReadAction\",\"target\":[\"https:\/\/www.haegergroup.com\/es\/producto\/ventilador-digital-con-humidificador-haeger-black-mist-ii-70w-3-velocidades-mando-a-distancia\/\"]}]},{\"@type\":\"ImageObject\",\"inLanguage\":\"es\",\"@id\":\"https:\/\/www.haegergroup.com\/es\/producto\/ventilador-digital-con-humidificador-haeger-black-mist-ii-70w-3-velocidades-mando-a-distancia\/#primaryimage\",\"url\":\"https:\/\/www.haegergroup.com\/wp-content\/uploads\/HF-18R.002A_1-2.jpg\",\"contentUrl\":\"https:\/\/www.haegergroup.com\/wp-content\/uploads\/HF-18R.002A_1-2.jpg\",\"width\":1200,\"height\":1200},{\"@type\":\"BreadcrumbList\",\"@id\":\"https:\/\/www.haegergroup.com\/es\/producto\/ventilador-digital-con-humidificador-haeger-black-mist-ii-70w-3-velocidades-mando-a-distancia\/#breadcrumb\",\"itemListElement\":[{\"@type\":\"ListItem\",\"position\":1,\"name\":\"Portada\",\"item\":\"https:\/\/www.haegergroup.com\/es\/\"},{\"@type\":\"ListItem\",\"position\":2,\"name\":\"Productos\",\"item\":\"https:\/\/www.haegergroup.com\/es\/tienda\/\"},{\"@type\":\"ListItem\",\"position\":3,\"name\":\"Ventilador Digital con Humidificador HAEGER Black Mist II &#8211; 70W, 3 Velocidades, Mando a Distancia\"}]},{\"@type\":\"WebSite\",\"@id\":\"https:\/\/www.haegergroup.com\/es\/#website\",\"url\":\"https:\/\/www.haegergroup.com\/es\/\",\"name\":\"H\u00c6GER Eletrodom\u00e9sticos\",\"description\":\"A escolha inteligente\",\"publisher\":{\"@id\":\"https:\/\/www.haegergroup.com\/es\/#organization\"},\"potentialAction\":[{\"@type\":\"SearchAction\",\"target\":{\"@type\":\"EntryPoint\",\"urlTemplate\":\"https:\/\/www.haegergroup.com\/es\/?s={search_term_string}\"},\"query-input\":{\"@type\":\"PropertyValueSpecification\",\"valueRequired\":true,\"valueName\":\"search_term_string\"}}],\"inLanguage\":\"es\"},{\"@type\":\"Organization\",\"@id\":\"https:\/\/www.haegergroup.com\/es\/#organization\",\"name\":\"Haeger Electrodom\u00e9sticos\",\"url\":\"https:\/\/www.haegergroup.com\/es\/\",\"logo\":{\"@type\":\"ImageObject\",\"inLanguage\":\"es\",\"@id\":\"https:\/\/www.haegergroup.com\/es\/#\/schema\/logo\/image\/\",\"url\":\"https:\/\/www.haegergroup.com\/wp-content\/uploads\/2018\/05\/logo-web-220.png\",\"contentUrl\":\"https:\/\/www.haegergroup.com\/wp-content\/uploads\/2018\/05\/logo-web-220.png\",\"width\":220,\"height\":49,\"caption\":\"Haeger Electrodom\u00e9sticos\"},\"image\":{\"@id\":\"https:\/\/www.haegergroup.com\/es\/#\/schema\/logo\/image\/\"}}]}<\/script>\n<!-- \/ Yoast SEO plugin. -->","yoast_head_json":{"title":"Ventilador Digital con Humidificador HAEGER Black Mist II - 70W, 3 Velocidades, Mando a Distancia - H\u00c6GER Eletrodom\u00e9sticos","description":"Marca de Pequenos Eletrodom\u00e9sticos para a sua cozinha, cuidados pessoais, casa e climatiza\u00e7\u00e3o. A op\u00e7\u00e3o inteligente para a sua casa.","robots":{"index":"index","follow":"follow","max-snippet":"max-snippet:-1","max-image-preview":"max-image-preview:large","max-video-preview":"max-video-preview:-1"},"canonical":"https:\/\/www.haegergroup.com\/es\/producto\/ventilador-digital-con-humidificador-haeger-black-mist-ii-70w-3-velocidades-mando-a-distancia\/","og_locale":"es_ES","og_type":"article","og_title":"Ventilador Digital con Humidificador HAEGER Black Mist II - 70W, 3 Velocidades, Mando a Distancia - H\u00c6GER Eletrodom\u00e9sticos","og_description":"Marca de Pequenos Eletrodom\u00e9sticos para a sua cozinha, cuidados pessoais, casa e climatiza\u00e7\u00e3o. A op\u00e7\u00e3o inteligente para a sua casa.","og_url":"https:\/\/www.haegergroup.com\/es\/producto\/ventilador-digital-con-humidificador-haeger-black-mist-ii-70w-3-velocidades-mando-a-distancia\/","og_site_name":"H\u00c6GER Eletrodom\u00e9sticos","article_modified_time":"2024-03-11T12:05:21+00:00","og_image":[{"width":1200,"height":1200,"url":"https:\/\/www.haegergroup.com\/wp-content\/uploads\/HF-18R.002A_1-1.jpg","type":"image\/jpeg"}],"twitter_card":"summary_large_image","twitter_misc":{"Tiempo de lectura":"2 minutos"},"schema":{"@context":"https:\/\/schema.org","@graph":[{"@type":"WebPage","@id":"https:\/\/www.haegergroup.com\/es\/producto\/ventilador-digital-con-humidificador-haeger-black-mist-ii-70w-3-velocidades-mando-a-distancia\/","url":"https:\/\/www.haegergroup.com\/es\/producto\/ventilador-digital-con-humidificador-haeger-black-mist-ii-70w-3-velocidades-mando-a-distancia\/","name":"Ventilador Digital con Humidificador HAEGER Black Mist II - 70W, 3 Velocidades, Mando a Distancia - H\u00c6GER Eletrodom\u00e9sticos","isPartOf":{"@id":"https:\/\/www.haegergroup.com\/es\/#website"},"primaryImageOfPage":{"@id":"https:\/\/www.haegergroup.com\/es\/producto\/ventilador-digital-con-humidificador-haeger-black-mist-ii-70w-3-velocidades-mando-a-distancia\/#primaryimage"},"image":{"@id":"https:\/\/www.haegergroup.com\/es\/producto\/ventilador-digital-con-humidificador-haeger-black-mist-ii-70w-3-velocidades-mando-a-distancia\/#primaryimage"},"thumbnailUrl":"https:\/\/www.haegergroup.com\/wp-content\/uploads\/HF-18R.002A_1-2.jpg","datePublished":"2024-03-11T11:55:20+00:00","dateModified":"2024-03-11T12:05:21+00:00","description":"Marca de Pequenos Eletrodom\u00e9sticos para a sua cozinha, cuidados pessoais, casa e climatiza\u00e7\u00e3o. A op\u00e7\u00e3o inteligente para a sua casa.","breadcrumb":{"@id":"https:\/\/www.haegergroup.com\/es\/producto\/ventilador-digital-con-humidificador-haeger-black-mist-ii-70w-3-velocidades-mando-a-distancia\/#breadcrumb"},"inLanguage":"es","potentialAction":[{"@type":"ReadAction","target":["https:\/\/www.haegergroup.com\/es\/producto\/ventilador-digital-con-humidificador-haeger-black-mist-ii-70w-3-velocidades-mando-a-distancia\/"]}]},{"@type":"ImageObject","inLanguage":"es","@id":"https:\/\/www.haegergroup.com\/es\/producto\/ventilador-digital-con-humidificador-haeger-black-mist-ii-70w-3-velocidades-mando-a-distancia\/#primaryimage","url":"https:\/\/www.haegergroup.com\/wp-content\/uploads\/HF-18R.002A_1-2.jpg","contentUrl":"https:\/\/www.haegergroup.com\/wp-content\/uploads\/HF-18R.002A_1-2.jpg","width":1200,"height":1200},{"@type":"BreadcrumbList","@id":"https:\/\/www.haegergroup.com\/es\/producto\/ventilador-digital-con-humidificador-haeger-black-mist-ii-70w-3-velocidades-mando-a-distancia\/#breadcrumb","itemListElement":[{"@type":"ListItem","position":1,"name":"Portada","item":"https:\/\/www.haegergroup.com\/es\/"},{"@type":"ListItem","position":2,"name":"Productos","item":"https:\/\/www.haegergroup.com\/es\/tienda\/"},{"@type":"ListItem","position":3,"name":"Ventilador Digital con Humidificador HAEGER Black Mist II &#8211; 70W, 3 Velocidades, Mando a Distancia"}]},{"@type":"WebSite","@id":"https:\/\/www.haegergroup.com\/es\/#website","url":"https:\/\/www.haegergroup.com\/es\/","name":"H\u00c6GER Eletrodom\u00e9sticos","description":"A escolha inteligente","publisher":{"@id":"https:\/\/www.haegergroup.com\/es\/#organization"},"potentialAction":[{"@type":"SearchAction","target":{"@type":"EntryPoint","urlTemplate":"https:\/\/www.haegergroup.com\/es\/?s={search_term_string}"},"query-input":{"@type":"PropertyValueSpecification","valueRequired":true,"valueName":"search_term_string"}}],"inLanguage":"es"},{"@type":"Organization","@id":"https:\/\/www.haegergroup.com\/es\/#organization","name":"Haeger Electrodom\u00e9sticos","url":"https:\/\/www.haegergroup.com\/es\/","logo":{"@type":"ImageObject","inLanguage":"es","@id":"https:\/\/www.haegergroup.com\/es\/#\/schema\/logo\/image\/","url":"https:\/\/www.haegergroup.com\/wp-content\/uploads\/2018\/05\/logo-web-220.png","contentUrl":"https:\/\/www.haegergroup.com\/wp-content\/uploads\/2018\/05\/logo-web-220.png","width":220,"height":49,"caption":"Haeger Electrodom\u00e9sticos"},"image":{"@id":"https:\/\/www.haegergroup.com\/es\/#\/schema\/logo\/image\/"}}]}},"_links":{"self":[{"href":"https:\/\/www.haegergroup.com\/es\/wp-json\/wp\/v2\/product\/35895","targetHints":{"allow":["GET"]}}],"collection":[{"href":"https:\/\/www.haegergroup.com\/es\/wp-json\/wp\/v2\/product"}],"about":[{"href":"https:\/\/www.haegergroup.com\/es\/wp-json\/wp\/v2\/types\/product"}],"wp:featuredmedia":[{"embeddable":true,"href":"https:\/\/www.haegergroup.com\/es\/wp-json\/wp\/v2\/media\/35940"}],"wp:attachment":[{"href":"https:\/\/www.haegergroup.com\/es\/wp-json\/wp\/v2\/media?parent=35895"}],"wp:term":[{"taxonomy":"product_cat","embeddable":true,"href":"https:\/\/www.haegergroup.com\/es\/wp-json\/wp\/v2\/product_cat?post=35895"},{"taxonomy":"product_tag","embeddable":true,"href":"https:\/\/www.haegergroup.com\/es\/wp-json\/wp\/v2\/product_tag?post=35895"}],"curies":[{"name":"wp","href":"https:\/\/api.w.org\/{rel}","templated":true}]}}