{"id":35816,"date":"2024-02-19T15:05:45","date_gmt":"2024-02-23T12:35:45","guid":{"rendered":"https:\/\/www.haegergroup.com\/?post_type=product&#038;p=35816"},"modified":"2024-02-23T12:38:12","modified_gmt":"2024-02-23T12:38:12","slug":"arcon-congelador-haeger-south-pole-96l-clase-e","status":"publish","type":"product","link":"https:\/\/www.haegergroup.com\/es\/producto\/arcon-congelador-haeger-south-pole-96l-clase-e\/","title":{"rendered":"Arc\u00f3n Congelador HAEGER South Pole &#8211; 96L, Clase E"},"content":{"rendered":"<p>Este espacioso y eficiente congelador es el complemento ideal para su cocina. Con una capacidad neta total de 96 litros, le permite almacenar una gran cantidad de alimentos congelados, haci\u00e9ndole la vida m\u00e1s f\u00e1cil. Este arc\u00f3n horizontal tiene capacidad para congelar hasta 5 kg de alimentos diarios, garantizando un rendimiento excepcional incluso en climas m\u00e1s c\u00e1lidos, gracias a su clase clim\u00e1tica ST (+16 \u00baC a +43 \u00baC).<br \/>\nEquipado con un sistema de congelaci\u00f3n est\u00e1tica, garantiza que los alimentos se mantengan frescos durante m\u00e1s tiempo. Con un consumo energ\u00e9tico de s\u00f3lo 168 kWh\/a\u00f1o y una clasificaci\u00f3n energ\u00e9tica E, es una opci\u00f3n respetuosa con el medio ambiente.<br \/>\nSus dimensiones de 553 mm x 503 mm x 850 mm l (ancho x fondo x alto) permiten una integraci\u00f3n perfecta en la cocina o en el lavadero, ofreciendo una amplia capacidad para todos sus productos congelados sin comprometer la organizaci\u00f3n del espacio.<br \/>\nLa experiencia del silencio est\u00e1 garantizada por su tecnolog\u00eda, emitiendo s\u00f3lo 42 dB (A) de ruido.<br \/>\nElegir el congelador HAEGER South Pole es elegir un congelador espacioso, eficiente y silencioso.<\/p>\n","protected":false},"excerpt":{"rendered":"<h2>Arc\u00f3n Congelador 96 L<br \/>\nModelo: CF-100.018A<\/h2>\n<ul>\n<li>Clase de Eficiencia Energ\u00e9tica &#8211; E<\/li>\n<li>Consumo anual de energ\u00eda &#8211; 168 kWh\/a\u00f1o<\/li>\n<li>Volumen bruto total &#8211; 96 L<\/li>\n<li>Volumen \u00fatil total &#8211; 96 L<\/li>\n<li>Potencia de congelaci\u00f3n &#8211; 5 kg\/24h<\/li>\n<li>Tiempo de aumento de temperatura &#8211; 22h<\/li>\n<li>Clase clim\u00e1tica &#8211; ST (+16\u00baC &#8211; 38\u00baC)<\/li>\n<li>Nivel de ruido &#8211; 41 dB(A)<\/li>\n<li>Peso &#8211; 20 kg<\/li>\n<li>Dimensiones (An x Pr x Al) &#8211; 553mm x 503mm x 850mm<\/li>\n<\/ul>\n","protected":false},"featured_media":35814,"template":"","meta":[],"product_cat":[197,200],"product_tag":[],"class_list":{"0":"post-35816","1":"product","2":"type-product","3":"status-publish","4":"has-post-thumbnail","6":"product_cat-frio","7":"product_cat-congeladores","9":"first","10":"instock","11":"shipping-taxable","12":"product-type-simple"},"yoast_head":"<!-- This site is optimized with the Yoast SEO plugin v24.1 - https:\/\/yoast.com\/wordpress\/plugins\/seo\/ -->\n<title>Arc\u00f3n Congelador HAEGER South Pole - 96L, Clase E - H\u00c6GER Eletrodom\u00e9sticos<\/title>\n<meta name=\"description\" content=\"Marca de Pequenos Eletrodom\u00e9sticos para a sua cozinha, cuidados pessoais, casa e climatiza\u00e7\u00e3o. A op\u00e7\u00e3o inteligente para a sua casa.\" \/>\n<meta name=\"robots\" content=\"index, follow, max-snippet:-1, max-image-preview:large, max-video-preview:-1\" \/>\n<link rel=\"canonical\" href=\"https:\/\/www.haegergroup.com\/es\/producto\/arcon-congelador-haeger-south-pole-96l-clase-e\/\" \/>\n<meta property=\"og:locale\" content=\"es_ES\" \/>\n<meta property=\"og:type\" content=\"article\" \/>\n<meta property=\"og:title\" content=\"Arc\u00f3n Congelador HAEGER South Pole - 96L, Clase E - H\u00c6GER Eletrodom\u00e9sticos\" \/>\n<meta property=\"og:description\" content=\"Marca de Pequenos Eletrodom\u00e9sticos para a sua cozinha, cuidados pessoais, casa e climatiza\u00e7\u00e3o. A op\u00e7\u00e3o inteligente para a sua casa.\" \/>\n<meta property=\"og:url\" content=\"https:\/\/www.haegergroup.com\/es\/producto\/arcon-congelador-haeger-south-pole-96l-clase-e\/\" \/>\n<meta property=\"og:site_name\" content=\"H\u00c6GER Eletrodom\u00e9sticos\" \/>\n<meta property=\"article:modified_time\" content=\"2024-02-23T12:38:12+00:00\" \/>\n<meta property=\"og:image\" content=\"https:\/\/www.haegergroup.com\/wp-content\/uploads\/CF-100.018A_1-1.png\" \/>\n\t<meta property=\"og:image:width\" content=\"1200\" \/>\n\t<meta property=\"og:image:height\" content=\"1200\" \/>\n\t<meta property=\"og:image:type\" content=\"image\/png\" \/>\n<meta name=\"twitter:card\" content=\"summary_large_image\" \/>\n<meta name=\"twitter:label1\" content=\"Tiempo de lectura\" \/>\n\t<meta name=\"twitter:data1\" content=\"1 minuto\" \/>\n<script type=\"application\/ld+json\" class=\"yoast-schema-graph\">{\"@context\":\"https:\/\/schema.org\",\"@graph\":[{\"@type\":\"WebPage\",\"@id\":\"https:\/\/www.haegergroup.com\/es\/producto\/arcon-congelador-haeger-south-pole-96l-clase-e\/\",\"url\":\"https:\/\/www.haegergroup.com\/es\/producto\/arcon-congelador-haeger-south-pole-96l-clase-e\/\",\"name\":\"Arc\u00f3n Congelador HAEGER South Pole - 96L, Clase E - H\u00c6GER Eletrodom\u00e9sticos\",\"isPartOf\":{\"@id\":\"https:\/\/www.haegergroup.com\/es\/#website\"},\"primaryImageOfPage\":{\"@id\":\"https:\/\/www.haegergroup.com\/es\/producto\/arcon-congelador-haeger-south-pole-96l-clase-e\/#primaryimage\"},\"image\":{\"@id\":\"https:\/\/www.haegergroup.com\/es\/producto\/arcon-congelador-haeger-south-pole-96l-clase-e\/#primaryimage\"},\"thumbnailUrl\":\"https:\/\/www.haegergroup.com\/wp-content\/uploads\/CF-100.018A_1-1.png\",\"datePublished\":\"2024-02-23T12:35:45+00:00\",\"dateModified\":\"2024-02-23T12:38:12+00:00\",\"description\":\"Marca de Pequenos Eletrodom\u00e9sticos para a sua cozinha, cuidados pessoais, casa e climatiza\u00e7\u00e3o. A op\u00e7\u00e3o inteligente para a sua casa.\",\"breadcrumb\":{\"@id\":\"https:\/\/www.haegergroup.com\/es\/producto\/arcon-congelador-haeger-south-pole-96l-clase-e\/#breadcrumb\"},\"inLanguage\":\"es\",\"potentialAction\":[{\"@type\":\"ReadAction\",\"target\":[\"https:\/\/www.haegergroup.com\/es\/producto\/arcon-congelador-haeger-south-pole-96l-clase-e\/\"]}]},{\"@type\":\"ImageObject\",\"inLanguage\":\"es\",\"@id\":\"https:\/\/www.haegergroup.com\/es\/producto\/arcon-congelador-haeger-south-pole-96l-clase-e\/#primaryimage\",\"url\":\"https:\/\/www.haegergroup.com\/wp-content\/uploads\/CF-100.018A_1-1.png\",\"contentUrl\":\"https:\/\/www.haegergroup.com\/wp-content\/uploads\/CF-100.018A_1-1.png\",\"width\":1200,\"height\":1200},{\"@type\":\"BreadcrumbList\",\"@id\":\"https:\/\/www.haegergroup.com\/es\/producto\/arcon-congelador-haeger-south-pole-96l-clase-e\/#breadcrumb\",\"itemListElement\":[{\"@type\":\"ListItem\",\"position\":1,\"name\":\"Portada\",\"item\":\"https:\/\/www.haegergroup.com\/es\/\"},{\"@type\":\"ListItem\",\"position\":2,\"name\":\"Productos\",\"item\":\"https:\/\/www.haegergroup.com\/es\/tienda\/\"},{\"@type\":\"ListItem\",\"position\":3,\"name\":\"Arc\u00f3n Congelador HAEGER South Pole &#8211; 96L, Clase E\"}]},{\"@type\":\"WebSite\",\"@id\":\"https:\/\/www.haegergroup.com\/es\/#website\",\"url\":\"https:\/\/www.haegergroup.com\/es\/\",\"name\":\"H\u00c6GER Eletrodom\u00e9sticos\",\"description\":\"A escolha inteligente\",\"publisher\":{\"@id\":\"https:\/\/www.haegergroup.com\/es\/#organization\"},\"potentialAction\":[{\"@type\":\"SearchAction\",\"target\":{\"@type\":\"EntryPoint\",\"urlTemplate\":\"https:\/\/www.haegergroup.com\/es\/?s={search_term_string}\"},\"query-input\":{\"@type\":\"PropertyValueSpecification\",\"valueRequired\":true,\"valueName\":\"search_term_string\"}}],\"inLanguage\":\"es\"},{\"@type\":\"Organization\",\"@id\":\"https:\/\/www.haegergroup.com\/es\/#organization\",\"name\":\"Haeger Electrodom\u00e9sticos\",\"url\":\"https:\/\/www.haegergroup.com\/es\/\",\"logo\":{\"@type\":\"ImageObject\",\"inLanguage\":\"es\",\"@id\":\"https:\/\/www.haegergroup.com\/es\/#\/schema\/logo\/image\/\",\"url\":\"https:\/\/www.haegergroup.com\/wp-content\/uploads\/2018\/05\/logo-web-220.png\",\"contentUrl\":\"https:\/\/www.haegergroup.com\/wp-content\/uploads\/2018\/05\/logo-web-220.png\",\"width\":220,\"height\":49,\"caption\":\"Haeger Electrodom\u00e9sticos\"},\"image\":{\"@id\":\"https:\/\/www.haegergroup.com\/es\/#\/schema\/logo\/image\/\"}}]}<\/script>\n<!-- \/ Yoast SEO plugin. -->","yoast_head_json":{"title":"Arc\u00f3n Congelador HAEGER South Pole - 96L, Clase E - H\u00c6GER Eletrodom\u00e9sticos","description":"Marca de Pequenos Eletrodom\u00e9sticos para a sua cozinha, cuidados pessoais, casa e climatiza\u00e7\u00e3o. A op\u00e7\u00e3o inteligente para a sua casa.","robots":{"index":"index","follow":"follow","max-snippet":"max-snippet:-1","max-image-preview":"max-image-preview:large","max-video-preview":"max-video-preview:-1"},"canonical":"https:\/\/www.haegergroup.com\/es\/producto\/arcon-congelador-haeger-south-pole-96l-clase-e\/","og_locale":"es_ES","og_type":"article","og_title":"Arc\u00f3n Congelador HAEGER South Pole - 96L, Clase E - H\u00c6GER Eletrodom\u00e9sticos","og_description":"Marca de Pequenos Eletrodom\u00e9sticos para a sua cozinha, cuidados pessoais, casa e climatiza\u00e7\u00e3o. A op\u00e7\u00e3o inteligente para a sua casa.","og_url":"https:\/\/www.haegergroup.com\/es\/producto\/arcon-congelador-haeger-south-pole-96l-clase-e\/","og_site_name":"H\u00c6GER Eletrodom\u00e9sticos","article_modified_time":"2024-02-23T12:38:12+00:00","og_image":[{"width":1200,"height":1200,"url":"https:\/\/www.haegergroup.com\/wp-content\/uploads\/CF-100.018A_1-1.png","type":"image\/png"}],"twitter_card":"summary_large_image","twitter_misc":{"Tiempo de lectura":"1 minuto"},"schema":{"@context":"https:\/\/schema.org","@graph":[{"@type":"WebPage","@id":"https:\/\/www.haegergroup.com\/es\/producto\/arcon-congelador-haeger-south-pole-96l-clase-e\/","url":"https:\/\/www.haegergroup.com\/es\/producto\/arcon-congelador-haeger-south-pole-96l-clase-e\/","name":"Arc\u00f3n Congelador HAEGER South Pole - 96L, Clase E - H\u00c6GER Eletrodom\u00e9sticos","isPartOf":{"@id":"https:\/\/www.haegergroup.com\/es\/#website"},"primaryImageOfPage":{"@id":"https:\/\/www.haegergroup.com\/es\/producto\/arcon-congelador-haeger-south-pole-96l-clase-e\/#primaryimage"},"image":{"@id":"https:\/\/www.haegergroup.com\/es\/producto\/arcon-congelador-haeger-south-pole-96l-clase-e\/#primaryimage"},"thumbnailUrl":"https:\/\/www.haegergroup.com\/wp-content\/uploads\/CF-100.018A_1-1.png","datePublished":"2024-02-23T12:35:45+00:00","dateModified":"2024-02-23T12:38:12+00:00","description":"Marca de Pequenos Eletrodom\u00e9sticos para a sua cozinha, cuidados pessoais, casa e climatiza\u00e7\u00e3o. A op\u00e7\u00e3o inteligente para a sua casa.","breadcrumb":{"@id":"https:\/\/www.haegergroup.com\/es\/producto\/arcon-congelador-haeger-south-pole-96l-clase-e\/#breadcrumb"},"inLanguage":"es","potentialAction":[{"@type":"ReadAction","target":["https:\/\/www.haegergroup.com\/es\/producto\/arcon-congelador-haeger-south-pole-96l-clase-e\/"]}]},{"@type":"ImageObject","inLanguage":"es","@id":"https:\/\/www.haegergroup.com\/es\/producto\/arcon-congelador-haeger-south-pole-96l-clase-e\/#primaryimage","url":"https:\/\/www.haegergroup.com\/wp-content\/uploads\/CF-100.018A_1-1.png","contentUrl":"https:\/\/www.haegergroup.com\/wp-content\/uploads\/CF-100.018A_1-1.png","width":1200,"height":1200},{"@type":"BreadcrumbList","@id":"https:\/\/www.haegergroup.com\/es\/producto\/arcon-congelador-haeger-south-pole-96l-clase-e\/#breadcrumb","itemListElement":[{"@type":"ListItem","position":1,"name":"Portada","item":"https:\/\/www.haegergroup.com\/es\/"},{"@type":"ListItem","position":2,"name":"Productos","item":"https:\/\/www.haegergroup.com\/es\/tienda\/"},{"@type":"ListItem","position":3,"name":"Arc\u00f3n Congelador HAEGER South Pole &#8211; 96L, Clase E"}]},{"@type":"WebSite","@id":"https:\/\/www.haegergroup.com\/es\/#website","url":"https:\/\/www.haegergroup.com\/es\/","name":"H\u00c6GER Eletrodom\u00e9sticos","description":"A escolha inteligente","publisher":{"@id":"https:\/\/www.haegergroup.com\/es\/#organization"},"potentialAction":[{"@type":"SearchAction","target":{"@type":"EntryPoint","urlTemplate":"https:\/\/www.haegergroup.com\/es\/?s={search_term_string}"},"query-input":{"@type":"PropertyValueSpecification","valueRequired":true,"valueName":"search_term_string"}}],"inLanguage":"es"},{"@type":"Organization","@id":"https:\/\/www.haegergroup.com\/es\/#organization","name":"Haeger Electrodom\u00e9sticos","url":"https:\/\/www.haegergroup.com\/es\/","logo":{"@type":"ImageObject","inLanguage":"es","@id":"https:\/\/www.haegergroup.com\/es\/#\/schema\/logo\/image\/","url":"https:\/\/www.haegergroup.com\/wp-content\/uploads\/2018\/05\/logo-web-220.png","contentUrl":"https:\/\/www.haegergroup.com\/wp-content\/uploads\/2018\/05\/logo-web-220.png","width":220,"height":49,"caption":"Haeger Electrodom\u00e9sticos"},"image":{"@id":"https:\/\/www.haegergroup.com\/es\/#\/schema\/logo\/image\/"}}]}},"_links":{"self":[{"href":"https:\/\/www.haegergroup.com\/es\/wp-json\/wp\/v2\/product\/35816","targetHints":{"allow":["GET"]}}],"collection":[{"href":"https:\/\/www.haegergroup.com\/es\/wp-json\/wp\/v2\/product"}],"about":[{"href":"https:\/\/www.haegergroup.com\/es\/wp-json\/wp\/v2\/types\/product"}],"wp:featuredmedia":[{"embeddable":true,"href":"https:\/\/www.haegergroup.com\/es\/wp-json\/wp\/v2\/media\/35814"}],"wp:attachment":[{"href":"https:\/\/www.haegergroup.com\/es\/wp-json\/wp\/v2\/media?parent=35816"}],"wp:term":[{"taxonomy":"product_cat","embeddable":true,"href":"https:\/\/www.haegergroup.com\/es\/wp-json\/wp\/v2\/product_cat?post=35816"},{"taxonomy":"product_tag","embeddable":true,"href":"https:\/\/www.haegergroup.com\/es\/wp-json\/wp\/v2\/product_tag?post=35816"}],"curies":[{"name":"wp","href":"https:\/\/api.w.org\/{rel}","templated":true}]}}