{"id":35434,"date":"2024-01-05T17:34:21","date_gmt":"2024-01-05T17:53:46","guid":{"rendered":"https:\/\/www.haegergroup.com\/?post_type=product&#038;p=35434"},"modified":"2025-10-06T11:24:52","modified_gmt":"2025-10-06T10:24:52","slug":"freidora-digital-sin-aceite-haeger-air-glass-45-l-cuba-de-cristal","status":"publish","type":"product","link":"https:\/\/www.haegergroup.com\/es\/producto\/freidora-digital-sin-aceite-haeger-air-glass-45-l-cuba-de-cristal\/","title":{"rendered":"Freidora Digital sin Aceite HAEGER Air Glass &#8211; 4,5 L, Cuba de cristal"},"content":{"rendered":"<p>La freidora HAEGER Air Glass, con su cuba de cristal templado de 4,5 litros, va m\u00e1s all\u00e1 de ser un simple electrodom\u00e9stico, es una aut\u00e9ntica revoluci\u00f3n en la cocina contempor\u00e1nea. Combinando tecnolog\u00eda punta, dise\u00f1o sofisticado y funciones avanzadas, este aparato se ha convertido en indispensable para cualquier persona que disfrute de la cocina sana y pr\u00e1ctica.<\/p>\n<p>Con 8 programas preestablecidos, esta freidora se adapta a una gran variedad de platos, desde crujientes patatas fritas y jugoso pollo hasta delicadas verduras. Cada programa ha sido cuidadosamente calibrado para optimizar el tiempo y la temperatura, garantizando siempre unos resultados impecables.<\/p>\n<p>El secreto de esta freidora reside en su sistema de aire caliente de 360\u00ba. La circulaci\u00f3n uniforme del aire caliente garantiza una cocci\u00f3n homog\u00e9nea de los alimentos, conservando el sabor y la textura, al tiempo que reduce significativamente la necesidad de aceite, haciendo que cada plato sea m\u00e1s saludable. La potencia de 1200 W proporciona una preparaci\u00f3n r\u00e1pida y eficiente, ahorrando tiempo y energ\u00eda.<\/p>\n<p>El panel de control digital con pantalla t\u00e1ctil facilita su uso, haciendo que ajustar el tiempo, la temperatura y la selecci\u00f3n de programas sea una tarea sencilla e intuitiva.<\/p>\n<p>La cubeta de cristal templado no s\u00f3lo simplifica la limpieza, sino que tambi\u00e9n ofrece una mayor durabilidad, resistiendo el uso diario y conservando el aspecto elegante de la freidora con el paso del tiempo.<\/p>\n","protected":false},"excerpt":{"rendered":"<h2>Freidora digital sin aceite con recipiente de cristal templado<br \/>\nModelo: AF-G45.006B<\/h2>\n<ul>\n<li>8 programas de cocci\u00f3n por aire caliente 360<\/li>\n<li>Control digital con pantalla t\u00e1ctil<\/li>\n<li>Capacidad de la cuba de cristal: 4,5 litros<\/li>\n<li>Mejor visualizaci\u00f3n de los alimentos durante la cocci\u00f3n<\/li>\n<li>Temporizador de 60 minutos<\/li>\n<li>Control digital de temperatura de 60\u00ba a 200<\/li>\n<li>Potencia: 1200 W &#8211; 220-240V~ 50\/60Hz<\/li>\n<\/ul>\n","protected":false},"featured_media":37334,"template":"","meta":[],"product_cat":[168,172],"product_tag":[],"class_list":{"0":"post-35434","1":"product","2":"type-product","3":"status-publish","4":"has-post-thumbnail","6":"product_cat-cocina","7":"product_cat-freidoras","9":"first","10":"instock","11":"shipping-taxable","12":"product-type-simple"},"yoast_head":"<!-- This site is optimized with the Yoast SEO plugin v24.1 - https:\/\/yoast.com\/wordpress\/plugins\/seo\/ -->\n<title>Freidora Digital sin Aceite HAEGER Air Glass - 4,5 L, Cuba de cristal - H\u00c6GER Eletrodom\u00e9sticos<\/title>\n<meta name=\"description\" content=\"Marca de Pequenos Eletrodom\u00e9sticos para a sua cozinha, cuidados pessoais, casa e climatiza\u00e7\u00e3o. A op\u00e7\u00e3o inteligente para a sua casa.\" \/>\n<meta name=\"robots\" content=\"index, follow, max-snippet:-1, max-image-preview:large, max-video-preview:-1\" \/>\n<link rel=\"canonical\" href=\"https:\/\/www.haegergroup.com\/es\/producto\/freidora-digital-sin-aceite-haeger-air-glass-45-l-cuba-de-cristal\/\" \/>\n<meta property=\"og:locale\" content=\"es_ES\" \/>\n<meta property=\"og:type\" content=\"article\" \/>\n<meta property=\"og:title\" content=\"Freidora Digital sin Aceite HAEGER Air Glass - 4,5 L, Cuba de cristal - H\u00c6GER Eletrodom\u00e9sticos\" \/>\n<meta property=\"og:description\" content=\"Marca de Pequenos Eletrodom\u00e9sticos para a sua cozinha, cuidados pessoais, casa e climatiza\u00e7\u00e3o. A op\u00e7\u00e3o inteligente para a sua casa.\" \/>\n<meta property=\"og:url\" content=\"https:\/\/www.haegergroup.com\/es\/producto\/freidora-digital-sin-aceite-haeger-air-glass-45-l-cuba-de-cristal\/\" \/>\n<meta property=\"og:site_name\" content=\"H\u00c6GER Eletrodom\u00e9sticos\" \/>\n<meta property=\"article:modified_time\" content=\"2025-10-06T10:24:52+00:00\" \/>\n<meta property=\"og:image\" content=\"https:\/\/www.haegergroup.com\/wp-content\/uploads\/AF-G45.006B_1.jpg\" \/>\n\t<meta property=\"og:image:width\" content=\"1200\" \/>\n\t<meta property=\"og:image:height\" content=\"1200\" \/>\n\t<meta property=\"og:image:type\" content=\"image\/jpeg\" \/>\n<meta name=\"twitter:card\" content=\"summary_large_image\" \/>\n<meta name=\"twitter:label1\" content=\"Tiempo de lectura\" \/>\n\t<meta name=\"twitter:data1\" content=\"2 minutos\" \/>\n<script type=\"application\/ld+json\" class=\"yoast-schema-graph\">{\"@context\":\"https:\/\/schema.org\",\"@graph\":[{\"@type\":\"WebPage\",\"@id\":\"https:\/\/www.haegergroup.com\/es\/producto\/freidora-digital-sin-aceite-haeger-air-glass-45-l-cuba-de-cristal\/\",\"url\":\"https:\/\/www.haegergroup.com\/es\/producto\/freidora-digital-sin-aceite-haeger-air-glass-45-l-cuba-de-cristal\/\",\"name\":\"Freidora Digital sin Aceite HAEGER Air Glass - 4,5 L, Cuba de cristal - H\u00c6GER Eletrodom\u00e9sticos\",\"isPartOf\":{\"@id\":\"https:\/\/www.haegergroup.com\/es\/#website\"},\"primaryImageOfPage\":{\"@id\":\"https:\/\/www.haegergroup.com\/es\/producto\/freidora-digital-sin-aceite-haeger-air-glass-45-l-cuba-de-cristal\/#primaryimage\"},\"image\":{\"@id\":\"https:\/\/www.haegergroup.com\/es\/producto\/freidora-digital-sin-aceite-haeger-air-glass-45-l-cuba-de-cristal\/#primaryimage\"},\"thumbnailUrl\":\"https:\/\/www.haegergroup.com\/wp-content\/uploads\/AF-G45.006B_1.jpg\",\"datePublished\":\"2024-01-05T17:53:46+00:00\",\"dateModified\":\"2025-10-06T10:24:52+00:00\",\"description\":\"Marca de Pequenos Eletrodom\u00e9sticos para a sua cozinha, cuidados pessoais, casa e climatiza\u00e7\u00e3o. A op\u00e7\u00e3o inteligente para a sua casa.\",\"breadcrumb\":{\"@id\":\"https:\/\/www.haegergroup.com\/es\/producto\/freidora-digital-sin-aceite-haeger-air-glass-45-l-cuba-de-cristal\/#breadcrumb\"},\"inLanguage\":\"es\",\"potentialAction\":[{\"@type\":\"ReadAction\",\"target\":[\"https:\/\/www.haegergroup.com\/es\/producto\/freidora-digital-sin-aceite-haeger-air-glass-45-l-cuba-de-cristal\/\"]}]},{\"@type\":\"ImageObject\",\"inLanguage\":\"es\",\"@id\":\"https:\/\/www.haegergroup.com\/es\/producto\/freidora-digital-sin-aceite-haeger-air-glass-45-l-cuba-de-cristal\/#primaryimage\",\"url\":\"https:\/\/www.haegergroup.com\/wp-content\/uploads\/AF-G45.006B_1.jpg\",\"contentUrl\":\"https:\/\/www.haegergroup.com\/wp-content\/uploads\/AF-G45.006B_1.jpg\",\"width\":1200,\"height\":1200},{\"@type\":\"BreadcrumbList\",\"@id\":\"https:\/\/www.haegergroup.com\/es\/producto\/freidora-digital-sin-aceite-haeger-air-glass-45-l-cuba-de-cristal\/#breadcrumb\",\"itemListElement\":[{\"@type\":\"ListItem\",\"position\":1,\"name\":\"Portada\",\"item\":\"https:\/\/www.haegergroup.com\/es\/\"},{\"@type\":\"ListItem\",\"position\":2,\"name\":\"Productos\",\"item\":\"https:\/\/www.haegergroup.com\/es\/tienda\/\"},{\"@type\":\"ListItem\",\"position\":3,\"name\":\"Freidora Digital sin Aceite HAEGER Air Glass &#8211; 4,5 L, Cuba de cristal\"}]},{\"@type\":\"WebSite\",\"@id\":\"https:\/\/www.haegergroup.com\/es\/#website\",\"url\":\"https:\/\/www.haegergroup.com\/es\/\",\"name\":\"H\u00c6GER Eletrodom\u00e9sticos\",\"description\":\"A escolha inteligente\",\"publisher\":{\"@id\":\"https:\/\/www.haegergroup.com\/es\/#organization\"},\"potentialAction\":[{\"@type\":\"SearchAction\",\"target\":{\"@type\":\"EntryPoint\",\"urlTemplate\":\"https:\/\/www.haegergroup.com\/es\/?s={search_term_string}\"},\"query-input\":{\"@type\":\"PropertyValueSpecification\",\"valueRequired\":true,\"valueName\":\"search_term_string\"}}],\"inLanguage\":\"es\"},{\"@type\":\"Organization\",\"@id\":\"https:\/\/www.haegergroup.com\/es\/#organization\",\"name\":\"Haeger Electrodom\u00e9sticos\",\"url\":\"https:\/\/www.haegergroup.com\/es\/\",\"logo\":{\"@type\":\"ImageObject\",\"inLanguage\":\"es\",\"@id\":\"https:\/\/www.haegergroup.com\/es\/#\/schema\/logo\/image\/\",\"url\":\"https:\/\/www.haegergroup.com\/wp-content\/uploads\/2018\/05\/logo-web-220.png\",\"contentUrl\":\"https:\/\/www.haegergroup.com\/wp-content\/uploads\/2018\/05\/logo-web-220.png\",\"width\":220,\"height\":49,\"caption\":\"Haeger Electrodom\u00e9sticos\"},\"image\":{\"@id\":\"https:\/\/www.haegergroup.com\/es\/#\/schema\/logo\/image\/\"}}]}<\/script>\n<!-- \/ Yoast SEO plugin. -->","yoast_head_json":{"title":"Freidora Digital sin Aceite HAEGER Air Glass - 4,5 L, Cuba de cristal - H\u00c6GER Eletrodom\u00e9sticos","description":"Marca de Pequenos Eletrodom\u00e9sticos para a sua cozinha, cuidados pessoais, casa e climatiza\u00e7\u00e3o. A op\u00e7\u00e3o inteligente para a sua casa.","robots":{"index":"index","follow":"follow","max-snippet":"max-snippet:-1","max-image-preview":"max-image-preview:large","max-video-preview":"max-video-preview:-1"},"canonical":"https:\/\/www.haegergroup.com\/es\/producto\/freidora-digital-sin-aceite-haeger-air-glass-45-l-cuba-de-cristal\/","og_locale":"es_ES","og_type":"article","og_title":"Freidora Digital sin Aceite HAEGER Air Glass - 4,5 L, Cuba de cristal - H\u00c6GER Eletrodom\u00e9sticos","og_description":"Marca de Pequenos Eletrodom\u00e9sticos para a sua cozinha, cuidados pessoais, casa e climatiza\u00e7\u00e3o. A op\u00e7\u00e3o inteligente para a sua casa.","og_url":"https:\/\/www.haegergroup.com\/es\/producto\/freidora-digital-sin-aceite-haeger-air-glass-45-l-cuba-de-cristal\/","og_site_name":"H\u00c6GER Eletrodom\u00e9sticos","article_modified_time":"2025-10-06T10:24:52+00:00","og_image":[{"width":1200,"height":1200,"url":"https:\/\/www.haegergroup.com\/wp-content\/uploads\/AF-G45.006B_1.jpg","type":"image\/jpeg"}],"twitter_card":"summary_large_image","twitter_misc":{"Tiempo de lectura":"2 minutos"},"schema":{"@context":"https:\/\/schema.org","@graph":[{"@type":"WebPage","@id":"https:\/\/www.haegergroup.com\/es\/producto\/freidora-digital-sin-aceite-haeger-air-glass-45-l-cuba-de-cristal\/","url":"https:\/\/www.haegergroup.com\/es\/producto\/freidora-digital-sin-aceite-haeger-air-glass-45-l-cuba-de-cristal\/","name":"Freidora Digital sin Aceite HAEGER Air Glass - 4,5 L, Cuba de cristal - H\u00c6GER Eletrodom\u00e9sticos","isPartOf":{"@id":"https:\/\/www.haegergroup.com\/es\/#website"},"primaryImageOfPage":{"@id":"https:\/\/www.haegergroup.com\/es\/producto\/freidora-digital-sin-aceite-haeger-air-glass-45-l-cuba-de-cristal\/#primaryimage"},"image":{"@id":"https:\/\/www.haegergroup.com\/es\/producto\/freidora-digital-sin-aceite-haeger-air-glass-45-l-cuba-de-cristal\/#primaryimage"},"thumbnailUrl":"https:\/\/www.haegergroup.com\/wp-content\/uploads\/AF-G45.006B_1.jpg","datePublished":"2024-01-05T17:53:46+00:00","dateModified":"2025-10-06T10:24:52+00:00","description":"Marca de Pequenos Eletrodom\u00e9sticos para a sua cozinha, cuidados pessoais, casa e climatiza\u00e7\u00e3o. A op\u00e7\u00e3o inteligente para a sua casa.","breadcrumb":{"@id":"https:\/\/www.haegergroup.com\/es\/producto\/freidora-digital-sin-aceite-haeger-air-glass-45-l-cuba-de-cristal\/#breadcrumb"},"inLanguage":"es","potentialAction":[{"@type":"ReadAction","target":["https:\/\/www.haegergroup.com\/es\/producto\/freidora-digital-sin-aceite-haeger-air-glass-45-l-cuba-de-cristal\/"]}]},{"@type":"ImageObject","inLanguage":"es","@id":"https:\/\/www.haegergroup.com\/es\/producto\/freidora-digital-sin-aceite-haeger-air-glass-45-l-cuba-de-cristal\/#primaryimage","url":"https:\/\/www.haegergroup.com\/wp-content\/uploads\/AF-G45.006B_1.jpg","contentUrl":"https:\/\/www.haegergroup.com\/wp-content\/uploads\/AF-G45.006B_1.jpg","width":1200,"height":1200},{"@type":"BreadcrumbList","@id":"https:\/\/www.haegergroup.com\/es\/producto\/freidora-digital-sin-aceite-haeger-air-glass-45-l-cuba-de-cristal\/#breadcrumb","itemListElement":[{"@type":"ListItem","position":1,"name":"Portada","item":"https:\/\/www.haegergroup.com\/es\/"},{"@type":"ListItem","position":2,"name":"Productos","item":"https:\/\/www.haegergroup.com\/es\/tienda\/"},{"@type":"ListItem","position":3,"name":"Freidora Digital sin Aceite HAEGER Air Glass &#8211; 4,5 L, Cuba de cristal"}]},{"@type":"WebSite","@id":"https:\/\/www.haegergroup.com\/es\/#website","url":"https:\/\/www.haegergroup.com\/es\/","name":"H\u00c6GER Eletrodom\u00e9sticos","description":"A escolha inteligente","publisher":{"@id":"https:\/\/www.haegergroup.com\/es\/#organization"},"potentialAction":[{"@type":"SearchAction","target":{"@type":"EntryPoint","urlTemplate":"https:\/\/www.haegergroup.com\/es\/?s={search_term_string}"},"query-input":{"@type":"PropertyValueSpecification","valueRequired":true,"valueName":"search_term_string"}}],"inLanguage":"es"},{"@type":"Organization","@id":"https:\/\/www.haegergroup.com\/es\/#organization","name":"Haeger Electrodom\u00e9sticos","url":"https:\/\/www.haegergroup.com\/es\/","logo":{"@type":"ImageObject","inLanguage":"es","@id":"https:\/\/www.haegergroup.com\/es\/#\/schema\/logo\/image\/","url":"https:\/\/www.haegergroup.com\/wp-content\/uploads\/2018\/05\/logo-web-220.png","contentUrl":"https:\/\/www.haegergroup.com\/wp-content\/uploads\/2018\/05\/logo-web-220.png","width":220,"height":49,"caption":"Haeger Electrodom\u00e9sticos"},"image":{"@id":"https:\/\/www.haegergroup.com\/es\/#\/schema\/logo\/image\/"}}]}},"_links":{"self":[{"href":"https:\/\/www.haegergroup.com\/es\/wp-json\/wp\/v2\/product\/35434","targetHints":{"allow":["GET"]}}],"collection":[{"href":"https:\/\/www.haegergroup.com\/es\/wp-json\/wp\/v2\/product"}],"about":[{"href":"https:\/\/www.haegergroup.com\/es\/wp-json\/wp\/v2\/types\/product"}],"wp:featuredmedia":[{"embeddable":true,"href":"https:\/\/www.haegergroup.com\/es\/wp-json\/wp\/v2\/media\/37334"}],"wp:attachment":[{"href":"https:\/\/www.haegergroup.com\/es\/wp-json\/wp\/v2\/media?parent=35434"}],"wp:term":[{"taxonomy":"product_cat","embeddable":true,"href":"https:\/\/www.haegergroup.com\/es\/wp-json\/wp\/v2\/product_cat?post=35434"},{"taxonomy":"product_tag","embeddable":true,"href":"https:\/\/www.haegergroup.com\/es\/wp-json\/wp\/v2\/product_tag?post=35434"}],"curies":[{"name":"wp","href":"https:\/\/api.w.org\/{rel}","templated":true}]}}