{"id":35406,"date":"2024-01-04T18:54:06","date_gmt":"2024-01-04T18:57:43","guid":{"rendered":"https:\/\/www.haegergroup.com\/?post_type=product&#038;p=35406"},"modified":"2024-01-04T18:57:44","modified_gmt":"2024-01-04T18:57:44","slug":"freidora-digital-sin-aceite-haeger-magic-window-47-l","status":"publish","type":"product","link":"https:\/\/www.haegergroup.com\/es\/producto\/freidora-digital-sin-aceite-haeger-magic-window-47-l\/","title":{"rendered":"Freidora Digital sin Aceite HAEGER Magic Window &#8211; 4,7 L"},"content":{"rendered":"<h2>\u00a1Cocina sana sin aceite!<\/h2>\n<p>La freidora sin aceite HAEGER Magic Window es un aparato revolucionario que le permite cocinar alimentos de forma m\u00e1s saludable, sin necesidad de aceite. Sus 8 programas de cocci\u00f3n preestablecidos hacen que el proceso de cocci\u00f3n sea m\u00e1s f\u00e1cil que nunca. El control digital con pantalla t\u00e1ctil proporciona una experiencia intuitiva, permiti\u00e9ndole ajustar f\u00e1cilmente el tiempo y la temperatura seg\u00fan sus preferencias.<\/p>\n<p>Con una generosa capacidad de 4,7 litros, la freidora sin aceite Magic Window es ideal para preparar comidas para toda la familia. El temporizador de 60 minutos ofrece una mayor flexibilidad para una gran variedad de recetas, mientras que el control de temperatura ajustable de 60\u00b0C a 200\u00b0C le proporciona la precisi\u00f3n que necesita para conseguir resultados perfectos con cada plato.<\/p>\n<p>Con una potencia de 1200 vatios, garantiza rapidez y eficacia en todas las preparaciones culinarias. Su dise\u00f1o moderno y funcional se adapta perfectamente a cualquier cocina, ofreciendo una soluci\u00f3n pr\u00e1ctica y saludable para cocinar a diario.<\/p>\n","protected":false},"excerpt":{"rendered":"<h2>Freidora digital sin aceite<br \/>\nModelo: AF-D47.005A<\/h2>\n<ul>\n<li>8 programas de cocci\u00f3n preestablecidos ilustrados con iconos de colores<\/li>\n<li>Control digital mediante pantalla t\u00e1ctil<\/li>\n<li>Capacidad de la olla: 4,7 litros<\/li>\n<li>Ventana para ver mejor la cocci\u00f3n<\/li>\n<li>Recipiente apto para lavavajillas<\/li>\n<li>Temporizador de 60 minutos<\/li>\n<li>Control de temperatura 60\u00b0C &#8211; 200\u00b0C<\/li>\n<li>Potencia: 1200 vatios &#8211; 220-240V~ 50Hz<\/li>\n<\/ul>\n","protected":false},"featured_media":35404,"template":"","meta":[],"product_cat":[168,172],"product_tag":[],"class_list":{"0":"post-35406","1":"product","2":"type-product","3":"status-publish","4":"has-post-thumbnail","6":"product_cat-cocina","7":"product_cat-freidoras","9":"first","10":"instock","11":"shipping-taxable","12":"product-type-simple"},"yoast_head":"<!-- This site is optimized with the Yoast SEO plugin v24.1 - https:\/\/yoast.com\/wordpress\/plugins\/seo\/ -->\n<title>Freidora Digital sin Aceite HAEGER Magic Window - 4,7 L - H\u00c6GER Eletrodom\u00e9sticos<\/title>\n<meta name=\"description\" content=\"Marca de Pequenos Eletrodom\u00e9sticos para a sua cozinha, cuidados pessoais, casa e climatiza\u00e7\u00e3o. A op\u00e7\u00e3o inteligente para a sua casa.\" \/>\n<meta name=\"robots\" content=\"index, follow, max-snippet:-1, max-image-preview:large, max-video-preview:-1\" \/>\n<link rel=\"canonical\" href=\"https:\/\/www.haegergroup.com\/es\/producto\/freidora-digital-sin-aceite-haeger-magic-window-47-l\/\" \/>\n<meta property=\"og:locale\" content=\"es_ES\" \/>\n<meta property=\"og:type\" content=\"article\" \/>\n<meta property=\"og:title\" content=\"Freidora Digital sin Aceite HAEGER Magic Window - 4,7 L - H\u00c6GER Eletrodom\u00e9sticos\" \/>\n<meta property=\"og:description\" content=\"Marca de Pequenos Eletrodom\u00e9sticos para a sua cozinha, cuidados pessoais, casa e climatiza\u00e7\u00e3o. A op\u00e7\u00e3o inteligente para a sua casa.\" \/>\n<meta property=\"og:url\" content=\"https:\/\/www.haegergroup.com\/es\/producto\/freidora-digital-sin-aceite-haeger-magic-window-47-l\/\" \/>\n<meta property=\"og:site_name\" content=\"H\u00c6GER Eletrodom\u00e9sticos\" \/>\n<meta property=\"article:modified_time\" content=\"2024-01-04T18:57:44+00:00\" \/>\n<meta property=\"og:image\" content=\"https:\/\/www.haegergroup.com\/wp-content\/uploads\/AF-D47.005A_1-1.jpg\" \/>\n\t<meta property=\"og:image:width\" content=\"1200\" \/>\n\t<meta property=\"og:image:height\" content=\"1200\" \/>\n\t<meta property=\"og:image:type\" content=\"image\/jpeg\" \/>\n<meta name=\"twitter:card\" content=\"summary_large_image\" \/>\n<meta name=\"twitter:label1\" content=\"Tiempo de lectura\" \/>\n\t<meta name=\"twitter:data1\" content=\"1 minuto\" \/>\n<script type=\"application\/ld+json\" class=\"yoast-schema-graph\">{\"@context\":\"https:\/\/schema.org\",\"@graph\":[{\"@type\":\"WebPage\",\"@id\":\"https:\/\/www.haegergroup.com\/es\/producto\/freidora-digital-sin-aceite-haeger-magic-window-47-l\/\",\"url\":\"https:\/\/www.haegergroup.com\/es\/producto\/freidora-digital-sin-aceite-haeger-magic-window-47-l\/\",\"name\":\"Freidora Digital sin Aceite HAEGER Magic Window - 4,7 L - H\u00c6GER Eletrodom\u00e9sticos\",\"isPartOf\":{\"@id\":\"https:\/\/www.haegergroup.com\/es\/#website\"},\"primaryImageOfPage\":{\"@id\":\"https:\/\/www.haegergroup.com\/es\/producto\/freidora-digital-sin-aceite-haeger-magic-window-47-l\/#primaryimage\"},\"image\":{\"@id\":\"https:\/\/www.haegergroup.com\/es\/producto\/freidora-digital-sin-aceite-haeger-magic-window-47-l\/#primaryimage\"},\"thumbnailUrl\":\"https:\/\/www.haegergroup.com\/wp-content\/uploads\/AF-D47.005A_1-1.jpg\",\"datePublished\":\"2024-01-04T18:57:43+00:00\",\"dateModified\":\"2024-01-04T18:57:44+00:00\",\"description\":\"Marca de Pequenos Eletrodom\u00e9sticos para a sua cozinha, cuidados pessoais, casa e climatiza\u00e7\u00e3o. A op\u00e7\u00e3o inteligente para a sua casa.\",\"breadcrumb\":{\"@id\":\"https:\/\/www.haegergroup.com\/es\/producto\/freidora-digital-sin-aceite-haeger-magic-window-47-l\/#breadcrumb\"},\"inLanguage\":\"es\",\"potentialAction\":[{\"@type\":\"ReadAction\",\"target\":[\"https:\/\/www.haegergroup.com\/es\/producto\/freidora-digital-sin-aceite-haeger-magic-window-47-l\/\"]}]},{\"@type\":\"ImageObject\",\"inLanguage\":\"es\",\"@id\":\"https:\/\/www.haegergroup.com\/es\/producto\/freidora-digital-sin-aceite-haeger-magic-window-47-l\/#primaryimage\",\"url\":\"https:\/\/www.haegergroup.com\/wp-content\/uploads\/AF-D47.005A_1-1.jpg\",\"contentUrl\":\"https:\/\/www.haegergroup.com\/wp-content\/uploads\/AF-D47.005A_1-1.jpg\",\"width\":1200,\"height\":1200},{\"@type\":\"BreadcrumbList\",\"@id\":\"https:\/\/www.haegergroup.com\/es\/producto\/freidora-digital-sin-aceite-haeger-magic-window-47-l\/#breadcrumb\",\"itemListElement\":[{\"@type\":\"ListItem\",\"position\":1,\"name\":\"Portada\",\"item\":\"https:\/\/www.haegergroup.com\/es\/\"},{\"@type\":\"ListItem\",\"position\":2,\"name\":\"Produtos\",\"item\":\"https:\/\/www.haegergroup.com\/pt-pt\/shop\/\"},{\"@type\":\"ListItem\",\"position\":3,\"name\":\"Freidora Digital sin Aceite HAEGER Magic Window &#8211; 4,7 L\"}]},{\"@type\":\"WebSite\",\"@id\":\"https:\/\/www.haegergroup.com\/es\/#website\",\"url\":\"https:\/\/www.haegergroup.com\/es\/\",\"name\":\"H\u00c6GER Eletrodom\u00e9sticos\",\"description\":\"A escolha inteligente\",\"publisher\":{\"@id\":\"https:\/\/www.haegergroup.com\/es\/#organization\"},\"potentialAction\":[{\"@type\":\"SearchAction\",\"target\":{\"@type\":\"EntryPoint\",\"urlTemplate\":\"https:\/\/www.haegergroup.com\/es\/?s={search_term_string}\"},\"query-input\":{\"@type\":\"PropertyValueSpecification\",\"valueRequired\":true,\"valueName\":\"search_term_string\"}}],\"inLanguage\":\"es\"},{\"@type\":\"Organization\",\"@id\":\"https:\/\/www.haegergroup.com\/es\/#organization\",\"name\":\"Haeger Electrodom\u00e9sticos\",\"url\":\"https:\/\/www.haegergroup.com\/es\/\",\"logo\":{\"@type\":\"ImageObject\",\"inLanguage\":\"es\",\"@id\":\"https:\/\/www.haegergroup.com\/es\/#\/schema\/logo\/image\/\",\"url\":\"https:\/\/www.haegergroup.com\/wp-content\/uploads\/2018\/05\/logo-web-220.png\",\"contentUrl\":\"https:\/\/www.haegergroup.com\/wp-content\/uploads\/2018\/05\/logo-web-220.png\",\"width\":220,\"height\":49,\"caption\":\"Haeger Electrodom\u00e9sticos\"},\"image\":{\"@id\":\"https:\/\/www.haegergroup.com\/es\/#\/schema\/logo\/image\/\"}}]}<\/script>\n<!-- \/ Yoast SEO plugin. -->","yoast_head_json":{"title":"Freidora Digital sin Aceite HAEGER Magic Window - 4,7 L - H\u00c6GER Eletrodom\u00e9sticos","description":"Marca de Pequenos Eletrodom\u00e9sticos para a sua cozinha, cuidados pessoais, casa e climatiza\u00e7\u00e3o. A op\u00e7\u00e3o inteligente para a sua casa.","robots":{"index":"index","follow":"follow","max-snippet":"max-snippet:-1","max-image-preview":"max-image-preview:large","max-video-preview":"max-video-preview:-1"},"canonical":"https:\/\/www.haegergroup.com\/es\/producto\/freidora-digital-sin-aceite-haeger-magic-window-47-l\/","og_locale":"es_ES","og_type":"article","og_title":"Freidora Digital sin Aceite HAEGER Magic Window - 4,7 L - H\u00c6GER Eletrodom\u00e9sticos","og_description":"Marca de Pequenos Eletrodom\u00e9sticos para a sua cozinha, cuidados pessoais, casa e climatiza\u00e7\u00e3o. A op\u00e7\u00e3o inteligente para a sua casa.","og_url":"https:\/\/www.haegergroup.com\/es\/producto\/freidora-digital-sin-aceite-haeger-magic-window-47-l\/","og_site_name":"H\u00c6GER Eletrodom\u00e9sticos","article_modified_time":"2024-01-04T18:57:44+00:00","og_image":[{"width":1200,"height":1200,"url":"https:\/\/www.haegergroup.com\/wp-content\/uploads\/AF-D47.005A_1-1.jpg","type":"image\/jpeg"}],"twitter_card":"summary_large_image","twitter_misc":{"Tiempo de lectura":"1 minuto"},"schema":{"@context":"https:\/\/schema.org","@graph":[{"@type":"WebPage","@id":"https:\/\/www.haegergroup.com\/es\/producto\/freidora-digital-sin-aceite-haeger-magic-window-47-l\/","url":"https:\/\/www.haegergroup.com\/es\/producto\/freidora-digital-sin-aceite-haeger-magic-window-47-l\/","name":"Freidora Digital sin Aceite HAEGER Magic Window - 4,7 L - H\u00c6GER Eletrodom\u00e9sticos","isPartOf":{"@id":"https:\/\/www.haegergroup.com\/es\/#website"},"primaryImageOfPage":{"@id":"https:\/\/www.haegergroup.com\/es\/producto\/freidora-digital-sin-aceite-haeger-magic-window-47-l\/#primaryimage"},"image":{"@id":"https:\/\/www.haegergroup.com\/es\/producto\/freidora-digital-sin-aceite-haeger-magic-window-47-l\/#primaryimage"},"thumbnailUrl":"https:\/\/www.haegergroup.com\/wp-content\/uploads\/AF-D47.005A_1-1.jpg","datePublished":"2024-01-04T18:57:43+00:00","dateModified":"2024-01-04T18:57:44+00:00","description":"Marca de Pequenos Eletrodom\u00e9sticos para a sua cozinha, cuidados pessoais, casa e climatiza\u00e7\u00e3o. A op\u00e7\u00e3o inteligente para a sua casa.","breadcrumb":{"@id":"https:\/\/www.haegergroup.com\/es\/producto\/freidora-digital-sin-aceite-haeger-magic-window-47-l\/#breadcrumb"},"inLanguage":"es","potentialAction":[{"@type":"ReadAction","target":["https:\/\/www.haegergroup.com\/es\/producto\/freidora-digital-sin-aceite-haeger-magic-window-47-l\/"]}]},{"@type":"ImageObject","inLanguage":"es","@id":"https:\/\/www.haegergroup.com\/es\/producto\/freidora-digital-sin-aceite-haeger-magic-window-47-l\/#primaryimage","url":"https:\/\/www.haegergroup.com\/wp-content\/uploads\/AF-D47.005A_1-1.jpg","contentUrl":"https:\/\/www.haegergroup.com\/wp-content\/uploads\/AF-D47.005A_1-1.jpg","width":1200,"height":1200},{"@type":"BreadcrumbList","@id":"https:\/\/www.haegergroup.com\/es\/producto\/freidora-digital-sin-aceite-haeger-magic-window-47-l\/#breadcrumb","itemListElement":[{"@type":"ListItem","position":1,"name":"Portada","item":"https:\/\/www.haegergroup.com\/es\/"},{"@type":"ListItem","position":2,"name":"Produtos","item":"https:\/\/www.haegergroup.com\/pt-pt\/shop\/"},{"@type":"ListItem","position":3,"name":"Freidora Digital sin Aceite HAEGER Magic Window &#8211; 4,7 L"}]},{"@type":"WebSite","@id":"https:\/\/www.haegergroup.com\/es\/#website","url":"https:\/\/www.haegergroup.com\/es\/","name":"H\u00c6GER Eletrodom\u00e9sticos","description":"A escolha inteligente","publisher":{"@id":"https:\/\/www.haegergroup.com\/es\/#organization"},"potentialAction":[{"@type":"SearchAction","target":{"@type":"EntryPoint","urlTemplate":"https:\/\/www.haegergroup.com\/es\/?s={search_term_string}"},"query-input":{"@type":"PropertyValueSpecification","valueRequired":true,"valueName":"search_term_string"}}],"inLanguage":"es"},{"@type":"Organization","@id":"https:\/\/www.haegergroup.com\/es\/#organization","name":"Haeger Electrodom\u00e9sticos","url":"https:\/\/www.haegergroup.com\/es\/","logo":{"@type":"ImageObject","inLanguage":"es","@id":"https:\/\/www.haegergroup.com\/es\/#\/schema\/logo\/image\/","url":"https:\/\/www.haegergroup.com\/wp-content\/uploads\/2018\/05\/logo-web-220.png","contentUrl":"https:\/\/www.haegergroup.com\/wp-content\/uploads\/2018\/05\/logo-web-220.png","width":220,"height":49,"caption":"Haeger Electrodom\u00e9sticos"},"image":{"@id":"https:\/\/www.haegergroup.com\/es\/#\/schema\/logo\/image\/"}}]}},"_links":{"self":[{"href":"https:\/\/www.haegergroup.com\/es\/wp-json\/wp\/v2\/product\/35406","targetHints":{"allow":["GET"]}}],"collection":[{"href":"https:\/\/www.haegergroup.com\/es\/wp-json\/wp\/v2\/product"}],"about":[{"href":"https:\/\/www.haegergroup.com\/es\/wp-json\/wp\/v2\/types\/product"}],"wp:featuredmedia":[{"embeddable":true,"href":"https:\/\/www.haegergroup.com\/es\/wp-json\/wp\/v2\/media\/35404"}],"wp:attachment":[{"href":"https:\/\/www.haegergroup.com\/es\/wp-json\/wp\/v2\/media?parent=35406"}],"wp:term":[{"taxonomy":"product_cat","embeddable":true,"href":"https:\/\/www.haegergroup.com\/es\/wp-json\/wp\/v2\/product_cat?post=35406"},{"taxonomy":"product_tag","embeddable":true,"href":"https:\/\/www.haegergroup.com\/es\/wp-json\/wp\/v2\/product_tag?post=35406"}],"curies":[{"name":"wp","href":"https:\/\/api.w.org\/{rel}","templated":true}]}}