{"id":35350,"date":"2023-12-18T16:00:30","date_gmt":"2023-12-18T16:06:49","guid":{"rendered":"https:\/\/www.haegergroup.com\/?post_type=product&#038;p=35350"},"modified":"2023-12-18T16:06:49","modified_gmt":"2023-12-18T16:06:49","slug":"plancha-de-vapor-haeger-dark-river-2200w-vapor-60g-min-base-de-acero-inoxidable","status":"publish","type":"product","link":"https:\/\/www.haegergroup.com\/es\/producto\/plancha-de-vapor-haeger-dark-river-2200w-vapor-60g-min-base-de-acero-inoxidable\/","title":{"rendered":"Plancha de Vapor HAEGER Dark River &#8211; 2200W, Vapor 60g\/min, Base de Acero inoxidable"},"content":{"rendered":"<p>La plancha de vapor HAEGER Dark River es la herramienta ideal para cuidar su ropa de forma eficaz y c\u00f3moda. Con su suela de acero inoxidable, se desliza f\u00e1cilmente sobre diversos tipos de tejidos.<\/p>\n<p>El sistema antical evita la acumulaci\u00f3n de minerales, mientras que los sistemas antigoteo y de autolimpieza garantizan que la plancha y su ropa permanezcan libres de manchas de agua.<\/p>\n<p>La temperatura regulable permite ajustar el calor adecuado para cada tejido, y la funci\u00f3n de rociado ayuda a humedecer los tejidos para eliminar las arrugas m\u00e1s rebeldes.<\/p>\n<p>Equipada con 30 g\/min de vapor continuo y un chorro de supervapor de 60 g\/min, es lo suficientemente potente como para hacer frente a las arrugas y pliegues m\u00e1s dif\u00edciles.<\/p>\n<p>El vapor vertical permite planchar la ropa directamente en la percha, y el dep\u00f3sito de agua de 260 ml reduce la necesidad de rellenarlo con frecuencia.<\/p>\n<p>El mango giratorio de 360\u00ba y 2,20 m de longitud proporciona una gran movilidad y comodidad durante el uso.<\/p>\n","protected":false},"excerpt":{"rendered":"<h2>Plancha de vapor con base de acero inoxidable<br \/>\nModelo: SI-220.015A<\/h2>\n<ul>\n<li>Base de acero inoxidable,<\/li>\n<li>Sistema antical, antigoteo y autolimpieza<\/li>\n<li>Temperatura regulable<\/li>\n<li>Funci\u00f3n vaporizador<\/li>\n<li>Vapor continuo: 30g\/min<\/li>\n<li>Super chorro de vapor: 60g\/min<\/li>\n<li>Vapor vertical,<\/li>\n<li>Dep\u00f3sito de agua: 260 ml<\/li>\n<li>Mango giratorio 360<\/li>\n<li>Longitud del cable: 2,20 m<\/li>\n<\/ul>\n","protected":false},"featured_media":35333,"template":"","meta":[],"product_cat":[178,179],"product_tag":[],"class_list":{"0":"post-35350","1":"product","2":"type-product","3":"status-publish","4":"has-post-thumbnail","6":"product_cat-hogar","7":"product_cat-planchas","9":"first","10":"instock","11":"shipping-taxable","12":"product-type-simple"},"yoast_head":"<!-- This site is optimized with the Yoast SEO plugin v24.1 - https:\/\/yoast.com\/wordpress\/plugins\/seo\/ -->\n<title>Plancha de Vapor HAEGER Dark River - 2200W, Vapor 60g\/min, Base de Acero inoxidable - H\u00c6GER Eletrodom\u00e9sticos<\/title>\n<meta name=\"description\" content=\"Marca de Pequenos Eletrodom\u00e9sticos para a sua cozinha, cuidados pessoais, casa e climatiza\u00e7\u00e3o. A op\u00e7\u00e3o inteligente para a sua casa.\" \/>\n<meta name=\"robots\" content=\"index, follow, max-snippet:-1, max-image-preview:large, max-video-preview:-1\" \/>\n<link rel=\"canonical\" href=\"https:\/\/www.haegergroup.com\/es\/producto\/plancha-de-vapor-haeger-dark-river-2200w-vapor-60g-min-base-de-acero-inoxidable\/\" \/>\n<meta property=\"og:locale\" content=\"es_ES\" \/>\n<meta property=\"og:type\" content=\"article\" \/>\n<meta property=\"og:title\" content=\"Plancha de Vapor HAEGER Dark River - 2200W, Vapor 60g\/min, Base de Acero inoxidable - H\u00c6GER Eletrodom\u00e9sticos\" \/>\n<meta property=\"og:description\" content=\"Marca de Pequenos Eletrodom\u00e9sticos para a sua cozinha, cuidados pessoais, casa e climatiza\u00e7\u00e3o. A op\u00e7\u00e3o inteligente para a sua casa.\" \/>\n<meta property=\"og:url\" content=\"https:\/\/www.haegergroup.com\/es\/producto\/plancha-de-vapor-haeger-dark-river-2200w-vapor-60g-min-base-de-acero-inoxidable\/\" \/>\n<meta property=\"og:site_name\" content=\"H\u00c6GER Eletrodom\u00e9sticos\" \/>\n<meta property=\"og:image\" content=\"https:\/\/www.haegergroup.com\/wp-content\/uploads\/SI-220.015A_1-1.jpg\" \/>\n\t<meta property=\"og:image:width\" content=\"1200\" \/>\n\t<meta property=\"og:image:height\" content=\"1200\" \/>\n\t<meta property=\"og:image:type\" content=\"image\/jpeg\" \/>\n<meta name=\"twitter:card\" content=\"summary_large_image\" \/>\n<meta name=\"twitter:label1\" content=\"Tiempo de lectura\" \/>\n\t<meta name=\"twitter:data1\" content=\"1 minuto\" \/>\n<script type=\"application\/ld+json\" class=\"yoast-schema-graph\">{\"@context\":\"https:\/\/schema.org\",\"@graph\":[{\"@type\":\"WebPage\",\"@id\":\"https:\/\/www.haegergroup.com\/es\/producto\/plancha-de-vapor-haeger-dark-river-2200w-vapor-60g-min-base-de-acero-inoxidable\/\",\"url\":\"https:\/\/www.haegergroup.com\/es\/producto\/plancha-de-vapor-haeger-dark-river-2200w-vapor-60g-min-base-de-acero-inoxidable\/\",\"name\":\"Plancha de Vapor HAEGER Dark River - 2200W, Vapor 60g\/min, Base de Acero inoxidable - H\u00c6GER Eletrodom\u00e9sticos\",\"isPartOf\":{\"@id\":\"https:\/\/www.haegergroup.com\/es\/#website\"},\"primaryImageOfPage\":{\"@id\":\"https:\/\/www.haegergroup.com\/es\/producto\/plancha-de-vapor-haeger-dark-river-2200w-vapor-60g-min-base-de-acero-inoxidable\/#primaryimage\"},\"image\":{\"@id\":\"https:\/\/www.haegergroup.com\/es\/producto\/plancha-de-vapor-haeger-dark-river-2200w-vapor-60g-min-base-de-acero-inoxidable\/#primaryimage\"},\"thumbnailUrl\":\"https:\/\/www.haegergroup.com\/wp-content\/uploads\/SI-220.015A_1-1.jpg\",\"datePublished\":\"2023-12-18T16:06:49+00:00\",\"dateModified\":\"2023-12-18T16:06:49+00:00\",\"description\":\"Marca de Pequenos Eletrodom\u00e9sticos para a sua cozinha, cuidados pessoais, casa e climatiza\u00e7\u00e3o. A op\u00e7\u00e3o inteligente para a sua casa.\",\"breadcrumb\":{\"@id\":\"https:\/\/www.haegergroup.com\/es\/producto\/plancha-de-vapor-haeger-dark-river-2200w-vapor-60g-min-base-de-acero-inoxidable\/#breadcrumb\"},\"inLanguage\":\"es\",\"potentialAction\":[{\"@type\":\"ReadAction\",\"target\":[\"https:\/\/www.haegergroup.com\/es\/producto\/plancha-de-vapor-haeger-dark-river-2200w-vapor-60g-min-base-de-acero-inoxidable\/\"]}]},{\"@type\":\"ImageObject\",\"inLanguage\":\"es\",\"@id\":\"https:\/\/www.haegergroup.com\/es\/producto\/plancha-de-vapor-haeger-dark-river-2200w-vapor-60g-min-base-de-acero-inoxidable\/#primaryimage\",\"url\":\"https:\/\/www.haegergroup.com\/wp-content\/uploads\/SI-220.015A_1-1.jpg\",\"contentUrl\":\"https:\/\/www.haegergroup.com\/wp-content\/uploads\/SI-220.015A_1-1.jpg\",\"width\":1200,\"height\":1200},{\"@type\":\"BreadcrumbList\",\"@id\":\"https:\/\/www.haegergroup.com\/es\/producto\/plancha-de-vapor-haeger-dark-river-2200w-vapor-60g-min-base-de-acero-inoxidable\/#breadcrumb\",\"itemListElement\":[{\"@type\":\"ListItem\",\"position\":1,\"name\":\"Portada\",\"item\":\"https:\/\/www.haegergroup.com\/es\/\"},{\"@type\":\"ListItem\",\"position\":2,\"name\":\"Productos\",\"item\":\"https:\/\/www.haegergroup.com\/es\/tienda\/\"},{\"@type\":\"ListItem\",\"position\":3,\"name\":\"Plancha de Vapor HAEGER Dark River &#8211; 2200W, Vapor 60g\/min, Base de Acero inoxidable\"}]},{\"@type\":\"WebSite\",\"@id\":\"https:\/\/www.haegergroup.com\/es\/#website\",\"url\":\"https:\/\/www.haegergroup.com\/es\/\",\"name\":\"H\u00c6GER Eletrodom\u00e9sticos\",\"description\":\"A escolha inteligente\",\"publisher\":{\"@id\":\"https:\/\/www.haegergroup.com\/es\/#organization\"},\"potentialAction\":[{\"@type\":\"SearchAction\",\"target\":{\"@type\":\"EntryPoint\",\"urlTemplate\":\"https:\/\/www.haegergroup.com\/es\/?s={search_term_string}\"},\"query-input\":{\"@type\":\"PropertyValueSpecification\",\"valueRequired\":true,\"valueName\":\"search_term_string\"}}],\"inLanguage\":\"es\"},{\"@type\":\"Organization\",\"@id\":\"https:\/\/www.haegergroup.com\/es\/#organization\",\"name\":\"Haeger Electrodom\u00e9sticos\",\"url\":\"https:\/\/www.haegergroup.com\/es\/\",\"logo\":{\"@type\":\"ImageObject\",\"inLanguage\":\"es\",\"@id\":\"https:\/\/www.haegergroup.com\/es\/#\/schema\/logo\/image\/\",\"url\":\"https:\/\/www.haegergroup.com\/wp-content\/uploads\/2018\/05\/logo-web-220.png\",\"contentUrl\":\"https:\/\/www.haegergroup.com\/wp-content\/uploads\/2018\/05\/logo-web-220.png\",\"width\":220,\"height\":49,\"caption\":\"Haeger Electrodom\u00e9sticos\"},\"image\":{\"@id\":\"https:\/\/www.haegergroup.com\/es\/#\/schema\/logo\/image\/\"}}]}<\/script>\n<!-- \/ Yoast SEO plugin. -->","yoast_head_json":{"title":"Plancha de Vapor HAEGER Dark River - 2200W, Vapor 60g\/min, Base de Acero inoxidable - H\u00c6GER Eletrodom\u00e9sticos","description":"Marca de Pequenos Eletrodom\u00e9sticos para a sua cozinha, cuidados pessoais, casa e climatiza\u00e7\u00e3o. A op\u00e7\u00e3o inteligente para a sua casa.","robots":{"index":"index","follow":"follow","max-snippet":"max-snippet:-1","max-image-preview":"max-image-preview:large","max-video-preview":"max-video-preview:-1"},"canonical":"https:\/\/www.haegergroup.com\/es\/producto\/plancha-de-vapor-haeger-dark-river-2200w-vapor-60g-min-base-de-acero-inoxidable\/","og_locale":"es_ES","og_type":"article","og_title":"Plancha de Vapor HAEGER Dark River - 2200W, Vapor 60g\/min, Base de Acero inoxidable - H\u00c6GER Eletrodom\u00e9sticos","og_description":"Marca de Pequenos Eletrodom\u00e9sticos para a sua cozinha, cuidados pessoais, casa e climatiza\u00e7\u00e3o. A op\u00e7\u00e3o inteligente para a sua casa.","og_url":"https:\/\/www.haegergroup.com\/es\/producto\/plancha-de-vapor-haeger-dark-river-2200w-vapor-60g-min-base-de-acero-inoxidable\/","og_site_name":"H\u00c6GER Eletrodom\u00e9sticos","og_image":[{"width":1200,"height":1200,"url":"https:\/\/www.haegergroup.com\/wp-content\/uploads\/SI-220.015A_1-1.jpg","type":"image\/jpeg"}],"twitter_card":"summary_large_image","twitter_misc":{"Tiempo de lectura":"1 minuto"},"schema":{"@context":"https:\/\/schema.org","@graph":[{"@type":"WebPage","@id":"https:\/\/www.haegergroup.com\/es\/producto\/plancha-de-vapor-haeger-dark-river-2200w-vapor-60g-min-base-de-acero-inoxidable\/","url":"https:\/\/www.haegergroup.com\/es\/producto\/plancha-de-vapor-haeger-dark-river-2200w-vapor-60g-min-base-de-acero-inoxidable\/","name":"Plancha de Vapor HAEGER Dark River - 2200W, Vapor 60g\/min, Base de Acero inoxidable - H\u00c6GER Eletrodom\u00e9sticos","isPartOf":{"@id":"https:\/\/www.haegergroup.com\/es\/#website"},"primaryImageOfPage":{"@id":"https:\/\/www.haegergroup.com\/es\/producto\/plancha-de-vapor-haeger-dark-river-2200w-vapor-60g-min-base-de-acero-inoxidable\/#primaryimage"},"image":{"@id":"https:\/\/www.haegergroup.com\/es\/producto\/plancha-de-vapor-haeger-dark-river-2200w-vapor-60g-min-base-de-acero-inoxidable\/#primaryimage"},"thumbnailUrl":"https:\/\/www.haegergroup.com\/wp-content\/uploads\/SI-220.015A_1-1.jpg","datePublished":"2023-12-18T16:06:49+00:00","dateModified":"2023-12-18T16:06:49+00:00","description":"Marca de Pequenos Eletrodom\u00e9sticos para a sua cozinha, cuidados pessoais, casa e climatiza\u00e7\u00e3o. A op\u00e7\u00e3o inteligente para a sua casa.","breadcrumb":{"@id":"https:\/\/www.haegergroup.com\/es\/producto\/plancha-de-vapor-haeger-dark-river-2200w-vapor-60g-min-base-de-acero-inoxidable\/#breadcrumb"},"inLanguage":"es","potentialAction":[{"@type":"ReadAction","target":["https:\/\/www.haegergroup.com\/es\/producto\/plancha-de-vapor-haeger-dark-river-2200w-vapor-60g-min-base-de-acero-inoxidable\/"]}]},{"@type":"ImageObject","inLanguage":"es","@id":"https:\/\/www.haegergroup.com\/es\/producto\/plancha-de-vapor-haeger-dark-river-2200w-vapor-60g-min-base-de-acero-inoxidable\/#primaryimage","url":"https:\/\/www.haegergroup.com\/wp-content\/uploads\/SI-220.015A_1-1.jpg","contentUrl":"https:\/\/www.haegergroup.com\/wp-content\/uploads\/SI-220.015A_1-1.jpg","width":1200,"height":1200},{"@type":"BreadcrumbList","@id":"https:\/\/www.haegergroup.com\/es\/producto\/plancha-de-vapor-haeger-dark-river-2200w-vapor-60g-min-base-de-acero-inoxidable\/#breadcrumb","itemListElement":[{"@type":"ListItem","position":1,"name":"Portada","item":"https:\/\/www.haegergroup.com\/es\/"},{"@type":"ListItem","position":2,"name":"Productos","item":"https:\/\/www.haegergroup.com\/es\/tienda\/"},{"@type":"ListItem","position":3,"name":"Plancha de Vapor HAEGER Dark River &#8211; 2200W, Vapor 60g\/min, Base de Acero inoxidable"}]},{"@type":"WebSite","@id":"https:\/\/www.haegergroup.com\/es\/#website","url":"https:\/\/www.haegergroup.com\/es\/","name":"H\u00c6GER Eletrodom\u00e9sticos","description":"A escolha inteligente","publisher":{"@id":"https:\/\/www.haegergroup.com\/es\/#organization"},"potentialAction":[{"@type":"SearchAction","target":{"@type":"EntryPoint","urlTemplate":"https:\/\/www.haegergroup.com\/es\/?s={search_term_string}"},"query-input":{"@type":"PropertyValueSpecification","valueRequired":true,"valueName":"search_term_string"}}],"inLanguage":"es"},{"@type":"Organization","@id":"https:\/\/www.haegergroup.com\/es\/#organization","name":"Haeger Electrodom\u00e9sticos","url":"https:\/\/www.haegergroup.com\/es\/","logo":{"@type":"ImageObject","inLanguage":"es","@id":"https:\/\/www.haegergroup.com\/es\/#\/schema\/logo\/image\/","url":"https:\/\/www.haegergroup.com\/wp-content\/uploads\/2018\/05\/logo-web-220.png","contentUrl":"https:\/\/www.haegergroup.com\/wp-content\/uploads\/2018\/05\/logo-web-220.png","width":220,"height":49,"caption":"Haeger Electrodom\u00e9sticos"},"image":{"@id":"https:\/\/www.haegergroup.com\/es\/#\/schema\/logo\/image\/"}}]}},"_links":{"self":[{"href":"https:\/\/www.haegergroup.com\/es\/wp-json\/wp\/v2\/product\/35350","targetHints":{"allow":["GET"]}}],"collection":[{"href":"https:\/\/www.haegergroup.com\/es\/wp-json\/wp\/v2\/product"}],"about":[{"href":"https:\/\/www.haegergroup.com\/es\/wp-json\/wp\/v2\/types\/product"}],"wp:featuredmedia":[{"embeddable":true,"href":"https:\/\/www.haegergroup.com\/es\/wp-json\/wp\/v2\/media\/35333"}],"wp:attachment":[{"href":"https:\/\/www.haegergroup.com\/es\/wp-json\/wp\/v2\/media?parent=35350"}],"wp:term":[{"taxonomy":"product_cat","embeddable":true,"href":"https:\/\/www.haegergroup.com\/es\/wp-json\/wp\/v2\/product_cat?post=35350"},{"taxonomy":"product_tag","embeddable":true,"href":"https:\/\/www.haegergroup.com\/es\/wp-json\/wp\/v2\/product_tag?post=35350"}],"curies":[{"name":"wp","href":"https:\/\/api.w.org\/{rel}","templated":true}]}}