{"id":35214,"date":"2023-12-04T11:50:53","date_gmt":"2023-12-04T11:52:54","guid":{"rendered":"https:\/\/www.haegergroup.com\/?post_type=product&#038;p=35214"},"modified":"2023-12-04T11:52:55","modified_gmt":"2023-12-04T11:52:55","slug":"cafetera-italiana-haeger-moka-pot-6-aluminio-6-tazas-azul","status":"publish","type":"product","link":"https:\/\/www.haegergroup.com\/es\/producto\/cafetera-italiana-haeger-moka-pot-6-aluminio-6-tazas-azul\/","title":{"rendered":"Cafetera Italiana HAEGER MOKA Pot 6 &#8211; Aluminio 6 tazas, Azul"},"content":{"rendered":"<p>Cafetera HAEGER MOKA POT 6 en color azul con cuerpo de aluminio, base con v\u00e1lvula de seguridad, apta para su uso en todos los elementos excepto inducci\u00f3n.<\/p>\n","protected":false},"excerpt":{"rendered":"<h2>Cafetera italiana de aluminio<br \/>\nModelo: CP-06A.011A<\/h2>\n<p>Caracter\u00edsticas t\u00e9cnicas:<\/p>\n<ul>\n<li>Capacidad: 6 tazas<\/li>\n<li>Color: Azul<\/li>\n<li>Cuerpo de aluminio pintado con pintura ign\u00edfuga<\/li>\n<li>Base con v\u00e1lvula de seguridad<\/li>\n<li>Apta para todos los elementos calefactores excepto inducci\u00f3n<\/li>\n<\/ul>\n","protected":false},"featured_media":35204,"template":"","meta":[],"product_cat":[158,166],"product_tag":[],"class_list":{"0":"post-35214","1":"product","2":"type-product","3":"status-publish","4":"has-post-thumbnail","6":"product_cat-desayuno","7":"product_cat-cafeteras","9":"first","10":"instock","11":"shipping-taxable","12":"product-type-simple"},"yoast_head":"<!-- This site is optimized with the Yoast SEO plugin v24.1 - https:\/\/yoast.com\/wordpress\/plugins\/seo\/ -->\n<title>Cafetera Italiana HAEGER MOKA Pot 6 - Aluminio 6 tazas, Azul - H\u00c6GER Eletrodom\u00e9sticos<\/title>\n<meta name=\"description\" content=\"Marca de Pequenos Eletrodom\u00e9sticos para a sua cozinha, cuidados pessoais, casa e climatiza\u00e7\u00e3o. A op\u00e7\u00e3o inteligente para a sua casa.\" \/>\n<meta name=\"robots\" content=\"index, follow, max-snippet:-1, max-image-preview:large, max-video-preview:-1\" \/>\n<link rel=\"canonical\" href=\"https:\/\/www.haegergroup.com\/es\/producto\/cafetera-italiana-haeger-moka-pot-6-aluminio-6-tazas-azul\/\" \/>\n<meta property=\"og:locale\" content=\"es_ES\" \/>\n<meta property=\"og:type\" content=\"article\" \/>\n<meta property=\"og:title\" content=\"Cafetera Italiana HAEGER MOKA Pot 6 - Aluminio 6 tazas, Azul - H\u00c6GER Eletrodom\u00e9sticos\" \/>\n<meta property=\"og:description\" content=\"Marca de Pequenos Eletrodom\u00e9sticos para a sua cozinha, cuidados pessoais, casa e climatiza\u00e7\u00e3o. A op\u00e7\u00e3o inteligente para a sua casa.\" \/>\n<meta property=\"og:url\" content=\"https:\/\/www.haegergroup.com\/es\/producto\/cafetera-italiana-haeger-moka-pot-6-aluminio-6-tazas-azul\/\" \/>\n<meta property=\"og:site_name\" content=\"H\u00c6GER Eletrodom\u00e9sticos\" \/>\n<meta property=\"article:modified_time\" content=\"2023-12-04T11:52:55+00:00\" \/>\n<meta property=\"og:image\" content=\"https:\/\/www.haegergroup.com\/wp-content\/uploads\/CP-06A.011A_1-1.jpg\" \/>\n\t<meta property=\"og:image:width\" content=\"1200\" \/>\n\t<meta property=\"og:image:height\" content=\"1200\" \/>\n\t<meta property=\"og:image:type\" content=\"image\/jpeg\" \/>\n<meta name=\"twitter:card\" content=\"summary_large_image\" \/>\n<meta name=\"twitter:label1\" content=\"Tiempo de lectura\" \/>\n\t<meta name=\"twitter:data1\" content=\"1 minuto\" \/>\n<script type=\"application\/ld+json\" class=\"yoast-schema-graph\">{\"@context\":\"https:\/\/schema.org\",\"@graph\":[{\"@type\":\"WebPage\",\"@id\":\"https:\/\/www.haegergroup.com\/es\/producto\/cafetera-italiana-haeger-moka-pot-6-aluminio-6-tazas-azul\/\",\"url\":\"https:\/\/www.haegergroup.com\/es\/producto\/cafetera-italiana-haeger-moka-pot-6-aluminio-6-tazas-azul\/\",\"name\":\"Cafetera Italiana HAEGER MOKA Pot 6 - Aluminio 6 tazas, Azul - H\u00c6GER Eletrodom\u00e9sticos\",\"isPartOf\":{\"@id\":\"https:\/\/www.haegergroup.com\/es\/#website\"},\"primaryImageOfPage\":{\"@id\":\"https:\/\/www.haegergroup.com\/es\/producto\/cafetera-italiana-haeger-moka-pot-6-aluminio-6-tazas-azul\/#primaryimage\"},\"image\":{\"@id\":\"https:\/\/www.haegergroup.com\/es\/producto\/cafetera-italiana-haeger-moka-pot-6-aluminio-6-tazas-azul\/#primaryimage\"},\"thumbnailUrl\":\"https:\/\/www.haegergroup.com\/wp-content\/uploads\/CP-06A.011A_1-1.jpg\",\"datePublished\":\"2023-12-04T11:52:54+00:00\",\"dateModified\":\"2023-12-04T11:52:55+00:00\",\"description\":\"Marca de Pequenos Eletrodom\u00e9sticos para a sua cozinha, cuidados pessoais, casa e climatiza\u00e7\u00e3o. A op\u00e7\u00e3o inteligente para a sua casa.\",\"breadcrumb\":{\"@id\":\"https:\/\/www.haegergroup.com\/es\/producto\/cafetera-italiana-haeger-moka-pot-6-aluminio-6-tazas-azul\/#breadcrumb\"},\"inLanguage\":\"es\",\"potentialAction\":[{\"@type\":\"ReadAction\",\"target\":[\"https:\/\/www.haegergroup.com\/es\/producto\/cafetera-italiana-haeger-moka-pot-6-aluminio-6-tazas-azul\/\"]}]},{\"@type\":\"ImageObject\",\"inLanguage\":\"es\",\"@id\":\"https:\/\/www.haegergroup.com\/es\/producto\/cafetera-italiana-haeger-moka-pot-6-aluminio-6-tazas-azul\/#primaryimage\",\"url\":\"https:\/\/www.haegergroup.com\/wp-content\/uploads\/CP-06A.011A_1-1.jpg\",\"contentUrl\":\"https:\/\/www.haegergroup.com\/wp-content\/uploads\/CP-06A.011A_1-1.jpg\",\"width\":1200,\"height\":1200},{\"@type\":\"BreadcrumbList\",\"@id\":\"https:\/\/www.haegergroup.com\/es\/producto\/cafetera-italiana-haeger-moka-pot-6-aluminio-6-tazas-azul\/#breadcrumb\",\"itemListElement\":[{\"@type\":\"ListItem\",\"position\":1,\"name\":\"Portada\",\"item\":\"https:\/\/www.haegergroup.com\/es\/\"},{\"@type\":\"ListItem\",\"position\":2,\"name\":\"Productos\",\"item\":\"https:\/\/www.haegergroup.com\/es\/tienda\/\"},{\"@type\":\"ListItem\",\"position\":3,\"name\":\"Cafetera Italiana HAEGER MOKA Pot 6 &#8211; Aluminio 6 tazas, Azul\"}]},{\"@type\":\"WebSite\",\"@id\":\"https:\/\/www.haegergroup.com\/es\/#website\",\"url\":\"https:\/\/www.haegergroup.com\/es\/\",\"name\":\"H\u00c6GER Eletrodom\u00e9sticos\",\"description\":\"A escolha inteligente\",\"publisher\":{\"@id\":\"https:\/\/www.haegergroup.com\/es\/#organization\"},\"potentialAction\":[{\"@type\":\"SearchAction\",\"target\":{\"@type\":\"EntryPoint\",\"urlTemplate\":\"https:\/\/www.haegergroup.com\/es\/?s={search_term_string}\"},\"query-input\":{\"@type\":\"PropertyValueSpecification\",\"valueRequired\":true,\"valueName\":\"search_term_string\"}}],\"inLanguage\":\"es\"},{\"@type\":\"Organization\",\"@id\":\"https:\/\/www.haegergroup.com\/es\/#organization\",\"name\":\"Haeger Electrodom\u00e9sticos\",\"url\":\"https:\/\/www.haegergroup.com\/es\/\",\"logo\":{\"@type\":\"ImageObject\",\"inLanguage\":\"es\",\"@id\":\"https:\/\/www.haegergroup.com\/es\/#\/schema\/logo\/image\/\",\"url\":\"https:\/\/www.haegergroup.com\/wp-content\/uploads\/2018\/05\/logo-web-220.png\",\"contentUrl\":\"https:\/\/www.haegergroup.com\/wp-content\/uploads\/2018\/05\/logo-web-220.png\",\"width\":220,\"height\":49,\"caption\":\"Haeger Electrodom\u00e9sticos\"},\"image\":{\"@id\":\"https:\/\/www.haegergroup.com\/es\/#\/schema\/logo\/image\/\"}}]}<\/script>\n<!-- \/ Yoast SEO plugin. -->","yoast_head_json":{"title":"Cafetera Italiana HAEGER MOKA Pot 6 - Aluminio 6 tazas, Azul - H\u00c6GER Eletrodom\u00e9sticos","description":"Marca de Pequenos Eletrodom\u00e9sticos para a sua cozinha, cuidados pessoais, casa e climatiza\u00e7\u00e3o. A op\u00e7\u00e3o inteligente para a sua casa.","robots":{"index":"index","follow":"follow","max-snippet":"max-snippet:-1","max-image-preview":"max-image-preview:large","max-video-preview":"max-video-preview:-1"},"canonical":"https:\/\/www.haegergroup.com\/es\/producto\/cafetera-italiana-haeger-moka-pot-6-aluminio-6-tazas-azul\/","og_locale":"es_ES","og_type":"article","og_title":"Cafetera Italiana HAEGER MOKA Pot 6 - Aluminio 6 tazas, Azul - H\u00c6GER Eletrodom\u00e9sticos","og_description":"Marca de Pequenos Eletrodom\u00e9sticos para a sua cozinha, cuidados pessoais, casa e climatiza\u00e7\u00e3o. A op\u00e7\u00e3o inteligente para a sua casa.","og_url":"https:\/\/www.haegergroup.com\/es\/producto\/cafetera-italiana-haeger-moka-pot-6-aluminio-6-tazas-azul\/","og_site_name":"H\u00c6GER Eletrodom\u00e9sticos","article_modified_time":"2023-12-04T11:52:55+00:00","og_image":[{"width":1200,"height":1200,"url":"https:\/\/www.haegergroup.com\/wp-content\/uploads\/CP-06A.011A_1-1.jpg","type":"image\/jpeg"}],"twitter_card":"summary_large_image","twitter_misc":{"Tiempo de lectura":"1 minuto"},"schema":{"@context":"https:\/\/schema.org","@graph":[{"@type":"WebPage","@id":"https:\/\/www.haegergroup.com\/es\/producto\/cafetera-italiana-haeger-moka-pot-6-aluminio-6-tazas-azul\/","url":"https:\/\/www.haegergroup.com\/es\/producto\/cafetera-italiana-haeger-moka-pot-6-aluminio-6-tazas-azul\/","name":"Cafetera Italiana HAEGER MOKA Pot 6 - Aluminio 6 tazas, Azul - H\u00c6GER Eletrodom\u00e9sticos","isPartOf":{"@id":"https:\/\/www.haegergroup.com\/es\/#website"},"primaryImageOfPage":{"@id":"https:\/\/www.haegergroup.com\/es\/producto\/cafetera-italiana-haeger-moka-pot-6-aluminio-6-tazas-azul\/#primaryimage"},"image":{"@id":"https:\/\/www.haegergroup.com\/es\/producto\/cafetera-italiana-haeger-moka-pot-6-aluminio-6-tazas-azul\/#primaryimage"},"thumbnailUrl":"https:\/\/www.haegergroup.com\/wp-content\/uploads\/CP-06A.011A_1-1.jpg","datePublished":"2023-12-04T11:52:54+00:00","dateModified":"2023-12-04T11:52:55+00:00","description":"Marca de Pequenos Eletrodom\u00e9sticos para a sua cozinha, cuidados pessoais, casa e climatiza\u00e7\u00e3o. A op\u00e7\u00e3o inteligente para a sua casa.","breadcrumb":{"@id":"https:\/\/www.haegergroup.com\/es\/producto\/cafetera-italiana-haeger-moka-pot-6-aluminio-6-tazas-azul\/#breadcrumb"},"inLanguage":"es","potentialAction":[{"@type":"ReadAction","target":["https:\/\/www.haegergroup.com\/es\/producto\/cafetera-italiana-haeger-moka-pot-6-aluminio-6-tazas-azul\/"]}]},{"@type":"ImageObject","inLanguage":"es","@id":"https:\/\/www.haegergroup.com\/es\/producto\/cafetera-italiana-haeger-moka-pot-6-aluminio-6-tazas-azul\/#primaryimage","url":"https:\/\/www.haegergroup.com\/wp-content\/uploads\/CP-06A.011A_1-1.jpg","contentUrl":"https:\/\/www.haegergroup.com\/wp-content\/uploads\/CP-06A.011A_1-1.jpg","width":1200,"height":1200},{"@type":"BreadcrumbList","@id":"https:\/\/www.haegergroup.com\/es\/producto\/cafetera-italiana-haeger-moka-pot-6-aluminio-6-tazas-azul\/#breadcrumb","itemListElement":[{"@type":"ListItem","position":1,"name":"Portada","item":"https:\/\/www.haegergroup.com\/es\/"},{"@type":"ListItem","position":2,"name":"Productos","item":"https:\/\/www.haegergroup.com\/es\/tienda\/"},{"@type":"ListItem","position":3,"name":"Cafetera Italiana HAEGER MOKA Pot 6 &#8211; Aluminio 6 tazas, Azul"}]},{"@type":"WebSite","@id":"https:\/\/www.haegergroup.com\/es\/#website","url":"https:\/\/www.haegergroup.com\/es\/","name":"H\u00c6GER Eletrodom\u00e9sticos","description":"A escolha inteligente","publisher":{"@id":"https:\/\/www.haegergroup.com\/es\/#organization"},"potentialAction":[{"@type":"SearchAction","target":{"@type":"EntryPoint","urlTemplate":"https:\/\/www.haegergroup.com\/es\/?s={search_term_string}"},"query-input":{"@type":"PropertyValueSpecification","valueRequired":true,"valueName":"search_term_string"}}],"inLanguage":"es"},{"@type":"Organization","@id":"https:\/\/www.haegergroup.com\/es\/#organization","name":"Haeger Electrodom\u00e9sticos","url":"https:\/\/www.haegergroup.com\/es\/","logo":{"@type":"ImageObject","inLanguage":"es","@id":"https:\/\/www.haegergroup.com\/es\/#\/schema\/logo\/image\/","url":"https:\/\/www.haegergroup.com\/wp-content\/uploads\/2018\/05\/logo-web-220.png","contentUrl":"https:\/\/www.haegergroup.com\/wp-content\/uploads\/2018\/05\/logo-web-220.png","width":220,"height":49,"caption":"Haeger Electrodom\u00e9sticos"},"image":{"@id":"https:\/\/www.haegergroup.com\/es\/#\/schema\/logo\/image\/"}}]}},"_links":{"self":[{"href":"https:\/\/www.haegergroup.com\/es\/wp-json\/wp\/v2\/product\/35214","targetHints":{"allow":["GET"]}}],"collection":[{"href":"https:\/\/www.haegergroup.com\/es\/wp-json\/wp\/v2\/product"}],"about":[{"href":"https:\/\/www.haegergroup.com\/es\/wp-json\/wp\/v2\/types\/product"}],"wp:featuredmedia":[{"embeddable":true,"href":"https:\/\/www.haegergroup.com\/es\/wp-json\/wp\/v2\/media\/35204"}],"wp:attachment":[{"href":"https:\/\/www.haegergroup.com\/es\/wp-json\/wp\/v2\/media?parent=35214"}],"wp:term":[{"taxonomy":"product_cat","embeddable":true,"href":"https:\/\/www.haegergroup.com\/es\/wp-json\/wp\/v2\/product_cat?post=35214"},{"taxonomy":"product_tag","embeddable":true,"href":"https:\/\/www.haegergroup.com\/es\/wp-json\/wp\/v2\/product_tag?post=35214"}],"curies":[{"name":"wp","href":"https:\/\/api.w.org\/{rel}","templated":true}]}}