{"id":35007,"date":"2023-10-25T11:14:45","date_gmt":"2023-10-25T10:29:38","guid":{"rendered":"https:\/\/www.haegergroup.com\/?post_type=product&#038;p=35007"},"modified":"2023-10-25T11:29:39","modified_gmt":"2023-10-25T10:29:39","slug":"deshumidificador-digital-haeger-digi-desumi-10l-dia","status":"publish","type":"product","link":"https:\/\/www.haegergroup.com\/es\/producto\/deshumidificador-digital-haeger-digi-desumi-10l-dia\/","title":{"rendered":"Deshumidificador Digital HAEGER Digi Desumi &#8211; 10L\/d\u00eda"},"content":{"rendered":"<h2>Deshumidificador electr\u00f3nico con indicador digital<\/h2>\n<p>Con una capacidad de 10 litros al d\u00eda, control t\u00e1ctil y funciones inteligentes, es ideal para superficies de hasta 20 m\u00b2. Equipado con asas y ruedas, es f\u00e1cil y c\u00f3modo de mover.<\/p>\n<p>Este deshumidificador es respetuoso con el medio ambiente, ya que utiliza gas verde que no da\u00f1a la capa de ozono.<\/p>\n<p>El temporizador de 1 a 24 horas permite un funcionamiento personalizado, mientras que el indicador de dep\u00f3sito lleno apaga autom\u00e1ticamente el aparato cuando es necesario. El deshumidificador Digi Desumi es una soluci\u00f3n eficaz para mantener su espacio seco y confortable.<\/p>\n","protected":false},"excerpt":{"rendered":"<h2>Deshumidificador digital<br \/>\nModelo: DE-D10.012A<\/h2>\n<ul>\n<li>Capacidad de deshumidificaci\u00f3n: 10 litros &#8211; 24 horas<\/li>\n<li>Superficie recomendada: &lt; 20 m2<\/li>\n<li>Control electr\u00f3nico con botones t\u00e1ctiles<\/li>\n<li>Pantalla digital con indicador de porcentaje de humedad<\/li>\n<li>Asas y ruedas para facilitar el desplazamiento<\/li>\n<li>Gas ecol\u00f3gico, no da\u00f1a la capa de ozono<\/li>\n<li>Temporizador: 1 &#8211; 24 horas<\/li>\n<li>Indicador de dep\u00f3sito lleno con sistema<\/li>\n<li>Desescarche autom\u00e1tico con indicador luminoso<\/li>\n<li>Capacidad del dep\u00f3sito: 1,6 litros<\/li>\n<li>Nivel de ruido: &lt; 46dB<\/li>\n<li>Ruedas para un mejor desplazamiento<\/li>\n<li>Asa de transporte<\/li>\n<li>Desag\u00fce continuo (con manguera de 1 metro)<\/li>\n<li>Consumo el\u00e9ctrico: 240 vatios<\/li>\n<\/ul>\n","protected":false},"featured_media":35004,"template":"","meta":[],"product_cat":[146,150],"product_tag":[],"class_list":{"0":"post-35007","1":"product","2":"type-product","3":"status-publish","4":"has-post-thumbnail","6":"product_cat-climatizacion","7":"product_cat-deshumidificadores","9":"first","10":"instock","11":"shipping-taxable","12":"product-type-simple"},"yoast_head":"<!-- This site is optimized with the Yoast SEO plugin v24.1 - https:\/\/yoast.com\/wordpress\/plugins\/seo\/ -->\n<title>Deshumidificador Digital HAEGER Digi Desumi - 10L\/d\u00eda - H\u00c6GER Eletrodom\u00e9sticos<\/title>\n<meta name=\"description\" content=\"Marca de Pequenos Eletrodom\u00e9sticos para a sua cozinha, cuidados pessoais, casa e climatiza\u00e7\u00e3o. A op\u00e7\u00e3o inteligente para a sua casa.\" \/>\n<meta name=\"robots\" content=\"index, follow, max-snippet:-1, max-image-preview:large, max-video-preview:-1\" \/>\n<link rel=\"canonical\" href=\"https:\/\/www.haegergroup.com\/es\/producto\/deshumidificador-digital-haeger-digi-desumi-10l-dia\/\" \/>\n<meta property=\"og:locale\" content=\"es_ES\" \/>\n<meta property=\"og:type\" content=\"article\" \/>\n<meta property=\"og:title\" content=\"Deshumidificador Digital HAEGER Digi Desumi - 10L\/d\u00eda - H\u00c6GER Eletrodom\u00e9sticos\" \/>\n<meta property=\"og:description\" content=\"Marca de Pequenos Eletrodom\u00e9sticos para a sua cozinha, cuidados pessoais, casa e climatiza\u00e7\u00e3o. A op\u00e7\u00e3o inteligente para a sua casa.\" \/>\n<meta property=\"og:url\" content=\"https:\/\/www.haegergroup.com\/es\/producto\/deshumidificador-digital-haeger-digi-desumi-10l-dia\/\" \/>\n<meta property=\"og:site_name\" content=\"H\u00c6GER Eletrodom\u00e9sticos\" \/>\n<meta property=\"article:modified_time\" content=\"2023-10-25T10:29:39+00:00\" \/>\n<meta property=\"og:image\" content=\"https:\/\/www.haegergroup.com\/wp-content\/uploads\/DE-D10.012A_1-1.jpg\" \/>\n\t<meta property=\"og:image:width\" content=\"1200\" \/>\n\t<meta property=\"og:image:height\" content=\"1200\" \/>\n\t<meta property=\"og:image:type\" content=\"image\/jpeg\" \/>\n<meta name=\"twitter:card\" content=\"summary_large_image\" \/>\n<meta name=\"twitter:label1\" content=\"Tiempo de lectura\" \/>\n\t<meta name=\"twitter:data1\" content=\"1 minuto\" \/>\n<script type=\"application\/ld+json\" class=\"yoast-schema-graph\">{\"@context\":\"https:\/\/schema.org\",\"@graph\":[{\"@type\":\"WebPage\",\"@id\":\"https:\/\/www.haegergroup.com\/es\/producto\/deshumidificador-digital-haeger-digi-desumi-10l-dia\/\",\"url\":\"https:\/\/www.haegergroup.com\/es\/producto\/deshumidificador-digital-haeger-digi-desumi-10l-dia\/\",\"name\":\"Deshumidificador Digital HAEGER Digi Desumi - 10L\/d\u00eda - H\u00c6GER Eletrodom\u00e9sticos\",\"isPartOf\":{\"@id\":\"https:\/\/www.haegergroup.com\/es\/#website\"},\"primaryImageOfPage\":{\"@id\":\"https:\/\/www.haegergroup.com\/es\/producto\/deshumidificador-digital-haeger-digi-desumi-10l-dia\/#primaryimage\"},\"image\":{\"@id\":\"https:\/\/www.haegergroup.com\/es\/producto\/deshumidificador-digital-haeger-digi-desumi-10l-dia\/#primaryimage\"},\"thumbnailUrl\":\"https:\/\/www.haegergroup.com\/wp-content\/uploads\/DE-D10.012A_1-1.jpg\",\"datePublished\":\"2023-10-25T10:29:38+00:00\",\"dateModified\":\"2023-10-25T10:29:39+00:00\",\"description\":\"Marca de Pequenos Eletrodom\u00e9sticos para a sua cozinha, cuidados pessoais, casa e climatiza\u00e7\u00e3o. A op\u00e7\u00e3o inteligente para a sua casa.\",\"breadcrumb\":{\"@id\":\"https:\/\/www.haegergroup.com\/es\/producto\/deshumidificador-digital-haeger-digi-desumi-10l-dia\/#breadcrumb\"},\"inLanguage\":\"es\",\"potentialAction\":[{\"@type\":\"ReadAction\",\"target\":[\"https:\/\/www.haegergroup.com\/es\/producto\/deshumidificador-digital-haeger-digi-desumi-10l-dia\/\"]}]},{\"@type\":\"ImageObject\",\"inLanguage\":\"es\",\"@id\":\"https:\/\/www.haegergroup.com\/es\/producto\/deshumidificador-digital-haeger-digi-desumi-10l-dia\/#primaryimage\",\"url\":\"https:\/\/www.haegergroup.com\/wp-content\/uploads\/DE-D10.012A_1-1.jpg\",\"contentUrl\":\"https:\/\/www.haegergroup.com\/wp-content\/uploads\/DE-D10.012A_1-1.jpg\",\"width\":1200,\"height\":1200},{\"@type\":\"BreadcrumbList\",\"@id\":\"https:\/\/www.haegergroup.com\/es\/producto\/deshumidificador-digital-haeger-digi-desumi-10l-dia\/#breadcrumb\",\"itemListElement\":[{\"@type\":\"ListItem\",\"position\":1,\"name\":\"Portada\",\"item\":\"https:\/\/www.haegergroup.com\/es\/\"},{\"@type\":\"ListItem\",\"position\":2,\"name\":\"Productos\",\"item\":\"https:\/\/www.haegergroup.com\/es\/tienda\/\"},{\"@type\":\"ListItem\",\"position\":3,\"name\":\"Deshumidificador Digital HAEGER Digi Desumi &#8211; 10L\/d\u00eda\"}]},{\"@type\":\"WebSite\",\"@id\":\"https:\/\/www.haegergroup.com\/es\/#website\",\"url\":\"https:\/\/www.haegergroup.com\/es\/\",\"name\":\"H\u00c6GER Eletrodom\u00e9sticos\",\"description\":\"A escolha inteligente\",\"publisher\":{\"@id\":\"https:\/\/www.haegergroup.com\/es\/#organization\"},\"potentialAction\":[{\"@type\":\"SearchAction\",\"target\":{\"@type\":\"EntryPoint\",\"urlTemplate\":\"https:\/\/www.haegergroup.com\/es\/?s={search_term_string}\"},\"query-input\":{\"@type\":\"PropertyValueSpecification\",\"valueRequired\":true,\"valueName\":\"search_term_string\"}}],\"inLanguage\":\"es\"},{\"@type\":\"Organization\",\"@id\":\"https:\/\/www.haegergroup.com\/es\/#organization\",\"name\":\"Haeger Electrodom\u00e9sticos\",\"url\":\"https:\/\/www.haegergroup.com\/es\/\",\"logo\":{\"@type\":\"ImageObject\",\"inLanguage\":\"es\",\"@id\":\"https:\/\/www.haegergroup.com\/es\/#\/schema\/logo\/image\/\",\"url\":\"https:\/\/www.haegergroup.com\/wp-content\/uploads\/2018\/05\/logo-web-220.png\",\"contentUrl\":\"https:\/\/www.haegergroup.com\/wp-content\/uploads\/2018\/05\/logo-web-220.png\",\"width\":220,\"height\":49,\"caption\":\"Haeger Electrodom\u00e9sticos\"},\"image\":{\"@id\":\"https:\/\/www.haegergroup.com\/es\/#\/schema\/logo\/image\/\"}}]}<\/script>\n<!-- \/ Yoast SEO plugin. -->","yoast_head_json":{"title":"Deshumidificador Digital HAEGER Digi Desumi - 10L\/d\u00eda - H\u00c6GER Eletrodom\u00e9sticos","description":"Marca de Pequenos Eletrodom\u00e9sticos para a sua cozinha, cuidados pessoais, casa e climatiza\u00e7\u00e3o. A op\u00e7\u00e3o inteligente para a sua casa.","robots":{"index":"index","follow":"follow","max-snippet":"max-snippet:-1","max-image-preview":"max-image-preview:large","max-video-preview":"max-video-preview:-1"},"canonical":"https:\/\/www.haegergroup.com\/es\/producto\/deshumidificador-digital-haeger-digi-desumi-10l-dia\/","og_locale":"es_ES","og_type":"article","og_title":"Deshumidificador Digital HAEGER Digi Desumi - 10L\/d\u00eda - H\u00c6GER Eletrodom\u00e9sticos","og_description":"Marca de Pequenos Eletrodom\u00e9sticos para a sua cozinha, cuidados pessoais, casa e climatiza\u00e7\u00e3o. A op\u00e7\u00e3o inteligente para a sua casa.","og_url":"https:\/\/www.haegergroup.com\/es\/producto\/deshumidificador-digital-haeger-digi-desumi-10l-dia\/","og_site_name":"H\u00c6GER Eletrodom\u00e9sticos","article_modified_time":"2023-10-25T10:29:39+00:00","og_image":[{"width":1200,"height":1200,"url":"https:\/\/www.haegergroup.com\/wp-content\/uploads\/DE-D10.012A_1-1.jpg","type":"image\/jpeg"}],"twitter_card":"summary_large_image","twitter_misc":{"Tiempo de lectura":"1 minuto"},"schema":{"@context":"https:\/\/schema.org","@graph":[{"@type":"WebPage","@id":"https:\/\/www.haegergroup.com\/es\/producto\/deshumidificador-digital-haeger-digi-desumi-10l-dia\/","url":"https:\/\/www.haegergroup.com\/es\/producto\/deshumidificador-digital-haeger-digi-desumi-10l-dia\/","name":"Deshumidificador Digital HAEGER Digi Desumi - 10L\/d\u00eda - H\u00c6GER Eletrodom\u00e9sticos","isPartOf":{"@id":"https:\/\/www.haegergroup.com\/es\/#website"},"primaryImageOfPage":{"@id":"https:\/\/www.haegergroup.com\/es\/producto\/deshumidificador-digital-haeger-digi-desumi-10l-dia\/#primaryimage"},"image":{"@id":"https:\/\/www.haegergroup.com\/es\/producto\/deshumidificador-digital-haeger-digi-desumi-10l-dia\/#primaryimage"},"thumbnailUrl":"https:\/\/www.haegergroup.com\/wp-content\/uploads\/DE-D10.012A_1-1.jpg","datePublished":"2023-10-25T10:29:38+00:00","dateModified":"2023-10-25T10:29:39+00:00","description":"Marca de Pequenos Eletrodom\u00e9sticos para a sua cozinha, cuidados pessoais, casa e climatiza\u00e7\u00e3o. A op\u00e7\u00e3o inteligente para a sua casa.","breadcrumb":{"@id":"https:\/\/www.haegergroup.com\/es\/producto\/deshumidificador-digital-haeger-digi-desumi-10l-dia\/#breadcrumb"},"inLanguage":"es","potentialAction":[{"@type":"ReadAction","target":["https:\/\/www.haegergroup.com\/es\/producto\/deshumidificador-digital-haeger-digi-desumi-10l-dia\/"]}]},{"@type":"ImageObject","inLanguage":"es","@id":"https:\/\/www.haegergroup.com\/es\/producto\/deshumidificador-digital-haeger-digi-desumi-10l-dia\/#primaryimage","url":"https:\/\/www.haegergroup.com\/wp-content\/uploads\/DE-D10.012A_1-1.jpg","contentUrl":"https:\/\/www.haegergroup.com\/wp-content\/uploads\/DE-D10.012A_1-1.jpg","width":1200,"height":1200},{"@type":"BreadcrumbList","@id":"https:\/\/www.haegergroup.com\/es\/producto\/deshumidificador-digital-haeger-digi-desumi-10l-dia\/#breadcrumb","itemListElement":[{"@type":"ListItem","position":1,"name":"Portada","item":"https:\/\/www.haegergroup.com\/es\/"},{"@type":"ListItem","position":2,"name":"Productos","item":"https:\/\/www.haegergroup.com\/es\/tienda\/"},{"@type":"ListItem","position":3,"name":"Deshumidificador Digital HAEGER Digi Desumi &#8211; 10L\/d\u00eda"}]},{"@type":"WebSite","@id":"https:\/\/www.haegergroup.com\/es\/#website","url":"https:\/\/www.haegergroup.com\/es\/","name":"H\u00c6GER Eletrodom\u00e9sticos","description":"A escolha inteligente","publisher":{"@id":"https:\/\/www.haegergroup.com\/es\/#organization"},"potentialAction":[{"@type":"SearchAction","target":{"@type":"EntryPoint","urlTemplate":"https:\/\/www.haegergroup.com\/es\/?s={search_term_string}"},"query-input":{"@type":"PropertyValueSpecification","valueRequired":true,"valueName":"search_term_string"}}],"inLanguage":"es"},{"@type":"Organization","@id":"https:\/\/www.haegergroup.com\/es\/#organization","name":"Haeger Electrodom\u00e9sticos","url":"https:\/\/www.haegergroup.com\/es\/","logo":{"@type":"ImageObject","inLanguage":"es","@id":"https:\/\/www.haegergroup.com\/es\/#\/schema\/logo\/image\/","url":"https:\/\/www.haegergroup.com\/wp-content\/uploads\/2018\/05\/logo-web-220.png","contentUrl":"https:\/\/www.haegergroup.com\/wp-content\/uploads\/2018\/05\/logo-web-220.png","width":220,"height":49,"caption":"Haeger Electrodom\u00e9sticos"},"image":{"@id":"https:\/\/www.haegergroup.com\/es\/#\/schema\/logo\/image\/"}}]}},"_links":{"self":[{"href":"https:\/\/www.haegergroup.com\/es\/wp-json\/wp\/v2\/product\/35007","targetHints":{"allow":["GET"]}}],"collection":[{"href":"https:\/\/www.haegergroup.com\/es\/wp-json\/wp\/v2\/product"}],"about":[{"href":"https:\/\/www.haegergroup.com\/es\/wp-json\/wp\/v2\/types\/product"}],"wp:featuredmedia":[{"embeddable":true,"href":"https:\/\/www.haegergroup.com\/es\/wp-json\/wp\/v2\/media\/35004"}],"wp:attachment":[{"href":"https:\/\/www.haegergroup.com\/es\/wp-json\/wp\/v2\/media?parent=35007"}],"wp:term":[{"taxonomy":"product_cat","embeddable":true,"href":"https:\/\/www.haegergroup.com\/es\/wp-json\/wp\/v2\/product_cat?post=35007"},{"taxonomy":"product_tag","embeddable":true,"href":"https:\/\/www.haegergroup.com\/es\/wp-json\/wp\/v2\/product_tag?post=35007"}],"curies":[{"name":"wp","href":"https:\/\/api.w.org\/{rel}","templated":true}]}}