{"id":34964,"date":"2023-10-23T17:44:39","date_gmt":"2023-10-23T16:59:00","guid":{"rendered":"https:\/\/www.haegergroup.com\/?post_type=product&#038;p=34964"},"modified":"2023-10-23T18:04:25","modified_gmt":"2023-10-23T17:04:25","slug":"estufa-de-gas-haeger-ultra-warm-4200w","status":"publish","type":"product","link":"https:\/\/www.haegergroup.com\/es\/producto\/estufa-de-gas-haeger-ultra-warm-4200w\/","title":{"rendered":"Estufa de Gas HAEGER Ultra Warm &#8211; 4200W"},"content":{"rendered":"<p>El calefactor de gas HAEGER Ultra Warm admite botellas de 15 kg de gas butano\/propano, temperatura regulable, potencia m\u00e1xima de 4200 W y elemento calefactor cer\u00e1mico para una mayor propagaci\u00f3n del calor.<\/p>\n<p>Perfecto para calentar eficazmente cualquier habitaci\u00f3n de su hogar, este calefactor de gas dispone de cuatro ruedas para facilitar su transporte y un consumo m\u00e1ximo de gas de 305 g\/h.Tambi\u00e9n cuenta con encendido Piezo autom\u00e1tico y paneles laterales plegables para facilitar su almacenamiento.<\/p>\n<p>Adem\u00e1s, este calefactor est\u00e1 equipado con 3 sistemas de seguridad: corte en caso de ca\u00edda o inclinaci\u00f3n, corte en caso de detecci\u00f3n de niveles bajos de ox\u00edgeno y corte de gas en caso de apagado de la llama.<\/p>\n<p>Recomendado para habitaciones de hasta 40m2.<\/p>\n","protected":false},"excerpt":{"rendered":"<h2>Estufa de gas de placa vitrocer\u00e1mica (Radiante) &#8211; Gas butano \/ propano<br \/>\nModelo: GH-42B.005A<\/h2>\n<ul>\n<li>Gas: Butano \/ Propano<\/li>\n<li>3 sistemas de seguridad:<\/li>\n<li>FFD &#8211; Dispositivo de seguridad en caso de apagado de la llama<\/li>\n<li>OSD &#8211; Dispositivo de seguridad en caso de detecci\u00f3n de bajo nivel de ox\u00edgeno<\/li>\n<li>TSD &#8211; Dispositivo de seguridad en caso de vuelco o ca\u00edda<\/li>\n<li>Plegable para guardarlo f\u00e1cilmente<\/li>\n<li>Elemento calefactor cer\u00e1mico para una mayor propagaci\u00f3n del calor<\/li>\n<li>3 niveles de calor: 1500W &#8211; 2900W &#8211; 4200W<\/li>\n<li>Encendido piezo autom\u00e1tico<\/li>\n<li>Ruedas de f\u00e1cil desplazamiento<\/li>\n<li>Superficie de calentamiento de hasta 40m2<\/li>\n<li>Potencia m\u00e1xima: 4200 vatios<\/li>\n<\/ul>\n","protected":false},"featured_media":34959,"template":"","meta":[],"product_cat":[146,148],"product_tag":[],"class_list":{"0":"post-34964","1":"product","2":"type-product","3":"status-publish","4":"has-post-thumbnail","6":"product_cat-climatizacion","7":"product_cat-calefaccion","9":"first","10":"instock","11":"shipping-taxable","12":"product-type-simple"},"yoast_head":"<!-- This site is optimized with the Yoast SEO plugin v24.1 - https:\/\/yoast.com\/wordpress\/plugins\/seo\/ -->\n<title>Estufa de Gas HAEGER Ultra Warm - 4200W - H\u00c6GER Eletrodom\u00e9sticos<\/title>\n<meta name=\"description\" content=\"Marca de Pequenos Eletrodom\u00e9sticos para a sua cozinha, cuidados pessoais, casa e climatiza\u00e7\u00e3o. A op\u00e7\u00e3o inteligente para a sua casa.\" \/>\n<meta name=\"robots\" content=\"index, follow, max-snippet:-1, max-image-preview:large, max-video-preview:-1\" \/>\n<link rel=\"canonical\" href=\"https:\/\/www.haegergroup.com\/es\/producto\/estufa-de-gas-haeger-ultra-warm-4200w\/\" \/>\n<meta property=\"og:locale\" content=\"es_ES\" \/>\n<meta property=\"og:type\" content=\"article\" \/>\n<meta property=\"og:title\" content=\"Estufa de Gas HAEGER Ultra Warm - 4200W - H\u00c6GER Eletrodom\u00e9sticos\" \/>\n<meta property=\"og:description\" content=\"Marca de Pequenos Eletrodom\u00e9sticos para a sua cozinha, cuidados pessoais, casa e climatiza\u00e7\u00e3o. A op\u00e7\u00e3o inteligente para a sua casa.\" \/>\n<meta property=\"og:url\" content=\"https:\/\/www.haegergroup.com\/es\/producto\/estufa-de-gas-haeger-ultra-warm-4200w\/\" \/>\n<meta property=\"og:site_name\" content=\"H\u00c6GER Eletrodom\u00e9sticos\" \/>\n<meta property=\"article:modified_time\" content=\"2023-10-23T17:04:25+00:00\" \/>\n<meta property=\"og:image\" content=\"https:\/\/www.haegergroup.com\/wp-content\/uploads\/GH-42B.005A_1-2.jpg\" \/>\n\t<meta property=\"og:image:width\" content=\"1200\" \/>\n\t<meta property=\"og:image:height\" content=\"1200\" \/>\n\t<meta property=\"og:image:type\" content=\"image\/jpeg\" \/>\n<meta name=\"twitter:card\" content=\"summary_large_image\" \/>\n<meta name=\"twitter:label1\" content=\"Tiempo de lectura\" \/>\n\t<meta name=\"twitter:data1\" content=\"1 minuto\" \/>\n<script type=\"application\/ld+json\" class=\"yoast-schema-graph\">{\"@context\":\"https:\/\/schema.org\",\"@graph\":[{\"@type\":\"WebPage\",\"@id\":\"https:\/\/www.haegergroup.com\/es\/producto\/estufa-de-gas-haeger-ultra-warm-4200w\/\",\"url\":\"https:\/\/www.haegergroup.com\/es\/producto\/estufa-de-gas-haeger-ultra-warm-4200w\/\",\"name\":\"Estufa de Gas HAEGER Ultra Warm - 4200W - H\u00c6GER Eletrodom\u00e9sticos\",\"isPartOf\":{\"@id\":\"https:\/\/www.haegergroup.com\/es\/#website\"},\"primaryImageOfPage\":{\"@id\":\"https:\/\/www.haegergroup.com\/es\/producto\/estufa-de-gas-haeger-ultra-warm-4200w\/#primaryimage\"},\"image\":{\"@id\":\"https:\/\/www.haegergroup.com\/es\/producto\/estufa-de-gas-haeger-ultra-warm-4200w\/#primaryimage\"},\"thumbnailUrl\":\"https:\/\/www.haegergroup.com\/wp-content\/uploads\/GH-42B.005A_1-2.jpg\",\"datePublished\":\"2023-10-23T16:59:00+00:00\",\"dateModified\":\"2023-10-23T17:04:25+00:00\",\"description\":\"Marca de Pequenos Eletrodom\u00e9sticos para a sua cozinha, cuidados pessoais, casa e climatiza\u00e7\u00e3o. A op\u00e7\u00e3o inteligente para a sua casa.\",\"breadcrumb\":{\"@id\":\"https:\/\/www.haegergroup.com\/es\/producto\/estufa-de-gas-haeger-ultra-warm-4200w\/#breadcrumb\"},\"inLanguage\":\"es\",\"potentialAction\":[{\"@type\":\"ReadAction\",\"target\":[\"https:\/\/www.haegergroup.com\/es\/producto\/estufa-de-gas-haeger-ultra-warm-4200w\/\"]}]},{\"@type\":\"ImageObject\",\"inLanguage\":\"es\",\"@id\":\"https:\/\/www.haegergroup.com\/es\/producto\/estufa-de-gas-haeger-ultra-warm-4200w\/#primaryimage\",\"url\":\"https:\/\/www.haegergroup.com\/wp-content\/uploads\/GH-42B.005A_1-2.jpg\",\"contentUrl\":\"https:\/\/www.haegergroup.com\/wp-content\/uploads\/GH-42B.005A_1-2.jpg\",\"width\":1200,\"height\":1200},{\"@type\":\"BreadcrumbList\",\"@id\":\"https:\/\/www.haegergroup.com\/es\/producto\/estufa-de-gas-haeger-ultra-warm-4200w\/#breadcrumb\",\"itemListElement\":[{\"@type\":\"ListItem\",\"position\":1,\"name\":\"Portada\",\"item\":\"https:\/\/www.haegergroup.com\/es\/\"},{\"@type\":\"ListItem\",\"position\":2,\"name\":\"Productos\",\"item\":\"https:\/\/www.haegergroup.com\/es\/tienda\/\"},{\"@type\":\"ListItem\",\"position\":3,\"name\":\"Estufa de Gas HAEGER Ultra Warm &#8211; 4200W\"}]},{\"@type\":\"WebSite\",\"@id\":\"https:\/\/www.haegergroup.com\/es\/#website\",\"url\":\"https:\/\/www.haegergroup.com\/es\/\",\"name\":\"H\u00c6GER Eletrodom\u00e9sticos\",\"description\":\"A escolha inteligente\",\"publisher\":{\"@id\":\"https:\/\/www.haegergroup.com\/es\/#organization\"},\"potentialAction\":[{\"@type\":\"SearchAction\",\"target\":{\"@type\":\"EntryPoint\",\"urlTemplate\":\"https:\/\/www.haegergroup.com\/es\/?s={search_term_string}\"},\"query-input\":{\"@type\":\"PropertyValueSpecification\",\"valueRequired\":true,\"valueName\":\"search_term_string\"}}],\"inLanguage\":\"es\"},{\"@type\":\"Organization\",\"@id\":\"https:\/\/www.haegergroup.com\/es\/#organization\",\"name\":\"Haeger Electrodom\u00e9sticos\",\"url\":\"https:\/\/www.haegergroup.com\/es\/\",\"logo\":{\"@type\":\"ImageObject\",\"inLanguage\":\"es\",\"@id\":\"https:\/\/www.haegergroup.com\/es\/#\/schema\/logo\/image\/\",\"url\":\"https:\/\/www.haegergroup.com\/wp-content\/uploads\/2018\/05\/logo-web-220.png\",\"contentUrl\":\"https:\/\/www.haegergroup.com\/wp-content\/uploads\/2018\/05\/logo-web-220.png\",\"width\":220,\"height\":49,\"caption\":\"Haeger Electrodom\u00e9sticos\"},\"image\":{\"@id\":\"https:\/\/www.haegergroup.com\/es\/#\/schema\/logo\/image\/\"}}]}<\/script>\n<!-- \/ Yoast SEO plugin. -->","yoast_head_json":{"title":"Estufa de Gas HAEGER Ultra Warm - 4200W - H\u00c6GER Eletrodom\u00e9sticos","description":"Marca de Pequenos Eletrodom\u00e9sticos para a sua cozinha, cuidados pessoais, casa e climatiza\u00e7\u00e3o. A op\u00e7\u00e3o inteligente para a sua casa.","robots":{"index":"index","follow":"follow","max-snippet":"max-snippet:-1","max-image-preview":"max-image-preview:large","max-video-preview":"max-video-preview:-1"},"canonical":"https:\/\/www.haegergroup.com\/es\/producto\/estufa-de-gas-haeger-ultra-warm-4200w\/","og_locale":"es_ES","og_type":"article","og_title":"Estufa de Gas HAEGER Ultra Warm - 4200W - H\u00c6GER Eletrodom\u00e9sticos","og_description":"Marca de Pequenos Eletrodom\u00e9sticos para a sua cozinha, cuidados pessoais, casa e climatiza\u00e7\u00e3o. A op\u00e7\u00e3o inteligente para a sua casa.","og_url":"https:\/\/www.haegergroup.com\/es\/producto\/estufa-de-gas-haeger-ultra-warm-4200w\/","og_site_name":"H\u00c6GER Eletrodom\u00e9sticos","article_modified_time":"2023-10-23T17:04:25+00:00","og_image":[{"width":1200,"height":1200,"url":"https:\/\/www.haegergroup.com\/wp-content\/uploads\/GH-42B.005A_1-2.jpg","type":"image\/jpeg"}],"twitter_card":"summary_large_image","twitter_misc":{"Tiempo de lectura":"1 minuto"},"schema":{"@context":"https:\/\/schema.org","@graph":[{"@type":"WebPage","@id":"https:\/\/www.haegergroup.com\/es\/producto\/estufa-de-gas-haeger-ultra-warm-4200w\/","url":"https:\/\/www.haegergroup.com\/es\/producto\/estufa-de-gas-haeger-ultra-warm-4200w\/","name":"Estufa de Gas HAEGER Ultra Warm - 4200W - H\u00c6GER Eletrodom\u00e9sticos","isPartOf":{"@id":"https:\/\/www.haegergroup.com\/es\/#website"},"primaryImageOfPage":{"@id":"https:\/\/www.haegergroup.com\/es\/producto\/estufa-de-gas-haeger-ultra-warm-4200w\/#primaryimage"},"image":{"@id":"https:\/\/www.haegergroup.com\/es\/producto\/estufa-de-gas-haeger-ultra-warm-4200w\/#primaryimage"},"thumbnailUrl":"https:\/\/www.haegergroup.com\/wp-content\/uploads\/GH-42B.005A_1-2.jpg","datePublished":"2023-10-23T16:59:00+00:00","dateModified":"2023-10-23T17:04:25+00:00","description":"Marca de Pequenos Eletrodom\u00e9sticos para a sua cozinha, cuidados pessoais, casa e climatiza\u00e7\u00e3o. A op\u00e7\u00e3o inteligente para a sua casa.","breadcrumb":{"@id":"https:\/\/www.haegergroup.com\/es\/producto\/estufa-de-gas-haeger-ultra-warm-4200w\/#breadcrumb"},"inLanguage":"es","potentialAction":[{"@type":"ReadAction","target":["https:\/\/www.haegergroup.com\/es\/producto\/estufa-de-gas-haeger-ultra-warm-4200w\/"]}]},{"@type":"ImageObject","inLanguage":"es","@id":"https:\/\/www.haegergroup.com\/es\/producto\/estufa-de-gas-haeger-ultra-warm-4200w\/#primaryimage","url":"https:\/\/www.haegergroup.com\/wp-content\/uploads\/GH-42B.005A_1-2.jpg","contentUrl":"https:\/\/www.haegergroup.com\/wp-content\/uploads\/GH-42B.005A_1-2.jpg","width":1200,"height":1200},{"@type":"BreadcrumbList","@id":"https:\/\/www.haegergroup.com\/es\/producto\/estufa-de-gas-haeger-ultra-warm-4200w\/#breadcrumb","itemListElement":[{"@type":"ListItem","position":1,"name":"Portada","item":"https:\/\/www.haegergroup.com\/es\/"},{"@type":"ListItem","position":2,"name":"Productos","item":"https:\/\/www.haegergroup.com\/es\/tienda\/"},{"@type":"ListItem","position":3,"name":"Estufa de Gas HAEGER Ultra Warm &#8211; 4200W"}]},{"@type":"WebSite","@id":"https:\/\/www.haegergroup.com\/es\/#website","url":"https:\/\/www.haegergroup.com\/es\/","name":"H\u00c6GER Eletrodom\u00e9sticos","description":"A escolha inteligente","publisher":{"@id":"https:\/\/www.haegergroup.com\/es\/#organization"},"potentialAction":[{"@type":"SearchAction","target":{"@type":"EntryPoint","urlTemplate":"https:\/\/www.haegergroup.com\/es\/?s={search_term_string}"},"query-input":{"@type":"PropertyValueSpecification","valueRequired":true,"valueName":"search_term_string"}}],"inLanguage":"es"},{"@type":"Organization","@id":"https:\/\/www.haegergroup.com\/es\/#organization","name":"Haeger Electrodom\u00e9sticos","url":"https:\/\/www.haegergroup.com\/es\/","logo":{"@type":"ImageObject","inLanguage":"es","@id":"https:\/\/www.haegergroup.com\/es\/#\/schema\/logo\/image\/","url":"https:\/\/www.haegergroup.com\/wp-content\/uploads\/2018\/05\/logo-web-220.png","contentUrl":"https:\/\/www.haegergroup.com\/wp-content\/uploads\/2018\/05\/logo-web-220.png","width":220,"height":49,"caption":"Haeger Electrodom\u00e9sticos"},"image":{"@id":"https:\/\/www.haegergroup.com\/es\/#\/schema\/logo\/image\/"}}]}},"_links":{"self":[{"href":"https:\/\/www.haegergroup.com\/es\/wp-json\/wp\/v2\/product\/34964","targetHints":{"allow":["GET"]}}],"collection":[{"href":"https:\/\/www.haegergroup.com\/es\/wp-json\/wp\/v2\/product"}],"about":[{"href":"https:\/\/www.haegergroup.com\/es\/wp-json\/wp\/v2\/types\/product"}],"wp:featuredmedia":[{"embeddable":true,"href":"https:\/\/www.haegergroup.com\/es\/wp-json\/wp\/v2\/media\/34959"}],"wp:attachment":[{"href":"https:\/\/www.haegergroup.com\/es\/wp-json\/wp\/v2\/media?parent=34964"}],"wp:term":[{"taxonomy":"product_cat","embeddable":true,"href":"https:\/\/www.haegergroup.com\/es\/wp-json\/wp\/v2\/product_cat?post=34964"},{"taxonomy":"product_tag","embeddable":true,"href":"https:\/\/www.haegergroup.com\/es\/wp-json\/wp\/v2\/product_tag?post=34964"}],"curies":[{"name":"wp","href":"https:\/\/api.w.org\/{rel}","templated":true}]}}