{"id":34816,"date":"2023-09-18T11:26:19","date_gmt":"2023-09-18T13:52:45","guid":{"rendered":"https:\/\/www.haegergroup.com\/?post_type=product&#038;p=34816"},"modified":"2024-11-12T11:51:21","modified_gmt":"2024-11-12T11:51:21","slug":"lavavajillas-haeger-dw-w8p-003a-13-servicios-60-cm-clase-e-blanco","status":"publish","type":"product","link":"https:\/\/www.haegergroup.com\/es\/producto\/lavavajillas-haeger-dw-w8p-003a-13-servicios-60-cm-clase-e-blanco\/","title":{"rendered":"Lavavajillas HAEGER DW-W8P.003A &#8211; 13 Servicios, 60 cm, Clase E, Blanco"},"content":{"rendered":"<h2>Facilidad y eficiencia en cada ciclo<\/h2>\n<p>El lavavajillas DW-W8P.003A es un complemento esencial para hacer su d\u00eda a d\u00eda en la cocina m\u00e1s eficiente y c\u00f3modo. Este lavavajillas independiente destaca por su notable capacidad de lavado y su completa gama de funciones dise\u00f1adas para simplificar la tarea de lavar la vajilla.<\/p>\n<p><strong>Gran capacidad<\/strong><br \/>\nCuando se trata de cenas en familia o con amigos, este lavavajillas es la elecci\u00f3n ideal. Con espacio para 13 servicios, puede manejar f\u00e1cilmente grandes cantidades de vajilla. No vuelva a preocuparse por las pilas de vajilla sucia que ocupan espacio en su cocina.<\/p>\n<p><strong>Funciones de lavado adaptables<\/strong><br \/>\nEste lavavajillas ofrece un lavado adaptable con 8 programas diferentes que se adaptan a cualquier carga de vajilla. Desde un prelavado r\u00e1pido a 45\u00b0C hasta una limpieza profunda e higienizada, puedes elegir el ciclo que mejor se adapte a tus necesidades espec\u00edficas de limpieza, independientemente de la complejidad de la tarea.<br \/>\n&#8211; Prelavado a 45\u00b0C &#8211; 20min: Ideal para residuos ligeros o para preparar la vajilla para un ciclo completo.<br \/>\n&#8211; H\u00edbrido a 60\u00b0C &#8211; 105min: La combinaci\u00f3n ideal de temperatura y duraci\u00f3n para una limpieza eficaz y eficiente.<br \/>\n&#8211; Super a 60\u00b0C &#8211; 29min: Un ciclo r\u00e1pido para situaciones en las que el tiempo es esencial.<br \/>\n&#8211; Speed a 55\u00b0C &#8211; 60min: Adecuado para limpiar residuos de comida ligeramente pegajosos lo m\u00e1s r\u00e1pido posible.<br \/>\n&#8211; ECO a 50\u00b0C &#8211; 255min: Eficiencia energ\u00e9tica sin comprometer la calidad de la limpieza.<br \/>\n&#8211; Higiene a 70\u00b0C &#8211; 90min: Para una limpieza profunda y desinfectante.<br \/>\n&#8211; Cristal a 40\u00b0C &#8211; 135min: Cuidado especial para cristaler\u00eda y utensilios delicados.<br \/>\n&#8211; Intensivo a 65\u00b0C &#8211; 120min: Indicado para vajillas, sartenes y utensilios con suciedad m\u00e1s resistente.<\/p>\n<p><strong>Sistema de descalcificaci\u00f3n<\/strong><br \/>\nEl lavavajillas est\u00e1 equipado con una caracter\u00edstica destacable, el Sistema de Ablandamiento de Agua. Este sistema inteligente ablanda el agua que entra en la m\u00e1quina, lo que se traduce en importantes beneficios para la limpieza de su vajilla. Cuando el agua es dura, con altos niveles de minerales como calcio y magnesio, puede dejar dep\u00f3sitos minerales y manchas en su vajilla despu\u00e9s del lavado, lo que afecta negativamente a la apariencia y eficacia de la limpieza.<\/p>\n<p>Ventajas del sistema de descalcificaci\u00f3n<br \/>\n&#8211; Vajilla impecable<br \/>\n&#8211; Mejora del rendimiento de la limpieza<br \/>\n&#8211; Mayor vida \u00fatil de la m\u00e1quina<br \/>\n&#8211; Menor uso de detergente<\/p>\n<p><strong>Secado eficiente<\/strong><br \/>\nEl lavavajillas HAEGER elimina los molestos restos de agua y las irritantes manchas de sus utensilios favoritos. Gracias a su eficaz sistema de secado, esta m\u00e1quina garantiza que su vajilla salga completamente seca y lista para guardar. Ya no es necesario abrillantarlos a mano ni secarlos antes de guardarlos. Todos los platos, vasos y cubiertos salen listos para su uso inmediato, simplificando su rutina en la cocina.<\/p>\n<p><strong>Funcionamiento simplificado<\/strong><br \/>\nEl panel de control con pantalla LED negra es moderno e intuitivo para programar y controlar cada ciclo. La funci\u00f3n de Inicio Diferido permite programar la m\u00e1quina para que se ponga en marcha en el momento m\u00e1s conveniente, mientras que la funci\u00f3n de Cuidado de la M\u00e1quina se utiliza para limpiar el interior de la m\u00e1quina y eliminar los residuos de suciedad, olores y otras impurezas.<\/p>\n","protected":false},"excerpt":{"rendered":"<p><strong>Lavavajillas 13 servicios<\/strong><br \/>\n<strong>Modelo: DW-W8P.003A<\/strong><\/p>\n<ul>\n<li>Tipo: Libre instalaci\u00f3n<\/li>\n<li>Color: Blanco<\/li>\n<li>Capacidad: 13 servicios<\/li>\n<li>Clase de eficiencia energ\u00e9tica: E<\/li>\n<li>Posici\u00f3n del panel: Frontal<\/li>\n<li>8 programas de lavado:<\/li>\n<li>Prelavado 45\u00ba &#8211; 20min \/ H\u00edbrido 60\u00baC &#8211; 105min \/ Super 60\u00baC &#8211; 29min \/ R\u00e1pido 55\u00baC &#8211; 60min \/<\/li>\n<li>ECO 50\u00baC-255min \/ Higiene 70\u00baC &#8211; 90min \/ Cristal 40\u00baC &#8211; 135min \/ Intensivo 65\u00baC &#8211; 120min<\/li>\n<li>Pantalla LED negra<\/li>\n<li>Funciones: Cuidado de la m\u00e1quina \/ Arranque retardado \/ Funci\u00f3n anti-inundaci\u00f3n \/ Bloqueo para ni\u00f1os<\/li>\n<li>Sistema de secado de vajilla<\/li>\n<li>Temporizador: 1 &#8211; 24h<\/li>\n<li>Estante superior: Altura ajustable<\/li>\n<li>Nivel de ruido (dB): 49<\/li>\n<li>Potencia: 1920 vatios &#8211; 220-240V~ 50Hz<\/li>\n<li>Consumo de energ\u00eda del programa Eco: 0,934 kWh<\/li>\n<li>Consumo de agua en litros [por ciclo]: 13,5 litros<\/li>\n<li>N\u00famero de cestas: 2<\/li>\n<li>N\u00famero de brazos de lavado: 2<\/li>\n<li>Tapa superior extra\u00edble: S\u00ed<\/li>\n<li>Peso neto: 42 kg<\/li>\n<li>Dimensiones totales (Al x An x Pr): 85cm x 60cm x 60cm<\/li>\n<\/ul>\n","protected":false},"featured_media":34778,"template":"","meta":[],"product_cat":[772,168],"product_tag":[],"class_list":{"0":"post-34816","1":"product","2":"type-product","3":"status-publish","4":"has-post-thumbnail","6":"product_cat-lavavajillas","7":"product_cat-cocina","9":"first","10":"instock","11":"shipping-taxable","12":"product-type-simple"},"yoast_head":"<!-- This site is optimized with the Yoast SEO plugin v24.1 - https:\/\/yoast.com\/wordpress\/plugins\/seo\/ -->\n<title>Lavavajillas HAEGER DW-W8P.003A - 13 Servicios, 60 cm, Clase E, Blanco - H\u00c6GER Eletrodom\u00e9sticos<\/title>\n<meta name=\"description\" content=\"Marca de Pequenos Eletrodom\u00e9sticos para a sua cozinha, cuidados pessoais, casa e climatiza\u00e7\u00e3o. A op\u00e7\u00e3o inteligente para a sua casa.\" \/>\n<meta name=\"robots\" content=\"index, follow, max-snippet:-1, max-image-preview:large, max-video-preview:-1\" \/>\n<link rel=\"canonical\" href=\"https:\/\/www.haegergroup.com\/es\/producto\/lavavajillas-haeger-dw-w8p-003a-13-servicios-60-cm-clase-e-blanco\/\" \/>\n<meta property=\"og:locale\" content=\"es_ES\" \/>\n<meta property=\"og:type\" content=\"article\" \/>\n<meta property=\"og:title\" content=\"Lavavajillas HAEGER DW-W8P.003A - 13 Servicios, 60 cm, Clase E, Blanco - H\u00c6GER Eletrodom\u00e9sticos\" \/>\n<meta property=\"og:description\" content=\"Marca de Pequenos Eletrodom\u00e9sticos para a sua cozinha, cuidados pessoais, casa e climatiza\u00e7\u00e3o. A op\u00e7\u00e3o inteligente para a sua casa.\" \/>\n<meta property=\"og:url\" content=\"https:\/\/www.haegergroup.com\/es\/producto\/lavavajillas-haeger-dw-w8p-003a-13-servicios-60-cm-clase-e-blanco\/\" \/>\n<meta property=\"og:site_name\" content=\"H\u00c6GER Eletrodom\u00e9sticos\" \/>\n<meta property=\"article:modified_time\" content=\"2024-11-12T11:51:21+00:00\" \/>\n<meta property=\"og:image\" content=\"https:\/\/www.haegergroup.com\/wp-content\/uploads\/DW-W8P.001A_1-1.jpg\" \/>\n\t<meta property=\"og:image:width\" content=\"1200\" \/>\n\t<meta property=\"og:image:height\" content=\"1200\" \/>\n\t<meta property=\"og:image:type\" content=\"image\/jpeg\" \/>\n<meta name=\"twitter:card\" content=\"summary_large_image\" \/>\n<meta name=\"twitter:label1\" content=\"Tiempo de lectura\" \/>\n\t<meta name=\"twitter:data1\" content=\"3 minutos\" \/>\n<script type=\"application\/ld+json\" class=\"yoast-schema-graph\">{\"@context\":\"https:\/\/schema.org\",\"@graph\":[{\"@type\":\"WebPage\",\"@id\":\"https:\/\/www.haegergroup.com\/es\/producto\/lavavajillas-haeger-dw-w8p-003a-13-servicios-60-cm-clase-e-blanco\/\",\"url\":\"https:\/\/www.haegergroup.com\/es\/producto\/lavavajillas-haeger-dw-w8p-003a-13-servicios-60-cm-clase-e-blanco\/\",\"name\":\"Lavavajillas HAEGER DW-W8P.003A - 13 Servicios, 60 cm, Clase E, Blanco - H\u00c6GER Eletrodom\u00e9sticos\",\"isPartOf\":{\"@id\":\"https:\/\/www.haegergroup.com\/es\/#website\"},\"primaryImageOfPage\":{\"@id\":\"https:\/\/www.haegergroup.com\/es\/producto\/lavavajillas-haeger-dw-w8p-003a-13-servicios-60-cm-clase-e-blanco\/#primaryimage\"},\"image\":{\"@id\":\"https:\/\/www.haegergroup.com\/es\/producto\/lavavajillas-haeger-dw-w8p-003a-13-servicios-60-cm-clase-e-blanco\/#primaryimage\"},\"thumbnailUrl\":\"https:\/\/www.haegergroup.com\/wp-content\/uploads\/DW-W8P.001A_1-1.jpg\",\"datePublished\":\"2023-09-18T13:52:45+00:00\",\"dateModified\":\"2024-11-12T11:51:21+00:00\",\"description\":\"Marca de Pequenos Eletrodom\u00e9sticos para a sua cozinha, cuidados pessoais, casa e climatiza\u00e7\u00e3o. A op\u00e7\u00e3o inteligente para a sua casa.\",\"breadcrumb\":{\"@id\":\"https:\/\/www.haegergroup.com\/es\/producto\/lavavajillas-haeger-dw-w8p-003a-13-servicios-60-cm-clase-e-blanco\/#breadcrumb\"},\"inLanguage\":\"es\",\"potentialAction\":[{\"@type\":\"ReadAction\",\"target\":[\"https:\/\/www.haegergroup.com\/es\/producto\/lavavajillas-haeger-dw-w8p-003a-13-servicios-60-cm-clase-e-blanco\/\"]}]},{\"@type\":\"ImageObject\",\"inLanguage\":\"es\",\"@id\":\"https:\/\/www.haegergroup.com\/es\/producto\/lavavajillas-haeger-dw-w8p-003a-13-servicios-60-cm-clase-e-blanco\/#primaryimage\",\"url\":\"https:\/\/www.haegergroup.com\/wp-content\/uploads\/DW-W8P.001A_1-1.jpg\",\"contentUrl\":\"https:\/\/www.haegergroup.com\/wp-content\/uploads\/DW-W8P.001A_1-1.jpg\",\"width\":1200,\"height\":1200,\"caption\":\"M\u00e1quina de Lavar Loi\u00e7a HAEGER DW-W8P.001A\"},{\"@type\":\"BreadcrumbList\",\"@id\":\"https:\/\/www.haegergroup.com\/es\/producto\/lavavajillas-haeger-dw-w8p-003a-13-servicios-60-cm-clase-e-blanco\/#breadcrumb\",\"itemListElement\":[{\"@type\":\"ListItem\",\"position\":1,\"name\":\"Portada\",\"item\":\"https:\/\/www.haegergroup.com\/es\/\"},{\"@type\":\"ListItem\",\"position\":2,\"name\":\"Productos\",\"item\":\"https:\/\/www.haegergroup.com\/es\/tienda\/\"},{\"@type\":\"ListItem\",\"position\":3,\"name\":\"Lavavajillas HAEGER DW-W8P.003A &#8211; 13 Servicios, 60 cm, Clase E, Blanco\"}]},{\"@type\":\"WebSite\",\"@id\":\"https:\/\/www.haegergroup.com\/es\/#website\",\"url\":\"https:\/\/www.haegergroup.com\/es\/\",\"name\":\"H\u00c6GER Eletrodom\u00e9sticos\",\"description\":\"A escolha inteligente\",\"publisher\":{\"@id\":\"https:\/\/www.haegergroup.com\/es\/#organization\"},\"potentialAction\":[{\"@type\":\"SearchAction\",\"target\":{\"@type\":\"EntryPoint\",\"urlTemplate\":\"https:\/\/www.haegergroup.com\/es\/?s={search_term_string}\"},\"query-input\":{\"@type\":\"PropertyValueSpecification\",\"valueRequired\":true,\"valueName\":\"search_term_string\"}}],\"inLanguage\":\"es\"},{\"@type\":\"Organization\",\"@id\":\"https:\/\/www.haegergroup.com\/es\/#organization\",\"name\":\"Haeger Electrodom\u00e9sticos\",\"url\":\"https:\/\/www.haegergroup.com\/es\/\",\"logo\":{\"@type\":\"ImageObject\",\"inLanguage\":\"es\",\"@id\":\"https:\/\/www.haegergroup.com\/es\/#\/schema\/logo\/image\/\",\"url\":\"https:\/\/www.haegergroup.com\/wp-content\/uploads\/2018\/05\/logo-web-220.png\",\"contentUrl\":\"https:\/\/www.haegergroup.com\/wp-content\/uploads\/2018\/05\/logo-web-220.png\",\"width\":220,\"height\":49,\"caption\":\"Haeger Electrodom\u00e9sticos\"},\"image\":{\"@id\":\"https:\/\/www.haegergroup.com\/es\/#\/schema\/logo\/image\/\"}}]}<\/script>\n<!-- \/ Yoast SEO plugin. -->","yoast_head_json":{"title":"Lavavajillas HAEGER DW-W8P.003A - 13 Servicios, 60 cm, Clase E, Blanco - H\u00c6GER Eletrodom\u00e9sticos","description":"Marca de Pequenos Eletrodom\u00e9sticos para a sua cozinha, cuidados pessoais, casa e climatiza\u00e7\u00e3o. A op\u00e7\u00e3o inteligente para a sua casa.","robots":{"index":"index","follow":"follow","max-snippet":"max-snippet:-1","max-image-preview":"max-image-preview:large","max-video-preview":"max-video-preview:-1"},"canonical":"https:\/\/www.haegergroup.com\/es\/producto\/lavavajillas-haeger-dw-w8p-003a-13-servicios-60-cm-clase-e-blanco\/","og_locale":"es_ES","og_type":"article","og_title":"Lavavajillas HAEGER DW-W8P.003A - 13 Servicios, 60 cm, Clase E, Blanco - H\u00c6GER Eletrodom\u00e9sticos","og_description":"Marca de Pequenos Eletrodom\u00e9sticos para a sua cozinha, cuidados pessoais, casa e climatiza\u00e7\u00e3o. A op\u00e7\u00e3o inteligente para a sua casa.","og_url":"https:\/\/www.haegergroup.com\/es\/producto\/lavavajillas-haeger-dw-w8p-003a-13-servicios-60-cm-clase-e-blanco\/","og_site_name":"H\u00c6GER Eletrodom\u00e9sticos","article_modified_time":"2024-11-12T11:51:21+00:00","og_image":[{"width":1200,"height":1200,"url":"https:\/\/www.haegergroup.com\/wp-content\/uploads\/DW-W8P.001A_1-1.jpg","type":"image\/jpeg"}],"twitter_card":"summary_large_image","twitter_misc":{"Tiempo de lectura":"3 minutos"},"schema":{"@context":"https:\/\/schema.org","@graph":[{"@type":"WebPage","@id":"https:\/\/www.haegergroup.com\/es\/producto\/lavavajillas-haeger-dw-w8p-003a-13-servicios-60-cm-clase-e-blanco\/","url":"https:\/\/www.haegergroup.com\/es\/producto\/lavavajillas-haeger-dw-w8p-003a-13-servicios-60-cm-clase-e-blanco\/","name":"Lavavajillas HAEGER DW-W8P.003A - 13 Servicios, 60 cm, Clase E, Blanco - H\u00c6GER Eletrodom\u00e9sticos","isPartOf":{"@id":"https:\/\/www.haegergroup.com\/es\/#website"},"primaryImageOfPage":{"@id":"https:\/\/www.haegergroup.com\/es\/producto\/lavavajillas-haeger-dw-w8p-003a-13-servicios-60-cm-clase-e-blanco\/#primaryimage"},"image":{"@id":"https:\/\/www.haegergroup.com\/es\/producto\/lavavajillas-haeger-dw-w8p-003a-13-servicios-60-cm-clase-e-blanco\/#primaryimage"},"thumbnailUrl":"https:\/\/www.haegergroup.com\/wp-content\/uploads\/DW-W8P.001A_1-1.jpg","datePublished":"2023-09-18T13:52:45+00:00","dateModified":"2024-11-12T11:51:21+00:00","description":"Marca de Pequenos Eletrodom\u00e9sticos para a sua cozinha, cuidados pessoais, casa e climatiza\u00e7\u00e3o. A op\u00e7\u00e3o inteligente para a sua casa.","breadcrumb":{"@id":"https:\/\/www.haegergroup.com\/es\/producto\/lavavajillas-haeger-dw-w8p-003a-13-servicios-60-cm-clase-e-blanco\/#breadcrumb"},"inLanguage":"es","potentialAction":[{"@type":"ReadAction","target":["https:\/\/www.haegergroup.com\/es\/producto\/lavavajillas-haeger-dw-w8p-003a-13-servicios-60-cm-clase-e-blanco\/"]}]},{"@type":"ImageObject","inLanguage":"es","@id":"https:\/\/www.haegergroup.com\/es\/producto\/lavavajillas-haeger-dw-w8p-003a-13-servicios-60-cm-clase-e-blanco\/#primaryimage","url":"https:\/\/www.haegergroup.com\/wp-content\/uploads\/DW-W8P.001A_1-1.jpg","contentUrl":"https:\/\/www.haegergroup.com\/wp-content\/uploads\/DW-W8P.001A_1-1.jpg","width":1200,"height":1200,"caption":"M\u00e1quina de Lavar Loi\u00e7a HAEGER DW-W8P.001A"},{"@type":"BreadcrumbList","@id":"https:\/\/www.haegergroup.com\/es\/producto\/lavavajillas-haeger-dw-w8p-003a-13-servicios-60-cm-clase-e-blanco\/#breadcrumb","itemListElement":[{"@type":"ListItem","position":1,"name":"Portada","item":"https:\/\/www.haegergroup.com\/es\/"},{"@type":"ListItem","position":2,"name":"Productos","item":"https:\/\/www.haegergroup.com\/es\/tienda\/"},{"@type":"ListItem","position":3,"name":"Lavavajillas HAEGER DW-W8P.003A &#8211; 13 Servicios, 60 cm, Clase E, Blanco"}]},{"@type":"WebSite","@id":"https:\/\/www.haegergroup.com\/es\/#website","url":"https:\/\/www.haegergroup.com\/es\/","name":"H\u00c6GER Eletrodom\u00e9sticos","description":"A escolha inteligente","publisher":{"@id":"https:\/\/www.haegergroup.com\/es\/#organization"},"potentialAction":[{"@type":"SearchAction","target":{"@type":"EntryPoint","urlTemplate":"https:\/\/www.haegergroup.com\/es\/?s={search_term_string}"},"query-input":{"@type":"PropertyValueSpecification","valueRequired":true,"valueName":"search_term_string"}}],"inLanguage":"es"},{"@type":"Organization","@id":"https:\/\/www.haegergroup.com\/es\/#organization","name":"Haeger Electrodom\u00e9sticos","url":"https:\/\/www.haegergroup.com\/es\/","logo":{"@type":"ImageObject","inLanguage":"es","@id":"https:\/\/www.haegergroup.com\/es\/#\/schema\/logo\/image\/","url":"https:\/\/www.haegergroup.com\/wp-content\/uploads\/2018\/05\/logo-web-220.png","contentUrl":"https:\/\/www.haegergroup.com\/wp-content\/uploads\/2018\/05\/logo-web-220.png","width":220,"height":49,"caption":"Haeger Electrodom\u00e9sticos"},"image":{"@id":"https:\/\/www.haegergroup.com\/es\/#\/schema\/logo\/image\/"}}]}},"_links":{"self":[{"href":"https:\/\/www.haegergroup.com\/es\/wp-json\/wp\/v2\/product\/34816","targetHints":{"allow":["GET"]}}],"collection":[{"href":"https:\/\/www.haegergroup.com\/es\/wp-json\/wp\/v2\/product"}],"about":[{"href":"https:\/\/www.haegergroup.com\/es\/wp-json\/wp\/v2\/types\/product"}],"wp:featuredmedia":[{"embeddable":true,"href":"https:\/\/www.haegergroup.com\/es\/wp-json\/wp\/v2\/media\/34778"}],"wp:attachment":[{"href":"https:\/\/www.haegergroup.com\/es\/wp-json\/wp\/v2\/media?parent=34816"}],"wp:term":[{"taxonomy":"product_cat","embeddable":true,"href":"https:\/\/www.haegergroup.com\/es\/wp-json\/wp\/v2\/product_cat?post=34816"},{"taxonomy":"product_tag","embeddable":true,"href":"https:\/\/www.haegergroup.com\/es\/wp-json\/wp\/v2\/product_tag?post=34816"}],"curies":[{"name":"wp","href":"https:\/\/api.w.org\/{rel}","templated":true}]}}