{"id":34562,"date":"2023-05-05T14:49:21","date_gmt":"2023-05-05T13:49:21","guid":{"rendered":"https:\/\/www.haegergroup.com\/product\/set-de-fondue-grill-y-raclette-haeger-cool-dinner-apto-para-8-personas1400w\/"},"modified":"2023-07-24T18:30:08","modified_gmt":"2023-07-24T17:30:08","slug":"set-de-fondue-grill-y-raclette-haeger-cool-dinner-apto-para-8-personas1400w","status":"publish","type":"product","link":"https:\/\/www.haegergroup.com\/es\/producto\/set-de-fondue-grill-y-raclette-haeger-cool-dinner-apto-para-8-personas1400w\/","title":{"rendered":"Set de Fondue, Grill y Raclette HAEGER Cool Dinner &#8211; Apto para 8 Personas,1400W"},"content":{"rendered":"<p>\u00a1Con la Cool Dinner de HAEGER la diversi\u00f3n en la mesa est\u00e1 garantizada! Este aparato multifuncional es perfecto para reunir a familiares y amigos, permiti\u00e9ndole preparar fondue, grill y raclette con facilidad y practicidad. Con capacidad para hasta 8 personas, es la opci\u00f3n ideal para hacer las comidas a\u00fan m\u00e1s especiales.<\/p>\n<p><strong>\u00a1Fondue, Grill y Raclette en un solo aparato!<\/strong><br \/>\nCon la Cool Dinner de HAEGER, \u00a1tendr\u00e1 tres aparatos en uno! Con la capacidad de preparar fondue, grill y raclette, este aparato multifuncional es perfecto para hacer las comidas a\u00fan m\u00e1s sabrosas y divertidas.<\/p>\n<p><strong>Apto para hasta 8 personas<\/strong><br \/>\nCon capacidad para hasta 8 personas, es ideal para reunir a familiares y amigos alrededor de la mesa. Con \u00e9l, podr\u00e1 preparar deliciosas recetas de fondue, grill y raclette y compartir momentos inolvidables.<\/p>\n<p><strong>Control de temperatura variable y placa grill antiadherente<\/strong><br \/>\nLa Cena Fr\u00eda HAEGER est\u00e1 equipada con control de temperatura variable, lo que le permite ajustar la temperatura seg\u00fan sea necesario para cada receta. Adem\u00e1s, su placa de grill en material antiadherente garantiza practicidad en la cocci\u00f3n y facilidad en la limpieza.<\/p>\n<p><strong>Caracter\u00edsticas:<\/strong><br \/>\n&#8211; Apto para hasta 8 personas<br \/>\n&#8211; 8 pinchos y 8 raclettes<br \/>\n&#8211; Apto para queso, chocolate, aceite y caldo<br \/>\n&#8211; Bol, sartenes y placa de asar de material antiadherente<br \/>\n&#8211; Bol, sartenes y plancha aptos para lavavajillas<br \/>\n&#8211; Control de temperatura variable<br \/>\n&#8211; Dimensiones de la placa: 420 x 230 mm<br \/>\n&#8211; Potencia: 1400W<\/p>\n","protected":false},"excerpt":{"rendered":"<p><strong>Modelo: GR-FRG.016A<\/strong><\/p>\n<ul>\n<li>Apto para hasta 8 personas<\/li>\n<li>8 pinchos y 8 raclettes<\/li>\n<li>Apto para queso, chocolate, aceite y caldo<\/li>\n<li>Taz\u00f3n, sartenes y placa de grill de material antiadherente<\/li>\n<li>Bol, sartenes y plato aptos para lavavajillas<\/li>\n<li>Control de temperatura variable<\/li>\n<li>Dimensiones de la placa: 420 x 230 mm<\/li>\n<li>Potencia: 1400W<\/li>\n<\/ul>\n","protected":false},"featured_media":34556,"template":"","meta":[],"product_cat":[168,171],"product_tag":[],"class_list":{"0":"post-34562","1":"product","2":"type-product","3":"status-publish","4":"has-post-thumbnail","6":"product_cat-cocina","7":"product_cat-barbacoas","9":"first","10":"instock","11":"shipping-taxable","12":"product-type-simple"},"yoast_head":"<!-- This site is optimized with the Yoast SEO plugin v24.1 - https:\/\/yoast.com\/wordpress\/plugins\/seo\/ -->\n<title>Set de Fondue, Grill y Raclette HAEGER Cool Dinner - Apto para 8 Personas,1400W - H\u00c6GER Eletrodom\u00e9sticos<\/title>\n<meta name=\"description\" content=\"Marca de Pequenos Eletrodom\u00e9sticos para a sua cozinha, cuidados pessoais, casa e climatiza\u00e7\u00e3o. A op\u00e7\u00e3o inteligente para a sua casa.\" \/>\n<meta name=\"robots\" content=\"index, follow, max-snippet:-1, max-image-preview:large, max-video-preview:-1\" \/>\n<link rel=\"canonical\" href=\"https:\/\/www.haegergroup.com\/es\/producto\/set-de-fondue-grill-y-raclette-haeger-cool-dinner-apto-para-8-personas1400w\/\" \/>\n<meta property=\"og:locale\" content=\"es_ES\" \/>\n<meta property=\"og:type\" content=\"article\" \/>\n<meta property=\"og:title\" content=\"Set de Fondue, Grill y Raclette HAEGER Cool Dinner - Apto para 8 Personas,1400W - H\u00c6GER Eletrodom\u00e9sticos\" \/>\n<meta property=\"og:description\" content=\"Marca de Pequenos Eletrodom\u00e9sticos para a sua cozinha, cuidados pessoais, casa e climatiza\u00e7\u00e3o. A op\u00e7\u00e3o inteligente para a sua casa.\" \/>\n<meta property=\"og:url\" content=\"https:\/\/www.haegergroup.com\/es\/producto\/set-de-fondue-grill-y-raclette-haeger-cool-dinner-apto-para-8-personas1400w\/\" \/>\n<meta property=\"og:site_name\" content=\"H\u00c6GER Eletrodom\u00e9sticos\" \/>\n<meta property=\"article:modified_time\" content=\"2023-07-24T17:30:08+00:00\" \/>\n<meta property=\"og:image\" content=\"https:\/\/www.haegergroup.com\/wp-content\/uploads\/GR-FRG.016A_2-1.jpg\" \/>\n\t<meta property=\"og:image:width\" content=\"1200\" \/>\n\t<meta property=\"og:image:height\" content=\"1200\" \/>\n\t<meta property=\"og:image:type\" content=\"image\/jpeg\" \/>\n<meta name=\"twitter:card\" content=\"summary_large_image\" \/>\n<meta name=\"twitter:label1\" content=\"Tiempo de lectura\" \/>\n\t<meta name=\"twitter:data1\" content=\"1 minuto\" \/>\n<script type=\"application\/ld+json\" class=\"yoast-schema-graph\">{\"@context\":\"https:\/\/schema.org\",\"@graph\":[{\"@type\":\"WebPage\",\"@id\":\"https:\/\/www.haegergroup.com\/es\/producto\/set-de-fondue-grill-y-raclette-haeger-cool-dinner-apto-para-8-personas1400w\/\",\"url\":\"https:\/\/www.haegergroup.com\/es\/producto\/set-de-fondue-grill-y-raclette-haeger-cool-dinner-apto-para-8-personas1400w\/\",\"name\":\"Set de Fondue, Grill y Raclette HAEGER Cool Dinner - Apto para 8 Personas,1400W - H\u00c6GER Eletrodom\u00e9sticos\",\"isPartOf\":{\"@id\":\"https:\/\/www.haegergroup.com\/es\/#website\"},\"primaryImageOfPage\":{\"@id\":\"https:\/\/www.haegergroup.com\/es\/producto\/set-de-fondue-grill-y-raclette-haeger-cool-dinner-apto-para-8-personas1400w\/#primaryimage\"},\"image\":{\"@id\":\"https:\/\/www.haegergroup.com\/es\/producto\/set-de-fondue-grill-y-raclette-haeger-cool-dinner-apto-para-8-personas1400w\/#primaryimage\"},\"thumbnailUrl\":\"https:\/\/www.haegergroup.com\/wp-content\/uploads\/GR-FRG.016A_2-1.jpg\",\"datePublished\":\"2023-05-05T13:49:21+00:00\",\"dateModified\":\"2023-07-24T17:30:08+00:00\",\"description\":\"Marca de Pequenos Eletrodom\u00e9sticos para a sua cozinha, cuidados pessoais, casa e climatiza\u00e7\u00e3o. A op\u00e7\u00e3o inteligente para a sua casa.\",\"breadcrumb\":{\"@id\":\"https:\/\/www.haegergroup.com\/es\/producto\/set-de-fondue-grill-y-raclette-haeger-cool-dinner-apto-para-8-personas1400w\/#breadcrumb\"},\"inLanguage\":\"es\",\"potentialAction\":[{\"@type\":\"ReadAction\",\"target\":[\"https:\/\/www.haegergroup.com\/es\/producto\/set-de-fondue-grill-y-raclette-haeger-cool-dinner-apto-para-8-personas1400w\/\"]}]},{\"@type\":\"ImageObject\",\"inLanguage\":\"es\",\"@id\":\"https:\/\/www.haegergroup.com\/es\/producto\/set-de-fondue-grill-y-raclette-haeger-cool-dinner-apto-para-8-personas1400w\/#primaryimage\",\"url\":\"https:\/\/www.haegergroup.com\/wp-content\/uploads\/GR-FRG.016A_2-1.jpg\",\"contentUrl\":\"https:\/\/www.haegergroup.com\/wp-content\/uploads\/GR-FRG.016A_2-1.jpg\",\"width\":1200,\"height\":1200},{\"@type\":\"BreadcrumbList\",\"@id\":\"https:\/\/www.haegergroup.com\/es\/producto\/set-de-fondue-grill-y-raclette-haeger-cool-dinner-apto-para-8-personas1400w\/#breadcrumb\",\"itemListElement\":[{\"@type\":\"ListItem\",\"position\":1,\"name\":\"Portada\",\"item\":\"https:\/\/www.haegergroup.com\/es\/\"},{\"@type\":\"ListItem\",\"position\":2,\"name\":\"Productos\",\"item\":\"https:\/\/www.haegergroup.com\/es\/tienda\/\"},{\"@type\":\"ListItem\",\"position\":3,\"name\":\"Set de Fondue, Grill y Raclette HAEGER Cool Dinner &#8211; Apto para 8 Personas,1400W\"}]},{\"@type\":\"WebSite\",\"@id\":\"https:\/\/www.haegergroup.com\/es\/#website\",\"url\":\"https:\/\/www.haegergroup.com\/es\/\",\"name\":\"H\u00c6GER Eletrodom\u00e9sticos\",\"description\":\"A escolha inteligente\",\"publisher\":{\"@id\":\"https:\/\/www.haegergroup.com\/es\/#organization\"},\"potentialAction\":[{\"@type\":\"SearchAction\",\"target\":{\"@type\":\"EntryPoint\",\"urlTemplate\":\"https:\/\/www.haegergroup.com\/es\/?s={search_term_string}\"},\"query-input\":{\"@type\":\"PropertyValueSpecification\",\"valueRequired\":true,\"valueName\":\"search_term_string\"}}],\"inLanguage\":\"es\"},{\"@type\":\"Organization\",\"@id\":\"https:\/\/www.haegergroup.com\/es\/#organization\",\"name\":\"Haeger Electrodom\u00e9sticos\",\"url\":\"https:\/\/www.haegergroup.com\/es\/\",\"logo\":{\"@type\":\"ImageObject\",\"inLanguage\":\"es\",\"@id\":\"https:\/\/www.haegergroup.com\/es\/#\/schema\/logo\/image\/\",\"url\":\"https:\/\/www.haegergroup.com\/wp-content\/uploads\/2018\/05\/logo-web-220.png\",\"contentUrl\":\"https:\/\/www.haegergroup.com\/wp-content\/uploads\/2018\/05\/logo-web-220.png\",\"width\":220,\"height\":49,\"caption\":\"Haeger Electrodom\u00e9sticos\"},\"image\":{\"@id\":\"https:\/\/www.haegergroup.com\/es\/#\/schema\/logo\/image\/\"}}]}<\/script>\n<!-- \/ Yoast SEO plugin. -->","yoast_head_json":{"title":"Set de Fondue, Grill y Raclette HAEGER Cool Dinner - Apto para 8 Personas,1400W - H\u00c6GER Eletrodom\u00e9sticos","description":"Marca de Pequenos Eletrodom\u00e9sticos para a sua cozinha, cuidados pessoais, casa e climatiza\u00e7\u00e3o. A op\u00e7\u00e3o inteligente para a sua casa.","robots":{"index":"index","follow":"follow","max-snippet":"max-snippet:-1","max-image-preview":"max-image-preview:large","max-video-preview":"max-video-preview:-1"},"canonical":"https:\/\/www.haegergroup.com\/es\/producto\/set-de-fondue-grill-y-raclette-haeger-cool-dinner-apto-para-8-personas1400w\/","og_locale":"es_ES","og_type":"article","og_title":"Set de Fondue, Grill y Raclette HAEGER Cool Dinner - Apto para 8 Personas,1400W - H\u00c6GER Eletrodom\u00e9sticos","og_description":"Marca de Pequenos Eletrodom\u00e9sticos para a sua cozinha, cuidados pessoais, casa e climatiza\u00e7\u00e3o. A op\u00e7\u00e3o inteligente para a sua casa.","og_url":"https:\/\/www.haegergroup.com\/es\/producto\/set-de-fondue-grill-y-raclette-haeger-cool-dinner-apto-para-8-personas1400w\/","og_site_name":"H\u00c6GER Eletrodom\u00e9sticos","article_modified_time":"2023-07-24T17:30:08+00:00","og_image":[{"width":1200,"height":1200,"url":"https:\/\/www.haegergroup.com\/wp-content\/uploads\/GR-FRG.016A_2-1.jpg","type":"image\/jpeg"}],"twitter_card":"summary_large_image","twitter_misc":{"Tiempo de lectura":"1 minuto"},"schema":{"@context":"https:\/\/schema.org","@graph":[{"@type":"WebPage","@id":"https:\/\/www.haegergroup.com\/es\/producto\/set-de-fondue-grill-y-raclette-haeger-cool-dinner-apto-para-8-personas1400w\/","url":"https:\/\/www.haegergroup.com\/es\/producto\/set-de-fondue-grill-y-raclette-haeger-cool-dinner-apto-para-8-personas1400w\/","name":"Set de Fondue, Grill y Raclette HAEGER Cool Dinner - Apto para 8 Personas,1400W - H\u00c6GER Eletrodom\u00e9sticos","isPartOf":{"@id":"https:\/\/www.haegergroup.com\/es\/#website"},"primaryImageOfPage":{"@id":"https:\/\/www.haegergroup.com\/es\/producto\/set-de-fondue-grill-y-raclette-haeger-cool-dinner-apto-para-8-personas1400w\/#primaryimage"},"image":{"@id":"https:\/\/www.haegergroup.com\/es\/producto\/set-de-fondue-grill-y-raclette-haeger-cool-dinner-apto-para-8-personas1400w\/#primaryimage"},"thumbnailUrl":"https:\/\/www.haegergroup.com\/wp-content\/uploads\/GR-FRG.016A_2-1.jpg","datePublished":"2023-05-05T13:49:21+00:00","dateModified":"2023-07-24T17:30:08+00:00","description":"Marca de Pequenos Eletrodom\u00e9sticos para a sua cozinha, cuidados pessoais, casa e climatiza\u00e7\u00e3o. A op\u00e7\u00e3o inteligente para a sua casa.","breadcrumb":{"@id":"https:\/\/www.haegergroup.com\/es\/producto\/set-de-fondue-grill-y-raclette-haeger-cool-dinner-apto-para-8-personas1400w\/#breadcrumb"},"inLanguage":"es","potentialAction":[{"@type":"ReadAction","target":["https:\/\/www.haegergroup.com\/es\/producto\/set-de-fondue-grill-y-raclette-haeger-cool-dinner-apto-para-8-personas1400w\/"]}]},{"@type":"ImageObject","inLanguage":"es","@id":"https:\/\/www.haegergroup.com\/es\/producto\/set-de-fondue-grill-y-raclette-haeger-cool-dinner-apto-para-8-personas1400w\/#primaryimage","url":"https:\/\/www.haegergroup.com\/wp-content\/uploads\/GR-FRG.016A_2-1.jpg","contentUrl":"https:\/\/www.haegergroup.com\/wp-content\/uploads\/GR-FRG.016A_2-1.jpg","width":1200,"height":1200},{"@type":"BreadcrumbList","@id":"https:\/\/www.haegergroup.com\/es\/producto\/set-de-fondue-grill-y-raclette-haeger-cool-dinner-apto-para-8-personas1400w\/#breadcrumb","itemListElement":[{"@type":"ListItem","position":1,"name":"Portada","item":"https:\/\/www.haegergroup.com\/es\/"},{"@type":"ListItem","position":2,"name":"Productos","item":"https:\/\/www.haegergroup.com\/es\/tienda\/"},{"@type":"ListItem","position":3,"name":"Set de Fondue, Grill y Raclette HAEGER Cool Dinner &#8211; Apto para 8 Personas,1400W"}]},{"@type":"WebSite","@id":"https:\/\/www.haegergroup.com\/es\/#website","url":"https:\/\/www.haegergroup.com\/es\/","name":"H\u00c6GER Eletrodom\u00e9sticos","description":"A escolha inteligente","publisher":{"@id":"https:\/\/www.haegergroup.com\/es\/#organization"},"potentialAction":[{"@type":"SearchAction","target":{"@type":"EntryPoint","urlTemplate":"https:\/\/www.haegergroup.com\/es\/?s={search_term_string}"},"query-input":{"@type":"PropertyValueSpecification","valueRequired":true,"valueName":"search_term_string"}}],"inLanguage":"es"},{"@type":"Organization","@id":"https:\/\/www.haegergroup.com\/es\/#organization","name":"Haeger Electrodom\u00e9sticos","url":"https:\/\/www.haegergroup.com\/es\/","logo":{"@type":"ImageObject","inLanguage":"es","@id":"https:\/\/www.haegergroup.com\/es\/#\/schema\/logo\/image\/","url":"https:\/\/www.haegergroup.com\/wp-content\/uploads\/2018\/05\/logo-web-220.png","contentUrl":"https:\/\/www.haegergroup.com\/wp-content\/uploads\/2018\/05\/logo-web-220.png","width":220,"height":49,"caption":"Haeger Electrodom\u00e9sticos"},"image":{"@id":"https:\/\/www.haegergroup.com\/es\/#\/schema\/logo\/image\/"}}]}},"_links":{"self":[{"href":"https:\/\/www.haegergroup.com\/es\/wp-json\/wp\/v2\/product\/34562","targetHints":{"allow":["GET"]}}],"collection":[{"href":"https:\/\/www.haegergroup.com\/es\/wp-json\/wp\/v2\/product"}],"about":[{"href":"https:\/\/www.haegergroup.com\/es\/wp-json\/wp\/v2\/types\/product"}],"wp:featuredmedia":[{"embeddable":true,"href":"https:\/\/www.haegergroup.com\/es\/wp-json\/wp\/v2\/media\/34556"}],"wp:attachment":[{"href":"https:\/\/www.haegergroup.com\/es\/wp-json\/wp\/v2\/media?parent=34562"}],"wp:term":[{"taxonomy":"product_cat","embeddable":true,"href":"https:\/\/www.haegergroup.com\/es\/wp-json\/wp\/v2\/product_cat?post=34562"},{"taxonomy":"product_tag","embeddable":true,"href":"https:\/\/www.haegergroup.com\/es\/wp-json\/wp\/v2\/product_tag?post=34562"}],"curies":[{"name":"wp","href":"https:\/\/api.w.org\/{rel}","templated":true}]}}