{"id":34349,"date":"2023-03-30T10:16:36","date_gmt":"2023-03-30T09:16:36","guid":{"rendered":"https:\/\/www.haegergroup.com\/product\/rizador-de-pelo-haeger-golden-curls-ceramica-3-cilindros-100oc-a-220oc\/"},"modified":"2023-03-30T10:16:36","modified_gmt":"2023-03-30T09:16:36","slug":"rizador-de-pelo-haeger-golden-curls-ceramica-3-cilindros-100oc-a-220oc","status":"publish","type":"product","link":"https:\/\/www.haegergroup.com\/es\/producto\/rizador-de-pelo-haeger-golden-curls-ceramica-3-cilindros-100oc-a-220oc\/","title":{"rendered":"Rizador de Pelo HAEGER Golden Curls &#8211; Cer\u00e1mica, 3 Cilindros, 100\u00baC a 220\u00baC"},"content":{"rendered":"<p>Rizador con placas rizadoras de cer\u00e1mica dorada para un brillo extra y un cabello natural sin efecto de electricidad est\u00e1tica. Este rizador de pelo tiene un tiempo de calentamiento r\u00e1pido, temperatura m\u00e1xima de 220\u00b0C, uso seguro, desconexi\u00f3n autom\u00e1tica tras una hora sin uso. Mango giratorio 360\u00ba para un uso c\u00f3modo y sencillo. Puede utilizarse en todo tipo de cabellos sin preocupaci\u00f3n.<\/p>\n<p><strong>Caracter\u00edsticas t\u00e9cnicas<\/strong><\/p>\n<ul>\n<li>Placas rizadoras de cer\u00e1mica dorada para unos rizos sanos y brillantes<\/li>\n<li>Doble voltaje, apto para uso global<\/li>\n<li>Calentamiento r\u00e1pido de 100-220\u00b0C (PTC)<\/li>\n<li>Bot\u00f3n de encendido\/apagado<\/li>\n<li>Control manual de la temperatura y LED de funcionamiento<\/li>\n<li>Desconexi\u00f3n autom\u00e1tica tras 60 minutos<\/li>\n<li>Cable el\u00e9ctrico con rotaci\u00f3n de 360<\/li>\n<\/ul>\n","protected":false},"excerpt":{"rendered":"<p>Rizador de pelo con 3 rodillos cer\u00e1micos, calentamiento r\u00e1pido, apagado autom\u00e1tico, pantalla LED y temperatura 100-220 regulable.<\/p>\n","protected":false},"featured_media":34401,"template":"","meta":[],"product_cat":[184,192],"product_tag":[],"class_list":{"0":"post-34349","1":"product","2":"type-product","3":"status-publish","4":"has-post-thumbnail","6":"product_cat-cuidado-personal","7":"product_cat-rizador-de-pelo","9":"first","10":"instock","11":"shipping-taxable","12":"product-type-simple"},"yoast_head":"<!-- This site is optimized with the Yoast SEO plugin v24.1 - https:\/\/yoast.com\/wordpress\/plugins\/seo\/ -->\n<title>Rizador de Pelo HAEGER Golden Curls - Cer\u00e1mica, 3 Cilindros, 100\u00baC a 220\u00baC - H\u00c6GER Eletrodom\u00e9sticos<\/title>\n<meta name=\"description\" content=\"Marca de Pequenos Eletrodom\u00e9sticos para a sua cozinha, cuidados pessoais, casa e climatiza\u00e7\u00e3o. A op\u00e7\u00e3o inteligente para a sua casa.\" \/>\n<meta name=\"robots\" content=\"index, follow, max-snippet:-1, max-image-preview:large, max-video-preview:-1\" \/>\n<link rel=\"canonical\" href=\"https:\/\/www.haegergroup.com\/es\/producto\/rizador-de-pelo-haeger-golden-curls-ceramica-3-cilindros-100oc-a-220oc\/\" \/>\n<meta property=\"og:locale\" content=\"es_ES\" \/>\n<meta property=\"og:type\" content=\"article\" \/>\n<meta property=\"og:title\" content=\"Rizador de Pelo HAEGER Golden Curls - Cer\u00e1mica, 3 Cilindros, 100\u00baC a 220\u00baC - H\u00c6GER Eletrodom\u00e9sticos\" \/>\n<meta property=\"og:description\" content=\"Marca de Pequenos Eletrodom\u00e9sticos para a sua cozinha, cuidados pessoais, casa e climatiza\u00e7\u00e3o. A op\u00e7\u00e3o inteligente para a sua casa.\" \/>\n<meta property=\"og:url\" content=\"https:\/\/www.haegergroup.com\/es\/producto\/rizador-de-pelo-haeger-golden-curls-ceramica-3-cilindros-100oc-a-220oc\/\" \/>\n<meta property=\"og:site_name\" content=\"H\u00c6GER Eletrodom\u00e9sticos\" \/>\n<meta property=\"og:image\" content=\"https:\/\/www.haegergroup.com\/wp-content\/uploads\/HR-45B.002A_1-1.jpg\" \/>\n\t<meta property=\"og:image:width\" content=\"1600\" \/>\n\t<meta property=\"og:image:height\" content=\"1067\" \/>\n\t<meta property=\"og:image:type\" content=\"image\/jpeg\" \/>\n<meta name=\"twitter:card\" content=\"summary_large_image\" \/>\n<meta name=\"twitter:label1\" content=\"Tiempo de lectura\" \/>\n\t<meta name=\"twitter:data1\" content=\"1 minuto\" \/>\n<script type=\"application\/ld+json\" class=\"yoast-schema-graph\">{\"@context\":\"https:\/\/schema.org\",\"@graph\":[{\"@type\":\"WebPage\",\"@id\":\"https:\/\/www.haegergroup.com\/es\/producto\/rizador-de-pelo-haeger-golden-curls-ceramica-3-cilindros-100oc-a-220oc\/\",\"url\":\"https:\/\/www.haegergroup.com\/es\/producto\/rizador-de-pelo-haeger-golden-curls-ceramica-3-cilindros-100oc-a-220oc\/\",\"name\":\"Rizador de Pelo HAEGER Golden Curls - Cer\u00e1mica, 3 Cilindros, 100\u00baC a 220\u00baC - H\u00c6GER Eletrodom\u00e9sticos\",\"isPartOf\":{\"@id\":\"https:\/\/www.haegergroup.com\/es\/#website\"},\"primaryImageOfPage\":{\"@id\":\"https:\/\/www.haegergroup.com\/es\/producto\/rizador-de-pelo-haeger-golden-curls-ceramica-3-cilindros-100oc-a-220oc\/#primaryimage\"},\"image\":{\"@id\":\"https:\/\/www.haegergroup.com\/es\/producto\/rizador-de-pelo-haeger-golden-curls-ceramica-3-cilindros-100oc-a-220oc\/#primaryimage\"},\"thumbnailUrl\":\"https:\/\/www.haegergroup.com\/wp-content\/uploads\/HR-45B.002A_1-2.jpg\",\"datePublished\":\"2023-03-30T09:16:36+00:00\",\"dateModified\":\"2023-03-30T09:16:36+00:00\",\"description\":\"Marca de Pequenos Eletrodom\u00e9sticos para a sua cozinha, cuidados pessoais, casa e climatiza\u00e7\u00e3o. A op\u00e7\u00e3o inteligente para a sua casa.\",\"breadcrumb\":{\"@id\":\"https:\/\/www.haegergroup.com\/es\/producto\/rizador-de-pelo-haeger-golden-curls-ceramica-3-cilindros-100oc-a-220oc\/#breadcrumb\"},\"inLanguage\":\"es\",\"potentialAction\":[{\"@type\":\"ReadAction\",\"target\":[\"https:\/\/www.haegergroup.com\/es\/producto\/rizador-de-pelo-haeger-golden-curls-ceramica-3-cilindros-100oc-a-220oc\/\"]}]},{\"@type\":\"ImageObject\",\"inLanguage\":\"es\",\"@id\":\"https:\/\/www.haegergroup.com\/es\/producto\/rizador-de-pelo-haeger-golden-curls-ceramica-3-cilindros-100oc-a-220oc\/#primaryimage\",\"url\":\"https:\/\/www.haegergroup.com\/wp-content\/uploads\/HR-45B.002A_1-2.jpg\",\"contentUrl\":\"https:\/\/www.haegergroup.com\/wp-content\/uploads\/HR-45B.002A_1-2.jpg\",\"width\":1200,\"height\":1200},{\"@type\":\"BreadcrumbList\",\"@id\":\"https:\/\/www.haegergroup.com\/es\/producto\/rizador-de-pelo-haeger-golden-curls-ceramica-3-cilindros-100oc-a-220oc\/#breadcrumb\",\"itemListElement\":[{\"@type\":\"ListItem\",\"position\":1,\"name\":\"Portada\",\"item\":\"https:\/\/www.haegergroup.com\/es\/\"},{\"@type\":\"ListItem\",\"position\":2,\"name\":\"Productos\",\"item\":\"https:\/\/www.haegergroup.com\/es\/tienda\/\"},{\"@type\":\"ListItem\",\"position\":3,\"name\":\"Rizador de Pelo HAEGER Golden Curls &#8211; Cer\u00e1mica, 3 Cilindros, 100\u00baC a 220\u00baC\"}]},{\"@type\":\"WebSite\",\"@id\":\"https:\/\/www.haegergroup.com\/es\/#website\",\"url\":\"https:\/\/www.haegergroup.com\/es\/\",\"name\":\"H\u00c6GER Eletrodom\u00e9sticos\",\"description\":\"A escolha inteligente\",\"publisher\":{\"@id\":\"https:\/\/www.haegergroup.com\/es\/#organization\"},\"potentialAction\":[{\"@type\":\"SearchAction\",\"target\":{\"@type\":\"EntryPoint\",\"urlTemplate\":\"https:\/\/www.haegergroup.com\/es\/?s={search_term_string}\"},\"query-input\":{\"@type\":\"PropertyValueSpecification\",\"valueRequired\":true,\"valueName\":\"search_term_string\"}}],\"inLanguage\":\"es\"},{\"@type\":\"Organization\",\"@id\":\"https:\/\/www.haegergroup.com\/es\/#organization\",\"name\":\"Haeger Electrodom\u00e9sticos\",\"url\":\"https:\/\/www.haegergroup.com\/es\/\",\"logo\":{\"@type\":\"ImageObject\",\"inLanguage\":\"es\",\"@id\":\"https:\/\/www.haegergroup.com\/es\/#\/schema\/logo\/image\/\",\"url\":\"https:\/\/www.haegergroup.com\/wp-content\/uploads\/2018\/05\/logo-web-220.png\",\"contentUrl\":\"https:\/\/www.haegergroup.com\/wp-content\/uploads\/2018\/05\/logo-web-220.png\",\"width\":220,\"height\":49,\"caption\":\"Haeger Electrodom\u00e9sticos\"},\"image\":{\"@id\":\"https:\/\/www.haegergroup.com\/es\/#\/schema\/logo\/image\/\"}}]}<\/script>\n<!-- \/ Yoast SEO plugin. -->","yoast_head_json":{"title":"Rizador de Pelo HAEGER Golden Curls - Cer\u00e1mica, 3 Cilindros, 100\u00baC a 220\u00baC - H\u00c6GER Eletrodom\u00e9sticos","description":"Marca de Pequenos Eletrodom\u00e9sticos para a sua cozinha, cuidados pessoais, casa e climatiza\u00e7\u00e3o. A op\u00e7\u00e3o inteligente para a sua casa.","robots":{"index":"index","follow":"follow","max-snippet":"max-snippet:-1","max-image-preview":"max-image-preview:large","max-video-preview":"max-video-preview:-1"},"canonical":"https:\/\/www.haegergroup.com\/es\/producto\/rizador-de-pelo-haeger-golden-curls-ceramica-3-cilindros-100oc-a-220oc\/","og_locale":"es_ES","og_type":"article","og_title":"Rizador de Pelo HAEGER Golden Curls - Cer\u00e1mica, 3 Cilindros, 100\u00baC a 220\u00baC - H\u00c6GER Eletrodom\u00e9sticos","og_description":"Marca de Pequenos Eletrodom\u00e9sticos para a sua cozinha, cuidados pessoais, casa e climatiza\u00e7\u00e3o. A op\u00e7\u00e3o inteligente para a sua casa.","og_url":"https:\/\/www.haegergroup.com\/es\/producto\/rizador-de-pelo-haeger-golden-curls-ceramica-3-cilindros-100oc-a-220oc\/","og_site_name":"H\u00c6GER Eletrodom\u00e9sticos","og_image":[{"width":1600,"height":1067,"url":"https:\/\/www.haegergroup.com\/wp-content\/uploads\/HR-45B.002A_1-1.jpg","type":"image\/jpeg"}],"twitter_card":"summary_large_image","twitter_misc":{"Tiempo de lectura":"1 minuto"},"schema":{"@context":"https:\/\/schema.org","@graph":[{"@type":"WebPage","@id":"https:\/\/www.haegergroup.com\/es\/producto\/rizador-de-pelo-haeger-golden-curls-ceramica-3-cilindros-100oc-a-220oc\/","url":"https:\/\/www.haegergroup.com\/es\/producto\/rizador-de-pelo-haeger-golden-curls-ceramica-3-cilindros-100oc-a-220oc\/","name":"Rizador de Pelo HAEGER Golden Curls - Cer\u00e1mica, 3 Cilindros, 100\u00baC a 220\u00baC - H\u00c6GER Eletrodom\u00e9sticos","isPartOf":{"@id":"https:\/\/www.haegergroup.com\/es\/#website"},"primaryImageOfPage":{"@id":"https:\/\/www.haegergroup.com\/es\/producto\/rizador-de-pelo-haeger-golden-curls-ceramica-3-cilindros-100oc-a-220oc\/#primaryimage"},"image":{"@id":"https:\/\/www.haegergroup.com\/es\/producto\/rizador-de-pelo-haeger-golden-curls-ceramica-3-cilindros-100oc-a-220oc\/#primaryimage"},"thumbnailUrl":"https:\/\/www.haegergroup.com\/wp-content\/uploads\/HR-45B.002A_1-2.jpg","datePublished":"2023-03-30T09:16:36+00:00","dateModified":"2023-03-30T09:16:36+00:00","description":"Marca de Pequenos Eletrodom\u00e9sticos para a sua cozinha, cuidados pessoais, casa e climatiza\u00e7\u00e3o. A op\u00e7\u00e3o inteligente para a sua casa.","breadcrumb":{"@id":"https:\/\/www.haegergroup.com\/es\/producto\/rizador-de-pelo-haeger-golden-curls-ceramica-3-cilindros-100oc-a-220oc\/#breadcrumb"},"inLanguage":"es","potentialAction":[{"@type":"ReadAction","target":["https:\/\/www.haegergroup.com\/es\/producto\/rizador-de-pelo-haeger-golden-curls-ceramica-3-cilindros-100oc-a-220oc\/"]}]},{"@type":"ImageObject","inLanguage":"es","@id":"https:\/\/www.haegergroup.com\/es\/producto\/rizador-de-pelo-haeger-golden-curls-ceramica-3-cilindros-100oc-a-220oc\/#primaryimage","url":"https:\/\/www.haegergroup.com\/wp-content\/uploads\/HR-45B.002A_1-2.jpg","contentUrl":"https:\/\/www.haegergroup.com\/wp-content\/uploads\/HR-45B.002A_1-2.jpg","width":1200,"height":1200},{"@type":"BreadcrumbList","@id":"https:\/\/www.haegergroup.com\/es\/producto\/rizador-de-pelo-haeger-golden-curls-ceramica-3-cilindros-100oc-a-220oc\/#breadcrumb","itemListElement":[{"@type":"ListItem","position":1,"name":"Portada","item":"https:\/\/www.haegergroup.com\/es\/"},{"@type":"ListItem","position":2,"name":"Productos","item":"https:\/\/www.haegergroup.com\/es\/tienda\/"},{"@type":"ListItem","position":3,"name":"Rizador de Pelo HAEGER Golden Curls &#8211; Cer\u00e1mica, 3 Cilindros, 100\u00baC a 220\u00baC"}]},{"@type":"WebSite","@id":"https:\/\/www.haegergroup.com\/es\/#website","url":"https:\/\/www.haegergroup.com\/es\/","name":"H\u00c6GER Eletrodom\u00e9sticos","description":"A escolha inteligente","publisher":{"@id":"https:\/\/www.haegergroup.com\/es\/#organization"},"potentialAction":[{"@type":"SearchAction","target":{"@type":"EntryPoint","urlTemplate":"https:\/\/www.haegergroup.com\/es\/?s={search_term_string}"},"query-input":{"@type":"PropertyValueSpecification","valueRequired":true,"valueName":"search_term_string"}}],"inLanguage":"es"},{"@type":"Organization","@id":"https:\/\/www.haegergroup.com\/es\/#organization","name":"Haeger Electrodom\u00e9sticos","url":"https:\/\/www.haegergroup.com\/es\/","logo":{"@type":"ImageObject","inLanguage":"es","@id":"https:\/\/www.haegergroup.com\/es\/#\/schema\/logo\/image\/","url":"https:\/\/www.haegergroup.com\/wp-content\/uploads\/2018\/05\/logo-web-220.png","contentUrl":"https:\/\/www.haegergroup.com\/wp-content\/uploads\/2018\/05\/logo-web-220.png","width":220,"height":49,"caption":"Haeger Electrodom\u00e9sticos"},"image":{"@id":"https:\/\/www.haegergroup.com\/es\/#\/schema\/logo\/image\/"}}]}},"_links":{"self":[{"href":"https:\/\/www.haegergroup.com\/es\/wp-json\/wp\/v2\/product\/34349","targetHints":{"allow":["GET"]}}],"collection":[{"href":"https:\/\/www.haegergroup.com\/es\/wp-json\/wp\/v2\/product"}],"about":[{"href":"https:\/\/www.haegergroup.com\/es\/wp-json\/wp\/v2\/types\/product"}],"wp:featuredmedia":[{"embeddable":true,"href":"https:\/\/www.haegergroup.com\/es\/wp-json\/wp\/v2\/media\/34401"}],"wp:attachment":[{"href":"https:\/\/www.haegergroup.com\/es\/wp-json\/wp\/v2\/media?parent=34349"}],"wp:term":[{"taxonomy":"product_cat","embeddable":true,"href":"https:\/\/www.haegergroup.com\/es\/wp-json\/wp\/v2\/product_cat?post=34349"},{"taxonomy":"product_tag","embeddable":true,"href":"https:\/\/www.haegergroup.com\/es\/wp-json\/wp\/v2\/product_tag?post=34349"}],"curies":[{"name":"wp","href":"https:\/\/api.w.org\/{rel}","templated":true}]}}