{"id":34331,"date":"2023-03-30T10:09:09","date_gmt":"2023-03-30T09:09:09","guid":{"rendered":"https:\/\/www.haegergroup.com\/product\/plancha-de-pelo-haeger-steam-styler-pro-sistema-de-vapor-titanio-140oc-a-230oc\/"},"modified":"2023-03-30T10:09:09","modified_gmt":"2023-03-30T09:09:09","slug":"plancha-de-pelo-haeger-steam-styler-pro-sistema-de-vapor-titanio-140oc-a-230oc","status":"publish","type":"product","link":"https:\/\/www.haegergroup.com\/es\/producto\/plancha-de-pelo-haeger-steam-styler-pro-sistema-de-vapor-titanio-140oc-a-230oc\/","title":{"rendered":"Plancha de Pelo HAEGER Steam Styler Pro &#8211; Sistema de vapor, Titanio, 140\u00baC a 230\u00baC"},"content":{"rendered":"<p>La plancha de pelo HAEGER Steam Styler Pro utiliza placas de titanio con un sistema de vapor que permite un alisado que nutre e hidrata en una sola pasada. Adecuado para todo tipo de cabellos, ya sean finos, gruesos, ondulados, rizados o espesos.<\/p>\n<p>Las placas recubiertas de titanio distribuyen el calor de forma m\u00e1s uniforme y alcanzan altas temperaturas r\u00e1pidamente. El sistema de vapor te permite hidratar y proteger tu cabello mientras lo alisas, esta plancha deja tu pelo suave como la seda en pocas pasadas.<\/p>\n<p>La plancha cuenta con 6 ajustes de temperatura, de 140\u00baC a 230\u00baC, que garantizan excelentes resultados para todo tipo de cabello. La plancha se apaga autom\u00e1ticamente despu\u00e9s de 60 minutos de inactividad.<br \/>\nEl cable de alimentaci\u00f3n giratorio 360 grados ofrece una maniobrabilidad sin esfuerzo.<\/p>\n<p>El HAEGER Steam Styler Pro promete una experiencia \u00fanica de peinado en casa.<\/p>\n<p><strong>Caracter\u00edsticas t\u00e9cnicas<\/strong><\/p>\n<ul>\n<li>Plancha de pelo profesional con VAPOUR SYSTEM<\/li>\n<li>Placas alisadoras de TITANIO para un cabello sano y brillante<\/li>\n<li>Sistema de vapor para un alisado perfecto y profesional<\/li>\n<li>Dep\u00f3sito de agua incorporado<\/li>\n<li>Sistema de doble voltaje 220\/110, para llevarlo siempre encima<\/li>\n<li>Calentamiento r\u00e1pido 140-230\u00b0C (PTC)<\/li>\n<li>Desconexi\u00f3n autom\u00e1tica tras 60 minutos<\/li>\n<li>Interruptor ON\/OFF<\/li>\n<li>Control de temperatura con indicadores LED<\/li>\n<li>Cable el\u00e9ctrico de 2,5 m con rotaci\u00f3n de 360<\/li>\n<\/ul>\n","protected":false},"excerpt":{"rendered":"<p>Plancha de pelo con sistema de vapor, apta para todo tipo de cabellos. Tiene 6 niveles de temperatura, de 140\u00baC a 230\u00baC y placas de titanio para un cabello sano y brillante.<\/p>\n","protected":false},"featured_media":34320,"template":"","meta":[],"product_cat":[184,192],"product_tag":[],"class_list":{"0":"post-34331","1":"product","2":"type-product","3":"status-publish","4":"has-post-thumbnail","6":"product_cat-cuidado-personal","7":"product_cat-rizador-de-pelo","9":"first","10":"instock","11":"shipping-taxable","12":"product-type-simple"},"yoast_head":"<!-- This site is optimized with the Yoast SEO plugin v24.1 - https:\/\/yoast.com\/wordpress\/plugins\/seo\/ -->\n<title>Plancha de Pelo HAEGER Steam Styler Pro - Sistema de vapor, Titanio, 140\u00baC a 230\u00baC - H\u00c6GER Eletrodom\u00e9sticos<\/title>\n<meta name=\"description\" content=\"Marca de Pequenos Eletrodom\u00e9sticos para a sua cozinha, cuidados pessoais, casa e climatiza\u00e7\u00e3o. A op\u00e7\u00e3o inteligente para a sua casa.\" \/>\n<meta name=\"robots\" content=\"index, follow, max-snippet:-1, max-image-preview:large, max-video-preview:-1\" \/>\n<link rel=\"canonical\" href=\"https:\/\/www.haegergroup.com\/es\/producto\/plancha-de-pelo-haeger-steam-styler-pro-sistema-de-vapor-titanio-140oc-a-230oc\/\" \/>\n<meta property=\"og:locale\" content=\"es_ES\" \/>\n<meta property=\"og:type\" content=\"article\" \/>\n<meta property=\"og:title\" content=\"Plancha de Pelo HAEGER Steam Styler Pro - Sistema de vapor, Titanio, 140\u00baC a 230\u00baC - H\u00c6GER Eletrodom\u00e9sticos\" \/>\n<meta property=\"og:description\" content=\"Marca de Pequenos Eletrodom\u00e9sticos para a sua cozinha, cuidados pessoais, casa e climatiza\u00e7\u00e3o. A op\u00e7\u00e3o inteligente para a sua casa.\" \/>\n<meta property=\"og:url\" content=\"https:\/\/www.haegergroup.com\/es\/producto\/plancha-de-pelo-haeger-steam-styler-pro-sistema-de-vapor-titanio-140oc-a-230oc\/\" \/>\n<meta property=\"og:site_name\" content=\"H\u00c6GER Eletrodom\u00e9sticos\" \/>\n<meta property=\"og:image\" content=\"https:\/\/www.haegergroup.com\/wp-content\/uploads\/alisador-de-cabelo-haeger-steam-styler-pro-sistema-de-vapor-titanio-140c-a-230c.jpg\" \/>\n\t<meta property=\"og:image:width\" content=\"1200\" \/>\n\t<meta property=\"og:image:height\" content=\"1200\" \/>\n\t<meta property=\"og:image:type\" content=\"image\/jpeg\" \/>\n<meta name=\"twitter:card\" content=\"summary_large_image\" \/>\n<meta name=\"twitter:label1\" content=\"Tiempo de lectura\" \/>\n\t<meta name=\"twitter:data1\" content=\"1 minuto\" \/>\n<script type=\"application\/ld+json\" class=\"yoast-schema-graph\">{\"@context\":\"https:\/\/schema.org\",\"@graph\":[{\"@type\":\"WebPage\",\"@id\":\"https:\/\/www.haegergroup.com\/es\/producto\/plancha-de-pelo-haeger-steam-styler-pro-sistema-de-vapor-titanio-140oc-a-230oc\/\",\"url\":\"https:\/\/www.haegergroup.com\/es\/producto\/plancha-de-pelo-haeger-steam-styler-pro-sistema-de-vapor-titanio-140oc-a-230oc\/\",\"name\":\"Plancha de Pelo HAEGER Steam Styler Pro - Sistema de vapor, Titanio, 140\u00baC a 230\u00baC - H\u00c6GER Eletrodom\u00e9sticos\",\"isPartOf\":{\"@id\":\"https:\/\/www.haegergroup.com\/es\/#website\"},\"primaryImageOfPage\":{\"@id\":\"https:\/\/www.haegergroup.com\/es\/producto\/plancha-de-pelo-haeger-steam-styler-pro-sistema-de-vapor-titanio-140oc-a-230oc\/#primaryimage\"},\"image\":{\"@id\":\"https:\/\/www.haegergroup.com\/es\/producto\/plancha-de-pelo-haeger-steam-styler-pro-sistema-de-vapor-titanio-140oc-a-230oc\/#primaryimage\"},\"thumbnailUrl\":\"https:\/\/www.haegergroup.com\/wp-content\/uploads\/alisador-de-cabelo-haeger-steam-styler-pro-sistema-de-vapor-titanio-140c-a-230c.jpg\",\"datePublished\":\"2023-03-30T09:09:09+00:00\",\"dateModified\":\"2023-03-30T09:09:09+00:00\",\"description\":\"Marca de Pequenos Eletrodom\u00e9sticos para a sua cozinha, cuidados pessoais, casa e climatiza\u00e7\u00e3o. A op\u00e7\u00e3o inteligente para a sua casa.\",\"breadcrumb\":{\"@id\":\"https:\/\/www.haegergroup.com\/es\/producto\/plancha-de-pelo-haeger-steam-styler-pro-sistema-de-vapor-titanio-140oc-a-230oc\/#breadcrumb\"},\"inLanguage\":\"es\",\"potentialAction\":[{\"@type\":\"ReadAction\",\"target\":[\"https:\/\/www.haegergroup.com\/es\/producto\/plancha-de-pelo-haeger-steam-styler-pro-sistema-de-vapor-titanio-140oc-a-230oc\/\"]}]},{\"@type\":\"ImageObject\",\"inLanguage\":\"es\",\"@id\":\"https:\/\/www.haegergroup.com\/es\/producto\/plancha-de-pelo-haeger-steam-styler-pro-sistema-de-vapor-titanio-140oc-a-230oc\/#primaryimage\",\"url\":\"https:\/\/www.haegergroup.com\/wp-content\/uploads\/alisador-de-cabelo-haeger-steam-styler-pro-sistema-de-vapor-titanio-140c-a-230c.jpg\",\"contentUrl\":\"https:\/\/www.haegergroup.com\/wp-content\/uploads\/alisador-de-cabelo-haeger-steam-styler-pro-sistema-de-vapor-titanio-140c-a-230c.jpg\",\"width\":1200,\"height\":1200},{\"@type\":\"BreadcrumbList\",\"@id\":\"https:\/\/www.haegergroup.com\/es\/producto\/plancha-de-pelo-haeger-steam-styler-pro-sistema-de-vapor-titanio-140oc-a-230oc\/#breadcrumb\",\"itemListElement\":[{\"@type\":\"ListItem\",\"position\":1,\"name\":\"Portada\",\"item\":\"https:\/\/www.haegergroup.com\/es\/\"},{\"@type\":\"ListItem\",\"position\":2,\"name\":\"Productos\",\"item\":\"https:\/\/www.haegergroup.com\/es\/tienda\/\"},{\"@type\":\"ListItem\",\"position\":3,\"name\":\"Plancha de Pelo HAEGER Steam Styler Pro &#8211; Sistema de vapor, Titanio, 140\u00baC a 230\u00baC\"}]},{\"@type\":\"WebSite\",\"@id\":\"https:\/\/www.haegergroup.com\/es\/#website\",\"url\":\"https:\/\/www.haegergroup.com\/es\/\",\"name\":\"H\u00c6GER Eletrodom\u00e9sticos\",\"description\":\"A escolha inteligente\",\"publisher\":{\"@id\":\"https:\/\/www.haegergroup.com\/es\/#organization\"},\"potentialAction\":[{\"@type\":\"SearchAction\",\"target\":{\"@type\":\"EntryPoint\",\"urlTemplate\":\"https:\/\/www.haegergroup.com\/es\/?s={search_term_string}\"},\"query-input\":{\"@type\":\"PropertyValueSpecification\",\"valueRequired\":true,\"valueName\":\"search_term_string\"}}],\"inLanguage\":\"es\"},{\"@type\":\"Organization\",\"@id\":\"https:\/\/www.haegergroup.com\/es\/#organization\",\"name\":\"Haeger Electrodom\u00e9sticos\",\"url\":\"https:\/\/www.haegergroup.com\/es\/\",\"logo\":{\"@type\":\"ImageObject\",\"inLanguage\":\"es\",\"@id\":\"https:\/\/www.haegergroup.com\/es\/#\/schema\/logo\/image\/\",\"url\":\"https:\/\/www.haegergroup.com\/wp-content\/uploads\/2018\/05\/logo-web-220.png\",\"contentUrl\":\"https:\/\/www.haegergroup.com\/wp-content\/uploads\/2018\/05\/logo-web-220.png\",\"width\":220,\"height\":49,\"caption\":\"Haeger Electrodom\u00e9sticos\"},\"image\":{\"@id\":\"https:\/\/www.haegergroup.com\/es\/#\/schema\/logo\/image\/\"}}]}<\/script>\n<!-- \/ Yoast SEO plugin. -->","yoast_head_json":{"title":"Plancha de Pelo HAEGER Steam Styler Pro - Sistema de vapor, Titanio, 140\u00baC a 230\u00baC - H\u00c6GER Eletrodom\u00e9sticos","description":"Marca de Pequenos Eletrodom\u00e9sticos para a sua cozinha, cuidados pessoais, casa e climatiza\u00e7\u00e3o. A op\u00e7\u00e3o inteligente para a sua casa.","robots":{"index":"index","follow":"follow","max-snippet":"max-snippet:-1","max-image-preview":"max-image-preview:large","max-video-preview":"max-video-preview:-1"},"canonical":"https:\/\/www.haegergroup.com\/es\/producto\/plancha-de-pelo-haeger-steam-styler-pro-sistema-de-vapor-titanio-140oc-a-230oc\/","og_locale":"es_ES","og_type":"article","og_title":"Plancha de Pelo HAEGER Steam Styler Pro - Sistema de vapor, Titanio, 140\u00baC a 230\u00baC - H\u00c6GER Eletrodom\u00e9sticos","og_description":"Marca de Pequenos Eletrodom\u00e9sticos para a sua cozinha, cuidados pessoais, casa e climatiza\u00e7\u00e3o. A op\u00e7\u00e3o inteligente para a sua casa.","og_url":"https:\/\/www.haegergroup.com\/es\/producto\/plancha-de-pelo-haeger-steam-styler-pro-sistema-de-vapor-titanio-140oc-a-230oc\/","og_site_name":"H\u00c6GER Eletrodom\u00e9sticos","og_image":[{"width":1200,"height":1200,"url":"https:\/\/www.haegergroup.com\/wp-content\/uploads\/alisador-de-cabelo-haeger-steam-styler-pro-sistema-de-vapor-titanio-140c-a-230c.jpg","type":"image\/jpeg"}],"twitter_card":"summary_large_image","twitter_misc":{"Tiempo de lectura":"1 minuto"},"schema":{"@context":"https:\/\/schema.org","@graph":[{"@type":"WebPage","@id":"https:\/\/www.haegergroup.com\/es\/producto\/plancha-de-pelo-haeger-steam-styler-pro-sistema-de-vapor-titanio-140oc-a-230oc\/","url":"https:\/\/www.haegergroup.com\/es\/producto\/plancha-de-pelo-haeger-steam-styler-pro-sistema-de-vapor-titanio-140oc-a-230oc\/","name":"Plancha de Pelo HAEGER Steam Styler Pro - Sistema de vapor, Titanio, 140\u00baC a 230\u00baC - H\u00c6GER Eletrodom\u00e9sticos","isPartOf":{"@id":"https:\/\/www.haegergroup.com\/es\/#website"},"primaryImageOfPage":{"@id":"https:\/\/www.haegergroup.com\/es\/producto\/plancha-de-pelo-haeger-steam-styler-pro-sistema-de-vapor-titanio-140oc-a-230oc\/#primaryimage"},"image":{"@id":"https:\/\/www.haegergroup.com\/es\/producto\/plancha-de-pelo-haeger-steam-styler-pro-sistema-de-vapor-titanio-140oc-a-230oc\/#primaryimage"},"thumbnailUrl":"https:\/\/www.haegergroup.com\/wp-content\/uploads\/alisador-de-cabelo-haeger-steam-styler-pro-sistema-de-vapor-titanio-140c-a-230c.jpg","datePublished":"2023-03-30T09:09:09+00:00","dateModified":"2023-03-30T09:09:09+00:00","description":"Marca de Pequenos Eletrodom\u00e9sticos para a sua cozinha, cuidados pessoais, casa e climatiza\u00e7\u00e3o. A op\u00e7\u00e3o inteligente para a sua casa.","breadcrumb":{"@id":"https:\/\/www.haegergroup.com\/es\/producto\/plancha-de-pelo-haeger-steam-styler-pro-sistema-de-vapor-titanio-140oc-a-230oc\/#breadcrumb"},"inLanguage":"es","potentialAction":[{"@type":"ReadAction","target":["https:\/\/www.haegergroup.com\/es\/producto\/plancha-de-pelo-haeger-steam-styler-pro-sistema-de-vapor-titanio-140oc-a-230oc\/"]}]},{"@type":"ImageObject","inLanguage":"es","@id":"https:\/\/www.haegergroup.com\/es\/producto\/plancha-de-pelo-haeger-steam-styler-pro-sistema-de-vapor-titanio-140oc-a-230oc\/#primaryimage","url":"https:\/\/www.haegergroup.com\/wp-content\/uploads\/alisador-de-cabelo-haeger-steam-styler-pro-sistema-de-vapor-titanio-140c-a-230c.jpg","contentUrl":"https:\/\/www.haegergroup.com\/wp-content\/uploads\/alisador-de-cabelo-haeger-steam-styler-pro-sistema-de-vapor-titanio-140c-a-230c.jpg","width":1200,"height":1200},{"@type":"BreadcrumbList","@id":"https:\/\/www.haegergroup.com\/es\/producto\/plancha-de-pelo-haeger-steam-styler-pro-sistema-de-vapor-titanio-140oc-a-230oc\/#breadcrumb","itemListElement":[{"@type":"ListItem","position":1,"name":"Portada","item":"https:\/\/www.haegergroup.com\/es\/"},{"@type":"ListItem","position":2,"name":"Productos","item":"https:\/\/www.haegergroup.com\/es\/tienda\/"},{"@type":"ListItem","position":3,"name":"Plancha de Pelo HAEGER Steam Styler Pro &#8211; Sistema de vapor, Titanio, 140\u00baC a 230\u00baC"}]},{"@type":"WebSite","@id":"https:\/\/www.haegergroup.com\/es\/#website","url":"https:\/\/www.haegergroup.com\/es\/","name":"H\u00c6GER Eletrodom\u00e9sticos","description":"A escolha inteligente","publisher":{"@id":"https:\/\/www.haegergroup.com\/es\/#organization"},"potentialAction":[{"@type":"SearchAction","target":{"@type":"EntryPoint","urlTemplate":"https:\/\/www.haegergroup.com\/es\/?s={search_term_string}"},"query-input":{"@type":"PropertyValueSpecification","valueRequired":true,"valueName":"search_term_string"}}],"inLanguage":"es"},{"@type":"Organization","@id":"https:\/\/www.haegergroup.com\/es\/#organization","name":"Haeger Electrodom\u00e9sticos","url":"https:\/\/www.haegergroup.com\/es\/","logo":{"@type":"ImageObject","inLanguage":"es","@id":"https:\/\/www.haegergroup.com\/es\/#\/schema\/logo\/image\/","url":"https:\/\/www.haegergroup.com\/wp-content\/uploads\/2018\/05\/logo-web-220.png","contentUrl":"https:\/\/www.haegergroup.com\/wp-content\/uploads\/2018\/05\/logo-web-220.png","width":220,"height":49,"caption":"Haeger Electrodom\u00e9sticos"},"image":{"@id":"https:\/\/www.haegergroup.com\/es\/#\/schema\/logo\/image\/"}}]}},"_links":{"self":[{"href":"https:\/\/www.haegergroup.com\/es\/wp-json\/wp\/v2\/product\/34331","targetHints":{"allow":["GET"]}}],"collection":[{"href":"https:\/\/www.haegergroup.com\/es\/wp-json\/wp\/v2\/product"}],"about":[{"href":"https:\/\/www.haegergroup.com\/es\/wp-json\/wp\/v2\/types\/product"}],"wp:featuredmedia":[{"embeddable":true,"href":"https:\/\/www.haegergroup.com\/es\/wp-json\/wp\/v2\/media\/34320"}],"wp:attachment":[{"href":"https:\/\/www.haegergroup.com\/es\/wp-json\/wp\/v2\/media?parent=34331"}],"wp:term":[{"taxonomy":"product_cat","embeddable":true,"href":"https:\/\/www.haegergroup.com\/es\/wp-json\/wp\/v2\/product_cat?post=34331"},{"taxonomy":"product_tag","embeddable":true,"href":"https:\/\/www.haegergroup.com\/es\/wp-json\/wp\/v2\/product_tag?post=34331"}],"curies":[{"name":"wp","href":"https:\/\/api.w.org\/{rel}","templated":true}]}}