{"id":34270,"date":"2023-03-27T11:26:35","date_gmt":"2023-03-27T10:26:35","guid":{"rendered":"https:\/\/www.haegergroup.com\/product\/arcon-congelador-haeger-300-chest-380l-clase-e\/"},"modified":"2023-03-27T12:07:23","modified_gmt":"2023-03-27T11:07:23","slug":"arcon-congelador-haeger-400-chest-380l-clase-e","status":"publish","type":"product","link":"https:\/\/www.haegergroup.com\/es\/producto\/arcon-congelador-haeger-400-chest-380l-clase-e\/","title":{"rendered":"Arc\u00f3n Congelador HAEGER 400 Chest &#8211; 380L, Clase E"},"content":{"rendered":"<p>El congelador horizontal HAEGER 400 Chest es el aparato ideal para quien busca calidad y eficiencia. Con 380 litros de capacidad total, este congelador tiene espacio suficiente para almacenar todos sus alimentos. La funci\u00f3n de congelaci\u00f3n r\u00e1pida le permite congelar grandes cantidades de alimentos r\u00e1pidamente, clase de eficiencia energ\u00e9tica E y consume 250 kWh\/a\u00f1o de energ\u00eda. Con un dise\u00f1o moderno y funcional, es perfecto para cualquier ambiente, ya sea en casa o en establecimientos comerciales.<\/p>\n<p>Caracter\u00edsticas<\/p>\n<ul>\n<li>Clase de eficiencia energ\u00e9tica &#8211; E<\/li>\n<li>Consumo Anual de Energ\u00eda &#8211; 250 kWh\/a\u00f1o<\/li>\n<li>Volumen Bruto Total &#8211; 380 L<\/li>\n<li>Volumen \u00fatil total &#8211; 371 L<\/li>\n<li>Tiempo de aumento de temperatura &#8211; 36h<\/li>\n<li>Potencia de congelaci\u00f3n &#8211; 18 kg\/24h<\/li>\n<li>Funci\u00f3n de congelaci\u00f3n r\u00e1pida<\/li>\n<li>Clase clim\u00e1tica &#8211; SN-ST<\/li>\n<li>Nivel de ruido &#8211; 40 dB(A)- Peso &#8211; 43 kg<\/li>\n<li>Dimensiones (AnxAlxPr) &#8211; 1300 x 700 x 845 mm<\/li>\n<\/ul>\n","protected":false},"excerpt":{"rendered":"<p>Congelador horizontal con 380 litros de capacidad total, clase energ\u00e9tica E y congelaci\u00f3n r\u00e1pida. Ideal para quien busca eficiencia y practicidad.<\/p>\n","protected":false},"featured_media":34268,"template":"","meta":[],"product_cat":[197,200],"product_tag":[],"class_list":{"0":"post-34270","1":"product","2":"type-product","3":"status-publish","4":"has-post-thumbnail","6":"product_cat-frio","7":"product_cat-congeladores","9":"first","10":"instock","11":"shipping-taxable","12":"product-type-simple"},"yoast_head":"<!-- This site is optimized with the Yoast SEO plugin v24.1 - https:\/\/yoast.com\/wordpress\/plugins\/seo\/ -->\n<title>Arc\u00f3n Congelador HAEGER 400 Chest - 380L, Clase E - H\u00c6GER Eletrodom\u00e9sticos<\/title>\n<meta name=\"description\" content=\"Marca de Pequenos Eletrodom\u00e9sticos para a sua cozinha, cuidados pessoais, casa e climatiza\u00e7\u00e3o. A op\u00e7\u00e3o inteligente para a sua casa.\" \/>\n<meta name=\"robots\" content=\"index, follow, max-snippet:-1, max-image-preview:large, max-video-preview:-1\" \/>\n<link rel=\"canonical\" href=\"https:\/\/www.haegergroup.com\/es\/producto\/arcon-congelador-haeger-400-chest-380l-clase-e\/\" \/>\n<meta property=\"og:locale\" content=\"es_ES\" \/>\n<meta property=\"og:type\" content=\"article\" \/>\n<meta property=\"og:title\" content=\"Arc\u00f3n Congelador HAEGER 400 Chest - 380L, Clase E - H\u00c6GER Eletrodom\u00e9sticos\" \/>\n<meta property=\"og:description\" content=\"Marca de Pequenos Eletrodom\u00e9sticos para a sua cozinha, cuidados pessoais, casa e climatiza\u00e7\u00e3o. A op\u00e7\u00e3o inteligente para a sua casa.\" \/>\n<meta property=\"og:url\" content=\"https:\/\/www.haegergroup.com\/es\/producto\/arcon-congelador-haeger-400-chest-380l-clase-e\/\" \/>\n<meta property=\"og:site_name\" content=\"H\u00c6GER Eletrodom\u00e9sticos\" \/>\n<meta property=\"article:modified_time\" content=\"2023-03-27T11:07:23+00:00\" \/>\n<meta property=\"og:image\" content=\"https:\/\/www.haegergroup.com\/wp-content\/uploads\/CF-400.015A_3-1.jpg\" \/>\n\t<meta property=\"og:image:width\" content=\"1200\" \/>\n\t<meta property=\"og:image:height\" content=\"1200\" \/>\n\t<meta property=\"og:image:type\" content=\"image\/jpeg\" \/>\n<meta name=\"twitter:card\" content=\"summary_large_image\" \/>\n<meta name=\"twitter:label1\" content=\"Tiempo de lectura\" \/>\n\t<meta name=\"twitter:data1\" content=\"1 minuto\" \/>\n<script type=\"application\/ld+json\" class=\"yoast-schema-graph\">{\"@context\":\"https:\/\/schema.org\",\"@graph\":[{\"@type\":\"WebPage\",\"@id\":\"https:\/\/www.haegergroup.com\/es\/producto\/arcon-congelador-haeger-400-chest-380l-clase-e\/\",\"url\":\"https:\/\/www.haegergroup.com\/es\/producto\/arcon-congelador-haeger-400-chest-380l-clase-e\/\",\"name\":\"Arc\u00f3n Congelador HAEGER 400 Chest - 380L, Clase E - H\u00c6GER Eletrodom\u00e9sticos\",\"isPartOf\":{\"@id\":\"https:\/\/www.haegergroup.com\/es\/#website\"},\"primaryImageOfPage\":{\"@id\":\"https:\/\/www.haegergroup.com\/es\/producto\/arcon-congelador-haeger-400-chest-380l-clase-e\/#primaryimage\"},\"image\":{\"@id\":\"https:\/\/www.haegergroup.com\/es\/producto\/arcon-congelador-haeger-400-chest-380l-clase-e\/#primaryimage\"},\"thumbnailUrl\":\"https:\/\/www.haegergroup.com\/wp-content\/uploads\/CF-400.015A_3-1.jpg\",\"datePublished\":\"2023-03-27T10:26:35+00:00\",\"dateModified\":\"2023-03-27T11:07:23+00:00\",\"description\":\"Marca de Pequenos Eletrodom\u00e9sticos para a sua cozinha, cuidados pessoais, casa e climatiza\u00e7\u00e3o. A op\u00e7\u00e3o inteligente para a sua casa.\",\"breadcrumb\":{\"@id\":\"https:\/\/www.haegergroup.com\/es\/producto\/arcon-congelador-haeger-400-chest-380l-clase-e\/#breadcrumb\"},\"inLanguage\":\"es\",\"potentialAction\":[{\"@type\":\"ReadAction\",\"target\":[\"https:\/\/www.haegergroup.com\/es\/producto\/arcon-congelador-haeger-400-chest-380l-clase-e\/\"]}]},{\"@type\":\"ImageObject\",\"inLanguage\":\"es\",\"@id\":\"https:\/\/www.haegergroup.com\/es\/producto\/arcon-congelador-haeger-400-chest-380l-clase-e\/#primaryimage\",\"url\":\"https:\/\/www.haegergroup.com\/wp-content\/uploads\/CF-400.015A_3-1.jpg\",\"contentUrl\":\"https:\/\/www.haegergroup.com\/wp-content\/uploads\/CF-400.015A_3-1.jpg\",\"width\":1200,\"height\":1200},{\"@type\":\"BreadcrumbList\",\"@id\":\"https:\/\/www.haegergroup.com\/es\/producto\/arcon-congelador-haeger-400-chest-380l-clase-e\/#breadcrumb\",\"itemListElement\":[{\"@type\":\"ListItem\",\"position\":1,\"name\":\"Portada\",\"item\":\"https:\/\/www.haegergroup.com\/es\/\"},{\"@type\":\"ListItem\",\"position\":2,\"name\":\"Productos\",\"item\":\"https:\/\/www.haegergroup.com\/es\/tienda\/\"},{\"@type\":\"ListItem\",\"position\":3,\"name\":\"Arc\u00f3n Congelador HAEGER 400 Chest &#8211; 380L, Clase E\"}]},{\"@type\":\"WebSite\",\"@id\":\"https:\/\/www.haegergroup.com\/es\/#website\",\"url\":\"https:\/\/www.haegergroup.com\/es\/\",\"name\":\"H\u00c6GER Eletrodom\u00e9sticos\",\"description\":\"A escolha inteligente\",\"publisher\":{\"@id\":\"https:\/\/www.haegergroup.com\/es\/#organization\"},\"potentialAction\":[{\"@type\":\"SearchAction\",\"target\":{\"@type\":\"EntryPoint\",\"urlTemplate\":\"https:\/\/www.haegergroup.com\/es\/?s={search_term_string}\"},\"query-input\":{\"@type\":\"PropertyValueSpecification\",\"valueRequired\":true,\"valueName\":\"search_term_string\"}}],\"inLanguage\":\"es\"},{\"@type\":\"Organization\",\"@id\":\"https:\/\/www.haegergroup.com\/es\/#organization\",\"name\":\"Haeger Electrodom\u00e9sticos\",\"url\":\"https:\/\/www.haegergroup.com\/es\/\",\"logo\":{\"@type\":\"ImageObject\",\"inLanguage\":\"es\",\"@id\":\"https:\/\/www.haegergroup.com\/es\/#\/schema\/logo\/image\/\",\"url\":\"https:\/\/www.haegergroup.com\/wp-content\/uploads\/2018\/05\/logo-web-220.png\",\"contentUrl\":\"https:\/\/www.haegergroup.com\/wp-content\/uploads\/2018\/05\/logo-web-220.png\",\"width\":220,\"height\":49,\"caption\":\"Haeger Electrodom\u00e9sticos\"},\"image\":{\"@id\":\"https:\/\/www.haegergroup.com\/es\/#\/schema\/logo\/image\/\"}}]}<\/script>\n<!-- \/ Yoast SEO plugin. -->","yoast_head_json":{"title":"Arc\u00f3n Congelador HAEGER 400 Chest - 380L, Clase E - H\u00c6GER Eletrodom\u00e9sticos","description":"Marca de Pequenos Eletrodom\u00e9sticos para a sua cozinha, cuidados pessoais, casa e climatiza\u00e7\u00e3o. A op\u00e7\u00e3o inteligente para a sua casa.","robots":{"index":"index","follow":"follow","max-snippet":"max-snippet:-1","max-image-preview":"max-image-preview:large","max-video-preview":"max-video-preview:-1"},"canonical":"https:\/\/www.haegergroup.com\/es\/producto\/arcon-congelador-haeger-400-chest-380l-clase-e\/","og_locale":"es_ES","og_type":"article","og_title":"Arc\u00f3n Congelador HAEGER 400 Chest - 380L, Clase E - H\u00c6GER Eletrodom\u00e9sticos","og_description":"Marca de Pequenos Eletrodom\u00e9sticos para a sua cozinha, cuidados pessoais, casa e climatiza\u00e7\u00e3o. A op\u00e7\u00e3o inteligente para a sua casa.","og_url":"https:\/\/www.haegergroup.com\/es\/producto\/arcon-congelador-haeger-400-chest-380l-clase-e\/","og_site_name":"H\u00c6GER Eletrodom\u00e9sticos","article_modified_time":"2023-03-27T11:07:23+00:00","og_image":[{"width":1200,"height":1200,"url":"https:\/\/www.haegergroup.com\/wp-content\/uploads\/CF-400.015A_3-1.jpg","type":"image\/jpeg"}],"twitter_card":"summary_large_image","twitter_misc":{"Tiempo de lectura":"1 minuto"},"schema":{"@context":"https:\/\/schema.org","@graph":[{"@type":"WebPage","@id":"https:\/\/www.haegergroup.com\/es\/producto\/arcon-congelador-haeger-400-chest-380l-clase-e\/","url":"https:\/\/www.haegergroup.com\/es\/producto\/arcon-congelador-haeger-400-chest-380l-clase-e\/","name":"Arc\u00f3n Congelador HAEGER 400 Chest - 380L, Clase E - H\u00c6GER Eletrodom\u00e9sticos","isPartOf":{"@id":"https:\/\/www.haegergroup.com\/es\/#website"},"primaryImageOfPage":{"@id":"https:\/\/www.haegergroup.com\/es\/producto\/arcon-congelador-haeger-400-chest-380l-clase-e\/#primaryimage"},"image":{"@id":"https:\/\/www.haegergroup.com\/es\/producto\/arcon-congelador-haeger-400-chest-380l-clase-e\/#primaryimage"},"thumbnailUrl":"https:\/\/www.haegergroup.com\/wp-content\/uploads\/CF-400.015A_3-1.jpg","datePublished":"2023-03-27T10:26:35+00:00","dateModified":"2023-03-27T11:07:23+00:00","description":"Marca de Pequenos Eletrodom\u00e9sticos para a sua cozinha, cuidados pessoais, casa e climatiza\u00e7\u00e3o. A op\u00e7\u00e3o inteligente para a sua casa.","breadcrumb":{"@id":"https:\/\/www.haegergroup.com\/es\/producto\/arcon-congelador-haeger-400-chest-380l-clase-e\/#breadcrumb"},"inLanguage":"es","potentialAction":[{"@type":"ReadAction","target":["https:\/\/www.haegergroup.com\/es\/producto\/arcon-congelador-haeger-400-chest-380l-clase-e\/"]}]},{"@type":"ImageObject","inLanguage":"es","@id":"https:\/\/www.haegergroup.com\/es\/producto\/arcon-congelador-haeger-400-chest-380l-clase-e\/#primaryimage","url":"https:\/\/www.haegergroup.com\/wp-content\/uploads\/CF-400.015A_3-1.jpg","contentUrl":"https:\/\/www.haegergroup.com\/wp-content\/uploads\/CF-400.015A_3-1.jpg","width":1200,"height":1200},{"@type":"BreadcrumbList","@id":"https:\/\/www.haegergroup.com\/es\/producto\/arcon-congelador-haeger-400-chest-380l-clase-e\/#breadcrumb","itemListElement":[{"@type":"ListItem","position":1,"name":"Portada","item":"https:\/\/www.haegergroup.com\/es\/"},{"@type":"ListItem","position":2,"name":"Productos","item":"https:\/\/www.haegergroup.com\/es\/tienda\/"},{"@type":"ListItem","position":3,"name":"Arc\u00f3n Congelador HAEGER 400 Chest &#8211; 380L, Clase E"}]},{"@type":"WebSite","@id":"https:\/\/www.haegergroup.com\/es\/#website","url":"https:\/\/www.haegergroup.com\/es\/","name":"H\u00c6GER Eletrodom\u00e9sticos","description":"A escolha inteligente","publisher":{"@id":"https:\/\/www.haegergroup.com\/es\/#organization"},"potentialAction":[{"@type":"SearchAction","target":{"@type":"EntryPoint","urlTemplate":"https:\/\/www.haegergroup.com\/es\/?s={search_term_string}"},"query-input":{"@type":"PropertyValueSpecification","valueRequired":true,"valueName":"search_term_string"}}],"inLanguage":"es"},{"@type":"Organization","@id":"https:\/\/www.haegergroup.com\/es\/#organization","name":"Haeger Electrodom\u00e9sticos","url":"https:\/\/www.haegergroup.com\/es\/","logo":{"@type":"ImageObject","inLanguage":"es","@id":"https:\/\/www.haegergroup.com\/es\/#\/schema\/logo\/image\/","url":"https:\/\/www.haegergroup.com\/wp-content\/uploads\/2018\/05\/logo-web-220.png","contentUrl":"https:\/\/www.haegergroup.com\/wp-content\/uploads\/2018\/05\/logo-web-220.png","width":220,"height":49,"caption":"Haeger Electrodom\u00e9sticos"},"image":{"@id":"https:\/\/www.haegergroup.com\/es\/#\/schema\/logo\/image\/"}}]}},"_links":{"self":[{"href":"https:\/\/www.haegergroup.com\/es\/wp-json\/wp\/v2\/product\/34270","targetHints":{"allow":["GET"]}}],"collection":[{"href":"https:\/\/www.haegergroup.com\/es\/wp-json\/wp\/v2\/product"}],"about":[{"href":"https:\/\/www.haegergroup.com\/es\/wp-json\/wp\/v2\/types\/product"}],"wp:featuredmedia":[{"embeddable":true,"href":"https:\/\/www.haegergroup.com\/es\/wp-json\/wp\/v2\/media\/34268"}],"wp:attachment":[{"href":"https:\/\/www.haegergroup.com\/es\/wp-json\/wp\/v2\/media?parent=34270"}],"wp:term":[{"taxonomy":"product_cat","embeddable":true,"href":"https:\/\/www.haegergroup.com\/es\/wp-json\/wp\/v2\/product_cat?post=34270"},{"taxonomy":"product_tag","embeddable":true,"href":"https:\/\/www.haegergroup.com\/es\/wp-json\/wp\/v2\/product_tag?post=34270"}],"curies":[{"name":"wp","href":"https:\/\/api.w.org\/{rel}","templated":true}]}}